{"id":56422,"date":"2022-12-14T09:53:29","date_gmt":"2022-12-14T08:53:29","guid":{"rendered":"http:\/\/lespresdeugenie.com\/legals-notices\/"},"modified":"2026-01-14T16:01:42","modified_gmt":"2026-01-14T15:01:42","slug":"legals-notices","status":"publish","type":"page","link":"https:\/\/lespresdeugenie.com\/en\/legals-notices\/","title":{"rendered":"Legals notices"},"content":{"rendered":"\n<div class=\"wp-block-columns is-layout-flex wp-container-core-columns-is-layout-28f84493 wp-block-columns-is-layout-flex\">\n<div class=\"wp-block-column is-layout-flow wp-block-column-is-layout-flow\" style=\"flex-basis:10%\"><\/div>\n\n\n\n<div class=\"wp-block-column is-layout-flow wp-block-column-is-layout-flow\" style=\"flex-basis:80%\">\n<div class=\"wp-block-columns is-layout-flex wp-container-core-columns-is-layout-28f84493 wp-block-columns-is-layout-flex\">\n<div class=\"wp-block-column is-layout-flow wp-block-column-is-layout-flow\">\n<div style=\"height:50px\" aria-hidden=\"true\" class=\"wp-block-spacer\"><\/div>\n\n\n\n<h1 class=\"wp-block-heading has-text-align-center\">Legal information<\/h1>\n\n\n\n<div style=\"height:50px\" aria-hidden=\"true\" class=\"wp-block-spacer\"><\/div>\n\n\n\n<p><strong>The use of lespresdeugenie.com\/en\/ website assumes total acceptance of these terms and conditions of use.<\/strong><\/p>\n\n\n\n<p>Publication : S.A.S. Compagnie H\u00f4teli\u00e8re Et Fermi\u00e8re d\u2019 Eug\u00e9nie \u2013 Michel Gu\u00e9rard<br>Publication Director : El\u00e9onore Gu\u00e9rard<br>Adress : Les Pr\u00e9s d\u2019Eug\u00e9nie \u2013 Michel Gu\u00e9rard<br>334 Rue Ren\u00e9 Vielle<br>40320 EUGENIE-LES-BAINS<br>FRANCE.<br>Phone :+33558050607<br>E-Mail :reservation@lespreseugenie.com<\/p>\n\n\n\n<div class=\"wp-block-group is-nowrap is-layout-flex wp-container-core-group-is-layout-6c531013 wp-block-group-is-layout-flex\">\n<h2 class=\"wp-block-heading\">AccessiBIlity<\/h2>\n\n\n\n<figure class=\"wp-block-image size-full\"><img decoding=\"async\" width=\"118\" height=\"118\" src=\"https:\/\/lespresdeugenie.com\/wp-content\/uploads\/2023\/07\/image.png\" alt=\"\" class=\"wp-image-65069\" srcset=\"https:\/\/lespresdeugenie.com\/wp-content\/uploads\/2023\/07\/image.png 118w, https:\/\/lespresdeugenie.com\/wp-content\/uploads\/2023\/07\/image-100x100.png 100w\" sizes=\"(max-width: 118px) 100vw, 118px\" \/><\/figure>\n<\/div>\n\n\n\n<p>Les Pr\u00e9s d&#8217;Eug\u00e9nie is accessible to all. Here is a non-exhaustive list of facilities and services for people with disabilities or limited bodily functions :<\/p>\n\n\n\n<ul class=\"wp-block-list\">\n<li><a href=\"https:\/\/lespresdeugenie.com\/en\/room\/de-luxe-rooms\/\">rooms adapted for people with reduced mobility (wheelchairs)<\/a><\/li>\n\n\n\n<li>rooms adapted for people with balance and locomotion problems (please specify when booking)<\/li>\n\n\n\n<li>wheelchair-accessible paths throughout the hotel and grounds<\/li>\n\n\n\n<li>reserved parking spaces<\/li>\n\n\n\n<li>porter assistance for both cars and luggage<\/li>\n\n\n\n<li>guide and assistance dogs allowed (please specify when booking, as some rooms are not pet-friendly)<\/li>\n\n\n\n<li>Medical equipment available on reservation (some equipment will be billed extra)<\/li>\n\n\n\n<li>Help with organizing medical appointments<\/li>\n\n\n\n<li>Our teams have received training in welcoming disabled guests.<\/li>\n\n\n\n<li>Catering for dietary requirements<\/li>\n<\/ul>\n\n\n\n<h2 class=\"wp-block-heading\">Design&nbsp;&amp; Development :<\/h2>\n\n\n\n<p>The website is developed and hosted by NETSIVE :<\/p>\n\n\n\n<p>N\u00b08 Hall 3, Z.I Am Bruch<br>L-3327 &#8211; Crauthem (Luxembourg)<br>Email :&nbsp;<a href=\"mailto:contact@netsive.com\">contact@netsive.com<\/a><br>Tel : +352 27 12 61 74<br><a href=\"https:\/\/netsive.com\" target=\"_blank\" rel=\"noreferrer noopener\">https:\/\/netsive.com<\/a><\/p>\n\n\n\n<p>Photo Credits:<br>Archives CHEFEMG &#8211; C. Mossi\u00e8re &#8211; T. Clinch &#8211; A. Harnie-Cousseau &#8211; C. Sarramon &#8211; F. Pelizzari &#8211;&nbsp;X. Franquet &#8211; R. Grenet &#8211; E. Gu\u00e9rard &#8211; Thuri\u00e8s &#8211; Xavier Boymond &#8211; Bob Noto &#8211; Fotolia.com &#8211;&nbsp;CG64 &#8211;&nbsp;CDT64<\/p>\n\n\n\n<h2 class=\"wp-block-heading\">1 \u2013 Information :<\/h2>\n\n\n\n<p>The information published on the internet site lespresdeugenie.com, including its appearance and characteristics, is not contractually binding.<\/p>\n\n\n\n<p>This information does not, under any circumstances, constitute an assertion, guarantee or any undertaking on the part of lespresdeugenie.com relating to any product or service:&nbsp;lespresdeugenie.com does not accept any responsibility, overt or implicit, for its completeness, accuracy or suitability for any particular purpose.<\/p>\n\n\n\n<p>lespresdeugenie.com has taken all necessary measures to ensure that the information available on its website is correct. However, we do not guarantee in any way that this information is correct, complete and up-to-date.<\/p>\n\n\n\n<p>lespresdeugenie.com gives no guarantee, overt or tacit, regarding all or part of its website. Under no circumstances can lespresdeugenie.com be held responsible for any damage, direct or indirect, of any nature, resulting from the use of its website.<\/p>\n\n\n\n<p>The presence of hypertext links to other sites or resources available on the Internet does not commit lespresdeugenie.com or its host to any responsibility for the accuracy of content offered by the designated sites.<\/p>\n\n\n\n<p>SAS Compagnie H\u00f4teli\u00e8re Et Fermi\u00e8re d\u2019Eug\u00e9nie \u2013 Michel Gu\u00e9rard disclaims all responsibility for the content of sites linked to the lespresdeugenie.com website.<\/p>\n\n\n\n<p>lespresdeugenie.com disclaims all responsibility for the pertinence of information provided and for the use to which any internet user may put such information.<\/p>\n\n\n\n<h2 class=\"wp-block-heading\">2 \u2013 Modifications :<\/h2>\n\n\n\n<p>lespresdeugenie.com reserves the right to modify or correct, at any time and without notice, the contents, of whatever nature, of its internet site.<\/p>\n\n\n\n<h2 class=\"wp-block-heading\">3 \u2013 Contact &amp; Reservation form :<\/h2>\n\n\n\n<p>Information collected from internet users via a contact form is in accordance with the Computer Information and Freedom Law. We inform you that your answers are optional and that the default answer does not lead to any particular outcome. Nevertheless, in certain cases, the information you supply must be sufficient to allow us to reply to you and\/or deal with your requests.<\/p>\n\n\n\n<p>The standard terms and conditions for sales and cancellation relating to on-line reservations or reservation requests are clearly set out in the forms. Internet users may request a copy of the standard terms and conditions for sales. The modalities of on-line reservations require ticking the box \u201cI accept the standard sales terms and conditions\u201d prior to any purchase. The taxes de s\u00e9jours, if any, will be shown on the establishment\u2019s invoice; they are not included in the total cost shown when the reservation is made. The setting of these taxes is out of the control of lespresdeugenie.com.<\/p>\n\n\n\n<h2 class=\"wp-block-heading\">4 \u2013 <strong>Intellectual and industrial property rights<\/strong> :<\/h2>\n\n\n\n<p>The lespresdeugenie.com internet site and its copyright are protected as provided for in the statutory parts of Book I, Parts I and II of the Intellectual Property law.<\/p>\n\n\n\n<p>Consequently, any exploitation of the products including all or part of a lespresdeugenie.com internet site may only be made if written permission has been obtained.<\/p>\n\n\n\n<p>According to common law rights, lespresdeugenie.com can enforce the contractual responsibility of visitors to its site or institute any action for unfair or parasitic competition against those failing to adhere to the clauses in question.<\/p>\n\n\n\n<p>Internet users may not communicate any of the products, including all or part of the lespresdeugenie.com internet site, to third parties, even if there is no legal connection between them, for monetary payment or free of charge, either directly by passing on the original data, or indirectly in the form of a combination of the said data.<\/p>\n\n\n\n<p>Internet users may not alter, reproduce, or adapt any product, including all or part of the lespresdeugenie.com internet site and the data contained therein (including photos). Internet users may not copy by any means whatever, download, market, re-sell, distribute, re-transmit, publish, create an automatic download, in any form whatever, any data available or hosted on the lespresdeugenie.com internet site.<\/p>\n\n\n\n<p>Wrongful appropriation of the right to disseminate will be sanctioned through the regulatory and legislative provisions relating to copyright and to producers\u2019 rights provided for in the Intellectual Property Law.<\/p>\n\n\n\n<h2 class=\"wp-block-heading\">5 \u2013 <strong>Infringement<\/strong> :<\/h2>\n\n\n\n<p>Any reproduction, representation or use, even partial, by any means whatever, carried out without the written consent of SAS Compagnie H\u00f4teli\u00e8re Et Fermi\u00e8re d\u2019Eug\u00e9nie \u2013 Michel Gu\u00e9rard is forbidden and unlawful. Non-respect of this prohibition constitutes infringement leading to the civil and criminal responsibility of the infringer.<\/p>\n\n\n\n<p>Moreover, third party owners of the infringed content, whatever that content may be, can legitimately sue the infringers. This provision also applies to casual internet users.<\/p>\n<\/div>\n<\/div>\n<\/div>\n\n\n\n<div class=\"wp-block-column is-layout-flow wp-block-column-is-layout-flow\" style=\"flex-basis:10%\"><\/div>\n<\/div>\n","protected":false},"excerpt":{"rendered":"<p>Legal information The use of lespresdeugenie.com\/en\/ website assumes total acceptance of these terms and conditions of use. Publication : S.A.S. Compagnie H\u00f4teli\u00e8re Et Fermi\u00e8re d\u2019 Eug\u00e9nie \u2013 Michel Gu\u00e9rardPublication Director : El\u00e9onore Gu\u00e9rardAdress : Les Pr\u00e9s d\u2019Eug\u00e9nie \u2013 Michel Gu\u00e9rard334 Rue Ren\u00e9 Vielle40320 EUGENIE-LES-BAINSFRANCE.Phone :+33558050607E-Mail :reservation@lespreseugenie.com AccessiBIlity Les Pr\u00e9s d&#8217;Eug\u00e9nie is accessible to all. Here [&hellip;]<\/p>\n","protected":false},"author":5,"featured_media":0,"parent":0,"menu_order":0,"comment_status":"open","ping_status":"open","template":"","meta":{"_acf_changed":false,"footnotes":""},"class_list":["post-56422","page","type-page","status-publish","hentry"],"acf":[],"yoast_head":"<!-- This site is optimized with the Yoast SEO plugin v26.7 - https:\/\/yoast.com\/wordpress\/plugins\/seo\/ -->\n<title>Legals notices - Les Pr\u00e9s d&#039;Eug\u00e9nie - Maison Gu\u00e9rard<\/title>\n<meta name=\"description\" content=\"Legals notices Les Pr\u00e9s d&#039;Eug\u00e9nie - Maison Gu\u00e9rard, 5* Palace Relais &amp; Ch\u00e2teaux, gourmet restaurant 3 star Michelin in Eug\u00e9nie-les-bains.\" \/>\n<meta name=\"robots\" content=\"index, follow, max-snippet:-1, max-image-preview:large, max-video-preview:-1\" \/>\n<link rel=\"canonical\" href=\"https:\/\/lespresdeugenie.com\/en\/legals-notices\/\" \/>\n<meta property=\"og:locale\" content=\"en_US\" \/>\n<meta property=\"og:type\" content=\"article\" \/>\n<meta property=\"og:title\" content=\"Legals notices - Les Pr\u00e9s d&#039;Eug\u00e9nie - Maison Gu\u00e9rard\" \/>\n<meta property=\"og:description\" content=\"Legals notices Les Pr\u00e9s d&#039;Eug\u00e9nie - Maison Gu\u00e9rard, 5* Palace Relais &amp; Ch\u00e2teaux, gourmet restaurant 3 star Michelin in Eug\u00e9nie-les-bains.\" \/>\n<meta property=\"og:url\" content=\"https:\/\/lespresdeugenie.com\/en\/legals-notices\/\" \/>\n<meta property=\"og:site_name\" content=\"Les Pr\u00e9s d&#039;Eug\u00e9nie\" \/>\n<meta property=\"article:publisher\" content=\"https:\/\/www.facebook.com\/LesPresdEugenie\/\" \/>\n<meta property=\"article:modified_time\" content=\"2026-01-14T15:01:42+00:00\" \/>\n<meta property=\"og:image\" content=\"https:\/\/lespresdeugenie.com\/wp-content\/uploads\/2023\/07\/image.png\" \/>\n\t<meta property=\"og:image:width\" content=\"118\" \/>\n\t<meta property=\"og:image:height\" content=\"118\" \/>\n\t<meta property=\"og:image:type\" content=\"image\/png\" \/>\n<meta name=\"twitter:card\" content=\"summary_large_image\" \/>\n<meta name=\"twitter:label1\" content=\"Est. reading time\" \/>\n\t<meta name=\"twitter:data1\" content=\"5 minutes\" \/>\n<script type=\"application\/ld+json\" class=\"yoast-schema-graph\">{\"@context\":\"https:\/\/schema.org\",\"@graph\":[{\"@type\":\"WebPage\",\"@id\":\"https:\/\/lespresdeugenie.com\/en\/legals-notices\/\",\"url\":\"https:\/\/lespresdeugenie.com\/en\/legals-notices\/\",\"name\":\"Legals notices - Les Pr\u00e9s d&#039;Eug\u00e9nie - Maison Gu\u00e9rard\",\"isPartOf\":{\"@id\":\"https:\/\/lespresdeugenie.com\/#website\"},\"primaryImageOfPage\":{\"@id\":\"https:\/\/lespresdeugenie.com\/en\/legals-notices\/#primaryimage\"},\"image\":{\"@id\":\"https:\/\/lespresdeugenie.com\/en\/legals-notices\/#primaryimage\"},\"thumbnailUrl\":\"https:\/\/lespresdeugenie.com\/wp-content\/uploads\/2023\/07\/image.png\",\"datePublished\":\"2022-12-14T08:53:29+00:00\",\"dateModified\":\"2026-01-14T15:01:42+00:00\",\"description\":\"Legals notices Les Pr\u00e9s d'Eug\u00e9nie - Maison Gu\u00e9rard, 5* Palace Relais & Ch\u00e2teaux, gourmet restaurant 3 star Michelin in Eug\u00e9nie-les-bains.\",\"breadcrumb\":{\"@id\":\"https:\/\/lespresdeugenie.com\/en\/legals-notices\/#breadcrumb\"},\"inLanguage\":\"en-US\",\"potentialAction\":[{\"@type\":\"ReadAction\",\"target\":[\"https:\/\/lespresdeugenie.com\/en\/legals-notices\/\"]}]},{\"@type\":\"ImageObject\",\"inLanguage\":\"en-US\",\"@id\":\"https:\/\/lespresdeugenie.com\/en\/legals-notices\/#primaryimage\",\"url\":\"https:\/\/lespresdeugenie.com\/wp-content\/uploads\/2023\/07\/image.png\",\"contentUrl\":\"https:\/\/lespresdeugenie.com\/wp-content\/uploads\/2023\/07\/image.png\"},{\"@type\":\"BreadcrumbList\",\"@id\":\"https:\/\/lespresdeugenie.com\/en\/legals-notices\/#breadcrumb\",\"itemListElement\":[{\"@type\":\"ListItem\",\"position\":1,\"name\":\"Home\",\"item\":\"https:\/\/lespresdeugenie.com\/en\/\"},{\"@type\":\"ListItem\",\"position\":2,\"name\":\"Legals notices\"}]},{\"@type\":\"WebSite\",\"@id\":\"https:\/\/lespresdeugenie.com\/#website\",\"url\":\"https:\/\/lespresdeugenie.com\/\",\"name\":\"Les Pr\u00e9s d'Eugenie - Maison Gu\u00e9rard\",\"description\":\"Maison Gu\u00e9rard\",\"publisher\":{\"@id\":\"https:\/\/lespresdeugenie.com\/#organization\"},\"alternateName\":\"LPDE\",\"potentialAction\":[{\"@type\":\"SearchAction\",\"target\":{\"@type\":\"EntryPoint\",\"urlTemplate\":\"https:\/\/lespresdeugenie.com\/?s={search_term_string}\"},\"query-input\":{\"@type\":\"PropertyValueSpecification\",\"valueRequired\":true,\"valueName\":\"search_term_string\"}}],\"inLanguage\":\"en-US\"},{\"@type\":\"Organization\",\"@id\":\"https:\/\/lespresdeugenie.com\/#organization\",\"name\":\"Les Pr\u00e9s d'Eugenie - Maison Gu\u00e9rard\",\"url\":\"https:\/\/lespresdeugenie.com\/\",\"logo\":{\"@type\":\"ImageObject\",\"inLanguage\":\"en-US\",\"@id\":\"https:\/\/lespresdeugenie.com\/#\/schema\/logo\/image\/\",\"url\":\"https:\/\/lespresdeugenie.com\/wp-content\/uploads\/2022\/12\/les-pres-eugenie-logo-1.png\",\"contentUrl\":\"https:\/\/lespresdeugenie.com\/wp-content\/uploads\/2022\/12\/les-pres-eugenie-logo-1.png\",\"width\":269,\"height\":60,\"caption\":\"Les Pr\u00e9s d'Eugenie - Maison Gu\u00e9rard\"},\"image\":{\"@id\":\"https:\/\/lespresdeugenie.com\/#\/schema\/logo\/image\/\"},\"sameAs\":[\"https:\/\/www.facebook.com\/LesPresdEugenie\/\",\"https:\/\/www.instagram.com\/maisons_guerard\/?hl=fr\",\"https:\/\/fr.linkedin.com\/company\/les-pres-d'eugenie\"]}]}<\/script>\n<!-- \/ Yoast SEO plugin. -->","yoast_head_json":{"title":"Legals notices - Les Pr\u00e9s d&#039;Eug\u00e9nie - Maison Gu\u00e9rard","description":"Legals notices Les Pr\u00e9s d'Eug\u00e9nie - Maison Gu\u00e9rard, 5* Palace Relais & Ch\u00e2teaux, gourmet restaurant 3 star Michelin in Eug\u00e9nie-les-bains.","robots":{"index":"index","follow":"follow","max-snippet":"max-snippet:-1","max-image-preview":"max-image-preview:large","max-video-preview":"max-video-preview:-1"},"canonical":"https:\/\/lespresdeugenie.com\/en\/legals-notices\/","og_locale":"en_US","og_type":"article","og_title":"Legals notices - Les Pr\u00e9s d&#039;Eug\u00e9nie - Maison Gu\u00e9rard","og_description":"Legals notices Les Pr\u00e9s d'Eug\u00e9nie - Maison Gu\u00e9rard, 5* Palace Relais & Ch\u00e2teaux, gourmet restaurant 3 star Michelin in Eug\u00e9nie-les-bains.","og_url":"https:\/\/lespresdeugenie.com\/en\/legals-notices\/","og_site_name":"Les Pr\u00e9s d&#039;Eug\u00e9nie","article_publisher":"https:\/\/www.facebook.com\/LesPresdEugenie\/","article_modified_time":"2026-01-14T15:01:42+00:00","og_image":[{"width":118,"height":118,"url":"https:\/\/lespresdeugenie.com\/wp-content\/uploads\/2023\/07\/image.png","type":"image\/png"}],"twitter_card":"summary_large_image","twitter_misc":{"Est. reading time":"5 minutes"},"schema":{"@context":"https:\/\/schema.org","@graph":[{"@type":"WebPage","@id":"https:\/\/lespresdeugenie.com\/en\/legals-notices\/","url":"https:\/\/lespresdeugenie.com\/en\/legals-notices\/","name":"Legals notices - Les Pr\u00e9s d&#039;Eug\u00e9nie - Maison Gu\u00e9rard","isPartOf":{"@id":"https:\/\/lespresdeugenie.com\/#website"},"primaryImageOfPage":{"@id":"https:\/\/lespresdeugenie.com\/en\/legals-notices\/#primaryimage"},"image":{"@id":"https:\/\/lespresdeugenie.com\/en\/legals-notices\/#primaryimage"},"thumbnailUrl":"https:\/\/lespresdeugenie.com\/wp-content\/uploads\/2023\/07\/image.png","datePublished":"2022-12-14T08:53:29+00:00","dateModified":"2026-01-14T15:01:42+00:00","description":"Legals notices Les Pr\u00e9s d'Eug\u00e9nie - Maison Gu\u00e9rard, 5* Palace Relais & Ch\u00e2teaux, gourmet restaurant 3 star Michelin in Eug\u00e9nie-les-bains.","breadcrumb":{"@id":"https:\/\/lespresdeugenie.com\/en\/legals-notices\/#breadcrumb"},"inLanguage":"en-US","potentialAction":[{"@type":"ReadAction","target":["https:\/\/lespresdeugenie.com\/en\/legals-notices\/"]}]},{"@type":"ImageObject","inLanguage":"en-US","@id":"https:\/\/lespresdeugenie.com\/en\/legals-notices\/#primaryimage","url":"https:\/\/lespresdeugenie.com\/wp-content\/uploads\/2023\/07\/image.png","contentUrl":"https:\/\/lespresdeugenie.com\/wp-content\/uploads\/2023\/07\/image.png"},{"@type":"BreadcrumbList","@id":"https:\/\/lespresdeugenie.com\/en\/legals-notices\/#breadcrumb","itemListElement":[{"@type":"ListItem","position":1,"name":"Home","item":"https:\/\/lespresdeugenie.com\/en\/"},{"@type":"ListItem","position":2,"name":"Legals notices"}]},{"@type":"WebSite","@id":"https:\/\/lespresdeugenie.com\/#website","url":"https:\/\/lespresdeugenie.com\/","name":"Les Pr\u00e9s d'Eugenie - Maison Gu\u00e9rard","description":"Maison Gu\u00e9rard","publisher":{"@id":"https:\/\/lespresdeugenie.com\/#organization"},"alternateName":"LPDE","potentialAction":[{"@type":"SearchAction","target":{"@type":"EntryPoint","urlTemplate":"https:\/\/lespresdeugenie.com\/?s={search_term_string}"},"query-input":{"@type":"PropertyValueSpecification","valueRequired":true,"valueName":"search_term_string"}}],"inLanguage":"en-US"},{"@type":"Organization","@id":"https:\/\/lespresdeugenie.com\/#organization","name":"Les Pr\u00e9s d'Eugenie - Maison Gu\u00e9rard","url":"https:\/\/lespresdeugenie.com\/","logo":{"@type":"ImageObject","inLanguage":"en-US","@id":"https:\/\/lespresdeugenie.com\/#\/schema\/logo\/image\/","url":"https:\/\/lespresdeugenie.com\/wp-content\/uploads\/2022\/12\/les-pres-eugenie-logo-1.png","contentUrl":"https:\/\/lespresdeugenie.com\/wp-content\/uploads\/2022\/12\/les-pres-eugenie-logo-1.png","width":269,"height":60,"caption":"Les Pr\u00e9s d'Eugenie - Maison Gu\u00e9rard"},"image":{"@id":"https:\/\/lespresdeugenie.com\/#\/schema\/logo\/image\/"},"sameAs":["https:\/\/www.facebook.com\/LesPresdEugenie\/","https:\/\/www.instagram.com\/maisons_guerard\/?hl=fr","https:\/\/fr.linkedin.com\/company\/les-pres-d'eugenie"]}]}},"_links":{"self":[{"href":"https:\/\/lespresdeugenie.com\/en\/wp-json\/wp\/v2\/pages\/56422","targetHints":{"allow":["GET"]}}],"collection":[{"href":"https:\/\/lespresdeugenie.com\/en\/wp-json\/wp\/v2\/pages"}],"about":[{"href":"https:\/\/lespresdeugenie.com\/en\/wp-json\/wp\/v2\/types\/page"}],"author":[{"embeddable":true,"href":"https:\/\/lespresdeugenie.com\/en\/wp-json\/wp\/v2\/users\/5"}],"replies":[{"embeddable":true,"href":"https:\/\/lespresdeugenie.com\/en\/wp-json\/wp\/v2\/comments?post=56422"}],"version-history":[{"count":2,"href":"https:\/\/lespresdeugenie.com\/en\/wp-json\/wp\/v2\/pages\/56422\/revisions"}],"predecessor-version":[{"id":111893,"href":"https:\/\/lespresdeugenie.com\/en\/wp-json\/wp\/v2\/pages\/56422\/revisions\/111893"}],"wp:attachment":[{"href":"https:\/\/lespresdeugenie.com\/en\/wp-json\/wp\/v2\/media?parent=56422"}],"curies":[{"name":"wp","href":"https:\/\/api.w.org\/{rel}","templated":true}]}}