{"id":56426,"date":"2022-12-14T09:53:29","date_gmt":"2022-12-14T08:53:29","guid":{"rendered":"http:\/\/lespresdeugenie.com\/healthy-slimming-cuisine\/"},"modified":"2023-03-16T14:02:34","modified_gmt":"2023-03-16T13:02:34","slug":"healthy-slimming-cuisine","status":"publish","type":"page","link":"https:\/\/lespresdeugenie.com\/en\/dining\/healthy-slimming-cuisine\/","title":{"rendered":"Healthy &amp; Slimming Cuisine"},"content":{"rendered":"\n<div class=\"wp-block-cover is-light has-custom-content-position is-position-bottom-center\" style=\"min-height:750px;aspect-ratio:unset;\"><span aria-hidden=\"true\" class=\"wp-block-cover__background has-background-dim-20 has-background-dim\"><\/span><img decoding=\"async\" width=\"2500\" height=\"1918\" src=\"https:\/\/lespresdeugenie.com\/wp-content\/uploads\/2018\/10\/grande-cuisine-minceur-guerard-pres-eugenie-sorbet-sud-ouest.jpg\" class=\"wp-block-cover__image-background wp-post-image\" alt=\"\" data-object-fit=\"cover\" srcset=\"https:\/\/lespresdeugenie.com\/wp-content\/uploads\/2018\/10\/grande-cuisine-minceur-guerard-pres-eugenie-sorbet-sud-ouest.jpg 2500w, https:\/\/lespresdeugenie.com\/wp-content\/uploads\/2018\/10\/grande-cuisine-minceur-guerard-pres-eugenie-sorbet-sud-ouest-300x230.jpg 300w, https:\/\/lespresdeugenie.com\/wp-content\/uploads\/2018\/10\/grande-cuisine-minceur-guerard-pres-eugenie-sorbet-sud-ouest-768x589.jpg 768w, https:\/\/lespresdeugenie.com\/wp-content\/uploads\/2018\/10\/grande-cuisine-minceur-guerard-pres-eugenie-sorbet-sud-ouest-1024x786.jpg 1024w, https:\/\/lespresdeugenie.com\/wp-content\/uploads\/2018\/10\/grande-cuisine-minceur-guerard-pres-eugenie-sorbet-sud-ouest-1000x767.jpg 1000w, https:\/\/lespresdeugenie.com\/wp-content\/uploads\/2018\/10\/grande-cuisine-minceur-guerard-pres-eugenie-sorbet-sud-ouest-100x77.jpg 100w\" sizes=\"(max-width: 2500px) 100vw, 2500px\" \/><div class=\"wp-block-cover__inner-container is-layout-flow wp-block-cover-is-layout-flow\">\n<div class=\"wp-block-group has-white-background-color has-background is-layout-constrained wp-block-group-is-layout-constrained\">\n<h1 class=\"has-text-align-center wp-block-heading\">HEALTHY &amp; SLIMMING CUISINE<\/h1>\n<\/div>\n<\/div><\/div>\n\n\n\n<div style=\"height:100px\" aria-hidden=\"true\" class=\"wp-block-spacer\"><\/div>\n\n\n\n<div class=\"wp-block-columns are-vertically-aligned-center is-layout-flex wp-container-core-columns-is-layout-28f84493 wp-block-columns-is-layout-flex\">\n<div class=\"wp-block-column is-vertically-aligned-center is-layout-flow wp-block-column-is-layout-flow\" style=\"flex-basis:10%\"><\/div>\n\n\n\n<div class=\"wp-block-column is-vertically-aligned-center is-layout-flow wp-block-column-is-layout-flow\" style=\"flex-basis:40%\">\n<figure class=\"wp-block-image size-full\"><img decoding=\"async\" width=\"1000\" height=\"600\" src=\"http:\/\/lespresdeugenie.com\/wp-content\/uploads\/2018\/10\/cuisine-restaurant-michelin-minceur-michel-guerard.jpg\" alt=\"\" class=\"wp-image-2133\" srcset=\"https:\/\/lespresdeugenie.com\/wp-content\/uploads\/2018\/10\/cuisine-restaurant-michelin-minceur-michel-guerard.jpg 1000w, https:\/\/lespresdeugenie.com\/wp-content\/uploads\/2018\/10\/cuisine-restaurant-michelin-minceur-michel-guerard-300x180.jpg 300w, https:\/\/lespresdeugenie.com\/wp-content\/uploads\/2018\/10\/cuisine-restaurant-michelin-minceur-michel-guerard-768x461.jpg 768w, https:\/\/lespresdeugenie.com\/wp-content\/uploads\/2018\/10\/cuisine-restaurant-michelin-minceur-michel-guerard-100x60.jpg 100w\" sizes=\"(max-width: 1000px) 100vw, 1000px\" \/><\/figure>\n<\/div>\n\n\n\n<div class=\"wp-block-column is-vertically-aligned-center is-layout-flow wp-block-column-is-layout-flow\" style=\"flex-basis:40%\">\n<figure class=\"wp-block-pullquote\"><blockquote><p>MICHEL GU\u00c9RARD IS A PIONEERING CHEF WHO STARTED LAYING THE FOUNDATIONS FOR THIS CULINARY AND DIETETIC MAGIC AS FAR BACK AS 1975.<\/p><\/blockquote><\/figure>\n<\/div>\n\n\n\n<div class=\"wp-block-column is-vertically-aligned-center is-layout-flow wp-block-column-is-layout-flow\" style=\"flex-basis:10%\"><\/div>\n<\/div>\n\n\n\n<div class=\"wp-block-columns is-layout-flex wp-container-core-columns-is-layout-28f84493 wp-block-columns-is-layout-flex\">\n<div class=\"wp-block-column is-layout-flow wp-block-column-is-layout-flow\" style=\"flex-basis:10%\"><\/div>\n\n\n\n<div class=\"wp-block-column is-layout-flow wp-block-column-is-layout-flow\" style=\"flex-basis:80%\">\n<p><strong>Healthy, respectful of Nature, exploring French tradition flavours as well as exotics charms<\/strong>\u2026 Let yourself be amazed by this delicious and finely balanced Cuisine.<\/p>\n\n\n\n<p><strong>The Slimming Cuisine was created in 1975 by Michel Gu\u00e9rard<\/strong>, a true pioneer who laid foundations of this culinary and dietetic magic and made it evolve ever since.<\/p>\n<\/div>\n\n\n\n<div class=\"wp-block-column is-layout-flow wp-block-column-is-layout-flow\" style=\"flex-basis:10%\"><\/div>\n<\/div>\n\n\n\n  <ul id=\"Galleryblock_341face12fac768f6607b2ee2568012e\" class=\"gallery\">\n                <li class=\"image\" data-desc=\"\" data-image=\"https:\/\/lespresdeugenie.com\/wp-content\/uploads\/2018\/10\/cuisine-restaurant-michelin-minceur-michel-guerard.jpg\">\n        <img decoding=\"async\" style=\"pointer-events: none;\" src=\"https:\/\/lespresdeugenie.com\/wp-content\/uploads\/2018\/10\/cuisine-restaurant-michelin-minceur-michel-guerard.jpg\" alt=\"\" \/>\n      <\/li>\n                    <li class=\"image\" data-desc=\"\" data-image=\"https:\/\/lespresdeugenie.com\/wp-content\/uploads\/2018\/10\/grande-cuisine-minceur-cure-gastronomie-guerard-soupe.jpg\">\n        <img decoding=\"async\" style=\"pointer-events: none;\" src=\"https:\/\/lespresdeugenie.com\/wp-content\/uploads\/2018\/10\/grande-cuisine-minceur-cure-gastronomie-guerard-soupe-852x1024.jpg\" alt=\"\" \/>\n      <\/li>\n                    <li class=\"image\" data-desc=\"\" data-image=\"https:\/\/lespresdeugenie.com\/wp-content\/uploads\/2018\/10\/cuisine-minceur-cure-eugenie-bain-nouvelle-aquitaine.jpg\">\n        <img decoding=\"async\" style=\"pointer-events: none;\" src=\"https:\/\/lespresdeugenie.com\/wp-content\/uploads\/2018\/10\/cuisine-minceur-cure-eugenie-bain-nouvelle-aquitaine.jpg\" alt=\"\" \/>\n      <\/li>\n                    <li class=\"image\" data-desc=\"\" data-image=\"https:\/\/lespresdeugenie.com\/wp-content\/uploads\/2018\/10\/eugenie_minceur_repas-michel-gastronomique-regime.jpg\">\n        <img decoding=\"async\" style=\"pointer-events: none;\" src=\"https:\/\/lespresdeugenie.com\/wp-content\/uploads\/2018\/10\/eugenie_minceur_repas-michel-gastronomique-regime.jpg\" alt=\"\" \/>\n      <\/li>\n          <\/ul>\n\n\n\n\n<style>\n\nul.gallery{\n  display: flex;\n  flex-direction: row;\n  flex-wrap: wrap;\n  flex: 0 0 100%;\n  padding: 0;\n}\nul.gallery li{\n  display: flex;\n  flex: 1;\n  height: 22vw;\n}\nul.gallery li img,\nul.gallery li video{\n  width: 100%;\n  height: 100%;\n  object-fit: cover;\n  object-position: center;\n}\n\n.nsGallery {\n  position: fixed;\n  width: 100%;\n  height: 100%;\n  top: 0;\n  display: none;\n  background: #7f8c8d;\n  perspective: 1000;\n  visibility: hidden;\n}\n\n.filter {\n  position: absolute;\n  width: 100%;\n  height: 100%;\n  filter: blur(20px);\n  -webkit-filter: blur(20px);\n  opacity: 0.5;\n  background-position: center;\n  background-size: cover;\n}\n\n.nsGallery img, .nsGallery > video:not(.video-decor) {\n  position: absolute;\n  top: 50%;\n  left: 50%;\n  transform: translate(-50%, -50%) rotateY(0deg);\n  max-height: 95vh;\n  max-width: calc(95vw - 100px);\n  transition: 0.8s cubic-bezier(0.7, 0, 0.4, 1);\n  transform-style: preserve-3d;\n  pointer-events: none;\n}\n.video-decor{\n  position: absolute;\n  width: 100%;\n  height: 100%;\n  filter: blur(20px);\n  -webkit-filter: blur(20px);\n  object-fit: cover;\n  z-index: -1;\n}\n\n\n.desc {\n  font-size: 20px;\n  position: absolute;\n  bottom: 0;\n  padding: 25px;\n  background: rgba(0,0,0,0.4);\n  width: 100%;\n  text-align: center;\n  color: #ffffff;\n  z-index: 999;\n}\n\n.desc:empty{\n  display: none;\n}\n\n\n<\/style>\n\n\n\n<div style=\"height:50px\" aria-hidden=\"true\" class=\"wp-block-spacer\"><\/div>\n\n\n\n<div class=\"wp-block-columns is-layout-flex wp-container-core-columns-is-layout-28f84493 wp-block-columns-is-layout-flex\">\n<div class=\"wp-block-column is-layout-flow wp-block-column-is-layout-flow\" style=\"flex-basis:10%\"><\/div>\n\n\n\n<div class=\"wp-block-column is-layout-flow wp-block-column-is-layout-flow\" style=\"flex-basis:80%\">\n<h3 class=\"wp-block-heading\">Slimming Cuisine<\/h3>\n\n\n\n<p>Here are its basic principles :<\/p>\n\n\n\n<p><\/p>\n\n\n\n<ol class=\"wp-block-list\">\n<li><strong>Quality of products<\/strong>&nbsp;(vegetable and fruits from Eug\u00e9nie\u2019s local producers,&nbsp; Landes poultry, Chalosse beef, Fish from Saint-Jeant-de-Luz \u2026).&nbsp;<strong>Most of these are organically produced or coming from local producers with high environmental value.&nbsp;<\/strong><\/li>\n\n\n\n<li><strong>A reasonable daily calory count<\/strong> : between 1 400 and 1 500 daily calories including breakfast, lunch and dinner.<\/li>\n\n\n\n<li><strong>Perfect balance<\/strong> between animal and plant proteins, complex carbohydrates, unaltered fatty acids and fibers, vitamins and trace elements.<\/li>\n\n\n\n<li><strong>Delight of an outstanding meal <\/strong>included dessert !<\/li>\n<\/ol>\n\n\n\n<p>Few guilt-free recipes to taste in Eug\u00e9nie :<\/p>\n\n\n\n<ul class=\"wp-block-list\">\n<li><strong>starters :<\/strong> spring rolls with crunchy vegetables, warm thin tart with Madiran mushrooms, zephyr of carrots with herbs, warm \u201cThai\u201d chicken salad, sea bream ceviche with mangoes, poached farm egg dressed in green \u2026<\/li>\n\n\n\n<li><strong>main :<\/strong> champvallon lamb with thyme, creamy risotto of vegetables with shrimps, sea bass ceviche with mango, pigeonneau grill\u00e9 sur la braise en cerfeuillade, cassoulet sans p\u00e9ch\u00e9 d\u2019Eug\u00e9nie, poissons de roche fa\u00e7on bouillabaisse, filet de boeuf grill\u00e9 b\u00e9arnaise \u201cl\u00e9g\u00e9rissime\u201d, risotto au potimaron et champignons sauvages, tron\u00e7on de saint-pierre au vadouvan \u2026<\/li>\n\n\n\n<li><strong>dessert :<\/strong> Paris-Brest with chicory, \u00e9clair moelleux au caf\u00e9, \u00eele flottante \u00e0 la verveine d\u2019Eug\u00e9nie, tiramisu aux framboises, poire belle-h\u00e9l\u00e8ne, pamplemousse r\u00f4ti glace aux amandes \u2026<\/li>\n<\/ul>\n\n\n\n<h3 class=\"wp-block-heading\">Information &amp; Booking<\/h3>\n\n\n\n<p>Our Slimming menus change every day, both for lunch and for dinner.<br>They include a starter, a main course and a dessert, never counting more than 600 calories.<\/p>\n\n\n\n<p>Slimming Menu of the Day : 65 \u20ac (excluding drinks)<br>Slimming Cuisine is served everyday for lunch and dinner, on prior reservation.<\/p>\n\n\n\n<div class=\"wp-block-buttons is-layout-flex wp-block-buttons-is-layout-flex\">\n<div class=\"wp-block-button is-style-outline is-style-outline--1\"><a class=\"wp-block-button__link wp-element-button\" href=\"mailto:reservation@lespresdeugenie.com\">Send an e-mail<\/a><\/div>\n\n\n\n<div class=\"wp-block-button is-style-outline is-style-outline--2\"><a class=\"wp-block-button__link wp-element-button\" href=\"tel:+330558050607\">Call us<\/a><\/div>\n<\/div>\n<\/div>\n\n\n\n<div class=\"wp-block-column is-layout-flow wp-block-column-is-layout-flow\" style=\"flex-basis:10%\"><\/div>\n<\/div>\n","protected":false},"excerpt":{"rendered":"<p>MICHEL GU\u00c9RARD IS A PIONEERING CHEF WHO STARTED LAYING THE FOUNDATIONS FOR THIS CULINARY AND DIETETIC MAGIC AS FAR BACK AS 1975. Healthy, respectful of Nature, exploring French tradition flavours as well as exotics charms\u2026 Let yourself be amazed by this delicious and finely balanced Cuisine. The Slimming Cuisine was created in 1975 by Michel [&hellip;]<\/p>\n","protected":false},"author":5,"featured_media":2128,"parent":56424,"menu_order":0,"comment_status":"open","ping_status":"open","template":"","meta":{"_acf_changed":false,"footnotes":""},"class_list":["post-56426","page","type-page","status-publish","has-post-thumbnail","hentry"],"acf":[],"yoast_head":"<!-- This site is optimized with the Yoast SEO plugin v26.7 - https:\/\/yoast.com\/wordpress\/plugins\/seo\/ -->\n<title>Healthy &amp; Slimming Cuisine - Les Pr\u00e9s d&#039;Eug\u00e9nie - Maison Gu\u00e9rard<\/title>\n<meta name=\"description\" content=\"Enjoy the Great Slimming Cuisine founded by Michel Gu\u00e9rard. Discover our menus Healthy &amp; Slimming Cuisine, book your table at Pr\u00e9s d&#039;Eug\u00e9nie ...\" \/>\n<meta name=\"robots\" content=\"index, follow, max-snippet:-1, max-image-preview:large, max-video-preview:-1\" \/>\n<link rel=\"canonical\" href=\"https:\/\/lespresdeugenie.com\/en\/dining\/healthy-slimming-cuisine\/\" \/>\n<meta property=\"og:locale\" content=\"en_US\" \/>\n<meta property=\"og:type\" content=\"article\" \/>\n<meta property=\"og:title\" content=\"Healthy &amp; Slimming Cuisine - Les Pr\u00e9s d&#039;Eug\u00e9nie - Maison Gu\u00e9rard\" \/>\n<meta property=\"og:description\" content=\"Enjoy the Great Slimming Cuisine founded by Michel Gu\u00e9rard. Discover our menus Healthy &amp; Slimming Cuisine, book your table at Pr\u00e9s d&#039;Eug\u00e9nie ...\" \/>\n<meta property=\"og:url\" content=\"https:\/\/lespresdeugenie.com\/en\/dining\/healthy-slimming-cuisine\/\" \/>\n<meta property=\"og:site_name\" content=\"Les Pr\u00e9s d&#039;Eug\u00e9nie\" \/>\n<meta property=\"article:publisher\" content=\"https:\/\/www.facebook.com\/LesPresdEugenie\/\" \/>\n<meta property=\"article:modified_time\" content=\"2023-03-16T13:02:34+00:00\" \/>\n<meta property=\"og:image\" content=\"https:\/\/lespresdeugenie.com\/wp-content\/uploads\/2018\/10\/grande-cuisine-minceur-guerard-pres-eugenie-sorbet-sud-ouest.jpg\" \/>\n\t<meta property=\"og:image:width\" content=\"2500\" \/>\n\t<meta property=\"og:image:height\" content=\"1918\" \/>\n\t<meta property=\"og:image:type\" content=\"image\/jpeg\" \/>\n<meta name=\"twitter:card\" content=\"summary_large_image\" \/>\n<meta name=\"twitter:label1\" content=\"Est. reading time\" \/>\n\t<meta name=\"twitter:data1\" content=\"2 minutes\" \/>\n<script type=\"application\/ld+json\" class=\"yoast-schema-graph\">{\"@context\":\"https:\/\/schema.org\",\"@graph\":[{\"@type\":\"WebPage\",\"@id\":\"https:\/\/lespresdeugenie.com\/en\/dining\/healthy-slimming-cuisine\/\",\"url\":\"https:\/\/lespresdeugenie.com\/en\/dining\/healthy-slimming-cuisine\/\",\"name\":\"Healthy &amp; Slimming Cuisine - Les Pr\u00e9s d&#039;Eug\u00e9nie - Maison Gu\u00e9rard\",\"isPartOf\":{\"@id\":\"https:\/\/lespresdeugenie.com\/#website\"},\"primaryImageOfPage\":{\"@id\":\"https:\/\/lespresdeugenie.com\/en\/dining\/healthy-slimming-cuisine\/#primaryimage\"},\"image\":{\"@id\":\"https:\/\/lespresdeugenie.com\/en\/dining\/healthy-slimming-cuisine\/#primaryimage\"},\"thumbnailUrl\":\"https:\/\/lespresdeugenie.com\/wp-content\/uploads\/2018\/10\/grande-cuisine-minceur-guerard-pres-eugenie-sorbet-sud-ouest.jpg\",\"datePublished\":\"2022-12-14T08:53:29+00:00\",\"dateModified\":\"2023-03-16T13:02:34+00:00\",\"description\":\"Enjoy the Great Slimming Cuisine founded by Michel Gu\u00e9rard. Discover our menus Healthy & Slimming Cuisine, book your table at Pr\u00e9s d'Eug\u00e9nie ...\",\"breadcrumb\":{\"@id\":\"https:\/\/lespresdeugenie.com\/en\/dining\/healthy-slimming-cuisine\/#breadcrumb\"},\"inLanguage\":\"en-US\",\"potentialAction\":[{\"@type\":\"ReadAction\",\"target\":[\"https:\/\/lespresdeugenie.com\/en\/dining\/healthy-slimming-cuisine\/\"]}]},{\"@type\":\"ImageObject\",\"inLanguage\":\"en-US\",\"@id\":\"https:\/\/lespresdeugenie.com\/en\/dining\/healthy-slimming-cuisine\/#primaryimage\",\"url\":\"https:\/\/lespresdeugenie.com\/wp-content\/uploads\/2018\/10\/grande-cuisine-minceur-guerard-pres-eugenie-sorbet-sud-ouest.jpg\",\"contentUrl\":\"https:\/\/lespresdeugenie.com\/wp-content\/uploads\/2018\/10\/grande-cuisine-minceur-guerard-pres-eugenie-sorbet-sud-ouest.jpg\",\"width\":2500,\"height\":1918},{\"@type\":\"BreadcrumbList\",\"@id\":\"https:\/\/lespresdeugenie.com\/en\/dining\/healthy-slimming-cuisine\/#breadcrumb\",\"itemListElement\":[{\"@type\":\"ListItem\",\"position\":1,\"name\":\"Home\",\"item\":\"https:\/\/lespresdeugenie.com\/en\/\"},{\"@type\":\"ListItem\",\"position\":2,\"name\":\"Dining\",\"item\":\"https:\/\/lespresdeugenie.com\/en\/dining\/\"},{\"@type\":\"ListItem\",\"position\":3,\"name\":\"Healthy &amp; Slimming Cuisine\"}]},{\"@type\":\"WebSite\",\"@id\":\"https:\/\/lespresdeugenie.com\/#website\",\"url\":\"https:\/\/lespresdeugenie.com\/\",\"name\":\"Les Pr\u00e9s d'Eugenie - Maison Gu\u00e9rard\",\"description\":\"Maison Gu\u00e9rard\",\"publisher\":{\"@id\":\"https:\/\/lespresdeugenie.com\/#organization\"},\"alternateName\":\"LPDE\",\"potentialAction\":[{\"@type\":\"SearchAction\",\"target\":{\"@type\":\"EntryPoint\",\"urlTemplate\":\"https:\/\/lespresdeugenie.com\/?s={search_term_string}\"},\"query-input\":{\"@type\":\"PropertyValueSpecification\",\"valueRequired\":true,\"valueName\":\"search_term_string\"}}],\"inLanguage\":\"en-US\"},{\"@type\":\"Organization\",\"@id\":\"https:\/\/lespresdeugenie.com\/#organization\",\"name\":\"Les Pr\u00e9s d'Eugenie - Maison Gu\u00e9rard\",\"url\":\"https:\/\/lespresdeugenie.com\/\",\"logo\":{\"@type\":\"ImageObject\",\"inLanguage\":\"en-US\",\"@id\":\"https:\/\/lespresdeugenie.com\/#\/schema\/logo\/image\/\",\"url\":\"https:\/\/lespresdeugenie.com\/wp-content\/uploads\/2022\/12\/les-pres-eugenie-logo-1.png\",\"contentUrl\":\"https:\/\/lespresdeugenie.com\/wp-content\/uploads\/2022\/12\/les-pres-eugenie-logo-1.png\",\"width\":269,\"height\":60,\"caption\":\"Les Pr\u00e9s d'Eugenie - Maison Gu\u00e9rard\"},\"image\":{\"@id\":\"https:\/\/lespresdeugenie.com\/#\/schema\/logo\/image\/\"},\"sameAs\":[\"https:\/\/www.facebook.com\/LesPresdEugenie\/\",\"https:\/\/www.instagram.com\/maisons_guerard\/?hl=fr\",\"https:\/\/fr.linkedin.com\/company\/les-pres-d'eugenie\"]}]}<\/script>\n<!-- \/ Yoast SEO plugin. -->","yoast_head_json":{"title":"Healthy &amp; Slimming Cuisine - Les Pr\u00e9s d&#039;Eug\u00e9nie - Maison Gu\u00e9rard","description":"Enjoy the Great Slimming Cuisine founded by Michel Gu\u00e9rard. Discover our menus Healthy & Slimming Cuisine, book your table at Pr\u00e9s d'Eug\u00e9nie ...","robots":{"index":"index","follow":"follow","max-snippet":"max-snippet:-1","max-image-preview":"max-image-preview:large","max-video-preview":"max-video-preview:-1"},"canonical":"https:\/\/lespresdeugenie.com\/en\/dining\/healthy-slimming-cuisine\/","og_locale":"en_US","og_type":"article","og_title":"Healthy &amp; Slimming Cuisine - Les Pr\u00e9s d&#039;Eug\u00e9nie - Maison Gu\u00e9rard","og_description":"Enjoy the Great Slimming Cuisine founded by Michel Gu\u00e9rard. Discover our menus Healthy & Slimming Cuisine, book your table at Pr\u00e9s d'Eug\u00e9nie ...","og_url":"https:\/\/lespresdeugenie.com\/en\/dining\/healthy-slimming-cuisine\/","og_site_name":"Les Pr\u00e9s d&#039;Eug\u00e9nie","article_publisher":"https:\/\/www.facebook.com\/LesPresdEugenie\/","article_modified_time":"2023-03-16T13:02:34+00:00","og_image":[{"width":2500,"height":1918,"url":"https:\/\/lespresdeugenie.com\/wp-content\/uploads\/2018\/10\/grande-cuisine-minceur-guerard-pres-eugenie-sorbet-sud-ouest.jpg","type":"image\/jpeg"}],"twitter_card":"summary_large_image","twitter_misc":{"Est. reading time":"2 minutes"},"schema":{"@context":"https:\/\/schema.org","@graph":[{"@type":"WebPage","@id":"https:\/\/lespresdeugenie.com\/en\/dining\/healthy-slimming-cuisine\/","url":"https:\/\/lespresdeugenie.com\/en\/dining\/healthy-slimming-cuisine\/","name":"Healthy &amp; Slimming Cuisine - Les Pr\u00e9s d&#039;Eug\u00e9nie - Maison Gu\u00e9rard","isPartOf":{"@id":"https:\/\/lespresdeugenie.com\/#website"},"primaryImageOfPage":{"@id":"https:\/\/lespresdeugenie.com\/en\/dining\/healthy-slimming-cuisine\/#primaryimage"},"image":{"@id":"https:\/\/lespresdeugenie.com\/en\/dining\/healthy-slimming-cuisine\/#primaryimage"},"thumbnailUrl":"https:\/\/lespresdeugenie.com\/wp-content\/uploads\/2018\/10\/grande-cuisine-minceur-guerard-pres-eugenie-sorbet-sud-ouest.jpg","datePublished":"2022-12-14T08:53:29+00:00","dateModified":"2023-03-16T13:02:34+00:00","description":"Enjoy the Great Slimming Cuisine founded by Michel Gu\u00e9rard. Discover our menus Healthy & Slimming Cuisine, book your table at Pr\u00e9s d'Eug\u00e9nie ...","breadcrumb":{"@id":"https:\/\/lespresdeugenie.com\/en\/dining\/healthy-slimming-cuisine\/#breadcrumb"},"inLanguage":"en-US","potentialAction":[{"@type":"ReadAction","target":["https:\/\/lespresdeugenie.com\/en\/dining\/healthy-slimming-cuisine\/"]}]},{"@type":"ImageObject","inLanguage":"en-US","@id":"https:\/\/lespresdeugenie.com\/en\/dining\/healthy-slimming-cuisine\/#primaryimage","url":"https:\/\/lespresdeugenie.com\/wp-content\/uploads\/2018\/10\/grande-cuisine-minceur-guerard-pres-eugenie-sorbet-sud-ouest.jpg","contentUrl":"https:\/\/lespresdeugenie.com\/wp-content\/uploads\/2018\/10\/grande-cuisine-minceur-guerard-pres-eugenie-sorbet-sud-ouest.jpg","width":2500,"height":1918},{"@type":"BreadcrumbList","@id":"https:\/\/lespresdeugenie.com\/en\/dining\/healthy-slimming-cuisine\/#breadcrumb","itemListElement":[{"@type":"ListItem","position":1,"name":"Home","item":"https:\/\/lespresdeugenie.com\/en\/"},{"@type":"ListItem","position":2,"name":"Dining","item":"https:\/\/lespresdeugenie.com\/en\/dining\/"},{"@type":"ListItem","position":3,"name":"Healthy &amp; Slimming Cuisine"}]},{"@type":"WebSite","@id":"https:\/\/lespresdeugenie.com\/#website","url":"https:\/\/lespresdeugenie.com\/","name":"Les Pr\u00e9s d'Eugenie - Maison Gu\u00e9rard","description":"Maison Gu\u00e9rard","publisher":{"@id":"https:\/\/lespresdeugenie.com\/#organization"},"alternateName":"LPDE","potentialAction":[{"@type":"SearchAction","target":{"@type":"EntryPoint","urlTemplate":"https:\/\/lespresdeugenie.com\/?s={search_term_string}"},"query-input":{"@type":"PropertyValueSpecification","valueRequired":true,"valueName":"search_term_string"}}],"inLanguage":"en-US"},{"@type":"Organization","@id":"https:\/\/lespresdeugenie.com\/#organization","name":"Les Pr\u00e9s d'Eugenie - Maison Gu\u00e9rard","url":"https:\/\/lespresdeugenie.com\/","logo":{"@type":"ImageObject","inLanguage":"en-US","@id":"https:\/\/lespresdeugenie.com\/#\/schema\/logo\/image\/","url":"https:\/\/lespresdeugenie.com\/wp-content\/uploads\/2022\/12\/les-pres-eugenie-logo-1.png","contentUrl":"https:\/\/lespresdeugenie.com\/wp-content\/uploads\/2022\/12\/les-pres-eugenie-logo-1.png","width":269,"height":60,"caption":"Les Pr\u00e9s d'Eugenie - Maison Gu\u00e9rard"},"image":{"@id":"https:\/\/lespresdeugenie.com\/#\/schema\/logo\/image\/"},"sameAs":["https:\/\/www.facebook.com\/LesPresdEugenie\/","https:\/\/www.instagram.com\/maisons_guerard\/?hl=fr","https:\/\/fr.linkedin.com\/company\/les-pres-d'eugenie"]}]}},"_links":{"self":[{"href":"https:\/\/lespresdeugenie.com\/en\/wp-json\/wp\/v2\/pages\/56426","targetHints":{"allow":["GET"]}}],"collection":[{"href":"https:\/\/lespresdeugenie.com\/en\/wp-json\/wp\/v2\/pages"}],"about":[{"href":"https:\/\/lespresdeugenie.com\/en\/wp-json\/wp\/v2\/types\/page"}],"author":[{"embeddable":true,"href":"https:\/\/lespresdeugenie.com\/en\/wp-json\/wp\/v2\/users\/5"}],"replies":[{"embeddable":true,"href":"https:\/\/lespresdeugenie.com\/en\/wp-json\/wp\/v2\/comments?post=56426"}],"version-history":[{"count":4,"href":"https:\/\/lespresdeugenie.com\/en\/wp-json\/wp\/v2\/pages\/56426\/revisions"}],"predecessor-version":[{"id":61728,"href":"https:\/\/lespresdeugenie.com\/en\/wp-json\/wp\/v2\/pages\/56426\/revisions\/61728"}],"up":[{"embeddable":true,"href":"https:\/\/lespresdeugenie.com\/en\/wp-json\/wp\/v2\/pages\/56424"}],"wp:featuredmedia":[{"embeddable":true,"href":"https:\/\/lespresdeugenie.com\/en\/wp-json\/wp\/v2\/media\/2128"}],"wp:attachment":[{"href":"https:\/\/lespresdeugenie.com\/en\/wp-json\/wp\/v2\/media?parent=56426"}],"curies":[{"name":"wp","href":"https:\/\/api.w.org\/{rel}","templated":true}]}}