{"id":56427,"date":"2022-12-14T09:53:29","date_gmt":"2022-12-14T08:53:29","guid":{"rendered":"http:\/\/lespresdeugenie.com\/mere-poule-cie-culinary-cafe\/"},"modified":"2026-03-17T13:52:38","modified_gmt":"2026-03-17T12:52:38","slug":"mere-poule-cie-culinary-cafe","status":"publish","type":"page","link":"https:\/\/lespresdeugenie.com\/en\/dining\/mere-poule-cie-culinary-cafe\/","title":{"rendered":"M\u00e8re Poule &amp; Cie &#8211; Culinary Caf\u00e9"},"content":{"rendered":"\n<div class=\"wp-block-cover is-light has-custom-content-position is-position-bottom-center\" style=\"min-height:750px;aspect-ratio:unset;\"><span aria-hidden=\"true\" class=\"wp-block-cover__background has-background-dim-20 has-background-dim\" style=\"background-color:#aa826d\"><\/span><img decoding=\"async\" width=\"1450\" height=\"1098\" src=\"https:\/\/lespresdeugenie.com\/wp-content\/uploads\/2022\/07\/EUG-CAFE-MERE-POULE-VUE-INT-003-INST-MG-CORENTIN-MOSSIERE.jpg\" class=\"wp-block-cover__image-background wp-post-image\" alt=\"\" data-object-fit=\"cover\" srcset=\"https:\/\/lespresdeugenie.com\/wp-content\/uploads\/2022\/07\/EUG-CAFE-MERE-POULE-VUE-INT-003-INST-MG-CORENTIN-MOSSIERE.jpg 1450w, https:\/\/lespresdeugenie.com\/wp-content\/uploads\/2022\/07\/EUG-CAFE-MERE-POULE-VUE-INT-003-INST-MG-CORENTIN-MOSSIERE-300x227.jpg 300w, https:\/\/lespresdeugenie.com\/wp-content\/uploads\/2022\/07\/EUG-CAFE-MERE-POULE-VUE-INT-003-INST-MG-CORENTIN-MOSSIERE-1024x775.jpg 1024w, https:\/\/lespresdeugenie.com\/wp-content\/uploads\/2022\/07\/EUG-CAFE-MERE-POULE-VUE-INT-003-INST-MG-CORENTIN-MOSSIERE-768x582.jpg 768w, https:\/\/lespresdeugenie.com\/wp-content\/uploads\/2022\/07\/EUG-CAFE-MERE-POULE-VUE-INT-003-INST-MG-CORENTIN-MOSSIERE-1000x757.jpg 1000w\" sizes=\"(max-width: 1450px) 100vw, 1450px\" \/><div class=\"wp-block-cover__inner-container is-layout-flow wp-block-cover-is-layout-flow\">\n<div class=\"wp-block-group has-white-background-color has-background is-layout-constrained wp-block-group-is-layout-constrained\">\n<h1 class=\"wp-block-heading has-text-align-center has-black-color has-text-color\">M\u00e8re Poule &amp; Cie<br>Culinary Caf\u00e9<\/h1>\n<\/div>\n<\/div><\/div>\n\n\n\n<div style=\"height:100px\" aria-hidden=\"true\" class=\"wp-block-spacer\"><\/div>\n\n\n\n<div class=\"wp-block-columns are-vertically-aligned-center is-layout-flex wp-container-core-columns-is-layout-28f84493 wp-block-columns-is-layout-flex\">\n<div class=\"wp-block-column is-vertically-aligned-center is-layout-flow wp-block-column-is-layout-flow\" style=\"flex-basis:10%\"><\/div>\n\n\n\n<div class=\"wp-block-column is-vertically-aligned-center is-layout-flow wp-block-column-is-layout-flow\" style=\"flex-basis:45%\">\n<figure class=\"wp-block-pullquote\"><blockquote><p>Two dazzling rooms with fireplaces and a sunny terrace give off a cosy atmosphere with sparkling Samovar and copperware.<\/p><\/blockquote><\/figure>\n\n\n\n<figure class=\"wp-block-image size-large\"><img decoding=\"async\" width=\"1024\" height=\"684\" src=\"http:\/\/lespresdeugenie.com\/wp-content\/uploads\/2018\/10\/pres-eugenie-mere-poule-restaurant-etoile-sud-ouest-1024x684.jpg\" alt=\"\" class=\"wp-image-1964\" srcset=\"https:\/\/lespresdeugenie.com\/wp-content\/uploads\/2018\/10\/pres-eugenie-mere-poule-restaurant-etoile-sud-ouest-1024x684.jpg 1024w, https:\/\/lespresdeugenie.com\/wp-content\/uploads\/2018\/10\/pres-eugenie-mere-poule-restaurant-etoile-sud-ouest-300x200.jpg 300w, https:\/\/lespresdeugenie.com\/wp-content\/uploads\/2018\/10\/pres-eugenie-mere-poule-restaurant-etoile-sud-ouest-768x513.jpg 768w, https:\/\/lespresdeugenie.com\/wp-content\/uploads\/2018\/10\/pres-eugenie-mere-poule-restaurant-etoile-sud-ouest-1000x668.jpg 1000w, https:\/\/lespresdeugenie.com\/wp-content\/uploads\/2018\/10\/pres-eugenie-mere-poule-restaurant-etoile-sud-ouest-100x67.jpg 100w\" sizes=\"(max-width: 1024px) 100vw, 1024px\" \/><\/figure>\n<\/div>\n\n\n\n<div class=\"wp-block-column is-vertically-aligned-center is-layout-flow wp-block-column-is-layout-flow\" style=\"flex-basis:35%\">\n<figure class=\"wp-block-image size-large\"><img decoding=\"async\" width=\"819\" height=\"1024\" src=\"http:\/\/lespresdeugenie.com\/wp-content\/uploads\/2018\/10\/cafe-mere-poule-table-pres-eugenie-gourmandise-madelaine-nouvelle-aquitaine-819x1024.jpg\" alt=\"\" class=\"wp-image-2175\" srcset=\"https:\/\/lespresdeugenie.com\/wp-content\/uploads\/2018\/10\/cafe-mere-poule-table-pres-eugenie-gourmandise-madelaine-nouvelle-aquitaine-819x1024.jpg 819w, https:\/\/lespresdeugenie.com\/wp-content\/uploads\/2018\/10\/cafe-mere-poule-table-pres-eugenie-gourmandise-madelaine-nouvelle-aquitaine-240x300.jpg 240w, https:\/\/lespresdeugenie.com\/wp-content\/uploads\/2018\/10\/cafe-mere-poule-table-pres-eugenie-gourmandise-madelaine-nouvelle-aquitaine-768x960.jpg 768w, https:\/\/lespresdeugenie.com\/wp-content\/uploads\/2018\/10\/cafe-mere-poule-table-pres-eugenie-gourmandise-madelaine-nouvelle-aquitaine-100x125.jpg 100w, https:\/\/lespresdeugenie.com\/wp-content\/uploads\/2018\/10\/cafe-mere-poule-table-pres-eugenie-gourmandise-madelaine-nouvelle-aquitaine.jpg 960w\" sizes=\"(max-width: 819px) 100vw, 819px\" \/><\/figure>\n<\/div>\n\n\n\n<div class=\"wp-block-column is-vertically-aligned-center is-layout-flow wp-block-column-is-layout-flow\" style=\"flex-basis:10%\"><\/div>\n<\/div>\n\n\n\n<div class=\"wp-block-columns are-vertically-aligned-center is-layout-flex wp-container-core-columns-is-layout-28f84493 wp-block-columns-is-layout-flex\">\n<div class=\"wp-block-column is-layout-flow wp-block-column-is-layout-flow\" style=\"flex-basis:10%\"><\/div>\n\n\n\n<div class=\"wp-block-column is-vertically-aligned-center is-layout-flow wp-block-column-is-layout-flow\" style=\"flex-basis:80%\">\n<p><strong>Treat yourself with <\/strong>M\u00e8re Poules&#8217;s Hot Croissants, which you will savour hand in hand with a glass of good local wine.<\/p>\n\n\n\n<p><strong>M\u00e8re Poule &amp; Cie is also a comfortable spot for an afternoon tea time or a late breakfast :<\/strong>&nbsp;tasty home-made French pastry, russian tea and creamy hot chocolate.<\/p>\n\n\n\n<p><strong>And many wonders to unearth in our Lifestyle Shop !&nbsp;<\/strong><\/p>\n\n\n\n<div class=\"wp-block-buttons is-content-justification-left is-layout-flex wp-container-core-buttons-is-layout-fc4fd283 wp-block-buttons-is-layout-flex\">\n<div class=\"wp-block-button is-style-outline is-style-outline--1\"><a class=\"wp-block-button__link wp-element-button\" href=\"https:\/\/lespresdeugenie.com\/menu-carte\/menu-mere-poule-en\/\" target=\"_blank\" rel=\"noreferrer noopener\">MERE POULE menu<\/a><\/div>\n<\/div>\n\n\n\n<div style=\"height:25px\" aria-hidden=\"true\" class=\"wp-block-spacer\"><\/div>\n\n\n\n<h3 class=\"wp-block-heading\">\u201cM\u00e8re Poule\u201d &amp; Cie<\/h3>\n\n\n\n<ul class=\"wp-block-list\">\n<li>M\u00e8re Poule &amp; Cie is open on Wednesday from 9:30 am to 6 pm and from Thursday to Sunday, from noon to 6 pm<\/li>\n\n\n\n<li>\u201cGouter\u201d from 8 \u20ac \u2013&nbsp;<em>1 hot beverage &amp; a piece of cake<\/em>&nbsp;\u2013 and Aperitivo treats from 12 \u20ac<\/li>\n<\/ul>\n\n\n\n<p>To ensure you get a table,&nbsp;<strong>we advise you to book in advance.&nbsp;<\/strong><\/p>\n\n\n\n<div class=\"wp-block-buttons is-content-justification-left is-layout-flex wp-container-core-buttons-is-layout-fc4fd283 wp-block-buttons-is-layout-flex\">\n<div class=\"wp-block-button is-style-outline is-style-outline--2\"><a class=\"wp-block-button__link wp-element-button\" href=\"tel:+33558038383\">Call us<\/a><\/div>\n<\/div>\n<\/div>\n\n\n\n<div class=\"wp-block-column is-vertically-aligned-center is-layout-flow wp-block-column-is-layout-flow\" style=\"flex-basis:10%\"><\/div>\n<\/div>\n\n\n\n<div style=\"height:50px\" aria-hidden=\"true\" class=\"wp-block-spacer\"><\/div>\n\n\n\n  <ul id=\"Galleryblock_ad74843a52a7400c3643f5a2f10bf1c6\" class=\"gallery\">\n                <li class=\"image\" data-desc=\"\" data-image=\"https:\/\/lespresdeugenie.com\/wp-content\/uploads\/2022\/07\/Mere-Poule-Gouter_Audrey-Leroy.jpg\">\n        <img decoding=\"async\" style=\"pointer-events: none;\" src=\"https:\/\/lespresdeugenie.com\/wp-content\/uploads\/2022\/07\/Mere-Poule-Gouter_Audrey-Leroy-1024x1024.jpg\" alt=\"\" \/>\n      <\/li>\n                    <li class=\"image\" data-desc=\"\" data-image=\"https:\/\/lespresdeugenie.com\/wp-content\/uploads\/2022\/07\/150613_LouisAdeline_202-scaled.jpg\">\n        <img decoding=\"async\" style=\"pointer-events: none;\" src=\"https:\/\/lespresdeugenie.com\/wp-content\/uploads\/2022\/07\/150613_LouisAdeline_202-683x1024.jpg\" alt=\"\" \/>\n      <\/li>\n                    <li class=\"image\" data-desc=\"\" data-image=\"https:\/\/lespresdeugenie.com\/wp-content\/uploads\/2022\/07\/Soupe-de-Potiron-a-la-Vanille.png\">\n        <img decoding=\"async\" style=\"pointer-events: none;\" src=\"https:\/\/lespresdeugenie.com\/wp-content\/uploads\/2022\/07\/Soupe-de-Potiron-a-la-Vanille.png\" alt=\"\" \/>\n      <\/li>\n          <\/ul>\n\n\n\n\n<style>\n\nul.gallery{\n  display: flex;\n  flex-direction: row;\n  flex-wrap: wrap;\n  flex: 0 0 100%;\n  padding: 0;\n}\nul.gallery li{\n  display: flex;\n  flex: 1;\n  height: 22vw;\n}\nul.gallery li img,\nul.gallery li video{\n  width: 100%;\n  height: 100%;\n  object-fit: cover;\n  object-position: center;\n}\n\n.nsGallery {\n  position: fixed;\n  width: 100%;\n  height: 100%;\n  top: 0;\n  display: none;\n  background: #7f8c8d;\n  perspective: 1000;\n  visibility: hidden;\n}\n\n.filter {\n  position: absolute;\n  width: 100%;\n  height: 100%;\n  filter: blur(20px);\n  -webkit-filter: blur(20px);\n  opacity: 0.5;\n  background-position: center;\n  background-size: cover;\n}\n\n.nsGallery img, .nsGallery > video:not(.video-decor) {\n  position: absolute;\n  top: 50%;\n  left: 50%;\n  transform: translate(-50%, -50%) rotateY(0deg);\n  max-height: 95vh;\n  max-width: calc(95vw - 100px);\n  transition: 0.8s cubic-bezier(0.7, 0, 0.4, 1);\n  transform-style: preserve-3d;\n  pointer-events: none;\n}\n.video-decor{\n  position: absolute;\n  width: 100%;\n  height: 100%;\n  filter: blur(20px);\n  -webkit-filter: blur(20px);\n  object-fit: cover;\n  z-index: -1;\n}\n\n\n.desc {\n  font-size: 20px;\n  position: absolute;\n  bottom: 0;\n  padding: 25px;\n  background: rgba(0,0,0,0.4);\n  width: 100%;\n  text-align: center;\n  color: #ffffff;\n  z-index: 999;\n}\n\n.desc:empty{\n  display: none;\n}\n\n\n<\/style>\n","protected":false},"excerpt":{"rendered":"<p>Two dazzling rooms with fireplaces and a sunny terrace give off a cosy atmosphere with sparkling Samovar and copperware. Treat yourself with M\u00e8re Poules&#8217;s Hot Croissants, which you will savour hand in hand with a glass of good local wine. M\u00e8re Poule &amp; Cie is also a comfortable spot for an afternoon tea time or [&hellip;]<\/p>\n","protected":false},"author":5,"featured_media":51040,"parent":56424,"menu_order":0,"comment_status":"open","ping_status":"open","template":"","meta":{"_acf_changed":false,"footnotes":""},"class_list":["post-56427","page","type-page","status-publish","has-post-thumbnail","hentry"],"acf":[],"yoast_head":"<!-- This site is optimized with the Yoast SEO plugin v26.7 - https:\/\/yoast.com\/wordpress\/plugins\/seo\/ -->\n<title>M\u00e8re Poule &amp; Cie - Culinary Caf\u00e9 - Les Pr\u00e9s d&#039;Eug\u00e9nie - Maison Gu\u00e9rard<\/title>\n<meta name=\"description\" content=\"The Caf\u00e9 &quot;M\u00e8re Poule&quot; is the culinary caf\u00e9 of Pr\u00e9s d&#039;Eug\u00e9nie - Maisons Gu\u00e9rard. Book your table for your late breakfasts, snacks, ...\" \/>\n<meta name=\"robots\" content=\"index, follow, max-snippet:-1, max-image-preview:large, max-video-preview:-1\" \/>\n<link rel=\"canonical\" href=\"https:\/\/lespresdeugenie.com\/en\/dining\/mere-poule-cie-culinary-cafe\/\" \/>\n<meta property=\"og:locale\" content=\"en_US\" \/>\n<meta property=\"og:type\" content=\"article\" \/>\n<meta property=\"og:title\" content=\"M\u00e8re Poule &amp; Cie - Culinary Caf\u00e9 - Les Pr\u00e9s d&#039;Eug\u00e9nie - Maison Gu\u00e9rard\" \/>\n<meta property=\"og:description\" content=\"The Caf\u00e9 &quot;M\u00e8re Poule&quot; is the culinary caf\u00e9 of Pr\u00e9s d&#039;Eug\u00e9nie - Maisons Gu\u00e9rard. Book your table for your late breakfasts, snacks, ...\" \/>\n<meta property=\"og:url\" content=\"https:\/\/lespresdeugenie.com\/en\/dining\/mere-poule-cie-culinary-cafe\/\" \/>\n<meta property=\"og:site_name\" content=\"Les Pr\u00e9s d&#039;Eug\u00e9nie\" \/>\n<meta property=\"article:publisher\" content=\"https:\/\/www.facebook.com\/LesPresdEugenie\/\" \/>\n<meta property=\"article:modified_time\" content=\"2026-03-17T12:52:38+00:00\" \/>\n<meta property=\"og:image\" content=\"https:\/\/lespresdeugenie.com\/wp-content\/uploads\/2022\/07\/EUG-CAFE-MERE-POULE-VUE-INT-003-INST-MG-CORENTIN-MOSSIERE.jpg\" \/>\n\t<meta property=\"og:image:width\" content=\"1450\" \/>\n\t<meta property=\"og:image:height\" content=\"1098\" \/>\n\t<meta property=\"og:image:type\" content=\"image\/jpeg\" \/>\n<meta name=\"twitter:card\" content=\"summary_large_image\" \/>\n<meta name=\"twitter:label1\" content=\"Est. reading time\" \/>\n\t<meta name=\"twitter:data1\" content=\"2 minutes\" \/>\n<script type=\"application\/ld+json\" class=\"yoast-schema-graph\">{\"@context\":\"https:\/\/schema.org\",\"@graph\":[{\"@type\":\"WebPage\",\"@id\":\"https:\/\/lespresdeugenie.com\/en\/dining\/mere-poule-cie-culinary-cafe\/\",\"url\":\"https:\/\/lespresdeugenie.com\/en\/dining\/mere-poule-cie-culinary-cafe\/\",\"name\":\"M\u00e8re Poule &amp; Cie - Culinary Caf\u00e9 - Les Pr\u00e9s d&#039;Eug\u00e9nie - Maison Gu\u00e9rard\",\"isPartOf\":{\"@id\":\"https:\/\/lespresdeugenie.com\/#website\"},\"primaryImageOfPage\":{\"@id\":\"https:\/\/lespresdeugenie.com\/en\/dining\/mere-poule-cie-culinary-cafe\/#primaryimage\"},\"image\":{\"@id\":\"https:\/\/lespresdeugenie.com\/en\/dining\/mere-poule-cie-culinary-cafe\/#primaryimage\"},\"thumbnailUrl\":\"https:\/\/lespresdeugenie.com\/wp-content\/uploads\/2022\/07\/EUG-CAFE-MERE-POULE-VUE-INT-003-INST-MG-CORENTIN-MOSSIERE.jpg\",\"datePublished\":\"2022-12-14T08:53:29+00:00\",\"dateModified\":\"2026-03-17T12:52:38+00:00\",\"description\":\"The Caf\u00e9 \\\"M\u00e8re Poule\\\" is the culinary caf\u00e9 of Pr\u00e9s d'Eug\u00e9nie - Maisons Gu\u00e9rard. Book your table for your late breakfasts, snacks, ...\",\"breadcrumb\":{\"@id\":\"https:\/\/lespresdeugenie.com\/en\/dining\/mere-poule-cie-culinary-cafe\/#breadcrumb\"},\"inLanguage\":\"en-US\",\"potentialAction\":[{\"@type\":\"ReadAction\",\"target\":[\"https:\/\/lespresdeugenie.com\/en\/dining\/mere-poule-cie-culinary-cafe\/\"]}]},{\"@type\":\"ImageObject\",\"inLanguage\":\"en-US\",\"@id\":\"https:\/\/lespresdeugenie.com\/en\/dining\/mere-poule-cie-culinary-cafe\/#primaryimage\",\"url\":\"https:\/\/lespresdeugenie.com\/wp-content\/uploads\/2022\/07\/EUG-CAFE-MERE-POULE-VUE-INT-003-INST-MG-CORENTIN-MOSSIERE.jpg\",\"contentUrl\":\"https:\/\/lespresdeugenie.com\/wp-content\/uploads\/2022\/07\/EUG-CAFE-MERE-POULE-VUE-INT-003-INST-MG-CORENTIN-MOSSIERE.jpg\",\"width\":1450,\"height\":1098},{\"@type\":\"BreadcrumbList\",\"@id\":\"https:\/\/lespresdeugenie.com\/en\/dining\/mere-poule-cie-culinary-cafe\/#breadcrumb\",\"itemListElement\":[{\"@type\":\"ListItem\",\"position\":1,\"name\":\"Home\",\"item\":\"https:\/\/lespresdeugenie.com\/en\/\"},{\"@type\":\"ListItem\",\"position\":2,\"name\":\"Dining\",\"item\":\"https:\/\/lespresdeugenie.com\/en\/dining\/\"},{\"@type\":\"ListItem\",\"position\":3,\"name\":\"M\u00e8re Poule &amp; Cie &#8211; Culinary Caf\u00e9\"}]},{\"@type\":\"WebSite\",\"@id\":\"https:\/\/lespresdeugenie.com\/#website\",\"url\":\"https:\/\/lespresdeugenie.com\/\",\"name\":\"Les Pr\u00e9s d'Eugenie - Maison Gu\u00e9rard\",\"description\":\"Maison Gu\u00e9rard\",\"publisher\":{\"@id\":\"https:\/\/lespresdeugenie.com\/#organization\"},\"alternateName\":\"LPDE\",\"potentialAction\":[{\"@type\":\"SearchAction\",\"target\":{\"@type\":\"EntryPoint\",\"urlTemplate\":\"https:\/\/lespresdeugenie.com\/?s={search_term_string}\"},\"query-input\":{\"@type\":\"PropertyValueSpecification\",\"valueRequired\":true,\"valueName\":\"search_term_string\"}}],\"inLanguage\":\"en-US\"},{\"@type\":\"Organization\",\"@id\":\"https:\/\/lespresdeugenie.com\/#organization\",\"name\":\"Les Pr\u00e9s d'Eugenie - Maison Gu\u00e9rard\",\"url\":\"https:\/\/lespresdeugenie.com\/\",\"logo\":{\"@type\":\"ImageObject\",\"inLanguage\":\"en-US\",\"@id\":\"https:\/\/lespresdeugenie.com\/#\/schema\/logo\/image\/\",\"url\":\"https:\/\/lespresdeugenie.com\/wp-content\/uploads\/2022\/12\/les-pres-eugenie-logo-1.png\",\"contentUrl\":\"https:\/\/lespresdeugenie.com\/wp-content\/uploads\/2022\/12\/les-pres-eugenie-logo-1.png\",\"width\":269,\"height\":60,\"caption\":\"Les Pr\u00e9s d'Eugenie - Maison Gu\u00e9rard\"},\"image\":{\"@id\":\"https:\/\/lespresdeugenie.com\/#\/schema\/logo\/image\/\"},\"sameAs\":[\"https:\/\/www.facebook.com\/LesPresdEugenie\/\",\"https:\/\/www.instagram.com\/maisons_guerard\/?hl=fr\",\"https:\/\/fr.linkedin.com\/company\/les-pres-d'eugenie\"]}]}<\/script>\n<!-- \/ Yoast SEO plugin. -->","yoast_head_json":{"title":"M\u00e8re Poule &amp; Cie - Culinary Caf\u00e9 - Les Pr\u00e9s d&#039;Eug\u00e9nie - Maison Gu\u00e9rard","description":"The Caf\u00e9 \"M\u00e8re Poule\" is the culinary caf\u00e9 of Pr\u00e9s d'Eug\u00e9nie - Maisons Gu\u00e9rard. Book your table for your late breakfasts, snacks, ...","robots":{"index":"index","follow":"follow","max-snippet":"max-snippet:-1","max-image-preview":"max-image-preview:large","max-video-preview":"max-video-preview:-1"},"canonical":"https:\/\/lespresdeugenie.com\/en\/dining\/mere-poule-cie-culinary-cafe\/","og_locale":"en_US","og_type":"article","og_title":"M\u00e8re Poule &amp; Cie - Culinary Caf\u00e9 - Les Pr\u00e9s d&#039;Eug\u00e9nie - Maison Gu\u00e9rard","og_description":"The Caf\u00e9 \"M\u00e8re Poule\" is the culinary caf\u00e9 of Pr\u00e9s d'Eug\u00e9nie - Maisons Gu\u00e9rard. Book your table for your late breakfasts, snacks, ...","og_url":"https:\/\/lespresdeugenie.com\/en\/dining\/mere-poule-cie-culinary-cafe\/","og_site_name":"Les Pr\u00e9s d&#039;Eug\u00e9nie","article_publisher":"https:\/\/www.facebook.com\/LesPresdEugenie\/","article_modified_time":"2026-03-17T12:52:38+00:00","og_image":[{"width":1450,"height":1098,"url":"https:\/\/lespresdeugenie.com\/wp-content\/uploads\/2022\/07\/EUG-CAFE-MERE-POULE-VUE-INT-003-INST-MG-CORENTIN-MOSSIERE.jpg","type":"image\/jpeg"}],"twitter_card":"summary_large_image","twitter_misc":{"Est. reading time":"2 minutes"},"schema":{"@context":"https:\/\/schema.org","@graph":[{"@type":"WebPage","@id":"https:\/\/lespresdeugenie.com\/en\/dining\/mere-poule-cie-culinary-cafe\/","url":"https:\/\/lespresdeugenie.com\/en\/dining\/mere-poule-cie-culinary-cafe\/","name":"M\u00e8re Poule &amp; Cie - Culinary Caf\u00e9 - Les Pr\u00e9s d&#039;Eug\u00e9nie - Maison Gu\u00e9rard","isPartOf":{"@id":"https:\/\/lespresdeugenie.com\/#website"},"primaryImageOfPage":{"@id":"https:\/\/lespresdeugenie.com\/en\/dining\/mere-poule-cie-culinary-cafe\/#primaryimage"},"image":{"@id":"https:\/\/lespresdeugenie.com\/en\/dining\/mere-poule-cie-culinary-cafe\/#primaryimage"},"thumbnailUrl":"https:\/\/lespresdeugenie.com\/wp-content\/uploads\/2022\/07\/EUG-CAFE-MERE-POULE-VUE-INT-003-INST-MG-CORENTIN-MOSSIERE.jpg","datePublished":"2022-12-14T08:53:29+00:00","dateModified":"2026-03-17T12:52:38+00:00","description":"The Caf\u00e9 \"M\u00e8re Poule\" is the culinary caf\u00e9 of Pr\u00e9s d'Eug\u00e9nie - Maisons Gu\u00e9rard. Book your table for your late breakfasts, snacks, ...","breadcrumb":{"@id":"https:\/\/lespresdeugenie.com\/en\/dining\/mere-poule-cie-culinary-cafe\/#breadcrumb"},"inLanguage":"en-US","potentialAction":[{"@type":"ReadAction","target":["https:\/\/lespresdeugenie.com\/en\/dining\/mere-poule-cie-culinary-cafe\/"]}]},{"@type":"ImageObject","inLanguage":"en-US","@id":"https:\/\/lespresdeugenie.com\/en\/dining\/mere-poule-cie-culinary-cafe\/#primaryimage","url":"https:\/\/lespresdeugenie.com\/wp-content\/uploads\/2022\/07\/EUG-CAFE-MERE-POULE-VUE-INT-003-INST-MG-CORENTIN-MOSSIERE.jpg","contentUrl":"https:\/\/lespresdeugenie.com\/wp-content\/uploads\/2022\/07\/EUG-CAFE-MERE-POULE-VUE-INT-003-INST-MG-CORENTIN-MOSSIERE.jpg","width":1450,"height":1098},{"@type":"BreadcrumbList","@id":"https:\/\/lespresdeugenie.com\/en\/dining\/mere-poule-cie-culinary-cafe\/#breadcrumb","itemListElement":[{"@type":"ListItem","position":1,"name":"Home","item":"https:\/\/lespresdeugenie.com\/en\/"},{"@type":"ListItem","position":2,"name":"Dining","item":"https:\/\/lespresdeugenie.com\/en\/dining\/"},{"@type":"ListItem","position":3,"name":"M\u00e8re Poule &amp; Cie &#8211; Culinary Caf\u00e9"}]},{"@type":"WebSite","@id":"https:\/\/lespresdeugenie.com\/#website","url":"https:\/\/lespresdeugenie.com\/","name":"Les Pr\u00e9s d'Eugenie - Maison Gu\u00e9rard","description":"Maison Gu\u00e9rard","publisher":{"@id":"https:\/\/lespresdeugenie.com\/#organization"},"alternateName":"LPDE","potentialAction":[{"@type":"SearchAction","target":{"@type":"EntryPoint","urlTemplate":"https:\/\/lespresdeugenie.com\/?s={search_term_string}"},"query-input":{"@type":"PropertyValueSpecification","valueRequired":true,"valueName":"search_term_string"}}],"inLanguage":"en-US"},{"@type":"Organization","@id":"https:\/\/lespresdeugenie.com\/#organization","name":"Les Pr\u00e9s d'Eugenie - Maison Gu\u00e9rard","url":"https:\/\/lespresdeugenie.com\/","logo":{"@type":"ImageObject","inLanguage":"en-US","@id":"https:\/\/lespresdeugenie.com\/#\/schema\/logo\/image\/","url":"https:\/\/lespresdeugenie.com\/wp-content\/uploads\/2022\/12\/les-pres-eugenie-logo-1.png","contentUrl":"https:\/\/lespresdeugenie.com\/wp-content\/uploads\/2022\/12\/les-pres-eugenie-logo-1.png","width":269,"height":60,"caption":"Les Pr\u00e9s d'Eugenie - Maison Gu\u00e9rard"},"image":{"@id":"https:\/\/lespresdeugenie.com\/#\/schema\/logo\/image\/"},"sameAs":["https:\/\/www.facebook.com\/LesPresdEugenie\/","https:\/\/www.instagram.com\/maisons_guerard\/?hl=fr","https:\/\/fr.linkedin.com\/company\/les-pres-d'eugenie"]}]}},"_links":{"self":[{"href":"https:\/\/lespresdeugenie.com\/en\/wp-json\/wp\/v2\/pages\/56427","targetHints":{"allow":["GET"]}}],"collection":[{"href":"https:\/\/lespresdeugenie.com\/en\/wp-json\/wp\/v2\/pages"}],"about":[{"href":"https:\/\/lespresdeugenie.com\/en\/wp-json\/wp\/v2\/types\/page"}],"author":[{"embeddable":true,"href":"https:\/\/lespresdeugenie.com\/en\/wp-json\/wp\/v2\/users\/5"}],"replies":[{"embeddable":true,"href":"https:\/\/lespresdeugenie.com\/en\/wp-json\/wp\/v2\/comments?post=56427"}],"version-history":[{"count":13,"href":"https:\/\/lespresdeugenie.com\/en\/wp-json\/wp\/v2\/pages\/56427\/revisions"}],"predecessor-version":[{"id":113745,"href":"https:\/\/lespresdeugenie.com\/en\/wp-json\/wp\/v2\/pages\/56427\/revisions\/113745"}],"up":[{"embeddable":true,"href":"https:\/\/lespresdeugenie.com\/en\/wp-json\/wp\/v2\/pages\/56424"}],"wp:featuredmedia":[{"embeddable":true,"href":"https:\/\/lespresdeugenie.com\/en\/wp-json\/wp\/v2\/media\/51040"}],"wp:attachment":[{"href":"https:\/\/lespresdeugenie.com\/en\/wp-json\/wp\/v2\/media?parent=56427"}],"curies":[{"name":"wp","href":"https:\/\/api.w.org\/{rel}","templated":true}]}}