{"id":56428,"date":"2022-12-14T09:53:29","date_gmt":"2022-12-14T08:53:29","guid":{"rendered":"http:\/\/lespresdeugenie.com\/your-family\/"},"modified":"2025-03-04T14:27:09","modified_gmt":"2025-03-04T13:27:09","slug":"your-family","status":"publish","type":"page","link":"https:\/\/lespresdeugenie.com\/en\/your-family\/","title":{"rendered":"Family friendly hotel in the LANDES"},"content":{"rendered":"\n<div class=\"wp-block-cover is-light has-custom-content-position is-position-bottom-center\" style=\"min-height:80vh;aspect-ratio:unset;\"><span aria-hidden=\"true\" class=\"wp-block-cover__background has-background-dim-20 has-background-dim\" style=\"background-color:#9d8662\"><\/span><img decoding=\"async\" width=\"1715\" height=\"1029\" src=\"https:\/\/lespresdeugenie.com\/wp-content\/uploads\/2021\/05\/les-pres-d-eugenie_famille_02_vignette.jpg\" class=\"wp-block-cover__image-background wp-post-image\" alt=\"Les Pr\u00e9s d&#039;Eug\u00e9nie - Palace en Famille - Kid friendly\" data-object-fit=\"cover\" srcset=\"https:\/\/lespresdeugenie.com\/wp-content\/uploads\/2021\/05\/les-pres-d-eugenie_famille_02_vignette.jpg 1715w, https:\/\/lespresdeugenie.com\/wp-content\/uploads\/2021\/05\/les-pres-d-eugenie_famille_02_vignette-300x180.jpg 300w, https:\/\/lespresdeugenie.com\/wp-content\/uploads\/2021\/05\/les-pres-d-eugenie_famille_02_vignette-1024x614.jpg 1024w, https:\/\/lespresdeugenie.com\/wp-content\/uploads\/2021\/05\/les-pres-d-eugenie_famille_02_vignette-768x461.jpg 768w, https:\/\/lespresdeugenie.com\/wp-content\/uploads\/2021\/05\/les-pres-d-eugenie_famille_02_vignette-1536x922.jpg 1536w, https:\/\/lespresdeugenie.com\/wp-content\/uploads\/2021\/05\/les-pres-d-eugenie_famille_02_vignette-1000x600.jpg 1000w\" sizes=\"(max-width: 1715px) 100vw, 1715px\" \/><div class=\"wp-block-cover__inner-container is-layout-flow wp-block-cover-is-layout-flow\">\n<div class=\"wp-block-group has-white-background-color has-background is-layout-constrained wp-block-group-is-layout-constrained\">\n<h1 class=\"wp-block-heading has-text-align-center has-black-color has-text-color\">Family friendly hotel<br>in the LANDES<\/h1>\n<\/div>\n<\/div><\/div>\n\n\n\n<div style=\"height:100px\" aria-hidden=\"true\" class=\"wp-block-spacer\"><\/div>\n\n\n\n<div class=\"wp-block-columns are-vertically-aligned-center is-layout-flex wp-container-core-columns-is-layout-28f84493 wp-block-columns-is-layout-flex\">\n<div class=\"wp-block-column is-vertically-aligned-center is-layout-flow wp-block-column-is-layout-flow\" style=\"flex-basis:10%\"><\/div>\n\n\n\n<div class=\"wp-block-column is-vertically-aligned-center is-layout-flow wp-block-column-is-layout-flow\" style=\"flex-basis:30%\">\n<figure class=\"wp-block-image aligncenter size-large\"><img decoding=\"async\" width=\"683\" height=\"1024\" src=\"http:\/\/lespresdeugenie.com\/wp-content\/uploads\/2021\/07\/2105-02_33_lespresdeugenie_restaurant_bd-683x1024.jpg\" alt=\"Les Pr\u00e9s d'Eug\u00e9nie - relais &amp; chateaux - kid friendly - petit d\u00e9jeuner au lit - breakfast in bed\" class=\"wp-image-39405\" srcset=\"https:\/\/lespresdeugenie.com\/wp-content\/uploads\/2021\/07\/2105-02_33_lespresdeugenie_restaurant_bd-683x1024.jpg 683w, https:\/\/lespresdeugenie.com\/wp-content\/uploads\/2021\/07\/2105-02_33_lespresdeugenie_restaurant_bd-200x300.jpg 200w, https:\/\/lespresdeugenie.com\/wp-content\/uploads\/2021\/07\/2105-02_33_lespresdeugenie_restaurant_bd-768x1152.jpg 768w, https:\/\/lespresdeugenie.com\/wp-content\/uploads\/2021\/07\/2105-02_33_lespresdeugenie_restaurant_bd-1024x1536.jpg 1024w, https:\/\/lespresdeugenie.com\/wp-content\/uploads\/2021\/07\/2105-02_33_lespresdeugenie_restaurant_bd-1366x2048.jpg 1366w, https:\/\/lespresdeugenie.com\/wp-content\/uploads\/2021\/07\/2105-02_33_lespresdeugenie_restaurant_bd-1000x1500.jpg 1000w, https:\/\/lespresdeugenie.com\/wp-content\/uploads\/2021\/07\/2105-02_33_lespresdeugenie_restaurant_bd.jpg 1667w\" sizes=\"(max-width: 683px) 100vw, 683px\" \/><\/figure>\n<\/div>\n\n\n\n<div class=\"wp-block-column is-vertically-aligned-center is-layout-flow wp-block-column-is-layout-flow\" style=\"flex-basis:50%\">\n<figure class=\"wp-block-pullquote\"><blockquote><p>Bring your Family in Eug\u00e9nie !<br>Spacious rooms, gardens, kid\u2019s menus and special gifts for toddlers and kids \u2026 <br>We love to spoil your little ones!<\/p><\/blockquote><\/figure>\n<\/div>\n\n\n\n<div class=\"wp-block-column is-vertically-aligned-center is-layout-flow wp-block-column-is-layout-flow\" style=\"flex-basis:10%\"><\/div>\n<\/div>\n\n\n\n<div style=\"height:50px\" aria-hidden=\"true\" class=\"wp-block-spacer\"><\/div>\n\n\n\n<div class=\"wp-block-columns are-vertically-aligned-top is-layout-flex wp-container-core-columns-is-layout-28f84493 wp-block-columns-is-layout-flex\">\n<div class=\"wp-block-column is-vertically-aligned-top is-layout-flow wp-block-column-is-layout-flow\" style=\"flex-basis:10%\"><\/div>\n\n\n\n<div class=\"wp-block-column is-vertically-aligned-top is-layout-flow wp-block-column-is-layout-flow\" style=\"flex-basis:40%\">\n<div class=\"wp-block-group has-secondary-background-color has-background is-layout-constrained wp-block-group-is-layout-constrained\">\n<h3 class=\"wp-block-heading\">\u201cFamily Friendly\u201d Rooms<\/h3>\n\n\n\n<p>These rooms are perfect to host your entire family :<\/p>\n\n\n\n<ul class=\"wp-block-list\">\n<li>Interconnecting Superior Rooms<\/li>\n\n\n\n<li>Suites in the Logis de Grives<\/li>\n\n\n\n<li>Suites in the Main House<\/li>\n\n\n\n<li>Royal and Imperial Suites<\/li>\n<\/ul>\n<\/div>\n<\/div>\n\n\n\n<div class=\"wp-block-column is-vertically-aligned-top is-layout-flow wp-block-column-is-layout-flow\" style=\"flex-basis:40%\">\n<div class=\"wp-block-group has-secondary-background-color has-background is-layout-constrained wp-block-group-is-layout-constrained\">\n<h3 class=\"wp-block-heading\">Welcome Baby \ud83d\udc76 !<\/h3>\n\n\n\n<p><strong>Until 2 years old<\/strong>, your baby is our guest. Ask for a cute wooden baby cot with a duvet cover and pillow. Your baby will feel at home. We offer also a baby bath, changing mattress, high-chair and a bottle-warmer for you to travel with the kids with ease.<\/p>\n\n\n\n<p><strong>From 3 years old to 11 (included)<\/strong>, a comfy extra-bed will be set in your room with a surprise for your kid. a Good night sleep ahead !<\/p>\n<\/div>\n<\/div>\n\n\n\n<div class=\"wp-block-column is-vertically-aligned-top is-layout-flow wp-block-column-is-layout-flow\" style=\"flex-basis:10%\"><\/div>\n<\/div>\n\n\n\n<div class=\"wp-block-columns are-vertically-aligned-center is-layout-flex wp-container-core-columns-is-layout-28f84493 wp-block-columns-is-layout-flex\">\n<div class=\"wp-block-column is-vertically-aligned-center is-layout-flow wp-block-column-is-layout-flow\" style=\"flex-basis:10%\"><\/div>\n\n\n\n<div class=\"wp-block-column is-vertically-aligned-center is-layout-flow wp-block-column-is-layout-flow\" style=\"flex-basis:40%\">\n<div class=\"wp-block-group has-secondary-background-color has-background is-layout-constrained wp-block-group-is-layout-constrained\">\n<h3 class=\"wp-block-heading\">Kids love our Restaurants<\/h3>\n\n\n\n<p>In Eug\u00e9nie, we love all kind of little customers : the pasta-only boy, the gourmet kid, the wanabe-chefs&#8230; <br>Let us treat them according to their taste :<\/p>\n\n\n\n<ul class=\"wp-block-list\">\n<li>For the young \u201cgourmet\u201d,&nbsp;the&nbsp;<strong>\u201cLoulou\u2019s\u201d menu in the Gastronomic Restaurant<\/strong>, served in small portions<\/li>\n\n\n\n<li>Looking for simplicity ? several&nbsp;<strong>seasonal menus<\/strong>&nbsp;are proposed to all ages and tastes<\/li>\n\n\n\n<li><strong>At la Ferme aux Grives<\/strong>, roasts chicken from the Landes and homemade mash potatoes is a must<\/li>\n\n\n\n<li><strong>At Caf\u00e9 M\u00e8re Poule<\/strong>, littles ones and grown-ups will be delighted to taste the finger savoury and homemade cakes<\/li>\n<\/ul>\n\n\n\n<div class=\"wp-block-buttons is-layout-flex wp-block-buttons-is-layout-flex\">\n<div class=\"wp-block-button is-style-outline is-style-outline--1\"><a class=\"wp-block-button__link wp-element-button\" href=\"https:\/\/lespresdeugenie.com\/menu-carte\/kids-menu-at-eugenie\/\" target=\"_blank\" rel=\"noreferrer noopener\">THE kids&#8217; menu<\/a><\/div>\n<\/div>\n<\/div>\n<\/div>\n\n\n\n<div class=\"wp-block-column is-vertically-aligned-center is-layout-flow wp-block-column-is-layout-flow\" style=\"flex-basis:40%\">\n<div class=\"wp-block-group has-secondary-background-color has-background is-layout-constrained wp-block-group-is-layout-constrained\">\n<h3 class=\"wp-block-heading\">Toddlers Services<\/h3>\n\n\n\n<ul class=\"wp-block-list\">\n<li>baby-sitting (on request\u2013 extra cost)<\/li>\n\n\n\n<li>Summer Holiday Kids Club (45 \u20ac\/afternoon)<\/li>\n\n\n\n<li>Childcare equipment<\/li>\n\n\n\n<li>DVD players and DVD for children on demand<\/li>\n\n\n\n<li>Children menus<\/li>\n\n\n\n<li>Bikes for children<\/li>\n\n\n\n<li>Games in the meadow (croquet, foot, badminton, m\u00f6lkky \u2026)<\/li>\n<\/ul>\n<\/div>\n<\/div>\n\n\n\n<div class=\"wp-block-column is-vertically-aligned-center is-layout-flow wp-block-column-is-layout-flow\" style=\"flex-basis:10%\"><\/div>\n<\/div>\n\n\n\n<div class=\"wp-block-columns are-vertically-aligned-center is-layout-flex wp-container-core-columns-is-layout-28f84493 wp-block-columns-is-layout-flex\">\n<div class=\"wp-block-column is-vertically-aligned-center is-layout-flow wp-block-column-is-layout-flow\" style=\"flex-basis:10%\"><\/div>\n\n\n\n<div class=\"wp-block-column is-vertically-aligned-center is-layout-flow wp-block-column-is-layout-flow\" style=\"flex-basis:40%\">\n<figure class=\"wp-block-image size-large\"><img decoding=\"async\" width=\"1024\" height=\"1024\" src=\"https:\/\/lespresdeugenie.com\/wp-content\/uploads\/2023\/04\/les-pres-deugenie-kids-club-roxane-edited-1024x1024.jpg\" alt=\"\" class=\"wp-image-62388\" srcset=\"https:\/\/lespresdeugenie.com\/wp-content\/uploads\/2023\/04\/les-pres-deugenie-kids-club-roxane-edited-1024x1024.jpg 1024w, https:\/\/lespresdeugenie.com\/wp-content\/uploads\/2023\/04\/les-pres-deugenie-kids-club-roxane-edited-300x300.jpg 300w, https:\/\/lespresdeugenie.com\/wp-content\/uploads\/2023\/04\/les-pres-deugenie-kids-club-roxane-edited-150x150.jpg 150w, https:\/\/lespresdeugenie.com\/wp-content\/uploads\/2023\/04\/les-pres-deugenie-kids-club-roxane-edited-768x768.jpg 768w, https:\/\/lespresdeugenie.com\/wp-content\/uploads\/2023\/04\/les-pres-deugenie-kids-club-roxane-edited-600x600.jpg 600w, https:\/\/lespresdeugenie.com\/wp-content\/uploads\/2023\/04\/les-pres-deugenie-kids-club-roxane-edited-1000x1000.jpg 1000w, https:\/\/lespresdeugenie.com\/wp-content\/uploads\/2023\/04\/les-pres-deugenie-kids-club-roxane-edited-100x100.jpg 100w, https:\/\/lespresdeugenie.com\/wp-content\/uploads\/2023\/04\/les-pres-deugenie-kids-club-roxane-edited.jpg 1512w\" sizes=\"(max-width: 1024px) 100vw, 1024px\" \/><\/figure>\n<\/div>\n\n\n\n<div class=\"wp-block-column is-vertically-aligned-center is-layout-flow wp-block-column-is-layout-flow\" style=\"flex-basis:40%\">\n<div class=\"wp-block-group has-secondary-background-color has-background is-layout-constrained wp-block-group-is-layout-constrained\">\n<h3 class=\"wp-block-heading\">The Summer Kids Club<br>July 14 &#8211; August 23<\/h3>\n\n\n\n<p><strong>For cool kids between 3 and 8<\/strong><br>Eug\u00e9nie also offers entertainment and a programme especially for our little guests. From July 14 to August 23, the Club opens every day, from Monday to Saturday, with a creative, artistic or sporting activity:<\/p>\n\n\n\n<ul class=\"wp-block-list\">\n<li>P&#8217;tits Chefs &amp; Salt dough<\/li>\n\n\n\n<li>Enchanted huts<\/li>\n\n\n\n<li>Land Art<\/li>\n\n\n\n<li>Garden pastry<\/li>\n\n\n\n<li>My Beautiful Herbarium<\/li>\n\n\n\n<li>Yoga &amp; mandalas<\/li>\n<\/ul>\n\n\n\n<p><br>To find out all about the Summer Kids Club des Grandes Vacances, follow the White Rabbit and download our Brochure.<\/p>\n\n\n\n<div class=\"wp-block-buttons is-layout-flex wp-block-buttons-is-layout-flex\">\n<div class=\"wp-block-button is-style-outline is-style-outline--2\"><a class=\"wp-block-button__link wp-element-button\" href=\"https:\/\/lespresdeugenie.com\/menu-carte\/le-kids-club-des-pres-deugenie-en\/\" target=\"_blank\" rel=\"noreferrer noopener\">Eug\u00e9nie Summer Kids Club<\/a><\/div>\n<\/div>\n<\/div>\n<\/div>\n\n\n\n<div class=\"wp-block-column is-vertically-aligned-center is-layout-flow wp-block-column-is-layout-flow\" style=\"flex-basis:10%\"><\/div>\n<\/div>\n\n\n\n  <ul id=\"Galleryblock_bfe84e455e74a0efe135ef3a2cbd2d33\" class=\"gallery\">\n                <li class=\"image\" data-desc=\"Les Pr\u00e9s d&#039;Eug\u00e9nie - Relais &amp; Chateaux - Kid Friendly - Kids Club\" data-image=\"https:\/\/lespresdeugenie.com\/wp-content\/uploads\/2021\/07\/2105-02_43_lespresdeugenie_restaurant_bd.jpg\">\n        <img decoding=\"async\" style=\"pointer-events: none;\" src=\"https:\/\/lespresdeugenie.com\/wp-content\/uploads\/2021\/07\/2105-02_43_lespresdeugenie_restaurant_bd-1024x683.jpg\" alt=\"Les Pr\u00e9s d&#039;Eug\u00e9nie - Relais &amp; Chateaux - Kid Friendly - Kids Club\" \/>\n      <\/li>\n                    <li class=\"image\" data-desc=\"\" data-image=\"https:\/\/lespresdeugenie.com\/wp-content\/uploads\/2018\/10\/pres-eugenie-sud-ouest-cafe-culinaire-mere-poule-guerard-tarte.jpg\">\n        <img decoding=\"async\" style=\"pointer-events: none;\" src=\"https:\/\/lespresdeugenie.com\/wp-content\/uploads\/2018\/10\/pres-eugenie-sud-ouest-cafe-culinaire-mere-poule-guerard-tarte-683x1024.jpg\" alt=\"\" \/>\n      <\/li>\n          <\/ul>\n\n\n\n\n<style>\n\nul.gallery{\n  display: flex;\n  flex-direction: row;\n  flex-wrap: wrap;\n  flex: 0 0 100%;\n  padding: 0;\n}\nul.gallery li{\n  display: flex;\n  flex: 1;\n  height: 22vw;\n}\nul.gallery li img,\nul.gallery li video{\n  width: 100%;\n  height: 100%;\n  object-fit: cover;\n  object-position: center;\n}\n\n.nsGallery {\n  position: fixed;\n  width: 100%;\n  height: 100%;\n  top: 0;\n  display: none;\n  background: #7f8c8d;\n  perspective: 1000;\n  visibility: hidden;\n}\n\n.filter {\n  position: absolute;\n  width: 100%;\n  height: 100%;\n  filter: blur(20px);\n  -webkit-filter: blur(20px);\n  opacity: 0.5;\n  background-position: center;\n  background-size: cover;\n}\n\n.nsGallery img, .nsGallery > video:not(.video-decor) {\n  position: absolute;\n  top: 50%;\n  left: 50%;\n  transform: translate(-50%, -50%) rotateY(0deg);\n  max-height: 95vh;\n  max-width: calc(95vw - 100px);\n  transition: 0.8s cubic-bezier(0.7, 0, 0.4, 1);\n  transform-style: preserve-3d;\n  pointer-events: none;\n}\n.video-decor{\n  position: absolute;\n  width: 100%;\n  height: 100%;\n  filter: blur(20px);\n  -webkit-filter: blur(20px);\n  object-fit: cover;\n  z-index: -1;\n}\n\n\n.desc {\n  font-size: 20px;\n  position: absolute;\n  bottom: 0;\n  padding: 25px;\n  background: rgba(0,0,0,0.4);\n  width: 100%;\n  text-align: center;\n  color: #ffffff;\n  z-index: 999;\n}\n\n.desc:empty{\n  display: none;\n}\n\n\n<\/style>\n","protected":false},"excerpt":{"rendered":"<p>Bring your Family in Eug\u00e9nie !Spacious rooms, gardens, kid\u2019s menus and special gifts for toddlers and kids \u2026 We love to spoil your little ones! \u201cFamily Friendly\u201d Rooms These rooms are perfect to host your entire family : Welcome Baby \ud83d\udc76 ! Until 2 years old, your baby is our guest. Ask for a cute [&hellip;]<\/p>\n","protected":false},"author":5,"featured_media":38390,"parent":0,"menu_order":0,"comment_status":"open","ping_status":"open","template":"","meta":{"_acf_changed":false,"footnotes":""},"class_list":["post-56428","page","type-page","status-publish","has-post-thumbnail","hentry"],"acf":[],"yoast_head":"<!-- This site is optimized with the Yoast SEO plugin v26.7 - https:\/\/yoast.com\/wordpress\/plugins\/seo\/ -->\n<title>Family friendly hotel in the LANDES - Les Pr\u00e9s d&#039;Eug\u00e9nie - Maison Gu\u00e9rard<\/title>\n<meta name=\"description\" content=\"Bring your Family in Eug\u00e9nie, spacious rooms, gardens, kid\u2019s menus... Enjoy a family holiday at the luxury hotel Les Pr\u00e9s d&#039;Eugenie - Maison Guerard.\" \/>\n<meta name=\"robots\" content=\"index, follow, max-snippet:-1, max-image-preview:large, max-video-preview:-1\" \/>\n<link rel=\"canonical\" href=\"https:\/\/lespresdeugenie.com\/en\/your-family\/\" \/>\n<meta property=\"og:locale\" content=\"en_US\" \/>\n<meta property=\"og:type\" content=\"article\" \/>\n<meta property=\"og:title\" content=\"Family friendly hotel in the LANDES - Les Pr\u00e9s d&#039;Eug\u00e9nie - Maison Gu\u00e9rard\" \/>\n<meta property=\"og:description\" content=\"Bring your Family in Eug\u00e9nie, spacious rooms, gardens, kid\u2019s menus... Enjoy a family holiday at the luxury hotel Les Pr\u00e9s d&#039;Eugenie - Maison Guerard.\" \/>\n<meta property=\"og:url\" content=\"https:\/\/lespresdeugenie.com\/en\/your-family\/\" \/>\n<meta property=\"og:site_name\" content=\"Les Pr\u00e9s d&#039;Eug\u00e9nie\" \/>\n<meta property=\"article:publisher\" content=\"https:\/\/www.facebook.com\/LesPresdEugenie\/\" \/>\n<meta property=\"article:modified_time\" content=\"2025-03-04T13:27:09+00:00\" \/>\n<meta property=\"og:image\" content=\"https:\/\/lespresdeugenie.com\/wp-content\/uploads\/2021\/05\/les-pres-d-eugenie_famille_02_vignette.jpg\" \/>\n\t<meta property=\"og:image:width\" content=\"1715\" \/>\n\t<meta property=\"og:image:height\" content=\"1029\" \/>\n\t<meta property=\"og:image:type\" content=\"image\/jpeg\" \/>\n<meta name=\"twitter:card\" content=\"summary_large_image\" \/>\n<meta name=\"twitter:label1\" content=\"Est. reading time\" \/>\n\t<meta name=\"twitter:data1\" content=\"3 minutes\" \/>\n<script type=\"application\/ld+json\" class=\"yoast-schema-graph\">{\"@context\":\"https:\/\/schema.org\",\"@graph\":[{\"@type\":\"WebPage\",\"@id\":\"https:\/\/lespresdeugenie.com\/en\/your-family\/\",\"url\":\"https:\/\/lespresdeugenie.com\/en\/your-family\/\",\"name\":\"Family friendly hotel in the LANDES - Les Pr\u00e9s d&#039;Eug\u00e9nie - Maison Gu\u00e9rard\",\"isPartOf\":{\"@id\":\"https:\/\/lespresdeugenie.com\/#website\"},\"primaryImageOfPage\":{\"@id\":\"https:\/\/lespresdeugenie.com\/en\/your-family\/#primaryimage\"},\"image\":{\"@id\":\"https:\/\/lespresdeugenie.com\/en\/your-family\/#primaryimage\"},\"thumbnailUrl\":\"https:\/\/lespresdeugenie.com\/wp-content\/uploads\/2021\/05\/les-pres-d-eugenie_famille_02_vignette.jpg\",\"datePublished\":\"2022-12-14T08:53:29+00:00\",\"dateModified\":\"2025-03-04T13:27:09+00:00\",\"description\":\"Bring your Family in Eug\u00e9nie, spacious rooms, gardens, kid\u2019s menus... Enjoy a family holiday at the luxury hotel Les Pr\u00e9s d'Eugenie - Maison Guerard.\",\"breadcrumb\":{\"@id\":\"https:\/\/lespresdeugenie.com\/en\/your-family\/#breadcrumb\"},\"inLanguage\":\"en-US\",\"potentialAction\":[{\"@type\":\"ReadAction\",\"target\":[\"https:\/\/lespresdeugenie.com\/en\/your-family\/\"]}]},{\"@type\":\"ImageObject\",\"inLanguage\":\"en-US\",\"@id\":\"https:\/\/lespresdeugenie.com\/en\/your-family\/#primaryimage\",\"url\":\"https:\/\/lespresdeugenie.com\/wp-content\/uploads\/2021\/05\/les-pres-d-eugenie_famille_02_vignette.jpg\",\"contentUrl\":\"https:\/\/lespresdeugenie.com\/wp-content\/uploads\/2021\/05\/les-pres-d-eugenie_famille_02_vignette.jpg\",\"width\":1715,\"height\":1029,\"caption\":\"Les Pr\u00e9s d'Eug\u00e9nie - Palace en Famille - Kid friendly\"},{\"@type\":\"BreadcrumbList\",\"@id\":\"https:\/\/lespresdeugenie.com\/en\/your-family\/#breadcrumb\",\"itemListElement\":[{\"@type\":\"ListItem\",\"position\":1,\"name\":\"Home\",\"item\":\"https:\/\/lespresdeugenie.com\/en\/\"},{\"@type\":\"ListItem\",\"position\":2,\"name\":\"Family friendly hotel in the LANDES\"}]},{\"@type\":\"WebSite\",\"@id\":\"https:\/\/lespresdeugenie.com\/#website\",\"url\":\"https:\/\/lespresdeugenie.com\/\",\"name\":\"Les Pr\u00e9s d'Eugenie - Maison Gu\u00e9rard\",\"description\":\"Maison Gu\u00e9rard\",\"publisher\":{\"@id\":\"https:\/\/lespresdeugenie.com\/#organization\"},\"alternateName\":\"LPDE\",\"potentialAction\":[{\"@type\":\"SearchAction\",\"target\":{\"@type\":\"EntryPoint\",\"urlTemplate\":\"https:\/\/lespresdeugenie.com\/?s={search_term_string}\"},\"query-input\":{\"@type\":\"PropertyValueSpecification\",\"valueRequired\":true,\"valueName\":\"search_term_string\"}}],\"inLanguage\":\"en-US\"},{\"@type\":\"Organization\",\"@id\":\"https:\/\/lespresdeugenie.com\/#organization\",\"name\":\"Les Pr\u00e9s d'Eugenie - Maison Gu\u00e9rard\",\"url\":\"https:\/\/lespresdeugenie.com\/\",\"logo\":{\"@type\":\"ImageObject\",\"inLanguage\":\"en-US\",\"@id\":\"https:\/\/lespresdeugenie.com\/#\/schema\/logo\/image\/\",\"url\":\"https:\/\/lespresdeugenie.com\/wp-content\/uploads\/2022\/12\/les-pres-eugenie-logo-1.png\",\"contentUrl\":\"https:\/\/lespresdeugenie.com\/wp-content\/uploads\/2022\/12\/les-pres-eugenie-logo-1.png\",\"width\":269,\"height\":60,\"caption\":\"Les Pr\u00e9s d'Eugenie - Maison Gu\u00e9rard\"},\"image\":{\"@id\":\"https:\/\/lespresdeugenie.com\/#\/schema\/logo\/image\/\"},\"sameAs\":[\"https:\/\/www.facebook.com\/LesPresdEugenie\/\",\"https:\/\/www.instagram.com\/maisons_guerard\/?hl=fr\",\"https:\/\/fr.linkedin.com\/company\/les-pres-d'eugenie\"]}]}<\/script>\n<!-- \/ Yoast SEO plugin. -->","yoast_head_json":{"title":"Family friendly hotel in the LANDES - Les Pr\u00e9s d&#039;Eug\u00e9nie - Maison Gu\u00e9rard","description":"Bring your Family in Eug\u00e9nie, spacious rooms, gardens, kid\u2019s menus... Enjoy a family holiday at the luxury hotel Les Pr\u00e9s d'Eugenie - Maison Guerard.","robots":{"index":"index","follow":"follow","max-snippet":"max-snippet:-1","max-image-preview":"max-image-preview:large","max-video-preview":"max-video-preview:-1"},"canonical":"https:\/\/lespresdeugenie.com\/en\/your-family\/","og_locale":"en_US","og_type":"article","og_title":"Family friendly hotel in the LANDES - Les Pr\u00e9s d&#039;Eug\u00e9nie - Maison Gu\u00e9rard","og_description":"Bring your Family in Eug\u00e9nie, spacious rooms, gardens, kid\u2019s menus... Enjoy a family holiday at the luxury hotel Les Pr\u00e9s d'Eugenie - Maison Guerard.","og_url":"https:\/\/lespresdeugenie.com\/en\/your-family\/","og_site_name":"Les Pr\u00e9s d&#039;Eug\u00e9nie","article_publisher":"https:\/\/www.facebook.com\/LesPresdEugenie\/","article_modified_time":"2025-03-04T13:27:09+00:00","og_image":[{"width":1715,"height":1029,"url":"https:\/\/lespresdeugenie.com\/wp-content\/uploads\/2021\/05\/les-pres-d-eugenie_famille_02_vignette.jpg","type":"image\/jpeg"}],"twitter_card":"summary_large_image","twitter_misc":{"Est. reading time":"3 minutes"},"schema":{"@context":"https:\/\/schema.org","@graph":[{"@type":"WebPage","@id":"https:\/\/lespresdeugenie.com\/en\/your-family\/","url":"https:\/\/lespresdeugenie.com\/en\/your-family\/","name":"Family friendly hotel in the LANDES - Les Pr\u00e9s d&#039;Eug\u00e9nie - Maison Gu\u00e9rard","isPartOf":{"@id":"https:\/\/lespresdeugenie.com\/#website"},"primaryImageOfPage":{"@id":"https:\/\/lespresdeugenie.com\/en\/your-family\/#primaryimage"},"image":{"@id":"https:\/\/lespresdeugenie.com\/en\/your-family\/#primaryimage"},"thumbnailUrl":"https:\/\/lespresdeugenie.com\/wp-content\/uploads\/2021\/05\/les-pres-d-eugenie_famille_02_vignette.jpg","datePublished":"2022-12-14T08:53:29+00:00","dateModified":"2025-03-04T13:27:09+00:00","description":"Bring your Family in Eug\u00e9nie, spacious rooms, gardens, kid\u2019s menus... Enjoy a family holiday at the luxury hotel Les Pr\u00e9s d'Eugenie - Maison Guerard.","breadcrumb":{"@id":"https:\/\/lespresdeugenie.com\/en\/your-family\/#breadcrumb"},"inLanguage":"en-US","potentialAction":[{"@type":"ReadAction","target":["https:\/\/lespresdeugenie.com\/en\/your-family\/"]}]},{"@type":"ImageObject","inLanguage":"en-US","@id":"https:\/\/lespresdeugenie.com\/en\/your-family\/#primaryimage","url":"https:\/\/lespresdeugenie.com\/wp-content\/uploads\/2021\/05\/les-pres-d-eugenie_famille_02_vignette.jpg","contentUrl":"https:\/\/lespresdeugenie.com\/wp-content\/uploads\/2021\/05\/les-pres-d-eugenie_famille_02_vignette.jpg","width":1715,"height":1029,"caption":"Les Pr\u00e9s d'Eug\u00e9nie - Palace en Famille - Kid friendly"},{"@type":"BreadcrumbList","@id":"https:\/\/lespresdeugenie.com\/en\/your-family\/#breadcrumb","itemListElement":[{"@type":"ListItem","position":1,"name":"Home","item":"https:\/\/lespresdeugenie.com\/en\/"},{"@type":"ListItem","position":2,"name":"Family friendly hotel in the LANDES"}]},{"@type":"WebSite","@id":"https:\/\/lespresdeugenie.com\/#website","url":"https:\/\/lespresdeugenie.com\/","name":"Les Pr\u00e9s d'Eugenie - Maison Gu\u00e9rard","description":"Maison Gu\u00e9rard","publisher":{"@id":"https:\/\/lespresdeugenie.com\/#organization"},"alternateName":"LPDE","potentialAction":[{"@type":"SearchAction","target":{"@type":"EntryPoint","urlTemplate":"https:\/\/lespresdeugenie.com\/?s={search_term_string}"},"query-input":{"@type":"PropertyValueSpecification","valueRequired":true,"valueName":"search_term_string"}}],"inLanguage":"en-US"},{"@type":"Organization","@id":"https:\/\/lespresdeugenie.com\/#organization","name":"Les Pr\u00e9s d'Eugenie - Maison Gu\u00e9rard","url":"https:\/\/lespresdeugenie.com\/","logo":{"@type":"ImageObject","inLanguage":"en-US","@id":"https:\/\/lespresdeugenie.com\/#\/schema\/logo\/image\/","url":"https:\/\/lespresdeugenie.com\/wp-content\/uploads\/2022\/12\/les-pres-eugenie-logo-1.png","contentUrl":"https:\/\/lespresdeugenie.com\/wp-content\/uploads\/2022\/12\/les-pres-eugenie-logo-1.png","width":269,"height":60,"caption":"Les Pr\u00e9s d'Eugenie - Maison Gu\u00e9rard"},"image":{"@id":"https:\/\/lespresdeugenie.com\/#\/schema\/logo\/image\/"},"sameAs":["https:\/\/www.facebook.com\/LesPresdEugenie\/","https:\/\/www.instagram.com\/maisons_guerard\/?hl=fr","https:\/\/fr.linkedin.com\/company\/les-pres-d'eugenie"]}]}},"_links":{"self":[{"href":"https:\/\/lespresdeugenie.com\/en\/wp-json\/wp\/v2\/pages\/56428","targetHints":{"allow":["GET"]}}],"collection":[{"href":"https:\/\/lespresdeugenie.com\/en\/wp-json\/wp\/v2\/pages"}],"about":[{"href":"https:\/\/lespresdeugenie.com\/en\/wp-json\/wp\/v2\/types\/page"}],"author":[{"embeddable":true,"href":"https:\/\/lespresdeugenie.com\/en\/wp-json\/wp\/v2\/users\/5"}],"replies":[{"embeddable":true,"href":"https:\/\/lespresdeugenie.com\/en\/wp-json\/wp\/v2\/comments?post=56428"}],"version-history":[{"count":5,"href":"https:\/\/lespresdeugenie.com\/en\/wp-json\/wp\/v2\/pages\/56428\/revisions"}],"predecessor-version":[{"id":94592,"href":"https:\/\/lespresdeugenie.com\/en\/wp-json\/wp\/v2\/pages\/56428\/revisions\/94592"}],"wp:featuredmedia":[{"embeddable":true,"href":"https:\/\/lespresdeugenie.com\/en\/wp-json\/wp\/v2\/media\/38390"}],"wp:attachment":[{"href":"https:\/\/lespresdeugenie.com\/en\/wp-json\/wp\/v2\/media?parent=56428"}],"curies":[{"name":"wp","href":"https:\/\/api.w.org\/{rel}","templated":true}]}}