{"id":56439,"date":"2022-12-14T09:53:47","date_gmt":"2022-12-14T08:53:47","guid":{"rendered":"http:\/\/lespresdeugenie.com\/travel-agents-partners\/"},"modified":"2025-03-20T17:32:47","modified_gmt":"2025-03-20T16:32:47","slug":"travel-agents-partners","status":"publish","type":"page","link":"https:\/\/lespresdeugenie.com\/en\/travel-agents-partners\/","title":{"rendered":"Travel Agents &amp; Partners"},"content":{"rendered":"\n<div class=\"wp-block-cover has-custom-content-position is-position-bottom-center\" style=\"min-height:80vh;aspect-ratio:unset;\"><span aria-hidden=\"true\" class=\"wp-block-cover__background has-background-dim-20 has-background-dim\" style=\"background-color:#57596e\"><\/span><img decoding=\"async\" width=\"3266\" height=\"1600\" src=\"https:\/\/lespresdeugenie.com\/wp-content\/uploads\/2018\/06\/eugene-compress.jpg\" class=\"wp-block-cover__image-background wp-post-image\" alt=\"\" data-object-fit=\"cover\" srcset=\"https:\/\/lespresdeugenie.com\/wp-content\/uploads\/2018\/06\/eugene-compress.jpg 3266w, https:\/\/lespresdeugenie.com\/wp-content\/uploads\/2018\/06\/eugene-compress-600x294.jpg 600w, https:\/\/lespresdeugenie.com\/wp-content\/uploads\/2018\/06\/eugene-compress-300x147.jpg 300w, https:\/\/lespresdeugenie.com\/wp-content\/uploads\/2018\/06\/eugene-compress-768x376.jpg 768w, https:\/\/lespresdeugenie.com\/wp-content\/uploads\/2018\/06\/eugene-compress-1024x502.jpg 1024w\" sizes=\"(max-width: 3266px) 100vw, 3266px\" \/><div class=\"wp-block-cover__inner-container is-layout-flow wp-block-cover-is-layout-flow\">\n<div class=\"wp-block-group has-white-background-color has-background is-layout-constrained wp-block-group-is-layout-constrained\">\n<h1 class=\"wp-block-heading has-text-align-center has-black-color has-text-color\">Travel Agents &amp; Partners<\/h1>\n<\/div>\n<\/div><\/div>\n\n\n\n<div style=\"height:100px\" aria-hidden=\"true\" class=\"wp-block-spacer\"><\/div>\n\n\n\n<div class=\"wp-block-columns are-vertically-aligned-center is-layout-flex wp-container-core-columns-is-layout-28f84493 wp-block-columns-is-layout-flex\">\n<div class=\"wp-block-column is-vertically-aligned-center is-layout-flow wp-block-column-is-layout-flow\" style=\"flex-basis:10%\"><\/div>\n\n\n\n<div class=\"wp-block-column is-vertically-aligned-center is-layout-flow wp-block-column-is-layout-flow\" style=\"flex-basis:80%\">\n<figure class=\"wp-block-image aligncenter size-full\"><img decoding=\"async\" src=\"http:\/\/lespresdeugenie.com\/wp-content\/uploads\/2022\/12\/les-pres-eugenie-logo-relais-chateaux.svg\" alt=\"\" class=\"wp-image-56739\"\/><\/figure>\n\n\n\n<p class=\"has-text-align-center\"><strong>Proud member of Relais &amp; Ch\u00e2teaux since 1968<\/strong><\/p>\n\n\n\n<div style=\"height:25px\" aria-hidden=\"true\" class=\"wp-block-spacer\"><\/div>\n\n\n\n<p class=\"has-text-align-center\">Book a room at Les Pr\u00e9s d\u2019Eug\u00e9nie :<br>Phone : + 33 5 58 05 06 07<br>E-mail :&nbsp;<a href=\"mailto:reservation@lespreseugenie.com\">reservation@lespreseugenie.com<\/a><\/p>\n\n\n\n<p class=\"has-text-align-center\"><strong>Booking through GDS is highly advised.<br>The entire range of our packages and rates are available through the main digital plateforms.<\/strong><br><strong>Commission payments are guaranteed by Onyx (payment by 30 days).<\/strong><\/p>\n\n\n\n<p class=\"has-text-align-center\">Thanks to a new agreement with Onyx, we guarantee fast and reliable commission payment, 30 days after your clients\u2019 departure.<\/p>\n\n\n\n<div style=\"height:25px\" aria-hidden=\"true\" class=\"wp-block-spacer\"><\/div>\n\n\n\n<h3 class=\"wp-block-heading has-text-align-center\">We are proud partners of:<\/h3>\n\n\n\n<figure class=\"wp-block-image aligncenter size-full\"><img decoding=\"async\" src=\"http:\/\/lespresdeugenie.com\/wp-content\/uploads\/2022\/12\/les-pres-eugenie-logo-virtuoso.svg\" alt=\"\" class=\"wp-image-56742\"\/><\/figure>\n\n\n\n<div style=\"height:25px\" aria-hidden=\"true\" class=\"wp-block-spacer\"><\/div>\n\n\n\n<div style=\"height:25px\" aria-hidden=\"true\" class=\"wp-block-spacer\"><\/div>\n\n\n\n<figure class=\"wp-block-image aligncenter size-full\"><img decoding=\"async\" src=\"http:\/\/lespresdeugenie.com\/wp-content\/uploads\/2022\/12\/les-pres-eugenie-logo-fine-hotels-and-resorts.svg\" alt=\"\" class=\"wp-image-56744\"\/><\/figure>\n\n\n\n<div style=\"height:25px\" aria-hidden=\"true\" class=\"wp-block-spacer\"><\/div>\n\n\n\n<h3 class=\"wp-block-heading has-text-align-center\">Consortia Rates<\/h3>\n\n\n\n<p class=\"has-text-align-center\">Please note that FHR and Virtuoso Rates are bookable via GDS and via direct booking through our&nbsp;<a href=\"mailto:reservation@lespresdeugenie.com\">Reservation \u201cSquad\u201d<\/a>&nbsp;only.<\/p>\n\n\n\n<h3 class=\"wp-block-heading has-text-align-center\">Net Rates<\/h3>\n\n\n\n<p class=\"has-text-align-center\">We give you the possibility to book&nbsp;<strong>Net Rates<\/strong>&nbsp;directly through your System.<\/p>\n\n\n\n<h3 class=\"wp-block-heading has-text-align-center\">Why not Visit us ?<\/h3>\n\n\n\n<p class=\"has-text-align-center\">We also offer&nbsp;<strong>special TID Rates<\/strong>&nbsp;for your personal stays. Enjoy a special Travel Industry Discount of&nbsp;<strong>50 % off our Best Flexible Rates<\/strong>&nbsp;all year round (except on some black out dates such as bank holidays and New Year)<\/p>\n\n\n\n<h3 class=\"wp-block-heading has-text-align-center\">GDS CODES<\/h3>\n\n\n\n<p class=\"has-text-align-center\">Amadeus : WBPUFW23<\/p>\n\n\n\n<p class=\"has-text-align-center\">Sabre : WB39673<\/p>\n\n\n\n<p class=\"has-text-align-center\">Appolo\/Galileo : WB60971<\/p>\n\n\n\n<p class=\"has-text-align-center\">Worldspan : WBSW23<\/p>\n\n\n\n<div class=\"wp-block-buttons is-content-justification-center is-layout-flex wp-container-core-buttons-is-layout-a89b3969 wp-block-buttons-is-layout-flex\">\n<div class=\"wp-block-button is-style-outline is-style-outline--1\"><a class=\"wp-block-button__link wp-element-button\" href=\"https:\/\/lespresdeugenie.com\/menu-carte\/factsheet_en\/\" target=\"_blank\" rel=\"noreferrer noopener\">dowload our Factsheet<\/a><\/div>\n<\/div>\n\n\n\n<div style=\"height:25px\" aria-hidden=\"true\" class=\"wp-block-spacer\"><\/div>\n\n\n\n<p class=\"has-text-align-center\">Should you need any specific request or question, please feel free to contact us ;<br><strong>it will be our pleasure to stage your client\u2019s unforgettable holidays.<\/strong><\/p>\n\n\n\n<p class=\"has-text-align-center\">Warm regards from French South West,<\/p>\n\n\n\n<p class=\"has-text-align-center\"><strong>The Gu\u00e9rards\u2019<\/strong><br><strong>and Eug\u00e9nie Crew<\/strong><\/p>\n<\/div>\n\n\n\n<div class=\"wp-block-column is-vertically-aligned-center is-layout-flow wp-block-column-is-layout-flow\" style=\"flex-basis:10%\"><\/div>\n<\/div>\n","protected":false},"excerpt":{"rendered":"<p>Proud member of Relais &amp; Ch\u00e2teaux since 1968 Book a room at Les Pr\u00e9s d\u2019Eug\u00e9nie :Phone : + 33 5 58 05 06 07E-mail :&nbsp;reservation@lespreseugenie.com Booking through GDS is highly advised.The entire range of our packages and rates are available through the main digital plateforms.Commission payments are guaranteed by Onyx (payment by 30 days). Thanks [&hellip;]<\/p>\n","protected":false},"author":5,"featured_media":1007,"parent":0,"menu_order":0,"comment_status":"open","ping_status":"open","template":"","meta":{"_acf_changed":false,"footnotes":""},"class_list":["post-56439","page","type-page","status-publish","has-post-thumbnail","hentry"],"acf":[],"yoast_head":"<!-- This site is optimized with the Yoast SEO plugin v26.7 - https:\/\/yoast.com\/wordpress\/plugins\/seo\/ -->\n<title>Travel Agents &amp; Partners - Les Pr\u00e9s d&#039;Eug\u00e9nie - Maison Gu\u00e9rard<\/title>\n<meta name=\"description\" content=\"Travel Agents &amp; Partners : Les Pr\u00e9s d&#039;Eug\u00e9nie - Maison Gu\u00e9rard member of Relais &amp; Ch\u00e2teaux. Booking through GDS Amadeus, Sabre, Galileo, Worldspan.\" \/>\n<meta name=\"robots\" content=\"index, follow, max-snippet:-1, max-image-preview:large, max-video-preview:-1\" \/>\n<link rel=\"canonical\" href=\"https:\/\/lespresdeugenie.com\/en\/travel-agents-partners\/\" \/>\n<meta property=\"og:locale\" content=\"en_US\" \/>\n<meta property=\"og:type\" content=\"article\" \/>\n<meta property=\"og:title\" content=\"Travel Agents &amp; Partners - Les Pr\u00e9s d&#039;Eug\u00e9nie - Maison Gu\u00e9rard\" \/>\n<meta property=\"og:description\" content=\"Travel Agents &amp; Partners : Les Pr\u00e9s d&#039;Eug\u00e9nie - Maison Gu\u00e9rard member of Relais &amp; Ch\u00e2teaux. Booking through GDS Amadeus, Sabre, Galileo, Worldspan.\" \/>\n<meta property=\"og:url\" content=\"https:\/\/lespresdeugenie.com\/en\/travel-agents-partners\/\" \/>\n<meta property=\"og:site_name\" content=\"Les Pr\u00e9s d&#039;Eug\u00e9nie\" \/>\n<meta property=\"article:publisher\" content=\"https:\/\/www.facebook.com\/LesPresdEugenie\/\" \/>\n<meta property=\"article:modified_time\" content=\"2025-03-20T16:32:47+00:00\" \/>\n<meta property=\"og:image\" content=\"https:\/\/lespresdeugenie.com\/wp-content\/uploads\/2018\/06\/eugene-compress.jpg\" \/>\n\t<meta property=\"og:image:width\" content=\"3266\" \/>\n\t<meta property=\"og:image:height\" content=\"1600\" \/>\n\t<meta property=\"og:image:type\" content=\"image\/jpeg\" \/>\n<meta name=\"twitter:card\" content=\"summary_large_image\" \/>\n<meta name=\"twitter:label1\" content=\"Est. reading time\" \/>\n\t<meta name=\"twitter:data1\" content=\"2 minutes\" \/>\n<script type=\"application\/ld+json\" class=\"yoast-schema-graph\">{\"@context\":\"https:\/\/schema.org\",\"@graph\":[{\"@type\":\"WebPage\",\"@id\":\"https:\/\/lespresdeugenie.com\/en\/travel-agents-partners\/\",\"url\":\"https:\/\/lespresdeugenie.com\/en\/travel-agents-partners\/\",\"name\":\"Travel Agents &amp; Partners - Les Pr\u00e9s d&#039;Eug\u00e9nie - Maison Gu\u00e9rard\",\"isPartOf\":{\"@id\":\"https:\/\/lespresdeugenie.com\/#website\"},\"primaryImageOfPage\":{\"@id\":\"https:\/\/lespresdeugenie.com\/en\/travel-agents-partners\/#primaryimage\"},\"image\":{\"@id\":\"https:\/\/lespresdeugenie.com\/en\/travel-agents-partners\/#primaryimage\"},\"thumbnailUrl\":\"https:\/\/lespresdeugenie.com\/wp-content\/uploads\/2018\/06\/eugene-compress.jpg\",\"datePublished\":\"2022-12-14T08:53:47+00:00\",\"dateModified\":\"2025-03-20T16:32:47+00:00\",\"description\":\"Travel Agents & Partners : Les Pr\u00e9s d'Eug\u00e9nie - Maison Gu\u00e9rard member of Relais & Ch\u00e2teaux. Booking through GDS Amadeus, Sabre, Galileo, Worldspan.\",\"breadcrumb\":{\"@id\":\"https:\/\/lespresdeugenie.com\/en\/travel-agents-partners\/#breadcrumb\"},\"inLanguage\":\"en-US\",\"potentialAction\":[{\"@type\":\"ReadAction\",\"target\":[\"https:\/\/lespresdeugenie.com\/en\/travel-agents-partners\/\"]}]},{\"@type\":\"ImageObject\",\"inLanguage\":\"en-US\",\"@id\":\"https:\/\/lespresdeugenie.com\/en\/travel-agents-partners\/#primaryimage\",\"url\":\"https:\/\/lespresdeugenie.com\/wp-content\/uploads\/2018\/06\/eugene-compress.jpg\",\"contentUrl\":\"https:\/\/lespresdeugenie.com\/wp-content\/uploads\/2018\/06\/eugene-compress.jpg\",\"width\":3266,\"height\":1600,\"caption\":\"Cha\u00eene thermale\"},{\"@type\":\"BreadcrumbList\",\"@id\":\"https:\/\/lespresdeugenie.com\/en\/travel-agents-partners\/#breadcrumb\",\"itemListElement\":[{\"@type\":\"ListItem\",\"position\":1,\"name\":\"Home\",\"item\":\"https:\/\/lespresdeugenie.com\/en\/\"},{\"@type\":\"ListItem\",\"position\":2,\"name\":\"Travel Agents &amp; Partners\"}]},{\"@type\":\"WebSite\",\"@id\":\"https:\/\/lespresdeugenie.com\/#website\",\"url\":\"https:\/\/lespresdeugenie.com\/\",\"name\":\"Les Pr\u00e9s d'Eugenie - Maison Gu\u00e9rard\",\"description\":\"Maison Gu\u00e9rard\",\"publisher\":{\"@id\":\"https:\/\/lespresdeugenie.com\/#organization\"},\"alternateName\":\"LPDE\",\"potentialAction\":[{\"@type\":\"SearchAction\",\"target\":{\"@type\":\"EntryPoint\",\"urlTemplate\":\"https:\/\/lespresdeugenie.com\/?s={search_term_string}\"},\"query-input\":{\"@type\":\"PropertyValueSpecification\",\"valueRequired\":true,\"valueName\":\"search_term_string\"}}],\"inLanguage\":\"en-US\"},{\"@type\":\"Organization\",\"@id\":\"https:\/\/lespresdeugenie.com\/#organization\",\"name\":\"Les Pr\u00e9s d'Eugenie - Maison Gu\u00e9rard\",\"url\":\"https:\/\/lespresdeugenie.com\/\",\"logo\":{\"@type\":\"ImageObject\",\"inLanguage\":\"en-US\",\"@id\":\"https:\/\/lespresdeugenie.com\/#\/schema\/logo\/image\/\",\"url\":\"https:\/\/lespresdeugenie.com\/wp-content\/uploads\/2022\/12\/les-pres-eugenie-logo-1.png\",\"contentUrl\":\"https:\/\/lespresdeugenie.com\/wp-content\/uploads\/2022\/12\/les-pres-eugenie-logo-1.png\",\"width\":269,\"height\":60,\"caption\":\"Les Pr\u00e9s d'Eugenie - Maison Gu\u00e9rard\"},\"image\":{\"@id\":\"https:\/\/lespresdeugenie.com\/#\/schema\/logo\/image\/\"},\"sameAs\":[\"https:\/\/www.facebook.com\/LesPresdEugenie\/\",\"https:\/\/www.instagram.com\/maisons_guerard\/?hl=fr\",\"https:\/\/fr.linkedin.com\/company\/les-pres-d'eugenie\"]}]}<\/script>\n<!-- \/ Yoast SEO plugin. -->","yoast_head_json":{"title":"Travel Agents &amp; Partners - Les Pr\u00e9s d&#039;Eug\u00e9nie - Maison Gu\u00e9rard","description":"Travel Agents & Partners : Les Pr\u00e9s d'Eug\u00e9nie - Maison Gu\u00e9rard member of Relais & Ch\u00e2teaux. Booking through GDS Amadeus, Sabre, Galileo, Worldspan.","robots":{"index":"index","follow":"follow","max-snippet":"max-snippet:-1","max-image-preview":"max-image-preview:large","max-video-preview":"max-video-preview:-1"},"canonical":"https:\/\/lespresdeugenie.com\/en\/travel-agents-partners\/","og_locale":"en_US","og_type":"article","og_title":"Travel Agents &amp; Partners - Les Pr\u00e9s d&#039;Eug\u00e9nie - Maison Gu\u00e9rard","og_description":"Travel Agents & Partners : Les Pr\u00e9s d'Eug\u00e9nie - Maison Gu\u00e9rard member of Relais & Ch\u00e2teaux. Booking through GDS Amadeus, Sabre, Galileo, Worldspan.","og_url":"https:\/\/lespresdeugenie.com\/en\/travel-agents-partners\/","og_site_name":"Les Pr\u00e9s d&#039;Eug\u00e9nie","article_publisher":"https:\/\/www.facebook.com\/LesPresdEugenie\/","article_modified_time":"2025-03-20T16:32:47+00:00","og_image":[{"width":3266,"height":1600,"url":"https:\/\/lespresdeugenie.com\/wp-content\/uploads\/2018\/06\/eugene-compress.jpg","type":"image\/jpeg"}],"twitter_card":"summary_large_image","twitter_misc":{"Est. reading time":"2 minutes"},"schema":{"@context":"https:\/\/schema.org","@graph":[{"@type":"WebPage","@id":"https:\/\/lespresdeugenie.com\/en\/travel-agents-partners\/","url":"https:\/\/lespresdeugenie.com\/en\/travel-agents-partners\/","name":"Travel Agents &amp; Partners - Les Pr\u00e9s d&#039;Eug\u00e9nie - Maison Gu\u00e9rard","isPartOf":{"@id":"https:\/\/lespresdeugenie.com\/#website"},"primaryImageOfPage":{"@id":"https:\/\/lespresdeugenie.com\/en\/travel-agents-partners\/#primaryimage"},"image":{"@id":"https:\/\/lespresdeugenie.com\/en\/travel-agents-partners\/#primaryimage"},"thumbnailUrl":"https:\/\/lespresdeugenie.com\/wp-content\/uploads\/2018\/06\/eugene-compress.jpg","datePublished":"2022-12-14T08:53:47+00:00","dateModified":"2025-03-20T16:32:47+00:00","description":"Travel Agents & Partners : Les Pr\u00e9s d'Eug\u00e9nie - Maison Gu\u00e9rard member of Relais & Ch\u00e2teaux. Booking through GDS Amadeus, Sabre, Galileo, Worldspan.","breadcrumb":{"@id":"https:\/\/lespresdeugenie.com\/en\/travel-agents-partners\/#breadcrumb"},"inLanguage":"en-US","potentialAction":[{"@type":"ReadAction","target":["https:\/\/lespresdeugenie.com\/en\/travel-agents-partners\/"]}]},{"@type":"ImageObject","inLanguage":"en-US","@id":"https:\/\/lespresdeugenie.com\/en\/travel-agents-partners\/#primaryimage","url":"https:\/\/lespresdeugenie.com\/wp-content\/uploads\/2018\/06\/eugene-compress.jpg","contentUrl":"https:\/\/lespresdeugenie.com\/wp-content\/uploads\/2018\/06\/eugene-compress.jpg","width":3266,"height":1600,"caption":"Cha\u00eene thermale"},{"@type":"BreadcrumbList","@id":"https:\/\/lespresdeugenie.com\/en\/travel-agents-partners\/#breadcrumb","itemListElement":[{"@type":"ListItem","position":1,"name":"Home","item":"https:\/\/lespresdeugenie.com\/en\/"},{"@type":"ListItem","position":2,"name":"Travel Agents &amp; Partners"}]},{"@type":"WebSite","@id":"https:\/\/lespresdeugenie.com\/#website","url":"https:\/\/lespresdeugenie.com\/","name":"Les Pr\u00e9s d'Eugenie - Maison Gu\u00e9rard","description":"Maison Gu\u00e9rard","publisher":{"@id":"https:\/\/lespresdeugenie.com\/#organization"},"alternateName":"LPDE","potentialAction":[{"@type":"SearchAction","target":{"@type":"EntryPoint","urlTemplate":"https:\/\/lespresdeugenie.com\/?s={search_term_string}"},"query-input":{"@type":"PropertyValueSpecification","valueRequired":true,"valueName":"search_term_string"}}],"inLanguage":"en-US"},{"@type":"Organization","@id":"https:\/\/lespresdeugenie.com\/#organization","name":"Les Pr\u00e9s d'Eugenie - Maison Gu\u00e9rard","url":"https:\/\/lespresdeugenie.com\/","logo":{"@type":"ImageObject","inLanguage":"en-US","@id":"https:\/\/lespresdeugenie.com\/#\/schema\/logo\/image\/","url":"https:\/\/lespresdeugenie.com\/wp-content\/uploads\/2022\/12\/les-pres-eugenie-logo-1.png","contentUrl":"https:\/\/lespresdeugenie.com\/wp-content\/uploads\/2022\/12\/les-pres-eugenie-logo-1.png","width":269,"height":60,"caption":"Les Pr\u00e9s d'Eugenie - Maison Gu\u00e9rard"},"image":{"@id":"https:\/\/lespresdeugenie.com\/#\/schema\/logo\/image\/"},"sameAs":["https:\/\/www.facebook.com\/LesPresdEugenie\/","https:\/\/www.instagram.com\/maisons_guerard\/?hl=fr","https:\/\/fr.linkedin.com\/company\/les-pres-d'eugenie"]}]}},"_links":{"self":[{"href":"https:\/\/lespresdeugenie.com\/en\/wp-json\/wp\/v2\/pages\/56439","targetHints":{"allow":["GET"]}}],"collection":[{"href":"https:\/\/lespresdeugenie.com\/en\/wp-json\/wp\/v2\/pages"}],"about":[{"href":"https:\/\/lespresdeugenie.com\/en\/wp-json\/wp\/v2\/types\/page"}],"author":[{"embeddable":true,"href":"https:\/\/lespresdeugenie.com\/en\/wp-json\/wp\/v2\/users\/5"}],"replies":[{"embeddable":true,"href":"https:\/\/lespresdeugenie.com\/en\/wp-json\/wp\/v2\/comments?post=56439"}],"version-history":[{"count":2,"href":"https:\/\/lespresdeugenie.com\/en\/wp-json\/wp\/v2\/pages\/56439\/revisions"}],"predecessor-version":[{"id":95251,"href":"https:\/\/lespresdeugenie.com\/en\/wp-json\/wp\/v2\/pages\/56439\/revisions\/95251"}],"wp:featuredmedia":[{"embeddable":true,"href":"https:\/\/lespresdeugenie.com\/en\/wp-json\/wp\/v2\/media\/1007"}],"wp:attachment":[{"href":"https:\/\/lespresdeugenie.com\/en\/wp-json\/wp\/v2\/media?parent=56439"}],"curies":[{"name":"wp","href":"https:\/\/api.w.org\/{rel}","templated":true}]}}