{"id":56451,"date":"2022-12-14T09:53:47","date_gmt":"2022-12-14T08:53:47","guid":{"rendered":"http:\/\/lespresdeugenie.com\/plan-an-event\/"},"modified":"2022-12-14T11:04:04","modified_gmt":"2022-12-14T10:04:04","slug":"plan-an-event","status":"publish","type":"page","link":"https:\/\/lespresdeugenie.com\/en\/plan-an-event\/","title":{"rendered":"Plan an event"},"content":{"rendered":"\n<div class=\"wp-block-cover has-custom-content-position is-position-bottom-center\" style=\"min-height:80vh;aspect-ratio:unset;\"><span aria-hidden=\"true\" class=\"wp-block-cover__background has-background-dim-20 has-background-dim\"><\/span><img decoding=\"async\" width=\"2500\" height=\"1668\" src=\"https:\/\/lespresdeugenie.com\/wp-content\/uploads\/2018\/11\/les-pres-d-eugenie_jobs_03.jpg\" class=\"wp-block-cover__image-background wp-post-image\" alt=\"\" data-object-fit=\"cover\" srcset=\"https:\/\/lespresdeugenie.com\/wp-content\/uploads\/2018\/11\/les-pres-d-eugenie_jobs_03.jpg 2500w, https:\/\/lespresdeugenie.com\/wp-content\/uploads\/2018\/11\/les-pres-d-eugenie_jobs_03-300x200.jpg 300w, https:\/\/lespresdeugenie.com\/wp-content\/uploads\/2018\/11\/les-pres-d-eugenie_jobs_03-768x512.jpg 768w, https:\/\/lespresdeugenie.com\/wp-content\/uploads\/2018\/11\/les-pres-d-eugenie_jobs_03-1024x683.jpg 1024w, https:\/\/lespresdeugenie.com\/wp-content\/uploads\/2018\/11\/les-pres-d-eugenie_jobs_03-1000x667.jpg 1000w, https:\/\/lespresdeugenie.com\/wp-content\/uploads\/2018\/11\/les-pres-d-eugenie_jobs_03-100x67.jpg 100w\" sizes=\"(max-width: 2500px) 100vw, 2500px\" \/><div class=\"wp-block-cover__inner-container is-layout-flow wp-block-cover-is-layout-flow\">\n<div class=\"wp-block-group has-white-background-color has-background is-layout-constrained wp-block-group-is-layout-constrained\">\n<h1 class=\"has-text-align-center has-black-color has-text-color wp-block-heading\">Plan an event <\/h1>\n<\/div>\n<\/div><\/div>\n\n\n\n<div style=\"height:100px\" aria-hidden=\"true\" class=\"wp-block-spacer\"><\/div>\n\n\n\n  <div class=\"wc-block-grid__wrapper position-relative has-background\">\n    <div class=\"wc-block-grid__title col-9 mx-auto\">\n            <p>Plan your event: weddings and parties, seminars and staff retreats, meals and banquets at Pr\u00e9s d&#8217;Eug\u00e9nie &#8211; Maison Gu\u00e9rard.<\/p>    <\/div>\n    <ul class=\"wc-block-grid__posts dSwiper\" data-swiper={\"slidesPerView\":3.5,\"spaceBetween\":5,\"loop\":false,\"breakpoints\":{\"0\":{\"slidesPerView\":1.2,\"navigation\":{\"enabled\":true}},\"768\":{\"slidesPerView\":2.1,\"navigation\":{\"enabled\":true}},\"992\":{\"slidesPerView\":3.5,\"navigation\":{\"enabled\":false}}}}>\n      <div class=\"swiper-wrapper\">\n        \n          \n          <li class=\"wc-block-grid__post post swiper-slide\">\n            <a href=\"https:\/\/lespresdeugenie.com\/en\/packages\/weddings-parties\/\">\n                <div class=\"wc-block-grid__post-image\">\n                                    <img decoding=\"async\" width=\"600\" height=\"600\" src=\"https:\/\/lespresdeugenie.com\/wp-content\/uploads\/2018\/11\/pres-d-eugenie_mariage_wedding-600x600.jpg\" class=\"attachment-woocommerce_thumbnail size-woocommerce_thumbnail\" alt=\"Les Pr\u00e9s d&#039;Eug\u00e9nie Bodas y fiestas\" srcset=\"https:\/\/lespresdeugenie.com\/wp-content\/uploads\/2018\/11\/pres-d-eugenie_mariage_wedding-600x600.jpg 600w, https:\/\/lespresdeugenie.com\/wp-content\/uploads\/2018\/11\/pres-d-eugenie_mariage_wedding-150x150.jpg 150w, https:\/\/lespresdeugenie.com\/wp-content\/uploads\/2018\/11\/pres-d-eugenie_mariage_wedding-100x100.jpg 100w\" sizes=\"(max-width: 600px) 100vw, 600px\" \/>                \n                <\/div>\n                <div class=\"wc-block-grid__post-title\">\n                                        <h3>WEDDINGS &#038; PARTIES<\/h3>\n                <\/div>\n            <\/a>\n            <div class=\"wc-block-grid__post-detail\">\n              <div class=\"d-flex\">\n                            <\/div>\n              <div class=\"excerpt mt-2\">In the heart of a vast, luxurious park, <strong>in the confines of the Landes and Gers regions<\/strong>, Les Pr\u00e9s d&#8217;Eug\u00e9nie are a dream-like resort, the ideal place to create unforgettable moments with your family and friends.\u00a0<strong>Enjoy the refinement of a 5-star hotel while feeling right at home !<\/strong> Your guests will be coddled for their entire stay, and will discover the countless possibilities that Les Pr\u00e9s d&#8217;Eug\u00e9nie have to offer.<\/div>\n              <a class=\"wc-block-grid__post-button\"  href=\"https:\/\/lespresdeugenie.com\/en\/packages\/weddings-parties\/\">\n                Discover              <\/a>\n            <\/div>\n\n          <\/li>\n\n\n          \n          \n          <li class=\"wc-block-grid__post post swiper-slide\">\n            <a href=\"https:\/\/lespresdeugenie.com\/en\/packages\/seminars-and-staff-retreats\/\">\n                <div class=\"wc-block-grid__post-image\">\n                                    <img decoding=\"async\" width=\"600\" height=\"600\" src=\"https:\/\/lespresdeugenie.com\/wp-content\/uploads\/2018\/11\/les-pres-d-eugenie-seminaires-repas-600x600.jpg\" class=\"attachment-woocommerce_thumbnail size-woocommerce_thumbnail\" alt=\"\" srcset=\"https:\/\/lespresdeugenie.com\/wp-content\/uploads\/2018\/11\/les-pres-d-eugenie-seminaires-repas-600x600.jpg 600w, https:\/\/lespresdeugenie.com\/wp-content\/uploads\/2018\/11\/les-pres-d-eugenie-seminaires-repas-150x150.jpg 150w, https:\/\/lespresdeugenie.com\/wp-content\/uploads\/2018\/11\/les-pres-d-eugenie-seminaires-repas-100x100.jpg 100w\" sizes=\"(max-width: 600px) 100vw, 600px\" \/>                \n                <\/div>\n                <div class=\"wc-block-grid__post-title\">\n                                        <h3>SOCIAL EVENTS &#038; CORPORATE RETREATS<\/h3>\n                <\/div>\n            <\/a>\n            <div class=\"wc-block-grid__post-detail\">\n              <div class=\"d-flex\">\n                            <\/div>\n              <div class=\"excerpt mt-2\">Les Pr\u00e9s d&#8217;Eug\u00e9nie, 45 minutes from Pau, an hour and a half from Bordeaux and 2 hours from Toulouse, <strong>is the ideal resort to brainstorm and create beautiful projects.\n<\/strong>Our <strong>45 rooms and suites<\/strong> can welcomes parties of all sizes for staff retreats,<\/div>\n              <a class=\"wc-block-grid__post-button\"  href=\"https:\/\/lespresdeugenie.com\/en\/packages\/seminars-and-staff-retreats\/\">\n                Discover              <\/a>\n            <\/div>\n\n          <\/li>\n\n\n          \n          \n          <li class=\"wc-block-grid__post post swiper-slide\">\n            <a href=\"https:\/\/lespresdeugenie.com\/en\/packages\/meals-banquets\/\">\n                <div class=\"wc-block-grid__post-image\">\n                                    <img decoding=\"async\" width=\"600\" height=\"600\" src=\"https:\/\/lespresdeugenie.com\/wp-content\/uploads\/2018\/10\/assiette-gastronomique-michel-guerard-michelin-600x600.jpg\" class=\"attachment-woocommerce_thumbnail size-woocommerce_thumbnail\" alt=\"\" srcset=\"https:\/\/lespresdeugenie.com\/wp-content\/uploads\/2018\/10\/assiette-gastronomique-michel-guerard-michelin-600x600.jpg 600w, https:\/\/lespresdeugenie.com\/wp-content\/uploads\/2018\/10\/assiette-gastronomique-michel-guerard-michelin-150x150.jpg 150w, https:\/\/lespresdeugenie.com\/wp-content\/uploads\/2018\/10\/assiette-gastronomique-michel-guerard-michelin-300x300.jpg 300w, https:\/\/lespresdeugenie.com\/wp-content\/uploads\/2018\/10\/assiette-gastronomique-michel-guerard-michelin-768x768.jpg 768w, https:\/\/lespresdeugenie.com\/wp-content\/uploads\/2018\/10\/assiette-gastronomique-michel-guerard-michelin-1024x1024.jpg 1024w, https:\/\/lespresdeugenie.com\/wp-content\/uploads\/2018\/10\/assiette-gastronomique-michel-guerard-michelin-1000x1000.jpg 1000w, https:\/\/lespresdeugenie.com\/wp-content\/uploads\/2018\/10\/assiette-gastronomique-michel-guerard-michelin-100x100.jpg 100w\" sizes=\"(max-width: 600px) 100vw, 600px\" \/>                \n                <\/div>\n                <div class=\"wc-block-grid__post-title\">\n                    <span class=\"price\">From 72\u20ac<\/span>                    <h3>FAMILY &#038; CORPORATE FEASTS<\/h3>\n                <\/div>\n            <\/a>\n            <div class=\"wc-block-grid__post-detail\">\n              <div class=\"d-flex\">\n                            <\/div>\n              <div class=\"excerpt mt-2\"><strong>Michel Gu\u00e9rard and his brigade de cuisine <\/strong>offer three types of cuisine<strong> for your family dinners and professional events, starting from 10 guests.<\/strong><\/div>\n              <a class=\"wc-block-grid__post-button\"  href=\"https:\/\/lespresdeugenie.com\/en\/packages\/meals-banquets\/\">\n                Discover              <\/a>\n            <\/div>\n\n          <\/li>\n\n\n          \n        <\/div>\n        <!-- <div class=\"swiper-pagination\"><\/div> -->\n\n        <!-- If we need navigation buttons -->\n        <div class=\"swiper-button swiper-button-prev d-flex\" style=\"background:transparent;border:0;\" tabindex=\"0\" role=\"button\" aria-label=\"Previous slide\">\n          <svg xmlns=\"http:\/\/www.w3.org\/2000\/svg\" width=\"25.456\" height=\"48.083\" viewBox=\"0 0 25.456 48.083\">\n            <rect class=\"qodef-m-oblique\" width=\"100%\" height=\"100%\" transform=\"translate(1.414 22.627) rotate(45)\"><\/rect>\n            <rect class=\"qodef-m-oblique\" width=\"100%\" height=\"100%\" transform=\"translate(0 24.042) rotate(-45)\"><\/rect>\n            <rect class=\"qodef-m-horizontal\" transform=\"translate(2.433 23.042)\"><\/rect>\n          <\/svg>\n        <\/div>\n        <div class=\"swiper-button swiper-button-next d-flex\" style=\"background:transparent;border:0;\" tabindex=\"0\" role=\"button\" aria-label=\"Next slide\">\n          <svg xmlns=\"http:\/\/www.w3.org\/2000\/svg\" width=\"25.456\" height=\"48.083\" viewBox=\"0 0 25.456 48.083\">\n            <rect class=\"qodef-m-oblique\" width=\"100%\" height=\"100%\" transform=\"translate(1.414 22.627) rotate(45)\"><\/rect>\n            <rect class=\"qodef-m-oblique\" width=\"100%\" height=\"100%\" transform=\"translate(0 24.042) rotate(-45)\"><\/rect>\n            <rect class=\"qodef-m-horizontal\" transform=\"translate(2.433 23.042)\"><\/rect>\n          <\/svg>\n        <\/div>\n      <\/ul>\n    <\/div>\n\n  ","protected":false},"excerpt":{"rendered":"","protected":false},"author":5,"featured_media":2796,"parent":0,"menu_order":0,"comment_status":"open","ping_status":"open","template":"","meta":{"_acf_changed":false,"footnotes":""},"class_list":["post-56451","page","type-page","status-publish","has-post-thumbnail","hentry"],"acf":[],"yoast_head":"<!-- This site is optimized with the Yoast SEO plugin v26.7 - https:\/\/yoast.com\/wordpress\/plugins\/seo\/ -->\n<title>Plan an event - Les Pr\u00e9s d&#039;Eug\u00e9nie - Maison Gu\u00e9rard<\/title>\n<meta name=\"description\" content=\"Plan your event: weddings and parties, seminars and staff retreats, meals and banquets at Pr\u00e9s d&#039;Eug\u00e9nie - Maison Gu\u00e9rard.\" \/>\n<meta name=\"robots\" content=\"index, follow, max-snippet:-1, max-image-preview:large, max-video-preview:-1\" \/>\n<link rel=\"canonical\" href=\"https:\/\/lespresdeugenie.com\/en\/plan-an-event\/\" \/>\n<meta property=\"og:locale\" content=\"en_US\" \/>\n<meta property=\"og:type\" content=\"article\" \/>\n<meta property=\"og:title\" content=\"Plan an event - Les Pr\u00e9s d&#039;Eug\u00e9nie - Maison Gu\u00e9rard\" \/>\n<meta property=\"og:description\" content=\"Plan your event: weddings and parties, seminars and staff retreats, meals and banquets at Pr\u00e9s d&#039;Eug\u00e9nie - Maison Gu\u00e9rard.\" \/>\n<meta property=\"og:url\" content=\"https:\/\/lespresdeugenie.com\/en\/plan-an-event\/\" \/>\n<meta property=\"og:site_name\" content=\"Les Pr\u00e9s d&#039;Eug\u00e9nie\" \/>\n<meta property=\"article:publisher\" content=\"https:\/\/www.facebook.com\/LesPresdEugenie\/\" \/>\n<meta property=\"article:modified_time\" content=\"2022-12-14T10:04:04+00:00\" \/>\n<meta property=\"og:image\" content=\"https:\/\/lespresdeugenie.com\/wp-content\/uploads\/2018\/11\/les-pres-d-eugenie_jobs_03.jpg\" \/>\n\t<meta property=\"og:image:width\" content=\"2500\" \/>\n\t<meta property=\"og:image:height\" content=\"1668\" \/>\n\t<meta property=\"og:image:type\" content=\"image\/jpeg\" \/>\n<meta name=\"twitter:card\" content=\"summary_large_image\" \/>\n<script type=\"application\/ld+json\" class=\"yoast-schema-graph\">{\"@context\":\"https:\/\/schema.org\",\"@graph\":[{\"@type\":\"WebPage\",\"@id\":\"https:\/\/lespresdeugenie.com\/en\/plan-an-event\/\",\"url\":\"https:\/\/lespresdeugenie.com\/en\/plan-an-event\/\",\"name\":\"Plan an event - Les Pr\u00e9s d&#039;Eug\u00e9nie - Maison Gu\u00e9rard\",\"isPartOf\":{\"@id\":\"https:\/\/lespresdeugenie.com\/#website\"},\"primaryImageOfPage\":{\"@id\":\"https:\/\/lespresdeugenie.com\/en\/plan-an-event\/#primaryimage\"},\"image\":{\"@id\":\"https:\/\/lespresdeugenie.com\/en\/plan-an-event\/#primaryimage\"},\"thumbnailUrl\":\"https:\/\/lespresdeugenie.com\/wp-content\/uploads\/2018\/11\/les-pres-d-eugenie_jobs_03.jpg\",\"datePublished\":\"2022-12-14T08:53:47+00:00\",\"dateModified\":\"2022-12-14T10:04:04+00:00\",\"description\":\"Plan your event: weddings and parties, seminars and staff retreats, meals and banquets at Pr\u00e9s d'Eug\u00e9nie - Maison Gu\u00e9rard.\",\"breadcrumb\":{\"@id\":\"https:\/\/lespresdeugenie.com\/en\/plan-an-event\/#breadcrumb\"},\"inLanguage\":\"en-US\",\"potentialAction\":[{\"@type\":\"ReadAction\",\"target\":[\"https:\/\/lespresdeugenie.com\/en\/plan-an-event\/\"]}]},{\"@type\":\"ImageObject\",\"inLanguage\":\"en-US\",\"@id\":\"https:\/\/lespresdeugenie.com\/en\/plan-an-event\/#primaryimage\",\"url\":\"https:\/\/lespresdeugenie.com\/wp-content\/uploads\/2018\/11\/les-pres-d-eugenie_jobs_03.jpg\",\"contentUrl\":\"https:\/\/lespresdeugenie.com\/wp-content\/uploads\/2018\/11\/les-pres-d-eugenie_jobs_03.jpg\",\"width\":2500,\"height\":1668},{\"@type\":\"BreadcrumbList\",\"@id\":\"https:\/\/lespresdeugenie.com\/en\/plan-an-event\/#breadcrumb\",\"itemListElement\":[{\"@type\":\"ListItem\",\"position\":1,\"name\":\"Home\",\"item\":\"https:\/\/lespresdeugenie.com\/en\/\"},{\"@type\":\"ListItem\",\"position\":2,\"name\":\"Plan an event\"}]},{\"@type\":\"WebSite\",\"@id\":\"https:\/\/lespresdeugenie.com\/#website\",\"url\":\"https:\/\/lespresdeugenie.com\/\",\"name\":\"Les Pr\u00e9s d'Eugenie - Maison Gu\u00e9rard\",\"description\":\"Maison Gu\u00e9rard\",\"publisher\":{\"@id\":\"https:\/\/lespresdeugenie.com\/#organization\"},\"alternateName\":\"LPDE\",\"potentialAction\":[{\"@type\":\"SearchAction\",\"target\":{\"@type\":\"EntryPoint\",\"urlTemplate\":\"https:\/\/lespresdeugenie.com\/?s={search_term_string}\"},\"query-input\":{\"@type\":\"PropertyValueSpecification\",\"valueRequired\":true,\"valueName\":\"search_term_string\"}}],\"inLanguage\":\"en-US\"},{\"@type\":\"Organization\",\"@id\":\"https:\/\/lespresdeugenie.com\/#organization\",\"name\":\"Les Pr\u00e9s d'Eugenie - Maison Gu\u00e9rard\",\"url\":\"https:\/\/lespresdeugenie.com\/\",\"logo\":{\"@type\":\"ImageObject\",\"inLanguage\":\"en-US\",\"@id\":\"https:\/\/lespresdeugenie.com\/#\/schema\/logo\/image\/\",\"url\":\"https:\/\/lespresdeugenie.com\/wp-content\/uploads\/2022\/12\/les-pres-eugenie-logo-1.png\",\"contentUrl\":\"https:\/\/lespresdeugenie.com\/wp-content\/uploads\/2022\/12\/les-pres-eugenie-logo-1.png\",\"width\":269,\"height\":60,\"caption\":\"Les Pr\u00e9s d'Eugenie - Maison Gu\u00e9rard\"},\"image\":{\"@id\":\"https:\/\/lespresdeugenie.com\/#\/schema\/logo\/image\/\"},\"sameAs\":[\"https:\/\/www.facebook.com\/LesPresdEugenie\/\",\"https:\/\/www.instagram.com\/maisons_guerard\/?hl=fr\",\"https:\/\/fr.linkedin.com\/company\/les-pres-d'eugenie\"]}]}<\/script>\n<!-- \/ Yoast SEO plugin. -->","yoast_head_json":{"title":"Plan an event - Les Pr\u00e9s d&#039;Eug\u00e9nie - Maison Gu\u00e9rard","description":"Plan your event: weddings and parties, seminars and staff retreats, meals and banquets at Pr\u00e9s d'Eug\u00e9nie - Maison Gu\u00e9rard.","robots":{"index":"index","follow":"follow","max-snippet":"max-snippet:-1","max-image-preview":"max-image-preview:large","max-video-preview":"max-video-preview:-1"},"canonical":"https:\/\/lespresdeugenie.com\/en\/plan-an-event\/","og_locale":"en_US","og_type":"article","og_title":"Plan an event - Les Pr\u00e9s d&#039;Eug\u00e9nie - Maison Gu\u00e9rard","og_description":"Plan your event: weddings and parties, seminars and staff retreats, meals and banquets at Pr\u00e9s d'Eug\u00e9nie - Maison Gu\u00e9rard.","og_url":"https:\/\/lespresdeugenie.com\/en\/plan-an-event\/","og_site_name":"Les Pr\u00e9s d&#039;Eug\u00e9nie","article_publisher":"https:\/\/www.facebook.com\/LesPresdEugenie\/","article_modified_time":"2022-12-14T10:04:04+00:00","og_image":[{"width":2500,"height":1668,"url":"https:\/\/lespresdeugenie.com\/wp-content\/uploads\/2018\/11\/les-pres-d-eugenie_jobs_03.jpg","type":"image\/jpeg"}],"twitter_card":"summary_large_image","schema":{"@context":"https:\/\/schema.org","@graph":[{"@type":"WebPage","@id":"https:\/\/lespresdeugenie.com\/en\/plan-an-event\/","url":"https:\/\/lespresdeugenie.com\/en\/plan-an-event\/","name":"Plan an event - Les Pr\u00e9s d&#039;Eug\u00e9nie - Maison Gu\u00e9rard","isPartOf":{"@id":"https:\/\/lespresdeugenie.com\/#website"},"primaryImageOfPage":{"@id":"https:\/\/lespresdeugenie.com\/en\/plan-an-event\/#primaryimage"},"image":{"@id":"https:\/\/lespresdeugenie.com\/en\/plan-an-event\/#primaryimage"},"thumbnailUrl":"https:\/\/lespresdeugenie.com\/wp-content\/uploads\/2018\/11\/les-pres-d-eugenie_jobs_03.jpg","datePublished":"2022-12-14T08:53:47+00:00","dateModified":"2022-12-14T10:04:04+00:00","description":"Plan your event: weddings and parties, seminars and staff retreats, meals and banquets at Pr\u00e9s d'Eug\u00e9nie - Maison Gu\u00e9rard.","breadcrumb":{"@id":"https:\/\/lespresdeugenie.com\/en\/plan-an-event\/#breadcrumb"},"inLanguage":"en-US","potentialAction":[{"@type":"ReadAction","target":["https:\/\/lespresdeugenie.com\/en\/plan-an-event\/"]}]},{"@type":"ImageObject","inLanguage":"en-US","@id":"https:\/\/lespresdeugenie.com\/en\/plan-an-event\/#primaryimage","url":"https:\/\/lespresdeugenie.com\/wp-content\/uploads\/2018\/11\/les-pres-d-eugenie_jobs_03.jpg","contentUrl":"https:\/\/lespresdeugenie.com\/wp-content\/uploads\/2018\/11\/les-pres-d-eugenie_jobs_03.jpg","width":2500,"height":1668},{"@type":"BreadcrumbList","@id":"https:\/\/lespresdeugenie.com\/en\/plan-an-event\/#breadcrumb","itemListElement":[{"@type":"ListItem","position":1,"name":"Home","item":"https:\/\/lespresdeugenie.com\/en\/"},{"@type":"ListItem","position":2,"name":"Plan an event"}]},{"@type":"WebSite","@id":"https:\/\/lespresdeugenie.com\/#website","url":"https:\/\/lespresdeugenie.com\/","name":"Les Pr\u00e9s d'Eugenie - Maison Gu\u00e9rard","description":"Maison Gu\u00e9rard","publisher":{"@id":"https:\/\/lespresdeugenie.com\/#organization"},"alternateName":"LPDE","potentialAction":[{"@type":"SearchAction","target":{"@type":"EntryPoint","urlTemplate":"https:\/\/lespresdeugenie.com\/?s={search_term_string}"},"query-input":{"@type":"PropertyValueSpecification","valueRequired":true,"valueName":"search_term_string"}}],"inLanguage":"en-US"},{"@type":"Organization","@id":"https:\/\/lespresdeugenie.com\/#organization","name":"Les Pr\u00e9s d'Eugenie - Maison Gu\u00e9rard","url":"https:\/\/lespresdeugenie.com\/","logo":{"@type":"ImageObject","inLanguage":"en-US","@id":"https:\/\/lespresdeugenie.com\/#\/schema\/logo\/image\/","url":"https:\/\/lespresdeugenie.com\/wp-content\/uploads\/2022\/12\/les-pres-eugenie-logo-1.png","contentUrl":"https:\/\/lespresdeugenie.com\/wp-content\/uploads\/2022\/12\/les-pres-eugenie-logo-1.png","width":269,"height":60,"caption":"Les Pr\u00e9s d'Eugenie - Maison Gu\u00e9rard"},"image":{"@id":"https:\/\/lespresdeugenie.com\/#\/schema\/logo\/image\/"},"sameAs":["https:\/\/www.facebook.com\/LesPresdEugenie\/","https:\/\/www.instagram.com\/maisons_guerard\/?hl=fr","https:\/\/fr.linkedin.com\/company\/les-pres-d'eugenie"]}]}},"_links":{"self":[{"href":"https:\/\/lespresdeugenie.com\/en\/wp-json\/wp\/v2\/pages\/56451","targetHints":{"allow":["GET"]}}],"collection":[{"href":"https:\/\/lespresdeugenie.com\/en\/wp-json\/wp\/v2\/pages"}],"about":[{"href":"https:\/\/lespresdeugenie.com\/en\/wp-json\/wp\/v2\/types\/page"}],"author":[{"embeddable":true,"href":"https:\/\/lespresdeugenie.com\/en\/wp-json\/wp\/v2\/users\/5"}],"replies":[{"embeddable":true,"href":"https:\/\/lespresdeugenie.com\/en\/wp-json\/wp\/v2\/comments?post=56451"}],"version-history":[{"count":0,"href":"https:\/\/lespresdeugenie.com\/en\/wp-json\/wp\/v2\/pages\/56451\/revisions"}],"wp:featuredmedia":[{"embeddable":true,"href":"https:\/\/lespresdeugenie.com\/en\/wp-json\/wp\/v2\/media\/2796"}],"wp:attachment":[{"href":"https:\/\/lespresdeugenie.com\/en\/wp-json\/wp\/v2\/media?parent=56451"}],"curies":[{"name":"wp","href":"https:\/\/api.w.org\/{rel}","templated":true}]}}