{"id":103997,"date":"2021-12-25T17:07:24","date_gmt":"2021-12-25T16:07:24","guid":{"rendered":"https:\/\/lespresdeugenie.com\/produit\/cheque-cadeau-love-from-eugenie\/"},"modified":"2025-11-12T13:03:49","modified_gmt":"2025-11-12T12:03:49","slug":"gift-card","status":"publish","type":"product","link":"https:\/\/lespresdeugenie.com\/en\/product\/gift-card\/","title":{"rendered":"&#8220;Love from Eug\u00e9nie&#8221; Gift Card"},"content":{"rendered":"<div class=\"rc-GiftViewTab-box-title\">\n<h3 class=\"mainTitle3\">A gift that suits every desire!<\/h3>\n<\/div>\n<p>Treat someone special to a taste of Les Pr\u00e9s d&#8217;Eug\u00e9nie with one of our gift cards.<\/p>\n<div class=\"rc-GiftViewTab-box-title\">\n<p class=\"mainTitle3\"><strong>Valid across all our Maison\u2019s experiences<\/strong> \u2014 from \u20ac100 \u2014 the Gift Vouchers allow you to offer your friends the world of Eug\u00e9nie, according to their own tastes and wishes.<\/p>\n<\/div>\n<div id=\"js-rc-GiftViewTab-box-text\" class=\"rc-GiftViewTab-box-text\">\n<div><\/div>\n<\/div>\n<div>Select your preferred value :<\/div>\n<ul>\n<li>100 \u20ac<\/li>\n<li>200 \u20ac<\/li>\n<li>500 \u20ac<\/li>\n<li>1000 \u20ac<\/li>\n<\/ul>\n<p>Our Gift Vouchers <strong>are available as downloadable PDF files<\/strong>, so your vouchers are instantly available after purchase.<\/p>\n<h3>How to Use the Gift Card &amp; Other Information<\/h3>\n<h4>GENERAL INFORMATION<\/h4>\n<p><strong>Our Gift Card are valid for all experiences offered by our Maison: Accommodation, Restaurants and Spa.<\/strong><\/p>\n<p>They are <strong>valid for one year from the date of issue<\/strong>, regardless of the purchase date, subject to availability, except for special offers or contrary mentions.<\/p>\n<p><strong>They are non-refundable, non-exchangeable and non-extendable.<\/strong><br \/>\nThey cannot be redeemed for cash and hold no monetary value.<\/p>\n<p>Each voucher can be used only once, to pay for all or part of the selected service.<br \/>\nIf the amount of the chosen experience is lower than the voucher value, the difference cannot be refunded in cash.<\/p>\n<p>The recipient may therefore either:<\/p>\n<ul>\n<li>complete the remaining balance of the purchase, or<\/li>\n<li>forfeit the unused amount of the Gift Voucher.<\/li>\n<\/ul>\n<h4>RESERVATION<\/h4>\n<p>To enjoy your Gift Voucher, <strong>please contact our Reservations Office by phone at +33 (0)5 58 05 06 07, or by email, mentioning that you are using a Gift Voucher<\/strong>.<br \/>\nYou will be asked for the voucher number in order to waive the deposit payment.<br \/>\nThe value of your voucher(s) will be automatically deducted from your final bill.<\/p>\n<p>As our Maison is often in high demand, we recommend making your reservation <strong>several weeks in advance<\/strong>, particularly during weekends and high season.<\/p>\n<h4>MODIFICATION &amp; CANCELLATION<\/h4>\n<p>Once your reservation is confirmed, <strong>our standard Terms and Conditions apply<\/strong>.<\/p>\n<p>Should you be unable to honour your booking on the planned date, please notify our Reservations Office in writing.<br \/>\nOnly written cancellations \u2014 by letter or by email to reservation@lespreseugenie.com<br \/>\n\u2014 will be taken into account.<\/p>\n<p><strong>Cancellation and postponement policies are as follows:<\/strong><\/p>\n<ul>\n<li>More than 15 days before the arrival date: the Gift Voucher is \u201creleased\u201d from the booking and may be used for a future reservation, within its validity period.<\/li>\n<li>Between 15 days and 48 hours before arrival: we offer the option to reschedule your stay until December 31 of the current year. In the case of a definitive cancellation, and according to Article 1590 of the French Civil Code, \u201cany deposit paid remains the definitive property of the establishment.\u201d<\/li>\n<li>Less than 48 hours before arrival or in case of no-show: the Gift Voucher(s) used to guarantee the booking are deemed redeemed and permanently forfeited.<\/li>\n<\/ul>\n","protected":false},"excerpt":{"rendered":"<ul>\n<li><strong>Offer Eug\u00e9nie with complete freedom for your guests<\/strong><\/li>\n<li><strong>Valid across all our experiences: hotel, restaurants and spa<\/strong><\/li>\n<li><strong>Valid for one year, with no restrictions<\/strong><\/li>\n<\/ul>\n","protected":false},"featured_media":46487,"template":"","meta":{"_acf_changed":false},"product_brand":[],"product_cat":[452,93],"product_tag":[],"class_list":{"0":"post-103997","1":"product","2":"type-product","3":"status-publish","4":"has-post-thumbnail","6":"product_cat-monetary-vouchers","7":"product_cat-gift-certificates","9":"first","10":"instock","11":"shipping-taxable","12":"purchasable","13":"product-type-variable","14":"add-to-wishlist-before_image"},"acf":[],"yoast_head":"<!-- This site is optimized with the Yoast SEO plugin v26.7 - https:\/\/yoast.com\/wordpress\/plugins\/seo\/ -->\n<title>&quot;Love from Eug\u00e9nie&quot; Gift Card - Les Pr\u00e9s d&#039;Eug\u00e9nie - Maison Gu\u00e9rard<\/title>\n<meta name=\"description\" content=\"Offer Eug\u00e9nie with complete freedom for your guests  Valid across all our experiences: hotel, restaurants and spa  Valid for one year, with no restrictions\" \/>\n<meta name=\"robots\" content=\"index, follow, max-snippet:-1, max-image-preview:large, max-video-preview:-1\" \/>\n<link rel=\"canonical\" href=\"https:\/\/lespresdeugenie.com\/en\/product\/gift-card\/\" \/>\n<meta property=\"og:locale\" content=\"en_US\" \/>\n<meta property=\"og:type\" content=\"article\" \/>\n<meta property=\"og:title\" content=\"&quot;Love from Eug\u00e9nie&quot; Gift Card - Les Pr\u00e9s d&#039;Eug\u00e9nie - Maison Gu\u00e9rard\" \/>\n<meta property=\"og:description\" content=\"Offer Eug\u00e9nie with complete freedom for your guests  Valid across all our experiences: hotel, restaurants and spa  Valid for one year, with no restrictions\" \/>\n<meta property=\"og:url\" content=\"https:\/\/lespresdeugenie.com\/en\/product\/gift-card\/\" \/>\n<meta property=\"og:site_name\" content=\"Les Pr\u00e9s d&#039;Eug\u00e9nie\" \/>\n<meta property=\"article:publisher\" content=\"https:\/\/www.facebook.com\/LesPresdEugenie\/\" \/>\n<meta property=\"article:modified_time\" content=\"2025-11-12T12:03:49+00:00\" \/>\n<meta property=\"og:image\" content=\"https:\/\/lespresdeugenie.com\/wp-content\/uploads\/2021\/12\/cheque-cadeau_450x450.jpg\" \/>\n\t<meta property=\"og:image:width\" content=\"450\" \/>\n\t<meta property=\"og:image:height\" content=\"450\" \/>\n\t<meta property=\"og:image:type\" content=\"image\/jpeg\" \/>\n<meta name=\"twitter:card\" content=\"summary_large_image\" \/>\n<meta name=\"twitter:label1\" content=\"Est. reading time\" \/>\n\t<meta name=\"twitter:data1\" content=\"3 minutes\" \/>\n<script type=\"application\/ld+json\" class=\"yoast-schema-graph\">{\"@context\":\"https:\/\/schema.org\",\"@graph\":[{\"@type\":\"WebPage\",\"@id\":\"https:\/\/lespresdeugenie.com\/en\/product\/gift-card\/\",\"url\":\"https:\/\/lespresdeugenie.com\/en\/product\/gift-card\/\",\"name\":\"\\\"Love from Eug\u00e9nie\\\" Gift Card - Les Pr\u00e9s d&#039;Eug\u00e9nie - Maison Gu\u00e9rard\",\"isPartOf\":{\"@id\":\"https:\/\/lespresdeugenie.com\/#website\"},\"primaryImageOfPage\":{\"@id\":\"https:\/\/lespresdeugenie.com\/en\/product\/gift-card\/#primaryimage\"},\"image\":{\"@id\":\"https:\/\/lespresdeugenie.com\/en\/product\/gift-card\/#primaryimage\"},\"thumbnailUrl\":\"https:\/\/lespresdeugenie.com\/wp-content\/uploads\/2021\/12\/cheque-cadeau_450x450.jpg\",\"datePublished\":\"2021-12-25T16:07:24+00:00\",\"dateModified\":\"2025-11-12T12:03:49+00:00\",\"description\":\"Offer Eug\u00e9nie with complete freedom for your guests Valid across all our experiences: hotel, restaurants and spa Valid for one year, with no restrictions\",\"breadcrumb\":{\"@id\":\"https:\/\/lespresdeugenie.com\/en\/product\/gift-card\/#breadcrumb\"},\"inLanguage\":\"en-US\",\"potentialAction\":[{\"@type\":\"ReadAction\",\"target\":[\"https:\/\/lespresdeugenie.com\/en\/product\/gift-card\/\"]}]},{\"@type\":\"ImageObject\",\"inLanguage\":\"en-US\",\"@id\":\"https:\/\/lespresdeugenie.com\/en\/product\/gift-card\/#primaryimage\",\"url\":\"https:\/\/lespresdeugenie.com\/wp-content\/uploads\/2021\/12\/cheque-cadeau_450x450.jpg\",\"contentUrl\":\"https:\/\/lespresdeugenie.com\/wp-content\/uploads\/2021\/12\/cheque-cadeau_450x450.jpg\",\"width\":450,\"height\":450,\"caption\":\"Les Pr\u00e9s d'Eug\u00e9nie ***** Relais & Ch\u00e2teaux - Ch\u00e8ques Cadeaux\"},{\"@type\":\"BreadcrumbList\",\"@id\":\"https:\/\/lespresdeugenie.com\/en\/product\/gift-card\/#breadcrumb\",\"itemListElement\":[{\"@type\":\"ListItem\",\"position\":1,\"name\":\"Home\",\"item\":\"https:\/\/lespresdeugenie.com\/en\/\"},{\"@type\":\"ListItem\",\"position\":2,\"name\":\"Shop\",\"item\":\"https:\/\/lespresdeugenie.com\/en\/shop\/\"},{\"@type\":\"ListItem\",\"position\":3,\"name\":\"&#8220;Love from Eug\u00e9nie&#8221; Gift Card\"}]},{\"@type\":\"WebSite\",\"@id\":\"https:\/\/lespresdeugenie.com\/#website\",\"url\":\"https:\/\/lespresdeugenie.com\/\",\"name\":\"Les Pr\u00e9s d'Eugenie - Maison Gu\u00e9rard\",\"description\":\"Maison Gu\u00e9rard\",\"publisher\":{\"@id\":\"https:\/\/lespresdeugenie.com\/#organization\"},\"alternateName\":\"LPDE\",\"potentialAction\":[{\"@type\":\"SearchAction\",\"target\":{\"@type\":\"EntryPoint\",\"urlTemplate\":\"https:\/\/lespresdeugenie.com\/?s={search_term_string}\"},\"query-input\":{\"@type\":\"PropertyValueSpecification\",\"valueRequired\":true,\"valueName\":\"search_term_string\"}}],\"inLanguage\":\"en-US\"},{\"@type\":\"Organization\",\"@id\":\"https:\/\/lespresdeugenie.com\/#organization\",\"name\":\"Les Pr\u00e9s d'Eugenie - Maison Gu\u00e9rard\",\"url\":\"https:\/\/lespresdeugenie.com\/\",\"logo\":{\"@type\":\"ImageObject\",\"inLanguage\":\"en-US\",\"@id\":\"https:\/\/lespresdeugenie.com\/#\/schema\/logo\/image\/\",\"url\":\"https:\/\/lespresdeugenie.com\/wp-content\/uploads\/2022\/12\/les-pres-eugenie-logo-1.png\",\"contentUrl\":\"https:\/\/lespresdeugenie.com\/wp-content\/uploads\/2022\/12\/les-pres-eugenie-logo-1.png\",\"width\":269,\"height\":60,\"caption\":\"Les Pr\u00e9s d'Eugenie - Maison Gu\u00e9rard\"},\"image\":{\"@id\":\"https:\/\/lespresdeugenie.com\/#\/schema\/logo\/image\/\"},\"sameAs\":[\"https:\/\/www.facebook.com\/LesPresdEugenie\/\",\"https:\/\/www.instagram.com\/maisons_guerard\/?hl=fr\",\"https:\/\/fr.linkedin.com\/company\/les-pres-d'eugenie\"]}]}<\/script>\n<!-- \/ Yoast SEO plugin. -->","yoast_head_json":{"title":"\"Love from Eug\u00e9nie\" Gift Card - Les Pr\u00e9s d&#039;Eug\u00e9nie - Maison Gu\u00e9rard","description":"Offer Eug\u00e9nie with complete freedom for your guests  Valid across all our experiences: hotel, restaurants and spa  Valid for one year, with no restrictions","robots":{"index":"index","follow":"follow","max-snippet":"max-snippet:-1","max-image-preview":"max-image-preview:large","max-video-preview":"max-video-preview:-1"},"canonical":"https:\/\/lespresdeugenie.com\/en\/product\/gift-card\/","og_locale":"en_US","og_type":"article","og_title":"\"Love from Eug\u00e9nie\" Gift Card - Les Pr\u00e9s d&#039;Eug\u00e9nie - Maison Gu\u00e9rard","og_description":"Offer Eug\u00e9nie with complete freedom for your guests  Valid across all our experiences: hotel, restaurants and spa  Valid for one year, with no restrictions","og_url":"https:\/\/lespresdeugenie.com\/en\/product\/gift-card\/","og_site_name":"Les Pr\u00e9s d&#039;Eug\u00e9nie","article_publisher":"https:\/\/www.facebook.com\/LesPresdEugenie\/","article_modified_time":"2025-11-12T12:03:49+00:00","og_image":[{"width":450,"height":450,"url":"https:\/\/lespresdeugenie.com\/wp-content\/uploads\/2021\/12\/cheque-cadeau_450x450.jpg","type":"image\/jpeg"}],"twitter_card":"summary_large_image","twitter_misc":{"Est. reading time":"3 minutes"},"schema":{"@context":"https:\/\/schema.org","@graph":[{"@type":"WebPage","@id":"https:\/\/lespresdeugenie.com\/en\/product\/gift-card\/","url":"https:\/\/lespresdeugenie.com\/en\/product\/gift-card\/","name":"\"Love from Eug\u00e9nie\" Gift Card - Les Pr\u00e9s d&#039;Eug\u00e9nie - Maison Gu\u00e9rard","isPartOf":{"@id":"https:\/\/lespresdeugenie.com\/#website"},"primaryImageOfPage":{"@id":"https:\/\/lespresdeugenie.com\/en\/product\/gift-card\/#primaryimage"},"image":{"@id":"https:\/\/lespresdeugenie.com\/en\/product\/gift-card\/#primaryimage"},"thumbnailUrl":"https:\/\/lespresdeugenie.com\/wp-content\/uploads\/2021\/12\/cheque-cadeau_450x450.jpg","datePublished":"2021-12-25T16:07:24+00:00","dateModified":"2025-11-12T12:03:49+00:00","description":"Offer Eug\u00e9nie with complete freedom for your guests Valid across all our experiences: hotel, restaurants and spa Valid for one year, with no restrictions","breadcrumb":{"@id":"https:\/\/lespresdeugenie.com\/en\/product\/gift-card\/#breadcrumb"},"inLanguage":"en-US","potentialAction":[{"@type":"ReadAction","target":["https:\/\/lespresdeugenie.com\/en\/product\/gift-card\/"]}]},{"@type":"ImageObject","inLanguage":"en-US","@id":"https:\/\/lespresdeugenie.com\/en\/product\/gift-card\/#primaryimage","url":"https:\/\/lespresdeugenie.com\/wp-content\/uploads\/2021\/12\/cheque-cadeau_450x450.jpg","contentUrl":"https:\/\/lespresdeugenie.com\/wp-content\/uploads\/2021\/12\/cheque-cadeau_450x450.jpg","width":450,"height":450,"caption":"Les Pr\u00e9s d'Eug\u00e9nie ***** Relais & Ch\u00e2teaux - Ch\u00e8ques Cadeaux"},{"@type":"BreadcrumbList","@id":"https:\/\/lespresdeugenie.com\/en\/product\/gift-card\/#breadcrumb","itemListElement":[{"@type":"ListItem","position":1,"name":"Home","item":"https:\/\/lespresdeugenie.com\/en\/"},{"@type":"ListItem","position":2,"name":"Shop","item":"https:\/\/lespresdeugenie.com\/en\/shop\/"},{"@type":"ListItem","position":3,"name":"&#8220;Love from Eug\u00e9nie&#8221; Gift Card"}]},{"@type":"WebSite","@id":"https:\/\/lespresdeugenie.com\/#website","url":"https:\/\/lespresdeugenie.com\/","name":"Les Pr\u00e9s d'Eugenie - Maison Gu\u00e9rard","description":"Maison Gu\u00e9rard","publisher":{"@id":"https:\/\/lespresdeugenie.com\/#organization"},"alternateName":"LPDE","potentialAction":[{"@type":"SearchAction","target":{"@type":"EntryPoint","urlTemplate":"https:\/\/lespresdeugenie.com\/?s={search_term_string}"},"query-input":{"@type":"PropertyValueSpecification","valueRequired":true,"valueName":"search_term_string"}}],"inLanguage":"en-US"},{"@type":"Organization","@id":"https:\/\/lespresdeugenie.com\/#organization","name":"Les Pr\u00e9s d'Eugenie - Maison Gu\u00e9rard","url":"https:\/\/lespresdeugenie.com\/","logo":{"@type":"ImageObject","inLanguage":"en-US","@id":"https:\/\/lespresdeugenie.com\/#\/schema\/logo\/image\/","url":"https:\/\/lespresdeugenie.com\/wp-content\/uploads\/2022\/12\/les-pres-eugenie-logo-1.png","contentUrl":"https:\/\/lespresdeugenie.com\/wp-content\/uploads\/2022\/12\/les-pres-eugenie-logo-1.png","width":269,"height":60,"caption":"Les Pr\u00e9s d'Eugenie - Maison Gu\u00e9rard"},"image":{"@id":"https:\/\/lespresdeugenie.com\/#\/schema\/logo\/image\/"},"sameAs":["https:\/\/www.facebook.com\/LesPresdEugenie\/","https:\/\/www.instagram.com\/maisons_guerard\/?hl=fr","https:\/\/fr.linkedin.com\/company\/les-pres-d'eugenie"]}]}},"_links":{"self":[{"href":"https:\/\/lespresdeugenie.com\/en\/wp-json\/wp\/v2\/product\/103997","targetHints":{"allow":["GET"]}}],"collection":[{"href":"https:\/\/lespresdeugenie.com\/en\/wp-json\/wp\/v2\/product"}],"about":[{"href":"https:\/\/lespresdeugenie.com\/en\/wp-json\/wp\/v2\/types\/product"}],"wp:featuredmedia":[{"embeddable":true,"href":"https:\/\/lespresdeugenie.com\/en\/wp-json\/wp\/v2\/media\/46487"}],"wp:attachment":[{"href":"https:\/\/lespresdeugenie.com\/en\/wp-json\/wp\/v2\/media?parent=103997"}],"wp:term":[{"taxonomy":"product_brand","embeddable":true,"href":"https:\/\/lespresdeugenie.com\/en\/wp-json\/wp\/v2\/product_brand?post=103997"},{"taxonomy":"product_cat","embeddable":true,"href":"https:\/\/lespresdeugenie.com\/en\/wp-json\/wp\/v2\/product_cat?post=103997"},{"taxonomy":"product_tag","embeddable":true,"href":"https:\/\/lespresdeugenie.com\/en\/wp-json\/wp\/v2\/product_tag?post=103997"}],"curies":[{"name":"wp","href":"https:\/\/api.w.org\/{rel}","templated":true}]}}