{"id":112560,"date":"2026-02-05T13:42:30","date_gmt":"2026-02-05T12:42:30","guid":{"rendered":"https:\/\/lespresdeugenie.com\/?post_type=product&#038;p=112560"},"modified":"2026-03-18T11:40:01","modified_gmt":"2026-03-18T10:40:01","slug":"cosy-getaway-maison-rose-1-night","status":"publish","type":"product","link":"https:\/\/lespresdeugenie.com\/en\/product\/cosy-getaway-maison-rose-1-night\/","title":{"rendered":"Cosy Getaway at La Maison Rose &#8211; 1 Night"},"content":{"rendered":"<p>Our \u201cCosy Getaway\u201d, valid for two guests, includes:<\/p>\n<ul>\n<li>One night in the selected room category at La Maison Rose***<br \/>\nShould your guests choose to stay during our low or mid-season periods, we will be delighted to offer a complimentary upgrade, subject to availability.<\/li>\n<li>One cocktail per person, to enjoy at the Bar des Pr\u00e9s d\u2019Eug\u00e9nie<\/li>\n<li>Country-style buffet breakfast at La Maison Rose<\/li>\n<li>Access to the heated swimming pool at La Maison Rose<\/li>\n<\/ul>\n<p><strong>Optional Experience<\/strong><\/p>\n<p><strong>\u201cSublime Terroir\u201d dinner at our restaurant L\u2019Orangerie*<\/strong><\/p>\n<p>A three-course menu<br \/>\n(one starter, one main course, one dessert)<br \/>\nPaired with the wines of Ch\u00e2teau de Bachen, mineral water and coffee<\/p>\n<h3>How to use this Voucher &amp; Useful Information<\/h3>\n<hr \/>\n<p>Our Gift Vouchers are valid for 12 months after the issue date, excluding on 24\/12 and 31\/12, according to our availabilities.<\/p>\n<p>Local taxes are not included in this Gift Voucher. Your guest will pay them to Reception on departure.<\/p>\n<p><strong>Prior Reservation is mandatory :<\/strong> Please contact our Reservation Team by phone\u00a0 +33 (0)5 58 05 06 07, or by <a href=\"mailto:reservation@lespresdeugenie.com\">email<\/a>.<\/p>\n<p>Due to the success of our House, we strongly advise you to book several weeks before the date of your choice. This Gift Voucher features a unique reference ID code, may only be redeemed once, may not be exchanged for cash, replaced if lost, is non-transferable and non-refundable.<\/p>\n<p>The gift voucher must be presented upon arrival when redeeming the experience. Vouchers are non-extendable. Cancellation of a booking within 2 weeks of arrival will render the voucher null &amp; void.<\/p>\n","protected":false},"excerpt":{"rendered":"<ul>\n<li>One night at La Maison Rose***<\/li>\n<li>\u00a0Breakfasts<\/li>\n<li>One cocktail at the Bar des Pr\u00e9s d\u2019Eug\u00e9nie<\/li>\n<li><strong>for 2 guests<\/strong><\/li>\n<li>optional : dinner at L\u2019Orangerie, wines, mineral water and coffee<\/li>\n<\/ul>\n","protected":false},"featured_media":112611,"template":"","meta":{"_acf_changed":false},"product_brand":[],"product_cat":[113,93],"product_tag":[],"class_list":{"0":"post-112560","1":"product","2":"type-product","3":"status-publish","4":"has-post-thumbnail","6":"product_cat-overnight-stays","7":"product_cat-gift-certificates","9":"first","10":"instock","11":"shipping-taxable","12":"purchasable","13":"product-type-variable","14":"has-default-attributes","15":"add-to-wishlist-before_image"},"acf":[],"yoast_head":"<!-- This site is optimized with the Yoast SEO plugin v26.7 - https:\/\/yoast.com\/wordpress\/plugins\/seo\/ -->\n<title>Cosy Getaway at La Maison Rose - 1 Night - Les Pr\u00e9s d&#039;Eug\u00e9nie - Maison Gu\u00e9rard<\/title>\n<meta name=\"description\" content=\"One night at La Maison Rose***  \u00a0Breakfasts  One cocktail at the Bar des Pr\u00e9s d\u2019Eug\u00e9nie  for 2 guests  optional : dinner at L\u2019Orangerie, wines, mineral water and coffee\" \/>\n<meta name=\"robots\" content=\"index, follow, max-snippet:-1, max-image-preview:large, max-video-preview:-1\" \/>\n<link rel=\"canonical\" href=\"https:\/\/lespresdeugenie.com\/en\/product\/cosy-getaway-maison-rose-1-night\/\" \/>\n<meta property=\"og:locale\" content=\"en_US\" \/>\n<meta property=\"og:type\" content=\"article\" \/>\n<meta property=\"og:title\" content=\"Cosy Getaway at La Maison Rose - 1 Night - Les Pr\u00e9s d&#039;Eug\u00e9nie - Maison Gu\u00e9rard\" \/>\n<meta property=\"og:description\" content=\"One night at La Maison Rose***  \u00a0Breakfasts  One cocktail at the Bar des Pr\u00e9s d\u2019Eug\u00e9nie  for 2 guests  optional : dinner at L\u2019Orangerie, wines, mineral water and coffee\" \/>\n<meta property=\"og:url\" content=\"https:\/\/lespresdeugenie.com\/en\/product\/cosy-getaway-maison-rose-1-night\/\" \/>\n<meta property=\"og:site_name\" content=\"Les Pr\u00e9s d&#039;Eug\u00e9nie\" \/>\n<meta property=\"article:publisher\" content=\"https:\/\/www.facebook.com\/LesPresdEugenie\/\" \/>\n<meta property=\"article:modified_time\" content=\"2026-03-18T10:40:01+00:00\" \/>\n<meta property=\"og:image\" content=\"https:\/\/lespresdeugenie.com\/wp-content\/uploads\/2026\/02\/Vignette_Fugue-Cosy_MRO.jpg\" \/>\n\t<meta property=\"og:image:width\" content=\"600\" \/>\n\t<meta property=\"og:image:height\" content=\"600\" \/>\n\t<meta property=\"og:image:type\" content=\"image\/jpeg\" \/>\n<meta name=\"twitter:card\" content=\"summary_large_image\" \/>\n<meta name=\"twitter:label1\" content=\"Est. reading time\" \/>\n\t<meta name=\"twitter:data1\" content=\"2 minutes\" \/>\n<script type=\"application\/ld+json\" class=\"yoast-schema-graph\">{\"@context\":\"https:\/\/schema.org\",\"@graph\":[{\"@type\":\"WebPage\",\"@id\":\"https:\/\/lespresdeugenie.com\/en\/product\/cosy-getaway-maison-rose-1-night\/\",\"url\":\"https:\/\/lespresdeugenie.com\/en\/product\/cosy-getaway-maison-rose-1-night\/\",\"name\":\"Cosy Getaway at La Maison Rose - 1 Night - Les Pr\u00e9s d&#039;Eug\u00e9nie - Maison Gu\u00e9rard\",\"isPartOf\":{\"@id\":\"https:\/\/lespresdeugenie.com\/#website\"},\"primaryImageOfPage\":{\"@id\":\"https:\/\/lespresdeugenie.com\/en\/product\/cosy-getaway-maison-rose-1-night\/#primaryimage\"},\"image\":{\"@id\":\"https:\/\/lespresdeugenie.com\/en\/product\/cosy-getaway-maison-rose-1-night\/#primaryimage\"},\"thumbnailUrl\":\"https:\/\/lespresdeugenie.com\/wp-content\/uploads\/2026\/02\/Vignette_Fugue-Cosy_MRO.jpg\",\"datePublished\":\"2026-02-05T12:42:30+00:00\",\"dateModified\":\"2026-03-18T10:40:01+00:00\",\"description\":\"One night at La Maison Rose*** \u00a0Breakfasts One cocktail at the Bar des Pr\u00e9s d\u2019Eug\u00e9nie for 2 guests optional : dinner at L\u2019Orangerie, wines, mineral water and coffee\",\"breadcrumb\":{\"@id\":\"https:\/\/lespresdeugenie.com\/en\/product\/cosy-getaway-maison-rose-1-night\/#breadcrumb\"},\"inLanguage\":\"en-US\",\"potentialAction\":[{\"@type\":\"ReadAction\",\"target\":[\"https:\/\/lespresdeugenie.com\/en\/product\/cosy-getaway-maison-rose-1-night\/\"]}]},{\"@type\":\"ImageObject\",\"inLanguage\":\"en-US\",\"@id\":\"https:\/\/lespresdeugenie.com\/en\/product\/cosy-getaway-maison-rose-1-night\/#primaryimage\",\"url\":\"https:\/\/lespresdeugenie.com\/wp-content\/uploads\/2026\/02\/Vignette_Fugue-Cosy_MRO.jpg\",\"contentUrl\":\"https:\/\/lespresdeugenie.com\/wp-content\/uploads\/2026\/02\/Vignette_Fugue-Cosy_MRO.jpg\",\"width\":600,\"height\":600},{\"@type\":\"BreadcrumbList\",\"@id\":\"https:\/\/lespresdeugenie.com\/en\/product\/cosy-getaway-maison-rose-1-night\/#breadcrumb\",\"itemListElement\":[{\"@type\":\"ListItem\",\"position\":1,\"name\":\"Home\",\"item\":\"https:\/\/lespresdeugenie.com\/en\/\"},{\"@type\":\"ListItem\",\"position\":2,\"name\":\"Shop\",\"item\":\"https:\/\/lespresdeugenie.com\/en\/shop\/\"},{\"@type\":\"ListItem\",\"position\":3,\"name\":\"Cosy Getaway at La Maison Rose &#8211; 1 Night\"}]},{\"@type\":\"WebSite\",\"@id\":\"https:\/\/lespresdeugenie.com\/#website\",\"url\":\"https:\/\/lespresdeugenie.com\/\",\"name\":\"Les Pr\u00e9s d'Eugenie - Maison Gu\u00e9rard\",\"description\":\"Maison Gu\u00e9rard\",\"publisher\":{\"@id\":\"https:\/\/lespresdeugenie.com\/#organization\"},\"alternateName\":\"LPDE\",\"potentialAction\":[{\"@type\":\"SearchAction\",\"target\":{\"@type\":\"EntryPoint\",\"urlTemplate\":\"https:\/\/lespresdeugenie.com\/?s={search_term_string}\"},\"query-input\":{\"@type\":\"PropertyValueSpecification\",\"valueRequired\":true,\"valueName\":\"search_term_string\"}}],\"inLanguage\":\"en-US\"},{\"@type\":\"Organization\",\"@id\":\"https:\/\/lespresdeugenie.com\/#organization\",\"name\":\"Les Pr\u00e9s d'Eugenie - Maison Gu\u00e9rard\",\"url\":\"https:\/\/lespresdeugenie.com\/\",\"logo\":{\"@type\":\"ImageObject\",\"inLanguage\":\"en-US\",\"@id\":\"https:\/\/lespresdeugenie.com\/#\/schema\/logo\/image\/\",\"url\":\"https:\/\/lespresdeugenie.com\/wp-content\/uploads\/2022\/12\/les-pres-eugenie-logo-1.png\",\"contentUrl\":\"https:\/\/lespresdeugenie.com\/wp-content\/uploads\/2022\/12\/les-pres-eugenie-logo-1.png\",\"width\":269,\"height\":60,\"caption\":\"Les Pr\u00e9s d'Eugenie - Maison Gu\u00e9rard\"},\"image\":{\"@id\":\"https:\/\/lespresdeugenie.com\/#\/schema\/logo\/image\/\"},\"sameAs\":[\"https:\/\/www.facebook.com\/LesPresdEugenie\/\",\"https:\/\/www.instagram.com\/maisons_guerard\/?hl=fr\",\"https:\/\/fr.linkedin.com\/company\/les-pres-d'eugenie\"]}]}<\/script>\n<!-- \/ Yoast SEO plugin. -->","yoast_head_json":{"title":"Cosy Getaway at La Maison Rose - 1 Night - Les Pr\u00e9s d&#039;Eug\u00e9nie - Maison Gu\u00e9rard","description":"One night at La Maison Rose***  \u00a0Breakfasts  One cocktail at the Bar des Pr\u00e9s d\u2019Eug\u00e9nie  for 2 guests  optional : dinner at L\u2019Orangerie, wines, mineral water and coffee","robots":{"index":"index","follow":"follow","max-snippet":"max-snippet:-1","max-image-preview":"max-image-preview:large","max-video-preview":"max-video-preview:-1"},"canonical":"https:\/\/lespresdeugenie.com\/en\/product\/cosy-getaway-maison-rose-1-night\/","og_locale":"en_US","og_type":"article","og_title":"Cosy Getaway at La Maison Rose - 1 Night - Les Pr\u00e9s d&#039;Eug\u00e9nie - Maison Gu\u00e9rard","og_description":"One night at La Maison Rose***  \u00a0Breakfasts  One cocktail at the Bar des Pr\u00e9s d\u2019Eug\u00e9nie  for 2 guests  optional : dinner at L\u2019Orangerie, wines, mineral water and coffee","og_url":"https:\/\/lespresdeugenie.com\/en\/product\/cosy-getaway-maison-rose-1-night\/","og_site_name":"Les Pr\u00e9s d&#039;Eug\u00e9nie","article_publisher":"https:\/\/www.facebook.com\/LesPresdEugenie\/","article_modified_time":"2026-03-18T10:40:01+00:00","og_image":[{"width":600,"height":600,"url":"https:\/\/lespresdeugenie.com\/wp-content\/uploads\/2026\/02\/Vignette_Fugue-Cosy_MRO.jpg","type":"image\/jpeg"}],"twitter_card":"summary_large_image","twitter_misc":{"Est. reading time":"2 minutes"},"schema":{"@context":"https:\/\/schema.org","@graph":[{"@type":"WebPage","@id":"https:\/\/lespresdeugenie.com\/en\/product\/cosy-getaway-maison-rose-1-night\/","url":"https:\/\/lespresdeugenie.com\/en\/product\/cosy-getaway-maison-rose-1-night\/","name":"Cosy Getaway at La Maison Rose - 1 Night - Les Pr\u00e9s d&#039;Eug\u00e9nie - Maison Gu\u00e9rard","isPartOf":{"@id":"https:\/\/lespresdeugenie.com\/#website"},"primaryImageOfPage":{"@id":"https:\/\/lespresdeugenie.com\/en\/product\/cosy-getaway-maison-rose-1-night\/#primaryimage"},"image":{"@id":"https:\/\/lespresdeugenie.com\/en\/product\/cosy-getaway-maison-rose-1-night\/#primaryimage"},"thumbnailUrl":"https:\/\/lespresdeugenie.com\/wp-content\/uploads\/2026\/02\/Vignette_Fugue-Cosy_MRO.jpg","datePublished":"2026-02-05T12:42:30+00:00","dateModified":"2026-03-18T10:40:01+00:00","description":"One night at La Maison Rose*** \u00a0Breakfasts One cocktail at the Bar des Pr\u00e9s d\u2019Eug\u00e9nie for 2 guests optional : dinner at L\u2019Orangerie, wines, mineral water and coffee","breadcrumb":{"@id":"https:\/\/lespresdeugenie.com\/en\/product\/cosy-getaway-maison-rose-1-night\/#breadcrumb"},"inLanguage":"en-US","potentialAction":[{"@type":"ReadAction","target":["https:\/\/lespresdeugenie.com\/en\/product\/cosy-getaway-maison-rose-1-night\/"]}]},{"@type":"ImageObject","inLanguage":"en-US","@id":"https:\/\/lespresdeugenie.com\/en\/product\/cosy-getaway-maison-rose-1-night\/#primaryimage","url":"https:\/\/lespresdeugenie.com\/wp-content\/uploads\/2026\/02\/Vignette_Fugue-Cosy_MRO.jpg","contentUrl":"https:\/\/lespresdeugenie.com\/wp-content\/uploads\/2026\/02\/Vignette_Fugue-Cosy_MRO.jpg","width":600,"height":600},{"@type":"BreadcrumbList","@id":"https:\/\/lespresdeugenie.com\/en\/product\/cosy-getaway-maison-rose-1-night\/#breadcrumb","itemListElement":[{"@type":"ListItem","position":1,"name":"Home","item":"https:\/\/lespresdeugenie.com\/en\/"},{"@type":"ListItem","position":2,"name":"Shop","item":"https:\/\/lespresdeugenie.com\/en\/shop\/"},{"@type":"ListItem","position":3,"name":"Cosy Getaway at La Maison Rose &#8211; 1 Night"}]},{"@type":"WebSite","@id":"https:\/\/lespresdeugenie.com\/#website","url":"https:\/\/lespresdeugenie.com\/","name":"Les Pr\u00e9s d'Eugenie - Maison Gu\u00e9rard","description":"Maison Gu\u00e9rard","publisher":{"@id":"https:\/\/lespresdeugenie.com\/#organization"},"alternateName":"LPDE","potentialAction":[{"@type":"SearchAction","target":{"@type":"EntryPoint","urlTemplate":"https:\/\/lespresdeugenie.com\/?s={search_term_string}"},"query-input":{"@type":"PropertyValueSpecification","valueRequired":true,"valueName":"search_term_string"}}],"inLanguage":"en-US"},{"@type":"Organization","@id":"https:\/\/lespresdeugenie.com\/#organization","name":"Les Pr\u00e9s d'Eugenie - Maison Gu\u00e9rard","url":"https:\/\/lespresdeugenie.com\/","logo":{"@type":"ImageObject","inLanguage":"en-US","@id":"https:\/\/lespresdeugenie.com\/#\/schema\/logo\/image\/","url":"https:\/\/lespresdeugenie.com\/wp-content\/uploads\/2022\/12\/les-pres-eugenie-logo-1.png","contentUrl":"https:\/\/lespresdeugenie.com\/wp-content\/uploads\/2022\/12\/les-pres-eugenie-logo-1.png","width":269,"height":60,"caption":"Les Pr\u00e9s d'Eugenie - Maison Gu\u00e9rard"},"image":{"@id":"https:\/\/lespresdeugenie.com\/#\/schema\/logo\/image\/"},"sameAs":["https:\/\/www.facebook.com\/LesPresdEugenie\/","https:\/\/www.instagram.com\/maisons_guerard\/?hl=fr","https:\/\/fr.linkedin.com\/company\/les-pres-d'eugenie"]}]}},"_links":{"self":[{"href":"https:\/\/lespresdeugenie.com\/en\/wp-json\/wp\/v2\/product\/112560","targetHints":{"allow":["GET"]}}],"collection":[{"href":"https:\/\/lespresdeugenie.com\/en\/wp-json\/wp\/v2\/product"}],"about":[{"href":"https:\/\/lespresdeugenie.com\/en\/wp-json\/wp\/v2\/types\/product"}],"wp:featuredmedia":[{"embeddable":true,"href":"https:\/\/lespresdeugenie.com\/en\/wp-json\/wp\/v2\/media\/112611"}],"wp:attachment":[{"href":"https:\/\/lespresdeugenie.com\/en\/wp-json\/wp\/v2\/media?parent=112560"}],"wp:term":[{"taxonomy":"product_brand","embeddable":true,"href":"https:\/\/lespresdeugenie.com\/en\/wp-json\/wp\/v2\/product_brand?post=112560"},{"taxonomy":"product_cat","embeddable":true,"href":"https:\/\/lespresdeugenie.com\/en\/wp-json\/wp\/v2\/product_cat?post=112560"},{"taxonomy":"product_tag","embeddable":true,"href":"https:\/\/lespresdeugenie.com\/en\/wp-json\/wp\/v2\/product_tag?post=112560"}],"curies":[{"name":"wp","href":"https:\/\/api.w.org\/{rel}","templated":true}]}}