{"id":15541,"date":"2018-10-02T10:49:40","date_gmt":"2018-10-02T08:49:40","guid":{"rendered":"https:\/\/lespresdeugenie.com\/produit\/ptit-tour-a-la-campagne-1-night-getaway\/"},"modified":"2024-02-14T10:27:37","modified_gmt":"2024-02-14T09:27:37","slug":"ptit-tour-a-la-campagne-1-night-getaway","status":"publish","type":"product","link":"https:\/\/lespresdeugenie.com\/en\/product\/ptit-tour-a-la-campagne-1-night-getaway\/","title":{"rendered":"P\u2019tit Tour \u00e0 la Campagne 1 Night Getaway"},"content":{"rendered":"<p>This package, valid for 2 guests, includes :<\/p>\n<ul>\n<li>1 night in Eug\u00e9nie<\/li>\n<li>Breakfast<\/li>\n<li>1 Rustic Dinner at La Ferme aux Grives with<br \/>\nA la carte: a starter, main course and dessert<br \/>\n<b>OR<\/b><br \/>\n1 Dinner in Cuisine Minceur,<br \/>\nMenu of the Day, a starter, main course and dessert<br \/>\n(drinks not included)<\/li>\n<\/ul>\n<p style=\"text-align: left;\" align=\"center\"><b>Drink options<\/b><\/p>\n<p>Include the drinks for your guest:<\/p>\n<p>Drinks for the Dinner at la Ferme aux Grives:<\/p>\n<ul>\n<li>L\u2019Ap\u00e9ritif des Grives<\/li>\n<li>2 glasses of wine, selected by our Sommeliers<\/li>\n<li>mineral water<\/li>\n<li>coffee<\/li>\n<\/ul>\n<p>Or<\/p>\n<p>Drinks for the Cuisine Minceur Supper:<\/p>\n<ul>\n<li>Fresh Tisane Minceur Cocktail<\/li>\n<li>1 glass of wine, selected by our Sommeliers<\/li>\n<li>mineral water<\/li>\n<li>coffee, tea or infusion<\/li>\n<\/ul>\n<ul>\n<li style=\"list-style-type: none;\"><\/li>\n<\/ul>\n<p>Rate: 50 \u20ac for 2 guests<\/p>\n<p>&nbsp;<\/p>\n<h3>Useful Information<strong><br \/>\n<\/strong><\/h3>\n<p>Our Gift Vouchers are valid for 12 months after the issue date, excluding on 24\/12 and 31\/12, according to our availabilities.<\/p>\n<p>The &#8220;P&#8217;tit Tour \u00e0 la Campagne&#8221; gift voucher cannot be booked on Saturday evenings or from 1 to 25 August.<\/p>\n<p>Local taxes are not included in this Gift Voucher. Your guest will pay them to Reception on departure.<\/p>\n<p><strong>Prior Reservation is mandatory :<\/strong><\/p>\n<p>Please contact our Reservation Team by phone\u00a0 +33 (0)5 58 05 06 07, or by <a href=\"mailto:reservation@michelguerard.com\">email<\/a>.<\/p>\n<p>Due to the success of our House, we strongly advise you to book several weeks before the date of your choice.<\/p>\n<p>This Gift Voucher features a unique reference ID code, may only be redeemed once, may not be exchanged for cash, replaced if lost, is non-transferable and non-refundable. The gift voucher must be presented upon arrival when redeeming the experience.<\/p>\n<p>Vouchers are non-extendable. Cancellation of a booking within 3 weeks of arrival will render the voucher null &amp; void.<\/p>\n<p>&nbsp;<\/p>\n","protected":false},"excerpt":{"rendered":"<p>(for 2 guests)<\/p>\n<ul>\n<li>1 night in Eug\u00e9nie<\/li>\n<li>Breakfast<\/li>\n<li>1 Rustic Dinner at La Ferme aux Grives or Minceur Cuisine<\/li>\n<\/ul>\n","protected":false},"featured_media":1928,"template":"","meta":{"_acf_changed":false},"product_brand":[],"product_cat":[113,93],"product_tag":[],"class_list":{"0":"post-15541","1":"product","2":"type-product","3":"status-publish","4":"has-post-thumbnail","6":"product_cat-overnight-stays","7":"product_cat-gift-certificates","9":"first","10":"instock","11":"shipping-taxable","12":"purchasable","13":"product-type-variable","14":"has-default-attributes","15":"add-to-wishlist-before_image"},"acf":[],"yoast_head":"<!-- This site is optimized with the Yoast SEO plugin v26.7 - https:\/\/yoast.com\/wordpress\/plugins\/seo\/ -->\n<title>P\u2019tit Tour \u00e0 la Campagne 1 Night Getaway - Les Pr\u00e9s d&#039;Eug\u00e9nie - Maison Gu\u00e9rard<\/title>\n<meta name=\"description\" content=\"(for 2 guests)   1 night in Eug\u00e9nie  Breakfast  1 Rustic Dinner at La Ferme aux Grives or Minceur Cuisine\" \/>\n<meta name=\"robots\" content=\"index, follow, max-snippet:-1, max-image-preview:large, max-video-preview:-1\" \/>\n<link rel=\"canonical\" href=\"https:\/\/lespresdeugenie.com\/en\/product\/ptit-tour-a-la-campagne-1-night-getaway\/\" \/>\n<meta property=\"og:locale\" content=\"en_US\" \/>\n<meta property=\"og:type\" content=\"article\" \/>\n<meta property=\"og:title\" content=\"P\u2019tit Tour \u00e0 la Campagne 1 Night Getaway - Les Pr\u00e9s d&#039;Eug\u00e9nie - Maison Gu\u00e9rard\" \/>\n<meta property=\"og:description\" content=\"(for 2 guests)   1 night in Eug\u00e9nie  Breakfast  1 Rustic Dinner at La Ferme aux Grives or Minceur Cuisine\" \/>\n<meta property=\"og:url\" content=\"https:\/\/lespresdeugenie.com\/en\/product\/ptit-tour-a-la-campagne-1-night-getaway\/\" \/>\n<meta property=\"og:site_name\" content=\"Les Pr\u00e9s d&#039;Eug\u00e9nie\" \/>\n<meta property=\"article:publisher\" content=\"https:\/\/www.facebook.com\/LesPresdEugenie\/\" \/>\n<meta property=\"article:modified_time\" content=\"2024-02-14T09:27:37+00:00\" \/>\n<meta property=\"og:image\" content=\"https:\/\/lespresdeugenie.com\/wp-content\/uploads\/2018\/10\/pres-eugenie-domaine-la-ferme-aux-grive-michel-guerard.jpg\" \/>\n\t<meta property=\"og:image:width\" content=\"2500\" \/>\n\t<meta property=\"og:image:height\" content=\"1668\" \/>\n\t<meta property=\"og:image:type\" content=\"image\/jpeg\" \/>\n<meta name=\"twitter:card\" content=\"summary_large_image\" \/>\n<meta name=\"twitter:label1\" content=\"Est. reading time\" \/>\n\t<meta name=\"twitter:data1\" content=\"2 minutes\" \/>\n<script type=\"application\/ld+json\" class=\"yoast-schema-graph\">{\"@context\":\"https:\/\/schema.org\",\"@graph\":[{\"@type\":\"WebPage\",\"@id\":\"https:\/\/lespresdeugenie.com\/en\/product\/ptit-tour-a-la-campagne-1-night-getaway\/\",\"url\":\"https:\/\/lespresdeugenie.com\/en\/product\/ptit-tour-a-la-campagne-1-night-getaway\/\",\"name\":\"P\u2019tit Tour \u00e0 la Campagne 1 Night Getaway - Les Pr\u00e9s d&#039;Eug\u00e9nie - Maison Gu\u00e9rard\",\"isPartOf\":{\"@id\":\"https:\/\/lespresdeugenie.com\/#website\"},\"primaryImageOfPage\":{\"@id\":\"https:\/\/lespresdeugenie.com\/en\/product\/ptit-tour-a-la-campagne-1-night-getaway\/#primaryimage\"},\"image\":{\"@id\":\"https:\/\/lespresdeugenie.com\/en\/product\/ptit-tour-a-la-campagne-1-night-getaway\/#primaryimage\"},\"thumbnailUrl\":\"https:\/\/lespresdeugenie.com\/wp-content\/uploads\/2018\/10\/pres-eugenie-domaine-la-ferme-aux-grive-michel-guerard.jpg\",\"datePublished\":\"2018-10-02T08:49:40+00:00\",\"dateModified\":\"2024-02-14T09:27:37+00:00\",\"description\":\"(for 2 guests) 1 night in Eug\u00e9nie Breakfast 1 Rustic Dinner at La Ferme aux Grives or Minceur Cuisine\",\"breadcrumb\":{\"@id\":\"https:\/\/lespresdeugenie.com\/en\/product\/ptit-tour-a-la-campagne-1-night-getaway\/#breadcrumb\"},\"inLanguage\":\"en-US\",\"potentialAction\":[{\"@type\":\"ReadAction\",\"target\":[\"https:\/\/lespresdeugenie.com\/en\/product\/ptit-tour-a-la-campagne-1-night-getaway\/\"]}]},{\"@type\":\"ImageObject\",\"inLanguage\":\"en-US\",\"@id\":\"https:\/\/lespresdeugenie.com\/en\/product\/ptit-tour-a-la-campagne-1-night-getaway\/#primaryimage\",\"url\":\"https:\/\/lespresdeugenie.com\/wp-content\/uploads\/2018\/10\/pres-eugenie-domaine-la-ferme-aux-grive-michel-guerard.jpg\",\"contentUrl\":\"https:\/\/lespresdeugenie.com\/wp-content\/uploads\/2018\/10\/pres-eugenie-domaine-la-ferme-aux-grive-michel-guerard.jpg\",\"width\":2500,\"height\":1668},{\"@type\":\"BreadcrumbList\",\"@id\":\"https:\/\/lespresdeugenie.com\/en\/product\/ptit-tour-a-la-campagne-1-night-getaway\/#breadcrumb\",\"itemListElement\":[{\"@type\":\"ListItem\",\"position\":1,\"name\":\"Home\",\"item\":\"https:\/\/lespresdeugenie.com\/en\/\"},{\"@type\":\"ListItem\",\"position\":2,\"name\":\"Shop\",\"item\":\"https:\/\/lespresdeugenie.com\/en\/shop\/\"},{\"@type\":\"ListItem\",\"position\":3,\"name\":\"P\u2019tit Tour \u00e0 la Campagne 1 Night Getaway\"}]},{\"@type\":\"WebSite\",\"@id\":\"https:\/\/lespresdeugenie.com\/#website\",\"url\":\"https:\/\/lespresdeugenie.com\/\",\"name\":\"Les Pr\u00e9s d'Eugenie - Maison Gu\u00e9rard\",\"description\":\"Maison Gu\u00e9rard\",\"publisher\":{\"@id\":\"https:\/\/lespresdeugenie.com\/#organization\"},\"alternateName\":\"LPDE\",\"potentialAction\":[{\"@type\":\"SearchAction\",\"target\":{\"@type\":\"EntryPoint\",\"urlTemplate\":\"https:\/\/lespresdeugenie.com\/?s={search_term_string}\"},\"query-input\":{\"@type\":\"PropertyValueSpecification\",\"valueRequired\":true,\"valueName\":\"search_term_string\"}}],\"inLanguage\":\"en-US\"},{\"@type\":\"Organization\",\"@id\":\"https:\/\/lespresdeugenie.com\/#organization\",\"name\":\"Les Pr\u00e9s d'Eugenie - Maison Gu\u00e9rard\",\"url\":\"https:\/\/lespresdeugenie.com\/\",\"logo\":{\"@type\":\"ImageObject\",\"inLanguage\":\"en-US\",\"@id\":\"https:\/\/lespresdeugenie.com\/#\/schema\/logo\/image\/\",\"url\":\"https:\/\/lespresdeugenie.com\/wp-content\/uploads\/2022\/12\/les-pres-eugenie-logo-1.png\",\"contentUrl\":\"https:\/\/lespresdeugenie.com\/wp-content\/uploads\/2022\/12\/les-pres-eugenie-logo-1.png\",\"width\":269,\"height\":60,\"caption\":\"Les Pr\u00e9s d'Eugenie - Maison Gu\u00e9rard\"},\"image\":{\"@id\":\"https:\/\/lespresdeugenie.com\/#\/schema\/logo\/image\/\"},\"sameAs\":[\"https:\/\/www.facebook.com\/LesPresdEugenie\/\",\"https:\/\/www.instagram.com\/maisons_guerard\/?hl=fr\",\"https:\/\/fr.linkedin.com\/company\/les-pres-d'eugenie\"]}]}<\/script>\n<!-- \/ Yoast SEO plugin. -->","yoast_head_json":{"title":"P\u2019tit Tour \u00e0 la Campagne 1 Night Getaway - Les Pr\u00e9s d&#039;Eug\u00e9nie - Maison Gu\u00e9rard","description":"(for 2 guests)   1 night in Eug\u00e9nie  Breakfast  1 Rustic Dinner at La Ferme aux Grives or Minceur Cuisine","robots":{"index":"index","follow":"follow","max-snippet":"max-snippet:-1","max-image-preview":"max-image-preview:large","max-video-preview":"max-video-preview:-1"},"canonical":"https:\/\/lespresdeugenie.com\/en\/product\/ptit-tour-a-la-campagne-1-night-getaway\/","og_locale":"en_US","og_type":"article","og_title":"P\u2019tit Tour \u00e0 la Campagne 1 Night Getaway - Les Pr\u00e9s d&#039;Eug\u00e9nie - Maison Gu\u00e9rard","og_description":"(for 2 guests)   1 night in Eug\u00e9nie  Breakfast  1 Rustic Dinner at La Ferme aux Grives or Minceur Cuisine","og_url":"https:\/\/lespresdeugenie.com\/en\/product\/ptit-tour-a-la-campagne-1-night-getaway\/","og_site_name":"Les Pr\u00e9s d&#039;Eug\u00e9nie","article_publisher":"https:\/\/www.facebook.com\/LesPresdEugenie\/","article_modified_time":"2024-02-14T09:27:37+00:00","og_image":[{"width":2500,"height":1668,"url":"https:\/\/lespresdeugenie.com\/wp-content\/uploads\/2018\/10\/pres-eugenie-domaine-la-ferme-aux-grive-michel-guerard.jpg","type":"image\/jpeg"}],"twitter_card":"summary_large_image","twitter_misc":{"Est. reading time":"2 minutes"},"schema":{"@context":"https:\/\/schema.org","@graph":[{"@type":"WebPage","@id":"https:\/\/lespresdeugenie.com\/en\/product\/ptit-tour-a-la-campagne-1-night-getaway\/","url":"https:\/\/lespresdeugenie.com\/en\/product\/ptit-tour-a-la-campagne-1-night-getaway\/","name":"P\u2019tit Tour \u00e0 la Campagne 1 Night Getaway - Les Pr\u00e9s d&#039;Eug\u00e9nie - Maison Gu\u00e9rard","isPartOf":{"@id":"https:\/\/lespresdeugenie.com\/#website"},"primaryImageOfPage":{"@id":"https:\/\/lespresdeugenie.com\/en\/product\/ptit-tour-a-la-campagne-1-night-getaway\/#primaryimage"},"image":{"@id":"https:\/\/lespresdeugenie.com\/en\/product\/ptit-tour-a-la-campagne-1-night-getaway\/#primaryimage"},"thumbnailUrl":"https:\/\/lespresdeugenie.com\/wp-content\/uploads\/2018\/10\/pres-eugenie-domaine-la-ferme-aux-grive-michel-guerard.jpg","datePublished":"2018-10-02T08:49:40+00:00","dateModified":"2024-02-14T09:27:37+00:00","description":"(for 2 guests) 1 night in Eug\u00e9nie Breakfast 1 Rustic Dinner at La Ferme aux Grives or Minceur Cuisine","breadcrumb":{"@id":"https:\/\/lespresdeugenie.com\/en\/product\/ptit-tour-a-la-campagne-1-night-getaway\/#breadcrumb"},"inLanguage":"en-US","potentialAction":[{"@type":"ReadAction","target":["https:\/\/lespresdeugenie.com\/en\/product\/ptit-tour-a-la-campagne-1-night-getaway\/"]}]},{"@type":"ImageObject","inLanguage":"en-US","@id":"https:\/\/lespresdeugenie.com\/en\/product\/ptit-tour-a-la-campagne-1-night-getaway\/#primaryimage","url":"https:\/\/lespresdeugenie.com\/wp-content\/uploads\/2018\/10\/pres-eugenie-domaine-la-ferme-aux-grive-michel-guerard.jpg","contentUrl":"https:\/\/lespresdeugenie.com\/wp-content\/uploads\/2018\/10\/pres-eugenie-domaine-la-ferme-aux-grive-michel-guerard.jpg","width":2500,"height":1668},{"@type":"BreadcrumbList","@id":"https:\/\/lespresdeugenie.com\/en\/product\/ptit-tour-a-la-campagne-1-night-getaway\/#breadcrumb","itemListElement":[{"@type":"ListItem","position":1,"name":"Home","item":"https:\/\/lespresdeugenie.com\/en\/"},{"@type":"ListItem","position":2,"name":"Shop","item":"https:\/\/lespresdeugenie.com\/en\/shop\/"},{"@type":"ListItem","position":3,"name":"P\u2019tit Tour \u00e0 la Campagne 1 Night Getaway"}]},{"@type":"WebSite","@id":"https:\/\/lespresdeugenie.com\/#website","url":"https:\/\/lespresdeugenie.com\/","name":"Les Pr\u00e9s d'Eugenie - Maison Gu\u00e9rard","description":"Maison Gu\u00e9rard","publisher":{"@id":"https:\/\/lespresdeugenie.com\/#organization"},"alternateName":"LPDE","potentialAction":[{"@type":"SearchAction","target":{"@type":"EntryPoint","urlTemplate":"https:\/\/lespresdeugenie.com\/?s={search_term_string}"},"query-input":{"@type":"PropertyValueSpecification","valueRequired":true,"valueName":"search_term_string"}}],"inLanguage":"en-US"},{"@type":"Organization","@id":"https:\/\/lespresdeugenie.com\/#organization","name":"Les Pr\u00e9s d'Eugenie - Maison Gu\u00e9rard","url":"https:\/\/lespresdeugenie.com\/","logo":{"@type":"ImageObject","inLanguage":"en-US","@id":"https:\/\/lespresdeugenie.com\/#\/schema\/logo\/image\/","url":"https:\/\/lespresdeugenie.com\/wp-content\/uploads\/2022\/12\/les-pres-eugenie-logo-1.png","contentUrl":"https:\/\/lespresdeugenie.com\/wp-content\/uploads\/2022\/12\/les-pres-eugenie-logo-1.png","width":269,"height":60,"caption":"Les Pr\u00e9s d'Eugenie - Maison Gu\u00e9rard"},"image":{"@id":"https:\/\/lespresdeugenie.com\/#\/schema\/logo\/image\/"},"sameAs":["https:\/\/www.facebook.com\/LesPresdEugenie\/","https:\/\/www.instagram.com\/maisons_guerard\/?hl=fr","https:\/\/fr.linkedin.com\/company\/les-pres-d'eugenie"]}]}},"_links":{"self":[{"href":"https:\/\/lespresdeugenie.com\/en\/wp-json\/wp\/v2\/product\/15541","targetHints":{"allow":["GET"]}}],"collection":[{"href":"https:\/\/lespresdeugenie.com\/en\/wp-json\/wp\/v2\/product"}],"about":[{"href":"https:\/\/lespresdeugenie.com\/en\/wp-json\/wp\/v2\/types\/product"}],"wp:featuredmedia":[{"embeddable":true,"href":"https:\/\/lespresdeugenie.com\/en\/wp-json\/wp\/v2\/media\/1928"}],"wp:attachment":[{"href":"https:\/\/lespresdeugenie.com\/en\/wp-json\/wp\/v2\/media?parent=15541"}],"wp:term":[{"taxonomy":"product_brand","embeddable":true,"href":"https:\/\/lespresdeugenie.com\/en\/wp-json\/wp\/v2\/product_brand?post=15541"},{"taxonomy":"product_cat","embeddable":true,"href":"https:\/\/lespresdeugenie.com\/en\/wp-json\/wp\/v2\/product_cat?post=15541"},{"taxonomy":"product_tag","embeddable":true,"href":"https:\/\/lespresdeugenie.com\/en\/wp-json\/wp\/v2\/product_tag?post=15541"}],"curies":[{"name":"wp","href":"https:\/\/api.w.org\/{rel}","templated":true}]}}