{"id":15566,"date":"2018-10-02T11:27:24","date_gmt":"2018-10-02T09:27:24","guid":{"rendered":"https:\/\/lespresdeugenie.com\/produit\/palais-enchante-1-guest\/"},"modified":"2025-04-29T10:47:01","modified_gmt":"2025-04-29T08:47:01","slug":"palais-enchante-1-guest","status":"publish","type":"product","link":"https:\/\/lespresdeugenie.com\/en\/product\/palais-enchante-1-guest\/","title":{"rendered":"Palais Enchant\u00e9 &#8211; 1 guest"},"content":{"rendered":"<div id=\"idTextPanel\" style=\"text-align: center;\">\n<p style=\"text-align: left;\"><strong>&#8220;Palais Enchant\u00e9&#8221; is a Nine-Course Set Menu<\/strong> with 1 appetizer, 7 seasonal savoury courses, 2 seasonal desserts and petit fours<\/p>\n<p>&nbsp;<\/p>\n<h3 style=\"text-align: left;\">A CULINARY RITUAL LIKE A NATURAL JOURNEY !<\/h3>\n<p style=\"text-align: left;\">Roasted Lobster, lightly smoked in the hearth, diaphanous pillow of Morels and wild mushrooms with asparagus tips, glazed foie gras on the embers, &#8220;light as a cloud&#8221; Marquis de B\u00e9chamel frothy cake &#8230; These are all pleasant temptations to enjoy a naturalistic cuisine, cooked over the flames of our fireplace.<\/p>\n<p style=\"text-align: left;\">Served into<strong> the beautiful setting of the Empress Lounges<\/strong>, the <strong>3-Michelin-Star Cuisine<\/strong> follows a magical ritual of 10 precious small courses.<br \/>\nOur Chefs dreamed up this Set Menu like <strong>a poetic culinary journey : hearty, unexpected, mischievous \u2026 unforgettable<\/strong> !<\/p>\n<p>&nbsp;<\/p>\n<h3 style=\"text-align: left;\">ARE DRINKS INCLUDED ?<\/h3>\n<p style=\"text-align: left;\"><strong>No, they are not<\/strong>, as you may prefer to choose the most adequate option for your guest and your budget.<br \/>\nTherefore, Laetitia Andrews, <strong>our Cheffe-Sommeli\u00e8re proposes one Pairing-Option<\/strong> :<\/p>\n<h3 style=\"text-align: left;\"><b>&#8220;Beautiful French Wines&#8221; Pairing<\/b><\/h3>\n<hr \/>\n<p style=\"text-align: left;\">France is a paradise for Wine Lovers, with a huge array of possibilities. Let our Sommeliers charm your senses with their selection of Burgundy, Loire Valley, Bordeaux, South West, South South, and Rhone tasty flasks. Some of them play the Classic game, some others, the unexpected &#8230;<\/p>\n<p style=\"text-align: left;\"><strong>This Pairing Option includes :<\/strong><\/p>\n<ul style=\"text-align: left;\">\n<li>The &#8220;Badinguet&#8221; Cocktail as Ap\u00e9ritif<\/li>\n<li>A selection of 7 glasses of pairing French Wines<\/li>\n<li>Mineral Water<\/li>\n<li>Coffee, Tea or Herbal Infusion<\/li>\n<\/ul>\n<p>&nbsp;<\/p>\n<hr \/>\n<h3 style=\"text-align: left;\"><strong>Useful Information<\/strong><\/h3>\n<p style=\"text-align: left;\">Our Gift Vouchers are valid for 12 months after the issue date, excluding on 24\/12 and 31\/12, according to our availabilities.<\/p>\n<p style=\"text-align: left;\"><strong>Prior Reservation is mandatory :<\/strong><\/p>\n<p style=\"text-align: left;\">Please contact our Reservation Team by phone\u00a0 +33 (0)5 58 05 06 07, or by <a href=\"mailto:reservation@lespresdeugenie.com\">email<\/a>.<\/p>\n<p style=\"text-align: left;\">Due to the success of our House, we strongly advise you to book several weeks before the date of your choice.<\/p>\n<p style=\"text-align: left;\">This Gift Voucher features a unique reference ID code, may only be redeemed once, may not be exchanged for cash, replaced if lost, is non-transferable and non-refundable. The gift voucher must be presented upon arrival when redeeming the experience.<\/p>\n<p style=\"text-align: left;\">Vouchers are non-extendable. Cancellation of a booking within 3 weeks of arrival will render the voucher null &amp; void.<\/p>\n<p style=\"text-align: left;\">\n<\/div>\n","protected":false},"excerpt":{"rendered":"<ul>\n<li>A 9-Course Menu including Appetizer, 7 Savoury Courses, 2 Desserts\u00a0 and Petit Fours<\/li>\n<li>Drinks not included<\/li>\n<li>1 &#8220;Drinks &amp; Wine Pairing&#8221; option<\/li>\n<li><strong>for 1 Guest<\/strong><\/li>\n<\/ul>\n","protected":false},"featured_media":38400,"template":"","meta":{"_acf_changed":false},"product_brand":[],"product_cat":[93,111],"product_tag":[],"class_list":{"0":"post-15566","1":"product","2":"type-product","3":"status-publish","4":"has-post-thumbnail","6":"product_cat-gift-certificates","7":"product_cat-3-michelin-stars-menus","9":"first","10":"instock","11":"shipping-taxable","12":"purchasable","13":"product-type-variable","14":"add-to-wishlist-before_image"},"acf":[],"yoast_head":"<!-- This site is optimized with the Yoast SEO plugin v26.7 - https:\/\/yoast.com\/wordpress\/plugins\/seo\/ -->\n<title>Palais Enchant\u00e9 - 1 guest - Les Pr\u00e9s d&#039;Eug\u00e9nie - Maison Gu\u00e9rard<\/title>\n<meta name=\"description\" content=\"A 9-Course Menu including Appetizer, 7 Savoury Courses, 2 Desserts\u00a0 and Petit Fours  Drinks not included  1 &quot;Drinks &amp; Wine Pairing&quot; option  for 1 Guest\" \/>\n<meta name=\"robots\" content=\"index, follow, max-snippet:-1, max-image-preview:large, max-video-preview:-1\" \/>\n<link rel=\"canonical\" href=\"https:\/\/lespresdeugenie.com\/en\/product\/palais-enchante-1-guest\/\" \/>\n<meta property=\"og:locale\" content=\"en_US\" \/>\n<meta property=\"og:type\" content=\"article\" \/>\n<meta property=\"og:title\" content=\"Palais Enchant\u00e9 - 1 guest - Les Pr\u00e9s d&#039;Eug\u00e9nie - Maison Gu\u00e9rard\" \/>\n<meta property=\"og:description\" content=\"A 9-Course Menu including Appetizer, 7 Savoury Courses, 2 Desserts\u00a0 and Petit Fours  Drinks not included  1 &quot;Drinks &amp; Wine Pairing&quot; option  for 1 Guest\" \/>\n<meta property=\"og:url\" content=\"https:\/\/lespresdeugenie.com\/en\/product\/palais-enchante-1-guest\/\" \/>\n<meta property=\"og:site_name\" content=\"Les Pr\u00e9s d&#039;Eug\u00e9nie\" \/>\n<meta property=\"article:publisher\" content=\"https:\/\/www.facebook.com\/LesPresdEugenie\/\" \/>\n<meta property=\"article:modified_time\" content=\"2025-04-29T08:47:01+00:00\" \/>\n<meta property=\"og:image\" content=\"https:\/\/lespresdeugenie.com\/wp-content\/uploads\/2021\/05\/les-pres-d-eugenie_cuisine-etoilee_03.jpg\" \/>\n\t<meta property=\"og:image:width\" content=\"1715\" \/>\n\t<meta property=\"og:image:height\" content=\"1029\" \/>\n\t<meta property=\"og:image:type\" content=\"image\/jpeg\" \/>\n<meta name=\"twitter:card\" content=\"summary_large_image\" \/>\n<meta name=\"twitter:label1\" content=\"Est. reading time\" \/>\n\t<meta name=\"twitter:data1\" content=\"2 minutes\" \/>\n<script type=\"application\/ld+json\" class=\"yoast-schema-graph\">{\"@context\":\"https:\/\/schema.org\",\"@graph\":[{\"@type\":\"WebPage\",\"@id\":\"https:\/\/lespresdeugenie.com\/en\/product\/palais-enchante-1-guest\/\",\"url\":\"https:\/\/lespresdeugenie.com\/en\/product\/palais-enchante-1-guest\/\",\"name\":\"Palais Enchant\u00e9 - 1 guest - Les Pr\u00e9s d&#039;Eug\u00e9nie - Maison Gu\u00e9rard\",\"isPartOf\":{\"@id\":\"https:\/\/lespresdeugenie.com\/#website\"},\"primaryImageOfPage\":{\"@id\":\"https:\/\/lespresdeugenie.com\/en\/product\/palais-enchante-1-guest\/#primaryimage\"},\"image\":{\"@id\":\"https:\/\/lespresdeugenie.com\/en\/product\/palais-enchante-1-guest\/#primaryimage\"},\"thumbnailUrl\":\"https:\/\/lespresdeugenie.com\/wp-content\/uploads\/2021\/05\/les-pres-d-eugenie_cuisine-etoilee_03.jpg\",\"datePublished\":\"2018-10-02T09:27:24+00:00\",\"dateModified\":\"2025-04-29T08:47:01+00:00\",\"description\":\"A 9-Course Menu including Appetizer, 7 Savoury Courses, 2 Desserts\u00a0 and Petit Fours Drinks not included 1 \\\"Drinks &amp; Wine Pairing\\\" option for 1 Guest\",\"breadcrumb\":{\"@id\":\"https:\/\/lespresdeugenie.com\/en\/product\/palais-enchante-1-guest\/#breadcrumb\"},\"inLanguage\":\"en-US\",\"potentialAction\":[{\"@type\":\"ReadAction\",\"target\":[\"https:\/\/lespresdeugenie.com\/en\/product\/palais-enchante-1-guest\/\"]}]},{\"@type\":\"ImageObject\",\"inLanguage\":\"en-US\",\"@id\":\"https:\/\/lespresdeugenie.com\/en\/product\/palais-enchante-1-guest\/#primaryimage\",\"url\":\"https:\/\/lespresdeugenie.com\/wp-content\/uploads\/2021\/05\/les-pres-d-eugenie_cuisine-etoilee_03.jpg\",\"contentUrl\":\"https:\/\/lespresdeugenie.com\/wp-content\/uploads\/2021\/05\/les-pres-d-eugenie_cuisine-etoilee_03.jpg\",\"width\":1715,\"height\":1029,\"caption\":\"Les Pr\u00e9s d'Eug\u00e9nie - Michel Gu\u00e9rard - Oeuf Caviar\"},{\"@type\":\"BreadcrumbList\",\"@id\":\"https:\/\/lespresdeugenie.com\/en\/product\/palais-enchante-1-guest\/#breadcrumb\",\"itemListElement\":[{\"@type\":\"ListItem\",\"position\":1,\"name\":\"Home\",\"item\":\"https:\/\/lespresdeugenie.com\/en\/\"},{\"@type\":\"ListItem\",\"position\":2,\"name\":\"Shop\",\"item\":\"https:\/\/lespresdeugenie.com\/en\/shop\/\"},{\"@type\":\"ListItem\",\"position\":3,\"name\":\"Palais Enchant\u00e9 &#8211; 1 guest\"}]},{\"@type\":\"WebSite\",\"@id\":\"https:\/\/lespresdeugenie.com\/#website\",\"url\":\"https:\/\/lespresdeugenie.com\/\",\"name\":\"Les Pr\u00e9s d'Eugenie - Maison Gu\u00e9rard\",\"description\":\"Maison Gu\u00e9rard\",\"publisher\":{\"@id\":\"https:\/\/lespresdeugenie.com\/#organization\"},\"alternateName\":\"LPDE\",\"potentialAction\":[{\"@type\":\"SearchAction\",\"target\":{\"@type\":\"EntryPoint\",\"urlTemplate\":\"https:\/\/lespresdeugenie.com\/?s={search_term_string}\"},\"query-input\":{\"@type\":\"PropertyValueSpecification\",\"valueRequired\":true,\"valueName\":\"search_term_string\"}}],\"inLanguage\":\"en-US\"},{\"@type\":\"Organization\",\"@id\":\"https:\/\/lespresdeugenie.com\/#organization\",\"name\":\"Les Pr\u00e9s d'Eugenie - Maison Gu\u00e9rard\",\"url\":\"https:\/\/lespresdeugenie.com\/\",\"logo\":{\"@type\":\"ImageObject\",\"inLanguage\":\"en-US\",\"@id\":\"https:\/\/lespresdeugenie.com\/#\/schema\/logo\/image\/\",\"url\":\"https:\/\/lespresdeugenie.com\/wp-content\/uploads\/2022\/12\/les-pres-eugenie-logo-1.png\",\"contentUrl\":\"https:\/\/lespresdeugenie.com\/wp-content\/uploads\/2022\/12\/les-pres-eugenie-logo-1.png\",\"width\":269,\"height\":60,\"caption\":\"Les Pr\u00e9s d'Eugenie - Maison Gu\u00e9rard\"},\"image\":{\"@id\":\"https:\/\/lespresdeugenie.com\/#\/schema\/logo\/image\/\"},\"sameAs\":[\"https:\/\/www.facebook.com\/LesPresdEugenie\/\",\"https:\/\/www.instagram.com\/maisons_guerard\/?hl=fr\",\"https:\/\/fr.linkedin.com\/company\/les-pres-d'eugenie\"]}]}<\/script>\n<!-- \/ Yoast SEO plugin. -->","yoast_head_json":{"title":"Palais Enchant\u00e9 - 1 guest - Les Pr\u00e9s d&#039;Eug\u00e9nie - Maison Gu\u00e9rard","description":"A 9-Course Menu including Appetizer, 7 Savoury Courses, 2 Desserts\u00a0 and Petit Fours  Drinks not included  1 \"Drinks &amp; Wine Pairing\" option  for 1 Guest","robots":{"index":"index","follow":"follow","max-snippet":"max-snippet:-1","max-image-preview":"max-image-preview:large","max-video-preview":"max-video-preview:-1"},"canonical":"https:\/\/lespresdeugenie.com\/en\/product\/palais-enchante-1-guest\/","og_locale":"en_US","og_type":"article","og_title":"Palais Enchant\u00e9 - 1 guest - Les Pr\u00e9s d&#039;Eug\u00e9nie - Maison Gu\u00e9rard","og_description":"A 9-Course Menu including Appetizer, 7 Savoury Courses, 2 Desserts\u00a0 and Petit Fours  Drinks not included  1 \"Drinks &amp; Wine Pairing\" option  for 1 Guest","og_url":"https:\/\/lespresdeugenie.com\/en\/product\/palais-enchante-1-guest\/","og_site_name":"Les Pr\u00e9s d&#039;Eug\u00e9nie","article_publisher":"https:\/\/www.facebook.com\/LesPresdEugenie\/","article_modified_time":"2025-04-29T08:47:01+00:00","og_image":[{"width":1715,"height":1029,"url":"https:\/\/lespresdeugenie.com\/wp-content\/uploads\/2021\/05\/les-pres-d-eugenie_cuisine-etoilee_03.jpg","type":"image\/jpeg"}],"twitter_card":"summary_large_image","twitter_misc":{"Est. reading time":"2 minutes"},"schema":{"@context":"https:\/\/schema.org","@graph":[{"@type":"WebPage","@id":"https:\/\/lespresdeugenie.com\/en\/product\/palais-enchante-1-guest\/","url":"https:\/\/lespresdeugenie.com\/en\/product\/palais-enchante-1-guest\/","name":"Palais Enchant\u00e9 - 1 guest - Les Pr\u00e9s d&#039;Eug\u00e9nie - Maison Gu\u00e9rard","isPartOf":{"@id":"https:\/\/lespresdeugenie.com\/#website"},"primaryImageOfPage":{"@id":"https:\/\/lespresdeugenie.com\/en\/product\/palais-enchante-1-guest\/#primaryimage"},"image":{"@id":"https:\/\/lespresdeugenie.com\/en\/product\/palais-enchante-1-guest\/#primaryimage"},"thumbnailUrl":"https:\/\/lespresdeugenie.com\/wp-content\/uploads\/2021\/05\/les-pres-d-eugenie_cuisine-etoilee_03.jpg","datePublished":"2018-10-02T09:27:24+00:00","dateModified":"2025-04-29T08:47:01+00:00","description":"A 9-Course Menu including Appetizer, 7 Savoury Courses, 2 Desserts\u00a0 and Petit Fours Drinks not included 1 \"Drinks &amp; Wine Pairing\" option for 1 Guest","breadcrumb":{"@id":"https:\/\/lespresdeugenie.com\/en\/product\/palais-enchante-1-guest\/#breadcrumb"},"inLanguage":"en-US","potentialAction":[{"@type":"ReadAction","target":["https:\/\/lespresdeugenie.com\/en\/product\/palais-enchante-1-guest\/"]}]},{"@type":"ImageObject","inLanguage":"en-US","@id":"https:\/\/lespresdeugenie.com\/en\/product\/palais-enchante-1-guest\/#primaryimage","url":"https:\/\/lespresdeugenie.com\/wp-content\/uploads\/2021\/05\/les-pres-d-eugenie_cuisine-etoilee_03.jpg","contentUrl":"https:\/\/lespresdeugenie.com\/wp-content\/uploads\/2021\/05\/les-pres-d-eugenie_cuisine-etoilee_03.jpg","width":1715,"height":1029,"caption":"Les Pr\u00e9s d'Eug\u00e9nie - Michel Gu\u00e9rard - Oeuf Caviar"},{"@type":"BreadcrumbList","@id":"https:\/\/lespresdeugenie.com\/en\/product\/palais-enchante-1-guest\/#breadcrumb","itemListElement":[{"@type":"ListItem","position":1,"name":"Home","item":"https:\/\/lespresdeugenie.com\/en\/"},{"@type":"ListItem","position":2,"name":"Shop","item":"https:\/\/lespresdeugenie.com\/en\/shop\/"},{"@type":"ListItem","position":3,"name":"Palais Enchant\u00e9 &#8211; 1 guest"}]},{"@type":"WebSite","@id":"https:\/\/lespresdeugenie.com\/#website","url":"https:\/\/lespresdeugenie.com\/","name":"Les Pr\u00e9s d'Eugenie - Maison Gu\u00e9rard","description":"Maison Gu\u00e9rard","publisher":{"@id":"https:\/\/lespresdeugenie.com\/#organization"},"alternateName":"LPDE","potentialAction":[{"@type":"SearchAction","target":{"@type":"EntryPoint","urlTemplate":"https:\/\/lespresdeugenie.com\/?s={search_term_string}"},"query-input":{"@type":"PropertyValueSpecification","valueRequired":true,"valueName":"search_term_string"}}],"inLanguage":"en-US"},{"@type":"Organization","@id":"https:\/\/lespresdeugenie.com\/#organization","name":"Les Pr\u00e9s d'Eugenie - Maison Gu\u00e9rard","url":"https:\/\/lespresdeugenie.com\/","logo":{"@type":"ImageObject","inLanguage":"en-US","@id":"https:\/\/lespresdeugenie.com\/#\/schema\/logo\/image\/","url":"https:\/\/lespresdeugenie.com\/wp-content\/uploads\/2022\/12\/les-pres-eugenie-logo-1.png","contentUrl":"https:\/\/lespresdeugenie.com\/wp-content\/uploads\/2022\/12\/les-pres-eugenie-logo-1.png","width":269,"height":60,"caption":"Les Pr\u00e9s d'Eugenie - Maison Gu\u00e9rard"},"image":{"@id":"https:\/\/lespresdeugenie.com\/#\/schema\/logo\/image\/"},"sameAs":["https:\/\/www.facebook.com\/LesPresdEugenie\/","https:\/\/www.instagram.com\/maisons_guerard\/?hl=fr","https:\/\/fr.linkedin.com\/company\/les-pres-d'eugenie"]}]}},"_links":{"self":[{"href":"https:\/\/lespresdeugenie.com\/en\/wp-json\/wp\/v2\/product\/15566","targetHints":{"allow":["GET"]}}],"collection":[{"href":"https:\/\/lespresdeugenie.com\/en\/wp-json\/wp\/v2\/product"}],"about":[{"href":"https:\/\/lespresdeugenie.com\/en\/wp-json\/wp\/v2\/types\/product"}],"wp:featuredmedia":[{"embeddable":true,"href":"https:\/\/lespresdeugenie.com\/en\/wp-json\/wp\/v2\/media\/38400"}],"wp:attachment":[{"href":"https:\/\/lespresdeugenie.com\/en\/wp-json\/wp\/v2\/media?parent=15566"}],"wp:term":[{"taxonomy":"product_brand","embeddable":true,"href":"https:\/\/lespresdeugenie.com\/en\/wp-json\/wp\/v2\/product_brand?post=15566"},{"taxonomy":"product_cat","embeddable":true,"href":"https:\/\/lespresdeugenie.com\/en\/wp-json\/wp\/v2\/product_cat?post=15566"},{"taxonomy":"product_tag","embeddable":true,"href":"https:\/\/lespresdeugenie.com\/en\/wp-json\/wp\/v2\/product_tag?post=15566"}],"curies":[{"name":"wp","href":"https:\/\/api.w.org\/{rel}","templated":true}]}}