{"id":15571,"date":"2018-10-02T11:05:05","date_gmt":"2018-10-02T09:05:05","guid":{"rendered":"https:\/\/lespresdeugenie.com\/produit\/terroir-sublime-1-guest\/"},"modified":"2024-12-02T11:58:43","modified_gmt":"2024-12-02T10:58:43","slug":"terroir-sublime-1-guest","status":"publish","type":"product","link":"https:\/\/lespresdeugenie.com\/en\/product\/terroir-sublime-1-guest\/","title":{"rendered":"Terroir Sublime Menu \u2013 1 guest"},"content":{"rendered":"<div id=\"idTextPanel\" style=\"text-align: left;\">\n<p>One patience, 1 entr\u00e9e, 1 suite and, for dessert, a choice of sumptuous pastries, served on the Grand Chariot des Desserts d&#8217;Antan, or one of Eugenie&#8217;s great historical desserts.<\/p>\n<h3>ARE DRINKS INCLUDED ?<\/h3>\n<p><strong>Yes and No<\/strong> \ud83e\udd28, wines from our Bachen Estate, are included, based on 3 glasses with your food. Other drinks such as Aperitifs, Mineral Waters and Coffees are not included in this Menu.<br \/>\nIf you wish to offer all the drinks to your guests, we propose you 1 option, adding to the &#8220;basic menu&#8221; the famous Badinguet as an aperitif, mineral water and tea or coffee.<\/p>\n<h3><b>The &#8221; All Drinks&#8221; Option<\/b><\/h3>\n<hr \/>\n<p>In the early 1980&#8217;s, Michel and Christine Gu\u00e9rard took over a beautiful XVIII century castle, located 7 km from Eug\u00e9nie, and started to plant a vineyard. 40 years later, the cellars produce 4 sumptuous wines, multi-awarded in Paris and London.<\/p>\n<p><strong>This &#8220;All Drinks&#8221; Option includes :<\/strong><\/p>\n<ul>\n<li>The famous &#8220;Badinguet&#8221;, as an aperitif<\/li>\n<li>Wines from our Domaine, as indicated in the &#8220;basic&#8221; formula (3 glasses of wine per guest)<\/li>\n<li>Mineral water<\/li>\n<li>Coffee, Tea or Infusion to finish the meal<\/li>\n<\/ul>\n<p><strong>+ 30 \u20ac per Guest<br \/>\n<\/strong><\/p>\n<p>&nbsp;<\/p>\n<hr \/>\n<h3><strong>Useful Information<\/strong><\/h3>\n<p>Our Gift Vouchers are valid for 12 months after the issue date, excluding on 24\/12 and 31\/12, according to our availabilities.<\/p>\n<p><strong>Prior Reservation is mandatory :<\/strong><\/p>\n<p>Please contact our Reservation Team by phone\u00a0 +33 (0)5 58 05 06 07, or by <a href=\"mailto:reservation@lespresdeugenie.com\">email<\/a>.<\/p>\n<p>Due to the success of our House, we strongly advise you to book several weeks before the date of your choice.<\/p>\n<p>This Gift Voucher features a unique reference ID code, may only be redeemed once, may not be exchanged for cash, replaced if lost, is non-transferable and non-refundable. The gift voucher must be presented upon arrival when redeeming the experience.<\/p>\n<p>Vouchers are non-extendable. Cancellation of a booking within 3 weeks of arrival will render the voucher null &amp; void.<\/p>\n<p>&nbsp;<\/p>\n<p>&nbsp;<\/p>\n<\/div>\n","protected":false},"excerpt":{"rendered":"<ul>\n<li>A 3-Course Menu including Entr\u00e9e, Main Course, Dessert and Petit Fours<\/li>\n<li>Drinks not included<\/li>\n<li>2 &#8220;Drinks&#8221; options<\/li>\n<li><strong>Menu served in L&#8217;Orangerie Restaurant<br \/>\n<\/strong><\/li>\n<li><strong>for 1 Guest<\/strong><\/li>\n<\/ul>\n","protected":false},"featured_media":38463,"template":"","meta":{"_acf_changed":false},"product_brand":[],"product_cat":[93,282],"product_tag":[],"class_list":{"0":"post-15571","1":"product","2":"type-product","3":"status-publish","4":"has-post-thumbnail","6":"product_cat-gift-certificates","7":"product_cat-lorangerie-delicious-menus","9":"first","10":"instock","11":"shipping-taxable","12":"purchasable","13":"product-type-variable","14":"add-to-wishlist-before_image"},"acf":[],"yoast_head":"<!-- This site is optimized with the Yoast SEO plugin v26.7 - https:\/\/yoast.com\/wordpress\/plugins\/seo\/ -->\n<title>Terroir Sublime Menu \u2013 1 guest - Les Pr\u00e9s d&#039;Eug\u00e9nie - Maison Gu\u00e9rard<\/title>\n<meta name=\"description\" content=\"A 3-Course Menu including Entr\u00e9e, Main Course, Dessert and Petit Fours  Drinks not included  2 &quot;Drinks&quot; options  Menu served in L&#039;Orangerie Restaurant   for 1 Guest\" \/>\n<meta name=\"robots\" content=\"index, follow, max-snippet:-1, max-image-preview:large, max-video-preview:-1\" \/>\n<link rel=\"canonical\" href=\"https:\/\/lespresdeugenie.com\/en\/product\/terroir-sublime-1-guest\/\" \/>\n<meta property=\"og:locale\" content=\"en_US\" \/>\n<meta property=\"og:type\" content=\"article\" \/>\n<meta property=\"og:title\" content=\"Terroir Sublime Menu \u2013 1 guest - Les Pr\u00e9s d&#039;Eug\u00e9nie - Maison Gu\u00e9rard\" \/>\n<meta property=\"og:description\" content=\"A 3-Course Menu including Entr\u00e9e, Main Course, Dessert and Petit Fours  Drinks not included  2 &quot;Drinks&quot; options  Menu served in L&#039;Orangerie Restaurant   for 1 Guest\" \/>\n<meta property=\"og:url\" content=\"https:\/\/lespresdeugenie.com\/en\/product\/terroir-sublime-1-guest\/\" \/>\n<meta property=\"og:site_name\" content=\"Les Pr\u00e9s d&#039;Eug\u00e9nie\" \/>\n<meta property=\"article:publisher\" content=\"https:\/\/www.facebook.com\/LesPresdEugenie\/\" \/>\n<meta property=\"article:modified_time\" content=\"2024-12-02T10:58:43+00:00\" \/>\n<meta property=\"og:image\" content=\"https:\/\/lespresdeugenie.com\/wp-content\/uploads\/2021\/05\/les-pres-d-eugenie_orangerie_03-1.jpg\" \/>\n\t<meta property=\"og:image:width\" content=\"1715\" \/>\n\t<meta property=\"og:image:height\" content=\"1029\" \/>\n\t<meta property=\"og:image:type\" content=\"image\/jpeg\" \/>\n<meta name=\"twitter:card\" content=\"summary_large_image\" \/>\n<meta name=\"twitter:label1\" content=\"Est. reading time\" \/>\n\t<meta name=\"twitter:data1\" content=\"2 minutes\" \/>\n<script type=\"application\/ld+json\" class=\"yoast-schema-graph\">{\"@context\":\"https:\/\/schema.org\",\"@graph\":[{\"@type\":\"WebPage\",\"@id\":\"https:\/\/lespresdeugenie.com\/en\/product\/terroir-sublime-1-guest\/\",\"url\":\"https:\/\/lespresdeugenie.com\/en\/product\/terroir-sublime-1-guest\/\",\"name\":\"Terroir Sublime Menu \u2013 1 guest - Les Pr\u00e9s d&#039;Eug\u00e9nie - Maison Gu\u00e9rard\",\"isPartOf\":{\"@id\":\"https:\/\/lespresdeugenie.com\/#website\"},\"primaryImageOfPage\":{\"@id\":\"https:\/\/lespresdeugenie.com\/en\/product\/terroir-sublime-1-guest\/#primaryimage\"},\"image\":{\"@id\":\"https:\/\/lespresdeugenie.com\/en\/product\/terroir-sublime-1-guest\/#primaryimage\"},\"thumbnailUrl\":\"https:\/\/lespresdeugenie.com\/wp-content\/uploads\/2021\/05\/les-pres-d-eugenie_orangerie_03-1.jpg\",\"datePublished\":\"2018-10-02T09:05:05+00:00\",\"dateModified\":\"2024-12-02T10:58:43+00:00\",\"description\":\"A 3-Course Menu including Entr\u00e9e, Main Course, Dessert and Petit Fours Drinks not included 2 \\\"Drinks\\\" options Menu served in L'Orangerie Restaurant for 1 Guest\",\"breadcrumb\":{\"@id\":\"https:\/\/lespresdeugenie.com\/en\/product\/terroir-sublime-1-guest\/#breadcrumb\"},\"inLanguage\":\"en-US\",\"potentialAction\":[{\"@type\":\"ReadAction\",\"target\":[\"https:\/\/lespresdeugenie.com\/en\/product\/terroir-sublime-1-guest\/\"]}]},{\"@type\":\"ImageObject\",\"inLanguage\":\"en-US\",\"@id\":\"https:\/\/lespresdeugenie.com\/en\/product\/terroir-sublime-1-guest\/#primaryimage\",\"url\":\"https:\/\/lespresdeugenie.com\/wp-content\/uploads\/2021\/05\/les-pres-d-eugenie_orangerie_03-1.jpg\",\"contentUrl\":\"https:\/\/lespresdeugenie.com\/wp-content\/uploads\/2021\/05\/les-pres-d-eugenie_orangerie_03-1.jpg\",\"width\":1715,\"height\":1029,\"caption\":\"Les Pr\u00e9s d'Eug\u00e9nie - L'Orangerie\"},{\"@type\":\"BreadcrumbList\",\"@id\":\"https:\/\/lespresdeugenie.com\/en\/product\/terroir-sublime-1-guest\/#breadcrumb\",\"itemListElement\":[{\"@type\":\"ListItem\",\"position\":1,\"name\":\"Home\",\"item\":\"https:\/\/lespresdeugenie.com\/en\/\"},{\"@type\":\"ListItem\",\"position\":2,\"name\":\"Shop\",\"item\":\"https:\/\/lespresdeugenie.com\/en\/shop\/\"},{\"@type\":\"ListItem\",\"position\":3,\"name\":\"Terroir Sublime Menu \u2013 1 guest\"}]},{\"@type\":\"WebSite\",\"@id\":\"https:\/\/lespresdeugenie.com\/#website\",\"url\":\"https:\/\/lespresdeugenie.com\/\",\"name\":\"Les Pr\u00e9s d'Eugenie - Maison Gu\u00e9rard\",\"description\":\"Maison Gu\u00e9rard\",\"publisher\":{\"@id\":\"https:\/\/lespresdeugenie.com\/#organization\"},\"alternateName\":\"LPDE\",\"potentialAction\":[{\"@type\":\"SearchAction\",\"target\":{\"@type\":\"EntryPoint\",\"urlTemplate\":\"https:\/\/lespresdeugenie.com\/?s={search_term_string}\"},\"query-input\":{\"@type\":\"PropertyValueSpecification\",\"valueRequired\":true,\"valueName\":\"search_term_string\"}}],\"inLanguage\":\"en-US\"},{\"@type\":\"Organization\",\"@id\":\"https:\/\/lespresdeugenie.com\/#organization\",\"name\":\"Les Pr\u00e9s d'Eugenie - Maison Gu\u00e9rard\",\"url\":\"https:\/\/lespresdeugenie.com\/\",\"logo\":{\"@type\":\"ImageObject\",\"inLanguage\":\"en-US\",\"@id\":\"https:\/\/lespresdeugenie.com\/#\/schema\/logo\/image\/\",\"url\":\"https:\/\/lespresdeugenie.com\/wp-content\/uploads\/2022\/12\/les-pres-eugenie-logo-1.png\",\"contentUrl\":\"https:\/\/lespresdeugenie.com\/wp-content\/uploads\/2022\/12\/les-pres-eugenie-logo-1.png\",\"width\":269,\"height\":60,\"caption\":\"Les Pr\u00e9s d'Eugenie - Maison Gu\u00e9rard\"},\"image\":{\"@id\":\"https:\/\/lespresdeugenie.com\/#\/schema\/logo\/image\/\"},\"sameAs\":[\"https:\/\/www.facebook.com\/LesPresdEugenie\/\",\"https:\/\/www.instagram.com\/maisons_guerard\/?hl=fr\",\"https:\/\/fr.linkedin.com\/company\/les-pres-d'eugenie\"]}]}<\/script>\n<!-- \/ Yoast SEO plugin. -->","yoast_head_json":{"title":"Terroir Sublime Menu \u2013 1 guest - Les Pr\u00e9s d&#039;Eug\u00e9nie - Maison Gu\u00e9rard","description":"A 3-Course Menu including Entr\u00e9e, Main Course, Dessert and Petit Fours  Drinks not included  2 \"Drinks\" options  Menu served in L'Orangerie Restaurant   for 1 Guest","robots":{"index":"index","follow":"follow","max-snippet":"max-snippet:-1","max-image-preview":"max-image-preview:large","max-video-preview":"max-video-preview:-1"},"canonical":"https:\/\/lespresdeugenie.com\/en\/product\/terroir-sublime-1-guest\/","og_locale":"en_US","og_type":"article","og_title":"Terroir Sublime Menu \u2013 1 guest - Les Pr\u00e9s d&#039;Eug\u00e9nie - Maison Gu\u00e9rard","og_description":"A 3-Course Menu including Entr\u00e9e, Main Course, Dessert and Petit Fours  Drinks not included  2 \"Drinks\" options  Menu served in L'Orangerie Restaurant   for 1 Guest","og_url":"https:\/\/lespresdeugenie.com\/en\/product\/terroir-sublime-1-guest\/","og_site_name":"Les Pr\u00e9s d&#039;Eug\u00e9nie","article_publisher":"https:\/\/www.facebook.com\/LesPresdEugenie\/","article_modified_time":"2024-12-02T10:58:43+00:00","og_image":[{"width":1715,"height":1029,"url":"https:\/\/lespresdeugenie.com\/wp-content\/uploads\/2021\/05\/les-pres-d-eugenie_orangerie_03-1.jpg","type":"image\/jpeg"}],"twitter_card":"summary_large_image","twitter_misc":{"Est. reading time":"2 minutes"},"schema":{"@context":"https:\/\/schema.org","@graph":[{"@type":"WebPage","@id":"https:\/\/lespresdeugenie.com\/en\/product\/terroir-sublime-1-guest\/","url":"https:\/\/lespresdeugenie.com\/en\/product\/terroir-sublime-1-guest\/","name":"Terroir Sublime Menu \u2013 1 guest - Les Pr\u00e9s d&#039;Eug\u00e9nie - Maison Gu\u00e9rard","isPartOf":{"@id":"https:\/\/lespresdeugenie.com\/#website"},"primaryImageOfPage":{"@id":"https:\/\/lespresdeugenie.com\/en\/product\/terroir-sublime-1-guest\/#primaryimage"},"image":{"@id":"https:\/\/lespresdeugenie.com\/en\/product\/terroir-sublime-1-guest\/#primaryimage"},"thumbnailUrl":"https:\/\/lespresdeugenie.com\/wp-content\/uploads\/2021\/05\/les-pres-d-eugenie_orangerie_03-1.jpg","datePublished":"2018-10-02T09:05:05+00:00","dateModified":"2024-12-02T10:58:43+00:00","description":"A 3-Course Menu including Entr\u00e9e, Main Course, Dessert and Petit Fours Drinks not included 2 \"Drinks\" options Menu served in L'Orangerie Restaurant for 1 Guest","breadcrumb":{"@id":"https:\/\/lespresdeugenie.com\/en\/product\/terroir-sublime-1-guest\/#breadcrumb"},"inLanguage":"en-US","potentialAction":[{"@type":"ReadAction","target":["https:\/\/lespresdeugenie.com\/en\/product\/terroir-sublime-1-guest\/"]}]},{"@type":"ImageObject","inLanguage":"en-US","@id":"https:\/\/lespresdeugenie.com\/en\/product\/terroir-sublime-1-guest\/#primaryimage","url":"https:\/\/lespresdeugenie.com\/wp-content\/uploads\/2021\/05\/les-pres-d-eugenie_orangerie_03-1.jpg","contentUrl":"https:\/\/lespresdeugenie.com\/wp-content\/uploads\/2021\/05\/les-pres-d-eugenie_orangerie_03-1.jpg","width":1715,"height":1029,"caption":"Les Pr\u00e9s d'Eug\u00e9nie - L'Orangerie"},{"@type":"BreadcrumbList","@id":"https:\/\/lespresdeugenie.com\/en\/product\/terroir-sublime-1-guest\/#breadcrumb","itemListElement":[{"@type":"ListItem","position":1,"name":"Home","item":"https:\/\/lespresdeugenie.com\/en\/"},{"@type":"ListItem","position":2,"name":"Shop","item":"https:\/\/lespresdeugenie.com\/en\/shop\/"},{"@type":"ListItem","position":3,"name":"Terroir Sublime Menu \u2013 1 guest"}]},{"@type":"WebSite","@id":"https:\/\/lespresdeugenie.com\/#website","url":"https:\/\/lespresdeugenie.com\/","name":"Les Pr\u00e9s d'Eugenie - Maison Gu\u00e9rard","description":"Maison Gu\u00e9rard","publisher":{"@id":"https:\/\/lespresdeugenie.com\/#organization"},"alternateName":"LPDE","potentialAction":[{"@type":"SearchAction","target":{"@type":"EntryPoint","urlTemplate":"https:\/\/lespresdeugenie.com\/?s={search_term_string}"},"query-input":{"@type":"PropertyValueSpecification","valueRequired":true,"valueName":"search_term_string"}}],"inLanguage":"en-US"},{"@type":"Organization","@id":"https:\/\/lespresdeugenie.com\/#organization","name":"Les Pr\u00e9s d'Eugenie - Maison Gu\u00e9rard","url":"https:\/\/lespresdeugenie.com\/","logo":{"@type":"ImageObject","inLanguage":"en-US","@id":"https:\/\/lespresdeugenie.com\/#\/schema\/logo\/image\/","url":"https:\/\/lespresdeugenie.com\/wp-content\/uploads\/2022\/12\/les-pres-eugenie-logo-1.png","contentUrl":"https:\/\/lespresdeugenie.com\/wp-content\/uploads\/2022\/12\/les-pres-eugenie-logo-1.png","width":269,"height":60,"caption":"Les Pr\u00e9s d'Eugenie - Maison Gu\u00e9rard"},"image":{"@id":"https:\/\/lespresdeugenie.com\/#\/schema\/logo\/image\/"},"sameAs":["https:\/\/www.facebook.com\/LesPresdEugenie\/","https:\/\/www.instagram.com\/maisons_guerard\/?hl=fr","https:\/\/fr.linkedin.com\/company\/les-pres-d'eugenie"]}]}},"_links":{"self":[{"href":"https:\/\/lespresdeugenie.com\/en\/wp-json\/wp\/v2\/product\/15571","targetHints":{"allow":["GET"]}}],"collection":[{"href":"https:\/\/lespresdeugenie.com\/en\/wp-json\/wp\/v2\/product"}],"about":[{"href":"https:\/\/lespresdeugenie.com\/en\/wp-json\/wp\/v2\/types\/product"}],"wp:featuredmedia":[{"embeddable":true,"href":"https:\/\/lespresdeugenie.com\/en\/wp-json\/wp\/v2\/media\/38463"}],"wp:attachment":[{"href":"https:\/\/lespresdeugenie.com\/en\/wp-json\/wp\/v2\/media?parent=15571"}],"wp:term":[{"taxonomy":"product_brand","embeddable":true,"href":"https:\/\/lespresdeugenie.com\/en\/wp-json\/wp\/v2\/product_brand?post=15571"},{"taxonomy":"product_cat","embeddable":true,"href":"https:\/\/lespresdeugenie.com\/en\/wp-json\/wp\/v2\/product_cat?post=15571"},{"taxonomy":"product_tag","embeddable":true,"href":"https:\/\/lespresdeugenie.com\/en\/wp-json\/wp\/v2\/product_tag?post=15571"}],"curies":[{"name":"wp","href":"https:\/\/api.w.org\/{rel}","templated":true}]}}