{"id":15578,"date":"2018-10-02T12:40:32","date_gmt":"2018-10-02T10:40:32","guid":{"rendered":"https:\/\/lespresdeugenie.com\/produit\/cookery-class-3h30-2\/"},"modified":"2022-08-05T12:28:21","modified_gmt":"2022-08-05T10:28:21","slug":"cookery-class-3h30-2","status":"publish","type":"product","link":"https:\/\/lespresdeugenie.com\/en\/product\/cookery-class-3h30-2\/","title":{"rendered":"Cookery Class &#8211; 3h30"},"content":{"rendered":"<p>Cooking classes are set in our brand new Michel Guerard Institute. Each student works on his own worklab, it&#8217;s an interactive class. <strong>Around 30<\/strong><span style=\"text-decoration: underline;\"><strong> sessions are open every year :<\/strong><\/span><\/p>\n<ul>\n<li><strong>5-day course <\/strong> &#8220;Les 3 Cuisines de Michel Gu\u00e9rard&#8221; &amp; &#8220;Les Grands Classiques de la Cuisine Fran\u00e7aise&#8221;<\/li>\n<li><strong>Half-days classes<\/strong> : &#8220;Menu de F\u00eate&#8221;, &#8220;Lobster&#8221;&#8230;<\/li>\n<\/ul>\n<p>Class : 3h30 , from 9h00 to 14h00<\/p>\n<h3>Information<\/h3>\n<p>Our Gift Vouchers are valid for 12 months after the issue date, according to our availabilities. Due to the success of our School, we strongly advise you to book several weeks before the date of your choice. Only for non professionals. and children over 15 yo. Please contact our Reservation Team by phone\u00a0 +33 (0)5 58 05 06 07, or by\u00a0<a href=\"mailto:reservation@michelguerard.com\">email<\/a>. This Gift Voucher features a unique reference ID code, may only be redeemed once, may not be exchanged for cash, replaced if lost, is non-transferable and non-refundable. The gift voucher must be presented upon arrival when redeeming the experience. Vouchers are non-extendable. Cancellation of a booking within 3 weeks of arrival will render the voucher null &amp; void.<\/p>\n","protected":false},"excerpt":{"rendered":"<ul>\n<li>3h30 class<\/li>\n<li>Themed class<\/li>\n<li>tasting lunch following the class<\/li>\n<\/ul>\n","protected":false},"featured_media":1148,"template":"","meta":{"_acf_changed":false},"product_brand":[],"product_cat":[93,112],"product_tag":[],"class_list":{"0":"post-15578","1":"product","2":"type-product","3":"status-publish","4":"has-post-thumbnail","6":"product_cat-gift-certificates","7":"product_cat-the-thermal-farm-spa","9":"first","10":"instock","11":"downloadable","12":"virtual","13":"purchasable","14":"product-type-simple","15":"add-to-wishlist-before_image"},"acf":[],"yoast_head":"<!-- This site is optimized with the Yoast SEO plugin v26.7 - https:\/\/yoast.com\/wordpress\/plugins\/seo\/ -->\n<title>Cookery Class - 3h30 - Les Pr\u00e9s d&#039;Eug\u00e9nie - Maison Gu\u00e9rard<\/title>\n<meta name=\"description\" content=\"3h30 class  Themed class  tasting lunch following the class\" \/>\n<meta name=\"robots\" content=\"index, follow, max-snippet:-1, max-image-preview:large, max-video-preview:-1\" \/>\n<link rel=\"canonical\" href=\"https:\/\/lespresdeugenie.com\/en\/product\/cookery-class-3h30-2\/\" \/>\n<meta property=\"og:locale\" content=\"en_US\" \/>\n<meta property=\"og:type\" content=\"article\" \/>\n<meta property=\"og:title\" content=\"Cookery Class - 3h30 - Les Pr\u00e9s d&#039;Eug\u00e9nie - Maison Gu\u00e9rard\" \/>\n<meta property=\"og:description\" content=\"3h30 class  Themed class  tasting lunch following the class\" \/>\n<meta property=\"og:url\" content=\"https:\/\/lespresdeugenie.com\/en\/product\/cookery-class-3h30-2\/\" \/>\n<meta property=\"og:site_name\" content=\"Les Pr\u00e9s d&#039;Eug\u00e9nie\" \/>\n<meta property=\"article:publisher\" content=\"https:\/\/www.facebook.com\/LesPresdEugenie\/\" \/>\n<meta property=\"article:modified_time\" content=\"2022-08-05T10:28:21+00:00\" \/>\n<meta property=\"og:image\" content=\"https:\/\/lespresdeugenie.com\/wp-content\/uploads\/2018\/10\/Velout\u0412-dAil-Doux-au-Quinoa-Rouge-Oeuf-Poch\u0412-Crevettes-Grill\u0412es-L\u0412gume-Vapeur-Huile-dOlive-Vierge-3-min.jpg\" \/>\n\t<meta property=\"og:image:width\" content=\"3456\" \/>\n\t<meta property=\"og:image:height\" content=\"3456\" \/>\n\t<meta property=\"og:image:type\" content=\"image\/jpeg\" \/>\n<meta name=\"twitter:card\" content=\"summary_large_image\" \/>\n<meta name=\"twitter:label1\" content=\"Est. reading time\" \/>\n\t<meta name=\"twitter:data1\" content=\"1 minute\" \/>\n<script type=\"application\/ld+json\" class=\"yoast-schema-graph\">{\"@context\":\"https:\/\/schema.org\",\"@graph\":[{\"@type\":\"WebPage\",\"@id\":\"https:\/\/lespresdeugenie.com\/en\/product\/cookery-class-3h30-2\/\",\"url\":\"https:\/\/lespresdeugenie.com\/en\/product\/cookery-class-3h30-2\/\",\"name\":\"Cookery Class - 3h30 - Les Pr\u00e9s d&#039;Eug\u00e9nie - Maison Gu\u00e9rard\",\"isPartOf\":{\"@id\":\"https:\/\/lespresdeugenie.com\/#website\"},\"primaryImageOfPage\":{\"@id\":\"https:\/\/lespresdeugenie.com\/en\/product\/cookery-class-3h30-2\/#primaryimage\"},\"image\":{\"@id\":\"https:\/\/lespresdeugenie.com\/en\/product\/cookery-class-3h30-2\/#primaryimage\"},\"thumbnailUrl\":\"https:\/\/lespresdeugenie.com\/wp-content\/uploads\/2018\/10\/Velout\u0412-dAil-Doux-au-Quinoa-Rouge-Oeuf-Poch\u0412-Crevettes-Grill\u0412es-L\u0412gume-Vapeur-Huile-dOlive-Vierge-3-min.jpg\",\"datePublished\":\"2018-10-02T10:40:32+00:00\",\"dateModified\":\"2022-08-05T10:28:21+00:00\",\"description\":\"3h30 class Themed class tasting lunch following the class\",\"breadcrumb\":{\"@id\":\"https:\/\/lespresdeugenie.com\/en\/product\/cookery-class-3h30-2\/#breadcrumb\"},\"inLanguage\":\"en-US\",\"potentialAction\":[{\"@type\":\"ReadAction\",\"target\":[\"https:\/\/lespresdeugenie.com\/en\/product\/cookery-class-3h30-2\/\"]}]},{\"@type\":\"ImageObject\",\"inLanguage\":\"en-US\",\"@id\":\"https:\/\/lespresdeugenie.com\/en\/product\/cookery-class-3h30-2\/#primaryimage\",\"url\":\"https:\/\/lespresdeugenie.com\/wp-content\/uploads\/2018\/10\/Velout\u0412-dAil-Doux-au-Quinoa-Rouge-Oeuf-Poch\u0412-Crevettes-Grill\u0412es-L\u0412gume-Vapeur-Huile-dOlive-Vierge-3-min.jpg\",\"contentUrl\":\"https:\/\/lespresdeugenie.com\/wp-content\/uploads\/2018\/10\/Velout\u0412-dAil-Doux-au-Quinoa-Rouge-Oeuf-Poch\u0412-Crevettes-Grill\u0412es-L\u0412gume-Vapeur-Huile-dOlive-Vierge-3-min.jpg\",\"width\":3456,\"height\":3456},{\"@type\":\"BreadcrumbList\",\"@id\":\"https:\/\/lespresdeugenie.com\/en\/product\/cookery-class-3h30-2\/#breadcrumb\",\"itemListElement\":[{\"@type\":\"ListItem\",\"position\":1,\"name\":\"Home\",\"item\":\"https:\/\/lespresdeugenie.com\/en\/\"},{\"@type\":\"ListItem\",\"position\":2,\"name\":\"Shop\",\"item\":\"https:\/\/lespresdeugenie.com\/en\/shop\/\"},{\"@type\":\"ListItem\",\"position\":3,\"name\":\"Cookery Class &#8211; 3h30\"}]},{\"@type\":\"WebSite\",\"@id\":\"https:\/\/lespresdeugenie.com\/#website\",\"url\":\"https:\/\/lespresdeugenie.com\/\",\"name\":\"Les Pr\u00e9s d'Eugenie - Maison Gu\u00e9rard\",\"description\":\"Maison Gu\u00e9rard\",\"publisher\":{\"@id\":\"https:\/\/lespresdeugenie.com\/#organization\"},\"alternateName\":\"LPDE\",\"potentialAction\":[{\"@type\":\"SearchAction\",\"target\":{\"@type\":\"EntryPoint\",\"urlTemplate\":\"https:\/\/lespresdeugenie.com\/?s={search_term_string}\"},\"query-input\":{\"@type\":\"PropertyValueSpecification\",\"valueRequired\":true,\"valueName\":\"search_term_string\"}}],\"inLanguage\":\"en-US\"},{\"@type\":\"Organization\",\"@id\":\"https:\/\/lespresdeugenie.com\/#organization\",\"name\":\"Les Pr\u00e9s d'Eugenie - Maison Gu\u00e9rard\",\"url\":\"https:\/\/lespresdeugenie.com\/\",\"logo\":{\"@type\":\"ImageObject\",\"inLanguage\":\"en-US\",\"@id\":\"https:\/\/lespresdeugenie.com\/#\/schema\/logo\/image\/\",\"url\":\"https:\/\/lespresdeugenie.com\/wp-content\/uploads\/2022\/12\/les-pres-eugenie-logo-1.png\",\"contentUrl\":\"https:\/\/lespresdeugenie.com\/wp-content\/uploads\/2022\/12\/les-pres-eugenie-logo-1.png\",\"width\":269,\"height\":60,\"caption\":\"Les Pr\u00e9s d'Eugenie - Maison Gu\u00e9rard\"},\"image\":{\"@id\":\"https:\/\/lespresdeugenie.com\/#\/schema\/logo\/image\/\"},\"sameAs\":[\"https:\/\/www.facebook.com\/LesPresdEugenie\/\",\"https:\/\/www.instagram.com\/maisons_guerard\/?hl=fr\",\"https:\/\/fr.linkedin.com\/company\/les-pres-d'eugenie\"]}]}<\/script>\n<!-- \/ Yoast SEO plugin. -->","yoast_head_json":{"title":"Cookery Class - 3h30 - Les Pr\u00e9s d&#039;Eug\u00e9nie - Maison Gu\u00e9rard","description":"3h30 class  Themed class  tasting lunch following the class","robots":{"index":"index","follow":"follow","max-snippet":"max-snippet:-1","max-image-preview":"max-image-preview:large","max-video-preview":"max-video-preview:-1"},"canonical":"https:\/\/lespresdeugenie.com\/en\/product\/cookery-class-3h30-2\/","og_locale":"en_US","og_type":"article","og_title":"Cookery Class - 3h30 - Les Pr\u00e9s d&#039;Eug\u00e9nie - Maison Gu\u00e9rard","og_description":"3h30 class  Themed class  tasting lunch following the class","og_url":"https:\/\/lespresdeugenie.com\/en\/product\/cookery-class-3h30-2\/","og_site_name":"Les Pr\u00e9s d&#039;Eug\u00e9nie","article_publisher":"https:\/\/www.facebook.com\/LesPresdEugenie\/","article_modified_time":"2022-08-05T10:28:21+00:00","og_image":[{"width":3456,"height":3456,"url":"https:\/\/lespresdeugenie.com\/wp-content\/uploads\/2018\/10\/Velout\u0412-dAil-Doux-au-Quinoa-Rouge-Oeuf-Poch\u0412-Crevettes-Grill\u0412es-L\u0412gume-Vapeur-Huile-dOlive-Vierge-3-min.jpg","type":"image\/jpeg"}],"twitter_card":"summary_large_image","twitter_misc":{"Est. reading time":"1 minute"},"schema":{"@context":"https:\/\/schema.org","@graph":[{"@type":"WebPage","@id":"https:\/\/lespresdeugenie.com\/en\/product\/cookery-class-3h30-2\/","url":"https:\/\/lespresdeugenie.com\/en\/product\/cookery-class-3h30-2\/","name":"Cookery Class - 3h30 - Les Pr\u00e9s d&#039;Eug\u00e9nie - Maison Gu\u00e9rard","isPartOf":{"@id":"https:\/\/lespresdeugenie.com\/#website"},"primaryImageOfPage":{"@id":"https:\/\/lespresdeugenie.com\/en\/product\/cookery-class-3h30-2\/#primaryimage"},"image":{"@id":"https:\/\/lespresdeugenie.com\/en\/product\/cookery-class-3h30-2\/#primaryimage"},"thumbnailUrl":"https:\/\/lespresdeugenie.com\/wp-content\/uploads\/2018\/10\/Velout\u0412-dAil-Doux-au-Quinoa-Rouge-Oeuf-Poch\u0412-Crevettes-Grill\u0412es-L\u0412gume-Vapeur-Huile-dOlive-Vierge-3-min.jpg","datePublished":"2018-10-02T10:40:32+00:00","dateModified":"2022-08-05T10:28:21+00:00","description":"3h30 class Themed class tasting lunch following the class","breadcrumb":{"@id":"https:\/\/lespresdeugenie.com\/en\/product\/cookery-class-3h30-2\/#breadcrumb"},"inLanguage":"en-US","potentialAction":[{"@type":"ReadAction","target":["https:\/\/lespresdeugenie.com\/en\/product\/cookery-class-3h30-2\/"]}]},{"@type":"ImageObject","inLanguage":"en-US","@id":"https:\/\/lespresdeugenie.com\/en\/product\/cookery-class-3h30-2\/#primaryimage","url":"https:\/\/lespresdeugenie.com\/wp-content\/uploads\/2018\/10\/Velout\u0412-dAil-Doux-au-Quinoa-Rouge-Oeuf-Poch\u0412-Crevettes-Grill\u0412es-L\u0412gume-Vapeur-Huile-dOlive-Vierge-3-min.jpg","contentUrl":"https:\/\/lespresdeugenie.com\/wp-content\/uploads\/2018\/10\/Velout\u0412-dAil-Doux-au-Quinoa-Rouge-Oeuf-Poch\u0412-Crevettes-Grill\u0412es-L\u0412gume-Vapeur-Huile-dOlive-Vierge-3-min.jpg","width":3456,"height":3456},{"@type":"BreadcrumbList","@id":"https:\/\/lespresdeugenie.com\/en\/product\/cookery-class-3h30-2\/#breadcrumb","itemListElement":[{"@type":"ListItem","position":1,"name":"Home","item":"https:\/\/lespresdeugenie.com\/en\/"},{"@type":"ListItem","position":2,"name":"Shop","item":"https:\/\/lespresdeugenie.com\/en\/shop\/"},{"@type":"ListItem","position":3,"name":"Cookery Class &#8211; 3h30"}]},{"@type":"WebSite","@id":"https:\/\/lespresdeugenie.com\/#website","url":"https:\/\/lespresdeugenie.com\/","name":"Les Pr\u00e9s d'Eugenie - Maison Gu\u00e9rard","description":"Maison Gu\u00e9rard","publisher":{"@id":"https:\/\/lespresdeugenie.com\/#organization"},"alternateName":"LPDE","potentialAction":[{"@type":"SearchAction","target":{"@type":"EntryPoint","urlTemplate":"https:\/\/lespresdeugenie.com\/?s={search_term_string}"},"query-input":{"@type":"PropertyValueSpecification","valueRequired":true,"valueName":"search_term_string"}}],"inLanguage":"en-US"},{"@type":"Organization","@id":"https:\/\/lespresdeugenie.com\/#organization","name":"Les Pr\u00e9s d'Eugenie - Maison Gu\u00e9rard","url":"https:\/\/lespresdeugenie.com\/","logo":{"@type":"ImageObject","inLanguage":"en-US","@id":"https:\/\/lespresdeugenie.com\/#\/schema\/logo\/image\/","url":"https:\/\/lespresdeugenie.com\/wp-content\/uploads\/2022\/12\/les-pres-eugenie-logo-1.png","contentUrl":"https:\/\/lespresdeugenie.com\/wp-content\/uploads\/2022\/12\/les-pres-eugenie-logo-1.png","width":269,"height":60,"caption":"Les Pr\u00e9s d'Eugenie - Maison Gu\u00e9rard"},"image":{"@id":"https:\/\/lespresdeugenie.com\/#\/schema\/logo\/image\/"},"sameAs":["https:\/\/www.facebook.com\/LesPresdEugenie\/","https:\/\/www.instagram.com\/maisons_guerard\/?hl=fr","https:\/\/fr.linkedin.com\/company\/les-pres-d'eugenie"]}]}},"_links":{"self":[{"href":"https:\/\/lespresdeugenie.com\/en\/wp-json\/wp\/v2\/product\/15578","targetHints":{"allow":["GET"]}}],"collection":[{"href":"https:\/\/lespresdeugenie.com\/en\/wp-json\/wp\/v2\/product"}],"about":[{"href":"https:\/\/lespresdeugenie.com\/en\/wp-json\/wp\/v2\/types\/product"}],"wp:featuredmedia":[{"embeddable":true,"href":"https:\/\/lespresdeugenie.com\/en\/wp-json\/wp\/v2\/media\/1148"}],"wp:attachment":[{"href":"https:\/\/lespresdeugenie.com\/en\/wp-json\/wp\/v2\/media?parent=15578"}],"wp:term":[{"taxonomy":"product_brand","embeddable":true,"href":"https:\/\/lespresdeugenie.com\/en\/wp-json\/wp\/v2\/product_brand?post=15578"},{"taxonomy":"product_cat","embeddable":true,"href":"https:\/\/lespresdeugenie.com\/en\/wp-json\/wp\/v2\/product_cat?post=15578"},{"taxonomy":"product_tag","embeddable":true,"href":"https:\/\/lespresdeugenie.com\/en\/wp-json\/wp\/v2\/product_tag?post=15578"}],"curies":[{"name":"wp","href":"https:\/\/api.w.org\/{rel}","templated":true}]}}