{"id":15583,"date":"2018-10-02T12:51:22","date_gmt":"2018-10-02T10:51:22","guid":{"rendered":"https:\/\/lespresdeugenie.com\/produit\/sisley-phyto-aromatic-facials-60-2\/"},"modified":"2024-02-13T15:31:49","modified_gmt":"2024-02-13T14:31:49","slug":"sisley-phyto-aromatic-facials-60-2","status":"publish","type":"product","link":"https:\/\/lespresdeugenie.com\/en\/product\/sisley-phyto-aromatic-facials-60-2\/","title":{"rendered":"Sisley Phyto-Aromatic Facials &#8211; 60&#8242;"},"content":{"rendered":"<p>Discover Sisley&#8217;s Phyto-Aromatic Treatments and let yourself be transported to a wonderful sensorial world.<\/p>\n<p>Benefit from the unique &#8220;savoir-faire&#8221; and experience of a prestigious brand best known for its use of essential oils and plant extracts to create highly effective products of the highest quality.<\/p>\n<p>The Sisley Phyto-Aromatic Treatments exist in different versions, each has its own specific massage technique designed to meet the needs of each skin and its dream answer.<\/p>\n<p>&nbsp;<\/p>\n<p><strong>Sisley Phyto-Aromatic Facials exist in different versions :<\/strong><\/p>\n<ul>\n<li>Hydratating<\/li>\n<li>Radiance<\/li>\n<li>Comfort Extreme<\/li>\n<li>Restorative<\/li>\n<li>Purifying<\/li>\n<li>Skin Perfector<\/li>\n<li>Men<\/li>\n<\/ul>\n<p>2h00 approx.<\/p>\n<h3>Useful Information<strong><br \/>\n<\/strong><\/h3>\n<p>Our Gift Vouchers are valid for 12 months after the issue date.<\/p>\n<p>Some Spa treatments are not fitted for pregnant women. Please let us know, so we can offer you some alternative treatments.<\/p>\n<p>Guests must be aged 16 or over to use Spa facilities.<\/p>\n<p>La Ferme Thermale is open from Monday to Saturday (9.00 to 13.00 and 14.30 to 19.00), and on Sunday (9.00 to 13.00).<\/p>\n<p>To indulge your Spa ritual, we strongly advise you to show 15 minutes prior your appointment.<\/p>\n<p><strong>Prior Reservation is mandatory :<\/strong><\/p>\n<p>Please contact our Reservation Team by phone\u00a0 +33 (0)5 58 05 06 07, or by <a href=\"mailto:reservation@michelguerard.com\">email<\/a>.<\/p>\n<p>Due to the success of our Spa, may strongly advise you to book several weeks before the date of your choice.<\/p>\n<p>This Gift Voucher features a unique reference ID code, may only be redeemed once, may not be exchanged for cash, replaced if lost, is non-transferable and non-refundable. The gift voucher must be presented upon arrival when redeeming the experience.<\/p>\n<p>Vouchers are non-extendable. Cancellation of a booking within 7 days of arrival will render the voucher null &amp; void.<\/p>\n<p>&nbsp;<\/p>\n","protected":false},"excerpt":{"rendered":"<ul>\n<li>Expert Facial<\/li>\n<li>Complete Ritual with Massage<\/li>\n<li>Hot spring treatment<\/li>\n<\/ul>\n<p>2h approx.<\/p>\n","protected":false},"featured_media":2271,"template":"","meta":{"_acf_changed":false},"product_brand":[],"product_cat":[93,112],"product_tag":[],"class_list":{"0":"post-15583","1":"product","2":"type-product","3":"status-publish","4":"has-post-thumbnail","6":"product_cat-gift-certificates","7":"product_cat-the-thermal-farm-spa","9":"first","10":"instock","11":"downloadable","12":"virtual","13":"purchasable","14":"product-type-simple","15":"add-to-wishlist-before_image"},"acf":[],"yoast_head":"<!-- This site is optimized with the Yoast SEO plugin v26.7 - https:\/\/yoast.com\/wordpress\/plugins\/seo\/ -->\n<title>Sisley Phyto-Aromatic Facials - 60&#039; - Les Pr\u00e9s d&#039;Eug\u00e9nie - Maison Gu\u00e9rard<\/title>\n<meta name=\"description\" content=\"Expert Facial  Complete Ritual with Massage  Hot spring treatment  2h approx.\" \/>\n<meta name=\"robots\" content=\"index, follow, max-snippet:-1, max-image-preview:large, max-video-preview:-1\" \/>\n<link rel=\"canonical\" href=\"https:\/\/lespresdeugenie.com\/en\/product\/sisley-phyto-aromatic-facials-60-2\/\" \/>\n<meta property=\"og:locale\" content=\"en_US\" \/>\n<meta property=\"og:type\" content=\"article\" \/>\n<meta property=\"og:title\" content=\"Sisley Phyto-Aromatic Facials - 60&#039; - Les Pr\u00e9s d&#039;Eug\u00e9nie - Maison Gu\u00e9rard\" \/>\n<meta property=\"og:description\" content=\"Expert Facial  Complete Ritual with Massage  Hot spring treatment  2h approx.\" \/>\n<meta property=\"og:url\" content=\"https:\/\/lespresdeugenie.com\/en\/product\/sisley-phyto-aromatic-facials-60-2\/\" \/>\n<meta property=\"og:site_name\" content=\"Les Pr\u00e9s d&#039;Eug\u00e9nie\" \/>\n<meta property=\"article:publisher\" content=\"https:\/\/www.facebook.com\/LesPresdEugenie\/\" \/>\n<meta property=\"article:modified_time\" content=\"2024-02-13T14:31:49+00:00\" \/>\n<meta property=\"og:image\" content=\"https:\/\/lespresdeugenie.com\/wp-content\/uploads\/2018\/08\/chaine-termale-forfait-spa-cure-detente-slow.jpg\" \/>\n\t<meta property=\"og:image:width\" content=\"922\" \/>\n\t<meta property=\"og:image:height\" content=\"1382\" \/>\n\t<meta property=\"og:image:type\" content=\"image\/jpeg\" \/>\n<meta name=\"twitter:card\" content=\"summary_large_image\" \/>\n<meta name=\"twitter:label1\" content=\"Est. reading time\" \/>\n\t<meta name=\"twitter:data1\" content=\"2 minutes\" \/>\n<script type=\"application\/ld+json\" class=\"yoast-schema-graph\">{\"@context\":\"https:\/\/schema.org\",\"@graph\":[{\"@type\":\"WebPage\",\"@id\":\"https:\/\/lespresdeugenie.com\/en\/product\/sisley-phyto-aromatic-facials-60-2\/\",\"url\":\"https:\/\/lespresdeugenie.com\/en\/product\/sisley-phyto-aromatic-facials-60-2\/\",\"name\":\"Sisley Phyto-Aromatic Facials - 60' - Les Pr\u00e9s d&#039;Eug\u00e9nie - Maison Gu\u00e9rard\",\"isPartOf\":{\"@id\":\"https:\/\/lespresdeugenie.com\/#website\"},\"primaryImageOfPage\":{\"@id\":\"https:\/\/lespresdeugenie.com\/en\/product\/sisley-phyto-aromatic-facials-60-2\/#primaryimage\"},\"image\":{\"@id\":\"https:\/\/lespresdeugenie.com\/en\/product\/sisley-phyto-aromatic-facials-60-2\/#primaryimage\"},\"thumbnailUrl\":\"https:\/\/lespresdeugenie.com\/wp-content\/uploads\/2018\/08\/chaine-termale-forfait-spa-cure-detente-slow.jpg\",\"datePublished\":\"2018-10-02T10:51:22+00:00\",\"dateModified\":\"2024-02-13T14:31:49+00:00\",\"description\":\"Expert Facial Complete Ritual with Massage Hot spring treatment 2h approx.\",\"breadcrumb\":{\"@id\":\"https:\/\/lespresdeugenie.com\/en\/product\/sisley-phyto-aromatic-facials-60-2\/#breadcrumb\"},\"inLanguage\":\"en-US\",\"potentialAction\":[{\"@type\":\"ReadAction\",\"target\":[\"https:\/\/lespresdeugenie.com\/en\/product\/sisley-phyto-aromatic-facials-60-2\/\"]}]},{\"@type\":\"ImageObject\",\"inLanguage\":\"en-US\",\"@id\":\"https:\/\/lespresdeugenie.com\/en\/product\/sisley-phyto-aromatic-facials-60-2\/#primaryimage\",\"url\":\"https:\/\/lespresdeugenie.com\/wp-content\/uploads\/2018\/08\/chaine-termale-forfait-spa-cure-detente-slow.jpg\",\"contentUrl\":\"https:\/\/lespresdeugenie.com\/wp-content\/uploads\/2018\/08\/chaine-termale-forfait-spa-cure-detente-slow.jpg\",\"width\":922,\"height\":1382},{\"@type\":\"BreadcrumbList\",\"@id\":\"https:\/\/lespresdeugenie.com\/en\/product\/sisley-phyto-aromatic-facials-60-2\/#breadcrumb\",\"itemListElement\":[{\"@type\":\"ListItem\",\"position\":1,\"name\":\"Home\",\"item\":\"https:\/\/lespresdeugenie.com\/en\/\"},{\"@type\":\"ListItem\",\"position\":2,\"name\":\"Shop\",\"item\":\"https:\/\/lespresdeugenie.com\/en\/shop\/\"},{\"@type\":\"ListItem\",\"position\":3,\"name\":\"Sisley Phyto-Aromatic Facials &#8211; 60&prime;\"}]},{\"@type\":\"WebSite\",\"@id\":\"https:\/\/lespresdeugenie.com\/#website\",\"url\":\"https:\/\/lespresdeugenie.com\/\",\"name\":\"Les Pr\u00e9s d'Eugenie - Maison Gu\u00e9rard\",\"description\":\"Maison Gu\u00e9rard\",\"publisher\":{\"@id\":\"https:\/\/lespresdeugenie.com\/#organization\"},\"alternateName\":\"LPDE\",\"potentialAction\":[{\"@type\":\"SearchAction\",\"target\":{\"@type\":\"EntryPoint\",\"urlTemplate\":\"https:\/\/lespresdeugenie.com\/?s={search_term_string}\"},\"query-input\":{\"@type\":\"PropertyValueSpecification\",\"valueRequired\":true,\"valueName\":\"search_term_string\"}}],\"inLanguage\":\"en-US\"},{\"@type\":\"Organization\",\"@id\":\"https:\/\/lespresdeugenie.com\/#organization\",\"name\":\"Les Pr\u00e9s d'Eugenie - Maison Gu\u00e9rard\",\"url\":\"https:\/\/lespresdeugenie.com\/\",\"logo\":{\"@type\":\"ImageObject\",\"inLanguage\":\"en-US\",\"@id\":\"https:\/\/lespresdeugenie.com\/#\/schema\/logo\/image\/\",\"url\":\"https:\/\/lespresdeugenie.com\/wp-content\/uploads\/2022\/12\/les-pres-eugenie-logo-1.png\",\"contentUrl\":\"https:\/\/lespresdeugenie.com\/wp-content\/uploads\/2022\/12\/les-pres-eugenie-logo-1.png\",\"width\":269,\"height\":60,\"caption\":\"Les Pr\u00e9s d'Eugenie - Maison Gu\u00e9rard\"},\"image\":{\"@id\":\"https:\/\/lespresdeugenie.com\/#\/schema\/logo\/image\/\"},\"sameAs\":[\"https:\/\/www.facebook.com\/LesPresdEugenie\/\",\"https:\/\/www.instagram.com\/maisons_guerard\/?hl=fr\",\"https:\/\/fr.linkedin.com\/company\/les-pres-d'eugenie\"]}]}<\/script>\n<!-- \/ Yoast SEO plugin. -->","yoast_head_json":{"title":"Sisley Phyto-Aromatic Facials - 60' - Les Pr\u00e9s d&#039;Eug\u00e9nie - Maison Gu\u00e9rard","description":"Expert Facial  Complete Ritual with Massage  Hot spring treatment  2h approx.","robots":{"index":"index","follow":"follow","max-snippet":"max-snippet:-1","max-image-preview":"max-image-preview:large","max-video-preview":"max-video-preview:-1"},"canonical":"https:\/\/lespresdeugenie.com\/en\/product\/sisley-phyto-aromatic-facials-60-2\/","og_locale":"en_US","og_type":"article","og_title":"Sisley Phyto-Aromatic Facials - 60' - Les Pr\u00e9s d&#039;Eug\u00e9nie - Maison Gu\u00e9rard","og_description":"Expert Facial  Complete Ritual with Massage  Hot spring treatment  2h approx.","og_url":"https:\/\/lespresdeugenie.com\/en\/product\/sisley-phyto-aromatic-facials-60-2\/","og_site_name":"Les Pr\u00e9s d&#039;Eug\u00e9nie","article_publisher":"https:\/\/www.facebook.com\/LesPresdEugenie\/","article_modified_time":"2024-02-13T14:31:49+00:00","og_image":[{"width":922,"height":1382,"url":"https:\/\/lespresdeugenie.com\/wp-content\/uploads\/2018\/08\/chaine-termale-forfait-spa-cure-detente-slow.jpg","type":"image\/jpeg"}],"twitter_card":"summary_large_image","twitter_misc":{"Est. reading time":"2 minutes"},"schema":{"@context":"https:\/\/schema.org","@graph":[{"@type":"WebPage","@id":"https:\/\/lespresdeugenie.com\/en\/product\/sisley-phyto-aromatic-facials-60-2\/","url":"https:\/\/lespresdeugenie.com\/en\/product\/sisley-phyto-aromatic-facials-60-2\/","name":"Sisley Phyto-Aromatic Facials - 60' - Les Pr\u00e9s d&#039;Eug\u00e9nie - Maison Gu\u00e9rard","isPartOf":{"@id":"https:\/\/lespresdeugenie.com\/#website"},"primaryImageOfPage":{"@id":"https:\/\/lespresdeugenie.com\/en\/product\/sisley-phyto-aromatic-facials-60-2\/#primaryimage"},"image":{"@id":"https:\/\/lespresdeugenie.com\/en\/product\/sisley-phyto-aromatic-facials-60-2\/#primaryimage"},"thumbnailUrl":"https:\/\/lespresdeugenie.com\/wp-content\/uploads\/2018\/08\/chaine-termale-forfait-spa-cure-detente-slow.jpg","datePublished":"2018-10-02T10:51:22+00:00","dateModified":"2024-02-13T14:31:49+00:00","description":"Expert Facial Complete Ritual with Massage Hot spring treatment 2h approx.","breadcrumb":{"@id":"https:\/\/lespresdeugenie.com\/en\/product\/sisley-phyto-aromatic-facials-60-2\/#breadcrumb"},"inLanguage":"en-US","potentialAction":[{"@type":"ReadAction","target":["https:\/\/lespresdeugenie.com\/en\/product\/sisley-phyto-aromatic-facials-60-2\/"]}]},{"@type":"ImageObject","inLanguage":"en-US","@id":"https:\/\/lespresdeugenie.com\/en\/product\/sisley-phyto-aromatic-facials-60-2\/#primaryimage","url":"https:\/\/lespresdeugenie.com\/wp-content\/uploads\/2018\/08\/chaine-termale-forfait-spa-cure-detente-slow.jpg","contentUrl":"https:\/\/lespresdeugenie.com\/wp-content\/uploads\/2018\/08\/chaine-termale-forfait-spa-cure-detente-slow.jpg","width":922,"height":1382},{"@type":"BreadcrumbList","@id":"https:\/\/lespresdeugenie.com\/en\/product\/sisley-phyto-aromatic-facials-60-2\/#breadcrumb","itemListElement":[{"@type":"ListItem","position":1,"name":"Home","item":"https:\/\/lespresdeugenie.com\/en\/"},{"@type":"ListItem","position":2,"name":"Shop","item":"https:\/\/lespresdeugenie.com\/en\/shop\/"},{"@type":"ListItem","position":3,"name":"Sisley Phyto-Aromatic Facials &#8211; 60&prime;"}]},{"@type":"WebSite","@id":"https:\/\/lespresdeugenie.com\/#website","url":"https:\/\/lespresdeugenie.com\/","name":"Les Pr\u00e9s d'Eugenie - Maison Gu\u00e9rard","description":"Maison Gu\u00e9rard","publisher":{"@id":"https:\/\/lespresdeugenie.com\/#organization"},"alternateName":"LPDE","potentialAction":[{"@type":"SearchAction","target":{"@type":"EntryPoint","urlTemplate":"https:\/\/lespresdeugenie.com\/?s={search_term_string}"},"query-input":{"@type":"PropertyValueSpecification","valueRequired":true,"valueName":"search_term_string"}}],"inLanguage":"en-US"},{"@type":"Organization","@id":"https:\/\/lespresdeugenie.com\/#organization","name":"Les Pr\u00e9s d'Eugenie - Maison Gu\u00e9rard","url":"https:\/\/lespresdeugenie.com\/","logo":{"@type":"ImageObject","inLanguage":"en-US","@id":"https:\/\/lespresdeugenie.com\/#\/schema\/logo\/image\/","url":"https:\/\/lespresdeugenie.com\/wp-content\/uploads\/2022\/12\/les-pres-eugenie-logo-1.png","contentUrl":"https:\/\/lespresdeugenie.com\/wp-content\/uploads\/2022\/12\/les-pres-eugenie-logo-1.png","width":269,"height":60,"caption":"Les Pr\u00e9s d'Eugenie - Maison Gu\u00e9rard"},"image":{"@id":"https:\/\/lespresdeugenie.com\/#\/schema\/logo\/image\/"},"sameAs":["https:\/\/www.facebook.com\/LesPresdEugenie\/","https:\/\/www.instagram.com\/maisons_guerard\/?hl=fr","https:\/\/fr.linkedin.com\/company\/les-pres-d'eugenie"]}]}},"_links":{"self":[{"href":"https:\/\/lespresdeugenie.com\/en\/wp-json\/wp\/v2\/product\/15583","targetHints":{"allow":["GET"]}}],"collection":[{"href":"https:\/\/lespresdeugenie.com\/en\/wp-json\/wp\/v2\/product"}],"about":[{"href":"https:\/\/lespresdeugenie.com\/en\/wp-json\/wp\/v2\/types\/product"}],"wp:featuredmedia":[{"embeddable":true,"href":"https:\/\/lespresdeugenie.com\/en\/wp-json\/wp\/v2\/media\/2271"}],"wp:attachment":[{"href":"https:\/\/lespresdeugenie.com\/en\/wp-json\/wp\/v2\/media?parent=15583"}],"wp:term":[{"taxonomy":"product_brand","embeddable":true,"href":"https:\/\/lespresdeugenie.com\/en\/wp-json\/wp\/v2\/product_brand?post=15583"},{"taxonomy":"product_cat","embeddable":true,"href":"https:\/\/lespresdeugenie.com\/en\/wp-json\/wp\/v2\/product_cat?post=15583"},{"taxonomy":"product_tag","embeddable":true,"href":"https:\/\/lespresdeugenie.com\/en\/wp-json\/wp\/v2\/product_tag?post=15583"}],"curies":[{"name":"wp","href":"https:\/\/api.w.org\/{rel}","templated":true}]}}