{"id":60649,"date":"2023-01-17T11:58:44","date_gmt":"2023-01-17T10:58:44","guid":{"rendered":"https:\/\/lespresdeugenie.com\/produit\/barocco\/"},"modified":"2024-05-13T12:27:26","modified_gmt":"2024-05-13T10:27:26","slug":"barocco","status":"publish","type":"product","link":"https:\/\/lespresdeugenie.com\/en\/product\/barocco\/","title":{"rendered":"Barocco"},"content":{"rendered":"<h2>Barocco 2019<br \/>\nVin Rouge, IGP Vin des Terroirs Landais<br \/>\nChristine &amp; Michel Gu\u00e9rard &amp; Filles<\/h2>\n<p><strong>CEPAGES<\/strong><\/p>\n<p>75 % Merlot, 15 % Tannat et 10 % Cabernet Franc<\/p>\n<p><strong>PRODUCTION<\/strong><\/p>\n<p>25 200 bouteilles<\/p>\n<p><strong>CONDUITE DU VIGNOBLE ET VINIFICATION<\/strong><\/p>\n<p>Protection raisonn\u00e9e du vignoble (mise en \u0153uvre de principes conventionnels, biologiques et biodynamiques). Les vignes destin\u00e9es \u00e0 la production de vin rouge sont enherb\u00e9es dans le rang et le sol est labour\u00e9 entre les pieds.<br \/>\nLes vignes sont \u00e9pampr\u00e9es, effeuill\u00e9es puis \u00e9chard\u00e9es manuellement. Des vendanges en vert sont r\u00e9alis\u00e9es ponctuellement.<\/p>\n<p>D\u00e9but des vendanges : 3 octobre 2014<\/p>\n<p>Avec les conseils de Jean-Claude Berrouet. Vendanges manuelles avec tri au vignoble. Les remontages sont r\u00e9alis\u00e9s manuellement. Les cuvaisons sont d\u2019une dur\u00e9e mod\u00e9r\u00e9e. Le vin est \u00e9lev\u00e9 pendant 16 mois : 14% de bois neuf.<\/p>\n<p><strong>DEGUSTATION<\/strong><\/p>\n<p>Nez<br \/>\nLe premier nez est relativement discret et ferm\u00e9. La palette aromatique est domin\u00e9e par des notes de torr\u00e9faction.<br \/>\nApr\u00e8s agitation, le nez est plus expressif, plus complexe. On distingue des notes florales, de bulbe d\u2019iris, de fraises \u00ab bien m\u00fbres \u00bb et de cuir d\u2019une belle origine.<\/p>\n<p>Bouche<br \/>\nLa bouche est plaisante, ronde et \u00e9quilibr\u00e9e.<br \/>\nLe d\u00e9but de bouche est structur\u00e9 et d\u2019une certaine puissance. L\u2019\u00e9volution est d\u00e9licate.<br \/>\nLes diff\u00e9rentes notes aromatiques dominantes s\u2019accordent id\u00e9alement : fum\u00e9, grill\u00e9, chocolat, caf\u00e9 torr\u00e9fi\u00e9, cuir d\u00e9licat.<\/p>\n<p>Couleur<br \/>\nRouge aux reflets grenat.<\/p>\n<p><strong>A BOIRE<\/strong><\/p>\n<p>D\u00e8s \u00e0 pr\u00e9sent jusqu\u2019en 2035.<br \/>\nL\u2019expression aromatique est complexe et singuli\u00e8re, caract\u00e9ristique du style Barocco.<br \/>\nCe vin poss\u00e8de actuellement un caract\u00e8re \u00e9volutif dans le verre remarquable, preuve de son potentiel de garde ; cela donne \u00e0 la d\u00e9gustation un caract\u00e8re encore plus attractif, ce vin se d\u00e9voile sous diff\u00e9rentes facettes.<\/p>\n<p><strong>CONSEILS DE SERVICE<\/strong><\/p>\n<p>Temp\u00e9rature id\u00e9ale : 15 \u00e0 16\u00b0C<br \/>\nPour profiter pleinement de son caract\u00e8re \u00e9volutif, ouvrir la bouteille lors de son service ou d\u2019une approche plus classique, d\u00e9canter le vin 1 heure avant de le servir ou ouvrir la bouteille 3 heures avant le service.<\/p>\n","protected":false},"excerpt":{"rendered":"<h3>Barocco 2019 &#8211; Vin Rouge, IGP Vin des Terroirs Landais<\/h3>\n<p><strong>Christine &amp; Michel Gu\u00e9rard &amp; Filles<\/strong><\/p>\n<p>Vinifi\u00e9 comme un grand vin, Barocco est un assemblage subtil de merlot pour le fruit et la souplesse, de cabernet franc pour la structure, et de tannat pour le caract\u00e8re.<\/p>\n","protected":false},"featured_media":2881,"template":"","meta":{"_acf_changed":false},"product_brand":[],"product_cat":[239],"product_tag":[],"class_list":{"0":"post-60649","1":"product","2":"type-product","3":"status-publish","4":"has-post-thumbnail","6":"product_cat-wine-cellar","7":"product_shipping_class-carton-de-vin-en","9":"first","10":"instock","11":"shipping-taxable","12":"purchasable","13":"product-type-variable","14":"add-to-wishlist-before_image"},"acf":[],"yoast_head":"<!-- This site is optimized with the Yoast SEO plugin v26.7 - https:\/\/yoast.com\/wordpress\/plugins\/seo\/ -->\n<title>Barocco - Les Pr\u00e9s d&#039;Eug\u00e9nie - Maison Gu\u00e9rard<\/title>\n<meta name=\"description\" content=\"Barocco 2019 - Vin Rouge, IGP Vin des Terroirs Landais Christine &amp; Michel Gu\u00e9rard &amp; Filles  Vinifi\u00e9 comme un grand vin, Barocco est un assemblage subtil de merlot pour le fruit et la souplesse, de cabernet franc pour la structure, et de tannat pour le caract\u00e8re.\" \/>\n<meta name=\"robots\" content=\"index, follow, max-snippet:-1, max-image-preview:large, max-video-preview:-1\" \/>\n<link rel=\"canonical\" href=\"https:\/\/lespresdeugenie.com\/en\/product\/barocco\/\" \/>\n<meta property=\"og:locale\" content=\"en_US\" \/>\n<meta property=\"og:type\" content=\"article\" \/>\n<meta property=\"og:title\" content=\"Barocco - Les Pr\u00e9s d&#039;Eug\u00e9nie - Maison Gu\u00e9rard\" \/>\n<meta property=\"og:description\" content=\"Barocco 2019 - Vin Rouge, IGP Vin des Terroirs Landais Christine &amp; Michel Gu\u00e9rard &amp; Filles  Vinifi\u00e9 comme un grand vin, Barocco est un assemblage subtil de merlot pour le fruit et la souplesse, de cabernet franc pour la structure, et de tannat pour le caract\u00e8re.\" \/>\n<meta property=\"og:url\" content=\"https:\/\/lespresdeugenie.com\/en\/product\/barocco\/\" \/>\n<meta property=\"og:site_name\" content=\"Les Pr\u00e9s d&#039;Eug\u00e9nie\" \/>\n<meta property=\"article:publisher\" content=\"https:\/\/www.facebook.com\/LesPresdEugenie\/\" \/>\n<meta property=\"article:modified_time\" content=\"2024-05-13T10:27:26+00:00\" \/>\n<meta property=\"og:image\" content=\"https:\/\/lespresdeugenie.com\/wp-content\/uploads\/2018\/11\/chateau-de-bachen_barocco.jpg\" \/>\n\t<meta property=\"og:image:width\" content=\"2000\" \/>\n\t<meta property=\"og:image:height\" content=\"1500\" \/>\n\t<meta property=\"og:image:type\" content=\"image\/jpeg\" \/>\n<meta name=\"twitter:card\" content=\"summary_large_image\" \/>\n<meta name=\"twitter:label1\" content=\"Est. reading time\" \/>\n\t<meta name=\"twitter:data1\" content=\"2 minutes\" \/>\n<script type=\"application\/ld+json\" class=\"yoast-schema-graph\">{\"@context\":\"https:\/\/schema.org\",\"@graph\":[{\"@type\":\"WebPage\",\"@id\":\"https:\/\/lespresdeugenie.com\/en\/product\/barocco\/\",\"url\":\"https:\/\/lespresdeugenie.com\/en\/product\/barocco\/\",\"name\":\"Barocco - Les Pr\u00e9s d&#039;Eug\u00e9nie - Maison Gu\u00e9rard\",\"isPartOf\":{\"@id\":\"https:\/\/lespresdeugenie.com\/#website\"},\"primaryImageOfPage\":{\"@id\":\"https:\/\/lespresdeugenie.com\/en\/product\/barocco\/#primaryimage\"},\"image\":{\"@id\":\"https:\/\/lespresdeugenie.com\/en\/product\/barocco\/#primaryimage\"},\"thumbnailUrl\":\"https:\/\/lespresdeugenie.com\/wp-content\/uploads\/2018\/11\/chateau-de-bachen_barocco.jpg\",\"datePublished\":\"2023-01-17T10:58:44+00:00\",\"dateModified\":\"2024-05-13T10:27:26+00:00\",\"description\":\"Barocco 2019 - Vin Rouge, IGP Vin des Terroirs Landais Christine &amp; Michel Gu\u00e9rard &amp; Filles Vinifi\u00e9 comme un grand vin, Barocco est un assemblage subtil de merlot pour le fruit et la souplesse, de cabernet franc pour la structure, et de tannat pour le caract\u00e8re.\",\"breadcrumb\":{\"@id\":\"https:\/\/lespresdeugenie.com\/en\/product\/barocco\/#breadcrumb\"},\"inLanguage\":\"en-US\",\"potentialAction\":[{\"@type\":\"ReadAction\",\"target\":[\"https:\/\/lespresdeugenie.com\/en\/product\/barocco\/\"]}]},{\"@type\":\"ImageObject\",\"inLanguage\":\"en-US\",\"@id\":\"https:\/\/lespresdeugenie.com\/en\/product\/barocco\/#primaryimage\",\"url\":\"https:\/\/lespresdeugenie.com\/wp-content\/uploads\/2018\/11\/chateau-de-bachen_barocco.jpg\",\"contentUrl\":\"https:\/\/lespresdeugenie.com\/wp-content\/uploads\/2018\/11\/chateau-de-bachen_barocco.jpg\",\"width\":2000,\"height\":1500},{\"@type\":\"BreadcrumbList\",\"@id\":\"https:\/\/lespresdeugenie.com\/en\/product\/barocco\/#breadcrumb\",\"itemListElement\":[{\"@type\":\"ListItem\",\"position\":1,\"name\":\"Home\",\"item\":\"https:\/\/lespresdeugenie.com\/en\/\"},{\"@type\":\"ListItem\",\"position\":2,\"name\":\"Shop\",\"item\":\"https:\/\/lespresdeugenie.com\/en\/shop\/\"},{\"@type\":\"ListItem\",\"position\":3,\"name\":\"Barocco\"}]},{\"@type\":\"WebSite\",\"@id\":\"https:\/\/lespresdeugenie.com\/#website\",\"url\":\"https:\/\/lespresdeugenie.com\/\",\"name\":\"Les Pr\u00e9s d'Eugenie - Maison Gu\u00e9rard\",\"description\":\"Maison Gu\u00e9rard\",\"publisher\":{\"@id\":\"https:\/\/lespresdeugenie.com\/#organization\"},\"alternateName\":\"LPDE\",\"potentialAction\":[{\"@type\":\"SearchAction\",\"target\":{\"@type\":\"EntryPoint\",\"urlTemplate\":\"https:\/\/lespresdeugenie.com\/?s={search_term_string}\"},\"query-input\":{\"@type\":\"PropertyValueSpecification\",\"valueRequired\":true,\"valueName\":\"search_term_string\"}}],\"inLanguage\":\"en-US\"},{\"@type\":\"Organization\",\"@id\":\"https:\/\/lespresdeugenie.com\/#organization\",\"name\":\"Les Pr\u00e9s d'Eugenie - Maison Gu\u00e9rard\",\"url\":\"https:\/\/lespresdeugenie.com\/\",\"logo\":{\"@type\":\"ImageObject\",\"inLanguage\":\"en-US\",\"@id\":\"https:\/\/lespresdeugenie.com\/#\/schema\/logo\/image\/\",\"url\":\"https:\/\/lespresdeugenie.com\/wp-content\/uploads\/2022\/12\/les-pres-eugenie-logo-1.png\",\"contentUrl\":\"https:\/\/lespresdeugenie.com\/wp-content\/uploads\/2022\/12\/les-pres-eugenie-logo-1.png\",\"width\":269,\"height\":60,\"caption\":\"Les Pr\u00e9s d'Eugenie - Maison Gu\u00e9rard\"},\"image\":{\"@id\":\"https:\/\/lespresdeugenie.com\/#\/schema\/logo\/image\/\"},\"sameAs\":[\"https:\/\/www.facebook.com\/LesPresdEugenie\/\",\"https:\/\/www.instagram.com\/maisons_guerard\/?hl=fr\",\"https:\/\/fr.linkedin.com\/company\/les-pres-d'eugenie\"]}]}<\/script>\n<!-- \/ Yoast SEO plugin. -->","yoast_head_json":{"title":"Barocco - Les Pr\u00e9s d&#039;Eug\u00e9nie - Maison Gu\u00e9rard","description":"Barocco 2019 - Vin Rouge, IGP Vin des Terroirs Landais Christine &amp; Michel Gu\u00e9rard &amp; Filles  Vinifi\u00e9 comme un grand vin, Barocco est un assemblage subtil de merlot pour le fruit et la souplesse, de cabernet franc pour la structure, et de tannat pour le caract\u00e8re.","robots":{"index":"index","follow":"follow","max-snippet":"max-snippet:-1","max-image-preview":"max-image-preview:large","max-video-preview":"max-video-preview:-1"},"canonical":"https:\/\/lespresdeugenie.com\/en\/product\/barocco\/","og_locale":"en_US","og_type":"article","og_title":"Barocco - Les Pr\u00e9s d&#039;Eug\u00e9nie - Maison Gu\u00e9rard","og_description":"Barocco 2019 - Vin Rouge, IGP Vin des Terroirs Landais Christine &amp; Michel Gu\u00e9rard &amp; Filles  Vinifi\u00e9 comme un grand vin, Barocco est un assemblage subtil de merlot pour le fruit et la souplesse, de cabernet franc pour la structure, et de tannat pour le caract\u00e8re.","og_url":"https:\/\/lespresdeugenie.com\/en\/product\/barocco\/","og_site_name":"Les Pr\u00e9s d&#039;Eug\u00e9nie","article_publisher":"https:\/\/www.facebook.com\/LesPresdEugenie\/","article_modified_time":"2024-05-13T10:27:26+00:00","og_image":[{"width":2000,"height":1500,"url":"https:\/\/lespresdeugenie.com\/wp-content\/uploads\/2018\/11\/chateau-de-bachen_barocco.jpg","type":"image\/jpeg"}],"twitter_card":"summary_large_image","twitter_misc":{"Est. reading time":"2 minutes"},"schema":{"@context":"https:\/\/schema.org","@graph":[{"@type":"WebPage","@id":"https:\/\/lespresdeugenie.com\/en\/product\/barocco\/","url":"https:\/\/lespresdeugenie.com\/en\/product\/barocco\/","name":"Barocco - Les Pr\u00e9s d&#039;Eug\u00e9nie - Maison Gu\u00e9rard","isPartOf":{"@id":"https:\/\/lespresdeugenie.com\/#website"},"primaryImageOfPage":{"@id":"https:\/\/lespresdeugenie.com\/en\/product\/barocco\/#primaryimage"},"image":{"@id":"https:\/\/lespresdeugenie.com\/en\/product\/barocco\/#primaryimage"},"thumbnailUrl":"https:\/\/lespresdeugenie.com\/wp-content\/uploads\/2018\/11\/chateau-de-bachen_barocco.jpg","datePublished":"2023-01-17T10:58:44+00:00","dateModified":"2024-05-13T10:27:26+00:00","description":"Barocco 2019 - Vin Rouge, IGP Vin des Terroirs Landais Christine &amp; Michel Gu\u00e9rard &amp; Filles Vinifi\u00e9 comme un grand vin, Barocco est un assemblage subtil de merlot pour le fruit et la souplesse, de cabernet franc pour la structure, et de tannat pour le caract\u00e8re.","breadcrumb":{"@id":"https:\/\/lespresdeugenie.com\/en\/product\/barocco\/#breadcrumb"},"inLanguage":"en-US","potentialAction":[{"@type":"ReadAction","target":["https:\/\/lespresdeugenie.com\/en\/product\/barocco\/"]}]},{"@type":"ImageObject","inLanguage":"en-US","@id":"https:\/\/lespresdeugenie.com\/en\/product\/barocco\/#primaryimage","url":"https:\/\/lespresdeugenie.com\/wp-content\/uploads\/2018\/11\/chateau-de-bachen_barocco.jpg","contentUrl":"https:\/\/lespresdeugenie.com\/wp-content\/uploads\/2018\/11\/chateau-de-bachen_barocco.jpg","width":2000,"height":1500},{"@type":"BreadcrumbList","@id":"https:\/\/lespresdeugenie.com\/en\/product\/barocco\/#breadcrumb","itemListElement":[{"@type":"ListItem","position":1,"name":"Home","item":"https:\/\/lespresdeugenie.com\/en\/"},{"@type":"ListItem","position":2,"name":"Shop","item":"https:\/\/lespresdeugenie.com\/en\/shop\/"},{"@type":"ListItem","position":3,"name":"Barocco"}]},{"@type":"WebSite","@id":"https:\/\/lespresdeugenie.com\/#website","url":"https:\/\/lespresdeugenie.com\/","name":"Les Pr\u00e9s d'Eugenie - Maison Gu\u00e9rard","description":"Maison Gu\u00e9rard","publisher":{"@id":"https:\/\/lespresdeugenie.com\/#organization"},"alternateName":"LPDE","potentialAction":[{"@type":"SearchAction","target":{"@type":"EntryPoint","urlTemplate":"https:\/\/lespresdeugenie.com\/?s={search_term_string}"},"query-input":{"@type":"PropertyValueSpecification","valueRequired":true,"valueName":"search_term_string"}}],"inLanguage":"en-US"},{"@type":"Organization","@id":"https:\/\/lespresdeugenie.com\/#organization","name":"Les Pr\u00e9s d'Eugenie - Maison Gu\u00e9rard","url":"https:\/\/lespresdeugenie.com\/","logo":{"@type":"ImageObject","inLanguage":"en-US","@id":"https:\/\/lespresdeugenie.com\/#\/schema\/logo\/image\/","url":"https:\/\/lespresdeugenie.com\/wp-content\/uploads\/2022\/12\/les-pres-eugenie-logo-1.png","contentUrl":"https:\/\/lespresdeugenie.com\/wp-content\/uploads\/2022\/12\/les-pres-eugenie-logo-1.png","width":269,"height":60,"caption":"Les Pr\u00e9s d'Eugenie - Maison Gu\u00e9rard"},"image":{"@id":"https:\/\/lespresdeugenie.com\/#\/schema\/logo\/image\/"},"sameAs":["https:\/\/www.facebook.com\/LesPresdEugenie\/","https:\/\/www.instagram.com\/maisons_guerard\/?hl=fr","https:\/\/fr.linkedin.com\/company\/les-pres-d'eugenie"]}]}},"_links":{"self":[{"href":"https:\/\/lespresdeugenie.com\/en\/wp-json\/wp\/v2\/product\/60649","targetHints":{"allow":["GET"]}}],"collection":[{"href":"https:\/\/lespresdeugenie.com\/en\/wp-json\/wp\/v2\/product"}],"about":[{"href":"https:\/\/lespresdeugenie.com\/en\/wp-json\/wp\/v2\/types\/product"}],"wp:featuredmedia":[{"embeddable":true,"href":"https:\/\/lespresdeugenie.com\/en\/wp-json\/wp\/v2\/media\/2881"}],"wp:attachment":[{"href":"https:\/\/lespresdeugenie.com\/en\/wp-json\/wp\/v2\/media?parent=60649"}],"wp:term":[{"taxonomy":"product_brand","embeddable":true,"href":"https:\/\/lespresdeugenie.com\/en\/wp-json\/wp\/v2\/product_brand?post=60649"},{"taxonomy":"product_cat","embeddable":true,"href":"https:\/\/lespresdeugenie.com\/en\/wp-json\/wp\/v2\/product_cat?post=60649"},{"taxonomy":"product_tag","embeddable":true,"href":"https:\/\/lespresdeugenie.com\/en\/wp-json\/wp\/v2\/product_tag?post=60649"}],"curies":[{"name":"wp","href":"https:\/\/api.w.org\/{rel}","templated":true}]}}