{"id":60650,"date":"2023-01-17T12:03:06","date_gmt":"2023-01-17T11:03:06","guid":{"rendered":"https:\/\/lespresdeugenie.com\/produit\/baron-de-bachen\/"},"modified":"2023-05-24T00:00:08","modified_gmt":"2023-05-23T22:00:08","slug":"baron-de-bachen","status":"publish","type":"product","link":"https:\/\/lespresdeugenie.com\/en\/product\/baron-de-bachen\/","title":{"rendered":"Baron de Bachen"},"content":{"rendered":"<h2>Baron de Bachen 2014<br \/>\nVin Blanc Sec, A.O.C Tursan<br \/>\nChristine &amp; Michel Gu\u00e9rard, &amp; Filles<\/h2>\n<p><strong>CEPAGES<\/strong><\/p>\n<p>30% de Baroque, 30% de Sauvignon, 20% de Petit Manseng et 20% de Gros Manseng<\/p>\n<p>PRODUCTION<\/p>\n<p>17 800 bouteilles<\/p>\n<p><strong>CONDUITE DU VIGNOBLE ET VINIFICATION<\/strong><\/p>\n<p>Protection raisonn\u00e9e du vignoble (mise en \u0153uvre de principes conventionnels, biologiques et biodynamiques). Aucun d\u00e9sherbant et insecticide n\u2019est utilis\u00e9. Les vignes sont \u00e9pampr\u00e9es, effeuill\u00e9es puis \u00e9chard\u00e9es manuellement. Des vendanges en vert sont r\u00e9alis\u00e9es ponctuellement.<\/p>\n<p>D\u00e9but des vendanges : 9 septembre 2014<br \/>\nLes vendanges se font manuellement, par tris successifs.<br \/>\nLa vinification a b\u00e9n\u00e9fici\u00e9 des conseils de Denis Dubourdieu. Mac\u00e9ration pelliculaire de certains lots de raisin, 50% de la production fermente en barriques. Elevage sur lies pendant 7 mois, avec b\u00e2tonnages.<\/p>\n<p><strong>DEGUSTATION<\/strong><\/p>\n<p>Nez<br \/>\nLe premier nez est intense et domin\u00e9 par des notes fum\u00e9es ainsi que de bois frais.<br \/>\nApr\u00e8s agitation les ar\u00f4mes de torr\u00e9faction sont agr\u00e9ment\u00e9s de notes de zeste d\u2019agrumes (essentiellement citron vert).<\/p>\n<p>Bouche<br \/>\nL\u2019attaque est fra\u00eeche, l\u2019\u00e9volution tonique. Des saveurs de zeste d\u2019agrumes, de torr\u00e9faction, de vanille et de bois frais composent la palette aromatique. Ce vin poss\u00e8de une certaine structure. La finale est d\u2019une longueur remarquable, d\u00e9licatement citronn\u00e9e et d\u2019une noble amertume.<\/p>\n<p>Couleur<br \/>\nJaune or aux reflets argent\u00e9s<\/p>\n<p><strong>A BOIRE<\/strong><\/p>\n<p>D\u00e8s \u00e0 pr\u00e9sent jusqu\u2019en 2024. Ce vin tonique est un concentr\u00e9 de saveurs. Il refl\u00e8te un Terroir Sauvage et un Mill\u00e9sime propice aux vins blancs secs.<\/p>\n<p><strong>CONSEILS DE SERVICE<\/strong><\/p>\n<p>Temp\u00e9rature id\u00e9ale : 13\u00b0C. D\u00e9canter le vin 1 heure avant de le servir ou ouvrir la bouteille 3 heures avant le service.<\/p>\n","protected":false},"excerpt":{"rendered":"<h3>Baron de Bachen 2014 &#8211; Vin Blanc Sec, A.O.C Tursan<\/h3>\n<p><strong>Christine &amp; Michel Gu\u00e9rard &amp; Filles<\/strong><\/p>\n<p>Le Baron de Bachen est un vin blanc \u00e9l\u00e9gant issu de l&#8217;assemblage de plusieurs c\u00e9pages embl\u00e9matiques du Sud Ouest : manseng, sauvignon et baroque.<\/p>\n","protected":false},"featured_media":2876,"template":"","meta":{"_acf_changed":false},"product_brand":[],"product_cat":[239],"product_tag":[],"class_list":{"0":"post-60650","1":"product","2":"type-product","3":"status-publish","4":"has-post-thumbnail","6":"product_cat-wine-cellar","7":"product_shipping_class-carton-de-vin-en","9":"first","10":"instock","11":"shipping-taxable","12":"purchasable","13":"product-type-variable","14":"add-to-wishlist-before_image"},"acf":[],"yoast_head":"<!-- This site is optimized with the Yoast SEO plugin v26.7 - https:\/\/yoast.com\/wordpress\/plugins\/seo\/ -->\n<title>Baron de Bachen - Les Pr\u00e9s d&#039;Eug\u00e9nie - Maison Gu\u00e9rard<\/title>\n<meta name=\"description\" content=\"Baron de Bachen 2014 - Vin Blanc Sec, A.O.C Tursan Christine &amp; Michel Gu\u00e9rard &amp; Filles Le Baron de Bachen est un vin blanc \u00e9l\u00e9gant issu de l&#039;assemblage de plusieurs c\u00e9pages embl\u00e9matiques du Sud Ouest : manseng, sauvignon et baroque.\" \/>\n<meta name=\"robots\" content=\"index, follow, max-snippet:-1, max-image-preview:large, max-video-preview:-1\" \/>\n<link rel=\"canonical\" href=\"https:\/\/lespresdeugenie.com\/en\/product\/baron-de-bachen\/\" \/>\n<meta property=\"og:locale\" content=\"en_US\" \/>\n<meta property=\"og:type\" content=\"article\" \/>\n<meta property=\"og:title\" content=\"Baron de Bachen - Les Pr\u00e9s d&#039;Eug\u00e9nie - Maison Gu\u00e9rard\" \/>\n<meta property=\"og:description\" content=\"Baron de Bachen 2014 - Vin Blanc Sec, A.O.C Tursan Christine &amp; Michel Gu\u00e9rard &amp; Filles Le Baron de Bachen est un vin blanc \u00e9l\u00e9gant issu de l&#039;assemblage de plusieurs c\u00e9pages embl\u00e9matiques du Sud Ouest : manseng, sauvignon et baroque.\" \/>\n<meta property=\"og:url\" content=\"https:\/\/lespresdeugenie.com\/en\/product\/baron-de-bachen\/\" \/>\n<meta property=\"og:site_name\" content=\"Les Pr\u00e9s d&#039;Eug\u00e9nie\" \/>\n<meta property=\"article:publisher\" content=\"https:\/\/www.facebook.com\/LesPresdEugenie\/\" \/>\n<meta property=\"article:modified_time\" content=\"2023-05-23T22:00:08+00:00\" \/>\n<meta property=\"og:image\" content=\"https:\/\/lespresdeugenie.com\/wp-content\/uploads\/2018\/11\/chateau-de-bachen_baron-de-bachen.jpg\" \/>\n\t<meta property=\"og:image:width\" content=\"2000\" \/>\n\t<meta property=\"og:image:height\" content=\"1500\" \/>\n\t<meta property=\"og:image:type\" content=\"image\/jpeg\" \/>\n<meta name=\"twitter:card\" content=\"summary_large_image\" \/>\n<meta name=\"twitter:label1\" content=\"Est. reading time\" \/>\n\t<meta name=\"twitter:data1\" content=\"1 minute\" \/>\n<script type=\"application\/ld+json\" class=\"yoast-schema-graph\">{\"@context\":\"https:\/\/schema.org\",\"@graph\":[{\"@type\":\"WebPage\",\"@id\":\"https:\/\/lespresdeugenie.com\/en\/product\/baron-de-bachen\/\",\"url\":\"https:\/\/lespresdeugenie.com\/en\/product\/baron-de-bachen\/\",\"name\":\"Baron de Bachen - Les Pr\u00e9s d&#039;Eug\u00e9nie - Maison Gu\u00e9rard\",\"isPartOf\":{\"@id\":\"https:\/\/lespresdeugenie.com\/#website\"},\"primaryImageOfPage\":{\"@id\":\"https:\/\/lespresdeugenie.com\/en\/product\/baron-de-bachen\/#primaryimage\"},\"image\":{\"@id\":\"https:\/\/lespresdeugenie.com\/en\/product\/baron-de-bachen\/#primaryimage\"},\"thumbnailUrl\":\"https:\/\/lespresdeugenie.com\/wp-content\/uploads\/2018\/11\/chateau-de-bachen_baron-de-bachen.jpg\",\"datePublished\":\"2023-01-17T11:03:06+00:00\",\"dateModified\":\"2023-05-23T22:00:08+00:00\",\"description\":\"Baron de Bachen 2014 - Vin Blanc Sec, A.O.C Tursan Christine &amp; Michel Gu\u00e9rard &amp; Filles Le Baron de Bachen est un vin blanc \u00e9l\u00e9gant issu de l'assemblage de plusieurs c\u00e9pages embl\u00e9matiques du Sud Ouest : manseng, sauvignon et baroque.\",\"breadcrumb\":{\"@id\":\"https:\/\/lespresdeugenie.com\/en\/product\/baron-de-bachen\/#breadcrumb\"},\"inLanguage\":\"en-US\",\"potentialAction\":[{\"@type\":\"ReadAction\",\"target\":[\"https:\/\/lespresdeugenie.com\/en\/product\/baron-de-bachen\/\"]}]},{\"@type\":\"ImageObject\",\"inLanguage\":\"en-US\",\"@id\":\"https:\/\/lespresdeugenie.com\/en\/product\/baron-de-bachen\/#primaryimage\",\"url\":\"https:\/\/lespresdeugenie.com\/wp-content\/uploads\/2018\/11\/chateau-de-bachen_baron-de-bachen.jpg\",\"contentUrl\":\"https:\/\/lespresdeugenie.com\/wp-content\/uploads\/2018\/11\/chateau-de-bachen_baron-de-bachen.jpg\",\"width\":2000,\"height\":1500},{\"@type\":\"BreadcrumbList\",\"@id\":\"https:\/\/lespresdeugenie.com\/en\/product\/baron-de-bachen\/#breadcrumb\",\"itemListElement\":[{\"@type\":\"ListItem\",\"position\":1,\"name\":\"Home\",\"item\":\"https:\/\/lespresdeugenie.com\/en\/\"},{\"@type\":\"ListItem\",\"position\":2,\"name\":\"Shop\",\"item\":\"https:\/\/lespresdeugenie.com\/en\/shop\/\"},{\"@type\":\"ListItem\",\"position\":3,\"name\":\"Baron de Bachen\"}]},{\"@type\":\"WebSite\",\"@id\":\"https:\/\/lespresdeugenie.com\/#website\",\"url\":\"https:\/\/lespresdeugenie.com\/\",\"name\":\"Les Pr\u00e9s d'Eugenie - Maison Gu\u00e9rard\",\"description\":\"Maison Gu\u00e9rard\",\"publisher\":{\"@id\":\"https:\/\/lespresdeugenie.com\/#organization\"},\"alternateName\":\"LPDE\",\"potentialAction\":[{\"@type\":\"SearchAction\",\"target\":{\"@type\":\"EntryPoint\",\"urlTemplate\":\"https:\/\/lespresdeugenie.com\/?s={search_term_string}\"},\"query-input\":{\"@type\":\"PropertyValueSpecification\",\"valueRequired\":true,\"valueName\":\"search_term_string\"}}],\"inLanguage\":\"en-US\"},{\"@type\":\"Organization\",\"@id\":\"https:\/\/lespresdeugenie.com\/#organization\",\"name\":\"Les Pr\u00e9s d'Eugenie - Maison Gu\u00e9rard\",\"url\":\"https:\/\/lespresdeugenie.com\/\",\"logo\":{\"@type\":\"ImageObject\",\"inLanguage\":\"en-US\",\"@id\":\"https:\/\/lespresdeugenie.com\/#\/schema\/logo\/image\/\",\"url\":\"https:\/\/lespresdeugenie.com\/wp-content\/uploads\/2022\/12\/les-pres-eugenie-logo-1.png\",\"contentUrl\":\"https:\/\/lespresdeugenie.com\/wp-content\/uploads\/2022\/12\/les-pres-eugenie-logo-1.png\",\"width\":269,\"height\":60,\"caption\":\"Les Pr\u00e9s d'Eugenie - Maison Gu\u00e9rard\"},\"image\":{\"@id\":\"https:\/\/lespresdeugenie.com\/#\/schema\/logo\/image\/\"},\"sameAs\":[\"https:\/\/www.facebook.com\/LesPresdEugenie\/\",\"https:\/\/www.instagram.com\/maisons_guerard\/?hl=fr\",\"https:\/\/fr.linkedin.com\/company\/les-pres-d'eugenie\"]}]}<\/script>\n<!-- \/ Yoast SEO plugin. -->","yoast_head_json":{"title":"Baron de Bachen - Les Pr\u00e9s d&#039;Eug\u00e9nie - Maison Gu\u00e9rard","description":"Baron de Bachen 2014 - Vin Blanc Sec, A.O.C Tursan Christine &amp; Michel Gu\u00e9rard &amp; Filles Le Baron de Bachen est un vin blanc \u00e9l\u00e9gant issu de l'assemblage de plusieurs c\u00e9pages embl\u00e9matiques du Sud Ouest : manseng, sauvignon et baroque.","robots":{"index":"index","follow":"follow","max-snippet":"max-snippet:-1","max-image-preview":"max-image-preview:large","max-video-preview":"max-video-preview:-1"},"canonical":"https:\/\/lespresdeugenie.com\/en\/product\/baron-de-bachen\/","og_locale":"en_US","og_type":"article","og_title":"Baron de Bachen - Les Pr\u00e9s d&#039;Eug\u00e9nie - Maison Gu\u00e9rard","og_description":"Baron de Bachen 2014 - Vin Blanc Sec, A.O.C Tursan Christine &amp; Michel Gu\u00e9rard &amp; Filles Le Baron de Bachen est un vin blanc \u00e9l\u00e9gant issu de l'assemblage de plusieurs c\u00e9pages embl\u00e9matiques du Sud Ouest : manseng, sauvignon et baroque.","og_url":"https:\/\/lespresdeugenie.com\/en\/product\/baron-de-bachen\/","og_site_name":"Les Pr\u00e9s d&#039;Eug\u00e9nie","article_publisher":"https:\/\/www.facebook.com\/LesPresdEugenie\/","article_modified_time":"2023-05-23T22:00:08+00:00","og_image":[{"width":2000,"height":1500,"url":"https:\/\/lespresdeugenie.com\/wp-content\/uploads\/2018\/11\/chateau-de-bachen_baron-de-bachen.jpg","type":"image\/jpeg"}],"twitter_card":"summary_large_image","twitter_misc":{"Est. reading time":"1 minute"},"schema":{"@context":"https:\/\/schema.org","@graph":[{"@type":"WebPage","@id":"https:\/\/lespresdeugenie.com\/en\/product\/baron-de-bachen\/","url":"https:\/\/lespresdeugenie.com\/en\/product\/baron-de-bachen\/","name":"Baron de Bachen - Les Pr\u00e9s d&#039;Eug\u00e9nie - Maison Gu\u00e9rard","isPartOf":{"@id":"https:\/\/lespresdeugenie.com\/#website"},"primaryImageOfPage":{"@id":"https:\/\/lespresdeugenie.com\/en\/product\/baron-de-bachen\/#primaryimage"},"image":{"@id":"https:\/\/lespresdeugenie.com\/en\/product\/baron-de-bachen\/#primaryimage"},"thumbnailUrl":"https:\/\/lespresdeugenie.com\/wp-content\/uploads\/2018\/11\/chateau-de-bachen_baron-de-bachen.jpg","datePublished":"2023-01-17T11:03:06+00:00","dateModified":"2023-05-23T22:00:08+00:00","description":"Baron de Bachen 2014 - Vin Blanc Sec, A.O.C Tursan Christine &amp; Michel Gu\u00e9rard &amp; Filles Le Baron de Bachen est un vin blanc \u00e9l\u00e9gant issu de l'assemblage de plusieurs c\u00e9pages embl\u00e9matiques du Sud Ouest : manseng, sauvignon et baroque.","breadcrumb":{"@id":"https:\/\/lespresdeugenie.com\/en\/product\/baron-de-bachen\/#breadcrumb"},"inLanguage":"en-US","potentialAction":[{"@type":"ReadAction","target":["https:\/\/lespresdeugenie.com\/en\/product\/baron-de-bachen\/"]}]},{"@type":"ImageObject","inLanguage":"en-US","@id":"https:\/\/lespresdeugenie.com\/en\/product\/baron-de-bachen\/#primaryimage","url":"https:\/\/lespresdeugenie.com\/wp-content\/uploads\/2018\/11\/chateau-de-bachen_baron-de-bachen.jpg","contentUrl":"https:\/\/lespresdeugenie.com\/wp-content\/uploads\/2018\/11\/chateau-de-bachen_baron-de-bachen.jpg","width":2000,"height":1500},{"@type":"BreadcrumbList","@id":"https:\/\/lespresdeugenie.com\/en\/product\/baron-de-bachen\/#breadcrumb","itemListElement":[{"@type":"ListItem","position":1,"name":"Home","item":"https:\/\/lespresdeugenie.com\/en\/"},{"@type":"ListItem","position":2,"name":"Shop","item":"https:\/\/lespresdeugenie.com\/en\/shop\/"},{"@type":"ListItem","position":3,"name":"Baron de Bachen"}]},{"@type":"WebSite","@id":"https:\/\/lespresdeugenie.com\/#website","url":"https:\/\/lespresdeugenie.com\/","name":"Les Pr\u00e9s d'Eugenie - Maison Gu\u00e9rard","description":"Maison Gu\u00e9rard","publisher":{"@id":"https:\/\/lespresdeugenie.com\/#organization"},"alternateName":"LPDE","potentialAction":[{"@type":"SearchAction","target":{"@type":"EntryPoint","urlTemplate":"https:\/\/lespresdeugenie.com\/?s={search_term_string}"},"query-input":{"@type":"PropertyValueSpecification","valueRequired":true,"valueName":"search_term_string"}}],"inLanguage":"en-US"},{"@type":"Organization","@id":"https:\/\/lespresdeugenie.com\/#organization","name":"Les Pr\u00e9s d'Eugenie - Maison Gu\u00e9rard","url":"https:\/\/lespresdeugenie.com\/","logo":{"@type":"ImageObject","inLanguage":"en-US","@id":"https:\/\/lespresdeugenie.com\/#\/schema\/logo\/image\/","url":"https:\/\/lespresdeugenie.com\/wp-content\/uploads\/2022\/12\/les-pres-eugenie-logo-1.png","contentUrl":"https:\/\/lespresdeugenie.com\/wp-content\/uploads\/2022\/12\/les-pres-eugenie-logo-1.png","width":269,"height":60,"caption":"Les Pr\u00e9s d'Eugenie - Maison Gu\u00e9rard"},"image":{"@id":"https:\/\/lespresdeugenie.com\/#\/schema\/logo\/image\/"},"sameAs":["https:\/\/www.facebook.com\/LesPresdEugenie\/","https:\/\/www.instagram.com\/maisons_guerard\/?hl=fr","https:\/\/fr.linkedin.com\/company\/les-pres-d'eugenie"]}]}},"_links":{"self":[{"href":"https:\/\/lespresdeugenie.com\/en\/wp-json\/wp\/v2\/product\/60650","targetHints":{"allow":["GET"]}}],"collection":[{"href":"https:\/\/lespresdeugenie.com\/en\/wp-json\/wp\/v2\/product"}],"about":[{"href":"https:\/\/lespresdeugenie.com\/en\/wp-json\/wp\/v2\/types\/product"}],"wp:featuredmedia":[{"embeddable":true,"href":"https:\/\/lespresdeugenie.com\/en\/wp-json\/wp\/v2\/media\/2876"}],"wp:attachment":[{"href":"https:\/\/lespresdeugenie.com\/en\/wp-json\/wp\/v2\/media?parent=60650"}],"wp:term":[{"taxonomy":"product_brand","embeddable":true,"href":"https:\/\/lespresdeugenie.com\/en\/wp-json\/wp\/v2\/product_brand?post=60650"},{"taxonomy":"product_cat","embeddable":true,"href":"https:\/\/lespresdeugenie.com\/en\/wp-json\/wp\/v2\/product_cat?post=60650"},{"taxonomy":"product_tag","embeddable":true,"href":"https:\/\/lespresdeugenie.com\/en\/wp-json\/wp\/v2\/product_tag?post=60650"}],"curies":[{"name":"wp","href":"https:\/\/api.w.org\/{rel}","templated":true}]}}