{"id":670,"date":"2018-08-14T09:39:10","date_gmt":"2018-08-14T07:39:10","guid":{"rendered":"https:\/\/lespresdeugenie.com\/produit\/homemade-raspberry-preserve\/"},"modified":"2019-10-02T10:21:44","modified_gmt":"2019-10-02T08:21:44","slug":"homemade-raspberry-preserve","status":"publish","type":"product","link":"https:\/\/lespresdeugenie.com\/en\/product\/homemade-raspberry-preserve\/","title":{"rendered":"Homemade Raspberry Preserve"},"content":{"rendered":"<p><strong>550 grams jar<br \/>\n<\/strong><\/p>\n<p>You loved it in Eug\u00e9nie, in our Gourmand breakfast ? Treat yourself with this sweet pleasure at home !<\/p>\n<p>This raspberry preserve is made by our P\u00e2tissiers,\u00a0prepared according to traditional recipes and cooked in small quantities, on the Chef&#8217;s &#8220;piano&#8221; .<\/p>\n<p><strong>Ingredients :<br \/>\n<\/strong>Raspberries, sugar.<\/p>\n<p><strong>A<\/strong><strong>llergens<\/strong><br \/>\nMay contain traces of milk and nuts.<\/p>\n","protected":false},"excerpt":{"rendered":"<p>550 gr. Jar<\/p>\n","protected":false},"featured_media":1487,"template":"","meta":{"_acf_changed":false},"product_brand":[],"product_cat":[238,94],"product_tag":[],"class_list":{"0":"post-670","1":"product","2":"type-product","3":"status-publish","4":"has-post-thumbnail","6":"product_cat-grocery","7":"product_cat-grocery-wine-cellar","8":"product_shipping_class-classe-1-en","10":"first","11":"outofstock","12":"sold-individually","13":"shipping-taxable","14":"purchasable","15":"product-type-simple","16":"add-to-wishlist-before_image"},"acf":[],"yoast_head":"<!-- This site is optimized with the Yoast SEO plugin v26.7 - https:\/\/yoast.com\/wordpress\/plugins\/seo\/ -->\n<title>Homemade Raspberry Preserve - Les Pr\u00e9s d&#039;Eug\u00e9nie - Maison Gu\u00e9rard<\/title>\n<meta name=\"description\" content=\"550 gr. Jar\" \/>\n<meta name=\"robots\" content=\"index, follow, max-snippet:-1, max-image-preview:large, max-video-preview:-1\" \/>\n<link rel=\"canonical\" href=\"https:\/\/lespresdeugenie.com\/en\/product\/homemade-raspberry-preserve\/\" \/>\n<meta property=\"og:locale\" content=\"en_US\" \/>\n<meta property=\"og:type\" content=\"article\" \/>\n<meta property=\"og:title\" content=\"Homemade Raspberry Preserve - Les Pr\u00e9s d&#039;Eug\u00e9nie - Maison Gu\u00e9rard\" \/>\n<meta property=\"og:description\" content=\"550 gr. Jar\" \/>\n<meta property=\"og:url\" content=\"https:\/\/lespresdeugenie.com\/en\/product\/homemade-raspberry-preserve\/\" \/>\n<meta property=\"og:site_name\" content=\"Les Pr\u00e9s d&#039;Eug\u00e9nie\" \/>\n<meta property=\"article:publisher\" content=\"https:\/\/www.facebook.com\/LesPresdEugenie\/\" \/>\n<meta property=\"article:modified_time\" content=\"2019-10-02T08:21:44+00:00\" \/>\n<meta property=\"og:image\" content=\"https:\/\/lespresdeugenie.com\/wp-content\/uploads\/2018\/08\/confiture-framboise.jpg\" \/>\n\t<meta property=\"og:image:width\" content=\"1000\" \/>\n\t<meta property=\"og:image:height\" content=\"870\" \/>\n\t<meta property=\"og:image:type\" content=\"image\/jpeg\" \/>\n<meta name=\"twitter:card\" content=\"summary_large_image\" \/>\n<script type=\"application\/ld+json\" class=\"yoast-schema-graph\">{\"@context\":\"https:\/\/schema.org\",\"@graph\":[{\"@type\":\"WebPage\",\"@id\":\"https:\/\/lespresdeugenie.com\/en\/product\/homemade-raspberry-preserve\/\",\"url\":\"https:\/\/lespresdeugenie.com\/en\/product\/homemade-raspberry-preserve\/\",\"name\":\"Homemade Raspberry Preserve - Les Pr\u00e9s d&#039;Eug\u00e9nie - Maison Gu\u00e9rard\",\"isPartOf\":{\"@id\":\"https:\/\/lespresdeugenie.com\/#website\"},\"primaryImageOfPage\":{\"@id\":\"https:\/\/lespresdeugenie.com\/en\/product\/homemade-raspberry-preserve\/#primaryimage\"},\"image\":{\"@id\":\"https:\/\/lespresdeugenie.com\/en\/product\/homemade-raspberry-preserve\/#primaryimage\"},\"thumbnailUrl\":\"https:\/\/lespresdeugenie.com\/wp-content\/uploads\/2018\/08\/confiture-framboise.jpg\",\"datePublished\":\"2018-08-14T07:39:10+00:00\",\"dateModified\":\"2019-10-02T08:21:44+00:00\",\"description\":\"550 gr. Jar\",\"breadcrumb\":{\"@id\":\"https:\/\/lespresdeugenie.com\/en\/product\/homemade-raspberry-preserve\/#breadcrumb\"},\"inLanguage\":\"en-US\",\"potentialAction\":[{\"@type\":\"ReadAction\",\"target\":[\"https:\/\/lespresdeugenie.com\/en\/product\/homemade-raspberry-preserve\/\"]}]},{\"@type\":\"ImageObject\",\"inLanguage\":\"en-US\",\"@id\":\"https:\/\/lespresdeugenie.com\/en\/product\/homemade-raspberry-preserve\/#primaryimage\",\"url\":\"https:\/\/lespresdeugenie.com\/wp-content\/uploads\/2018\/08\/confiture-framboise.jpg\",\"contentUrl\":\"https:\/\/lespresdeugenie.com\/wp-content\/uploads\/2018\/08\/confiture-framboise.jpg\",\"width\":1000,\"height\":870},{\"@type\":\"BreadcrumbList\",\"@id\":\"https:\/\/lespresdeugenie.com\/en\/product\/homemade-raspberry-preserve\/#breadcrumb\",\"itemListElement\":[{\"@type\":\"ListItem\",\"position\":1,\"name\":\"Home\",\"item\":\"https:\/\/lespresdeugenie.com\/en\/\"},{\"@type\":\"ListItem\",\"position\":2,\"name\":\"Shop\",\"item\":\"https:\/\/lespresdeugenie.com\/en\/shop\/\"},{\"@type\":\"ListItem\",\"position\":3,\"name\":\"Homemade Raspberry Preserve\"}]},{\"@type\":\"WebSite\",\"@id\":\"https:\/\/lespresdeugenie.com\/#website\",\"url\":\"https:\/\/lespresdeugenie.com\/\",\"name\":\"Les Pr\u00e9s d'Eugenie - Maison Gu\u00e9rard\",\"description\":\"Maison Gu\u00e9rard\",\"publisher\":{\"@id\":\"https:\/\/lespresdeugenie.com\/#organization\"},\"alternateName\":\"LPDE\",\"potentialAction\":[{\"@type\":\"SearchAction\",\"target\":{\"@type\":\"EntryPoint\",\"urlTemplate\":\"https:\/\/lespresdeugenie.com\/?s={search_term_string}\"},\"query-input\":{\"@type\":\"PropertyValueSpecification\",\"valueRequired\":true,\"valueName\":\"search_term_string\"}}],\"inLanguage\":\"en-US\"},{\"@type\":\"Organization\",\"@id\":\"https:\/\/lespresdeugenie.com\/#organization\",\"name\":\"Les Pr\u00e9s d'Eugenie - Maison Gu\u00e9rard\",\"url\":\"https:\/\/lespresdeugenie.com\/\",\"logo\":{\"@type\":\"ImageObject\",\"inLanguage\":\"en-US\",\"@id\":\"https:\/\/lespresdeugenie.com\/#\/schema\/logo\/image\/\",\"url\":\"https:\/\/lespresdeugenie.com\/wp-content\/uploads\/2022\/12\/les-pres-eugenie-logo-1.png\",\"contentUrl\":\"https:\/\/lespresdeugenie.com\/wp-content\/uploads\/2022\/12\/les-pres-eugenie-logo-1.png\",\"width\":269,\"height\":60,\"caption\":\"Les Pr\u00e9s d'Eugenie - Maison Gu\u00e9rard\"},\"image\":{\"@id\":\"https:\/\/lespresdeugenie.com\/#\/schema\/logo\/image\/\"},\"sameAs\":[\"https:\/\/www.facebook.com\/LesPresdEugenie\/\",\"https:\/\/www.instagram.com\/maisons_guerard\/?hl=fr\",\"https:\/\/fr.linkedin.com\/company\/les-pres-d'eugenie\"]}]}<\/script>\n<!-- \/ Yoast SEO plugin. -->","yoast_head_json":{"title":"Homemade Raspberry Preserve - Les Pr\u00e9s d&#039;Eug\u00e9nie - Maison Gu\u00e9rard","description":"550 gr. Jar","robots":{"index":"index","follow":"follow","max-snippet":"max-snippet:-1","max-image-preview":"max-image-preview:large","max-video-preview":"max-video-preview:-1"},"canonical":"https:\/\/lespresdeugenie.com\/en\/product\/homemade-raspberry-preserve\/","og_locale":"en_US","og_type":"article","og_title":"Homemade Raspberry Preserve - Les Pr\u00e9s d&#039;Eug\u00e9nie - Maison Gu\u00e9rard","og_description":"550 gr. Jar","og_url":"https:\/\/lespresdeugenie.com\/en\/product\/homemade-raspberry-preserve\/","og_site_name":"Les Pr\u00e9s d&#039;Eug\u00e9nie","article_publisher":"https:\/\/www.facebook.com\/LesPresdEugenie\/","article_modified_time":"2019-10-02T08:21:44+00:00","og_image":[{"width":1000,"height":870,"url":"https:\/\/lespresdeugenie.com\/wp-content\/uploads\/2018\/08\/confiture-framboise.jpg","type":"image\/jpeg"}],"twitter_card":"summary_large_image","schema":{"@context":"https:\/\/schema.org","@graph":[{"@type":"WebPage","@id":"https:\/\/lespresdeugenie.com\/en\/product\/homemade-raspberry-preserve\/","url":"https:\/\/lespresdeugenie.com\/en\/product\/homemade-raspberry-preserve\/","name":"Homemade Raspberry Preserve - Les Pr\u00e9s d&#039;Eug\u00e9nie - Maison Gu\u00e9rard","isPartOf":{"@id":"https:\/\/lespresdeugenie.com\/#website"},"primaryImageOfPage":{"@id":"https:\/\/lespresdeugenie.com\/en\/product\/homemade-raspberry-preserve\/#primaryimage"},"image":{"@id":"https:\/\/lespresdeugenie.com\/en\/product\/homemade-raspberry-preserve\/#primaryimage"},"thumbnailUrl":"https:\/\/lespresdeugenie.com\/wp-content\/uploads\/2018\/08\/confiture-framboise.jpg","datePublished":"2018-08-14T07:39:10+00:00","dateModified":"2019-10-02T08:21:44+00:00","description":"550 gr. Jar","breadcrumb":{"@id":"https:\/\/lespresdeugenie.com\/en\/product\/homemade-raspberry-preserve\/#breadcrumb"},"inLanguage":"en-US","potentialAction":[{"@type":"ReadAction","target":["https:\/\/lespresdeugenie.com\/en\/product\/homemade-raspberry-preserve\/"]}]},{"@type":"ImageObject","inLanguage":"en-US","@id":"https:\/\/lespresdeugenie.com\/en\/product\/homemade-raspberry-preserve\/#primaryimage","url":"https:\/\/lespresdeugenie.com\/wp-content\/uploads\/2018\/08\/confiture-framboise.jpg","contentUrl":"https:\/\/lespresdeugenie.com\/wp-content\/uploads\/2018\/08\/confiture-framboise.jpg","width":1000,"height":870},{"@type":"BreadcrumbList","@id":"https:\/\/lespresdeugenie.com\/en\/product\/homemade-raspberry-preserve\/#breadcrumb","itemListElement":[{"@type":"ListItem","position":1,"name":"Home","item":"https:\/\/lespresdeugenie.com\/en\/"},{"@type":"ListItem","position":2,"name":"Shop","item":"https:\/\/lespresdeugenie.com\/en\/shop\/"},{"@type":"ListItem","position":3,"name":"Homemade Raspberry Preserve"}]},{"@type":"WebSite","@id":"https:\/\/lespresdeugenie.com\/#website","url":"https:\/\/lespresdeugenie.com\/","name":"Les Pr\u00e9s d'Eugenie - Maison Gu\u00e9rard","description":"Maison Gu\u00e9rard","publisher":{"@id":"https:\/\/lespresdeugenie.com\/#organization"},"alternateName":"LPDE","potentialAction":[{"@type":"SearchAction","target":{"@type":"EntryPoint","urlTemplate":"https:\/\/lespresdeugenie.com\/?s={search_term_string}"},"query-input":{"@type":"PropertyValueSpecification","valueRequired":true,"valueName":"search_term_string"}}],"inLanguage":"en-US"},{"@type":"Organization","@id":"https:\/\/lespresdeugenie.com\/#organization","name":"Les Pr\u00e9s d'Eugenie - Maison Gu\u00e9rard","url":"https:\/\/lespresdeugenie.com\/","logo":{"@type":"ImageObject","inLanguage":"en-US","@id":"https:\/\/lespresdeugenie.com\/#\/schema\/logo\/image\/","url":"https:\/\/lespresdeugenie.com\/wp-content\/uploads\/2022\/12\/les-pres-eugenie-logo-1.png","contentUrl":"https:\/\/lespresdeugenie.com\/wp-content\/uploads\/2022\/12\/les-pres-eugenie-logo-1.png","width":269,"height":60,"caption":"Les Pr\u00e9s d'Eugenie - Maison Gu\u00e9rard"},"image":{"@id":"https:\/\/lespresdeugenie.com\/#\/schema\/logo\/image\/"},"sameAs":["https:\/\/www.facebook.com\/LesPresdEugenie\/","https:\/\/www.instagram.com\/maisons_guerard\/?hl=fr","https:\/\/fr.linkedin.com\/company\/les-pres-d'eugenie"]}]}},"_links":{"self":[{"href":"https:\/\/lespresdeugenie.com\/en\/wp-json\/wp\/v2\/product\/670","targetHints":{"allow":["GET"]}}],"collection":[{"href":"https:\/\/lespresdeugenie.com\/en\/wp-json\/wp\/v2\/product"}],"about":[{"href":"https:\/\/lespresdeugenie.com\/en\/wp-json\/wp\/v2\/types\/product"}],"wp:featuredmedia":[{"embeddable":true,"href":"https:\/\/lespresdeugenie.com\/en\/wp-json\/wp\/v2\/media\/1487"}],"wp:attachment":[{"href":"https:\/\/lespresdeugenie.com\/en\/wp-json\/wp\/v2\/media?parent=670"}],"wp:term":[{"taxonomy":"product_brand","embeddable":true,"href":"https:\/\/lespresdeugenie.com\/en\/wp-json\/wp\/v2\/product_brand?post=670"},{"taxonomy":"product_cat","embeddable":true,"href":"https:\/\/lespresdeugenie.com\/en\/wp-json\/wp\/v2\/product_cat?post=670"},{"taxonomy":"product_tag","embeddable":true,"href":"https:\/\/lespresdeugenie.com\/en\/wp-json\/wp\/v2\/product_tag?post=670"}],"curies":[{"name":"wp","href":"https:\/\/api.w.org\/{rel}","templated":true}]}}