{"id":681,"date":"2018-08-14T10:31:17","date_gmt":"2018-08-14T08:31:17","guid":{"rendered":"https:\/\/lespresdeugenie.com\/produit\/mots-et-mets\/"},"modified":"2021-01-07T10:51:38","modified_gmt":"2021-01-07T09:51:38","slug":"mots-et-mets","status":"publish","type":"product","link":"https:\/\/lespresdeugenie.com\/en\/product\/mots-et-mets\/","title":{"rendered":"Mots et Mets"},"content":{"rendered":"<p>Preface by Jack Lang<br \/>&#8220;The culinary art is passion, happiness, beauty. In this Mots et Mets, Michel Gu\u00e9rard offers, according to his inspiration and his travels, a very intimate, perfectly orchestrated cuisine that sings with exhilaration and delight. To the aromas mixes the perfume of love, and the intelligence of Christine, &#8220;the chance of a lifetime&#8221;.&#8221;<\/p>\n<p>An appetizing primer, funny recipes, the Chef&#8217;s childhood: in this book, Michel Gu\u00e9rard unveils the 166 words that inspire him, proposes his joyful and simple recipes, and tells the great and small stories of his life. Delicious!<\/p>\n","protected":false},"excerpt":{"rendered":"<p><strong>Author<\/strong> : Michel Gu\u00e9rard\u00a0with the\u00a0collaboration\u00a0of Christine Gu\u00e9rard<br \/>\n<strong>Photographer<\/strong> :\u00a0Claude Prigent, Martine Archambault, Zeteny, Fran\u00e7ois Roboth, Gianfranco Gorgoni-Gamma, Darren Franka, Emil Perauer, &#8220;Le p\u00e2tissier moderne&#8221;, Life Time Magazine<br \/>\n<strong>Release Date<\/strong> : 29\/11\/2016<br \/>\n<strong>Publisher<\/strong> :\u00a0Sud Ouest Gourmand<br \/>\n<strong>Number\u00a0of Pages<\/strong> : 144<br \/>\n<strong>Format<\/strong> : 17 cm x 24 cm<\/p>\n","protected":false},"featured_media":1549,"template":"","meta":{"_acf_changed":false},"product_brand":[],"product_cat":[92],"product_tag":[],"class_list":{"0":"post-681","1":"product","2":"type-product","3":"status-publish","4":"has-post-thumbnail","6":"product_cat-books","7":"product_shipping_class-classe-1-en","9":"first","10":"instock","11":"shipping-taxable","12":"purchasable","13":"product-type-simple","14":"add-to-wishlist-before_image"},"acf":[],"yoast_head":"<!-- This site is optimized with the Yoast SEO plugin v26.7 - https:\/\/yoast.com\/wordpress\/plugins\/seo\/ -->\n<title>Mots et Mets - Les Pr\u00e9s d&#039;Eug\u00e9nie - Maison Gu\u00e9rard<\/title>\n<meta name=\"description\" content=\"Author : Michel Gu\u00e9rard\u00a0with the\u00a0collaboration\u00a0of Christine Gu\u00e9rard Photographer :\u00a0Claude Prigent, Martine Archambault, Zeteny, Fran\u00e7ois Roboth, Gianfranco Gorgoni-Gamma, Darren Franka, Emil Perauer, &quot;Le p\u00e2tissier moderne&quot;, Life Time Magazine Release Date : 29\/11\/2016 Publisher :\u00a0Sud Ouest Gourmand Number\u00a0of Pages : 144 Format : 17 cm x 24 cm\" \/>\n<meta name=\"robots\" content=\"index, follow, max-snippet:-1, max-image-preview:large, max-video-preview:-1\" \/>\n<link rel=\"canonical\" href=\"https:\/\/lespresdeugenie.com\/en\/product\/mots-et-mets\/\" \/>\n<meta property=\"og:locale\" content=\"en_US\" \/>\n<meta property=\"og:type\" content=\"article\" \/>\n<meta property=\"og:title\" content=\"Mots et Mets - Les Pr\u00e9s d&#039;Eug\u00e9nie - Maison Gu\u00e9rard\" \/>\n<meta property=\"og:description\" content=\"Author : Michel Gu\u00e9rard\u00a0with the\u00a0collaboration\u00a0of Christine Gu\u00e9rard Photographer :\u00a0Claude Prigent, Martine Archambault, Zeteny, Fran\u00e7ois Roboth, Gianfranco Gorgoni-Gamma, Darren Franka, Emil Perauer, &quot;Le p\u00e2tissier moderne&quot;, Life Time Magazine Release Date : 29\/11\/2016 Publisher :\u00a0Sud Ouest Gourmand Number\u00a0of Pages : 144 Format : 17 cm x 24 cm\" \/>\n<meta property=\"og:url\" content=\"https:\/\/lespresdeugenie.com\/en\/product\/mots-et-mets\/\" \/>\n<meta property=\"og:site_name\" content=\"Les Pr\u00e9s d&#039;Eug\u00e9nie\" \/>\n<meta property=\"article:publisher\" content=\"https:\/\/www.facebook.com\/LesPresdEugenie\/\" \/>\n<meta property=\"article:modified_time\" content=\"2021-01-07T09:51:38+00:00\" \/>\n<meta property=\"og:image\" content=\"https:\/\/lespresdeugenie.com\/wp-content\/uploads\/2018\/08\/SEUIL-Mots-Mets.jpg\" \/>\n\t<meta property=\"og:image:width\" content=\"1500\" \/>\n\t<meta property=\"og:image:height\" content=\"1500\" \/>\n\t<meta property=\"og:image:type\" content=\"image\/jpeg\" \/>\n<meta name=\"twitter:card\" content=\"summary_large_image\" \/>\n<script type=\"application\/ld+json\" class=\"yoast-schema-graph\">{\"@context\":\"https:\/\/schema.org\",\"@graph\":[{\"@type\":\"WebPage\",\"@id\":\"https:\/\/lespresdeugenie.com\/en\/product\/mots-et-mets\/\",\"url\":\"https:\/\/lespresdeugenie.com\/en\/product\/mots-et-mets\/\",\"name\":\"Mots et Mets - Les Pr\u00e9s d&#039;Eug\u00e9nie - Maison Gu\u00e9rard\",\"isPartOf\":{\"@id\":\"https:\/\/lespresdeugenie.com\/#website\"},\"primaryImageOfPage\":{\"@id\":\"https:\/\/lespresdeugenie.com\/en\/product\/mots-et-mets\/#primaryimage\"},\"image\":{\"@id\":\"https:\/\/lespresdeugenie.com\/en\/product\/mots-et-mets\/#primaryimage\"},\"thumbnailUrl\":\"https:\/\/lespresdeugenie.com\/wp-content\/uploads\/2018\/08\/SEUIL-Mots-Mets.jpg\",\"datePublished\":\"2018-08-14T08:31:17+00:00\",\"dateModified\":\"2021-01-07T09:51:38+00:00\",\"description\":\"Author : Michel Gu\u00e9rard\u00a0with the\u00a0collaboration\u00a0of Christine Gu\u00e9rard Photographer :\u00a0Claude Prigent, Martine Archambault, Zeteny, Fran\u00e7ois Roboth, Gianfranco Gorgoni-Gamma, Darren Franka, Emil Perauer, \\\"Le p\u00e2tissier moderne\\\", Life Time Magazine Release Date : 29\/11\/2016 Publisher :\u00a0Sud Ouest Gourmand Number\u00a0of Pages : 144 Format : 17 cm x 24 cm\",\"breadcrumb\":{\"@id\":\"https:\/\/lespresdeugenie.com\/en\/product\/mots-et-mets\/#breadcrumb\"},\"inLanguage\":\"en-US\",\"potentialAction\":[{\"@type\":\"ReadAction\",\"target\":[\"https:\/\/lespresdeugenie.com\/en\/product\/mots-et-mets\/\"]}]},{\"@type\":\"ImageObject\",\"inLanguage\":\"en-US\",\"@id\":\"https:\/\/lespresdeugenie.com\/en\/product\/mots-et-mets\/#primaryimage\",\"url\":\"https:\/\/lespresdeugenie.com\/wp-content\/uploads\/2018\/08\/SEUIL-Mots-Mets.jpg\",\"contentUrl\":\"https:\/\/lespresdeugenie.com\/wp-content\/uploads\/2018\/08\/SEUIL-Mots-Mets.jpg\",\"width\":1500,\"height\":1500},{\"@type\":\"BreadcrumbList\",\"@id\":\"https:\/\/lespresdeugenie.com\/en\/product\/mots-et-mets\/#breadcrumb\",\"itemListElement\":[{\"@type\":\"ListItem\",\"position\":1,\"name\":\"Home\",\"item\":\"https:\/\/lespresdeugenie.com\/en\/\"},{\"@type\":\"ListItem\",\"position\":2,\"name\":\"Shop\",\"item\":\"https:\/\/lespresdeugenie.com\/en\/shop\/\"},{\"@type\":\"ListItem\",\"position\":3,\"name\":\"Mots et Mets\"}]},{\"@type\":\"WebSite\",\"@id\":\"https:\/\/lespresdeugenie.com\/#website\",\"url\":\"https:\/\/lespresdeugenie.com\/\",\"name\":\"Les Pr\u00e9s d'Eugenie - Maison Gu\u00e9rard\",\"description\":\"Maison Gu\u00e9rard\",\"publisher\":{\"@id\":\"https:\/\/lespresdeugenie.com\/#organization\"},\"alternateName\":\"LPDE\",\"potentialAction\":[{\"@type\":\"SearchAction\",\"target\":{\"@type\":\"EntryPoint\",\"urlTemplate\":\"https:\/\/lespresdeugenie.com\/?s={search_term_string}\"},\"query-input\":{\"@type\":\"PropertyValueSpecification\",\"valueRequired\":true,\"valueName\":\"search_term_string\"}}],\"inLanguage\":\"en-US\"},{\"@type\":\"Organization\",\"@id\":\"https:\/\/lespresdeugenie.com\/#organization\",\"name\":\"Les Pr\u00e9s d'Eugenie - Maison Gu\u00e9rard\",\"url\":\"https:\/\/lespresdeugenie.com\/\",\"logo\":{\"@type\":\"ImageObject\",\"inLanguage\":\"en-US\",\"@id\":\"https:\/\/lespresdeugenie.com\/#\/schema\/logo\/image\/\",\"url\":\"https:\/\/lespresdeugenie.com\/wp-content\/uploads\/2022\/12\/les-pres-eugenie-logo-1.png\",\"contentUrl\":\"https:\/\/lespresdeugenie.com\/wp-content\/uploads\/2022\/12\/les-pres-eugenie-logo-1.png\",\"width\":269,\"height\":60,\"caption\":\"Les Pr\u00e9s d'Eugenie - Maison Gu\u00e9rard\"},\"image\":{\"@id\":\"https:\/\/lespresdeugenie.com\/#\/schema\/logo\/image\/\"},\"sameAs\":[\"https:\/\/www.facebook.com\/LesPresdEugenie\/\",\"https:\/\/www.instagram.com\/maisons_guerard\/?hl=fr\",\"https:\/\/fr.linkedin.com\/company\/les-pres-d'eugenie\"]}]}<\/script>\n<!-- \/ Yoast SEO plugin. -->","yoast_head_json":{"title":"Mots et Mets - Les Pr\u00e9s d&#039;Eug\u00e9nie - Maison Gu\u00e9rard","description":"Author : Michel Gu\u00e9rard\u00a0with the\u00a0collaboration\u00a0of Christine Gu\u00e9rard Photographer :\u00a0Claude Prigent, Martine Archambault, Zeteny, Fran\u00e7ois Roboth, Gianfranco Gorgoni-Gamma, Darren Franka, Emil Perauer, \"Le p\u00e2tissier moderne\", Life Time Magazine Release Date : 29\/11\/2016 Publisher :\u00a0Sud Ouest Gourmand Number\u00a0of Pages : 144 Format : 17 cm x 24 cm","robots":{"index":"index","follow":"follow","max-snippet":"max-snippet:-1","max-image-preview":"max-image-preview:large","max-video-preview":"max-video-preview:-1"},"canonical":"https:\/\/lespresdeugenie.com\/en\/product\/mots-et-mets\/","og_locale":"en_US","og_type":"article","og_title":"Mots et Mets - Les Pr\u00e9s d&#039;Eug\u00e9nie - Maison Gu\u00e9rard","og_description":"Author : Michel Gu\u00e9rard\u00a0with the\u00a0collaboration\u00a0of Christine Gu\u00e9rard Photographer :\u00a0Claude Prigent, Martine Archambault, Zeteny, Fran\u00e7ois Roboth, Gianfranco Gorgoni-Gamma, Darren Franka, Emil Perauer, \"Le p\u00e2tissier moderne\", Life Time Magazine Release Date : 29\/11\/2016 Publisher :\u00a0Sud Ouest Gourmand Number\u00a0of Pages : 144 Format : 17 cm x 24 cm","og_url":"https:\/\/lespresdeugenie.com\/en\/product\/mots-et-mets\/","og_site_name":"Les Pr\u00e9s d&#039;Eug\u00e9nie","article_publisher":"https:\/\/www.facebook.com\/LesPresdEugenie\/","article_modified_time":"2021-01-07T09:51:38+00:00","og_image":[{"width":1500,"height":1500,"url":"https:\/\/lespresdeugenie.com\/wp-content\/uploads\/2018\/08\/SEUIL-Mots-Mets.jpg","type":"image\/jpeg"}],"twitter_card":"summary_large_image","schema":{"@context":"https:\/\/schema.org","@graph":[{"@type":"WebPage","@id":"https:\/\/lespresdeugenie.com\/en\/product\/mots-et-mets\/","url":"https:\/\/lespresdeugenie.com\/en\/product\/mots-et-mets\/","name":"Mots et Mets - Les Pr\u00e9s d&#039;Eug\u00e9nie - Maison Gu\u00e9rard","isPartOf":{"@id":"https:\/\/lespresdeugenie.com\/#website"},"primaryImageOfPage":{"@id":"https:\/\/lespresdeugenie.com\/en\/product\/mots-et-mets\/#primaryimage"},"image":{"@id":"https:\/\/lespresdeugenie.com\/en\/product\/mots-et-mets\/#primaryimage"},"thumbnailUrl":"https:\/\/lespresdeugenie.com\/wp-content\/uploads\/2018\/08\/SEUIL-Mots-Mets.jpg","datePublished":"2018-08-14T08:31:17+00:00","dateModified":"2021-01-07T09:51:38+00:00","description":"Author : Michel Gu\u00e9rard\u00a0with the\u00a0collaboration\u00a0of Christine Gu\u00e9rard Photographer :\u00a0Claude Prigent, Martine Archambault, Zeteny, Fran\u00e7ois Roboth, Gianfranco Gorgoni-Gamma, Darren Franka, Emil Perauer, \"Le p\u00e2tissier moderne\", Life Time Magazine Release Date : 29\/11\/2016 Publisher :\u00a0Sud Ouest Gourmand Number\u00a0of Pages : 144 Format : 17 cm x 24 cm","breadcrumb":{"@id":"https:\/\/lespresdeugenie.com\/en\/product\/mots-et-mets\/#breadcrumb"},"inLanguage":"en-US","potentialAction":[{"@type":"ReadAction","target":["https:\/\/lespresdeugenie.com\/en\/product\/mots-et-mets\/"]}]},{"@type":"ImageObject","inLanguage":"en-US","@id":"https:\/\/lespresdeugenie.com\/en\/product\/mots-et-mets\/#primaryimage","url":"https:\/\/lespresdeugenie.com\/wp-content\/uploads\/2018\/08\/SEUIL-Mots-Mets.jpg","contentUrl":"https:\/\/lespresdeugenie.com\/wp-content\/uploads\/2018\/08\/SEUIL-Mots-Mets.jpg","width":1500,"height":1500},{"@type":"BreadcrumbList","@id":"https:\/\/lespresdeugenie.com\/en\/product\/mots-et-mets\/#breadcrumb","itemListElement":[{"@type":"ListItem","position":1,"name":"Home","item":"https:\/\/lespresdeugenie.com\/en\/"},{"@type":"ListItem","position":2,"name":"Shop","item":"https:\/\/lespresdeugenie.com\/en\/shop\/"},{"@type":"ListItem","position":3,"name":"Mots et Mets"}]},{"@type":"WebSite","@id":"https:\/\/lespresdeugenie.com\/#website","url":"https:\/\/lespresdeugenie.com\/","name":"Les Pr\u00e9s d'Eugenie - Maison Gu\u00e9rard","description":"Maison Gu\u00e9rard","publisher":{"@id":"https:\/\/lespresdeugenie.com\/#organization"},"alternateName":"LPDE","potentialAction":[{"@type":"SearchAction","target":{"@type":"EntryPoint","urlTemplate":"https:\/\/lespresdeugenie.com\/?s={search_term_string}"},"query-input":{"@type":"PropertyValueSpecification","valueRequired":true,"valueName":"search_term_string"}}],"inLanguage":"en-US"},{"@type":"Organization","@id":"https:\/\/lespresdeugenie.com\/#organization","name":"Les Pr\u00e9s d'Eugenie - Maison Gu\u00e9rard","url":"https:\/\/lespresdeugenie.com\/","logo":{"@type":"ImageObject","inLanguage":"en-US","@id":"https:\/\/lespresdeugenie.com\/#\/schema\/logo\/image\/","url":"https:\/\/lespresdeugenie.com\/wp-content\/uploads\/2022\/12\/les-pres-eugenie-logo-1.png","contentUrl":"https:\/\/lespresdeugenie.com\/wp-content\/uploads\/2022\/12\/les-pres-eugenie-logo-1.png","width":269,"height":60,"caption":"Les Pr\u00e9s d'Eugenie - Maison Gu\u00e9rard"},"image":{"@id":"https:\/\/lespresdeugenie.com\/#\/schema\/logo\/image\/"},"sameAs":["https:\/\/www.facebook.com\/LesPresdEugenie\/","https:\/\/www.instagram.com\/maisons_guerard\/?hl=fr","https:\/\/fr.linkedin.com\/company\/les-pres-d'eugenie"]}]}},"_links":{"self":[{"href":"https:\/\/lespresdeugenie.com\/en\/wp-json\/wp\/v2\/product\/681","targetHints":{"allow":["GET"]}}],"collection":[{"href":"https:\/\/lespresdeugenie.com\/en\/wp-json\/wp\/v2\/product"}],"about":[{"href":"https:\/\/lespresdeugenie.com\/en\/wp-json\/wp\/v2\/types\/product"}],"wp:featuredmedia":[{"embeddable":true,"href":"https:\/\/lespresdeugenie.com\/en\/wp-json\/wp\/v2\/media\/1549"}],"wp:attachment":[{"href":"https:\/\/lespresdeugenie.com\/en\/wp-json\/wp\/v2\/media?parent=681"}],"wp:term":[{"taxonomy":"product_brand","embeddable":true,"href":"https:\/\/lespresdeugenie.com\/en\/wp-json\/wp\/v2\/product_brand?post=681"},{"taxonomy":"product_cat","embeddable":true,"href":"https:\/\/lespresdeugenie.com\/en\/wp-json\/wp\/v2\/product_cat?post=681"},{"taxonomy":"product_tag","embeddable":true,"href":"https:\/\/lespresdeugenie.com\/en\/wp-json\/wp\/v2\/product_tag?post=681"}],"curies":[{"name":"wp","href":"https:\/\/api.w.org\/{rel}","templated":true}]}}