{"id":683,"date":"2018-08-14T10:33:11","date_gmt":"2018-08-14T08:33:11","guid":{"rendered":"https:\/\/lespresdeugenie.com\/produit\/best-of-michel-guerard-in-french\/"},"modified":"2021-01-07T10:50:06","modified_gmt":"2021-01-07T09:50:06","slug":"best-of-michel-guerard-in-french","status":"publish","type":"product","link":"https:\/\/lespresdeugenie.com\/en\/product\/best-of-michel-guerard-in-french\/","title":{"rendered":"Best of Michel Gu\u00e9rard (in french)"},"content":{"rendered":"<p>With the Best of Michel Gu\u00e9rard, discover the Cuisine of this great Chef. Using illustrated step\u00a0by step,\u00a0become an expert in\u00a0all the gestures and techniques that will enable you to succeed in producing his ten most iconic recipes : tsarina egg with caviar, soft pillow of morels and wild mushrooms, lobster roasted and lightly smoked in the hearth&#8230;<\/p>\n","protected":false},"excerpt":{"rendered":"<p><strong>Author<\/strong>\u00a0: Michel Gu\u00e9rard<br \/>\n<strong>Photographers<\/strong>\u00a0:\u00a0Rina Nurra, St\u00e9phane de Bourgies<br \/>\n<strong>Release Date<\/strong>\u00a0: 18\/11\/2015<br \/>\n<strong>Publisher<\/strong>\u00a0: Alain Ducasse<br \/>\n<strong>Number of\u00a0Pages<\/strong>\u00a0:\u00a0108<br \/>\n<strong>Format<\/strong>\u00a0: 19 cm x 24 cm<\/p>\n","protected":false},"featured_media":1493,"template":"","meta":{"_acf_changed":false},"product_brand":[],"product_cat":[92],"product_tag":[],"class_list":{"0":"post-683","1":"product","2":"type-product","3":"status-publish","4":"has-post-thumbnail","6":"product_cat-books","7":"product_shipping_class-classe-1-en","9":"first","10":"instock","11":"shipping-taxable","12":"purchasable","13":"product-type-simple","14":"add-to-wishlist-before_image"},"acf":[],"yoast_head":"<!-- This site is optimized with the Yoast SEO plugin v26.7 - https:\/\/yoast.com\/wordpress\/plugins\/seo\/ -->\n<title>Best of Michel Gu\u00e9rard (in french) - Les Pr\u00e9s d&#039;Eug\u00e9nie - Maison Gu\u00e9rard<\/title>\n<meta name=\"description\" content=\"Author\u00a0: Michel Gu\u00e9rard Photographers\u00a0:\u00a0Rina Nurra, St\u00e9phane de Bourgies Release Date\u00a0: 18\/11\/2015 Publisher\u00a0: Alain Ducasse Number of\u00a0Pages\u00a0:\u00a0108 Format\u00a0: 19 cm x 24 cm\" \/>\n<meta name=\"robots\" content=\"index, follow, max-snippet:-1, max-image-preview:large, max-video-preview:-1\" \/>\n<link rel=\"canonical\" href=\"https:\/\/lespresdeugenie.com\/en\/product\/best-of-michel-guerard-in-french\/\" \/>\n<meta property=\"og:locale\" content=\"en_US\" \/>\n<meta property=\"og:type\" content=\"article\" \/>\n<meta property=\"og:title\" content=\"Best of Michel Gu\u00e9rard (in french) - Les Pr\u00e9s d&#039;Eug\u00e9nie - Maison Gu\u00e9rard\" \/>\n<meta property=\"og:description\" content=\"Author\u00a0: Michel Gu\u00e9rard Photographers\u00a0:\u00a0Rina Nurra, St\u00e9phane de Bourgies Release Date\u00a0: 18\/11\/2015 Publisher\u00a0: Alain Ducasse Number of\u00a0Pages\u00a0:\u00a0108 Format\u00a0: 19 cm x 24 cm\" \/>\n<meta property=\"og:url\" content=\"https:\/\/lespresdeugenie.com\/en\/product\/best-of-michel-guerard-in-french\/\" \/>\n<meta property=\"og:site_name\" content=\"Les Pr\u00e9s d&#039;Eug\u00e9nie\" \/>\n<meta property=\"article:publisher\" content=\"https:\/\/www.facebook.com\/LesPresdEugenie\/\" \/>\n<meta property=\"article:modified_time\" content=\"2021-01-07T09:50:06+00:00\" \/>\n<meta property=\"og:image\" content=\"https:\/\/lespresdeugenie.com\/wp-content\/uploads\/2018\/08\/livres_michel_guerard.jpg\" \/>\n\t<meta property=\"og:image:width\" content=\"1500\" \/>\n\t<meta property=\"og:image:height\" content=\"1500\" \/>\n\t<meta property=\"og:image:type\" content=\"image\/jpeg\" \/>\n<meta name=\"twitter:card\" content=\"summary_large_image\" \/>\n<script type=\"application\/ld+json\" class=\"yoast-schema-graph\">{\"@context\":\"https:\/\/schema.org\",\"@graph\":[{\"@type\":\"WebPage\",\"@id\":\"https:\/\/lespresdeugenie.com\/en\/product\/best-of-michel-guerard-in-french\/\",\"url\":\"https:\/\/lespresdeugenie.com\/en\/product\/best-of-michel-guerard-in-french\/\",\"name\":\"Best of Michel Gu\u00e9rard (in french) - Les Pr\u00e9s d&#039;Eug\u00e9nie - Maison Gu\u00e9rard\",\"isPartOf\":{\"@id\":\"https:\/\/lespresdeugenie.com\/#website\"},\"primaryImageOfPage\":{\"@id\":\"https:\/\/lespresdeugenie.com\/en\/product\/best-of-michel-guerard-in-french\/#primaryimage\"},\"image\":{\"@id\":\"https:\/\/lespresdeugenie.com\/en\/product\/best-of-michel-guerard-in-french\/#primaryimage\"},\"thumbnailUrl\":\"https:\/\/lespresdeugenie.com\/wp-content\/uploads\/2018\/08\/livres_michel_guerard.jpg\",\"datePublished\":\"2018-08-14T08:33:11+00:00\",\"dateModified\":\"2021-01-07T09:50:06+00:00\",\"description\":\"Author\u00a0: Michel Gu\u00e9rard Photographers\u00a0:\u00a0Rina Nurra, St\u00e9phane de Bourgies Release Date\u00a0: 18\/11\/2015 Publisher\u00a0: Alain Ducasse Number of\u00a0Pages\u00a0:\u00a0108 Format\u00a0: 19 cm x 24 cm\",\"breadcrumb\":{\"@id\":\"https:\/\/lespresdeugenie.com\/en\/product\/best-of-michel-guerard-in-french\/#breadcrumb\"},\"inLanguage\":\"en-US\",\"potentialAction\":[{\"@type\":\"ReadAction\",\"target\":[\"https:\/\/lespresdeugenie.com\/en\/product\/best-of-michel-guerard-in-french\/\"]}]},{\"@type\":\"ImageObject\",\"inLanguage\":\"en-US\",\"@id\":\"https:\/\/lespresdeugenie.com\/en\/product\/best-of-michel-guerard-in-french\/#primaryimage\",\"url\":\"https:\/\/lespresdeugenie.com\/wp-content\/uploads\/2018\/08\/livres_michel_guerard.jpg\",\"contentUrl\":\"https:\/\/lespresdeugenie.com\/wp-content\/uploads\/2018\/08\/livres_michel_guerard.jpg\",\"width\":1500,\"height\":1500},{\"@type\":\"BreadcrumbList\",\"@id\":\"https:\/\/lespresdeugenie.com\/en\/product\/best-of-michel-guerard-in-french\/#breadcrumb\",\"itemListElement\":[{\"@type\":\"ListItem\",\"position\":1,\"name\":\"Home\",\"item\":\"https:\/\/lespresdeugenie.com\/en\/\"},{\"@type\":\"ListItem\",\"position\":2,\"name\":\"Shop\",\"item\":\"https:\/\/lespresdeugenie.com\/en\/shop\/\"},{\"@type\":\"ListItem\",\"position\":3,\"name\":\"Best of Michel Gu\u00e9rard (in french)\"}]},{\"@type\":\"WebSite\",\"@id\":\"https:\/\/lespresdeugenie.com\/#website\",\"url\":\"https:\/\/lespresdeugenie.com\/\",\"name\":\"Les Pr\u00e9s d'Eugenie - Maison Gu\u00e9rard\",\"description\":\"Maison Gu\u00e9rard\",\"publisher\":{\"@id\":\"https:\/\/lespresdeugenie.com\/#organization\"},\"alternateName\":\"LPDE\",\"potentialAction\":[{\"@type\":\"SearchAction\",\"target\":{\"@type\":\"EntryPoint\",\"urlTemplate\":\"https:\/\/lespresdeugenie.com\/?s={search_term_string}\"},\"query-input\":{\"@type\":\"PropertyValueSpecification\",\"valueRequired\":true,\"valueName\":\"search_term_string\"}}],\"inLanguage\":\"en-US\"},{\"@type\":\"Organization\",\"@id\":\"https:\/\/lespresdeugenie.com\/#organization\",\"name\":\"Les Pr\u00e9s d'Eugenie - Maison Gu\u00e9rard\",\"url\":\"https:\/\/lespresdeugenie.com\/\",\"logo\":{\"@type\":\"ImageObject\",\"inLanguage\":\"en-US\",\"@id\":\"https:\/\/lespresdeugenie.com\/#\/schema\/logo\/image\/\",\"url\":\"https:\/\/lespresdeugenie.com\/wp-content\/uploads\/2022\/12\/les-pres-eugenie-logo-1.png\",\"contentUrl\":\"https:\/\/lespresdeugenie.com\/wp-content\/uploads\/2022\/12\/les-pres-eugenie-logo-1.png\",\"width\":269,\"height\":60,\"caption\":\"Les Pr\u00e9s d'Eugenie - Maison Gu\u00e9rard\"},\"image\":{\"@id\":\"https:\/\/lespresdeugenie.com\/#\/schema\/logo\/image\/\"},\"sameAs\":[\"https:\/\/www.facebook.com\/LesPresdEugenie\/\",\"https:\/\/www.instagram.com\/maisons_guerard\/?hl=fr\",\"https:\/\/fr.linkedin.com\/company\/les-pres-d'eugenie\"]}]}<\/script>\n<!-- \/ Yoast SEO plugin. -->","yoast_head_json":{"title":"Best of Michel Gu\u00e9rard (in french) - Les Pr\u00e9s d&#039;Eug\u00e9nie - Maison Gu\u00e9rard","description":"Author\u00a0: Michel Gu\u00e9rard Photographers\u00a0:\u00a0Rina Nurra, St\u00e9phane de Bourgies Release Date\u00a0: 18\/11\/2015 Publisher\u00a0: Alain Ducasse Number of\u00a0Pages\u00a0:\u00a0108 Format\u00a0: 19 cm x 24 cm","robots":{"index":"index","follow":"follow","max-snippet":"max-snippet:-1","max-image-preview":"max-image-preview:large","max-video-preview":"max-video-preview:-1"},"canonical":"https:\/\/lespresdeugenie.com\/en\/product\/best-of-michel-guerard-in-french\/","og_locale":"en_US","og_type":"article","og_title":"Best of Michel Gu\u00e9rard (in french) - Les Pr\u00e9s d&#039;Eug\u00e9nie - Maison Gu\u00e9rard","og_description":"Author\u00a0: Michel Gu\u00e9rard Photographers\u00a0:\u00a0Rina Nurra, St\u00e9phane de Bourgies Release Date\u00a0: 18\/11\/2015 Publisher\u00a0: Alain Ducasse Number of\u00a0Pages\u00a0:\u00a0108 Format\u00a0: 19 cm x 24 cm","og_url":"https:\/\/lespresdeugenie.com\/en\/product\/best-of-michel-guerard-in-french\/","og_site_name":"Les Pr\u00e9s d&#039;Eug\u00e9nie","article_publisher":"https:\/\/www.facebook.com\/LesPresdEugenie\/","article_modified_time":"2021-01-07T09:50:06+00:00","og_image":[{"width":1500,"height":1500,"url":"https:\/\/lespresdeugenie.com\/wp-content\/uploads\/2018\/08\/livres_michel_guerard.jpg","type":"image\/jpeg"}],"twitter_card":"summary_large_image","schema":{"@context":"https:\/\/schema.org","@graph":[{"@type":"WebPage","@id":"https:\/\/lespresdeugenie.com\/en\/product\/best-of-michel-guerard-in-french\/","url":"https:\/\/lespresdeugenie.com\/en\/product\/best-of-michel-guerard-in-french\/","name":"Best of Michel Gu\u00e9rard (in french) - Les Pr\u00e9s d&#039;Eug\u00e9nie - Maison Gu\u00e9rard","isPartOf":{"@id":"https:\/\/lespresdeugenie.com\/#website"},"primaryImageOfPage":{"@id":"https:\/\/lespresdeugenie.com\/en\/product\/best-of-michel-guerard-in-french\/#primaryimage"},"image":{"@id":"https:\/\/lespresdeugenie.com\/en\/product\/best-of-michel-guerard-in-french\/#primaryimage"},"thumbnailUrl":"https:\/\/lespresdeugenie.com\/wp-content\/uploads\/2018\/08\/livres_michel_guerard.jpg","datePublished":"2018-08-14T08:33:11+00:00","dateModified":"2021-01-07T09:50:06+00:00","description":"Author\u00a0: Michel Gu\u00e9rard Photographers\u00a0:\u00a0Rina Nurra, St\u00e9phane de Bourgies Release Date\u00a0: 18\/11\/2015 Publisher\u00a0: Alain Ducasse Number of\u00a0Pages\u00a0:\u00a0108 Format\u00a0: 19 cm x 24 cm","breadcrumb":{"@id":"https:\/\/lespresdeugenie.com\/en\/product\/best-of-michel-guerard-in-french\/#breadcrumb"},"inLanguage":"en-US","potentialAction":[{"@type":"ReadAction","target":["https:\/\/lespresdeugenie.com\/en\/product\/best-of-michel-guerard-in-french\/"]}]},{"@type":"ImageObject","inLanguage":"en-US","@id":"https:\/\/lespresdeugenie.com\/en\/product\/best-of-michel-guerard-in-french\/#primaryimage","url":"https:\/\/lespresdeugenie.com\/wp-content\/uploads\/2018\/08\/livres_michel_guerard.jpg","contentUrl":"https:\/\/lespresdeugenie.com\/wp-content\/uploads\/2018\/08\/livres_michel_guerard.jpg","width":1500,"height":1500},{"@type":"BreadcrumbList","@id":"https:\/\/lespresdeugenie.com\/en\/product\/best-of-michel-guerard-in-french\/#breadcrumb","itemListElement":[{"@type":"ListItem","position":1,"name":"Home","item":"https:\/\/lespresdeugenie.com\/en\/"},{"@type":"ListItem","position":2,"name":"Shop","item":"https:\/\/lespresdeugenie.com\/en\/shop\/"},{"@type":"ListItem","position":3,"name":"Best of Michel Gu\u00e9rard (in french)"}]},{"@type":"WebSite","@id":"https:\/\/lespresdeugenie.com\/#website","url":"https:\/\/lespresdeugenie.com\/","name":"Les Pr\u00e9s d'Eugenie - Maison Gu\u00e9rard","description":"Maison Gu\u00e9rard","publisher":{"@id":"https:\/\/lespresdeugenie.com\/#organization"},"alternateName":"LPDE","potentialAction":[{"@type":"SearchAction","target":{"@type":"EntryPoint","urlTemplate":"https:\/\/lespresdeugenie.com\/?s={search_term_string}"},"query-input":{"@type":"PropertyValueSpecification","valueRequired":true,"valueName":"search_term_string"}}],"inLanguage":"en-US"},{"@type":"Organization","@id":"https:\/\/lespresdeugenie.com\/#organization","name":"Les Pr\u00e9s d'Eugenie - Maison Gu\u00e9rard","url":"https:\/\/lespresdeugenie.com\/","logo":{"@type":"ImageObject","inLanguage":"en-US","@id":"https:\/\/lespresdeugenie.com\/#\/schema\/logo\/image\/","url":"https:\/\/lespresdeugenie.com\/wp-content\/uploads\/2022\/12\/les-pres-eugenie-logo-1.png","contentUrl":"https:\/\/lespresdeugenie.com\/wp-content\/uploads\/2022\/12\/les-pres-eugenie-logo-1.png","width":269,"height":60,"caption":"Les Pr\u00e9s d'Eugenie - Maison Gu\u00e9rard"},"image":{"@id":"https:\/\/lespresdeugenie.com\/#\/schema\/logo\/image\/"},"sameAs":["https:\/\/www.facebook.com\/LesPresdEugenie\/","https:\/\/www.instagram.com\/maisons_guerard\/?hl=fr","https:\/\/fr.linkedin.com\/company\/les-pres-d'eugenie"]}]}},"_links":{"self":[{"href":"https:\/\/lespresdeugenie.com\/en\/wp-json\/wp\/v2\/product\/683","targetHints":{"allow":["GET"]}}],"collection":[{"href":"https:\/\/lespresdeugenie.com\/en\/wp-json\/wp\/v2\/product"}],"about":[{"href":"https:\/\/lespresdeugenie.com\/en\/wp-json\/wp\/v2\/types\/product"}],"wp:featuredmedia":[{"embeddable":true,"href":"https:\/\/lespresdeugenie.com\/en\/wp-json\/wp\/v2\/media\/1493"}],"wp:attachment":[{"href":"https:\/\/lespresdeugenie.com\/en\/wp-json\/wp\/v2\/media?parent=683"}],"wp:term":[{"taxonomy":"product_brand","embeddable":true,"href":"https:\/\/lespresdeugenie.com\/en\/wp-json\/wp\/v2\/product_brand?post=683"},{"taxonomy":"product_cat","embeddable":true,"href":"https:\/\/lespresdeugenie.com\/en\/wp-json\/wp\/v2\/product_cat?post=683"},{"taxonomy":"product_tag","embeddable":true,"href":"https:\/\/lespresdeugenie.com\/en\/wp-json\/wp\/v2\/product_tag?post=683"}],"curies":[{"name":"wp","href":"https:\/\/api.w.org\/{rel}","templated":true}]}}