{"id":687,"date":"2018-08-14T10:36:51","date_gmt":"2018-08-14T08:36:51","guid":{"rendered":"https:\/\/lespresdeugenie.com\/produit\/la-grande-cuisine-minceur\/"},"modified":"2024-04-02T14:38:46","modified_gmt":"2024-04-02T12:38:46","slug":"la-grande-cuisine-minceur","status":"publish","type":"product","link":"https:\/\/lespresdeugenie.com\/en\/product\/la-grande-cuisine-minceur\/","title":{"rendered":"La Grande Cuisine Minceur"},"content":{"rendered":"<p>The publication in October 1976 of La Grande Cuisine minceur, the very first book in the collection, was a real bookstore event that all the media greeted.<\/p>\n<p>Initiator of the very concept of &#8220;slimming cuisine&#8221;, Michel Gu\u00e9rard is still considered today as the greatest chef of his time. Before him, when it came to diet, there was little concern for taste: it was practically paramedical treatment that had to be taken to lose weight&#8230;<\/p>\n<p>He has invented a new cuisine, whether &#8220;slimming&#8221; or &#8220;gourmet&#8221;, which always combines simplicity, taste and lightness without giving in to passing fashions. After having acquired and put into practice the most solid technical bases, he emerged from them to create new dishes according to his imagination and creative imagination. The only requirement is that a &#8220;meal must be a celebration&#8221;, but a celebration adapted to our times.<\/p>\n<p>In this founding book, he delivers recipes to make you dream and the keys to a new way of life.<\/p>\n<p>The recipes themselves are preceded by a real little treatise on cooking, blending and sauces: a perfectly clear and landmark summary of everything you should know before you even start cooking.<\/p>\n","protected":false},"excerpt":{"rendered":"<p><strong>Author\u00a0<\/strong>: Michel Gu\u00e9rard<br \/>\n<strong>Release Date<\/strong>\u00a0:\u00a004\/2009<br \/>\n<strong>Editor<\/strong>\u00a0:\u00a0Robert Laffont<br \/>\n<strong>Number of Pages<\/strong>\u00a0:\u00a0414<br \/>\n<strong>Format<\/strong>\u00a0:\u00a020 cm x\u00a014 cm<\/p>\n","protected":false},"featured_media":2963,"template":"","meta":{"_acf_changed":false},"product_brand":[],"product_cat":[92],"product_tag":[],"class_list":{"0":"post-687","1":"product","2":"type-product","3":"status-publish","4":"has-post-thumbnail","6":"product_cat-books","7":"product_shipping_class-classe-1-en","9":"first","10":"instock","11":"shipping-taxable","12":"purchasable","13":"product-type-simple","14":"add-to-wishlist-before_image"},"acf":[],"yoast_head":"<!-- This site is optimized with the Yoast SEO plugin v26.7 - https:\/\/yoast.com\/wordpress\/plugins\/seo\/ -->\n<title>La Grande Cuisine Minceur - Les Pr\u00e9s d&#039;Eug\u00e9nie - Maison Gu\u00e9rard<\/title>\n<meta name=\"description\" content=\"Author\u00a0: Michel Gu\u00e9rard Release Date\u00a0:\u00a004\/2009 Editor\u00a0:\u00a0Robert Laffont Number of Pages\u00a0:\u00a0414 Format\u00a0:\u00a020 cm x\u00a014 cm\" \/>\n<meta name=\"robots\" content=\"index, follow, max-snippet:-1, max-image-preview:large, max-video-preview:-1\" \/>\n<link rel=\"canonical\" href=\"https:\/\/lespresdeugenie.com\/en\/product\/la-grande-cuisine-minceur\/\" \/>\n<meta property=\"og:locale\" content=\"en_US\" \/>\n<meta property=\"og:type\" content=\"article\" \/>\n<meta property=\"og:title\" content=\"La Grande Cuisine Minceur - Les Pr\u00e9s d&#039;Eug\u00e9nie - Maison Gu\u00e9rard\" \/>\n<meta property=\"og:description\" content=\"Author\u00a0: Michel Gu\u00e9rard Release Date\u00a0:\u00a004\/2009 Editor\u00a0:\u00a0Robert Laffont Number of Pages\u00a0:\u00a0414 Format\u00a0:\u00a020 cm x\u00a014 cm\" \/>\n<meta property=\"og:url\" content=\"https:\/\/lespresdeugenie.com\/en\/product\/la-grande-cuisine-minceur\/\" \/>\n<meta property=\"og:site_name\" content=\"Les Pr\u00e9s d&#039;Eug\u00e9nie\" \/>\n<meta property=\"article:publisher\" content=\"https:\/\/www.facebook.com\/LesPresdEugenie\/\" \/>\n<meta property=\"article:modified_time\" content=\"2024-04-02T12:38:46+00:00\" \/>\n<meta property=\"og:image\" content=\"https:\/\/lespresdeugenie.com\/wp-content\/uploads\/2018\/08\/La-Grande-Cuisine-Minceur-michel-guerard-livre.jpg\" \/>\n\t<meta property=\"og:image:width\" content=\"1500\" \/>\n\t<meta property=\"og:image:height\" content=\"1500\" \/>\n\t<meta property=\"og:image:type\" content=\"image\/jpeg\" \/>\n<meta name=\"twitter:card\" content=\"summary_large_image\" \/>\n<meta name=\"twitter:label1\" content=\"Est. reading time\" \/>\n\t<meta name=\"twitter:data1\" content=\"1 minute\" \/>\n<script type=\"application\/ld+json\" class=\"yoast-schema-graph\">{\"@context\":\"https:\/\/schema.org\",\"@graph\":[{\"@type\":\"WebPage\",\"@id\":\"https:\/\/lespresdeugenie.com\/en\/product\/la-grande-cuisine-minceur\/\",\"url\":\"https:\/\/lespresdeugenie.com\/en\/product\/la-grande-cuisine-minceur\/\",\"name\":\"La Grande Cuisine Minceur - Les Pr\u00e9s d&#039;Eug\u00e9nie - Maison Gu\u00e9rard\",\"isPartOf\":{\"@id\":\"https:\/\/lespresdeugenie.com\/#website\"},\"primaryImageOfPage\":{\"@id\":\"https:\/\/lespresdeugenie.com\/en\/product\/la-grande-cuisine-minceur\/#primaryimage\"},\"image\":{\"@id\":\"https:\/\/lespresdeugenie.com\/en\/product\/la-grande-cuisine-minceur\/#primaryimage\"},\"thumbnailUrl\":\"https:\/\/lespresdeugenie.com\/wp-content\/uploads\/2018\/08\/La-Grande-Cuisine-Minceur-michel-guerard-livre.jpg\",\"datePublished\":\"2018-08-14T08:36:51+00:00\",\"dateModified\":\"2024-04-02T12:38:46+00:00\",\"description\":\"Author\u00a0: Michel Gu\u00e9rard Release Date\u00a0:\u00a004\/2009 Editor\u00a0:\u00a0Robert Laffont Number of Pages\u00a0:\u00a0414 Format\u00a0:\u00a020 cm x\u00a014 cm\",\"breadcrumb\":{\"@id\":\"https:\/\/lespresdeugenie.com\/en\/product\/la-grande-cuisine-minceur\/#breadcrumb\"},\"inLanguage\":\"en-US\",\"potentialAction\":[{\"@type\":\"ReadAction\",\"target\":[\"https:\/\/lespresdeugenie.com\/en\/product\/la-grande-cuisine-minceur\/\"]}]},{\"@type\":\"ImageObject\",\"inLanguage\":\"en-US\",\"@id\":\"https:\/\/lespresdeugenie.com\/en\/product\/la-grande-cuisine-minceur\/#primaryimage\",\"url\":\"https:\/\/lespresdeugenie.com\/wp-content\/uploads\/2018\/08\/La-Grande-Cuisine-Minceur-michel-guerard-livre.jpg\",\"contentUrl\":\"https:\/\/lespresdeugenie.com\/wp-content\/uploads\/2018\/08\/La-Grande-Cuisine-Minceur-michel-guerard-livre.jpg\",\"width\":1500,\"height\":1500},{\"@type\":\"BreadcrumbList\",\"@id\":\"https:\/\/lespresdeugenie.com\/en\/product\/la-grande-cuisine-minceur\/#breadcrumb\",\"itemListElement\":[{\"@type\":\"ListItem\",\"position\":1,\"name\":\"Home\",\"item\":\"https:\/\/lespresdeugenie.com\/en\/\"},{\"@type\":\"ListItem\",\"position\":2,\"name\":\"Shop\",\"item\":\"https:\/\/lespresdeugenie.com\/en\/shop\/\"},{\"@type\":\"ListItem\",\"position\":3,\"name\":\"La Grande Cuisine Minceur\"}]},{\"@type\":\"WebSite\",\"@id\":\"https:\/\/lespresdeugenie.com\/#website\",\"url\":\"https:\/\/lespresdeugenie.com\/\",\"name\":\"Les Pr\u00e9s d'Eugenie - Maison Gu\u00e9rard\",\"description\":\"Maison Gu\u00e9rard\",\"publisher\":{\"@id\":\"https:\/\/lespresdeugenie.com\/#organization\"},\"alternateName\":\"LPDE\",\"potentialAction\":[{\"@type\":\"SearchAction\",\"target\":{\"@type\":\"EntryPoint\",\"urlTemplate\":\"https:\/\/lespresdeugenie.com\/?s={search_term_string}\"},\"query-input\":{\"@type\":\"PropertyValueSpecification\",\"valueRequired\":true,\"valueName\":\"search_term_string\"}}],\"inLanguage\":\"en-US\"},{\"@type\":\"Organization\",\"@id\":\"https:\/\/lespresdeugenie.com\/#organization\",\"name\":\"Les Pr\u00e9s d'Eugenie - Maison Gu\u00e9rard\",\"url\":\"https:\/\/lespresdeugenie.com\/\",\"logo\":{\"@type\":\"ImageObject\",\"inLanguage\":\"en-US\",\"@id\":\"https:\/\/lespresdeugenie.com\/#\/schema\/logo\/image\/\",\"url\":\"https:\/\/lespresdeugenie.com\/wp-content\/uploads\/2022\/12\/les-pres-eugenie-logo-1.png\",\"contentUrl\":\"https:\/\/lespresdeugenie.com\/wp-content\/uploads\/2022\/12\/les-pres-eugenie-logo-1.png\",\"width\":269,\"height\":60,\"caption\":\"Les Pr\u00e9s d'Eugenie - Maison Gu\u00e9rard\"},\"image\":{\"@id\":\"https:\/\/lespresdeugenie.com\/#\/schema\/logo\/image\/\"},\"sameAs\":[\"https:\/\/www.facebook.com\/LesPresdEugenie\/\",\"https:\/\/www.instagram.com\/maisons_guerard\/?hl=fr\",\"https:\/\/fr.linkedin.com\/company\/les-pres-d'eugenie\"]}]}<\/script>\n<!-- \/ Yoast SEO plugin. -->","yoast_head_json":{"title":"La Grande Cuisine Minceur - Les Pr\u00e9s d&#039;Eug\u00e9nie - Maison Gu\u00e9rard","description":"Author\u00a0: Michel Gu\u00e9rard Release Date\u00a0:\u00a004\/2009 Editor\u00a0:\u00a0Robert Laffont Number of Pages\u00a0:\u00a0414 Format\u00a0:\u00a020 cm x\u00a014 cm","robots":{"index":"index","follow":"follow","max-snippet":"max-snippet:-1","max-image-preview":"max-image-preview:large","max-video-preview":"max-video-preview:-1"},"canonical":"https:\/\/lespresdeugenie.com\/en\/product\/la-grande-cuisine-minceur\/","og_locale":"en_US","og_type":"article","og_title":"La Grande Cuisine Minceur - Les Pr\u00e9s d&#039;Eug\u00e9nie - Maison Gu\u00e9rard","og_description":"Author\u00a0: Michel Gu\u00e9rard Release Date\u00a0:\u00a004\/2009 Editor\u00a0:\u00a0Robert Laffont Number of Pages\u00a0:\u00a0414 Format\u00a0:\u00a020 cm x\u00a014 cm","og_url":"https:\/\/lespresdeugenie.com\/en\/product\/la-grande-cuisine-minceur\/","og_site_name":"Les Pr\u00e9s d&#039;Eug\u00e9nie","article_publisher":"https:\/\/www.facebook.com\/LesPresdEugenie\/","article_modified_time":"2024-04-02T12:38:46+00:00","og_image":[{"width":1500,"height":1500,"url":"https:\/\/lespresdeugenie.com\/wp-content\/uploads\/2018\/08\/La-Grande-Cuisine-Minceur-michel-guerard-livre.jpg","type":"image\/jpeg"}],"twitter_card":"summary_large_image","twitter_misc":{"Est. reading time":"1 minute"},"schema":{"@context":"https:\/\/schema.org","@graph":[{"@type":"WebPage","@id":"https:\/\/lespresdeugenie.com\/en\/product\/la-grande-cuisine-minceur\/","url":"https:\/\/lespresdeugenie.com\/en\/product\/la-grande-cuisine-minceur\/","name":"La Grande Cuisine Minceur - Les Pr\u00e9s d&#039;Eug\u00e9nie - Maison Gu\u00e9rard","isPartOf":{"@id":"https:\/\/lespresdeugenie.com\/#website"},"primaryImageOfPage":{"@id":"https:\/\/lespresdeugenie.com\/en\/product\/la-grande-cuisine-minceur\/#primaryimage"},"image":{"@id":"https:\/\/lespresdeugenie.com\/en\/product\/la-grande-cuisine-minceur\/#primaryimage"},"thumbnailUrl":"https:\/\/lespresdeugenie.com\/wp-content\/uploads\/2018\/08\/La-Grande-Cuisine-Minceur-michel-guerard-livre.jpg","datePublished":"2018-08-14T08:36:51+00:00","dateModified":"2024-04-02T12:38:46+00:00","description":"Author\u00a0: Michel Gu\u00e9rard Release Date\u00a0:\u00a004\/2009 Editor\u00a0:\u00a0Robert Laffont Number of Pages\u00a0:\u00a0414 Format\u00a0:\u00a020 cm x\u00a014 cm","breadcrumb":{"@id":"https:\/\/lespresdeugenie.com\/en\/product\/la-grande-cuisine-minceur\/#breadcrumb"},"inLanguage":"en-US","potentialAction":[{"@type":"ReadAction","target":["https:\/\/lespresdeugenie.com\/en\/product\/la-grande-cuisine-minceur\/"]}]},{"@type":"ImageObject","inLanguage":"en-US","@id":"https:\/\/lespresdeugenie.com\/en\/product\/la-grande-cuisine-minceur\/#primaryimage","url":"https:\/\/lespresdeugenie.com\/wp-content\/uploads\/2018\/08\/La-Grande-Cuisine-Minceur-michel-guerard-livre.jpg","contentUrl":"https:\/\/lespresdeugenie.com\/wp-content\/uploads\/2018\/08\/La-Grande-Cuisine-Minceur-michel-guerard-livre.jpg","width":1500,"height":1500},{"@type":"BreadcrumbList","@id":"https:\/\/lespresdeugenie.com\/en\/product\/la-grande-cuisine-minceur\/#breadcrumb","itemListElement":[{"@type":"ListItem","position":1,"name":"Home","item":"https:\/\/lespresdeugenie.com\/en\/"},{"@type":"ListItem","position":2,"name":"Shop","item":"https:\/\/lespresdeugenie.com\/en\/shop\/"},{"@type":"ListItem","position":3,"name":"La Grande Cuisine Minceur"}]},{"@type":"WebSite","@id":"https:\/\/lespresdeugenie.com\/#website","url":"https:\/\/lespresdeugenie.com\/","name":"Les Pr\u00e9s d'Eugenie - Maison Gu\u00e9rard","description":"Maison Gu\u00e9rard","publisher":{"@id":"https:\/\/lespresdeugenie.com\/#organization"},"alternateName":"LPDE","potentialAction":[{"@type":"SearchAction","target":{"@type":"EntryPoint","urlTemplate":"https:\/\/lespresdeugenie.com\/?s={search_term_string}"},"query-input":{"@type":"PropertyValueSpecification","valueRequired":true,"valueName":"search_term_string"}}],"inLanguage":"en-US"},{"@type":"Organization","@id":"https:\/\/lespresdeugenie.com\/#organization","name":"Les Pr\u00e9s d'Eugenie - Maison Gu\u00e9rard","url":"https:\/\/lespresdeugenie.com\/","logo":{"@type":"ImageObject","inLanguage":"en-US","@id":"https:\/\/lespresdeugenie.com\/#\/schema\/logo\/image\/","url":"https:\/\/lespresdeugenie.com\/wp-content\/uploads\/2022\/12\/les-pres-eugenie-logo-1.png","contentUrl":"https:\/\/lespresdeugenie.com\/wp-content\/uploads\/2022\/12\/les-pres-eugenie-logo-1.png","width":269,"height":60,"caption":"Les Pr\u00e9s d'Eugenie - Maison Gu\u00e9rard"},"image":{"@id":"https:\/\/lespresdeugenie.com\/#\/schema\/logo\/image\/"},"sameAs":["https:\/\/www.facebook.com\/LesPresdEugenie\/","https:\/\/www.instagram.com\/maisons_guerard\/?hl=fr","https:\/\/fr.linkedin.com\/company\/les-pres-d'eugenie"]}]}},"_links":{"self":[{"href":"https:\/\/lespresdeugenie.com\/en\/wp-json\/wp\/v2\/product\/687","targetHints":{"allow":["GET"]}}],"collection":[{"href":"https:\/\/lespresdeugenie.com\/en\/wp-json\/wp\/v2\/product"}],"about":[{"href":"https:\/\/lespresdeugenie.com\/en\/wp-json\/wp\/v2\/types\/product"}],"wp:featuredmedia":[{"embeddable":true,"href":"https:\/\/lespresdeugenie.com\/en\/wp-json\/wp\/v2\/media\/2963"}],"wp:attachment":[{"href":"https:\/\/lespresdeugenie.com\/en\/wp-json\/wp\/v2\/media?parent=687"}],"wp:term":[{"taxonomy":"product_brand","embeddable":true,"href":"https:\/\/lespresdeugenie.com\/en\/wp-json\/wp\/v2\/product_brand?post=687"},{"taxonomy":"product_cat","embeddable":true,"href":"https:\/\/lespresdeugenie.com\/en\/wp-json\/wp\/v2\/product_cat?post=687"},{"taxonomy":"product_tag","embeddable":true,"href":"https:\/\/lespresdeugenie.com\/en\/wp-json\/wp\/v2\/product_tag?post=687"}],"curies":[{"name":"wp","href":"https:\/\/api.w.org\/{rel}","templated":true}]}}