{"id":693,"date":"2018-08-14T11:05:20","date_gmt":"2018-08-14T09:05:20","guid":{"rendered":"https:\/\/lespresdeugenie.com\/produit\/la-cuisine-gourmande\/"},"modified":"2024-04-02T14:40:23","modified_gmt":"2024-04-02T12:40:23","slug":"la-cuisine-gourmande","status":"publish","type":"product","link":"https:\/\/lespresdeugenie.com\/en\/product\/la-cuisine-gourmande\/","title":{"rendered":"La Cuisine Gourmande"},"content":{"rendered":"<p>After La Grande Cuisine minceur, it is now the turn of La Cuisine gourmande, its essential complement, to be reissued. Michel Gu\u00e9rard put his ideas within everyone&#8217;s reach by delivering his secrets in the clearest possible way.<\/p>\n<p>Some 150 recipes, surprisingly easy to make and mostly inexpensive, are presented here. Michel Gu\u00e9rard, thirty years ahead of schedule, offers us in particular recipes for croutons and sandwiches, tasty terrines, without forgetting his famous gourmet salad which had caused a scandal, because she dared to serve foie gras with vinaigrette. . .<\/p>\n<p>With a rigorous technique, balancing subtle flavours and respecting the right cooking, this is a legendary &#8220;gourmet cuisine&#8221;, all in lightness and harmony.<\/p>\n","protected":false},"excerpt":{"rendered":"<p><strong>Author <\/strong>: Michel Gu\u00e9rard<br \/>\n<strong>Release Date<\/strong>\u00a0:\u00a010\/2009<br \/>\n<strong>Editor<\/strong>\u00a0:\u00a0Robert Laffont<br \/>\n<strong>Number of Pages<\/strong>\u00a0:\u00a0528<br \/>\n<strong>Format<\/strong>\u00a0:\u00a020 cm x\u00a014 cm<\/p>\n","protected":false},"featured_media":2957,"template":"","meta":{"_acf_changed":false},"product_brand":[],"product_cat":[92],"product_tag":[],"class_list":{"0":"post-693","1":"product","2":"type-product","3":"status-publish","4":"has-post-thumbnail","6":"product_cat-books","7":"product_shipping_class-classe-1-en","9":"first","10":"instock","11":"shipping-taxable","12":"purchasable","13":"product-type-simple","14":"add-to-wishlist-before_image"},"acf":[],"yoast_head":"<!-- This site is optimized with the Yoast SEO plugin v26.7 - https:\/\/yoast.com\/wordpress\/plugins\/seo\/ -->\n<title>La Cuisine Gourmande - Les Pr\u00e9s d&#039;Eug\u00e9nie - Maison Gu\u00e9rard<\/title>\n<meta name=\"description\" content=\"Author : Michel Gu\u00e9rard Release Date\u00a0:\u00a010\/2009 Editor\u00a0:\u00a0Robert Laffont Number of Pages\u00a0:\u00a0528 Format\u00a0:\u00a020 cm x\u00a014 cm\" \/>\n<meta name=\"robots\" content=\"index, follow, max-snippet:-1, max-image-preview:large, max-video-preview:-1\" \/>\n<link rel=\"canonical\" href=\"https:\/\/lespresdeugenie.com\/en\/product\/la-cuisine-gourmande\/\" \/>\n<meta property=\"og:locale\" content=\"en_US\" \/>\n<meta property=\"og:type\" content=\"article\" \/>\n<meta property=\"og:title\" content=\"La Cuisine Gourmande - Les Pr\u00e9s d&#039;Eug\u00e9nie - Maison Gu\u00e9rard\" \/>\n<meta property=\"og:description\" content=\"Author : Michel Gu\u00e9rard Release Date\u00a0:\u00a010\/2009 Editor\u00a0:\u00a0Robert Laffont Number of Pages\u00a0:\u00a0528 Format\u00a0:\u00a020 cm x\u00a014 cm\" \/>\n<meta property=\"og:url\" content=\"https:\/\/lespresdeugenie.com\/en\/product\/la-cuisine-gourmande\/\" \/>\n<meta property=\"og:site_name\" content=\"Les Pr\u00e9s d&#039;Eug\u00e9nie\" \/>\n<meta property=\"article:publisher\" content=\"https:\/\/www.facebook.com\/LesPresdEugenie\/\" \/>\n<meta property=\"article:modified_time\" content=\"2024-04-02T12:40:23+00:00\" \/>\n<meta property=\"og:image\" content=\"https:\/\/lespresdeugenie.com\/wp-content\/uploads\/2018\/08\/La-Cuisine-Gourmande-michel-guerard-livre.jpg\" \/>\n\t<meta property=\"og:image:width\" content=\"1500\" \/>\n\t<meta property=\"og:image:height\" content=\"1500\" \/>\n\t<meta property=\"og:image:type\" content=\"image\/jpeg\" \/>\n<meta name=\"twitter:card\" content=\"summary_large_image\" \/>\n<meta name=\"twitter:label1\" content=\"Est. reading time\" \/>\n\t<meta name=\"twitter:data1\" content=\"1 minute\" \/>\n<script type=\"application\/ld+json\" class=\"yoast-schema-graph\">{\"@context\":\"https:\/\/schema.org\",\"@graph\":[{\"@type\":\"WebPage\",\"@id\":\"https:\/\/lespresdeugenie.com\/en\/product\/la-cuisine-gourmande\/\",\"url\":\"https:\/\/lespresdeugenie.com\/en\/product\/la-cuisine-gourmande\/\",\"name\":\"La Cuisine Gourmande - Les Pr\u00e9s d&#039;Eug\u00e9nie - Maison Gu\u00e9rard\",\"isPartOf\":{\"@id\":\"https:\/\/lespresdeugenie.com\/#website\"},\"primaryImageOfPage\":{\"@id\":\"https:\/\/lespresdeugenie.com\/en\/product\/la-cuisine-gourmande\/#primaryimage\"},\"image\":{\"@id\":\"https:\/\/lespresdeugenie.com\/en\/product\/la-cuisine-gourmande\/#primaryimage\"},\"thumbnailUrl\":\"https:\/\/lespresdeugenie.com\/wp-content\/uploads\/2018\/08\/La-Cuisine-Gourmande-michel-guerard-livre.jpg\",\"datePublished\":\"2018-08-14T09:05:20+00:00\",\"dateModified\":\"2024-04-02T12:40:23+00:00\",\"description\":\"Author : Michel Gu\u00e9rard Release Date\u00a0:\u00a010\/2009 Editor\u00a0:\u00a0Robert Laffont Number of Pages\u00a0:\u00a0528 Format\u00a0:\u00a020 cm x\u00a014 cm\",\"breadcrumb\":{\"@id\":\"https:\/\/lespresdeugenie.com\/en\/product\/la-cuisine-gourmande\/#breadcrumb\"},\"inLanguage\":\"en-US\",\"potentialAction\":[{\"@type\":\"ReadAction\",\"target\":[\"https:\/\/lespresdeugenie.com\/en\/product\/la-cuisine-gourmande\/\"]}]},{\"@type\":\"ImageObject\",\"inLanguage\":\"en-US\",\"@id\":\"https:\/\/lespresdeugenie.com\/en\/product\/la-cuisine-gourmande\/#primaryimage\",\"url\":\"https:\/\/lespresdeugenie.com\/wp-content\/uploads\/2018\/08\/La-Cuisine-Gourmande-michel-guerard-livre.jpg\",\"contentUrl\":\"https:\/\/lespresdeugenie.com\/wp-content\/uploads\/2018\/08\/La-Cuisine-Gourmande-michel-guerard-livre.jpg\",\"width\":1500,\"height\":1500},{\"@type\":\"BreadcrumbList\",\"@id\":\"https:\/\/lespresdeugenie.com\/en\/product\/la-cuisine-gourmande\/#breadcrumb\",\"itemListElement\":[{\"@type\":\"ListItem\",\"position\":1,\"name\":\"Home\",\"item\":\"https:\/\/lespresdeugenie.com\/en\/\"},{\"@type\":\"ListItem\",\"position\":2,\"name\":\"Shop\",\"item\":\"https:\/\/lespresdeugenie.com\/en\/shop\/\"},{\"@type\":\"ListItem\",\"position\":3,\"name\":\"La Cuisine Gourmande\"}]},{\"@type\":\"WebSite\",\"@id\":\"https:\/\/lespresdeugenie.com\/#website\",\"url\":\"https:\/\/lespresdeugenie.com\/\",\"name\":\"Les Pr\u00e9s d'Eugenie - Maison Gu\u00e9rard\",\"description\":\"Maison Gu\u00e9rard\",\"publisher\":{\"@id\":\"https:\/\/lespresdeugenie.com\/#organization\"},\"alternateName\":\"LPDE\",\"potentialAction\":[{\"@type\":\"SearchAction\",\"target\":{\"@type\":\"EntryPoint\",\"urlTemplate\":\"https:\/\/lespresdeugenie.com\/?s={search_term_string}\"},\"query-input\":{\"@type\":\"PropertyValueSpecification\",\"valueRequired\":true,\"valueName\":\"search_term_string\"}}],\"inLanguage\":\"en-US\"},{\"@type\":\"Organization\",\"@id\":\"https:\/\/lespresdeugenie.com\/#organization\",\"name\":\"Les Pr\u00e9s d'Eugenie - Maison Gu\u00e9rard\",\"url\":\"https:\/\/lespresdeugenie.com\/\",\"logo\":{\"@type\":\"ImageObject\",\"inLanguage\":\"en-US\",\"@id\":\"https:\/\/lespresdeugenie.com\/#\/schema\/logo\/image\/\",\"url\":\"https:\/\/lespresdeugenie.com\/wp-content\/uploads\/2022\/12\/les-pres-eugenie-logo-1.png\",\"contentUrl\":\"https:\/\/lespresdeugenie.com\/wp-content\/uploads\/2022\/12\/les-pres-eugenie-logo-1.png\",\"width\":269,\"height\":60,\"caption\":\"Les Pr\u00e9s d'Eugenie - Maison Gu\u00e9rard\"},\"image\":{\"@id\":\"https:\/\/lespresdeugenie.com\/#\/schema\/logo\/image\/\"},\"sameAs\":[\"https:\/\/www.facebook.com\/LesPresdEugenie\/\",\"https:\/\/www.instagram.com\/maisons_guerard\/?hl=fr\",\"https:\/\/fr.linkedin.com\/company\/les-pres-d'eugenie\"]}]}<\/script>\n<!-- \/ Yoast SEO plugin. -->","yoast_head_json":{"title":"La Cuisine Gourmande - Les Pr\u00e9s d&#039;Eug\u00e9nie - Maison Gu\u00e9rard","description":"Author : Michel Gu\u00e9rard Release Date\u00a0:\u00a010\/2009 Editor\u00a0:\u00a0Robert Laffont Number of Pages\u00a0:\u00a0528 Format\u00a0:\u00a020 cm x\u00a014 cm","robots":{"index":"index","follow":"follow","max-snippet":"max-snippet:-1","max-image-preview":"max-image-preview:large","max-video-preview":"max-video-preview:-1"},"canonical":"https:\/\/lespresdeugenie.com\/en\/product\/la-cuisine-gourmande\/","og_locale":"en_US","og_type":"article","og_title":"La Cuisine Gourmande - Les Pr\u00e9s d&#039;Eug\u00e9nie - Maison Gu\u00e9rard","og_description":"Author : Michel Gu\u00e9rard Release Date\u00a0:\u00a010\/2009 Editor\u00a0:\u00a0Robert Laffont Number of Pages\u00a0:\u00a0528 Format\u00a0:\u00a020 cm x\u00a014 cm","og_url":"https:\/\/lespresdeugenie.com\/en\/product\/la-cuisine-gourmande\/","og_site_name":"Les Pr\u00e9s d&#039;Eug\u00e9nie","article_publisher":"https:\/\/www.facebook.com\/LesPresdEugenie\/","article_modified_time":"2024-04-02T12:40:23+00:00","og_image":[{"width":1500,"height":1500,"url":"https:\/\/lespresdeugenie.com\/wp-content\/uploads\/2018\/08\/La-Cuisine-Gourmande-michel-guerard-livre.jpg","type":"image\/jpeg"}],"twitter_card":"summary_large_image","twitter_misc":{"Est. reading time":"1 minute"},"schema":{"@context":"https:\/\/schema.org","@graph":[{"@type":"WebPage","@id":"https:\/\/lespresdeugenie.com\/en\/product\/la-cuisine-gourmande\/","url":"https:\/\/lespresdeugenie.com\/en\/product\/la-cuisine-gourmande\/","name":"La Cuisine Gourmande - Les Pr\u00e9s d&#039;Eug\u00e9nie - Maison Gu\u00e9rard","isPartOf":{"@id":"https:\/\/lespresdeugenie.com\/#website"},"primaryImageOfPage":{"@id":"https:\/\/lespresdeugenie.com\/en\/product\/la-cuisine-gourmande\/#primaryimage"},"image":{"@id":"https:\/\/lespresdeugenie.com\/en\/product\/la-cuisine-gourmande\/#primaryimage"},"thumbnailUrl":"https:\/\/lespresdeugenie.com\/wp-content\/uploads\/2018\/08\/La-Cuisine-Gourmande-michel-guerard-livre.jpg","datePublished":"2018-08-14T09:05:20+00:00","dateModified":"2024-04-02T12:40:23+00:00","description":"Author : Michel Gu\u00e9rard Release Date\u00a0:\u00a010\/2009 Editor\u00a0:\u00a0Robert Laffont Number of Pages\u00a0:\u00a0528 Format\u00a0:\u00a020 cm x\u00a014 cm","breadcrumb":{"@id":"https:\/\/lespresdeugenie.com\/en\/product\/la-cuisine-gourmande\/#breadcrumb"},"inLanguage":"en-US","potentialAction":[{"@type":"ReadAction","target":["https:\/\/lespresdeugenie.com\/en\/product\/la-cuisine-gourmande\/"]}]},{"@type":"ImageObject","inLanguage":"en-US","@id":"https:\/\/lespresdeugenie.com\/en\/product\/la-cuisine-gourmande\/#primaryimage","url":"https:\/\/lespresdeugenie.com\/wp-content\/uploads\/2018\/08\/La-Cuisine-Gourmande-michel-guerard-livre.jpg","contentUrl":"https:\/\/lespresdeugenie.com\/wp-content\/uploads\/2018\/08\/La-Cuisine-Gourmande-michel-guerard-livre.jpg","width":1500,"height":1500},{"@type":"BreadcrumbList","@id":"https:\/\/lespresdeugenie.com\/en\/product\/la-cuisine-gourmande\/#breadcrumb","itemListElement":[{"@type":"ListItem","position":1,"name":"Home","item":"https:\/\/lespresdeugenie.com\/en\/"},{"@type":"ListItem","position":2,"name":"Shop","item":"https:\/\/lespresdeugenie.com\/en\/shop\/"},{"@type":"ListItem","position":3,"name":"La Cuisine Gourmande"}]},{"@type":"WebSite","@id":"https:\/\/lespresdeugenie.com\/#website","url":"https:\/\/lespresdeugenie.com\/","name":"Les Pr\u00e9s d'Eugenie - Maison Gu\u00e9rard","description":"Maison Gu\u00e9rard","publisher":{"@id":"https:\/\/lespresdeugenie.com\/#organization"},"alternateName":"LPDE","potentialAction":[{"@type":"SearchAction","target":{"@type":"EntryPoint","urlTemplate":"https:\/\/lespresdeugenie.com\/?s={search_term_string}"},"query-input":{"@type":"PropertyValueSpecification","valueRequired":true,"valueName":"search_term_string"}}],"inLanguage":"en-US"},{"@type":"Organization","@id":"https:\/\/lespresdeugenie.com\/#organization","name":"Les Pr\u00e9s d'Eugenie - Maison Gu\u00e9rard","url":"https:\/\/lespresdeugenie.com\/","logo":{"@type":"ImageObject","inLanguage":"en-US","@id":"https:\/\/lespresdeugenie.com\/#\/schema\/logo\/image\/","url":"https:\/\/lespresdeugenie.com\/wp-content\/uploads\/2022\/12\/les-pres-eugenie-logo-1.png","contentUrl":"https:\/\/lespresdeugenie.com\/wp-content\/uploads\/2022\/12\/les-pres-eugenie-logo-1.png","width":269,"height":60,"caption":"Les Pr\u00e9s d'Eugenie - Maison Gu\u00e9rard"},"image":{"@id":"https:\/\/lespresdeugenie.com\/#\/schema\/logo\/image\/"},"sameAs":["https:\/\/www.facebook.com\/LesPresdEugenie\/","https:\/\/www.instagram.com\/maisons_guerard\/?hl=fr","https:\/\/fr.linkedin.com\/company\/les-pres-d'eugenie"]}]}},"_links":{"self":[{"href":"https:\/\/lespresdeugenie.com\/en\/wp-json\/wp\/v2\/product\/693","targetHints":{"allow":["GET"]}}],"collection":[{"href":"https:\/\/lespresdeugenie.com\/en\/wp-json\/wp\/v2\/product"}],"about":[{"href":"https:\/\/lespresdeugenie.com\/en\/wp-json\/wp\/v2\/types\/product"}],"wp:featuredmedia":[{"embeddable":true,"href":"https:\/\/lespresdeugenie.com\/en\/wp-json\/wp\/v2\/media\/2957"}],"wp:attachment":[{"href":"https:\/\/lespresdeugenie.com\/en\/wp-json\/wp\/v2\/media?parent=693"}],"wp:term":[{"taxonomy":"product_brand","embeddable":true,"href":"https:\/\/lespresdeugenie.com\/en\/wp-json\/wp\/v2\/product_brand?post=693"},{"taxonomy":"product_cat","embeddable":true,"href":"https:\/\/lespresdeugenie.com\/en\/wp-json\/wp\/v2\/product_cat?post=693"},{"taxonomy":"product_tag","embeddable":true,"href":"https:\/\/lespresdeugenie.com\/en\/wp-json\/wp\/v2\/product_tag?post=693"}],"curies":[{"name":"wp","href":"https:\/\/api.w.org\/{rel}","templated":true}]}}