{"id":695,"date":"2018-08-14T11:07:10","date_gmt":"2018-08-14T09:07:10","guid":{"rendered":"https:\/\/lespresdeugenie.com\/produit\/minceur-essentielle-la-grande-cuisine-de-sante-in-french\/"},"modified":"2018-08-14T11:07:10","modified_gmt":"2018-08-14T09:07:10","slug":"minceur-essentielle-la-grande-cuisine-de-sante-in-french","status":"publish","type":"product","link":"https:\/\/lespresdeugenie.com\/en\/product\/minceur-essentielle-la-grande-cuisine-de-sante-in-french\/","title":{"rendered":"Minceur Essentielle \u2013 La Grande Cuisine de Sant\u00e9  (in french)"},"content":{"rendered":"<p>Michel Gu\u00e9rard has revolutionized helathy gourmet eating once again. For a new generation of figure-conscious lovers of fine food, <em>Eat Well and Stay Slim\u00a0: The Essential Cuisine Minceur<\/em> will become a book to live by.<\/p>\n<p>Michel Gu\u00e9rard&#8217;s book distills forty years of expertise into one extraordinary toolkit for eating well&#8230; and staying slim. Over 140 exquisite recipes fuse traditional flavours with the global influences that are redefining French cuisine, all with astonishingly low calorie counts.<\/p>\n<p><strong>A few\u00a0recipes\u00a0:<\/strong><\/p>\n<ul>\n<li>Light Vinaigrette<\/li>\n<li><\/li>\n<li>Chilled Vichyssoise\u00a0with a\u00a0Caviar\u00a0and Salmon\u00a0Tartare<\/li>\n<li>Tiramisu\u00a0of Tomato, Fresh Goat&#8217;s Cheese and\u00a0Basil<\/li>\n<li>Ceviche\u00a0of White Fish with\u00a0Mango and Ginger<\/li>\n<li>Warm Chicken Salad with Potatoes<\/li>\n<li>Escalopes of Monkfish with Saffron<\/li>\n<li>Veal and Prawn Burgers Venitian Style<\/li>\n<li>Cassoulet<\/li>\n<li>Tropical Meringue Floating Islands<\/li>\n<li>Chocolate\u00a0Souffl\u00e9<\/li>\n<\/ul>\n","protected":false},"excerpt":{"rendered":"<p><strong>Author<\/strong>\u00a0: Michel Gu\u00e9rard<br \/>\n<strong>Photographer<\/strong>\u00a0: Charlotte Lasc\u00e8ve<br \/>\n<strong>Release Date<\/strong>\u00a0: 02\/05\/2012<br \/>\n<strong>Publisher<\/strong>\u00a0: Albin Michel<br \/>\n<strong>Number\u00a0of Pages<\/strong>\u00a0: 376<br \/>\n<strong>Format<\/strong>\u00a0: 18 cm x 24 cm<\/p>\n","protected":false},"featured_media":1496,"template":"","meta":{"_acf_changed":false},"product_brand":[],"product_cat":[92],"product_tag":[],"class_list":{"0":"post-695","1":"product","2":"type-product","3":"status-publish","4":"has-post-thumbnail","6":"product_cat-books","7":"product_shipping_class-classe-1-en","9":"first","10":"instock","11":"shipping-taxable","12":"purchasable","13":"product-type-simple","14":"add-to-wishlist-before_image"},"acf":[],"yoast_head":"<!-- This site is optimized with the Yoast SEO plugin v26.7 - https:\/\/yoast.com\/wordpress\/plugins\/seo\/ -->\n<title>Minceur Essentielle \u2013 La Grande Cuisine de Sant\u00e9 (in french) - Les Pr\u00e9s d&#039;Eug\u00e9nie - Maison Gu\u00e9rard<\/title>\n<meta name=\"description\" content=\"Author\u00a0: Michel Gu\u00e9rard Photographer\u00a0: Charlotte Lasc\u00e8ve Release Date\u00a0: 02\/05\/2012 Publisher\u00a0: Albin Michel Number\u00a0of Pages\u00a0: 376 Format\u00a0: 18 cm x 24 cm\" \/>\n<meta name=\"robots\" content=\"index, follow, max-snippet:-1, max-image-preview:large, max-video-preview:-1\" \/>\n<link rel=\"canonical\" href=\"https:\/\/lespresdeugenie.com\/en\/product\/minceur-essentielle-la-grande-cuisine-de-sante-in-french\/\" \/>\n<meta property=\"og:locale\" content=\"en_US\" \/>\n<meta property=\"og:type\" content=\"article\" \/>\n<meta property=\"og:title\" content=\"Minceur Essentielle \u2013 La Grande Cuisine de Sant\u00e9 (in french) - Les Pr\u00e9s d&#039;Eug\u00e9nie - Maison Gu\u00e9rard\" \/>\n<meta property=\"og:description\" content=\"Author\u00a0: Michel Gu\u00e9rard Photographer\u00a0: Charlotte Lasc\u00e8ve Release Date\u00a0: 02\/05\/2012 Publisher\u00a0: Albin Michel Number\u00a0of Pages\u00a0: 376 Format\u00a0: 18 cm x 24 cm\" \/>\n<meta property=\"og:url\" content=\"https:\/\/lespresdeugenie.com\/en\/product\/minceur-essentielle-la-grande-cuisine-de-sante-in-french\/\" \/>\n<meta property=\"og:site_name\" content=\"Les Pr\u00e9s d&#039;Eug\u00e9nie\" \/>\n<meta property=\"article:publisher\" content=\"https:\/\/www.facebook.com\/LesPresdEugenie\/\" \/>\n<meta property=\"og:image\" content=\"https:\/\/lespresdeugenie.com\/wp-content\/uploads\/2018\/08\/minceur-essentielle.jpg\" \/>\n\t<meta property=\"og:image:width\" content=\"1500\" \/>\n\t<meta property=\"og:image:height\" content=\"1500\" \/>\n\t<meta property=\"og:image:type\" content=\"image\/jpeg\" \/>\n<meta name=\"twitter:card\" content=\"summary_large_image\" \/>\n<meta name=\"twitter:label1\" content=\"Est. reading time\" \/>\n\t<meta name=\"twitter:data1\" content=\"1 minute\" \/>\n<script type=\"application\/ld+json\" class=\"yoast-schema-graph\">{\"@context\":\"https:\/\/schema.org\",\"@graph\":[{\"@type\":\"WebPage\",\"@id\":\"https:\/\/lespresdeugenie.com\/en\/product\/minceur-essentielle-la-grande-cuisine-de-sante-in-french\/\",\"url\":\"https:\/\/lespresdeugenie.com\/en\/product\/minceur-essentielle-la-grande-cuisine-de-sante-in-french\/\",\"name\":\"Minceur Essentielle \u2013 La Grande Cuisine de Sant\u00e9 (in french) - Les Pr\u00e9s d&#039;Eug\u00e9nie - Maison Gu\u00e9rard\",\"isPartOf\":{\"@id\":\"https:\/\/lespresdeugenie.com\/#website\"},\"primaryImageOfPage\":{\"@id\":\"https:\/\/lespresdeugenie.com\/en\/product\/minceur-essentielle-la-grande-cuisine-de-sante-in-french\/#primaryimage\"},\"image\":{\"@id\":\"https:\/\/lespresdeugenie.com\/en\/product\/minceur-essentielle-la-grande-cuisine-de-sante-in-french\/#primaryimage\"},\"thumbnailUrl\":\"https:\/\/lespresdeugenie.com\/wp-content\/uploads\/2018\/08\/minceur-essentielle.jpg\",\"datePublished\":\"2018-08-14T09:07:10+00:00\",\"description\":\"Author\u00a0: Michel Gu\u00e9rard Photographer\u00a0: Charlotte Lasc\u00e8ve Release Date\u00a0: 02\/05\/2012 Publisher\u00a0: Albin Michel Number\u00a0of Pages\u00a0: 376 Format\u00a0: 18 cm x 24 cm\",\"breadcrumb\":{\"@id\":\"https:\/\/lespresdeugenie.com\/en\/product\/minceur-essentielle-la-grande-cuisine-de-sante-in-french\/#breadcrumb\"},\"inLanguage\":\"en-US\",\"potentialAction\":[{\"@type\":\"ReadAction\",\"target\":[\"https:\/\/lespresdeugenie.com\/en\/product\/minceur-essentielle-la-grande-cuisine-de-sante-in-french\/\"]}]},{\"@type\":\"ImageObject\",\"inLanguage\":\"en-US\",\"@id\":\"https:\/\/lespresdeugenie.com\/en\/product\/minceur-essentielle-la-grande-cuisine-de-sante-in-french\/#primaryimage\",\"url\":\"https:\/\/lespresdeugenie.com\/wp-content\/uploads\/2018\/08\/minceur-essentielle.jpg\",\"contentUrl\":\"https:\/\/lespresdeugenie.com\/wp-content\/uploads\/2018\/08\/minceur-essentielle.jpg\",\"width\":1500,\"height\":1500},{\"@type\":\"BreadcrumbList\",\"@id\":\"https:\/\/lespresdeugenie.com\/en\/product\/minceur-essentielle-la-grande-cuisine-de-sante-in-french\/#breadcrumb\",\"itemListElement\":[{\"@type\":\"ListItem\",\"position\":1,\"name\":\"Home\",\"item\":\"https:\/\/lespresdeugenie.com\/en\/\"},{\"@type\":\"ListItem\",\"position\":2,\"name\":\"Shop\",\"item\":\"https:\/\/lespresdeugenie.com\/en\/shop\/\"},{\"@type\":\"ListItem\",\"position\":3,\"name\":\"Minceur Essentielle \u2013 La Grande Cuisine de Sant\u00e9 (in french)\"}]},{\"@type\":\"WebSite\",\"@id\":\"https:\/\/lespresdeugenie.com\/#website\",\"url\":\"https:\/\/lespresdeugenie.com\/\",\"name\":\"Les Pr\u00e9s d'Eugenie - Maison Gu\u00e9rard\",\"description\":\"Maison Gu\u00e9rard\",\"publisher\":{\"@id\":\"https:\/\/lespresdeugenie.com\/#organization\"},\"alternateName\":\"LPDE\",\"potentialAction\":[{\"@type\":\"SearchAction\",\"target\":{\"@type\":\"EntryPoint\",\"urlTemplate\":\"https:\/\/lespresdeugenie.com\/?s={search_term_string}\"},\"query-input\":{\"@type\":\"PropertyValueSpecification\",\"valueRequired\":true,\"valueName\":\"search_term_string\"}}],\"inLanguage\":\"en-US\"},{\"@type\":\"Organization\",\"@id\":\"https:\/\/lespresdeugenie.com\/#organization\",\"name\":\"Les Pr\u00e9s d'Eugenie - Maison Gu\u00e9rard\",\"url\":\"https:\/\/lespresdeugenie.com\/\",\"logo\":{\"@type\":\"ImageObject\",\"inLanguage\":\"en-US\",\"@id\":\"https:\/\/lespresdeugenie.com\/#\/schema\/logo\/image\/\",\"url\":\"https:\/\/lespresdeugenie.com\/wp-content\/uploads\/2022\/12\/les-pres-eugenie-logo-1.png\",\"contentUrl\":\"https:\/\/lespresdeugenie.com\/wp-content\/uploads\/2022\/12\/les-pres-eugenie-logo-1.png\",\"width\":269,\"height\":60,\"caption\":\"Les Pr\u00e9s d'Eugenie - Maison Gu\u00e9rard\"},\"image\":{\"@id\":\"https:\/\/lespresdeugenie.com\/#\/schema\/logo\/image\/\"},\"sameAs\":[\"https:\/\/www.facebook.com\/LesPresdEugenie\/\",\"https:\/\/www.instagram.com\/maisons_guerard\/?hl=fr\",\"https:\/\/fr.linkedin.com\/company\/les-pres-d'eugenie\"]}]}<\/script>\n<!-- \/ Yoast SEO plugin. -->","yoast_head_json":{"title":"Minceur Essentielle \u2013 La Grande Cuisine de Sant\u00e9 (in french) - Les Pr\u00e9s d&#039;Eug\u00e9nie - Maison Gu\u00e9rard","description":"Author\u00a0: Michel Gu\u00e9rard Photographer\u00a0: Charlotte Lasc\u00e8ve Release Date\u00a0: 02\/05\/2012 Publisher\u00a0: Albin Michel Number\u00a0of Pages\u00a0: 376 Format\u00a0: 18 cm x 24 cm","robots":{"index":"index","follow":"follow","max-snippet":"max-snippet:-1","max-image-preview":"max-image-preview:large","max-video-preview":"max-video-preview:-1"},"canonical":"https:\/\/lespresdeugenie.com\/en\/product\/minceur-essentielle-la-grande-cuisine-de-sante-in-french\/","og_locale":"en_US","og_type":"article","og_title":"Minceur Essentielle \u2013 La Grande Cuisine de Sant\u00e9 (in french) - Les Pr\u00e9s d&#039;Eug\u00e9nie - Maison Gu\u00e9rard","og_description":"Author\u00a0: Michel Gu\u00e9rard Photographer\u00a0: Charlotte Lasc\u00e8ve Release Date\u00a0: 02\/05\/2012 Publisher\u00a0: Albin Michel Number\u00a0of Pages\u00a0: 376 Format\u00a0: 18 cm x 24 cm","og_url":"https:\/\/lespresdeugenie.com\/en\/product\/minceur-essentielle-la-grande-cuisine-de-sante-in-french\/","og_site_name":"Les Pr\u00e9s d&#039;Eug\u00e9nie","article_publisher":"https:\/\/www.facebook.com\/LesPresdEugenie\/","og_image":[{"width":1500,"height":1500,"url":"https:\/\/lespresdeugenie.com\/wp-content\/uploads\/2018\/08\/minceur-essentielle.jpg","type":"image\/jpeg"}],"twitter_card":"summary_large_image","twitter_misc":{"Est. reading time":"1 minute"},"schema":{"@context":"https:\/\/schema.org","@graph":[{"@type":"WebPage","@id":"https:\/\/lespresdeugenie.com\/en\/product\/minceur-essentielle-la-grande-cuisine-de-sante-in-french\/","url":"https:\/\/lespresdeugenie.com\/en\/product\/minceur-essentielle-la-grande-cuisine-de-sante-in-french\/","name":"Minceur Essentielle \u2013 La Grande Cuisine de Sant\u00e9 (in french) - Les Pr\u00e9s d&#039;Eug\u00e9nie - Maison Gu\u00e9rard","isPartOf":{"@id":"https:\/\/lespresdeugenie.com\/#website"},"primaryImageOfPage":{"@id":"https:\/\/lespresdeugenie.com\/en\/product\/minceur-essentielle-la-grande-cuisine-de-sante-in-french\/#primaryimage"},"image":{"@id":"https:\/\/lespresdeugenie.com\/en\/product\/minceur-essentielle-la-grande-cuisine-de-sante-in-french\/#primaryimage"},"thumbnailUrl":"https:\/\/lespresdeugenie.com\/wp-content\/uploads\/2018\/08\/minceur-essentielle.jpg","datePublished":"2018-08-14T09:07:10+00:00","description":"Author\u00a0: Michel Gu\u00e9rard Photographer\u00a0: Charlotte Lasc\u00e8ve Release Date\u00a0: 02\/05\/2012 Publisher\u00a0: Albin Michel Number\u00a0of Pages\u00a0: 376 Format\u00a0: 18 cm x 24 cm","breadcrumb":{"@id":"https:\/\/lespresdeugenie.com\/en\/product\/minceur-essentielle-la-grande-cuisine-de-sante-in-french\/#breadcrumb"},"inLanguage":"en-US","potentialAction":[{"@type":"ReadAction","target":["https:\/\/lespresdeugenie.com\/en\/product\/minceur-essentielle-la-grande-cuisine-de-sante-in-french\/"]}]},{"@type":"ImageObject","inLanguage":"en-US","@id":"https:\/\/lespresdeugenie.com\/en\/product\/minceur-essentielle-la-grande-cuisine-de-sante-in-french\/#primaryimage","url":"https:\/\/lespresdeugenie.com\/wp-content\/uploads\/2018\/08\/minceur-essentielle.jpg","contentUrl":"https:\/\/lespresdeugenie.com\/wp-content\/uploads\/2018\/08\/minceur-essentielle.jpg","width":1500,"height":1500},{"@type":"BreadcrumbList","@id":"https:\/\/lespresdeugenie.com\/en\/product\/minceur-essentielle-la-grande-cuisine-de-sante-in-french\/#breadcrumb","itemListElement":[{"@type":"ListItem","position":1,"name":"Home","item":"https:\/\/lespresdeugenie.com\/en\/"},{"@type":"ListItem","position":2,"name":"Shop","item":"https:\/\/lespresdeugenie.com\/en\/shop\/"},{"@type":"ListItem","position":3,"name":"Minceur Essentielle \u2013 La Grande Cuisine de Sant\u00e9 (in french)"}]},{"@type":"WebSite","@id":"https:\/\/lespresdeugenie.com\/#website","url":"https:\/\/lespresdeugenie.com\/","name":"Les Pr\u00e9s d'Eugenie - Maison Gu\u00e9rard","description":"Maison Gu\u00e9rard","publisher":{"@id":"https:\/\/lespresdeugenie.com\/#organization"},"alternateName":"LPDE","potentialAction":[{"@type":"SearchAction","target":{"@type":"EntryPoint","urlTemplate":"https:\/\/lespresdeugenie.com\/?s={search_term_string}"},"query-input":{"@type":"PropertyValueSpecification","valueRequired":true,"valueName":"search_term_string"}}],"inLanguage":"en-US"},{"@type":"Organization","@id":"https:\/\/lespresdeugenie.com\/#organization","name":"Les Pr\u00e9s d'Eugenie - Maison Gu\u00e9rard","url":"https:\/\/lespresdeugenie.com\/","logo":{"@type":"ImageObject","inLanguage":"en-US","@id":"https:\/\/lespresdeugenie.com\/#\/schema\/logo\/image\/","url":"https:\/\/lespresdeugenie.com\/wp-content\/uploads\/2022\/12\/les-pres-eugenie-logo-1.png","contentUrl":"https:\/\/lespresdeugenie.com\/wp-content\/uploads\/2022\/12\/les-pres-eugenie-logo-1.png","width":269,"height":60,"caption":"Les Pr\u00e9s d'Eugenie - Maison Gu\u00e9rard"},"image":{"@id":"https:\/\/lespresdeugenie.com\/#\/schema\/logo\/image\/"},"sameAs":["https:\/\/www.facebook.com\/LesPresdEugenie\/","https:\/\/www.instagram.com\/maisons_guerard\/?hl=fr","https:\/\/fr.linkedin.com\/company\/les-pres-d'eugenie"]}]}},"_links":{"self":[{"href":"https:\/\/lespresdeugenie.com\/en\/wp-json\/wp\/v2\/product\/695","targetHints":{"allow":["GET"]}}],"collection":[{"href":"https:\/\/lespresdeugenie.com\/en\/wp-json\/wp\/v2\/product"}],"about":[{"href":"https:\/\/lespresdeugenie.com\/en\/wp-json\/wp\/v2\/types\/product"}],"wp:featuredmedia":[{"embeddable":true,"href":"https:\/\/lespresdeugenie.com\/en\/wp-json\/wp\/v2\/media\/1496"}],"wp:attachment":[{"href":"https:\/\/lespresdeugenie.com\/en\/wp-json\/wp\/v2\/media?parent=695"}],"wp:term":[{"taxonomy":"product_brand","embeddable":true,"href":"https:\/\/lespresdeugenie.com\/en\/wp-json\/wp\/v2\/product_brand?post=695"},{"taxonomy":"product_cat","embeddable":true,"href":"https:\/\/lespresdeugenie.com\/en\/wp-json\/wp\/v2\/product_cat?post=695"},{"taxonomy":"product_tag","embeddable":true,"href":"https:\/\/lespresdeugenie.com\/en\/wp-json\/wp\/v2\/product_tag?post=695"}],"curies":[{"name":"wp","href":"https:\/\/api.w.org\/{rel}","templated":true}]}}