{"id":85825,"date":"2024-10-31T18:13:15","date_gmt":"2024-10-31T17:13:15","guid":{"rendered":"https:\/\/lespresdeugenie.com\/?post_type=product&#038;p=85825"},"modified":"2025-11-13T10:29:34","modified_gmt":"2025-11-13T09:29:34","slug":"fugue-gourmande-1-night-getaway","status":"publish","type":"product","link":"https:\/\/lespresdeugenie.com\/en\/product\/fugue-gourmande-1-night-getaway\/","title":{"rendered":"Fugue Gourmande 1 Night Getaway"},"content":{"rendered":"<p>The &#8220;Fugue Gourmande&#8221; Voucher, valid for 2 guests, includes :<\/p>\n<ul>\n<li>1 night in a Eug\u00e9nie in the chosen category.<br \/>\nIf your guest book in low season, he or she will enjoy a complimentary upgrade, according to our best availability<\/li>\n<li>Gourmet or Healthy Breakfast<\/li>\n<li>1 Glass of Champagne<\/li>\n<li>one Gourmet Dinner in L&#8217;Orangerie (our second restaurant) with &#8220;Terroir Sublime&#8221; Menu (patience, starter, main and dessert)<br \/>\nDrinks are not included<\/li>\n<\/ul>\n<h3>ARE DRINKS INCLUDED ?<\/h3>\n<p><strong>No, they are not<\/strong>, as your guests may prefer to choose the most adequate option.<\/p>\n<h3>Useful Information<\/h3>\n<p>Our Gift Vouchers are valid for 12 months after the issue date, excluding on 24\/12 and 31\/12, according to our availabilities.z7<\/p>\n<p>Local taxes are not included in this Gift Voucher. Your guest will pay them to Reception on departure.<\/p>\n<p><strong>Prior Reservation is mandatory :<\/strong> Please contact our Reservation Team by phone\u00a0 +33 (0)5 58 05 06 07, or by <a href=\"mailto:reservation@lespresdeugenie.com\">email<\/a>.<\/p>\n<p>Due to the success of our House, we strongly advise you to book several weeks before the date of your choice. This Gift Voucher features a unique reference ID code, may only be redeemed once, may not be exchanged for cash, replaced if lost, is non-transferable and non-refundable.<\/p>\n<p>The gift voucher must be presented upon arrival when redeeming the experience. Vouchers are non-extendable. Cancellation of a booking within 2 weeks of arrival will render the voucher null &amp; void.<\/p>\n","protected":false},"excerpt":{"rendered":"<ul>\n<li>1 night in Eug\u00e9nie<\/li>\n<li>Breakfast<\/li>\n<li>1 glass of Champagne<\/li>\n<li>1 Gourmet Dinner in L&#8217;Orangerie<\/li>\n<li>for 2 guests<\/li>\n<\/ul>\n","protected":false},"featured_media":85848,"template":"","meta":{"_acf_changed":false},"product_brand":[],"product_cat":[113,93,282],"product_tag":[],"class_list":{"0":"post-85825","1":"product","2":"type-product","3":"status-publish","4":"has-post-thumbnail","6":"product_cat-overnight-stays","7":"product_cat-gift-certificates","8":"product_cat-lorangerie-delicious-menus","10":"first","11":"instock","12":"shipping-taxable","13":"purchasable","14":"product-type-variable","15":"add-to-wishlist-before_image"},"acf":[],"yoast_head":"<!-- This site is optimized with the Yoast SEO plugin v26.7 - https:\/\/yoast.com\/wordpress\/plugins\/seo\/ -->\n<title>Fugue Gourmande 1 Night Getaway - Les Pr\u00e9s d&#039;Eug\u00e9nie - Maison Gu\u00e9rard<\/title>\n<meta name=\"description\" content=\"1 night in Eug\u00e9nie  Breakfast  1 glass of Champagne  1 Gourmet Dinner in L&#039;Orangerie  for 2 guests\" \/>\n<meta name=\"robots\" content=\"index, follow, max-snippet:-1, max-image-preview:large, max-video-preview:-1\" \/>\n<link rel=\"canonical\" href=\"https:\/\/lespresdeugenie.com\/en\/product\/fugue-gourmande-1-night-getaway\/\" \/>\n<meta property=\"og:locale\" content=\"en_US\" \/>\n<meta property=\"og:type\" content=\"article\" \/>\n<meta property=\"og:title\" content=\"Fugue Gourmande 1 Night Getaway - Les Pr\u00e9s d&#039;Eug\u00e9nie - Maison Gu\u00e9rard\" \/>\n<meta property=\"og:description\" content=\"1 night in Eug\u00e9nie  Breakfast  1 glass of Champagne  1 Gourmet Dinner in L&#039;Orangerie  for 2 guests\" \/>\n<meta property=\"og:url\" content=\"https:\/\/lespresdeugenie.com\/en\/product\/fugue-gourmande-1-night-getaway\/\" \/>\n<meta property=\"og:site_name\" content=\"Les Pr\u00e9s d&#039;Eug\u00e9nie\" \/>\n<meta property=\"article:publisher\" content=\"https:\/\/www.facebook.com\/LesPresdEugenie\/\" \/>\n<meta property=\"article:modified_time\" content=\"2025-11-13T09:29:34+00:00\" \/>\n<meta property=\"og:image\" content=\"https:\/\/lespresdeugenie.com\/wp-content\/uploads\/2024\/10\/LPDE_vignette_chambre_couvent.jpg\" \/>\n\t<meta property=\"og:image:width\" content=\"600\" \/>\n\t<meta property=\"og:image:height\" content=\"600\" \/>\n\t<meta property=\"og:image:type\" content=\"image\/jpeg\" \/>\n<meta name=\"twitter:card\" content=\"summary_large_image\" \/>\n<meta name=\"twitter:label1\" content=\"Est. reading time\" \/>\n\t<meta name=\"twitter:data1\" content=\"2 minutes\" \/>\n<script type=\"application\/ld+json\" class=\"yoast-schema-graph\">{\"@context\":\"https:\/\/schema.org\",\"@graph\":[{\"@type\":\"WebPage\",\"@id\":\"https:\/\/lespresdeugenie.com\/en\/product\/fugue-gourmande-1-night-getaway\/\",\"url\":\"https:\/\/lespresdeugenie.com\/en\/product\/fugue-gourmande-1-night-getaway\/\",\"name\":\"Fugue Gourmande 1 Night Getaway - Les Pr\u00e9s d&#039;Eug\u00e9nie - Maison Gu\u00e9rard\",\"isPartOf\":{\"@id\":\"https:\/\/lespresdeugenie.com\/#website\"},\"primaryImageOfPage\":{\"@id\":\"https:\/\/lespresdeugenie.com\/en\/product\/fugue-gourmande-1-night-getaway\/#primaryimage\"},\"image\":{\"@id\":\"https:\/\/lespresdeugenie.com\/en\/product\/fugue-gourmande-1-night-getaway\/#primaryimage\"},\"thumbnailUrl\":\"https:\/\/lespresdeugenie.com\/wp-content\/uploads\/2024\/10\/LPDE_vignette_chambre_couvent.jpg\",\"datePublished\":\"2024-10-31T17:13:15+00:00\",\"dateModified\":\"2025-11-13T09:29:34+00:00\",\"description\":\"1 night in Eug\u00e9nie Breakfast 1 glass of Champagne 1 Gourmet Dinner in L'Orangerie for 2 guests\",\"breadcrumb\":{\"@id\":\"https:\/\/lespresdeugenie.com\/en\/product\/fugue-gourmande-1-night-getaway\/#breadcrumb\"},\"inLanguage\":\"en-US\",\"potentialAction\":[{\"@type\":\"ReadAction\",\"target\":[\"https:\/\/lespresdeugenie.com\/en\/product\/fugue-gourmande-1-night-getaway\/\"]}]},{\"@type\":\"ImageObject\",\"inLanguage\":\"en-US\",\"@id\":\"https:\/\/lespresdeugenie.com\/en\/product\/fugue-gourmande-1-night-getaway\/#primaryimage\",\"url\":\"https:\/\/lespresdeugenie.com\/wp-content\/uploads\/2024\/10\/LPDE_vignette_chambre_couvent.jpg\",\"contentUrl\":\"https:\/\/lespresdeugenie.com\/wp-content\/uploads\/2024\/10\/LPDE_vignette_chambre_couvent.jpg\",\"width\":600,\"height\":600},{\"@type\":\"BreadcrumbList\",\"@id\":\"https:\/\/lespresdeugenie.com\/en\/product\/fugue-gourmande-1-night-getaway\/#breadcrumb\",\"itemListElement\":[{\"@type\":\"ListItem\",\"position\":1,\"name\":\"Home\",\"item\":\"https:\/\/lespresdeugenie.com\/en\/\"},{\"@type\":\"ListItem\",\"position\":2,\"name\":\"Shop\",\"item\":\"https:\/\/lespresdeugenie.com\/en\/shop\/\"},{\"@type\":\"ListItem\",\"position\":3,\"name\":\"Fugue Gourmande 1 Night Getaway\"}]},{\"@type\":\"WebSite\",\"@id\":\"https:\/\/lespresdeugenie.com\/#website\",\"url\":\"https:\/\/lespresdeugenie.com\/\",\"name\":\"Les Pr\u00e9s d'Eugenie - Maison Gu\u00e9rard\",\"description\":\"Maison Gu\u00e9rard\",\"publisher\":{\"@id\":\"https:\/\/lespresdeugenie.com\/#organization\"},\"alternateName\":\"LPDE\",\"potentialAction\":[{\"@type\":\"SearchAction\",\"target\":{\"@type\":\"EntryPoint\",\"urlTemplate\":\"https:\/\/lespresdeugenie.com\/?s={search_term_string}\"},\"query-input\":{\"@type\":\"PropertyValueSpecification\",\"valueRequired\":true,\"valueName\":\"search_term_string\"}}],\"inLanguage\":\"en-US\"},{\"@type\":\"Organization\",\"@id\":\"https:\/\/lespresdeugenie.com\/#organization\",\"name\":\"Les Pr\u00e9s d'Eugenie - Maison Gu\u00e9rard\",\"url\":\"https:\/\/lespresdeugenie.com\/\",\"logo\":{\"@type\":\"ImageObject\",\"inLanguage\":\"en-US\",\"@id\":\"https:\/\/lespresdeugenie.com\/#\/schema\/logo\/image\/\",\"url\":\"https:\/\/lespresdeugenie.com\/wp-content\/uploads\/2022\/12\/les-pres-eugenie-logo-1.png\",\"contentUrl\":\"https:\/\/lespresdeugenie.com\/wp-content\/uploads\/2022\/12\/les-pres-eugenie-logo-1.png\",\"width\":269,\"height\":60,\"caption\":\"Les Pr\u00e9s d'Eugenie - Maison Gu\u00e9rard\"},\"image\":{\"@id\":\"https:\/\/lespresdeugenie.com\/#\/schema\/logo\/image\/\"},\"sameAs\":[\"https:\/\/www.facebook.com\/LesPresdEugenie\/\",\"https:\/\/www.instagram.com\/maisons_guerard\/?hl=fr\",\"https:\/\/fr.linkedin.com\/company\/les-pres-d'eugenie\"]}]}<\/script>\n<!-- \/ Yoast SEO plugin. -->","yoast_head_json":{"title":"Fugue Gourmande 1 Night Getaway - Les Pr\u00e9s d&#039;Eug\u00e9nie - Maison Gu\u00e9rard","description":"1 night in Eug\u00e9nie  Breakfast  1 glass of Champagne  1 Gourmet Dinner in L'Orangerie  for 2 guests","robots":{"index":"index","follow":"follow","max-snippet":"max-snippet:-1","max-image-preview":"max-image-preview:large","max-video-preview":"max-video-preview:-1"},"canonical":"https:\/\/lespresdeugenie.com\/en\/product\/fugue-gourmande-1-night-getaway\/","og_locale":"en_US","og_type":"article","og_title":"Fugue Gourmande 1 Night Getaway - Les Pr\u00e9s d&#039;Eug\u00e9nie - Maison Gu\u00e9rard","og_description":"1 night in Eug\u00e9nie  Breakfast  1 glass of Champagne  1 Gourmet Dinner in L'Orangerie  for 2 guests","og_url":"https:\/\/lespresdeugenie.com\/en\/product\/fugue-gourmande-1-night-getaway\/","og_site_name":"Les Pr\u00e9s d&#039;Eug\u00e9nie","article_publisher":"https:\/\/www.facebook.com\/LesPresdEugenie\/","article_modified_time":"2025-11-13T09:29:34+00:00","og_image":[{"width":600,"height":600,"url":"https:\/\/lespresdeugenie.com\/wp-content\/uploads\/2024\/10\/LPDE_vignette_chambre_couvent.jpg","type":"image\/jpeg"}],"twitter_card":"summary_large_image","twitter_misc":{"Est. reading time":"2 minutes"},"schema":{"@context":"https:\/\/schema.org","@graph":[{"@type":"WebPage","@id":"https:\/\/lespresdeugenie.com\/en\/product\/fugue-gourmande-1-night-getaway\/","url":"https:\/\/lespresdeugenie.com\/en\/product\/fugue-gourmande-1-night-getaway\/","name":"Fugue Gourmande 1 Night Getaway - Les Pr\u00e9s d&#039;Eug\u00e9nie - Maison Gu\u00e9rard","isPartOf":{"@id":"https:\/\/lespresdeugenie.com\/#website"},"primaryImageOfPage":{"@id":"https:\/\/lespresdeugenie.com\/en\/product\/fugue-gourmande-1-night-getaway\/#primaryimage"},"image":{"@id":"https:\/\/lespresdeugenie.com\/en\/product\/fugue-gourmande-1-night-getaway\/#primaryimage"},"thumbnailUrl":"https:\/\/lespresdeugenie.com\/wp-content\/uploads\/2024\/10\/LPDE_vignette_chambre_couvent.jpg","datePublished":"2024-10-31T17:13:15+00:00","dateModified":"2025-11-13T09:29:34+00:00","description":"1 night in Eug\u00e9nie Breakfast 1 glass of Champagne 1 Gourmet Dinner in L'Orangerie for 2 guests","breadcrumb":{"@id":"https:\/\/lespresdeugenie.com\/en\/product\/fugue-gourmande-1-night-getaway\/#breadcrumb"},"inLanguage":"en-US","potentialAction":[{"@type":"ReadAction","target":["https:\/\/lespresdeugenie.com\/en\/product\/fugue-gourmande-1-night-getaway\/"]}]},{"@type":"ImageObject","inLanguage":"en-US","@id":"https:\/\/lespresdeugenie.com\/en\/product\/fugue-gourmande-1-night-getaway\/#primaryimage","url":"https:\/\/lespresdeugenie.com\/wp-content\/uploads\/2024\/10\/LPDE_vignette_chambre_couvent.jpg","contentUrl":"https:\/\/lespresdeugenie.com\/wp-content\/uploads\/2024\/10\/LPDE_vignette_chambre_couvent.jpg","width":600,"height":600},{"@type":"BreadcrumbList","@id":"https:\/\/lespresdeugenie.com\/en\/product\/fugue-gourmande-1-night-getaway\/#breadcrumb","itemListElement":[{"@type":"ListItem","position":1,"name":"Home","item":"https:\/\/lespresdeugenie.com\/en\/"},{"@type":"ListItem","position":2,"name":"Shop","item":"https:\/\/lespresdeugenie.com\/en\/shop\/"},{"@type":"ListItem","position":3,"name":"Fugue Gourmande 1 Night Getaway"}]},{"@type":"WebSite","@id":"https:\/\/lespresdeugenie.com\/#website","url":"https:\/\/lespresdeugenie.com\/","name":"Les Pr\u00e9s d'Eugenie - Maison Gu\u00e9rard","description":"Maison Gu\u00e9rard","publisher":{"@id":"https:\/\/lespresdeugenie.com\/#organization"},"alternateName":"LPDE","potentialAction":[{"@type":"SearchAction","target":{"@type":"EntryPoint","urlTemplate":"https:\/\/lespresdeugenie.com\/?s={search_term_string}"},"query-input":{"@type":"PropertyValueSpecification","valueRequired":true,"valueName":"search_term_string"}}],"inLanguage":"en-US"},{"@type":"Organization","@id":"https:\/\/lespresdeugenie.com\/#organization","name":"Les Pr\u00e9s d'Eugenie - Maison Gu\u00e9rard","url":"https:\/\/lespresdeugenie.com\/","logo":{"@type":"ImageObject","inLanguage":"en-US","@id":"https:\/\/lespresdeugenie.com\/#\/schema\/logo\/image\/","url":"https:\/\/lespresdeugenie.com\/wp-content\/uploads\/2022\/12\/les-pres-eugenie-logo-1.png","contentUrl":"https:\/\/lespresdeugenie.com\/wp-content\/uploads\/2022\/12\/les-pres-eugenie-logo-1.png","width":269,"height":60,"caption":"Les Pr\u00e9s d'Eugenie - Maison Gu\u00e9rard"},"image":{"@id":"https:\/\/lespresdeugenie.com\/#\/schema\/logo\/image\/"},"sameAs":["https:\/\/www.facebook.com\/LesPresdEugenie\/","https:\/\/www.instagram.com\/maisons_guerard\/?hl=fr","https:\/\/fr.linkedin.com\/company\/les-pres-d'eugenie"]}]}},"_links":{"self":[{"href":"https:\/\/lespresdeugenie.com\/en\/wp-json\/wp\/v2\/product\/85825","targetHints":{"allow":["GET"]}}],"collection":[{"href":"https:\/\/lespresdeugenie.com\/en\/wp-json\/wp\/v2\/product"}],"about":[{"href":"https:\/\/lespresdeugenie.com\/en\/wp-json\/wp\/v2\/types\/product"}],"wp:featuredmedia":[{"embeddable":true,"href":"https:\/\/lespresdeugenie.com\/en\/wp-json\/wp\/v2\/media\/85848"}],"wp:attachment":[{"href":"https:\/\/lespresdeugenie.com\/en\/wp-json\/wp\/v2\/media?parent=85825"}],"wp:term":[{"taxonomy":"product_brand","embeddable":true,"href":"https:\/\/lespresdeugenie.com\/en\/wp-json\/wp\/v2\/product_brand?post=85825"},{"taxonomy":"product_cat","embeddable":true,"href":"https:\/\/lespresdeugenie.com\/en\/wp-json\/wp\/v2\/product_cat?post=85825"},{"taxonomy":"product_tag","embeddable":true,"href":"https:\/\/lespresdeugenie.com\/en\/wp-json\/wp\/v2\/product_tag?post=85825"}],"curies":[{"name":"wp","href":"https:\/\/api.w.org\/{rel}","templated":true}]}}