{"id":79315,"date":"2024-04-30T15:59:45","date_gmt":"2024-04-30T13:59:45","guid":{"rendered":"https:\/\/lespresdeugenie.com\/?page_id=79315"},"modified":"2026-04-18T12:24:48","modified_gmt":"2026-04-18T10:24:48","slug":"restaurantes","status":"publish","type":"page","link":"https:\/\/lespresdeugenie.com\/es\/restaurantes\/","title":{"rendered":"Restaurantes"},"content":{"rendered":"\n<div class=\"wp-block-cover is-light has-custom-content-position is-position-bottom-center\" style=\"min-height:80vh;aspect-ratio:unset;\"><img decoding=\"async\" width=\"1024\" height=\"682\" class=\"wp-block-cover__image-background wp-image-114996 size-large\" alt=\"\" src=\"https:\/\/lespresdeugenie.com\/wp-content\/uploads\/2026\/04\/DSC07941\u00a9AnneClaireHeraud-1024x682.jpg\" style=\"object-position:54% 73%\" data-object-fit=\"cover\" data-object-position=\"54% 73%\" srcset=\"https:\/\/lespresdeugenie.com\/wp-content\/uploads\/2026\/04\/DSC07941\u00a9AnneClaireHeraud-1024x682.jpg 1024w, https:\/\/lespresdeugenie.com\/wp-content\/uploads\/2026\/04\/DSC07941\u00a9AnneClaireHeraud-300x200.jpg 300w, https:\/\/lespresdeugenie.com\/wp-content\/uploads\/2026\/04\/DSC07941\u00a9AnneClaireHeraud-768x512.jpg 768w, https:\/\/lespresdeugenie.com\/wp-content\/uploads\/2026\/04\/DSC07941\u00a9AnneClaireHeraud-1536x1024.jpg 1536w, https:\/\/lespresdeugenie.com\/wp-content\/uploads\/2026\/04\/DSC07941\u00a9AnneClaireHeraud-1000x667.jpg 1000w, https:\/\/lespresdeugenie.com\/wp-content\/uploads\/2026\/04\/DSC07941\u00a9AnneClaireHeraud.jpg 2000w\" sizes=\"(max-width: 1024px) 100vw, 1024px\" \/><span aria-hidden=\"true\" class=\"wp-block-cover__background has-background-dim-20 has-background-dim\" style=\"background-color:#9a8672\"><\/span><div class=\"wp-block-cover__inner-container is-layout-flow wp-block-cover-is-layout-flow\">\n<div class=\"wp-block-group has-white-background-color has-background is-layout-constrained wp-block-group-is-layout-constrained\">\n<h1 class=\"wp-block-heading has-text-align-center has-black-color has-text-color\">Restaurantes<\/h1>\n<\/div>\n<\/div><\/div>\n\n\n\n<div style=\"height:100px\" aria-hidden=\"true\" class=\"wp-block-spacer\"><\/div>\n\n\n\n<div class=\"wp-block-columns is-layout-flex wp-container-core-columns-is-layout-28f84493 wp-block-columns-is-layout-flex\">\n<div class=\"wp-block-column is-layout-flow wp-block-column-is-layout-flow\" style=\"flex-basis:10%\"><\/div>\n\n\n\n<div class=\"wp-block-column is-layout-flow wp-block-column-is-layout-flow\">\n<div class=\"wp-block-group is-layout-constrained wp-block-group-is-layout-constrained\">\n<div class=\"wp-block-cover has-custom-content-position is-position-bottom-center\"><img decoding=\"async\" width=\"1715\" height=\"1029\" class=\"wp-block-cover__image-background wp-image-38468\" alt=\"Les Pr\u00e9s d'Eug\u00e9nie - Restaurante Michel Gu\u00e9rard tres estrellas Michelin\" src=\"http:\/\/lespresdeugenie.com\/wp-content\/uploads\/2021\/05\/les-pres-d-eugenie_restaurant-etoile_01.jpg\" data-object-fit=\"cover\" srcset=\"https:\/\/lespresdeugenie.com\/wp-content\/uploads\/2021\/05\/les-pres-d-eugenie_restaurant-etoile_01.jpg 1715w, https:\/\/lespresdeugenie.com\/wp-content\/uploads\/2021\/05\/les-pres-d-eugenie_restaurant-etoile_01-300x180.jpg 300w, https:\/\/lespresdeugenie.com\/wp-content\/uploads\/2021\/05\/les-pres-d-eugenie_restaurant-etoile_01-1024x614.jpg 1024w, https:\/\/lespresdeugenie.com\/wp-content\/uploads\/2021\/05\/les-pres-d-eugenie_restaurant-etoile_01-768x461.jpg 768w, https:\/\/lespresdeugenie.com\/wp-content\/uploads\/2021\/05\/les-pres-d-eugenie_restaurant-etoile_01-1536x922.jpg 1536w, https:\/\/lespresdeugenie.com\/wp-content\/uploads\/2021\/05\/les-pres-d-eugenie_restaurant-etoile_01-1000x600.jpg 1000w\" sizes=\"(max-width: 1715px) 100vw, 1715px\" \/><span aria-hidden=\"true\" class=\"wp-block-cover__background has-background-dim-0 has-background-dim\"><\/span><div class=\"wp-block-cover__inner-container is-layout-flow wp-block-cover-is-layout-flow\">\n<h3 class=\"wp-block-heading has-text-align-center m-0 has-black-color has-white-background-color has-text-color has-background\">Restaurante Michel Gu\u00e9rard ***<\/h3>\n<\/div><\/div>\n\n\n\n<div style=\"height:25px\" aria-hidden=\"true\" class=\"wp-block-spacer\"><\/div>\n\n\n\n<p>El Restaurante tres estrellas Michel Gu\u00e9rard sublima la gastronom\u00eda francesa desde 1977.<br>Una partitura siempre reinventada. Natural. Delicada. Inolvidable.<\/p>\n\n\n\n<div class=\"wp-block-buttons is-content-justification-center is-layout-flex wp-container-core-buttons-is-layout-a89b3969 wp-block-buttons-is-layout-flex\">\n<div class=\"wp-block-button is-style-outline is-style-outline--1\"><a class=\"wp-block-button__link wp-element-button\" href=\"https:\/\/lespresdeugenie.com\/es\/restaurantes\/restaurante-con-estrella-michelin-michel-guerard\/\">DESCUBRIR<\/a><\/div>\n<\/div>\n<\/div>\n\n\n\n<div class=\"wp-block-group is-layout-constrained wp-block-group-is-layout-constrained\">\n<div class=\"wp-block-cover has-custom-content-position is-position-bottom-center\"><img decoding=\"async\" width=\"2500\" height=\"1668\" class=\"wp-block-cover__image-background wp-image-2142\" alt=\"Les Pr\u00e9s d'Eug\u00e9nie - Restaurante La Ferme aux Grives\" src=\"http:\/\/lespresdeugenie.com\/wp-content\/uploads\/2018\/10\/eugenie_fermeauxgrives_table.jpg\" data-object-fit=\"cover\" srcset=\"https:\/\/lespresdeugenie.com\/wp-content\/uploads\/2018\/10\/eugenie_fermeauxgrives_table.jpg 2500w, https:\/\/lespresdeugenie.com\/wp-content\/uploads\/2018\/10\/eugenie_fermeauxgrives_table-300x200.jpg 300w, https:\/\/lespresdeugenie.com\/wp-content\/uploads\/2018\/10\/eugenie_fermeauxgrives_table-768x512.jpg 768w, https:\/\/lespresdeugenie.com\/wp-content\/uploads\/2018\/10\/eugenie_fermeauxgrives_table-1024x683.jpg 1024w, https:\/\/lespresdeugenie.com\/wp-content\/uploads\/2018\/10\/eugenie_fermeauxgrives_table-1000x667.jpg 1000w, https:\/\/lespresdeugenie.com\/wp-content\/uploads\/2018\/10\/eugenie_fermeauxgrives_table-100x67.jpg 100w\" sizes=\"(max-width: 2500px) 100vw, 2500px\" \/><span aria-hidden=\"true\" class=\"wp-block-cover__background has-background-dim-0 has-background-dim\"><\/span><div class=\"wp-block-cover__inner-container is-layout-flow wp-block-cover-is-layout-flow\">\n<h3 class=\"wp-block-heading has-text-align-center m-0 has-black-color has-white-background-color has-text-color has-background\">La Ferme aux Grives<\/h3>\n<\/div><\/div>\n\n\n\n<div style=\"height:25px\" aria-hidden=\"true\" class=\"wp-block-spacer\"><\/div>\n\n\n\n<p>En La Ferme aux Grives, la posada del dominio, la cocina transita entre lo r\u00fastico y lo burgu\u00e9s, arraigada en un verdadero esp\u00edritu de la huerta, fiel al esp\u00edritu de la Casa.<\/p>\n\n\n\n<div class=\"wp-block-buttons is-content-justification-center is-layout-flex wp-container-core-buttons-is-layout-a89b3969 wp-block-buttons-is-layout-flex\">\n<div class=\"wp-block-button is-style-outline is-style-outline--2\"><a class=\"wp-block-button__link wp-element-button\" href=\"https:\/\/lespresdeugenie.com\/es\/restaurantes\/la-ferme-aux-grives\/\">DESCUBRIR<\/a><\/div>\n<\/div>\n<\/div>\n\n\n\n<div class=\"wp-block-group is-layout-constrained wp-block-group-is-layout-constrained\">\n<div class=\"wp-block-cover is-light has-custom-content-position is-position-bottom-center\"><img decoding=\"async\" width=\"1450\" height=\"1098\" class=\"wp-block-cover__image-background wp-image-51039\" alt=\"Les Pr\u00e9s d'Eug\u00e9nie - Caf\u00e9 M\u00e8re Poule\" src=\"http:\/\/lespresdeugenie.com\/wp-content\/uploads\/2022\/07\/EUG-CAFE-MERE-POULE-VUE-INT-003-INST-MG-CORENTIN-MOSSIERE.jpg\" data-object-fit=\"cover\" srcset=\"https:\/\/lespresdeugenie.com\/wp-content\/uploads\/2022\/07\/EUG-CAFE-MERE-POULE-VUE-INT-003-INST-MG-CORENTIN-MOSSIERE.jpg 1450w, https:\/\/lespresdeugenie.com\/wp-content\/uploads\/2022\/07\/EUG-CAFE-MERE-POULE-VUE-INT-003-INST-MG-CORENTIN-MOSSIERE-300x227.jpg 300w, https:\/\/lespresdeugenie.com\/wp-content\/uploads\/2022\/07\/EUG-CAFE-MERE-POULE-VUE-INT-003-INST-MG-CORENTIN-MOSSIERE-1024x775.jpg 1024w, https:\/\/lespresdeugenie.com\/wp-content\/uploads\/2022\/07\/EUG-CAFE-MERE-POULE-VUE-INT-003-INST-MG-CORENTIN-MOSSIERE-768x582.jpg 768w, https:\/\/lespresdeugenie.com\/wp-content\/uploads\/2022\/07\/EUG-CAFE-MERE-POULE-VUE-INT-003-INST-MG-CORENTIN-MOSSIERE-1000x757.jpg 1000w\" sizes=\"(max-width: 1450px) 100vw, 1450px\" \/><span aria-hidden=\"true\" class=\"wp-block-cover__background has-background-dim-0 has-background-dim\"><\/span><div class=\"wp-block-cover__inner-container is-layout-flow wp-block-cover-is-layout-flow\">\n<h3 class=\"wp-block-heading has-text-align-center m-0 has-black-color has-white-background-color has-text-color has-background\">El Caf\u00e9 \u00ab&nbsp;M\u00e8re Poule&nbsp;\u00bb<\/h3>\n<\/div><\/div>\n\n\n\n<div style=\"height:25px\" aria-hidden=\"true\" class=\"wp-block-spacer\"><\/div>\n\n\n\n<p>El Caf\u00e9 &#8220;M\u00e8re Poule&#8221; es el caf\u00e9 culinario de Les Pr\u00e9s d&#8217;Eug\u00e9nie &#8211; Maisons Gu\u00e9rard. Reserva tu mesa para tus desayunos tard\u00edos, meriendas, etc.<\/p>\n\n\n\n<div class=\"wp-block-buttons is-content-justification-center is-layout-flex wp-container-core-buttons-is-layout-a89b3969 wp-block-buttons-is-layout-flex\">\n<div class=\"wp-block-button is-style-outline is-style-outline--3\"><a class=\"wp-block-button__link wp-element-button\" href=\"https:\/\/lespresdeugenie.com\/es\/restaurantes\/el-cafe-mere-poule\/\">DESCUBRIR<\/a><\/div>\n<\/div>\n<\/div>\n<\/div>\n\n\n\n<div class=\"wp-block-column is-layout-flow wp-block-column-is-layout-flow\">\n<div class=\"wp-block-group is-layout-constrained wp-block-group-is-layout-constrained\">\n<div class=\"wp-block-cover is-light has-custom-content-position is-position-bottom-center\"><img decoding=\"async\" width=\"2500\" height=\"1667\" class=\"wp-block-cover__image-background wp-image-23982\" alt=\"Les Pr\u00e9s d'Eug\u00e9nie - Restaurant Michel Gu\u00e9rard - L'orangerie\" src=\"http:\/\/lespresdeugenie.com\/wp-content\/uploads\/2020\/04\/1906-07_lespresdeugenie_08_terrasse_bd.jpg\" data-object-fit=\"cover\" srcset=\"https:\/\/lespresdeugenie.com\/wp-content\/uploads\/2020\/04\/1906-07_lespresdeugenie_08_terrasse_bd.jpg 2500w, https:\/\/lespresdeugenie.com\/wp-content\/uploads\/2020\/04\/1906-07_lespresdeugenie_08_terrasse_bd-300x200.jpg 300w, https:\/\/lespresdeugenie.com\/wp-content\/uploads\/2020\/04\/1906-07_lespresdeugenie_08_terrasse_bd-1024x683.jpg 1024w, https:\/\/lespresdeugenie.com\/wp-content\/uploads\/2020\/04\/1906-07_lespresdeugenie_08_terrasse_bd-768x512.jpg 768w, https:\/\/lespresdeugenie.com\/wp-content\/uploads\/2020\/04\/1906-07_lespresdeugenie_08_terrasse_bd-1536x1024.jpg 1536w, https:\/\/lespresdeugenie.com\/wp-content\/uploads\/2020\/04\/1906-07_lespresdeugenie_08_terrasse_bd-2048x1366.jpg 2048w, https:\/\/lespresdeugenie.com\/wp-content\/uploads\/2020\/04\/1906-07_lespresdeugenie_08_terrasse_bd-1000x667.jpg 1000w\" sizes=\"(max-width: 2500px) 100vw, 2500px\" \/><span aria-hidden=\"true\" class=\"wp-block-cover__background has-background-dim-0 has-background-dim\"><\/span><div class=\"wp-block-cover__inner-container is-layout-flow wp-block-cover-is-layout-flow\">\n<h3 class=\"wp-block-heading has-text-align-center m-0 has-black-color has-white-background-color has-text-color has-background\">L\u2019Orangerie *<\/h3>\n<\/div><\/div>\n\n\n\n<div style=\"height:25px\" aria-hidden=\"true\" class=\"wp-block-spacer\"><\/div>\n\n\n\n<p>En L\u2019Orangerie, una cocina refinada y actual se encuentra con los grandes cl\u00e1sicos de la Casa, con ligereza, un cierto sentido del lugar, un esp\u00edritu de huerto\u2026 almuerzos de verano y cenas al aire libre.<\/p>\n\n\n\n<div class=\"wp-block-buttons is-content-justification-center is-layout-flex wp-container-core-buttons-is-layout-a89b3969 wp-block-buttons-is-layout-flex\">\n<div class=\"wp-block-button is-style-outline is-style-outline--4\"><a class=\"wp-block-button__link wp-element-button\" href=\"https:\/\/lespresdeugenie.com\/es\/restaurantes\/lorangerie\/\">DESCUBRIR<\/a><\/div>\n<\/div>\n<\/div>\n\n\n\n<div class=\"wp-block-group is-layout-constrained wp-block-group-is-layout-constrained\">\n<div class=\"wp-block-cover is-light has-custom-content-position is-position-bottom-center\"><img decoding=\"async\" width=\"2500\" height=\"1918\" class=\"wp-block-cover__image-background wp-image-2127\" alt=\"Les Pr\u00e9s d'Eug\u00e9nie - La Grande Cuisine Minceur\" src=\"http:\/\/lespresdeugenie.com\/wp-content\/uploads\/2018\/10\/grande-cuisine-minceur-guerard-pres-eugenie-sorbet-sud-ouest.jpg\" data-object-fit=\"cover\" srcset=\"https:\/\/lespresdeugenie.com\/wp-content\/uploads\/2018\/10\/grande-cuisine-minceur-guerard-pres-eugenie-sorbet-sud-ouest.jpg 2500w, https:\/\/lespresdeugenie.com\/wp-content\/uploads\/2018\/10\/grande-cuisine-minceur-guerard-pres-eugenie-sorbet-sud-ouest-300x230.jpg 300w, https:\/\/lespresdeugenie.com\/wp-content\/uploads\/2018\/10\/grande-cuisine-minceur-guerard-pres-eugenie-sorbet-sud-ouest-768x589.jpg 768w, https:\/\/lespresdeugenie.com\/wp-content\/uploads\/2018\/10\/grande-cuisine-minceur-guerard-pres-eugenie-sorbet-sud-ouest-1024x786.jpg 1024w, https:\/\/lespresdeugenie.com\/wp-content\/uploads\/2018\/10\/grande-cuisine-minceur-guerard-pres-eugenie-sorbet-sud-ouest-1000x767.jpg 1000w, https:\/\/lespresdeugenie.com\/wp-content\/uploads\/2018\/10\/grande-cuisine-minceur-guerard-pres-eugenie-sorbet-sud-ouest-100x77.jpg 100w\" sizes=\"(max-width: 2500px) 100vw, 2500px\" \/><span aria-hidden=\"true\" class=\"wp-block-cover__background has-background-dim-0 has-background-dim\"><\/span><div class=\"wp-block-cover__inner-container is-layout-flow wp-block-cover-is-layout-flow\">\n<h3 class=\"wp-block-heading has-text-align-center m-0 has-black-color has-white-background-color has-text-color has-background\">La Gran Cocina Adelgazante<\/h3>\n<\/div><\/div>\n\n\n\n<div style=\"height:25px\" aria-hidden=\"true\" class=\"wp-block-spacer\"><\/div>\n\n\n\n<p>Pruebe el Grande Cuisine Minceur (gran cocina adelgazante) fundado por Michel Gu\u00e9rard. Descubra nuestros men\u00fas Grande Cuisine Minceur, reserve su mesa en Les Pr\u00e9s d&#8217;Eug\u00e9nie&#8230;<\/p>\n\n\n\n<div class=\"wp-block-buttons is-content-justification-center is-layout-flex wp-container-core-buttons-is-layout-a89b3969 wp-block-buttons-is-layout-flex\">\n<div class=\"wp-block-button is-style-outline is-style-outline--5\"><a class=\"wp-block-button__link wp-element-button\" href=\"https:\/\/lespresdeugenie.com\/es\/restaurantes\/la-gran-cocina-adelgazante\/\">DESCUBRIR<\/a><\/div>\n<\/div>\n<\/div>\n<\/div>\n\n\n\n<div class=\"wp-block-column is-layout-flow wp-block-column-is-layout-flow\" style=\"flex-basis:10%\"><\/div>\n<\/div>\n","protected":false},"excerpt":{"rendered":"<p>El Restaurante tres estrellas Michel Gu\u00e9rard sublima la gastronom\u00eda francesa desde 1977.Una partitura siempre reinventada. Natural. Delicada. Inolvidable. En La Ferme aux Grives, la posada del dominio, la cocina transita entre lo r\u00fastico y lo burgu\u00e9s, arraigada en un verdadero esp\u00edritu de la huerta, fiel al esp\u00edritu de la Casa. El Caf\u00e9 &#8220;M\u00e8re Poule&#8221; es [&hellip;]<\/p>\n","protected":false},"author":5,"featured_media":82218,"parent":0,"menu_order":0,"comment_status":"open","ping_status":"open","template":"","meta":{"_acf_changed":false,"footnotes":""},"class_list":["post-79315","page","type-page","status-publish","has-post-thumbnail","hentry"],"acf":[],"yoast_head":"<!-- This site is optimized with the Yoast SEO plugin v26.7 - https:\/\/yoast.com\/wordpress\/plugins\/seo\/ -->\n<title>Restaurantes y gastronom\u00eda - Les Pr\u00e9s d&#039;Eug\u00e9nie - Maison Gu\u00e9rard<\/title>\n<meta name=\"description\" content=\"Les Pr\u00e9s d&#039;Eug\u00e9nie cuenta con una gran variedad de restaurantes gastron\u00f3micos: Restaurante con estrella Michelin, Cuisine Minceur..\" \/>\n<meta name=\"robots\" content=\"index, follow, max-snippet:-1, max-image-preview:large, max-video-preview:-1\" \/>\n<link rel=\"canonical\" href=\"https:\/\/lespresdeugenie.com\/es\/restaurantes\/\" \/>\n<meta property=\"og:locale\" content=\"es_ES\" \/>\n<meta property=\"og:type\" content=\"article\" \/>\n<meta property=\"og:title\" content=\"Restaurantes y gastronom\u00eda - Les Pr\u00e9s d&#039;Eug\u00e9nie - Maison Gu\u00e9rard\" \/>\n<meta property=\"og:description\" content=\"Les Pr\u00e9s d&#039;Eug\u00e9nie cuenta con una gran variedad de restaurantes gastron\u00f3micos: Restaurante con estrella Michelin, Cuisine Minceur..\" \/>\n<meta property=\"og:url\" content=\"https:\/\/lespresdeugenie.com\/es\/restaurantes\/\" \/>\n<meta property=\"og:site_name\" content=\"Les Pr\u00e9s d&#039;Eug\u00e9nie\" \/>\n<meta property=\"article:publisher\" content=\"https:\/\/www.facebook.com\/LesPresdEugenie\/\" \/>\n<meta property=\"article:modified_time\" content=\"2026-04-18T10:24:48+00:00\" \/>\n<meta property=\"og:image\" content=\"https:\/\/lespresdeugenie.com\/wp-content\/uploads\/2024\/07\/70-1-scaled.jpg\" \/>\n\t<meta property=\"og:image:width\" content=\"2560\" \/>\n\t<meta property=\"og:image:height\" content=\"1440\" \/>\n\t<meta property=\"og:image:type\" content=\"image\/jpeg\" \/>\n<meta name=\"twitter:card\" content=\"summary_large_image\" \/>\n<meta name=\"twitter:label1\" content=\"Tiempo de lectura\" \/>\n\t<meta name=\"twitter:data1\" content=\"3 minutos\" \/>\n<script type=\"application\/ld+json\" class=\"yoast-schema-graph\">{\"@context\":\"https:\/\/schema.org\",\"@graph\":[{\"@type\":\"WebPage\",\"@id\":\"https:\/\/lespresdeugenie.com\/es\/restaurantes\/\",\"url\":\"https:\/\/lespresdeugenie.com\/es\/restaurantes\/\",\"name\":\"Restaurantes y gastronom\u00eda - Les Pr\u00e9s d&#039;Eug\u00e9nie - Maison Gu\u00e9rard\",\"isPartOf\":{\"@id\":\"https:\/\/lespresdeugenie.com\/#website\"},\"primaryImageOfPage\":{\"@id\":\"https:\/\/lespresdeugenie.com\/es\/restaurantes\/#primaryimage\"},\"image\":{\"@id\":\"https:\/\/lespresdeugenie.com\/es\/restaurantes\/#primaryimage\"},\"thumbnailUrl\":\"https:\/\/lespresdeugenie.com\/wp-content\/uploads\/2024\/07\/70-1-scaled.jpg\",\"datePublished\":\"2024-04-30T13:59:45+00:00\",\"dateModified\":\"2026-04-18T10:24:48+00:00\",\"description\":\"Les Pr\u00e9s d'Eug\u00e9nie cuenta con una gran variedad de restaurantes gastron\u00f3micos: Restaurante con estrella Michelin, Cuisine Minceur..\",\"breadcrumb\":{\"@id\":\"https:\/\/lespresdeugenie.com\/es\/restaurantes\/#breadcrumb\"},\"inLanguage\":\"es\",\"potentialAction\":[{\"@type\":\"ReadAction\",\"target\":[\"https:\/\/lespresdeugenie.com\/es\/restaurantes\/\"]}]},{\"@type\":\"ImageObject\",\"inLanguage\":\"es\",\"@id\":\"https:\/\/lespresdeugenie.com\/es\/restaurantes\/#primaryimage\",\"url\":\"https:\/\/lespresdeugenie.com\/wp-content\/uploads\/2024\/07\/70-1-scaled.jpg\",\"contentUrl\":\"https:\/\/lespresdeugenie.com\/wp-content\/uploads\/2024\/07\/70-1-scaled.jpg\",\"width\":2560,\"height\":1440},{\"@type\":\"BreadcrumbList\",\"@id\":\"https:\/\/lespresdeugenie.com\/es\/restaurantes\/#breadcrumb\",\"itemListElement\":[{\"@type\":\"ListItem\",\"position\":1,\"name\":\"Inicio\",\"item\":\"https:\/\/lespresdeugenie.com\/es\/\"},{\"@type\":\"ListItem\",\"position\":2,\"name\":\"Restaurantes\"}]},{\"@type\":\"WebSite\",\"@id\":\"https:\/\/lespresdeugenie.com\/#website\",\"url\":\"https:\/\/lespresdeugenie.com\/\",\"name\":\"Les Pr\u00e9s d'Eugenie - Maison Gu\u00e9rard\",\"description\":\"Maison Gu\u00e9rard\",\"publisher\":{\"@id\":\"https:\/\/lespresdeugenie.com\/#organization\"},\"alternateName\":\"LPDE\",\"potentialAction\":[{\"@type\":\"SearchAction\",\"target\":{\"@type\":\"EntryPoint\",\"urlTemplate\":\"https:\/\/lespresdeugenie.com\/?s={search_term_string}\"},\"query-input\":{\"@type\":\"PropertyValueSpecification\",\"valueRequired\":true,\"valueName\":\"search_term_string\"}}],\"inLanguage\":\"es\"},{\"@type\":\"Organization\",\"@id\":\"https:\/\/lespresdeugenie.com\/#organization\",\"name\":\"Les Pr\u00e9s d'Eugenie - Maison Gu\u00e9rard\",\"url\":\"https:\/\/lespresdeugenie.com\/\",\"logo\":{\"@type\":\"ImageObject\",\"inLanguage\":\"es\",\"@id\":\"https:\/\/lespresdeugenie.com\/#\/schema\/logo\/image\/\",\"url\":\"https:\/\/lespresdeugenie.com\/wp-content\/uploads\/2022\/12\/les-pres-eugenie-logo-1.png\",\"contentUrl\":\"https:\/\/lespresdeugenie.com\/wp-content\/uploads\/2022\/12\/les-pres-eugenie-logo-1.png\",\"width\":269,\"height\":60,\"caption\":\"Les Pr\u00e9s d'Eugenie - Maison Gu\u00e9rard\"},\"image\":{\"@id\":\"https:\/\/lespresdeugenie.com\/#\/schema\/logo\/image\/\"},\"sameAs\":[\"https:\/\/www.facebook.com\/LesPresdEugenie\/\",\"https:\/\/www.instagram.com\/maisons_guerard\/?hl=fr\",\"https:\/\/fr.linkedin.com\/company\/les-pres-d'eugenie\"]}]}<\/script>\n<!-- \/ Yoast SEO plugin. -->","yoast_head_json":{"title":"Restaurantes y gastronom\u00eda - Les Pr\u00e9s d&#039;Eug\u00e9nie - Maison Gu\u00e9rard","description":"Les Pr\u00e9s d'Eug\u00e9nie cuenta con una gran variedad de restaurantes gastron\u00f3micos: Restaurante con estrella Michelin, Cuisine Minceur..","robots":{"index":"index","follow":"follow","max-snippet":"max-snippet:-1","max-image-preview":"max-image-preview:large","max-video-preview":"max-video-preview:-1"},"canonical":"https:\/\/lespresdeugenie.com\/es\/restaurantes\/","og_locale":"es_ES","og_type":"article","og_title":"Restaurantes y gastronom\u00eda - Les Pr\u00e9s d&#039;Eug\u00e9nie - Maison Gu\u00e9rard","og_description":"Les Pr\u00e9s d'Eug\u00e9nie cuenta con una gran variedad de restaurantes gastron\u00f3micos: Restaurante con estrella Michelin, Cuisine Minceur..","og_url":"https:\/\/lespresdeugenie.com\/es\/restaurantes\/","og_site_name":"Les Pr\u00e9s d&#039;Eug\u00e9nie","article_publisher":"https:\/\/www.facebook.com\/LesPresdEugenie\/","article_modified_time":"2026-04-18T10:24:48+00:00","og_image":[{"width":2560,"height":1440,"url":"https:\/\/lespresdeugenie.com\/wp-content\/uploads\/2024\/07\/70-1-scaled.jpg","type":"image\/jpeg"}],"twitter_card":"summary_large_image","twitter_misc":{"Tiempo de lectura":"3 minutos"},"schema":{"@context":"https:\/\/schema.org","@graph":[{"@type":"WebPage","@id":"https:\/\/lespresdeugenie.com\/es\/restaurantes\/","url":"https:\/\/lespresdeugenie.com\/es\/restaurantes\/","name":"Restaurantes y gastronom\u00eda - Les Pr\u00e9s d&#039;Eug\u00e9nie - Maison Gu\u00e9rard","isPartOf":{"@id":"https:\/\/lespresdeugenie.com\/#website"},"primaryImageOfPage":{"@id":"https:\/\/lespresdeugenie.com\/es\/restaurantes\/#primaryimage"},"image":{"@id":"https:\/\/lespresdeugenie.com\/es\/restaurantes\/#primaryimage"},"thumbnailUrl":"https:\/\/lespresdeugenie.com\/wp-content\/uploads\/2024\/07\/70-1-scaled.jpg","datePublished":"2024-04-30T13:59:45+00:00","dateModified":"2026-04-18T10:24:48+00:00","description":"Les Pr\u00e9s d'Eug\u00e9nie cuenta con una gran variedad de restaurantes gastron\u00f3micos: Restaurante con estrella Michelin, Cuisine Minceur..","breadcrumb":{"@id":"https:\/\/lespresdeugenie.com\/es\/restaurantes\/#breadcrumb"},"inLanguage":"es","potentialAction":[{"@type":"ReadAction","target":["https:\/\/lespresdeugenie.com\/es\/restaurantes\/"]}]},{"@type":"ImageObject","inLanguage":"es","@id":"https:\/\/lespresdeugenie.com\/es\/restaurantes\/#primaryimage","url":"https:\/\/lespresdeugenie.com\/wp-content\/uploads\/2024\/07\/70-1-scaled.jpg","contentUrl":"https:\/\/lespresdeugenie.com\/wp-content\/uploads\/2024\/07\/70-1-scaled.jpg","width":2560,"height":1440},{"@type":"BreadcrumbList","@id":"https:\/\/lespresdeugenie.com\/es\/restaurantes\/#breadcrumb","itemListElement":[{"@type":"ListItem","position":1,"name":"Inicio","item":"https:\/\/lespresdeugenie.com\/es\/"},{"@type":"ListItem","position":2,"name":"Restaurantes"}]},{"@type":"WebSite","@id":"https:\/\/lespresdeugenie.com\/#website","url":"https:\/\/lespresdeugenie.com\/","name":"Les Pr\u00e9s d'Eugenie - Maison Gu\u00e9rard","description":"Maison Gu\u00e9rard","publisher":{"@id":"https:\/\/lespresdeugenie.com\/#organization"},"alternateName":"LPDE","potentialAction":[{"@type":"SearchAction","target":{"@type":"EntryPoint","urlTemplate":"https:\/\/lespresdeugenie.com\/?s={search_term_string}"},"query-input":{"@type":"PropertyValueSpecification","valueRequired":true,"valueName":"search_term_string"}}],"inLanguage":"es"},{"@type":"Organization","@id":"https:\/\/lespresdeugenie.com\/#organization","name":"Les Pr\u00e9s d'Eugenie - Maison Gu\u00e9rard","url":"https:\/\/lespresdeugenie.com\/","logo":{"@type":"ImageObject","inLanguage":"es","@id":"https:\/\/lespresdeugenie.com\/#\/schema\/logo\/image\/","url":"https:\/\/lespresdeugenie.com\/wp-content\/uploads\/2022\/12\/les-pres-eugenie-logo-1.png","contentUrl":"https:\/\/lespresdeugenie.com\/wp-content\/uploads\/2022\/12\/les-pres-eugenie-logo-1.png","width":269,"height":60,"caption":"Les Pr\u00e9s d'Eugenie - Maison Gu\u00e9rard"},"image":{"@id":"https:\/\/lespresdeugenie.com\/#\/schema\/logo\/image\/"},"sameAs":["https:\/\/www.facebook.com\/LesPresdEugenie\/","https:\/\/www.instagram.com\/maisons_guerard\/?hl=fr","https:\/\/fr.linkedin.com\/company\/les-pres-d'eugenie"]}]}},"_links":{"self":[{"href":"https:\/\/lespresdeugenie.com\/es\/wp-json\/wp\/v2\/pages\/79315","targetHints":{"allow":["GET"]}}],"collection":[{"href":"https:\/\/lespresdeugenie.com\/es\/wp-json\/wp\/v2\/pages"}],"about":[{"href":"https:\/\/lespresdeugenie.com\/es\/wp-json\/wp\/v2\/types\/page"}],"author":[{"embeddable":true,"href":"https:\/\/lespresdeugenie.com\/es\/wp-json\/wp\/v2\/users\/5"}],"replies":[{"embeddable":true,"href":"https:\/\/lespresdeugenie.com\/es\/wp-json\/wp\/v2\/comments?post=79315"}],"version-history":[{"count":17,"href":"https:\/\/lespresdeugenie.com\/es\/wp-json\/wp\/v2\/pages\/79315\/revisions"}],"predecessor-version":[{"id":115003,"href":"https:\/\/lespresdeugenie.com\/es\/wp-json\/wp\/v2\/pages\/79315\/revisions\/115003"}],"wp:featuredmedia":[{"embeddable":true,"href":"https:\/\/lespresdeugenie.com\/es\/wp-json\/wp\/v2\/media\/82218"}],"wp:attachment":[{"href":"https:\/\/lespresdeugenie.com\/es\/wp-json\/wp\/v2\/media?parent=79315"}],"curies":[{"name":"wp","href":"https:\/\/api.w.org\/{rel}","templated":true}]}}