{"id":79330,"date":"2024-04-30T16:51:23","date_gmt":"2024-04-30T14:51:23","guid":{"rendered":"https:\/\/lespresdeugenie.com\/?page_id=79330"},"modified":"2025-03-10T18:50:55","modified_gmt":"2025-03-10T17:50:55","slug":"lorangerie","status":"publish","type":"page","link":"https:\/\/lespresdeugenie.com\/es\/restaurantes\/lorangerie\/","title":{"rendered":"L&#8217;Orangerie"},"content":{"rendered":"\n<div class=\"wp-block-cover is-light has-custom-content-position is-position-bottom-center\" style=\"min-height:80vh;aspect-ratio:unset;\"><span aria-hidden=\"true\" class=\"wp-block-cover__background has-background-dim-20 has-background-dim\" style=\"background-color:#968e7e\"><\/span><img decoding=\"async\" width=\"2500\" height=\"1667\" src=\"https:\/\/lespresdeugenie.com\/wp-content\/uploads\/2020\/04\/1906-07_lespresdeugenie_08_terrasse_bd.jpg\" class=\"wp-block-cover__image-background wp-post-image\" alt=\"\" data-object-fit=\"cover\" data-object-position=\"50% 70%\" style=\"object-position:50% 70%;\" srcset=\"https:\/\/lespresdeugenie.com\/wp-content\/uploads\/2020\/04\/1906-07_lespresdeugenie_08_terrasse_bd.jpg 2500w, https:\/\/lespresdeugenie.com\/wp-content\/uploads\/2020\/04\/1906-07_lespresdeugenie_08_terrasse_bd-300x200.jpg 300w, https:\/\/lespresdeugenie.com\/wp-content\/uploads\/2020\/04\/1906-07_lespresdeugenie_08_terrasse_bd-1024x683.jpg 1024w, https:\/\/lespresdeugenie.com\/wp-content\/uploads\/2020\/04\/1906-07_lespresdeugenie_08_terrasse_bd-768x512.jpg 768w, https:\/\/lespresdeugenie.com\/wp-content\/uploads\/2020\/04\/1906-07_lespresdeugenie_08_terrasse_bd-1536x1024.jpg 1536w, https:\/\/lespresdeugenie.com\/wp-content\/uploads\/2020\/04\/1906-07_lespresdeugenie_08_terrasse_bd-2048x1366.jpg 2048w, https:\/\/lespresdeugenie.com\/wp-content\/uploads\/2020\/04\/1906-07_lespresdeugenie_08_terrasse_bd-1000x667.jpg 1000w\" sizes=\"(max-width: 2500px) 100vw, 2500px\" \/><div class=\"wp-block-cover__inner-container is-layout-flow wp-block-cover-is-layout-flow\">\n<div class=\"wp-block-group has-white-background-color has-background is-layout-constrained wp-block-group-is-layout-constrained\">\n<h1 class=\"wp-block-heading has-text-align-center has-black-color has-text-color\">L&#8217;Orangerie<\/h1>\n<\/div>\n<\/div><\/div>\n\n\n\n<div style=\"height:100px\" aria-hidden=\"true\" class=\"wp-block-spacer\"><\/div>\n\n\n\n<div class=\"wp-block-columns are-vertically-aligned-center is-layout-flex wp-container-core-columns-is-layout-28f84493 wp-block-columns-is-layout-flex\">\n<div class=\"wp-block-column is-vertically-aligned-center is-layout-flow wp-block-column-is-layout-flow\" style=\"flex-basis:10%\"><\/div>\n\n\n\n<div class=\"wp-block-column is-vertically-aligned-center is-layout-flow wp-block-column-is-layout-flow\" style=\"flex-basis:40%\">\n<figure class=\"wp-block-pullquote\"><blockquote><p>Hermosas bestias, <br>hermosas plantas<\/p><cite>o c\u00f3mo disfrutar de todo lo que la Naturaleza tiene para ofrecer, en su elegante simplicidad.<\/cite><\/blockquote><\/figure>\n\n\n\n<div class=\"wp-block-buttons is-content-justification-center is-layout-flex wp-container-core-buttons-is-layout-a89b3969 wp-block-buttons-is-layout-flex\">\n<div class=\"wp-block-button is-style-outline is-style-outline--1\"><a class=\"wp-block-button__link wp-element-button\" href=\"https:\/\/lespresdeugenie.com\/menu-carte\/lorangerie-fr\/\" target=\"_blank\" rel=\"noreferrer noopener\">El men\u00fa de L&#8217;Orangerie<\/a><\/div>\n\n\n\n<div class=\"wp-block-button is-style-outline is-style-outline--2\"><a class=\"wp-block-button__link wp-element-button\" href=\"https:\/\/widget.thefork.com\/es\/f0f12d18-e3cf-49a2-b94d-b1c7f79e6a39?utm_source=website?utm_medium= restaurantpage\">Reservar mesa<\/a><\/div>\n<\/div>\n<\/div>\n\n\n\n<div class=\"wp-block-column is-vertically-aligned-center is-layout-flow wp-block-column-is-layout-flow\" style=\"flex-basis:40%\">\n<figure class=\"wp-block-image size-large\"><img decoding=\"async\" width=\"1024\" height=\"614\" src=\"http:\/\/lespresdeugenie.com\/wp-content\/uploads\/2021\/05\/les-pres-d-eugenie_orangerie_02-1-1024x614.jpg\" alt=\"Les Pr\u00e9s d'Eug\u00e9nie - L'Orangerie\" class=\"wp-image-38459\" srcset=\"https:\/\/lespresdeugenie.com\/wp-content\/uploads\/2021\/05\/les-pres-d-eugenie_orangerie_02-1-1024x614.jpg 1024w, https:\/\/lespresdeugenie.com\/wp-content\/uploads\/2021\/05\/les-pres-d-eugenie_orangerie_02-1-300x180.jpg 300w, https:\/\/lespresdeugenie.com\/wp-content\/uploads\/2021\/05\/les-pres-d-eugenie_orangerie_02-1-768x461.jpg 768w, https:\/\/lespresdeugenie.com\/wp-content\/uploads\/2021\/05\/les-pres-d-eugenie_orangerie_02-1-1536x922.jpg 1536w, https:\/\/lespresdeugenie.com\/wp-content\/uploads\/2021\/05\/les-pres-d-eugenie_orangerie_02-1-1000x600.jpg 1000w, https:\/\/lespresdeugenie.com\/wp-content\/uploads\/2021\/05\/les-pres-d-eugenie_orangerie_02-1.jpg 1715w\" sizes=\"(max-width: 1024px) 100vw, 1024px\" \/><\/figure>\n<\/div>\n\n\n\n<div class=\"wp-block-column is-vertically-aligned-center is-layout-flow wp-block-column-is-layout-flow\" style=\"flex-basis:10%\"><\/div>\n<\/div>\n\n\n\n<div class=\"wp-block-columns is-layout-flex wp-container-core-columns-is-layout-28f84493 wp-block-columns-is-layout-flex\">\n<div class=\"wp-block-column is-layout-flow wp-block-column-is-layout-flow\" style=\"flex-basis:10%\"><\/div>\n\n\n\n<div class=\"wp-block-column is-layout-flow wp-block-column-is-layout-flow\" style=\"flex-basis:80%\">\n<h3 class=\"wp-block-heading\">Las carnes m\u00e1s bonitas<\/h3>\n\n\n\n<p>En Eugenie, <strong>somos muy mimados por nuestros vecinos<\/strong>. Entre las colinas de Chalosse se esconde un verdadero tesoro: estas granjas dirigidas por <strong>granjeros apasionados<\/strong>, que cr\u00edan animales excepcionales con conocimientos y \u00e9tica. <br><strong>Por lo tanto, en la Orangerie, solo se permiten animales bien nacidos, bien crecidos y bien tratados.<\/strong><\/p>\n\n\n\n<p>Las vacas y sus terneros nacieron y crecieron en la granja Hontang en Samadet (17 km). <br>Sylvain, el carnicero de Les Pr\u00e9s d&#8217;Eug\u00e9nie, recibe cada mes una bestia de la que extrae las piezas preciosas que har\u00e1n las delicias de los invitados. Se valora el conjunto de este noble animal, desde la cabeza hasta la cola. <br>La gallina de Guinea creci\u00f3 en la granja Tauzin, en Audignon (24 km). Se unieron a nuestras cocinas despu\u00e9s de 150 d\u00edas de libertad, incluidas las \u00faltimas dos semanas en modo &#8220;fest\u00edn de leche y ma\u00edz&#8221;.<br>Por \u00faltimo, los patos se cr\u00edan tradicionalmente en la granja Lac\u00e8re en Bahus-Soubiran (5 km)<\/p>\n\n\n\n<h3 class=\"wp-block-heading\">Cocina sencilla y elegante &#8230; campestre o &#8220;healthy&#8221;<\/h3>\n\n\n\n<p>Los hu\u00e9spedes de L&#8217;Orangerie <strong>disfrutan de un bonito men\u00fa de temporada, te\u00f1ido de m\u00faltiples tonos<\/strong><\/p>\n\n\n\n<p><strong>A la carta de L&#8217;Orangerie :<\/strong><\/p>\n\n\n\n<ul class=\"wp-block-list\">\n<li><strong>La Grille : <\/strong>carnes y pescados excepcionales, simplemente asados a la parrilla en nuestra chimenea. El sabor de un producto noble, en su forma m\u00e1s simple.<\/li>\n\n\n\n<li><strong>Un men\u00fa<\/strong> <strong>&#8220;Terroir Sublime&#8221;:<\/strong> aderezado con los Grandes Cl\u00e1sicos de Michel Gu\u00e9rard y acompa\u00f1ado alegremente por los vinos de nuestra propiedad.<\/li>\n\n\n\n<li><strong>El Gran Carro de Postres de Eug\u00e9nie : <\/strong>un objeto m\u00e1gico que esconde mil y un postres gourmet bajo su gran campana de plata<\/li>\n\n\n\n<li><strong>La Cuisine de Sant\u00e9 :<\/strong> &#8220;Best-Seller&#8221; de nuestra Casa desde los a\u00f1os 70, este Men\u00fa &#8220;Saludable&#8221;, tan ligero como delicioso, cambia dos veces al d\u00eda y consta de un entrante, una suite y un postre. Una f\u00f3rmula ideal para todos aquellos que deseen combinar Salud y Indulgence.<br>To saber m\u00e1s sobre nuestra famosa Cocina Adelgazante Grande, <a href=\"\/es\/restaurantes\/la-gran-cocina-adelgazante\/\">siga este enlace<\/a><\/li>\n\n\n\n<li><strong>Una cocina &#8220;aperitivos chic&#8221; :<\/strong> perfecta para aquellos que se quedan en nuestra casa durante varios d\u00edas<\/li>\n<\/ul>\n\n\n\n<h3 class=\"wp-block-heading\">&nbsp;\u00bfJard\u00edn de invierno o terraza &#8220;Al Fresco&#8221;?<\/h3>\n\n\n\n<p>&nbsp;Les Pr\u00e9s d&#8217;Eug\u00e9nie da la bienvenida al restaurante, <strong>en el coraz\u00f3n de la Maison<\/strong>, en el hermoso comedor de la Orangerie, sutilmente decorado con telas y pinturas naturalistas. <br>L&#8217;Orangerie, dise\u00f1ado como <strong>un luminoso jard\u00edn de invierno, se beneficia en los d\u00edas soleados de una terraza verde<\/strong>, que se abre de par en par a los jardines de Eugenia, y de la elegante fuente barroca, dise\u00f1ada por Michel Gu\u00e9rard y nuestros maestros ebanistas. <br><strong>Un lugar ideal para un desayuno de verano, un almuerzo soleado y una cena &#8220;al aire libre<\/strong>&#8220;, \u00a1y abierto a todos!<\/p>\n\n\n\n<div style=\"height:40px\" aria-hidden=\"true\" class=\"wp-block-spacer\"><\/div>\n<\/div>\n\n\n\n<div class=\"wp-block-column is-layout-flow wp-block-column-is-layout-flow\" style=\"flex-basis:10%\"><\/div>\n<\/div>\n\n\n\n<div style=\"height:50px\" aria-hidden=\"true\" class=\"wp-block-spacer\"><\/div>\n\n\n\n  <ul id=\"Galleryblock_304db692d2e7bc8d20a0ff967ea99d57\" class=\"gallery\">\n                <li class=\"image\" data-desc=\"Les Pr\u00e9s d&#039;Eug\u00e9nie - L&#039;Orangerie - Chariot de Desserts\" data-image=\"https:\/\/lespresdeugenie.com\/wp-content\/uploads\/2021\/05\/les-pres-d-eugenie_orangerie_01.jpg\">\n        <img decoding=\"async\" style=\"pointer-events: none;\" src=\"https:\/\/lespresdeugenie.com\/wp-content\/uploads\/2021\/05\/les-pres-d-eugenie_orangerie_01-1024x614.jpg\" alt=\"\" \/>\n      <\/li>\n                    <li class=\"image\" data-desc=\"Les Pr\u00e9s d&#039;Eug\u00e9nie - L&#039;Orangerie\" data-image=\"https:\/\/lespresdeugenie.com\/wp-content\/uploads\/2021\/05\/les-pres-d-eugenie_cuisine-etoilee_011.jpg\">\n        <img decoding=\"async\" style=\"pointer-events: none;\" src=\"https:\/\/lespresdeugenie.com\/wp-content\/uploads\/2021\/05\/les-pres-d-eugenie_cuisine-etoilee_011-1024x614.jpg\" alt=\"\" \/>\n      <\/li>\n                    <li class=\"image\" data-desc=\"Les Pr\u00e9s d&#039;Eug\u00e9nie - L&#039;Orangerie\" data-image=\"https:\/\/lespresdeugenie.com\/wp-content\/uploads\/2021\/05\/les-pres-d-eugenie_orangerie_03-1.jpg\">\n        <img decoding=\"async\" style=\"pointer-events: none;\" src=\"https:\/\/lespresdeugenie.com\/wp-content\/uploads\/2021\/05\/les-pres-d-eugenie_orangerie_03-1-1024x614.jpg\" alt=\"\" \/>\n      <\/li>\n          <\/ul>\n\n\n\n\n<style>\n\nul.gallery{\n  display: flex;\n  flex-direction: row;\n  flex-wrap: wrap;\n  flex: 0 0 100%;\n  padding: 0;\n}\nul.gallery li{\n  display: flex;\n  flex: 1;\n  height: 22vw;\n}\nul.gallery li img,\nul.gallery li video{\n  width: 100%;\n  height: 100%;\n  object-fit: cover;\n  object-position: center;\n}\n\n.nsGallery {\n  position: fixed;\n  width: 100%;\n  height: 100%;\n  top: 0;\n  display: none;\n  background: #7f8c8d;\n  perspective: 1000;\n  visibility: hidden;\n}\n\n.filter {\n  position: absolute;\n  width: 100%;\n  height: 100%;\n  filter: blur(20px);\n  -webkit-filter: blur(20px);\n  opacity: 0.5;\n  background-position: center;\n  background-size: cover;\n}\n\n.nsGallery img, .nsGallery > video:not(.video-decor) {\n  position: absolute;\n  top: 50%;\n  left: 50%;\n  transform: translate(-50%, -50%) rotateY(0deg);\n  max-height: 95vh;\n  max-width: calc(95vw - 100px);\n  transition: 0.8s cubic-bezier(0.7, 0, 0.4, 1);\n  transform-style: preserve-3d;\n  pointer-events: none;\n}\n.video-decor{\n  position: absolute;\n  width: 100%;\n  height: 100%;\n  filter: blur(20px);\n  -webkit-filter: blur(20px);\n  object-fit: cover;\n  z-index: -1;\n}\n\n\n.desc {\n  font-size: 20px;\n  position: absolute;\n  bottom: 0;\n  padding: 25px;\n  background: rgba(0,0,0,0.4);\n  width: 100%;\n  text-align: center;\n  color: #ffffff;\n  z-index: 999;\n}\n\n.desc:empty{\n  display: none;\n}\n\n\n<\/style>\n\n\n\n<div style=\"height:50px\" aria-hidden=\"true\" class=\"wp-block-spacer\"><\/div>\n\n\n\n<div class=\"wp-block-columns is-layout-flex wp-container-core-columns-is-layout-28f84493 wp-block-columns-is-layout-flex\">\n<div class=\"wp-block-column is-layout-flow wp-block-column-is-layout-flow\" style=\"flex-basis:10%\"><\/div>\n\n\n\n<div class=\"wp-block-column is-layout-flow wp-block-column-is-layout-flow\" style=\"flex-basis:80%\">\n<h3 class=\"wp-block-heading\">En el coraz\u00f3n de la Grande Maison, en un luminoso jard\u00edn de invierno, L&#8217;Orangerie da la bienvenida a sus hu\u00e9spedes:<\/h3>\n\n\n\n<ul class=\"wp-block-list\">\n<li>&nbsp;todos los d\u00edas, de lunes a domingo, para el almuerzo y la cena en Grande Cuisine Minceur exclusivamente (con reserva previa)<\/li>\n\n\n\n<li>&nbsp;Para cenar de mi\u00e9rcoles a domingo, con el men\u00fa completo<\/li>\n\n\n\n<li>&nbsp;Para comer el s\u00e1bado y el domingo, con el men\u00fa completo<\/li>\n\n\n\n<li>&nbsp;del 17 de julio al 27 de agosto, del martes por la noche al domingo por la noche inclusive para la cena, con el Men\u00fa Completo; y de jueves a domingo para el almuerzo<\/li>\n<\/ul>\n\n\n\n<div class=\"wp-block-buttons is-layout-flex wp-block-buttons-is-layout-flex\">\n<div class=\"wp-block-button is-style-outline is-style-outline--3\"><a class=\"wp-block-button__link wp-element-button\" href=\"https:\/\/widget.thefork.com\/es\/f0f12d18-e3cf-49a2-b94d-b1c7f79e6a39?utm_source=website?utm_medium= restaurantpage\" target=\"_blank\" rel=\"noreferrer noopener\">&nbsp;Reservar en l\u00ednea<\/a><\/div>\n\n\n\n<div class=\"wp-block-button is-style-outline is-style-outline--4\"><a class=\"wp-block-button__link wp-element-button\" href=\"mailto:reservation@lespresdeugenie.com\">&nbsp;Enviar un e-mail<\/a><\/div>\n\n\n\n<div class=\"wp-block-button is-style-outline is-style-outline--5\"><a class=\"wp-block-button__link wp-element-button\" href=\"tel:+330558050607\" target=\"_blank\" rel=\"noreferrer noopener\">Llamar<\/a><\/div>\n<\/div>\n<\/div>\n\n\n\n<div class=\"wp-block-column is-layout-flow wp-block-column-is-layout-flow\" style=\"flex-basis:10%\"><\/div>\n<\/div>\n","protected":false},"excerpt":{"rendered":"<p>Hermosas bestias, hermosas plantas o c\u00f3mo disfrutar de todo lo que la Naturaleza tiene para ofrecer, en su elegante simplicidad. Las carnes m\u00e1s bonitas En Eugenie, somos muy mimados por nuestros vecinos. Entre las colinas de Chalosse se esconde un verdadero tesoro: estas granjas dirigidas por granjeros apasionados, que cr\u00edan animales excepcionales con conocimientos y [&hellip;]<\/p>\n","protected":false},"author":5,"featured_media":78312,"parent":79315,"menu_order":0,"comment_status":"open","ping_status":"open","template":"","meta":{"_acf_changed":false,"footnotes":""},"class_list":["post-79330","page","type-page","status-publish","has-post-thumbnail","hentry"],"acf":[],"yoast_head":"<!-- This site is optimized with the Yoast SEO plugin v26.7 - https:\/\/yoast.com\/wordpress\/plugins\/seo\/ -->\n<title>Restaurante L&#039;Orangerie - Les Pr\u00e9s d&#039;Eug\u00e9nie - Maison Gu\u00e9rard<\/title>\n<meta name=\"description\" content=\"El Restaurante L&#039;Orangerie ofrece un men\u00fa de temporada: Cocina chic de terru\u00f1o o basada en plantas, almuerzos de verano, cenas \u00abal fresco\u00bb.\" \/>\n<meta name=\"robots\" content=\"index, follow, max-snippet:-1, max-image-preview:large, max-video-preview:-1\" \/>\n<link rel=\"canonical\" href=\"https:\/\/lespresdeugenie.com\/es\/restaurantes\/lorangerie\/\" \/>\n<meta property=\"og:locale\" content=\"es_ES\" \/>\n<meta property=\"og:type\" content=\"article\" \/>\n<meta property=\"og:title\" content=\"Restaurante L&#039;Orangerie - Les Pr\u00e9s d&#039;Eug\u00e9nie - Maison Gu\u00e9rard\" \/>\n<meta property=\"og:description\" content=\"El Restaurante L&#039;Orangerie ofrece un men\u00fa de temporada: Cocina chic de terru\u00f1o o basada en plantas, almuerzos de verano, cenas \u00abal fresco\u00bb.\" \/>\n<meta property=\"og:url\" content=\"https:\/\/lespresdeugenie.com\/es\/restaurantes\/lorangerie\/\" \/>\n<meta property=\"og:site_name\" content=\"Les Pr\u00e9s d&#039;Eug\u00e9nie\" \/>\n<meta property=\"article:publisher\" content=\"https:\/\/www.facebook.com\/LesPresdEugenie\/\" \/>\n<meta property=\"article:modified_time\" content=\"2025-03-10T17:50:55+00:00\" \/>\n<meta property=\"og:image\" content=\"https:\/\/lespresdeugenie.com\/wp-content\/uploads\/2020\/04\/1906-07_lespresdeugenie_08_terrasse_bd.jpg\" \/>\n\t<meta property=\"og:image:width\" content=\"2500\" \/>\n\t<meta property=\"og:image:height\" content=\"1667\" \/>\n\t<meta property=\"og:image:type\" content=\"image\/jpeg\" \/>\n<meta name=\"twitter:card\" content=\"summary_large_image\" \/>\n<meta name=\"twitter:label1\" content=\"Tiempo de lectura\" \/>\n\t<meta name=\"twitter:data1\" content=\"4 minutos\" \/>\n<script type=\"application\/ld+json\" class=\"yoast-schema-graph\">{\"@context\":\"https:\/\/schema.org\",\"@graph\":[{\"@type\":\"WebPage\",\"@id\":\"https:\/\/lespresdeugenie.com\/es\/restaurantes\/lorangerie\/\",\"url\":\"https:\/\/lespresdeugenie.com\/es\/restaurantes\/lorangerie\/\",\"name\":\"Restaurante L'Orangerie - Les Pr\u00e9s d&#039;Eug\u00e9nie - Maison Gu\u00e9rard\",\"isPartOf\":{\"@id\":\"https:\/\/lespresdeugenie.com\/#website\"},\"primaryImageOfPage\":{\"@id\":\"https:\/\/lespresdeugenie.com\/es\/restaurantes\/lorangerie\/#primaryimage\"},\"image\":{\"@id\":\"https:\/\/lespresdeugenie.com\/es\/restaurantes\/lorangerie\/#primaryimage\"},\"thumbnailUrl\":\"https:\/\/lespresdeugenie.com\/wp-content\/uploads\/2020\/04\/1906-07_lespresdeugenie_08_terrasse_bd.jpg\",\"datePublished\":\"2024-04-30T14:51:23+00:00\",\"dateModified\":\"2025-03-10T17:50:55+00:00\",\"description\":\"El Restaurante L'Orangerie ofrece un men\u00fa de temporada: Cocina chic de terru\u00f1o o basada en plantas, almuerzos de verano, cenas \u00abal fresco\u00bb.\",\"breadcrumb\":{\"@id\":\"https:\/\/lespresdeugenie.com\/es\/restaurantes\/lorangerie\/#breadcrumb\"},\"inLanguage\":\"es\",\"potentialAction\":[{\"@type\":\"ReadAction\",\"target\":[\"https:\/\/lespresdeugenie.com\/es\/restaurantes\/lorangerie\/\"]}]},{\"@type\":\"ImageObject\",\"inLanguage\":\"es\",\"@id\":\"https:\/\/lespresdeugenie.com\/es\/restaurantes\/lorangerie\/#primaryimage\",\"url\":\"https:\/\/lespresdeugenie.com\/wp-content\/uploads\/2020\/04\/1906-07_lespresdeugenie_08_terrasse_bd.jpg\",\"contentUrl\":\"https:\/\/lespresdeugenie.com\/wp-content\/uploads\/2020\/04\/1906-07_lespresdeugenie_08_terrasse_bd.jpg\",\"width\":2500,\"height\":1667},{\"@type\":\"BreadcrumbList\",\"@id\":\"https:\/\/lespresdeugenie.com\/es\/restaurantes\/lorangerie\/#breadcrumb\",\"itemListElement\":[{\"@type\":\"ListItem\",\"position\":1,\"name\":\"Inicio\",\"item\":\"https:\/\/lespresdeugenie.com\/es\/\"},{\"@type\":\"ListItem\",\"position\":2,\"name\":\"Restaurantes\",\"item\":\"https:\/\/lespresdeugenie.com\/es\/restaurantes\/\"},{\"@type\":\"ListItem\",\"position\":3,\"name\":\"L&rsquo;Orangerie\"}]},{\"@type\":\"WebSite\",\"@id\":\"https:\/\/lespresdeugenie.com\/#website\",\"url\":\"https:\/\/lespresdeugenie.com\/\",\"name\":\"Les Pr\u00e9s d'Eugenie - Maison Gu\u00e9rard\",\"description\":\"Maison Gu\u00e9rard\",\"publisher\":{\"@id\":\"https:\/\/lespresdeugenie.com\/#organization\"},\"alternateName\":\"LPDE\",\"potentialAction\":[{\"@type\":\"SearchAction\",\"target\":{\"@type\":\"EntryPoint\",\"urlTemplate\":\"https:\/\/lespresdeugenie.com\/?s={search_term_string}\"},\"query-input\":{\"@type\":\"PropertyValueSpecification\",\"valueRequired\":true,\"valueName\":\"search_term_string\"}}],\"inLanguage\":\"es\"},{\"@type\":\"Organization\",\"@id\":\"https:\/\/lespresdeugenie.com\/#organization\",\"name\":\"Les Pr\u00e9s d'Eugenie - Maison Gu\u00e9rard\",\"url\":\"https:\/\/lespresdeugenie.com\/\",\"logo\":{\"@type\":\"ImageObject\",\"inLanguage\":\"es\",\"@id\":\"https:\/\/lespresdeugenie.com\/#\/schema\/logo\/image\/\",\"url\":\"https:\/\/lespresdeugenie.com\/wp-content\/uploads\/2022\/12\/les-pres-eugenie-logo-1.png\",\"contentUrl\":\"https:\/\/lespresdeugenie.com\/wp-content\/uploads\/2022\/12\/les-pres-eugenie-logo-1.png\",\"width\":269,\"height\":60,\"caption\":\"Les Pr\u00e9s d'Eugenie - Maison Gu\u00e9rard\"},\"image\":{\"@id\":\"https:\/\/lespresdeugenie.com\/#\/schema\/logo\/image\/\"},\"sameAs\":[\"https:\/\/www.facebook.com\/LesPresdEugenie\/\",\"https:\/\/www.instagram.com\/maisons_guerard\/?hl=fr\",\"https:\/\/fr.linkedin.com\/company\/les-pres-d'eugenie\"]}]}<\/script>\n<!-- \/ Yoast SEO plugin. -->","yoast_head_json":{"title":"Restaurante L'Orangerie - Les Pr\u00e9s d&#039;Eug\u00e9nie - Maison Gu\u00e9rard","description":"El Restaurante L'Orangerie ofrece un men\u00fa de temporada: Cocina chic de terru\u00f1o o basada en plantas, almuerzos de verano, cenas \u00abal fresco\u00bb.","robots":{"index":"index","follow":"follow","max-snippet":"max-snippet:-1","max-image-preview":"max-image-preview:large","max-video-preview":"max-video-preview:-1"},"canonical":"https:\/\/lespresdeugenie.com\/es\/restaurantes\/lorangerie\/","og_locale":"es_ES","og_type":"article","og_title":"Restaurante L'Orangerie - Les Pr\u00e9s d&#039;Eug\u00e9nie - Maison Gu\u00e9rard","og_description":"El Restaurante L'Orangerie ofrece un men\u00fa de temporada: Cocina chic de terru\u00f1o o basada en plantas, almuerzos de verano, cenas \u00abal fresco\u00bb.","og_url":"https:\/\/lespresdeugenie.com\/es\/restaurantes\/lorangerie\/","og_site_name":"Les Pr\u00e9s d&#039;Eug\u00e9nie","article_publisher":"https:\/\/www.facebook.com\/LesPresdEugenie\/","article_modified_time":"2025-03-10T17:50:55+00:00","og_image":[{"width":2500,"height":1667,"url":"https:\/\/lespresdeugenie.com\/wp-content\/uploads\/2020\/04\/1906-07_lespresdeugenie_08_terrasse_bd.jpg","type":"image\/jpeg"}],"twitter_card":"summary_large_image","twitter_misc":{"Tiempo de lectura":"4 minutos"},"schema":{"@context":"https:\/\/schema.org","@graph":[{"@type":"WebPage","@id":"https:\/\/lespresdeugenie.com\/es\/restaurantes\/lorangerie\/","url":"https:\/\/lespresdeugenie.com\/es\/restaurantes\/lorangerie\/","name":"Restaurante L'Orangerie - Les Pr\u00e9s d&#039;Eug\u00e9nie - Maison Gu\u00e9rard","isPartOf":{"@id":"https:\/\/lespresdeugenie.com\/#website"},"primaryImageOfPage":{"@id":"https:\/\/lespresdeugenie.com\/es\/restaurantes\/lorangerie\/#primaryimage"},"image":{"@id":"https:\/\/lespresdeugenie.com\/es\/restaurantes\/lorangerie\/#primaryimage"},"thumbnailUrl":"https:\/\/lespresdeugenie.com\/wp-content\/uploads\/2020\/04\/1906-07_lespresdeugenie_08_terrasse_bd.jpg","datePublished":"2024-04-30T14:51:23+00:00","dateModified":"2025-03-10T17:50:55+00:00","description":"El Restaurante L'Orangerie ofrece un men\u00fa de temporada: Cocina chic de terru\u00f1o o basada en plantas, almuerzos de verano, cenas \u00abal fresco\u00bb.","breadcrumb":{"@id":"https:\/\/lespresdeugenie.com\/es\/restaurantes\/lorangerie\/#breadcrumb"},"inLanguage":"es","potentialAction":[{"@type":"ReadAction","target":["https:\/\/lespresdeugenie.com\/es\/restaurantes\/lorangerie\/"]}]},{"@type":"ImageObject","inLanguage":"es","@id":"https:\/\/lespresdeugenie.com\/es\/restaurantes\/lorangerie\/#primaryimage","url":"https:\/\/lespresdeugenie.com\/wp-content\/uploads\/2020\/04\/1906-07_lespresdeugenie_08_terrasse_bd.jpg","contentUrl":"https:\/\/lespresdeugenie.com\/wp-content\/uploads\/2020\/04\/1906-07_lespresdeugenie_08_terrasse_bd.jpg","width":2500,"height":1667},{"@type":"BreadcrumbList","@id":"https:\/\/lespresdeugenie.com\/es\/restaurantes\/lorangerie\/#breadcrumb","itemListElement":[{"@type":"ListItem","position":1,"name":"Inicio","item":"https:\/\/lespresdeugenie.com\/es\/"},{"@type":"ListItem","position":2,"name":"Restaurantes","item":"https:\/\/lespresdeugenie.com\/es\/restaurantes\/"},{"@type":"ListItem","position":3,"name":"L&rsquo;Orangerie"}]},{"@type":"WebSite","@id":"https:\/\/lespresdeugenie.com\/#website","url":"https:\/\/lespresdeugenie.com\/","name":"Les Pr\u00e9s d'Eugenie - Maison Gu\u00e9rard","description":"Maison Gu\u00e9rard","publisher":{"@id":"https:\/\/lespresdeugenie.com\/#organization"},"alternateName":"LPDE","potentialAction":[{"@type":"SearchAction","target":{"@type":"EntryPoint","urlTemplate":"https:\/\/lespresdeugenie.com\/?s={search_term_string}"},"query-input":{"@type":"PropertyValueSpecification","valueRequired":true,"valueName":"search_term_string"}}],"inLanguage":"es"},{"@type":"Organization","@id":"https:\/\/lespresdeugenie.com\/#organization","name":"Les Pr\u00e9s d'Eugenie - Maison Gu\u00e9rard","url":"https:\/\/lespresdeugenie.com\/","logo":{"@type":"ImageObject","inLanguage":"es","@id":"https:\/\/lespresdeugenie.com\/#\/schema\/logo\/image\/","url":"https:\/\/lespresdeugenie.com\/wp-content\/uploads\/2022\/12\/les-pres-eugenie-logo-1.png","contentUrl":"https:\/\/lespresdeugenie.com\/wp-content\/uploads\/2022\/12\/les-pres-eugenie-logo-1.png","width":269,"height":60,"caption":"Les Pr\u00e9s d'Eugenie - Maison Gu\u00e9rard"},"image":{"@id":"https:\/\/lespresdeugenie.com\/#\/schema\/logo\/image\/"},"sameAs":["https:\/\/www.facebook.com\/LesPresdEugenie\/","https:\/\/www.instagram.com\/maisons_guerard\/?hl=fr","https:\/\/fr.linkedin.com\/company\/les-pres-d'eugenie"]}]}},"_links":{"self":[{"href":"https:\/\/lespresdeugenie.com\/es\/wp-json\/wp\/v2\/pages\/79330","targetHints":{"allow":["GET"]}}],"collection":[{"href":"https:\/\/lespresdeugenie.com\/es\/wp-json\/wp\/v2\/pages"}],"about":[{"href":"https:\/\/lespresdeugenie.com\/es\/wp-json\/wp\/v2\/types\/page"}],"author":[{"embeddable":true,"href":"https:\/\/lespresdeugenie.com\/es\/wp-json\/wp\/v2\/users\/5"}],"replies":[{"embeddable":true,"href":"https:\/\/lespresdeugenie.com\/es\/wp-json\/wp\/v2\/comments?post=79330"}],"version-history":[{"count":7,"href":"https:\/\/lespresdeugenie.com\/es\/wp-json\/wp\/v2\/pages\/79330\/revisions"}],"predecessor-version":[{"id":94798,"href":"https:\/\/lespresdeugenie.com\/es\/wp-json\/wp\/v2\/pages\/79330\/revisions\/94798"}],"up":[{"embeddable":true,"href":"https:\/\/lespresdeugenie.com\/es\/wp-json\/wp\/v2\/pages\/79315"}],"wp:featuredmedia":[{"embeddable":true,"href":"https:\/\/lespresdeugenie.com\/es\/wp-json\/wp\/v2\/media\/78312"}],"wp:attachment":[{"href":"https:\/\/lespresdeugenie.com\/es\/wp-json\/wp\/v2\/media?parent=79330"}],"curies":[{"name":"wp","href":"https:\/\/api.w.org\/{rel}","templated":true}]}}