{"id":79343,"date":"2024-04-30T17:24:52","date_gmt":"2024-04-30T15:24:52","guid":{"rendered":"https:\/\/lespresdeugenie.com\/?page_id=79343"},"modified":"2026-03-17T13:54:52","modified_gmt":"2026-03-17T12:54:52","slug":"el-cafe-mere-poule","status":"publish","type":"page","link":"https:\/\/lespresdeugenie.com\/es\/restaurantes\/el-cafe-mere-poule\/","title":{"rendered":"El Caf\u00e9 &#8220;M\u00e8re Poule&#8221;"},"content":{"rendered":"\n<div class=\"wp-block-cover is-light has-custom-content-position is-position-bottom-center\" style=\"min-height:750px;aspect-ratio:unset;\"><span aria-hidden=\"true\" class=\"wp-block-cover__background has-background-dim-20 has-background-dim\" style=\"background-color:#aa826d\"><\/span><img decoding=\"async\" width=\"1450\" height=\"1098\" src=\"https:\/\/lespresdeugenie.com\/wp-content\/uploads\/2022\/07\/EUG-CAFE-MERE-POULE-VUE-INT-003-INST-MG-CORENTIN-MOSSIERE.jpg\" class=\"wp-block-cover__image-background wp-post-image\" alt=\"\" data-object-fit=\"cover\" srcset=\"https:\/\/lespresdeugenie.com\/wp-content\/uploads\/2022\/07\/EUG-CAFE-MERE-POULE-VUE-INT-003-INST-MG-CORENTIN-MOSSIERE.jpg 1450w, https:\/\/lespresdeugenie.com\/wp-content\/uploads\/2022\/07\/EUG-CAFE-MERE-POULE-VUE-INT-003-INST-MG-CORENTIN-MOSSIERE-300x227.jpg 300w, https:\/\/lespresdeugenie.com\/wp-content\/uploads\/2022\/07\/EUG-CAFE-MERE-POULE-VUE-INT-003-INST-MG-CORENTIN-MOSSIERE-1024x775.jpg 1024w, https:\/\/lespresdeugenie.com\/wp-content\/uploads\/2022\/07\/EUG-CAFE-MERE-POULE-VUE-INT-003-INST-MG-CORENTIN-MOSSIERE-768x582.jpg 768w, https:\/\/lespresdeugenie.com\/wp-content\/uploads\/2022\/07\/EUG-CAFE-MERE-POULE-VUE-INT-003-INST-MG-CORENTIN-MOSSIERE-1000x757.jpg 1000w\" sizes=\"(max-width: 1450px) 100vw, 1450px\" \/><div class=\"wp-block-cover__inner-container is-layout-flow wp-block-cover-is-layout-flow\">\n<div class=\"wp-block-group has-white-background-color has-background is-layout-constrained wp-block-group-is-layout-constrained\">\n<h1 class=\"wp-block-heading has-text-align-center has-black-color has-text-color\">El Caf\u00e9 &#8220;M\u00e8re Poule&#8221;<\/h1>\n<\/div>\n<\/div><\/div>\n\n\n\n<div style=\"height:100px\" aria-hidden=\"true\" class=\"wp-block-spacer\"><\/div>\n\n\n\n<div class=\"wp-block-columns are-vertically-aligned-center is-layout-flex wp-container-core-columns-is-layout-28f84493 wp-block-columns-is-layout-flex\">\n<div class=\"wp-block-column is-vertically-aligned-center is-layout-flow wp-block-column-is-layout-flow\" style=\"flex-basis:10%\"><\/div>\n\n\n\n<div class=\"wp-block-column is-vertically-aligned-center is-layout-flow wp-block-column-is-layout-flow\" style=\"flex-basis:45%\">\n<figure class=\"wp-block-pullquote\"><blockquote><p>Dos hermosas habitaciones con chimenea y una soleada terraza destilan un ambiente acogedor de madera encerada, samovar brillante y lat\u00f3n pulido.<\/p><\/blockquote><\/figure>\n\n\n\n<figure class=\"wp-block-image size-large\"><img decoding=\"async\" width=\"1024\" height=\"684\" src=\"http:\/\/lespresdeugenie.com\/wp-content\/uploads\/2018\/10\/pres-eugenie-mere-poule-restaurant-etoile-sud-ouest-1024x684.jpg\" alt=\"\" class=\"wp-image-1964\" srcset=\"https:\/\/lespresdeugenie.com\/wp-content\/uploads\/2018\/10\/pres-eugenie-mere-poule-restaurant-etoile-sud-ouest-1024x684.jpg 1024w, https:\/\/lespresdeugenie.com\/wp-content\/uploads\/2018\/10\/pres-eugenie-mere-poule-restaurant-etoile-sud-ouest-300x200.jpg 300w, https:\/\/lespresdeugenie.com\/wp-content\/uploads\/2018\/10\/pres-eugenie-mere-poule-restaurant-etoile-sud-ouest-768x513.jpg 768w, https:\/\/lespresdeugenie.com\/wp-content\/uploads\/2018\/10\/pres-eugenie-mere-poule-restaurant-etoile-sud-ouest-1000x668.jpg 1000w, https:\/\/lespresdeugenie.com\/wp-content\/uploads\/2018\/10\/pres-eugenie-mere-poule-restaurant-etoile-sud-ouest-100x67.jpg 100w\" sizes=\"(max-width: 1024px) 100vw, 1024px\" \/><\/figure>\n<\/div>\n\n\n\n<div class=\"wp-block-column is-vertically-aligned-center is-layout-flow wp-block-column-is-layout-flow\" style=\"flex-basis:35%\">\n<figure class=\"wp-block-image size-large\"><img decoding=\"async\" width=\"819\" height=\"1024\" src=\"http:\/\/lespresdeugenie.com\/wp-content\/uploads\/2018\/10\/cafe-mere-poule-table-pres-eugenie-gourmandise-madelaine-nouvelle-aquitaine-819x1024.jpg\" alt=\"\" class=\"wp-image-2175\" srcset=\"https:\/\/lespresdeugenie.com\/wp-content\/uploads\/2018\/10\/cafe-mere-poule-table-pres-eugenie-gourmandise-madelaine-nouvelle-aquitaine-819x1024.jpg 819w, https:\/\/lespresdeugenie.com\/wp-content\/uploads\/2018\/10\/cafe-mere-poule-table-pres-eugenie-gourmandise-madelaine-nouvelle-aquitaine-240x300.jpg 240w, https:\/\/lespresdeugenie.com\/wp-content\/uploads\/2018\/10\/cafe-mere-poule-table-pres-eugenie-gourmandise-madelaine-nouvelle-aquitaine-768x960.jpg 768w, https:\/\/lespresdeugenie.com\/wp-content\/uploads\/2018\/10\/cafe-mere-poule-table-pres-eugenie-gourmandise-madelaine-nouvelle-aquitaine-100x125.jpg 100w, https:\/\/lespresdeugenie.com\/wp-content\/uploads\/2018\/10\/cafe-mere-poule-table-pres-eugenie-gourmandise-madelaine-nouvelle-aquitaine.jpg 960w\" sizes=\"(max-width: 819px) 100vw, 819px\" \/><\/figure>\n<\/div>\n\n\n\n<div class=\"wp-block-column is-vertically-aligned-center is-layout-flow wp-block-column-is-layout-flow\" style=\"flex-basis:10%\"><\/div>\n<\/div>\n\n\n\n<div class=\"wp-block-columns are-vertically-aligned-center is-layout-flex wp-container-core-columns-is-layout-28f84493 wp-block-columns-is-layout-flex\">\n<div class=\"wp-block-column is-layout-flow wp-block-column-is-layout-flow\" style=\"flex-basis:10%\"><\/div>\n\n\n\n<div class=\"wp-block-column is-vertically-aligned-center is-layout-flow wp-block-column-is-layout-flow\" style=\"flex-basis:80%\">\n<p><strong>En el Caf\u00e9 &#8220;M\u00e8re Poule&#8221;, se puede disfrutar de sabrosas &#8220;aperitivos&#8221; <\/strong>y pasteles de la abuela, que se pueden deslizar con una buena copa de vino de la propiedad. Un vistazo a las delicias de la Mam\u00e0 Gallina:<\/p>\n\n\n\n<ul class=\"wp-block-list\">\n<li>En el lado salado: Les 3 Petits P\u00e2t\u00e9s, Maison Oteiza servido con ensalada verde, pan de campo tostado y pepinillos<\/li>\n\n\n\n<li>Para los m\u00e1s golosos: la tarta de &#8220;chocolate fuerte&#8221;, el Baba Poule con Armagnac o el Paris-Brest con crema arom\u00e1tica&#8230;<\/li>\n<\/ul>\n\n\n\n<p><strong>M\u00e8re Poule tambi\u00e9n es el hogar del t\u00e9 de la tarde y los desayunos tard\u00edos<\/strong> con suculentos pasteles de temporada, as\u00ed como el t\u00e9 samovar ruso y el chocolate caliente tan cremoso como en nuestros recuerdos de infancia.<\/p>\n\n\n\n<p><strong>Una tienda de estilo de vida<\/strong> completa esta encantadora imagen.<\/p>\n\n\n\n<div class=\"wp-block-buttons is-content-justification-left is-layout-flex wp-container-core-buttons-is-layout-fc4fd283 wp-block-buttons-is-layout-flex\">\n<div class=\"wp-block-button is-style-outline is-style-outline--1\"><a class=\"wp-block-button__link wp-element-button\" href=\"https:\/\/lespresdeugenie.com\/menu-carte\/menu-mere-poule-en\/\" target=\"_blank\" rel=\"noreferrer noopener\">EL MEN\u00da DE LA M\u00c8RE POULE<\/a><\/div>\n<\/div>\n\n\n\n<div style=\"height:25px\" aria-hidden=\"true\" class=\"wp-block-spacer\"><\/div>\n\n\n\n<h3 class=\"wp-block-heading\">El Caf\u00e9 &#8220;M\u00e8re Poule&#8221; en la pr\u00e1ctica<\/h3>\n\n\n\n<ul class=\"wp-block-list\">\n<li>M\u00e8re Poule est\u00e1 abierto los mi\u00e9rcoles de 9:30 a 18:00 y de jueves a domingo de 12:00 a 18:00<\/li>\n\n\n\n<li>F\u00f3rmulas &#8220;Snack&#8221; desde 10\u20ac y &#8220;Aperitivo&#8221; desde 14\u20ac<\/li>\n<\/ul>\n\n\n\n<p>Para asegurarse de tener una mesa a su llegada, <strong>le recomendamos encarecidamente que haga una reserva.<\/strong><\/p>\n\n\n\n<div class=\"wp-block-buttons is-content-justification-left is-layout-flex wp-container-core-buttons-is-layout-fc4fd283 wp-block-buttons-is-layout-flex\">\n<div class=\"wp-block-button is-style-outline is-style-outline--2\"><a class=\"wp-block-button__link wp-element-button\" href=\"tel:+33558038383\">Llamar<\/a><\/div>\n<\/div>\n<\/div>\n\n\n\n<div class=\"wp-block-column is-vertically-aligned-center is-layout-flow wp-block-column-is-layout-flow\" style=\"flex-basis:10%\"><\/div>\n<\/div>\n\n\n\n<div style=\"height:50px\" aria-hidden=\"true\" class=\"wp-block-spacer\"><\/div>\n\n\n\n  <ul id=\"Galleryblock_ae5785544e48035d255ac8b452ce5055\" class=\"gallery\">\n                <li class=\"image\" data-desc=\"\" data-image=\"https:\/\/lespresdeugenie.com\/wp-content\/uploads\/2022\/07\/Mere-Poule-Gouter_Audrey-Leroy.jpg\">\n        <img decoding=\"async\" style=\"pointer-events: none;\" src=\"https:\/\/lespresdeugenie.com\/wp-content\/uploads\/2022\/07\/Mere-Poule-Gouter_Audrey-Leroy-1024x1024.jpg\" alt=\"\" \/>\n      <\/li>\n                    <li class=\"image\" data-desc=\"\" data-image=\"https:\/\/lespresdeugenie.com\/wp-content\/uploads\/2022\/07\/150613_LouisAdeline_202-scaled.jpg\">\n        <img decoding=\"async\" style=\"pointer-events: none;\" src=\"https:\/\/lespresdeugenie.com\/wp-content\/uploads\/2022\/07\/150613_LouisAdeline_202-683x1024.jpg\" alt=\"\" \/>\n      <\/li>\n                    <li class=\"image\" data-desc=\"\" data-image=\"https:\/\/lespresdeugenie.com\/wp-content\/uploads\/2022\/07\/Soupe-de-Potiron-a-la-Vanille.png\">\n        <img decoding=\"async\" style=\"pointer-events: none;\" src=\"https:\/\/lespresdeugenie.com\/wp-content\/uploads\/2022\/07\/Soupe-de-Potiron-a-la-Vanille.png\" alt=\"\" \/>\n      <\/li>\n          <\/ul>\n\n\n\n\n<style>\n\nul.gallery{\n  display: flex;\n  flex-direction: row;\n  flex-wrap: wrap;\n  flex: 0 0 100%;\n  padding: 0;\n}\nul.gallery li{\n  display: flex;\n  flex: 1;\n  height: 22vw;\n}\nul.gallery li img,\nul.gallery li video{\n  width: 100%;\n  height: 100%;\n  object-fit: cover;\n  object-position: center;\n}\n\n.nsGallery {\n  position: fixed;\n  width: 100%;\n  height: 100%;\n  top: 0;\n  display: none;\n  background: #7f8c8d;\n  perspective: 1000;\n  visibility: hidden;\n}\n\n.filter {\n  position: absolute;\n  width: 100%;\n  height: 100%;\n  filter: blur(20px);\n  -webkit-filter: blur(20px);\n  opacity: 0.5;\n  background-position: center;\n  background-size: cover;\n}\n\n.nsGallery img, .nsGallery > video:not(.video-decor) {\n  position: absolute;\n  top: 50%;\n  left: 50%;\n  transform: translate(-50%, -50%) rotateY(0deg);\n  max-height: 95vh;\n  max-width: calc(95vw - 100px);\n  transition: 0.8s cubic-bezier(0.7, 0, 0.4, 1);\n  transform-style: preserve-3d;\n  pointer-events: none;\n}\n.video-decor{\n  position: absolute;\n  width: 100%;\n  height: 100%;\n  filter: blur(20px);\n  -webkit-filter: blur(20px);\n  object-fit: cover;\n  z-index: -1;\n}\n\n\n.desc {\n  font-size: 20px;\n  position: absolute;\n  bottom: 0;\n  padding: 25px;\n  background: rgba(0,0,0,0.4);\n  width: 100%;\n  text-align: center;\n  color: #ffffff;\n  z-index: 999;\n}\n\n.desc:empty{\n  display: none;\n}\n\n\n<\/style>\n","protected":false},"excerpt":{"rendered":"<p>Dos hermosas habitaciones con chimenea y una soleada terraza destilan un ambiente acogedor de madera encerada, samovar brillante y lat\u00f3n pulido. En el Caf\u00e9 &#8220;M\u00e8re Poule&#8221;, se puede disfrutar de sabrosas &#8220;aperitivos&#8221; y pasteles de la abuela, que se pueden deslizar con una buena copa de vino de la propiedad. Un vistazo a las delicias [&hellip;]<\/p>\n","protected":false},"author":5,"featured_media":78561,"parent":79315,"menu_order":0,"comment_status":"open","ping_status":"open","template":"","meta":{"_acf_changed":false,"footnotes":""},"class_list":["post-79343","page","type-page","status-publish","has-post-thumbnail","hentry"],"acf":[],"yoast_head":"<!-- This site is optimized with the Yoast SEO plugin v26.7 - https:\/\/yoast.com\/wordpress\/plugins\/seo\/ -->\n<title>El Caf\u00e9 &quot;M\u00e8re Poule&quot; - Les Pr\u00e9s d&#039;Eug\u00e9nie - Maison Gu\u00e9rard<\/title>\n<meta name=\"description\" content=\"El Caf\u00e9 \u00abM\u00e8re Poule\u00bb es el caf\u00e9 culinario de Les Pr\u00e9s d&#039;Eug\u00e9nie - Maison Gu\u00e9rard. Reserve su mesa para desayunos tard\u00edos, meriendas, etc.\" \/>\n<meta name=\"robots\" content=\"index, follow, max-snippet:-1, max-image-preview:large, max-video-preview:-1\" \/>\n<link rel=\"canonical\" href=\"https:\/\/lespresdeugenie.com\/es\/restaurantes\/el-cafe-mere-poule\/\" \/>\n<meta property=\"og:locale\" content=\"es_ES\" \/>\n<meta property=\"og:type\" content=\"article\" \/>\n<meta property=\"og:title\" content=\"El Caf\u00e9 &quot;M\u00e8re Poule&quot; - Les Pr\u00e9s d&#039;Eug\u00e9nie - Maison Gu\u00e9rard\" \/>\n<meta property=\"og:description\" content=\"El Caf\u00e9 \u00abM\u00e8re Poule\u00bb es el caf\u00e9 culinario de Les Pr\u00e9s d&#039;Eug\u00e9nie - Maison Gu\u00e9rard. Reserve su mesa para desayunos tard\u00edos, meriendas, etc.\" \/>\n<meta property=\"og:url\" content=\"https:\/\/lespresdeugenie.com\/es\/restaurantes\/el-cafe-mere-poule\/\" \/>\n<meta property=\"og:site_name\" content=\"Les Pr\u00e9s d&#039;Eug\u00e9nie\" \/>\n<meta property=\"article:publisher\" content=\"https:\/\/www.facebook.com\/LesPresdEugenie\/\" \/>\n<meta property=\"article:modified_time\" content=\"2026-03-17T12:54:52+00:00\" \/>\n<meta property=\"og:image\" content=\"https:\/\/lespresdeugenie.com\/wp-content\/uploads\/2022\/07\/EUG-CAFE-MERE-POULE-VUE-INT-003-INST-MG-CORENTIN-MOSSIERE.jpg\" \/>\n\t<meta property=\"og:image:width\" content=\"1450\" \/>\n\t<meta property=\"og:image:height\" content=\"1098\" \/>\n\t<meta property=\"og:image:type\" content=\"image\/jpeg\" \/>\n<meta name=\"twitter:card\" content=\"summary_large_image\" \/>\n<meta name=\"twitter:label1\" content=\"Tiempo de lectura\" \/>\n\t<meta name=\"twitter:data1\" content=\"2 minutos\" \/>\n<script type=\"application\/ld+json\" class=\"yoast-schema-graph\">{\"@context\":\"https:\/\/schema.org\",\"@graph\":[{\"@type\":\"WebPage\",\"@id\":\"https:\/\/lespresdeugenie.com\/es\/restaurantes\/el-cafe-mere-poule\/\",\"url\":\"https:\/\/lespresdeugenie.com\/es\/restaurantes\/el-cafe-mere-poule\/\",\"name\":\"El Caf\u00e9 \\\"M\u00e8re Poule\\\" - Les Pr\u00e9s d&#039;Eug\u00e9nie - Maison Gu\u00e9rard\",\"isPartOf\":{\"@id\":\"https:\/\/lespresdeugenie.com\/#website\"},\"primaryImageOfPage\":{\"@id\":\"https:\/\/lespresdeugenie.com\/es\/restaurantes\/el-cafe-mere-poule\/#primaryimage\"},\"image\":{\"@id\":\"https:\/\/lespresdeugenie.com\/es\/restaurantes\/el-cafe-mere-poule\/#primaryimage\"},\"thumbnailUrl\":\"https:\/\/lespresdeugenie.com\/wp-content\/uploads\/2022\/07\/EUG-CAFE-MERE-POULE-VUE-INT-003-INST-MG-CORENTIN-MOSSIERE.jpg\",\"datePublished\":\"2024-04-30T15:24:52+00:00\",\"dateModified\":\"2026-03-17T12:54:52+00:00\",\"description\":\"El Caf\u00e9 \u00abM\u00e8re Poule\u00bb es el caf\u00e9 culinario de Les Pr\u00e9s d'Eug\u00e9nie - Maison Gu\u00e9rard. Reserve su mesa para desayunos tard\u00edos, meriendas, etc.\",\"breadcrumb\":{\"@id\":\"https:\/\/lespresdeugenie.com\/es\/restaurantes\/el-cafe-mere-poule\/#breadcrumb\"},\"inLanguage\":\"es\",\"potentialAction\":[{\"@type\":\"ReadAction\",\"target\":[\"https:\/\/lespresdeugenie.com\/es\/restaurantes\/el-cafe-mere-poule\/\"]}]},{\"@type\":\"ImageObject\",\"inLanguage\":\"es\",\"@id\":\"https:\/\/lespresdeugenie.com\/es\/restaurantes\/el-cafe-mere-poule\/#primaryimage\",\"url\":\"https:\/\/lespresdeugenie.com\/wp-content\/uploads\/2022\/07\/EUG-CAFE-MERE-POULE-VUE-INT-003-INST-MG-CORENTIN-MOSSIERE.jpg\",\"contentUrl\":\"https:\/\/lespresdeugenie.com\/wp-content\/uploads\/2022\/07\/EUG-CAFE-MERE-POULE-VUE-INT-003-INST-MG-CORENTIN-MOSSIERE.jpg\",\"width\":1450,\"height\":1098},{\"@type\":\"BreadcrumbList\",\"@id\":\"https:\/\/lespresdeugenie.com\/es\/restaurantes\/el-cafe-mere-poule\/#breadcrumb\",\"itemListElement\":[{\"@type\":\"ListItem\",\"position\":1,\"name\":\"Inicio\",\"item\":\"https:\/\/lespresdeugenie.com\/es\/\"},{\"@type\":\"ListItem\",\"position\":2,\"name\":\"Restaurantes\",\"item\":\"https:\/\/lespresdeugenie.com\/es\/restaurantes\/\"},{\"@type\":\"ListItem\",\"position\":3,\"name\":\"El Caf\u00e9 &#8220;M\u00e8re Poule&#8221;\"}]},{\"@type\":\"WebSite\",\"@id\":\"https:\/\/lespresdeugenie.com\/#website\",\"url\":\"https:\/\/lespresdeugenie.com\/\",\"name\":\"Les Pr\u00e9s d'Eugenie - Maison Gu\u00e9rard\",\"description\":\"Maison Gu\u00e9rard\",\"publisher\":{\"@id\":\"https:\/\/lespresdeugenie.com\/#organization\"},\"alternateName\":\"LPDE\",\"potentialAction\":[{\"@type\":\"SearchAction\",\"target\":{\"@type\":\"EntryPoint\",\"urlTemplate\":\"https:\/\/lespresdeugenie.com\/?s={search_term_string}\"},\"query-input\":{\"@type\":\"PropertyValueSpecification\",\"valueRequired\":true,\"valueName\":\"search_term_string\"}}],\"inLanguage\":\"es\"},{\"@type\":\"Organization\",\"@id\":\"https:\/\/lespresdeugenie.com\/#organization\",\"name\":\"Les Pr\u00e9s d'Eugenie - Maison Gu\u00e9rard\",\"url\":\"https:\/\/lespresdeugenie.com\/\",\"logo\":{\"@type\":\"ImageObject\",\"inLanguage\":\"es\",\"@id\":\"https:\/\/lespresdeugenie.com\/#\/schema\/logo\/image\/\",\"url\":\"https:\/\/lespresdeugenie.com\/wp-content\/uploads\/2022\/12\/les-pres-eugenie-logo-1.png\",\"contentUrl\":\"https:\/\/lespresdeugenie.com\/wp-content\/uploads\/2022\/12\/les-pres-eugenie-logo-1.png\",\"width\":269,\"height\":60,\"caption\":\"Les Pr\u00e9s d'Eugenie - Maison Gu\u00e9rard\"},\"image\":{\"@id\":\"https:\/\/lespresdeugenie.com\/#\/schema\/logo\/image\/\"},\"sameAs\":[\"https:\/\/www.facebook.com\/LesPresdEugenie\/\",\"https:\/\/www.instagram.com\/maisons_guerard\/?hl=fr\",\"https:\/\/fr.linkedin.com\/company\/les-pres-d'eugenie\"]}]}<\/script>\n<!-- \/ Yoast SEO plugin. -->","yoast_head_json":{"title":"El Caf\u00e9 \"M\u00e8re Poule\" - Les Pr\u00e9s d&#039;Eug\u00e9nie - Maison Gu\u00e9rard","description":"El Caf\u00e9 \u00abM\u00e8re Poule\u00bb es el caf\u00e9 culinario de Les Pr\u00e9s d'Eug\u00e9nie - Maison Gu\u00e9rard. Reserve su mesa para desayunos tard\u00edos, meriendas, etc.","robots":{"index":"index","follow":"follow","max-snippet":"max-snippet:-1","max-image-preview":"max-image-preview:large","max-video-preview":"max-video-preview:-1"},"canonical":"https:\/\/lespresdeugenie.com\/es\/restaurantes\/el-cafe-mere-poule\/","og_locale":"es_ES","og_type":"article","og_title":"El Caf\u00e9 \"M\u00e8re Poule\" - Les Pr\u00e9s d&#039;Eug\u00e9nie - Maison Gu\u00e9rard","og_description":"El Caf\u00e9 \u00abM\u00e8re Poule\u00bb es el caf\u00e9 culinario de Les Pr\u00e9s d'Eug\u00e9nie - Maison Gu\u00e9rard. Reserve su mesa para desayunos tard\u00edos, meriendas, etc.","og_url":"https:\/\/lespresdeugenie.com\/es\/restaurantes\/el-cafe-mere-poule\/","og_site_name":"Les Pr\u00e9s d&#039;Eug\u00e9nie","article_publisher":"https:\/\/www.facebook.com\/LesPresdEugenie\/","article_modified_time":"2026-03-17T12:54:52+00:00","og_image":[{"width":1450,"height":1098,"url":"https:\/\/lespresdeugenie.com\/wp-content\/uploads\/2022\/07\/EUG-CAFE-MERE-POULE-VUE-INT-003-INST-MG-CORENTIN-MOSSIERE.jpg","type":"image\/jpeg"}],"twitter_card":"summary_large_image","twitter_misc":{"Tiempo de lectura":"2 minutos"},"schema":{"@context":"https:\/\/schema.org","@graph":[{"@type":"WebPage","@id":"https:\/\/lespresdeugenie.com\/es\/restaurantes\/el-cafe-mere-poule\/","url":"https:\/\/lespresdeugenie.com\/es\/restaurantes\/el-cafe-mere-poule\/","name":"El Caf\u00e9 \"M\u00e8re Poule\" - Les Pr\u00e9s d&#039;Eug\u00e9nie - Maison Gu\u00e9rard","isPartOf":{"@id":"https:\/\/lespresdeugenie.com\/#website"},"primaryImageOfPage":{"@id":"https:\/\/lespresdeugenie.com\/es\/restaurantes\/el-cafe-mere-poule\/#primaryimage"},"image":{"@id":"https:\/\/lespresdeugenie.com\/es\/restaurantes\/el-cafe-mere-poule\/#primaryimage"},"thumbnailUrl":"https:\/\/lespresdeugenie.com\/wp-content\/uploads\/2022\/07\/EUG-CAFE-MERE-POULE-VUE-INT-003-INST-MG-CORENTIN-MOSSIERE.jpg","datePublished":"2024-04-30T15:24:52+00:00","dateModified":"2026-03-17T12:54:52+00:00","description":"El Caf\u00e9 \u00abM\u00e8re Poule\u00bb es el caf\u00e9 culinario de Les Pr\u00e9s d'Eug\u00e9nie - Maison Gu\u00e9rard. Reserve su mesa para desayunos tard\u00edos, meriendas, etc.","breadcrumb":{"@id":"https:\/\/lespresdeugenie.com\/es\/restaurantes\/el-cafe-mere-poule\/#breadcrumb"},"inLanguage":"es","potentialAction":[{"@type":"ReadAction","target":["https:\/\/lespresdeugenie.com\/es\/restaurantes\/el-cafe-mere-poule\/"]}]},{"@type":"ImageObject","inLanguage":"es","@id":"https:\/\/lespresdeugenie.com\/es\/restaurantes\/el-cafe-mere-poule\/#primaryimage","url":"https:\/\/lespresdeugenie.com\/wp-content\/uploads\/2022\/07\/EUG-CAFE-MERE-POULE-VUE-INT-003-INST-MG-CORENTIN-MOSSIERE.jpg","contentUrl":"https:\/\/lespresdeugenie.com\/wp-content\/uploads\/2022\/07\/EUG-CAFE-MERE-POULE-VUE-INT-003-INST-MG-CORENTIN-MOSSIERE.jpg","width":1450,"height":1098},{"@type":"BreadcrumbList","@id":"https:\/\/lespresdeugenie.com\/es\/restaurantes\/el-cafe-mere-poule\/#breadcrumb","itemListElement":[{"@type":"ListItem","position":1,"name":"Inicio","item":"https:\/\/lespresdeugenie.com\/es\/"},{"@type":"ListItem","position":2,"name":"Restaurantes","item":"https:\/\/lespresdeugenie.com\/es\/restaurantes\/"},{"@type":"ListItem","position":3,"name":"El Caf\u00e9 &#8220;M\u00e8re Poule&#8221;"}]},{"@type":"WebSite","@id":"https:\/\/lespresdeugenie.com\/#website","url":"https:\/\/lespresdeugenie.com\/","name":"Les Pr\u00e9s d'Eugenie - Maison Gu\u00e9rard","description":"Maison Gu\u00e9rard","publisher":{"@id":"https:\/\/lespresdeugenie.com\/#organization"},"alternateName":"LPDE","potentialAction":[{"@type":"SearchAction","target":{"@type":"EntryPoint","urlTemplate":"https:\/\/lespresdeugenie.com\/?s={search_term_string}"},"query-input":{"@type":"PropertyValueSpecification","valueRequired":true,"valueName":"search_term_string"}}],"inLanguage":"es"},{"@type":"Organization","@id":"https:\/\/lespresdeugenie.com\/#organization","name":"Les Pr\u00e9s d'Eugenie - Maison Gu\u00e9rard","url":"https:\/\/lespresdeugenie.com\/","logo":{"@type":"ImageObject","inLanguage":"es","@id":"https:\/\/lespresdeugenie.com\/#\/schema\/logo\/image\/","url":"https:\/\/lespresdeugenie.com\/wp-content\/uploads\/2022\/12\/les-pres-eugenie-logo-1.png","contentUrl":"https:\/\/lespresdeugenie.com\/wp-content\/uploads\/2022\/12\/les-pres-eugenie-logo-1.png","width":269,"height":60,"caption":"Les Pr\u00e9s d'Eugenie - Maison Gu\u00e9rard"},"image":{"@id":"https:\/\/lespresdeugenie.com\/#\/schema\/logo\/image\/"},"sameAs":["https:\/\/www.facebook.com\/LesPresdEugenie\/","https:\/\/www.instagram.com\/maisons_guerard\/?hl=fr","https:\/\/fr.linkedin.com\/company\/les-pres-d'eugenie"]}]}},"_links":{"self":[{"href":"https:\/\/lespresdeugenie.com\/es\/wp-json\/wp\/v2\/pages\/79343","targetHints":{"allow":["GET"]}}],"collection":[{"href":"https:\/\/lespresdeugenie.com\/es\/wp-json\/wp\/v2\/pages"}],"about":[{"href":"https:\/\/lespresdeugenie.com\/es\/wp-json\/wp\/v2\/types\/page"}],"author":[{"embeddable":true,"href":"https:\/\/lespresdeugenie.com\/es\/wp-json\/wp\/v2\/users\/5"}],"replies":[{"embeddable":true,"href":"https:\/\/lespresdeugenie.com\/es\/wp-json\/wp\/v2\/comments?post=79343"}],"version-history":[{"count":8,"href":"https:\/\/lespresdeugenie.com\/es\/wp-json\/wp\/v2\/pages\/79343\/revisions"}],"predecessor-version":[{"id":113749,"href":"https:\/\/lespresdeugenie.com\/es\/wp-json\/wp\/v2\/pages\/79343\/revisions\/113749"}],"up":[{"embeddable":true,"href":"https:\/\/lespresdeugenie.com\/es\/wp-json\/wp\/v2\/pages\/79315"}],"wp:featuredmedia":[{"embeddable":true,"href":"https:\/\/lespresdeugenie.com\/es\/wp-json\/wp\/v2\/media\/78561"}],"wp:attachment":[{"href":"https:\/\/lespresdeugenie.com\/es\/wp-json\/wp\/v2\/media?parent=79343"}],"curies":[{"name":"wp","href":"https:\/\/api.w.org\/{rel}","templated":true}]}}