{"id":79381,"date":"2024-05-02T10:07:16","date_gmt":"2024-05-02T08:07:16","guid":{"rendered":"https:\/\/lespresdeugenie.com\/?page_id=79381"},"modified":"2024-05-03T17:11:42","modified_gmt":"2024-05-03T15:11:42","slug":"la-escuela-de-cocina","status":"publish","type":"page","link":"https:\/\/lespresdeugenie.com\/es\/la-escuela-de-cocina\/","title":{"rendered":"La Escuela de Cocina"},"content":{"rendered":"\n<div class=\"wp-block-cover is-light has-custom-content-position is-position-bottom-center\" style=\"min-height:80vh;aspect-ratio:unset;\"><span aria-hidden=\"true\" class=\"wp-block-cover__background has-background-dim-20 has-background-dim\"><\/span><img decoding=\"async\" width=\"1415\" height=\"983\" class=\"wp-block-cover__image-background wp-image-2297\" alt=\"\" src=\"http:\/\/lespresdeugenie.com\/wp-content\/uploads\/2018\/10\/pres-eugenie-ecole-cours-cuisine-minceur-etoile-terroir.jpg\" data-object-fit=\"cover\" srcset=\"https:\/\/lespresdeugenie.com\/wp-content\/uploads\/2018\/10\/pres-eugenie-ecole-cours-cuisine-minceur-etoile-terroir.jpg 1415w, https:\/\/lespresdeugenie.com\/wp-content\/uploads\/2018\/10\/pres-eugenie-ecole-cours-cuisine-minceur-etoile-terroir-300x208.jpg 300w, https:\/\/lespresdeugenie.com\/wp-content\/uploads\/2018\/10\/pres-eugenie-ecole-cours-cuisine-minceur-etoile-terroir-768x534.jpg 768w, https:\/\/lespresdeugenie.com\/wp-content\/uploads\/2018\/10\/pres-eugenie-ecole-cours-cuisine-minceur-etoile-terroir-1024x711.jpg 1024w, https:\/\/lespresdeugenie.com\/wp-content\/uploads\/2018\/10\/pres-eugenie-ecole-cours-cuisine-minceur-etoile-terroir-1000x695.jpg 1000w, https:\/\/lespresdeugenie.com\/wp-content\/uploads\/2018\/10\/pres-eugenie-ecole-cours-cuisine-minceur-etoile-terroir-100x69.jpg 100w\" sizes=\"(max-width: 1415px) 100vw, 1415px\" \/><div class=\"wp-block-cover__inner-container is-layout-flow wp-block-cover-is-layout-flow\">\n<div class=\"wp-block-group has-white-background-color has-background is-layout-constrained wp-block-group-is-layout-constrained\">\n<h1 class=\"wp-block-heading has-text-align-center\">La Escuela de Cocina<\/h1>\n<\/div>\n<\/div><\/div>\n\n\n\n<div style=\"height:100px\" aria-hidden=\"true\" class=\"wp-block-spacer\"><\/div>\n\n\n\n<div class=\"wp-block-columns is-layout-flex wp-container-core-columns-is-layout-28f84493 wp-block-columns-is-layout-flex\">\n<div class=\"wp-block-column is-layout-flow wp-block-column-is-layout-flow\" style=\"flex-basis:20%\"><\/div>\n\n\n\n<div class=\"wp-block-column is-layout-flow wp-block-column-is-layout-flow\" style=\"flex-basis:60%\">\n<figure class=\"wp-block-pullquote\"><blockquote><p>Enclavado en el bamb\u00fa del parque, el gran invernadero de la escuela de cocina alberga muchas clases durante todo el a\u00f1o, algunas reservadas para profesionales, otras para aficionados.<\/p><\/blockquote><\/figure>\n<\/div>\n\n\n\n<div class=\"wp-block-column is-layout-flow wp-block-column-is-layout-flow\" style=\"flex-basis:20%\"><\/div>\n<\/div>\n\n\n\n<p class=\"has-text-align-center\">Las clases de cocina se imparten en el magn\u00edfico laboratorio de nuestra Escuela de Cocina, las clases se imparten en varios formatos:<\/p>\n\n\n\n<div class=\"wp-block-buttons is-content-justification-center is-layout-flex wp-container-core-buttons-is-layout-a89b3969 wp-block-buttons-is-layout-flex\">\n<div class=\"wp-block-button\"><a class=\"wp-block-button__link wp-element-button\" href=\"\/en\/categorie-produit\/cookery-classes\/\">Reservar una clase<\/a><\/div>\n\n\n\n<div class=\"wp-block-button\"><a class=\"wp-block-button__link wp-element-button\" href=\"https:\/\/lespresdeugenie.com\/wp-content\/uploads\/2023\/02\/Lecons-de-cuisine-2023-FR.pdf\">Ver el programa 2023<\/a><\/div>\n<\/div>\n\n\n\n<div style=\"height:42px\" aria-hidden=\"true\" class=\"wp-block-spacer\"><\/div>\n\n\n\n<div class=\"wp-block-columns is-layout-flex wp-container-core-columns-is-layout-28f84493 wp-block-columns-is-layout-flex\">\n<div class=\"wp-block-column is-layout-flow wp-block-column-is-layout-flow\" style=\"flex-basis:10%\"><\/div>\n\n\n\n<div class=\"wp-block-column is-layout-flow wp-block-column-is-layout-flow\" style=\"flex-basis:40%\">\n<div class=\"wp-block-group has-secondary-background-color has-background is-layout-constrained wp-block-group-is-layout-constrained\">\n<h3 class=\"wp-block-heading\">Cursos de 4 d\u00edas<\/h3>\n\n\n\n<p>14 horas de clases en 4 d\u00edas (3 d\u00edas de cocina + 1 d\u00eda de pasteler\u00eda) + 1 visita de vino al Ch\u00e2teau de Bachen 880 \u20ac \/ estudiante<\/p>\n<\/div>\n\n\n\n<div style=\"height:20px\" aria-hidden=\"true\" class=\"wp-block-spacer\"><\/div>\n\n\n\n<div class=\"wp-block-group has-secondary-background-color has-background is-layout-constrained wp-block-group-is-layout-constrained\">\n<h3 class=\"wp-block-heading\">Cursos de medio d\u00eda<\/h3>\n\n\n\n<p>4h00 de clase tem\u00e1tica (elaboraci\u00f3n de 3 platos + trucos de mano) + 1 almuerzo degustaci\u00f3n desde 250 \u20ac \/ estudiante<\/p>\n<\/div>\n<\/div>\n\n\n\n<div class=\"wp-block-column is-layout-flow wp-block-column-is-layout-flow\" style=\"flex-basis:40%\">\n<div class=\"wp-block-group has-secondary-background-color has-background is-layout-constrained wp-block-group-is-layout-constrained\">\n<h3 class=\"wp-block-heading\">Talleres &#8220;\u00a1Un curso, un producto!&#8221;<\/h3>\n\n\n\n<p>1h30 de clase centrada en un producto (preparaci\u00f3n y t\u00e9cnicas de cocci\u00f3n + 1 receta) desde 95 \u20ac \/ estudiante<\/p>\n<\/div>\n\n\n\n<div style=\"height:20px\" aria-hidden=\"true\" class=\"wp-block-spacer\"><\/div>\n\n\n\n<div class=\"wp-block-group has-secondary-background-color has-background is-layout-constrained wp-block-group-is-layout-constrained\">\n<h3 class=\"wp-block-heading\">Talleres de pasteler\u00eda para peque\u00f1os y adultos<\/h3>\n\n\n\n<p>Clase de pasteler\u00eda para dos personas (preparaci\u00f3n y t\u00e9cnicas de cocci\u00f3n + 1 receta) desde 95 \u20ac \/ adulto, acompa\u00f1ado de un ni\u00f1o de hasta 15 a\u00f1os<\/p>\n<\/div>\n<\/div>\n\n\n\n<div class=\"wp-block-column is-layout-flow wp-block-column-is-layout-flow\" style=\"flex-basis:10%\"><\/div>\n<\/div>\n\n\n\n<p class=\"has-text-align-center has-small-font-size\"><em>Reservados a los no profesionales, son perfectamente interactivos, ya que cada alumno tiene su propio puesto de trabajo.<\/em><\/p>\n\n\n\n<div style=\"height:25px\" aria-hidden=\"true\" class=\"wp-block-spacer\"><\/div>\n\n\n\n<div class=\"wp-block-buttons is-content-justification-center is-layout-flex wp-container-core-buttons-is-layout-a89b3969 wp-block-buttons-is-layout-flex\">\n<div class=\"wp-block-button is-style-fill\"><a class=\"wp-block-button__link wp-element-button\" href=\"https:\/\/www.institutmichelguerard.com\/\" target=\"_blank\" rel=\"noreferrer noopener\">Descubre el instituto de cocina profesional<\/a><\/div>\n<\/div>\n\n\n\n<div style=\"height:25px\" aria-hidden=\"true\" class=\"wp-block-spacer\"><\/div>\n\n\n\n  <ul id=\"Galleryblock_f98abdc6ad368f6bf8c0fa95328806a1\" class=\"gallery\">\n                <li class=\"image\" data-desc=\"\" data-image=\"https:\/\/lespresdeugenie.com\/wp-content\/uploads\/2018\/10\/Foie_Gras_Les-Pres-d-Eugenie-guerard.jpg\">\n        <img decoding=\"async\" style=\"pointer-events: none;\" src=\"https:\/\/lespresdeugenie.com\/wp-content\/uploads\/2018\/10\/Foie_Gras_Les-Pres-d-Eugenie-guerard-768x1024.jpg\" alt=\"\" \/>\n      <\/li>\n                    <li class=\"image\" data-desc=\"\" data-image=\"https:\/\/lespresdeugenie.com\/wp-content\/uploads\/2018\/10\/Velout\u0412-dAil-Doux-au-Quinoa-Rouge-Oeuf-Poch\u0412-Crevettes-Grill\u0412es-L\u0412gume-Vapeur-Huile-dOlive-Vierge-3-min.jpg\">\n        <img decoding=\"async\" style=\"pointer-events: none;\" src=\"https:\/\/lespresdeugenie.com\/wp-content\/uploads\/2018\/10\/Velout\u0412-dAil-Doux-au-Quinoa-Rouge-Oeuf-Poch\u0412-Crevettes-Grill\u0412es-L\u0412gume-Vapeur-Huile-dOlive-Vierge-3-min-1024x1024.jpg\" alt=\"\" \/>\n      <\/li>\n                    <li class=\"image\" data-desc=\"\" data-image=\"https:\/\/lespresdeugenie.com\/wp-content\/uploads\/2018\/10\/cafe-culinaire-mere-poule-cuisine-eugenie-michel-guerard.jpg\">\n        <img decoding=\"async\" style=\"pointer-events: none;\" src=\"https:\/\/lespresdeugenie.com\/wp-content\/uploads\/2018\/10\/cafe-culinaire-mere-poule-cuisine-eugenie-michel-guerard-1024x890.jpg\" alt=\"\" \/>\n      <\/li>\n          <\/ul>\n\n\n\n\n<style>\n\nul.gallery{\n  display: flex;\n  flex-direction: row;\n  flex-wrap: wrap;\n  flex: 0 0 100%;\n  padding: 0;\n}\nul.gallery li{\n  display: flex;\n  flex: 1;\n  height: 22vw;\n}\nul.gallery li img,\nul.gallery li video{\n  width: 100%;\n  height: 100%;\n  object-fit: cover;\n  object-position: center;\n}\n\n.nsGallery {\n  position: fixed;\n  width: 100%;\n  height: 100%;\n  top: 0;\n  display: none;\n  background: #7f8c8d;\n  perspective: 1000;\n  visibility: hidden;\n}\n\n.filter {\n  position: absolute;\n  width: 100%;\n  height: 100%;\n  filter: blur(20px);\n  -webkit-filter: blur(20px);\n  opacity: 0.5;\n  background-position: center;\n  background-size: cover;\n}\n\n.nsGallery img, .nsGallery > video:not(.video-decor) {\n  position: absolute;\n  top: 50%;\n  left: 50%;\n  transform: translate(-50%, -50%) rotateY(0deg);\n  max-height: 95vh;\n  max-width: calc(95vw - 100px);\n  transition: 0.8s cubic-bezier(0.7, 0, 0.4, 1);\n  transform-style: preserve-3d;\n  pointer-events: none;\n}\n.video-decor{\n  position: absolute;\n  width: 100%;\n  height: 100%;\n  filter: blur(20px);\n  -webkit-filter: blur(20px);\n  object-fit: cover;\n  z-index: -1;\n}\n\n\n.desc {\n  font-size: 20px;\n  position: absolute;\n  bottom: 0;\n  padding: 25px;\n  background: rgba(0,0,0,0.4);\n  width: 100%;\n  text-align: center;\n  color: #ffffff;\n  z-index: 999;\n}\n\n.desc:empty{\n  display: none;\n}\n\n\n<\/style>\n\n\n\n<div class=\"wp-block-columns is-layout-flex wp-container-core-columns-is-layout-28f84493 wp-block-columns-is-layout-flex\">\n<div class=\"wp-block-column is-layout-flow wp-block-column-is-layout-flow\" style=\"flex-basis:10%\"><\/div>\n\n\n\n<div class=\"wp-block-column is-layout-flow wp-block-column-is-layout-flow\" style=\"flex-basis:80%\">\n<div style=\"height:100px\" aria-hidden=\"true\" class=\"wp-block-spacer\"><\/div>\n\n\n\n<h2 class=\"wp-block-heading\">Nuestras clases de cocina tambi\u00e9n est\u00e1n disponibles como cheques regalo.<\/h2>\n\n\n\n<div style=\"height:50px\" aria-hidden=\"true\" class=\"wp-block-spacer\"><\/div>\n\n\n\n<div class=\"wp-block-buttons is-content-justification-center is-layout-flex wp-container-core-buttons-is-layout-a89b3969 wp-block-buttons-is-layout-flex\">\n<div class=\"wp-block-button\"><a class=\"wp-block-button__link wp-element-button\" href=\"\/en\/categorie-produit\/cookery-classes\/\">ver cheques regalo<\/a><\/div>\n<\/div>\n<\/div>\n<\/div>\n\n\n\n<div class=\"wp-block-columns is-layout-flex wp-container-core-columns-is-layout-28f84493 wp-block-columns-is-layout-flex\">\n<div class=\"wp-block-column is-layout-flow wp-block-column-is-layout-flow\" style=\"flex-basis:10%\"><\/div>\n\n\n\n<div class=\"wp-block-column is-layout-flow wp-block-column-is-layout-flow\" style=\"flex-basis:80%\"><\/div>\n\n\n\n<div class=\"wp-block-column is-layout-flow wp-block-column-is-layout-flow\" style=\"flex-basis:10%\"><\/div>\n<\/div>\n","protected":false},"excerpt":{"rendered":"<p>Enclavado en el bamb\u00fa del parque, el gran invernadero de la escuela de cocina alberga muchas clases durante todo el a\u00f1o, algunas reservadas para profesionales, otras para aficionados. Las clases de cocina se imparten en el magn\u00edfico laboratorio de nuestra Escuela de Cocina, las clases se imparten en varios formatos: Cursos de 4 d\u00edas 14 [&hellip;]<\/p>\n","protected":false},"author":5,"featured_media":0,"parent":0,"menu_order":0,"comment_status":"open","ping_status":"open","template":"","meta":{"_acf_changed":false,"footnotes":""},"class_list":["post-79381","page","type-page","status-publish","hentry"],"acf":[],"yoast_head":"<!-- This site is optimized with the Yoast SEO plugin v26.7 - https:\/\/yoast.com\/wordpress\/plugins\/seo\/ -->\n<title>La Escuela de Cocina - Les Pr\u00e9s d&#039;Eug\u00e9nie - Maison Gu\u00e9rard<\/title>\n<meta name=\"description\" content=\"\u00danase a la escuela de cocina y a los cursos de Pr\u00e9s d&#039;Eug\u00e9nie: cocina con estrella Michelin, Grande Cuisine Minceur de Michel Gu\u00e9rard...\" \/>\n<meta name=\"robots\" content=\"index, follow, max-snippet:-1, max-image-preview:large, max-video-preview:-1\" \/>\n<link rel=\"canonical\" href=\"https:\/\/lespresdeugenie.com\/es\/la-escuela-de-cocina\/\" \/>\n<meta property=\"og:locale\" content=\"es_ES\" \/>\n<meta property=\"og:type\" content=\"article\" \/>\n<meta property=\"og:title\" content=\"La Escuela de Cocina - Les Pr\u00e9s d&#039;Eug\u00e9nie - Maison Gu\u00e9rard\" \/>\n<meta property=\"og:description\" content=\"\u00danase a la escuela de cocina y a los cursos de Pr\u00e9s d&#039;Eug\u00e9nie: cocina con estrella Michelin, Grande Cuisine Minceur de Michel Gu\u00e9rard...\" \/>\n<meta property=\"og:url\" content=\"https:\/\/lespresdeugenie.com\/es\/la-escuela-de-cocina\/\" \/>\n<meta property=\"og:site_name\" content=\"Les Pr\u00e9s d&#039;Eug\u00e9nie\" \/>\n<meta property=\"article:publisher\" content=\"https:\/\/www.facebook.com\/LesPresdEugenie\/\" \/>\n<meta property=\"article:modified_time\" content=\"2024-05-03T15:11:42+00:00\" \/>\n<meta property=\"og:image\" content=\"http:\/\/lespresdeugenie.com\/wp-content\/uploads\/2018\/10\/pres-eugenie-ecole-cours-cuisine-minceur-etoile-terroir.jpg\" \/>\n<meta name=\"twitter:card\" content=\"summary_large_image\" \/>\n<meta name=\"twitter:label1\" content=\"Tiempo de lectura\" \/>\n\t<meta name=\"twitter:data1\" content=\"2 minutos\" \/>\n<script type=\"application\/ld+json\" class=\"yoast-schema-graph\">{\"@context\":\"https:\/\/schema.org\",\"@graph\":[{\"@type\":\"WebPage\",\"@id\":\"https:\/\/lespresdeugenie.com\/es\/la-escuela-de-cocina\/\",\"url\":\"https:\/\/lespresdeugenie.com\/es\/la-escuela-de-cocina\/\",\"name\":\"La Escuela de Cocina - Les Pr\u00e9s d&#039;Eug\u00e9nie - Maison Gu\u00e9rard\",\"isPartOf\":{\"@id\":\"https:\/\/lespresdeugenie.com\/#website\"},\"primaryImageOfPage\":{\"@id\":\"https:\/\/lespresdeugenie.com\/es\/la-escuela-de-cocina\/#primaryimage\"},\"image\":{\"@id\":\"https:\/\/lespresdeugenie.com\/es\/la-escuela-de-cocina\/#primaryimage\"},\"thumbnailUrl\":\"http:\/\/lespresdeugenie.com\/wp-content\/uploads\/2018\/10\/pres-eugenie-ecole-cours-cuisine-minceur-etoile-terroir.jpg\",\"datePublished\":\"2024-05-02T08:07:16+00:00\",\"dateModified\":\"2024-05-03T15:11:42+00:00\",\"description\":\"\u00danase a la escuela de cocina y a los cursos de Pr\u00e9s d'Eug\u00e9nie: cocina con estrella Michelin, Grande Cuisine Minceur de Michel Gu\u00e9rard...\",\"breadcrumb\":{\"@id\":\"https:\/\/lespresdeugenie.com\/es\/la-escuela-de-cocina\/#breadcrumb\"},\"inLanguage\":\"es\",\"potentialAction\":[{\"@type\":\"ReadAction\",\"target\":[\"https:\/\/lespresdeugenie.com\/es\/la-escuela-de-cocina\/\"]}]},{\"@type\":\"ImageObject\",\"inLanguage\":\"es\",\"@id\":\"https:\/\/lespresdeugenie.com\/es\/la-escuela-de-cocina\/#primaryimage\",\"url\":\"http:\/\/lespresdeugenie.com\/wp-content\/uploads\/2018\/10\/pres-eugenie-ecole-cours-cuisine-minceur-etoile-terroir.jpg\",\"contentUrl\":\"http:\/\/lespresdeugenie.com\/wp-content\/uploads\/2018\/10\/pres-eugenie-ecole-cours-cuisine-minceur-etoile-terroir.jpg\"},{\"@type\":\"BreadcrumbList\",\"@id\":\"https:\/\/lespresdeugenie.com\/es\/la-escuela-de-cocina\/#breadcrumb\",\"itemListElement\":[{\"@type\":\"ListItem\",\"position\":1,\"name\":\"Inicio\",\"item\":\"https:\/\/lespresdeugenie.com\/es\/\"},{\"@type\":\"ListItem\",\"position\":2,\"name\":\"La Escuela de Cocina\"}]},{\"@type\":\"WebSite\",\"@id\":\"https:\/\/lespresdeugenie.com\/#website\",\"url\":\"https:\/\/lespresdeugenie.com\/\",\"name\":\"Les Pr\u00e9s d'Eugenie - Maison Gu\u00e9rard\",\"description\":\"Maison Gu\u00e9rard\",\"publisher\":{\"@id\":\"https:\/\/lespresdeugenie.com\/#organization\"},\"alternateName\":\"LPDE\",\"potentialAction\":[{\"@type\":\"SearchAction\",\"target\":{\"@type\":\"EntryPoint\",\"urlTemplate\":\"https:\/\/lespresdeugenie.com\/?s={search_term_string}\"},\"query-input\":{\"@type\":\"PropertyValueSpecification\",\"valueRequired\":true,\"valueName\":\"search_term_string\"}}],\"inLanguage\":\"es\"},{\"@type\":\"Organization\",\"@id\":\"https:\/\/lespresdeugenie.com\/#organization\",\"name\":\"Les Pr\u00e9s d'Eugenie - Maison Gu\u00e9rard\",\"url\":\"https:\/\/lespresdeugenie.com\/\",\"logo\":{\"@type\":\"ImageObject\",\"inLanguage\":\"es\",\"@id\":\"https:\/\/lespresdeugenie.com\/#\/schema\/logo\/image\/\",\"url\":\"https:\/\/lespresdeugenie.com\/wp-content\/uploads\/2022\/12\/les-pres-eugenie-logo-1.png\",\"contentUrl\":\"https:\/\/lespresdeugenie.com\/wp-content\/uploads\/2022\/12\/les-pres-eugenie-logo-1.png\",\"width\":269,\"height\":60,\"caption\":\"Les Pr\u00e9s d'Eugenie - Maison Gu\u00e9rard\"},\"image\":{\"@id\":\"https:\/\/lespresdeugenie.com\/#\/schema\/logo\/image\/\"},\"sameAs\":[\"https:\/\/www.facebook.com\/LesPresdEugenie\/\",\"https:\/\/www.instagram.com\/maisons_guerard\/?hl=fr\",\"https:\/\/fr.linkedin.com\/company\/les-pres-d'eugenie\"]}]}<\/script>\n<!-- \/ Yoast SEO plugin. -->","yoast_head_json":{"title":"La Escuela de Cocina - Les Pr\u00e9s d&#039;Eug\u00e9nie - Maison Gu\u00e9rard","description":"\u00danase a la escuela de cocina y a los cursos de Pr\u00e9s d'Eug\u00e9nie: cocina con estrella Michelin, Grande Cuisine Minceur de Michel Gu\u00e9rard...","robots":{"index":"index","follow":"follow","max-snippet":"max-snippet:-1","max-image-preview":"max-image-preview:large","max-video-preview":"max-video-preview:-1"},"canonical":"https:\/\/lespresdeugenie.com\/es\/la-escuela-de-cocina\/","og_locale":"es_ES","og_type":"article","og_title":"La Escuela de Cocina - Les Pr\u00e9s d&#039;Eug\u00e9nie - Maison Gu\u00e9rard","og_description":"\u00danase a la escuela de cocina y a los cursos de Pr\u00e9s d'Eug\u00e9nie: cocina con estrella Michelin, Grande Cuisine Minceur de Michel Gu\u00e9rard...","og_url":"https:\/\/lespresdeugenie.com\/es\/la-escuela-de-cocina\/","og_site_name":"Les Pr\u00e9s d&#039;Eug\u00e9nie","article_publisher":"https:\/\/www.facebook.com\/LesPresdEugenie\/","article_modified_time":"2024-05-03T15:11:42+00:00","og_image":[{"url":"http:\/\/lespresdeugenie.com\/wp-content\/uploads\/2018\/10\/pres-eugenie-ecole-cours-cuisine-minceur-etoile-terroir.jpg","type":"","width":"","height":""}],"twitter_card":"summary_large_image","twitter_misc":{"Tiempo de lectura":"2 minutos"},"schema":{"@context":"https:\/\/schema.org","@graph":[{"@type":"WebPage","@id":"https:\/\/lespresdeugenie.com\/es\/la-escuela-de-cocina\/","url":"https:\/\/lespresdeugenie.com\/es\/la-escuela-de-cocina\/","name":"La Escuela de Cocina - Les Pr\u00e9s d&#039;Eug\u00e9nie - Maison Gu\u00e9rard","isPartOf":{"@id":"https:\/\/lespresdeugenie.com\/#website"},"primaryImageOfPage":{"@id":"https:\/\/lespresdeugenie.com\/es\/la-escuela-de-cocina\/#primaryimage"},"image":{"@id":"https:\/\/lespresdeugenie.com\/es\/la-escuela-de-cocina\/#primaryimage"},"thumbnailUrl":"http:\/\/lespresdeugenie.com\/wp-content\/uploads\/2018\/10\/pres-eugenie-ecole-cours-cuisine-minceur-etoile-terroir.jpg","datePublished":"2024-05-02T08:07:16+00:00","dateModified":"2024-05-03T15:11:42+00:00","description":"\u00danase a la escuela de cocina y a los cursos de Pr\u00e9s d'Eug\u00e9nie: cocina con estrella Michelin, Grande Cuisine Minceur de Michel Gu\u00e9rard...","breadcrumb":{"@id":"https:\/\/lespresdeugenie.com\/es\/la-escuela-de-cocina\/#breadcrumb"},"inLanguage":"es","potentialAction":[{"@type":"ReadAction","target":["https:\/\/lespresdeugenie.com\/es\/la-escuela-de-cocina\/"]}]},{"@type":"ImageObject","inLanguage":"es","@id":"https:\/\/lespresdeugenie.com\/es\/la-escuela-de-cocina\/#primaryimage","url":"http:\/\/lespresdeugenie.com\/wp-content\/uploads\/2018\/10\/pres-eugenie-ecole-cours-cuisine-minceur-etoile-terroir.jpg","contentUrl":"http:\/\/lespresdeugenie.com\/wp-content\/uploads\/2018\/10\/pres-eugenie-ecole-cours-cuisine-minceur-etoile-terroir.jpg"},{"@type":"BreadcrumbList","@id":"https:\/\/lespresdeugenie.com\/es\/la-escuela-de-cocina\/#breadcrumb","itemListElement":[{"@type":"ListItem","position":1,"name":"Inicio","item":"https:\/\/lespresdeugenie.com\/es\/"},{"@type":"ListItem","position":2,"name":"La Escuela de Cocina"}]},{"@type":"WebSite","@id":"https:\/\/lespresdeugenie.com\/#website","url":"https:\/\/lespresdeugenie.com\/","name":"Les Pr\u00e9s d'Eugenie - Maison Gu\u00e9rard","description":"Maison Gu\u00e9rard","publisher":{"@id":"https:\/\/lespresdeugenie.com\/#organization"},"alternateName":"LPDE","potentialAction":[{"@type":"SearchAction","target":{"@type":"EntryPoint","urlTemplate":"https:\/\/lespresdeugenie.com\/?s={search_term_string}"},"query-input":{"@type":"PropertyValueSpecification","valueRequired":true,"valueName":"search_term_string"}}],"inLanguage":"es"},{"@type":"Organization","@id":"https:\/\/lespresdeugenie.com\/#organization","name":"Les Pr\u00e9s d'Eugenie - Maison Gu\u00e9rard","url":"https:\/\/lespresdeugenie.com\/","logo":{"@type":"ImageObject","inLanguage":"es","@id":"https:\/\/lespresdeugenie.com\/#\/schema\/logo\/image\/","url":"https:\/\/lespresdeugenie.com\/wp-content\/uploads\/2022\/12\/les-pres-eugenie-logo-1.png","contentUrl":"https:\/\/lespresdeugenie.com\/wp-content\/uploads\/2022\/12\/les-pres-eugenie-logo-1.png","width":269,"height":60,"caption":"Les Pr\u00e9s d'Eugenie - Maison Gu\u00e9rard"},"image":{"@id":"https:\/\/lespresdeugenie.com\/#\/schema\/logo\/image\/"},"sameAs":["https:\/\/www.facebook.com\/LesPresdEugenie\/","https:\/\/www.instagram.com\/maisons_guerard\/?hl=fr","https:\/\/fr.linkedin.com\/company\/les-pres-d'eugenie"]}]}},"_links":{"self":[{"href":"https:\/\/lespresdeugenie.com\/es\/wp-json\/wp\/v2\/pages\/79381","targetHints":{"allow":["GET"]}}],"collection":[{"href":"https:\/\/lespresdeugenie.com\/es\/wp-json\/wp\/v2\/pages"}],"about":[{"href":"https:\/\/lespresdeugenie.com\/es\/wp-json\/wp\/v2\/types\/page"}],"author":[{"embeddable":true,"href":"https:\/\/lespresdeugenie.com\/es\/wp-json\/wp\/v2\/users\/5"}],"replies":[{"embeddable":true,"href":"https:\/\/lespresdeugenie.com\/es\/wp-json\/wp\/v2\/comments?post=79381"}],"version-history":[{"count":6,"href":"https:\/\/lespresdeugenie.com\/es\/wp-json\/wp\/v2\/pages\/79381\/revisions"}],"predecessor-version":[{"id":79389,"href":"https:\/\/lespresdeugenie.com\/es\/wp-json\/wp\/v2\/pages\/79381\/revisions\/79389"}],"wp:attachment":[{"href":"https:\/\/lespresdeugenie.com\/es\/wp-json\/wp\/v2\/media?parent=79381"}],"curies":[{"name":"wp","href":"https:\/\/api.w.org\/{rel}","templated":true}]}}