{"id":79483,"date":"2024-05-03T09:38:09","date_gmt":"2024-05-03T07:38:09","guid":{"rendered":"https:\/\/lespresdeugenie.com\/?page_id=79483"},"modified":"2025-03-20T17:37:47","modified_gmt":"2025-03-20T16:37:47","slug":"agentes-de-viajes-y-socios","status":"publish","type":"page","link":"https:\/\/lespresdeugenie.com\/es\/agentes-de-viajes-y-socios\/","title":{"rendered":"Agentes de viajes y socios"},"content":{"rendered":"\n<div class=\"wp-block-cover has-custom-content-position is-position-bottom-center\" style=\"min-height:80vh;aspect-ratio:unset;\"><span aria-hidden=\"true\" class=\"wp-block-cover__background has-background-dim-20 has-background-dim\" style=\"background-color:#57596e\"><\/span><img decoding=\"async\" width=\"3266\" height=\"1600\" src=\"https:\/\/lespresdeugenie.com\/wp-content\/uploads\/2018\/10\/pres-eugenie-les-bains-palace-maison-guerard-nouvelle-aquitaine.jpg\" class=\"wp-block-cover__image-background wp-post-image\" alt=\"\" data-object-fit=\"cover\" srcset=\"https:\/\/lespresdeugenie.com\/wp-content\/uploads\/2018\/10\/pres-eugenie-les-bains-palace-maison-guerard-nouvelle-aquitaine.jpg 3266w, https:\/\/lespresdeugenie.com\/wp-content\/uploads\/2018\/10\/pres-eugenie-les-bains-palace-maison-guerard-nouvelle-aquitaine-300x147.jpg 300w, https:\/\/lespresdeugenie.com\/wp-content\/uploads\/2018\/10\/pres-eugenie-les-bains-palace-maison-guerard-nouvelle-aquitaine-768x376.jpg 768w, https:\/\/lespresdeugenie.com\/wp-content\/uploads\/2018\/10\/pres-eugenie-les-bains-palace-maison-guerard-nouvelle-aquitaine-1024x502.jpg 1024w, https:\/\/lespresdeugenie.com\/wp-content\/uploads\/2018\/10\/pres-eugenie-les-bains-palace-maison-guerard-nouvelle-aquitaine-1000x490.jpg 1000w, https:\/\/lespresdeugenie.com\/wp-content\/uploads\/2018\/10\/pres-eugenie-les-bains-palace-maison-guerard-nouvelle-aquitaine-100x49.jpg 100w\" sizes=\"(max-width: 3266px) 100vw, 3266px\" \/><div class=\"wp-block-cover__inner-container is-layout-flow wp-block-cover-is-layout-flow\">\n<div class=\"wp-block-group has-white-background-color has-background is-layout-constrained wp-block-group-is-layout-constrained\">\n<h1 class=\"wp-block-heading has-text-align-center has-black-color has-text-color\">Agentes de viajes y socios<\/h1>\n<\/div>\n<\/div><\/div>\n\n\n\n<div style=\"height:100px\" aria-hidden=\"true\" class=\"wp-block-spacer\"><\/div>\n\n\n\n<div class=\"wp-block-columns are-vertically-aligned-center is-layout-flex wp-container-core-columns-is-layout-28f84493 wp-block-columns-is-layout-flex\">\n<div class=\"wp-block-column is-vertically-aligned-center is-layout-flow wp-block-column-is-layout-flow\" style=\"flex-basis:10%\"><\/div>\n\n\n\n<div class=\"wp-block-column is-vertically-aligned-center is-layout-flow wp-block-column-is-layout-flow\" style=\"flex-basis:80%\">\n<figure class=\"wp-block-image aligncenter size-full\"><img decoding=\"async\" src=\"http:\/\/lespresdeugenie.com\/wp-content\/uploads\/2022\/12\/les-pres-eugenie-logo-relais-chateaux.svg\" alt=\"\" class=\"wp-image-55887\"\/><\/figure>\n\n\n\n<p class=\"has-text-align-center\"><strong>Orgullosamente miembro del Relais &amp; Ch\u00e2teaux desde 1968<\/strong><\/p>\n\n\n\n<div style=\"height:25px\" aria-hidden=\"true\" class=\"wp-block-spacer\"><\/div>\n\n\n\n<p class=\"has-text-align-center\">Para reservar en Les Pr\u00e9s d&#8217;Eug\u00e9nie:<br>Tel\u00e9fono: + 33 5 58 05 06 07<br>Correo electr\u00f3nico:&nbsp;<a href=\"mailto:reservation@lespresdeugenie.com\">reservation@lespresdeugenie.com<\/a><\/p>\n\n\n\n<p class=\"has-text-align-center\"><strong>Se recomienda reservar a trav\u00e9s de los sistemas GDS.<br>ONYX garantiza el pago de sus comisiones en un plazo de 30 d\u00edas.<\/strong><\/p>\n\n\n\n<p class=\"has-text-align-center\">Gracias al acuerdo con Onyx, garantizamos el pago r\u00e1pido y fiable de comisiones por todas las reservas realizadas en propiedades comercializadas a trav\u00e9s de nuestra Central de Reservas en un plazo m\u00e1ximo de 30 d\u00edas tras la salida de sus clientes.<\/p>\n\n\n\n<div style=\"height:25px\" aria-hidden=\"true\" class=\"wp-block-spacer\"><\/div>\n\n\n\n<h3 class=\"wp-block-heading has-text-align-center\">Orgullosamente miembro:<\/h3>\n\n\n\n<div style=\"height:25px\" aria-hidden=\"true\" class=\"wp-block-spacer\"><\/div>\n\n\n\n<figure class=\"wp-block-image aligncenter size-full\"><img decoding=\"async\" src=\"http:\/\/lespresdeugenie.com\/wp-content\/uploads\/2022\/12\/les-pres-eugenie-logo-virtuoso.svg\" alt=\"\" class=\"wp-image-55882\"\/><\/figure>\n\n\n\n<div style=\"height:25px\" aria-hidden=\"true\" class=\"wp-block-spacer\"><\/div>\n\n\n\n<figure class=\"wp-block-image aligncenter size-full is-resized\"><img decoding=\"async\" src=\"http:\/\/lespresdeugenie.com\/wp-content\/uploads\/2022\/12\/les-pres-eugenie-logo-fine-hotels-and-resorts.svg\" alt=\"\" class=\"wp-image-55885\" style=\"width:350px\"\/><\/figure>\n\n\n\n<div style=\"height:25px\" aria-hidden=\"true\" class=\"wp-block-spacer\"><\/div>\n\n\n\n<h3 class=\"wp-block-heading has-text-align-center\">Tarifas de Consortia<\/h3>\n\n\n\n<p class=\"has-text-align-center\">Tenga en cuenta que solo se puede acceder a estas tarifas especiales a trav\u00e9s de GDS o reservando directamente a trav\u00e9s de nuestro <a href=\"mailto:reservation@lespreseugenie.com\">Departamento de Reservas<\/a><\/p>\n\n\n\n<h3 class=\"wp-block-heading has-text-align-center\">Tarifas netas<\/h3>\n\n\n\n<p class=\"has-text-align-center\">Ofrecemos la opci\u00f3n de reservar tarifas netas a trav\u00e9s de Synxis.<\/p>\n\n\n\n<h3 class=\"wp-block-heading has-text-align-center\">\u00a1Vis\u00edtanos!<\/h3>\n\n\n\n<p class=\"has-text-align-center\">Ofrecemos tarifas preferenciales &#8220;<strong>TID<\/strong>&#8221; para sus estad\u00edas.<br>Aprovecha esta tarifa con un 50% de descuento en nuestras Mejores Tarifas durante todo el a\u00f1o (excepto festivos y Nochevieja).<\/p>\n\n\n\n<h3 class=\"wp-block-heading has-text-align-center\">C\u00d3DIGOS GDS<\/h3>\n\n\n\n<p class=\"has-text-align-center\">Amadeus : WBPUFW23<\/p>\n\n\n\n<p class=\"has-text-align-center\">Sabre : WB39673<\/p>\n\n\n\n<p class=\"has-text-align-center\">Appolo\/Galileo : WB60971<\/p>\n\n\n\n<p class=\"has-text-align-center\">Worldspan : WBSW23<\/p>\n\n\n\n<div class=\"wp-block-buttons is-content-justification-center is-layout-flex wp-container-core-buttons-is-layout-a89b3969 wp-block-buttons-is-layout-flex\">\n<div class=\"wp-block-button is-style-outline is-style-outline--1\"><a class=\"wp-block-button__link wp-element-button\" href=\"https:\/\/lespresdeugenie.com\/menu-carte\/factsheet_en\/\" target=\"_blank\" rel=\"noreferrer noopener\">Descargue nuestra hoja informativa<\/a><\/div>\n<\/div>\n\n\n\n<div style=\"height:25px\" aria-hidden=\"true\" class=\"wp-block-spacer\"><\/div>\n\n\n\n<p class=\"has-text-align-center\">Para cualquier informaci\u00f3n o solicitud espec\u00edfica, no dude en ponerse en contacto con nosotros; <br><strong>Estaremos encantados de organizar una estancia a medida para sus invitados.<\/strong><\/p>\n\n\n\n<p class=\"has-text-align-center\">Nos vemos luego,<\/p>\n\n\n\n<p class=\"has-text-align-center\"><strong>La familia Gu\u00e9rard<br>y todo el equipo de Les Pr\u00e9s d&#8217;Eug\u00e9nie<\/strong><\/p>\n<\/div>\n\n\n\n<div class=\"wp-block-column is-vertically-aligned-center is-layout-flow wp-block-column-is-layout-flow\" style=\"flex-basis:10%\"><\/div>\n<\/div>\n","protected":false},"excerpt":{"rendered":"<p>Orgullosamente miembro del Relais &amp; Ch\u00e2teaux desde 1968 Para reservar en Les Pr\u00e9s d&#8217;Eug\u00e9nie:Tel\u00e9fono: + 33 5 58 05 06 07Correo electr\u00f3nico:&nbsp;reservation@lespresdeugenie.com Se recomienda reservar a trav\u00e9s de los sistemas GDS.ONYX garantiza el pago de sus comisiones en un plazo de 30 d\u00edas. Gracias al acuerdo con Onyx, garantizamos el pago r\u00e1pido y fiable de [&hellip;]<\/p>\n","protected":false},"author":5,"featured_media":77869,"parent":0,"menu_order":0,"comment_status":"open","ping_status":"open","template":"","meta":{"_acf_changed":false,"footnotes":""},"class_list":["post-79483","page","type-page","status-publish","has-post-thumbnail","hentry"],"acf":[],"yoast_head":"<!-- This site is optimized with the Yoast SEO plugin v26.7 - https:\/\/yoast.com\/wordpress\/plugins\/seo\/ -->\n<title>Agentes de viajes y socios - Les Pr\u00e9s d&#039;Eug\u00e9nie - Maison Gu\u00e9rard<\/title>\n<meta name=\"description\" content=\"Agentes de viajes y Socios: Les Pr\u00e9s d&#039;Eug\u00e9nie, miembro de Relais &amp; Ch\u00e2teaux. Reservas a trav\u00e9s de GDS: Amadeus, Sabre, Galileo, Worldspan.\" \/>\n<meta name=\"robots\" content=\"index, follow, max-snippet:-1, max-image-preview:large, max-video-preview:-1\" \/>\n<link rel=\"canonical\" href=\"https:\/\/lespresdeugenie.com\/es\/agentes-de-viajes-y-socios\/\" \/>\n<meta property=\"og:locale\" content=\"es_ES\" \/>\n<meta property=\"og:type\" content=\"article\" \/>\n<meta property=\"og:title\" content=\"Agentes de viajes y socios - Les Pr\u00e9s d&#039;Eug\u00e9nie - Maison Gu\u00e9rard\" \/>\n<meta property=\"og:description\" content=\"Agentes de viajes y Socios: Les Pr\u00e9s d&#039;Eug\u00e9nie, miembro de Relais &amp; Ch\u00e2teaux. Reservas a trav\u00e9s de GDS: Amadeus, Sabre, Galileo, Worldspan.\" \/>\n<meta property=\"og:url\" content=\"https:\/\/lespresdeugenie.com\/es\/agentes-de-viajes-y-socios\/\" \/>\n<meta property=\"og:site_name\" content=\"Les Pr\u00e9s d&#039;Eug\u00e9nie\" \/>\n<meta property=\"article:publisher\" content=\"https:\/\/www.facebook.com\/LesPresdEugenie\/\" \/>\n<meta property=\"article:modified_time\" content=\"2025-03-20T16:37:47+00:00\" \/>\n<meta property=\"og:image\" content=\"https:\/\/lespresdeugenie.com\/wp-content\/uploads\/2018\/10\/pres-eugenie-les-bains-palace-maison-guerard-nouvelle-aquitaine.jpg\" \/>\n\t<meta property=\"og:image:width\" content=\"3266\" \/>\n\t<meta property=\"og:image:height\" content=\"1600\" \/>\n\t<meta property=\"og:image:type\" content=\"image\/jpeg\" \/>\n<meta name=\"twitter:card\" content=\"summary_large_image\" \/>\n<meta name=\"twitter:label1\" content=\"Tiempo de lectura\" \/>\n\t<meta name=\"twitter:data1\" content=\"2 minutos\" \/>\n<script type=\"application\/ld+json\" class=\"yoast-schema-graph\">{\"@context\":\"https:\/\/schema.org\",\"@graph\":[{\"@type\":\"WebPage\",\"@id\":\"https:\/\/lespresdeugenie.com\/es\/agentes-de-viajes-y-socios\/\",\"url\":\"https:\/\/lespresdeugenie.com\/es\/agentes-de-viajes-y-socios\/\",\"name\":\"Agentes de viajes y socios - Les Pr\u00e9s d&#039;Eug\u00e9nie - Maison Gu\u00e9rard\",\"isPartOf\":{\"@id\":\"https:\/\/lespresdeugenie.com\/#website\"},\"primaryImageOfPage\":{\"@id\":\"https:\/\/lespresdeugenie.com\/es\/agentes-de-viajes-y-socios\/#primaryimage\"},\"image\":{\"@id\":\"https:\/\/lespresdeugenie.com\/es\/agentes-de-viajes-y-socios\/#primaryimage\"},\"thumbnailUrl\":\"https:\/\/lespresdeugenie.com\/wp-content\/uploads\/2018\/10\/pres-eugenie-les-bains-palace-maison-guerard-nouvelle-aquitaine.jpg\",\"datePublished\":\"2024-05-03T07:38:09+00:00\",\"dateModified\":\"2025-03-20T16:37:47+00:00\",\"description\":\"Agentes de viajes y Socios: Les Pr\u00e9s d'Eug\u00e9nie, miembro de Relais & Ch\u00e2teaux. Reservas a trav\u00e9s de GDS: Amadeus, Sabre, Galileo, Worldspan.\",\"breadcrumb\":{\"@id\":\"https:\/\/lespresdeugenie.com\/es\/agentes-de-viajes-y-socios\/#breadcrumb\"},\"inLanguage\":\"es\",\"potentialAction\":[{\"@type\":\"ReadAction\",\"target\":[\"https:\/\/lespresdeugenie.com\/es\/agentes-de-viajes-y-socios\/\"]}]},{\"@type\":\"ImageObject\",\"inLanguage\":\"es\",\"@id\":\"https:\/\/lespresdeugenie.com\/es\/agentes-de-viajes-y-socios\/#primaryimage\",\"url\":\"https:\/\/lespresdeugenie.com\/wp-content\/uploads\/2018\/10\/pres-eugenie-les-bains-palace-maison-guerard-nouvelle-aquitaine.jpg\",\"contentUrl\":\"https:\/\/lespresdeugenie.com\/wp-content\/uploads\/2018\/10\/pres-eugenie-les-bains-palace-maison-guerard-nouvelle-aquitaine.jpg\",\"width\":3266,\"height\":1600},{\"@type\":\"BreadcrumbList\",\"@id\":\"https:\/\/lespresdeugenie.com\/es\/agentes-de-viajes-y-socios\/#breadcrumb\",\"itemListElement\":[{\"@type\":\"ListItem\",\"position\":1,\"name\":\"Inicio\",\"item\":\"https:\/\/lespresdeugenie.com\/es\/\"},{\"@type\":\"ListItem\",\"position\":2,\"name\":\"Agentes de viajes y socios\"}]},{\"@type\":\"WebSite\",\"@id\":\"https:\/\/lespresdeugenie.com\/#website\",\"url\":\"https:\/\/lespresdeugenie.com\/\",\"name\":\"Les Pr\u00e9s d'Eugenie - Maison Gu\u00e9rard\",\"description\":\"Maison Gu\u00e9rard\",\"publisher\":{\"@id\":\"https:\/\/lespresdeugenie.com\/#organization\"},\"alternateName\":\"LPDE\",\"potentialAction\":[{\"@type\":\"SearchAction\",\"target\":{\"@type\":\"EntryPoint\",\"urlTemplate\":\"https:\/\/lespresdeugenie.com\/?s={search_term_string}\"},\"query-input\":{\"@type\":\"PropertyValueSpecification\",\"valueRequired\":true,\"valueName\":\"search_term_string\"}}],\"inLanguage\":\"es\"},{\"@type\":\"Organization\",\"@id\":\"https:\/\/lespresdeugenie.com\/#organization\",\"name\":\"Les Pr\u00e9s d'Eugenie - Maison Gu\u00e9rard\",\"url\":\"https:\/\/lespresdeugenie.com\/\",\"logo\":{\"@type\":\"ImageObject\",\"inLanguage\":\"es\",\"@id\":\"https:\/\/lespresdeugenie.com\/#\/schema\/logo\/image\/\",\"url\":\"https:\/\/lespresdeugenie.com\/wp-content\/uploads\/2022\/12\/les-pres-eugenie-logo-1.png\",\"contentUrl\":\"https:\/\/lespresdeugenie.com\/wp-content\/uploads\/2022\/12\/les-pres-eugenie-logo-1.png\",\"width\":269,\"height\":60,\"caption\":\"Les Pr\u00e9s d'Eugenie - Maison Gu\u00e9rard\"},\"image\":{\"@id\":\"https:\/\/lespresdeugenie.com\/#\/schema\/logo\/image\/\"},\"sameAs\":[\"https:\/\/www.facebook.com\/LesPresdEugenie\/\",\"https:\/\/www.instagram.com\/maisons_guerard\/?hl=fr\",\"https:\/\/fr.linkedin.com\/company\/les-pres-d'eugenie\"]}]}<\/script>\n<!-- \/ Yoast SEO plugin. -->","yoast_head_json":{"title":"Agentes de viajes y socios - Les Pr\u00e9s d&#039;Eug\u00e9nie - Maison Gu\u00e9rard","description":"Agentes de viajes y Socios: Les Pr\u00e9s d'Eug\u00e9nie, miembro de Relais & Ch\u00e2teaux. Reservas a trav\u00e9s de GDS: Amadeus, Sabre, Galileo, Worldspan.","robots":{"index":"index","follow":"follow","max-snippet":"max-snippet:-1","max-image-preview":"max-image-preview:large","max-video-preview":"max-video-preview:-1"},"canonical":"https:\/\/lespresdeugenie.com\/es\/agentes-de-viajes-y-socios\/","og_locale":"es_ES","og_type":"article","og_title":"Agentes de viajes y socios - Les Pr\u00e9s d&#039;Eug\u00e9nie - Maison Gu\u00e9rard","og_description":"Agentes de viajes y Socios: Les Pr\u00e9s d'Eug\u00e9nie, miembro de Relais & Ch\u00e2teaux. Reservas a trav\u00e9s de GDS: Amadeus, Sabre, Galileo, Worldspan.","og_url":"https:\/\/lespresdeugenie.com\/es\/agentes-de-viajes-y-socios\/","og_site_name":"Les Pr\u00e9s d&#039;Eug\u00e9nie","article_publisher":"https:\/\/www.facebook.com\/LesPresdEugenie\/","article_modified_time":"2025-03-20T16:37:47+00:00","og_image":[{"width":3266,"height":1600,"url":"https:\/\/lespresdeugenie.com\/wp-content\/uploads\/2018\/10\/pres-eugenie-les-bains-palace-maison-guerard-nouvelle-aquitaine.jpg","type":"image\/jpeg"}],"twitter_card":"summary_large_image","twitter_misc":{"Tiempo de lectura":"2 minutos"},"schema":{"@context":"https:\/\/schema.org","@graph":[{"@type":"WebPage","@id":"https:\/\/lespresdeugenie.com\/es\/agentes-de-viajes-y-socios\/","url":"https:\/\/lespresdeugenie.com\/es\/agentes-de-viajes-y-socios\/","name":"Agentes de viajes y socios - Les Pr\u00e9s d&#039;Eug\u00e9nie - Maison Gu\u00e9rard","isPartOf":{"@id":"https:\/\/lespresdeugenie.com\/#website"},"primaryImageOfPage":{"@id":"https:\/\/lespresdeugenie.com\/es\/agentes-de-viajes-y-socios\/#primaryimage"},"image":{"@id":"https:\/\/lespresdeugenie.com\/es\/agentes-de-viajes-y-socios\/#primaryimage"},"thumbnailUrl":"https:\/\/lespresdeugenie.com\/wp-content\/uploads\/2018\/10\/pres-eugenie-les-bains-palace-maison-guerard-nouvelle-aquitaine.jpg","datePublished":"2024-05-03T07:38:09+00:00","dateModified":"2025-03-20T16:37:47+00:00","description":"Agentes de viajes y Socios: Les Pr\u00e9s d'Eug\u00e9nie, miembro de Relais & Ch\u00e2teaux. Reservas a trav\u00e9s de GDS: Amadeus, Sabre, Galileo, Worldspan.","breadcrumb":{"@id":"https:\/\/lespresdeugenie.com\/es\/agentes-de-viajes-y-socios\/#breadcrumb"},"inLanguage":"es","potentialAction":[{"@type":"ReadAction","target":["https:\/\/lespresdeugenie.com\/es\/agentes-de-viajes-y-socios\/"]}]},{"@type":"ImageObject","inLanguage":"es","@id":"https:\/\/lespresdeugenie.com\/es\/agentes-de-viajes-y-socios\/#primaryimage","url":"https:\/\/lespresdeugenie.com\/wp-content\/uploads\/2018\/10\/pres-eugenie-les-bains-palace-maison-guerard-nouvelle-aquitaine.jpg","contentUrl":"https:\/\/lespresdeugenie.com\/wp-content\/uploads\/2018\/10\/pres-eugenie-les-bains-palace-maison-guerard-nouvelle-aquitaine.jpg","width":3266,"height":1600},{"@type":"BreadcrumbList","@id":"https:\/\/lespresdeugenie.com\/es\/agentes-de-viajes-y-socios\/#breadcrumb","itemListElement":[{"@type":"ListItem","position":1,"name":"Inicio","item":"https:\/\/lespresdeugenie.com\/es\/"},{"@type":"ListItem","position":2,"name":"Agentes de viajes y socios"}]},{"@type":"WebSite","@id":"https:\/\/lespresdeugenie.com\/#website","url":"https:\/\/lespresdeugenie.com\/","name":"Les Pr\u00e9s d'Eugenie - Maison Gu\u00e9rard","description":"Maison Gu\u00e9rard","publisher":{"@id":"https:\/\/lespresdeugenie.com\/#organization"},"alternateName":"LPDE","potentialAction":[{"@type":"SearchAction","target":{"@type":"EntryPoint","urlTemplate":"https:\/\/lespresdeugenie.com\/?s={search_term_string}"},"query-input":{"@type":"PropertyValueSpecification","valueRequired":true,"valueName":"search_term_string"}}],"inLanguage":"es"},{"@type":"Organization","@id":"https:\/\/lespresdeugenie.com\/#organization","name":"Les Pr\u00e9s d'Eugenie - Maison Gu\u00e9rard","url":"https:\/\/lespresdeugenie.com\/","logo":{"@type":"ImageObject","inLanguage":"es","@id":"https:\/\/lespresdeugenie.com\/#\/schema\/logo\/image\/","url":"https:\/\/lespresdeugenie.com\/wp-content\/uploads\/2022\/12\/les-pres-eugenie-logo-1.png","contentUrl":"https:\/\/lespresdeugenie.com\/wp-content\/uploads\/2022\/12\/les-pres-eugenie-logo-1.png","width":269,"height":60,"caption":"Les Pr\u00e9s d'Eugenie - Maison Gu\u00e9rard"},"image":{"@id":"https:\/\/lespresdeugenie.com\/#\/schema\/logo\/image\/"},"sameAs":["https:\/\/www.facebook.com\/LesPresdEugenie\/","https:\/\/www.instagram.com\/maisons_guerard\/?hl=fr","https:\/\/fr.linkedin.com\/company\/les-pres-d'eugenie"]}]}},"_links":{"self":[{"href":"https:\/\/lespresdeugenie.com\/es\/wp-json\/wp\/v2\/pages\/79483","targetHints":{"allow":["GET"]}}],"collection":[{"href":"https:\/\/lespresdeugenie.com\/es\/wp-json\/wp\/v2\/pages"}],"about":[{"href":"https:\/\/lespresdeugenie.com\/es\/wp-json\/wp\/v2\/types\/page"}],"author":[{"embeddable":true,"href":"https:\/\/lespresdeugenie.com\/es\/wp-json\/wp\/v2\/users\/5"}],"replies":[{"embeddable":true,"href":"https:\/\/lespresdeugenie.com\/es\/wp-json\/wp\/v2\/comments?post=79483"}],"version-history":[{"count":3,"href":"https:\/\/lespresdeugenie.com\/es\/wp-json\/wp\/v2\/pages\/79483\/revisions"}],"predecessor-version":[{"id":95252,"href":"https:\/\/lespresdeugenie.com\/es\/wp-json\/wp\/v2\/pages\/79483\/revisions\/95252"}],"wp:featuredmedia":[{"embeddable":true,"href":"https:\/\/lespresdeugenie.com\/es\/wp-json\/wp\/v2\/media\/77869"}],"wp:attachment":[{"href":"https:\/\/lespresdeugenie.com\/es\/wp-json\/wp\/v2\/media?parent=79483"}],"curies":[{"name":"wp","href":"https:\/\/api.w.org\/{rel}","templated":true}]}}