{"id":79499,"date":"2024-05-03T09:59:58","date_gmt":"2024-05-03T07:59:58","guid":{"rendered":"https:\/\/lespresdeugenie.com\/?page_id=79499"},"modified":"2024-05-03T09:59:59","modified_gmt":"2024-05-03T07:59:59","slug":"confirmacion","status":"publish","type":"page","link":"https:\/\/lespresdeugenie.com\/es\/confirmacion\/","title":{"rendered":"Confirmaci\u00f3n"},"content":{"rendered":"\n<div style=\"height:50px\" aria-hidden=\"true\" class=\"wp-block-spacer\"><\/div>\n\n\n\n<h1 class=\"wp-block-heading has-text-align-center\">Confirmaci\u00f3n<\/h1>\n\n\n\n<div style=\"height:50px\" aria-hidden=\"true\" class=\"wp-block-spacer\"><\/div>\n\n\n\n<p class=\"has-text-align-center\">Gracias por ponerse en contacto con nosotros, nos pondremos en contacto con usted lo antes posible.<\/p>\n\n\n\n<div class=\"wp-block-buttons is-content-justification-center is-layout-flex wp-container-core-buttons-is-layout-a89b3969 wp-block-buttons-is-layout-flex\">\n<div class=\"wp-block-button is-style-outline is-style-outline--1\"><a class=\"wp-block-button__link wp-element-button\" href=\"\/es\/\">Volver a la p\u00e1gina de inicio<\/a><\/div>\n<\/div>\n\n\n\n<div style=\"height:100px\" aria-hidden=\"true\" class=\"wp-block-spacer\"><\/div>\n","protected":false},"excerpt":{"rendered":"<p>Confirmaci\u00f3n Gracias por ponerse en contacto con nosotros, nos pondremos en contacto con usted lo antes posible.<\/p>\n","protected":false},"author":5,"featured_media":0,"parent":0,"menu_order":0,"comment_status":"open","ping_status":"open","template":"","meta":{"_acf_changed":false,"footnotes":""},"class_list":["post-79499","page","type-page","status-publish","hentry"],"acf":[],"yoast_head":"<!-- This site is optimized with the Yoast SEO plugin v27.5 - https:\/\/yoast.com\/product\/yoast-seo-wordpress\/ -->\n<title>Confirmaci\u00f3n - Les Pr\u00e9s d&#039;Eug\u00e9nie - Maison Gu\u00e9rard<\/title>\n<meta name=\"description\" content=\"Confirmaci\u00f3n    Gracias por ponerse en contacto con nosotros, nos pondremos en contacto con usted lo antes posible.   Volver a la p\u00e1gina de inicio\" \/>\n<meta name=\"robots\" content=\"index, follow, max-snippet:-1, max-image-preview:large, max-video-preview:-1\" \/>\n<link rel=\"canonical\" href=\"https:\/\/lespresdeugenie.com\/es\/confirmacion\/\" \/>\n<meta property=\"og:locale\" content=\"es_ES\" \/>\n<meta property=\"og:type\" content=\"article\" \/>\n<meta property=\"og:title\" content=\"Confirmaci\u00f3n - Les Pr\u00e9s d&#039;Eug\u00e9nie - Maison Gu\u00e9rard\" \/>\n<meta property=\"og:description\" content=\"Confirmaci\u00f3n    Gracias por ponerse en contacto con nosotros, nos pondremos en contacto con usted lo antes posible.   Volver a la p\u00e1gina de inicio\" \/>\n<meta property=\"og:url\" content=\"https:\/\/lespresdeugenie.com\/es\/confirmacion\/\" \/>\n<meta property=\"og:site_name\" content=\"Les Pr\u00e9s d&#039;Eug\u00e9nie\" \/>\n<meta property=\"article:publisher\" content=\"https:\/\/www.facebook.com\/LesPresdEugenie\/\" \/>\n<meta property=\"article:modified_time\" content=\"2024-05-03T07:59:59+00:00\" \/>\n<meta name=\"twitter:card\" content=\"summary_large_image\" \/>\n<meta name=\"twitter:label1\" content=\"Tiempo de lectura\" \/>\n\t<meta name=\"twitter:data1\" content=\"1 minuto\" \/>\n<script type=\"application\/ld+json\" class=\"yoast-schema-graph\">{\"@context\":\"https:\\\/\\\/schema.org\",\"@graph\":[{\"@type\":\"WebPage\",\"@id\":\"https:\\\/\\\/lespresdeugenie.com\\\/es\\\/confirmacion\\\/\",\"url\":\"https:\\\/\\\/lespresdeugenie.com\\\/es\\\/confirmacion\\\/\",\"name\":\"Confirmaci\u00f3n - Les Pr\u00e9s d&#039;Eug\u00e9nie - Maison Gu\u00e9rard\",\"isPartOf\":{\"@id\":\"https:\\\/\\\/lespresdeugenie.com\\\/#website\"},\"datePublished\":\"2024-05-03T07:59:58+00:00\",\"dateModified\":\"2024-05-03T07:59:59+00:00\",\"description\":\"Confirmaci\u00f3n Gracias por ponerse en contacto con nosotros, nos pondremos en contacto con usted lo antes posible. Volver a la p\u00e1gina de inicio\",\"breadcrumb\":{\"@id\":\"https:\\\/\\\/lespresdeugenie.com\\\/es\\\/confirmacion\\\/#breadcrumb\"},\"inLanguage\":\"es\",\"potentialAction\":[{\"@type\":\"ReadAction\",\"target\":[\"https:\\\/\\\/lespresdeugenie.com\\\/es\\\/confirmacion\\\/\"]}]},{\"@type\":\"BreadcrumbList\",\"@id\":\"https:\\\/\\\/lespresdeugenie.com\\\/es\\\/confirmacion\\\/#breadcrumb\",\"itemListElement\":[{\"@type\":\"ListItem\",\"position\":1,\"name\":\"Inicio\",\"item\":\"https:\\\/\\\/lespresdeugenie.com\\\/es\\\/\"},{\"@type\":\"ListItem\",\"position\":2,\"name\":\"Confirmaci\u00f3n\"}]},{\"@type\":\"WebSite\",\"@id\":\"https:\\\/\\\/lespresdeugenie.com\\\/#website\",\"url\":\"https:\\\/\\\/lespresdeugenie.com\\\/\",\"name\":\"Les Pr\u00e9s d'Eugenie - Maison Gu\u00e9rard\",\"description\":\"Maison Gu\u00e9rard\",\"publisher\":{\"@id\":\"https:\\\/\\\/lespresdeugenie.com\\\/#organization\"},\"alternateName\":\"LPDE\",\"potentialAction\":[{\"@type\":\"SearchAction\",\"target\":{\"@type\":\"EntryPoint\",\"urlTemplate\":\"https:\\\/\\\/lespresdeugenie.com\\\/?s={search_term_string}\"},\"query-input\":{\"@type\":\"PropertyValueSpecification\",\"valueRequired\":true,\"valueName\":\"search_term_string\"}}],\"inLanguage\":\"es\"},{\"@type\":\"Organization\",\"@id\":\"https:\\\/\\\/lespresdeugenie.com\\\/#organization\",\"name\":\"Les Pr\u00e9s d'Eugenie - Maison Gu\u00e9rard\",\"url\":\"https:\\\/\\\/lespresdeugenie.com\\\/\",\"logo\":{\"@type\":\"ImageObject\",\"inLanguage\":\"es\",\"@id\":\"https:\\\/\\\/lespresdeugenie.com\\\/#\\\/schema\\\/logo\\\/image\\\/\",\"url\":\"https:\\\/\\\/lespresdeugenie.com\\\/wp-content\\\/uploads\\\/2022\\\/12\\\/les-pres-eugenie-logo-1.png\",\"contentUrl\":\"https:\\\/\\\/lespresdeugenie.com\\\/wp-content\\\/uploads\\\/2022\\\/12\\\/les-pres-eugenie-logo-1.png\",\"width\":269,\"height\":60,\"caption\":\"Les Pr\u00e9s d'Eugenie - Maison Gu\u00e9rard\"},\"image\":{\"@id\":\"https:\\\/\\\/lespresdeugenie.com\\\/#\\\/schema\\\/logo\\\/image\\\/\"},\"sameAs\":[\"https:\\\/\\\/www.facebook.com\\\/LesPresdEugenie\\\/\",\"https:\\\/\\\/www.instagram.com\\\/maisons_guerard\\\/?hl=fr\",\"https:\\\/\\\/fr.linkedin.com\\\/company\\\/les-pres-d'eugenie\"]}]}<\/script>\n<!-- \/ Yoast SEO plugin. -->","yoast_head_json":{"title":"Confirmaci\u00f3n - Les Pr\u00e9s d&#039;Eug\u00e9nie - Maison Gu\u00e9rard","description":"Confirmaci\u00f3n    Gracias por ponerse en contacto con nosotros, nos pondremos en contacto con usted lo antes posible.   Volver a la p\u00e1gina de inicio","robots":{"index":"index","follow":"follow","max-snippet":"max-snippet:-1","max-image-preview":"max-image-preview:large","max-video-preview":"max-video-preview:-1"},"canonical":"https:\/\/lespresdeugenie.com\/es\/confirmacion\/","og_locale":"es_ES","og_type":"article","og_title":"Confirmaci\u00f3n - Les Pr\u00e9s d&#039;Eug\u00e9nie - Maison Gu\u00e9rard","og_description":"Confirmaci\u00f3n    Gracias por ponerse en contacto con nosotros, nos pondremos en contacto con usted lo antes posible.   Volver a la p\u00e1gina de inicio","og_url":"https:\/\/lespresdeugenie.com\/es\/confirmacion\/","og_site_name":"Les Pr\u00e9s d&#039;Eug\u00e9nie","article_publisher":"https:\/\/www.facebook.com\/LesPresdEugenie\/","article_modified_time":"2024-05-03T07:59:59+00:00","twitter_card":"summary_large_image","twitter_misc":{"Tiempo de lectura":"1 minuto"},"schema":{"@context":"https:\/\/schema.org","@graph":[{"@type":"WebPage","@id":"https:\/\/lespresdeugenie.com\/es\/confirmacion\/","url":"https:\/\/lespresdeugenie.com\/es\/confirmacion\/","name":"Confirmaci\u00f3n - Les Pr\u00e9s d&#039;Eug\u00e9nie - Maison Gu\u00e9rard","isPartOf":{"@id":"https:\/\/lespresdeugenie.com\/#website"},"datePublished":"2024-05-03T07:59:58+00:00","dateModified":"2024-05-03T07:59:59+00:00","description":"Confirmaci\u00f3n Gracias por ponerse en contacto con nosotros, nos pondremos en contacto con usted lo antes posible. Volver a la p\u00e1gina de inicio","breadcrumb":{"@id":"https:\/\/lespresdeugenie.com\/es\/confirmacion\/#breadcrumb"},"inLanguage":"es","potentialAction":[{"@type":"ReadAction","target":["https:\/\/lespresdeugenie.com\/es\/confirmacion\/"]}]},{"@type":"BreadcrumbList","@id":"https:\/\/lespresdeugenie.com\/es\/confirmacion\/#breadcrumb","itemListElement":[{"@type":"ListItem","position":1,"name":"Inicio","item":"https:\/\/lespresdeugenie.com\/es\/"},{"@type":"ListItem","position":2,"name":"Confirmaci\u00f3n"}]},{"@type":"WebSite","@id":"https:\/\/lespresdeugenie.com\/#website","url":"https:\/\/lespresdeugenie.com\/","name":"Les Pr\u00e9s d'Eugenie - Maison Gu\u00e9rard","description":"Maison Gu\u00e9rard","publisher":{"@id":"https:\/\/lespresdeugenie.com\/#organization"},"alternateName":"LPDE","potentialAction":[{"@type":"SearchAction","target":{"@type":"EntryPoint","urlTemplate":"https:\/\/lespresdeugenie.com\/?s={search_term_string}"},"query-input":{"@type":"PropertyValueSpecification","valueRequired":true,"valueName":"search_term_string"}}],"inLanguage":"es"},{"@type":"Organization","@id":"https:\/\/lespresdeugenie.com\/#organization","name":"Les Pr\u00e9s d'Eugenie - Maison Gu\u00e9rard","url":"https:\/\/lespresdeugenie.com\/","logo":{"@type":"ImageObject","inLanguage":"es","@id":"https:\/\/lespresdeugenie.com\/#\/schema\/logo\/image\/","url":"https:\/\/lespresdeugenie.com\/wp-content\/uploads\/2022\/12\/les-pres-eugenie-logo-1.png","contentUrl":"https:\/\/lespresdeugenie.com\/wp-content\/uploads\/2022\/12\/les-pres-eugenie-logo-1.png","width":269,"height":60,"caption":"Les Pr\u00e9s d'Eugenie - Maison Gu\u00e9rard"},"image":{"@id":"https:\/\/lespresdeugenie.com\/#\/schema\/logo\/image\/"},"sameAs":["https:\/\/www.facebook.com\/LesPresdEugenie\/","https:\/\/www.instagram.com\/maisons_guerard\/?hl=fr","https:\/\/fr.linkedin.com\/company\/les-pres-d'eugenie"]}]}},"_links":{"self":[{"href":"https:\/\/lespresdeugenie.com\/es\/wp-json\/wp\/v2\/pages\/79499","targetHints":{"allow":["GET"]}}],"collection":[{"href":"https:\/\/lespresdeugenie.com\/es\/wp-json\/wp\/v2\/pages"}],"about":[{"href":"https:\/\/lespresdeugenie.com\/es\/wp-json\/wp\/v2\/types\/page"}],"author":[{"embeddable":true,"href":"https:\/\/lespresdeugenie.com\/es\/wp-json\/wp\/v2\/users\/5"}],"replies":[{"embeddable":true,"href":"https:\/\/lespresdeugenie.com\/es\/wp-json\/wp\/v2\/comments?post=79499"}],"version-history":[{"count":1,"href":"https:\/\/lespresdeugenie.com\/es\/wp-json\/wp\/v2\/pages\/79499\/revisions"}],"predecessor-version":[{"id":79500,"href":"https:\/\/lespresdeugenie.com\/es\/wp-json\/wp\/v2\/pages\/79499\/revisions\/79500"}],"wp:attachment":[{"href":"https:\/\/lespresdeugenie.com\/es\/wp-json\/wp\/v2\/media?parent=79499"}],"curies":[{"name":"wp","href":"https:\/\/api.w.org\/{rel}","templated":true}]}}