{"id":79501,"date":"2024-05-03T10:09:08","date_gmt":"2024-05-03T08:09:08","guid":{"rendered":"https:\/\/lespresdeugenie.com\/?page_id=79501"},"modified":"2026-01-14T16:02:12","modified_gmt":"2026-01-14T15:02:12","slug":"legal","status":"publish","type":"page","link":"https:\/\/lespresdeugenie.com\/es\/legal\/","title":{"rendered":"Legal"},"content":{"rendered":"\n<div class=\"wp-block-columns is-layout-flex wp-container-core-columns-is-layout-28f84493 wp-block-columns-is-layout-flex\">\n<div class=\"wp-block-column is-layout-flow wp-block-column-is-layout-flow\" style=\"flex-basis:10%\"><\/div>\n\n\n\n<div class=\"wp-block-column is-layout-flow wp-block-column-is-layout-flow\" style=\"flex-basis:80%\">\n<div class=\"wp-block-columns is-layout-flex wp-container-core-columns-is-layout-28f84493 wp-block-columns-is-layout-flex\">\n<div class=\"wp-block-column is-layout-flow wp-block-column-is-layout-flow\">\n<div style=\"height:50px\" aria-hidden=\"true\" class=\"wp-block-spacer\"><\/div>\n\n\n\n<h1 class=\"wp-block-heading has-text-align-center\">legal<\/h1>\n\n\n\n<div style=\"height:50px\" aria-hidden=\"true\" class=\"wp-block-spacer\"><\/div>\n\n\n\n<div class=\"wp-block-group is-nowrap is-layout-flex wp-container-core-group-is-layout-6c531013 wp-block-group-is-layout-flex\">\n<h2 class=\"wp-block-heading\" id=\"handicap\">HOGAR Y DISCAPACIDAD<\/h2>\n\n\n\n<figure class=\"wp-block-image size-full\"><img decoding=\"async\" width=\"118\" height=\"118\" src=\"https:\/\/lespresdeugenie.com\/wp-content\/uploads\/2023\/07\/image.png\" alt=\"\" class=\"wp-image-65068\" srcset=\"https:\/\/lespresdeugenie.com\/wp-content\/uploads\/2023\/07\/image.png 118w, https:\/\/lespresdeugenie.com\/wp-content\/uploads\/2023\/07\/image-100x100.png 100w\" sizes=\"(max-width: 118px) 100vw, 118px\" \/><\/figure>\n<\/div>\n\n\n\n<p>Les Pr\u00e9s d&#8217;Eug\u00e9nie es accesible para todos. Aqu\u00ed hay una lista no exhaustiva de adaptaciones y servicios para personas con discapacidades o limitaciones en algunas de sus funciones corporales:<\/p>\n\n\n\n<ul class=\"wp-block-list\">\n<li><a href=\"https:\/\/lespresdeugenie.com\/es\/les-chambres\/habitaciones-de-lujo\/\">Habitaciones adaptadas para personas con movilidad reducida<\/a> (silla de ruedas)<\/li>\n\n\n\n<li><a href=\"https:\/\/lespresdeugenie.com\/es\/les-chambres\/habitaciones-clasicas-y-superiores\/\">Habitaciones adaptadas para personas con trastornos del equilibrio y la locomoci\u00f3n<\/a> (especif\u00edquelo al hacer la reserva)<\/li>\n\n\n\n<li>Senderos accesibles para sillas de ruedas a trav\u00e9s del hotel y la finca<\/li>\n\n\n\n<li>Plazas reservadas en el parking<\/li>\n\n\n\n<li>Se admiten perros gu\u00eda para invidentes y perros de asistencia (especif\u00edquelo al hacer la reserva, ya que algunas habitaciones no son accesibles para mascotas)<\/li>\n\n\n\n<li>Equipo m\u00e9dico disponible previa reserva (algunos equipos estar\u00e1n sujetos a cargos adicionales)<\/li>\n\n\n\n<li>Asistencia en la concertaci\u00f3n de citas m\u00e9dicas<\/li>\n\n\n\n<li>Nuestros equipos est\u00e1n sensibilizados o capacitados para acoger a personas con discapacidad<\/li>\n<\/ul>\n\n\n\n<h2 class=\"wp-block-heading\">\u00cdNDICE DE IGUALDAD DE G\u00c9NERO:<\/h2>\n\n\n\n<p>A 1 de febrero de 2022, el resultado del \u00cdndice de Igualdad de G\u00e9nero de nuestra empresa, obtenido a partir de los datos del a\u00f1o 2021, es de 91\/100.<\/p>\n\n\n\n<div class=\"wp-block-columns is-layout-flex wp-container-core-columns-is-layout-28f84493 wp-block-columns-is-layout-flex\">\n<div class=\"wp-block-column is-layout-flow wp-block-column-is-layout-flow\" style=\"flex-basis:100%\">\n<figure class=\"wp-block-table\"><table><tbody><tr><td><\/td><td>Puntos obtenidos<\/td><td>Puntos m\u00e1ximos<\/td><\/tr><tr><td>Brecha salarial<\/td><td>36<\/td><td>40<\/td><\/tr><tr><td>Diferencia en los aumentos individuales<\/td><td>35<\/td><td>35<\/td><\/tr><tr><td>Porcentaje de empleadas que reciben aumentos al regresar de la licencia de maternidad<\/td><td>15<\/td><td>15<\/td><\/tr><tr><td>N\u00famero de asalariados del sexo menos representado entre los 10 que m\u00e1s ganan<\/td><td>5<\/td><td>10<\/td><\/tr><tr><td>\u00cdndice<\/td><td>91<\/td><td>100<\/td><\/tr><\/tbody><\/table><\/figure>\n<\/div>\n<\/div>\n\n\n\n<h2 class=\"wp-block-heading\">CONCEPCI\u00d3N, DISE\u00d1O Y DESARROLLO:<\/h2>\n\n\n\n<p><strong>La consulta del sitio web lespreseugenie.com implica la aceptaci\u00f3n sin reservas de estos t\u00e9rminos y condiciones de uso.<\/strong><\/p>\n\n\n\n<p>Publicaci\u00f3n: S.A.S. Compagnie H\u00f4teli\u00e8re Et Fermi\u00e8re d\u2019 Eug\u00e9nie \u2013 Michel Gu\u00e9rard<br>Directora de la publicaci\u00f3n: El\u00e9onore Gu\u00e9rard<br>Direcci\u00f3n postal: Les Pr\u00e9s d\u2019Eug\u00e9nie \u2013 Michel Gu\u00e9rard<br>334 Rue Ren\u00e9 Vielle<br>40320 EUGENIE-LES-BAINS<br>FRANCE.<br>Tel\u00e9fono:+33558050607<br>E-Mail: reservation@lespreseugenie.com<\/p>\n\n\n\n<p>El sitio est\u00e1 desarrollado y alojado por NETSIVE ubicado:<\/p>\n\n\n\n<p>N\u00b08 Hall 3, Z.I Am Bruch<br>L-3327 &#8211; Crauthem (Luxemburgo)<br>Email :&nbsp;<a href=\"mailto:contact@netsive.com\">contact@netsive.com<\/a><br>Tel : +352 27 12 61 74<br><a href=\"https:\/\/netsive.com\" target=\"_blank\" rel=\"noopener noreferrer\">https:\/\/netsive.com<\/a><\/p>\n\n\n\n<p>Cr\u00e9ditos de las fotos:<br>Archives CHEFEMG &#8211; C. Mossi\u00e8re &#8211; T. Clinch &#8211; A. Harnie-Cousseau &#8211; C. Sarramon &#8211; F. Pelizzari &#8211;&nbsp;X. Franquet &#8211; R. Grenet &#8211; E. Gu\u00e9rard &#8211; Thuri\u00e8s &#8211; Xavier Boymond &#8211; Bob Noto &#8211; Fotolia.com &#8211;&nbsp;CG64 &#8211;&nbsp;CDT64<\/p>\n\n\n\n<p><\/p>\n\n\n\n<h2 class=\"wp-block-heading\">1 \u2013 INFORMACI\u00d3N:<\/h2>\n\n\n\n<p>La informaci\u00f3n publicada, incluyendo su apariencia y caracter\u00edsticas, en el sitio web lespreseugenie.com es extracontractual.<\/p>\n\n\n\n<p>Esta informaci\u00f3n no constituye una representaci\u00f3n, garant\u00eda o compromiso por parte de lespreseugenie.com con respecto a ning\u00fan producto o servicio: lespreseugenie.com renuncia a todas las garant\u00edas, expresas o impl\u00edcitas, en cuanto a su integridad, exactitud o idoneidad para cualquier prop\u00f3sito.<\/p>\n\n\n\n<p>lespreseugenie.com ha hecho todo lo posible para garantizar que la informaci\u00f3n accesible a trav\u00e9s de su sitio web sea precisa. Sin embargo, no garantizamos de ninguna manera que esta informaci\u00f3n sea precisa, completa y actualizada.<\/p>\n\n\n\n<p>lespreseugenie.com no ofrece garant\u00edas, expresas o impl\u00edcitas, con respecto a la totalidad o parte de su sitio web. En ning\u00fan caso lespreseugenie.com podr\u00e1 ser considerada responsable de ning\u00fan da\u00f1o directo o indirecto, cualquiera que sea su naturaleza, derivado del uso de su sitio web.<\/p>\n\n\n\n<p>La creaci\u00f3n de enlaces de hipertexto a otros sitios o recursos disponibles en Internet no puede comprometer la responsabilidad de lespreseugenie.com o de su anfitri\u00f3n por el contenido ofrecido por los sitios designados.<\/p>\n\n\n\n<p>SAS Compagnie H\u00f4teli\u00e8re Et Fermi\u00e8re d&#8217;Eug\u00e9nie \u2013 Michel Gu\u00e9rard declina toda responsabilidad por el contenido de los sitios vinculados al sitio web lespreseugenie.com.<\/p>\n\n\n\n<p>lespreseugenie.com declina toda responsabilidad por la pertinencia de la informaci\u00f3n proporcionada y el uso que un usuario de Internet pueda hacer de ella.<\/p>\n\n\n\n<h2 class=\"wp-block-heading\">2 \u2013 MODIFICACIONES:<\/h2>\n\n\n\n<p>lespreseugenie.com reserva el derecho a modificar o corregir, en cualquier momento y sin previo aviso, los contenidos de su sitio web, independientemente de su naturaleza.<\/p>\n\n\n\n<h2 class=\"wp-block-heading\">3 \u2013 FORMULARIO DE CONTACTO Y RESERVA:<\/h2>\n\n\n\n<p>La informaci\u00f3n recopilada de los usuarios de Internet a trav\u00e9s de un formulario de contacto cumple con la Ley de Protecci\u00f3n de Datos. Le informamos que sus respuestas son opcionales y que la falta de respuesta no conlleva ninguna consecuencia particular. Sin embargo, en algunos casos, su informaci\u00f3n debe ser suficiente para permitirnos responderle y\/o procesar sus solicitudes.<\/p>\n\n\n\n<p>&nbsp;Las condiciones generales de venta y cancelaci\u00f3n relacionadas con la reserva en l\u00ednea o la solicitud de reserva se indican con precisi\u00f3n en los formularios. El internauta puede solicitar una copia de las condiciones generales de venta. Las soluciones de reserva en l\u00ednea requieren que marque la casilla &#8220;aceptaci\u00f3n de los t\u00e9rminos y condiciones generales de venta&#8221; antes de realizar cualquier compra. Las tasas tur\u00edsticas, si las hubiera, se especificar\u00e1n en la factura del hotel, no est\u00e1n incluidas en los importes indicados en el momento de la reserva. La fijaci\u00f3n de estos impuestos est\u00e1 fuera del control de lespreseugenie.com.<\/p>\n\n\n\n<h2 class=\"wp-block-heading\">4 \u2013 DERECHOS DE PROPIEDAD INTELECTUAL E INDUSTRIAL:<\/h2>\n\n\n\n<p>El sitio web lespreseugenie.com y sus derechos de autor est\u00e1n protegidos seg\u00fan lo dispuesto en el Libro I, T\u00edtulos I y II del C\u00f3digo de la Propiedad Intelectual en su parte legislativa.<\/p>\n\n\n\n<p>En consecuencia, cualquier uso de los productos, incluida la totalidad o parte de un sitio web lespreseugenie.com, solo puede realizarse con permiso por escrito.<\/p>\n\n\n\n<p>De acuerdo con las normas del derecho consuetudinario, lespreseugenie.com puede hacer efectiva la responsabilidad contractual de sus visitantes o entablar cualquier acci\u00f3n por competencia desleal o parasitaria contra los autores de infracciones de las disposiciones en cuesti\u00f3n.<\/p>\n\n\n\n<p>El internauta no podr\u00e1 comunicar ninguno de los productos, incluida la totalidad o parte del sitio web lespreseugenie.com, a terceros, aunque sean legalmente distintos de \u00e9l, a t\u00edtulo oneroso o gratuito, ya sea directamente mediante la comunicaci\u00f3n de los datos originales, o indirectamente en forma combinada de dichos datos.<\/p>\n\n\n\n<p>El usuario de Internet no podr\u00e1 modificar, reproducir o adaptar ning\u00fan producto, incluyendo todo o parte del sitio web lespreseugenie.com, y los datos contenidos en el mismo (incluidas las fotos).<\/p>\n\n\n\n<p>El usuario de Internet no puede copiar, por ning\u00fan medio, descargar, comercializar, revender, distribuir, retransmitir, publicar, realizar una descarga automatizada, en cualquier forma, de cualquier dato disponible o alojado en el sitio lespreseugenie.com.<\/p>\n\n\n\n<p>La apropiaci\u00f3n indebida de los derechos de radiodifusi\u00f3n ser\u00e1 sancionada por las disposiciones reglamentarias y legislativas relativas a los derechos de autor y derechos de los productores previstas en el C\u00f3digo de la Propiedad Intelectual.<\/p>\n\n\n\n<h2 class=\"wp-block-heading\">5 \u2013 FALSIFICACI\u00d3N:<\/h2>\n\n\n\n<p>Queda prohibida e il\u00edcita toda reproducci\u00f3n, representaci\u00f3n o utilizaci\u00f3n, incluso parcial, por cualquier medio, realizada sin el consentimiento por escrito de SAS Compagnie H\u00f4teli\u00e8re Et Fermi\u00e8re d&#8217;Eug\u00e9nie \u2013 Michel Gu\u00e9rard. El incumplimiento de esta prohibici\u00f3n constituye una infracci\u00f3n que puede acarrear la responsabilidad civil y penal del infractor.<\/p>\n\n\n\n<p>Adem\u00e1s, los terceros propietarios de contenidos infractores, independientemente de su naturaleza, tienen derecho a emprender acciones legales contra los infractores. Esta disposici\u00f3n tambi\u00e9n se aplica a los usuarios transitorios de Internet.<\/p>\n<\/div>\n<\/div>\n<\/div>\n\n\n\n<div class=\"wp-block-column is-layout-flow wp-block-column-is-layout-flow\" style=\"flex-basis:10%\"><\/div>\n<\/div>\n","protected":false},"excerpt":{"rendered":"<p>legal HOGAR Y DISCAPACIDAD Les Pr\u00e9s d&#8217;Eug\u00e9nie es accesible para todos. Aqu\u00ed hay una lista no exhaustiva de adaptaciones y servicios para personas con discapacidades o limitaciones en algunas de sus funciones corporales: \u00cdNDICE DE IGUALDAD DE G\u00c9NERO: A 1 de febrero de 2022, el resultado del \u00cdndice de Igualdad de G\u00e9nero de nuestra empresa, [&hellip;]<\/p>\n","protected":false},"author":5,"featured_media":0,"parent":0,"menu_order":0,"comment_status":"open","ping_status":"open","template":"","meta":{"_acf_changed":false,"footnotes":""},"class_list":["post-79501","page","type-page","status-publish","hentry"],"acf":[],"yoast_head":"<!-- This site is optimized with the Yoast SEO plugin v26.7 - https:\/\/yoast.com\/wordpress\/plugins\/seo\/ -->\n<title>Legal - Les Pr\u00e9s d&#039;Eug\u00e9nie - Maison Gu\u00e9rard<\/title>\n<meta name=\"description\" content=\"legal HOGAR Y DISCAPACIDAD Les Pr\u00e9s d&#039;Eug\u00e9nie es accesible para todos. Aqu\u00ed hay una lista no exhaustiva de adaptaciones y servicios para personas con\" \/>\n<meta name=\"robots\" content=\"index, follow, max-snippet:-1, max-image-preview:large, max-video-preview:-1\" \/>\n<link rel=\"canonical\" href=\"https:\/\/lespresdeugenie.com\/es\/legal\/\" \/>\n<meta property=\"og:locale\" content=\"es_ES\" \/>\n<meta property=\"og:type\" content=\"article\" \/>\n<meta property=\"og:title\" content=\"Legal - Les Pr\u00e9s d&#039;Eug\u00e9nie - Maison Gu\u00e9rard\" \/>\n<meta property=\"og:description\" content=\"legal HOGAR Y DISCAPACIDAD Les Pr\u00e9s d&#039;Eug\u00e9nie es accesible para todos. Aqu\u00ed hay una lista no exhaustiva de adaptaciones y servicios para personas con\" \/>\n<meta property=\"og:url\" content=\"https:\/\/lespresdeugenie.com\/es\/legal\/\" \/>\n<meta property=\"og:site_name\" content=\"Les Pr\u00e9s d&#039;Eug\u00e9nie\" \/>\n<meta property=\"article:publisher\" content=\"https:\/\/www.facebook.com\/LesPresdEugenie\/\" \/>\n<meta property=\"article:modified_time\" content=\"2026-01-14T15:02:12+00:00\" \/>\n<meta property=\"og:image\" content=\"https:\/\/lespresdeugenie.com\/wp-content\/uploads\/2023\/07\/image.png\" \/>\n\t<meta property=\"og:image:width\" content=\"118\" \/>\n\t<meta property=\"og:image:height\" content=\"118\" \/>\n\t<meta property=\"og:image:type\" content=\"image\/png\" \/>\n<meta name=\"twitter:card\" content=\"summary_large_image\" \/>\n<meta name=\"twitter:label1\" content=\"Tiempo de lectura\" \/>\n\t<meta name=\"twitter:data1\" content=\"6 minutos\" \/>\n<script type=\"application\/ld+json\" class=\"yoast-schema-graph\">{\"@context\":\"https:\/\/schema.org\",\"@graph\":[{\"@type\":\"WebPage\",\"@id\":\"https:\/\/lespresdeugenie.com\/es\/legal\/\",\"url\":\"https:\/\/lespresdeugenie.com\/es\/legal\/\",\"name\":\"Legal - Les Pr\u00e9s d&#039;Eug\u00e9nie - Maison Gu\u00e9rard\",\"isPartOf\":{\"@id\":\"https:\/\/lespresdeugenie.com\/#website\"},\"primaryImageOfPage\":{\"@id\":\"https:\/\/lespresdeugenie.com\/es\/legal\/#primaryimage\"},\"image\":{\"@id\":\"https:\/\/lespresdeugenie.com\/es\/legal\/#primaryimage\"},\"thumbnailUrl\":\"https:\/\/lespresdeugenie.com\/wp-content\/uploads\/2023\/07\/image.png\",\"datePublished\":\"2024-05-03T08:09:08+00:00\",\"dateModified\":\"2026-01-14T15:02:12+00:00\",\"description\":\"legal HOGAR Y DISCAPACIDAD Les Pr\u00e9s d'Eug\u00e9nie es accesible para todos. Aqu\u00ed hay una lista no exhaustiva de adaptaciones y servicios para personas con\",\"breadcrumb\":{\"@id\":\"https:\/\/lespresdeugenie.com\/es\/legal\/#breadcrumb\"},\"inLanguage\":\"es\",\"potentialAction\":[{\"@type\":\"ReadAction\",\"target\":[\"https:\/\/lespresdeugenie.com\/es\/legal\/\"]}]},{\"@type\":\"ImageObject\",\"inLanguage\":\"es\",\"@id\":\"https:\/\/lespresdeugenie.com\/es\/legal\/#primaryimage\",\"url\":\"https:\/\/lespresdeugenie.com\/wp-content\/uploads\/2023\/07\/image.png\",\"contentUrl\":\"https:\/\/lespresdeugenie.com\/wp-content\/uploads\/2023\/07\/image.png\"},{\"@type\":\"BreadcrumbList\",\"@id\":\"https:\/\/lespresdeugenie.com\/es\/legal\/#breadcrumb\",\"itemListElement\":[{\"@type\":\"ListItem\",\"position\":1,\"name\":\"Inicio\",\"item\":\"https:\/\/lespresdeugenie.com\/es\/\"},{\"@type\":\"ListItem\",\"position\":2,\"name\":\"Legal\"}]},{\"@type\":\"WebSite\",\"@id\":\"https:\/\/lespresdeugenie.com\/#website\",\"url\":\"https:\/\/lespresdeugenie.com\/\",\"name\":\"Les Pr\u00e9s d'Eugenie - Maison Gu\u00e9rard\",\"description\":\"Maison Gu\u00e9rard\",\"publisher\":{\"@id\":\"https:\/\/lespresdeugenie.com\/#organization\"},\"alternateName\":\"LPDE\",\"potentialAction\":[{\"@type\":\"SearchAction\",\"target\":{\"@type\":\"EntryPoint\",\"urlTemplate\":\"https:\/\/lespresdeugenie.com\/?s={search_term_string}\"},\"query-input\":{\"@type\":\"PropertyValueSpecification\",\"valueRequired\":true,\"valueName\":\"search_term_string\"}}],\"inLanguage\":\"es\"},{\"@type\":\"Organization\",\"@id\":\"https:\/\/lespresdeugenie.com\/#organization\",\"name\":\"Les Pr\u00e9s d'Eugenie - Maison Gu\u00e9rard\",\"url\":\"https:\/\/lespresdeugenie.com\/\",\"logo\":{\"@type\":\"ImageObject\",\"inLanguage\":\"es\",\"@id\":\"https:\/\/lespresdeugenie.com\/#\/schema\/logo\/image\/\",\"url\":\"https:\/\/lespresdeugenie.com\/wp-content\/uploads\/2022\/12\/les-pres-eugenie-logo-1.png\",\"contentUrl\":\"https:\/\/lespresdeugenie.com\/wp-content\/uploads\/2022\/12\/les-pres-eugenie-logo-1.png\",\"width\":269,\"height\":60,\"caption\":\"Les Pr\u00e9s d'Eugenie - Maison Gu\u00e9rard\"},\"image\":{\"@id\":\"https:\/\/lespresdeugenie.com\/#\/schema\/logo\/image\/\"},\"sameAs\":[\"https:\/\/www.facebook.com\/LesPresdEugenie\/\",\"https:\/\/www.instagram.com\/maisons_guerard\/?hl=fr\",\"https:\/\/fr.linkedin.com\/company\/les-pres-d'eugenie\"]}]}<\/script>\n<!-- \/ Yoast SEO plugin. -->","yoast_head_json":{"title":"Legal - Les Pr\u00e9s d&#039;Eug\u00e9nie - Maison Gu\u00e9rard","description":"legal HOGAR Y DISCAPACIDAD Les Pr\u00e9s d'Eug\u00e9nie es accesible para todos. Aqu\u00ed hay una lista no exhaustiva de adaptaciones y servicios para personas con","robots":{"index":"index","follow":"follow","max-snippet":"max-snippet:-1","max-image-preview":"max-image-preview:large","max-video-preview":"max-video-preview:-1"},"canonical":"https:\/\/lespresdeugenie.com\/es\/legal\/","og_locale":"es_ES","og_type":"article","og_title":"Legal - Les Pr\u00e9s d&#039;Eug\u00e9nie - Maison Gu\u00e9rard","og_description":"legal HOGAR Y DISCAPACIDAD Les Pr\u00e9s d'Eug\u00e9nie es accesible para todos. Aqu\u00ed hay una lista no exhaustiva de adaptaciones y servicios para personas con","og_url":"https:\/\/lespresdeugenie.com\/es\/legal\/","og_site_name":"Les Pr\u00e9s d&#039;Eug\u00e9nie","article_publisher":"https:\/\/www.facebook.com\/LesPresdEugenie\/","article_modified_time":"2026-01-14T15:02:12+00:00","og_image":[{"width":118,"height":118,"url":"https:\/\/lespresdeugenie.com\/wp-content\/uploads\/2023\/07\/image.png","type":"image\/png"}],"twitter_card":"summary_large_image","twitter_misc":{"Tiempo de lectura":"6 minutos"},"schema":{"@context":"https:\/\/schema.org","@graph":[{"@type":"WebPage","@id":"https:\/\/lespresdeugenie.com\/es\/legal\/","url":"https:\/\/lespresdeugenie.com\/es\/legal\/","name":"Legal - Les Pr\u00e9s d&#039;Eug\u00e9nie - Maison Gu\u00e9rard","isPartOf":{"@id":"https:\/\/lespresdeugenie.com\/#website"},"primaryImageOfPage":{"@id":"https:\/\/lespresdeugenie.com\/es\/legal\/#primaryimage"},"image":{"@id":"https:\/\/lespresdeugenie.com\/es\/legal\/#primaryimage"},"thumbnailUrl":"https:\/\/lespresdeugenie.com\/wp-content\/uploads\/2023\/07\/image.png","datePublished":"2024-05-03T08:09:08+00:00","dateModified":"2026-01-14T15:02:12+00:00","description":"legal HOGAR Y DISCAPACIDAD Les Pr\u00e9s d'Eug\u00e9nie es accesible para todos. Aqu\u00ed hay una lista no exhaustiva de adaptaciones y servicios para personas con","breadcrumb":{"@id":"https:\/\/lespresdeugenie.com\/es\/legal\/#breadcrumb"},"inLanguage":"es","potentialAction":[{"@type":"ReadAction","target":["https:\/\/lespresdeugenie.com\/es\/legal\/"]}]},{"@type":"ImageObject","inLanguage":"es","@id":"https:\/\/lespresdeugenie.com\/es\/legal\/#primaryimage","url":"https:\/\/lespresdeugenie.com\/wp-content\/uploads\/2023\/07\/image.png","contentUrl":"https:\/\/lespresdeugenie.com\/wp-content\/uploads\/2023\/07\/image.png"},{"@type":"BreadcrumbList","@id":"https:\/\/lespresdeugenie.com\/es\/legal\/#breadcrumb","itemListElement":[{"@type":"ListItem","position":1,"name":"Inicio","item":"https:\/\/lespresdeugenie.com\/es\/"},{"@type":"ListItem","position":2,"name":"Legal"}]},{"@type":"WebSite","@id":"https:\/\/lespresdeugenie.com\/#website","url":"https:\/\/lespresdeugenie.com\/","name":"Les Pr\u00e9s d'Eugenie - Maison Gu\u00e9rard","description":"Maison Gu\u00e9rard","publisher":{"@id":"https:\/\/lespresdeugenie.com\/#organization"},"alternateName":"LPDE","potentialAction":[{"@type":"SearchAction","target":{"@type":"EntryPoint","urlTemplate":"https:\/\/lespresdeugenie.com\/?s={search_term_string}"},"query-input":{"@type":"PropertyValueSpecification","valueRequired":true,"valueName":"search_term_string"}}],"inLanguage":"es"},{"@type":"Organization","@id":"https:\/\/lespresdeugenie.com\/#organization","name":"Les Pr\u00e9s d'Eugenie - Maison Gu\u00e9rard","url":"https:\/\/lespresdeugenie.com\/","logo":{"@type":"ImageObject","inLanguage":"es","@id":"https:\/\/lespresdeugenie.com\/#\/schema\/logo\/image\/","url":"https:\/\/lespresdeugenie.com\/wp-content\/uploads\/2022\/12\/les-pres-eugenie-logo-1.png","contentUrl":"https:\/\/lespresdeugenie.com\/wp-content\/uploads\/2022\/12\/les-pres-eugenie-logo-1.png","width":269,"height":60,"caption":"Les Pr\u00e9s d'Eugenie - Maison Gu\u00e9rard"},"image":{"@id":"https:\/\/lespresdeugenie.com\/#\/schema\/logo\/image\/"},"sameAs":["https:\/\/www.facebook.com\/LesPresdEugenie\/","https:\/\/www.instagram.com\/maisons_guerard\/?hl=fr","https:\/\/fr.linkedin.com\/company\/les-pres-d'eugenie"]}]}},"_links":{"self":[{"href":"https:\/\/lespresdeugenie.com\/es\/wp-json\/wp\/v2\/pages\/79501","targetHints":{"allow":["GET"]}}],"collection":[{"href":"https:\/\/lespresdeugenie.com\/es\/wp-json\/wp\/v2\/pages"}],"about":[{"href":"https:\/\/lespresdeugenie.com\/es\/wp-json\/wp\/v2\/types\/page"}],"author":[{"embeddable":true,"href":"https:\/\/lespresdeugenie.com\/es\/wp-json\/wp\/v2\/users\/5"}],"replies":[{"embeddable":true,"href":"https:\/\/lespresdeugenie.com\/es\/wp-json\/wp\/v2\/comments?post=79501"}],"version-history":[{"count":6,"href":"https:\/\/lespresdeugenie.com\/es\/wp-json\/wp\/v2\/pages\/79501\/revisions"}],"predecessor-version":[{"id":111895,"href":"https:\/\/lespresdeugenie.com\/es\/wp-json\/wp\/v2\/pages\/79501\/revisions\/111895"}],"wp:attachment":[{"href":"https:\/\/lespresdeugenie.com\/es\/wp-json\/wp\/v2\/media?parent=79501"}],"curies":[{"name":"wp","href":"https:\/\/api.w.org\/{rel}","templated":true}]}}