{"id":79506,"date":"2024-05-03T10:12:59","date_gmt":"2024-05-03T08:12:59","guid":{"rendered":"https:\/\/lespresdeugenie.com\/?page_id=79506"},"modified":"2024-05-03T10:13:00","modified_gmt":"2024-05-03T08:13:00","slug":"politica-de-cookies","status":"publish","type":"page","link":"https:\/\/lespresdeugenie.com\/es\/politica-de-cookies\/","title":{"rendered":"Pol\u00edtica de cookies"},"content":{"rendered":"\n<div class=\"wp-block-columns is-layout-flex wp-container-core-columns-is-layout-28f84493 wp-block-columns-is-layout-flex\">\n<div class=\"wp-block-column is-layout-flow wp-block-column-is-layout-flow\" style=\"flex-basis:10%\"><\/div>\n\n\n\n<div class=\"wp-block-column is-layout-flow wp-block-column-is-layout-flow\">\n<div style=\"height:50px\" aria-hidden=\"true\" class=\"wp-block-spacer\"><\/div>\n\n\n\n<h1 class=\"wp-block-heading has-text-align-center\">Pol\u00edtica de cookies<\/h1>\n\n\n\n<div style=\"height:50px\" aria-hidden=\"true\" class=\"wp-block-spacer\"><\/div>\n\n\n\n<h2 class=\"wp-block-heading\">1. \u00bfQu\u00e9 es una cookie?<\/h2>\n\n\n\n<p>Una cookie &nbsp;se define por el protocolo de comunicaci\u00f3n HTTP como una serie de informaci\u00f3n enviada por un servidor HTTP a un cliente HTTP, que este \u00faltimo devuelve en cada solicitud al mismo servidor HTTP bajo ciertas condiciones.<\/p>\n\n\n\n<p>La cookie es equivalente a un archivo de texto peque\u00f1o, almacenado en el dispositivo del usuario. Se env\u00eda como una cabecera HTTP desde el servidor web al navegador web, que la devuelve sin cambios cada vez que accede al servidor.<\/p>\n\n\n\n<p>Una cookie puede ser utilizado para autenticaci\u00f3n, sesi\u00f3n (mantenimiento de estado) y para almacenar informaci\u00f3n espec\u00edfica del usuario, como las preferencias de un sitio o el contenido de un carrito de compras electr\u00f3nico. Generalment se almacenan como archivos de texto simples, las cookies no son ejecutables. No son ni software esp\u00eda ni virus. La mayor\u00eda de los navegadores recientes permiten a los usuarios decidir si aceptan o rechazan las cookies. Los usuarios tambi\u00e9n pueden elegir la duraci\u00f3n del almacenamiento de las cookies.<\/p>\n\n\n\n<p>&nbsp;Sin embargo, el rechazo completo de las cookies hace que algunos sitios sean inutilizables. Por ejemplo, las cestas de compra de tiendas en l\u00ednea o los sitios que requieren inicio de sesi\u00f3n en un \u00e1rea de cliente, por ejemplo.<br>Fuente: www.wikipedia.org<\/p>\n\n\n\n<h2 class=\"wp-block-heading\">2. Uso de cookies en nuestro sitio web<\/h2>\n\n\n\n<p>Cada vez que se conecta a nuestro sitio, seg\u00fan sus elecciones, es posible que se instalen diversas cookies en su dispositivo para permitirnos reconocer el navegador de Internet utilizado, por ejemplo.<\/p>\n\n\n\n<p>Estas son cookies relacionadas con el funcionamiento mismo del sitio web.<\/p>\n\n\n\n<p>Estas cookies permiten:<\/p>\n\n\n\n<ul class=\"wp-block-list\">\n<li>la generaci\u00f3n de estad\u00edsticas de uso de los elementos presentes en nuestro sitio (secciones, subsecciones, productos, servicios, etc.) para mejorar diariamente la experiencia de su visita.<\/li>\n\n\n\n<li>la adaptaci\u00f3n de la ergonom\u00eda y el dise\u00f1o de la experiencia de usuario de nuestro sitio a las preferencias de visualizaci\u00f3n de su dispositivo (idioma de uso, resoluci\u00f3n de pantalla, etc.) durante su navegaci\u00f3n.<\/li>\n\n\n\n<li>combinar sus datos de contacto o personales con informaci\u00f3n de navegaci\u00f3n cuando se registra o accede a nuestros productos y servicios, con el fin de enviarle correos electr\u00f3nicos que puedan ser de su inter\u00e9s.<\/li>\n\n\n\n<li>adaptar la ergonom\u00eda y el dise\u00f1o UX de nuestro sitio a las preferencias de visualizaci\u00f3n de su terminal (idioma de uso, resoluci\u00f3n de pantalla, etc.) durante su navegaci\u00f3n.<\/li>\n\n\n\n<li>La asociaci\u00f3n de sus datos de contacto o personales con la informaci\u00f3n de navegaci\u00f3n cuando se registra o accede a nuestros productos y servicios, con el fin de enviarle correos electr\u00f3nicos que puedan ser de su inter\u00e9s.<\/li>\n\n\n\n<li>El registro por su navegador de Internet de informaci\u00f3n relativa a un formulario que haya rellenado en nuestro sitio (inscripci\u00f3n o acceso a un espacio cliente, por ejemplo) o a nuestros productos y servicios (servicio suscrito o detalles de una reserva, por ejemplo).<\/li>\n\n\n\n<li>El acceso a zonas reservadas de navegaci\u00f3n en nuestro sitio web, como una zona de clientes, a trav\u00e9s de identificadores y datos que usted nos haya confiado posteriormente.<\/li>\n\n\n\n<li>La aplicaci\u00f3n de medidas de seguridad, por ejemplo cuando se le invita a volver a conectarse a la totalidad o a una parte del sitio web, o a uno de nuestros productos o servicios, una vez transcurrido un determinado per\u00edodo de tiempo.<\/li>\n<\/ul>\n\n\n\n<p>Tenga en cuenta que rechazar el uso de estas cookies puede afectar a la calidad de su visita y a la experiencia del usuario.<\/p>\n\n\n\n<p>Para obtener m\u00e1s informaci\u00f3n sobre las cookies y su funcionamiento, visite: www.allaboutcookies.org<\/p>\n\n\n\n<h2 class=\"wp-block-heading\">3. Uso de cookies de terceros<\/h2>\n\n\n\n<p>Las im\u00e1genes y otros objetos contenidos en una p\u00e1gina web pueden residir en servidores distintos del que aloja la p\u00e1gina. Para mostrar la p\u00e1gina, el navegador descarga todos estos objetos. La mayor\u00eda de las p\u00e1ginas web contienen informaci\u00f3n procedente de distintas fuentes.<\/p>\n\n\n\n<p>Por ejemplo, si introduce www.exemple.com en su navegador, a menudo habr\u00e1 objetos o anuncios en parte de la p\u00e1gina que proceden de fuentes diferentes, es decir, de un dominio distinto de www.exemple.com.<\/p>\n\n\n\n<p>Las cookies de origen son las establecidas por el dominio que aparece en la barra de direcciones del navegador. Las cookies de terceros son las establecidas por uno de los objetos de la p\u00e1gina que proceden de un dominio diferente.<\/p>\n\n\n\n<p>Por defecto, navegadores como Mozilla Firefox, Microsoft Internet Explorer y Opera aceptan cookies de terceros, pero los usuarios pueden cambiar la configuraci\u00f3n en las opciones del navegador para bloquearlas.<\/p>\n\n\n\n<p>No existe ning\u00fan riesgo de seguridad inherente en las cookies de terceros que permiten la funcionalidad web.<\/p>\n\n\n\n<p>Estas cookies de terceros pueden, por ejemplo, permitirnos recopilar estad\u00edsticas (a trav\u00e9s de Google Analytics o Xiti, por ejemplo), ofrecer contenidos espec\u00edficos basados en sus centros de inter\u00e9s o sus preferencias, o identificar el sitio web original de terceros que le redirigi\u00f3 a nuestro sitio web, por ejemplo.<\/p>\n\n\n\n<p>Para obtener m\u00e1s informaci\u00f3n sobre el uso de cookies por parte de diferentes redes sociales (lista no exhaustiva), visite :<br>Facebook :&nbsp;<a href=\"https:\/\/www.facebook.com\/about\/ads\">https:\/\/www.facebook.com\/about\/ads<\/a><br>Instagram :&nbsp;<a href=\"https:\/\/help.instagram.com\/1896641480634370?ref=ig\">https:\/\/help.instagram.com\/1896641480634370?ref=ig<\/a><br>Twitter :&nbsp;<a href=\"https:\/\/support.twitter.com\/articles\/20170518\">https:\/\/support.twitter.com\/articles\/20170518<\/a><br>Snapchat :&nbsp;<a href=\"https:\/\/www.snap.com\/fr-FR\/cookie-policy\/\">https:\/\/www.snap.com\/fr-FR\/cookie-policy\/<\/a><br>Google+ :&nbsp;<a href=\"http:\/\/www.google.com\/policies\/technologies\/cookies\/\">http:\/\/www.google.com\/policies\/technologies\/cookies\/<\/a><br>Pinterest :&nbsp;<a href=\"https:\/\/help.pinterest.com\/fr\/articles\/personalization-and-data\">https:\/\/help.pinterest.com\/fr\/articles\/personalization-and-data<\/a><\/p>\n\n\n\n<h2 class=\"wp-block-heading\">4. Configuraci\u00f3n de cookies en un navegador web<\/h2>\n\n\n\n<p>Para obtener m\u00e1s informaci\u00f3n sobre la instalaci\u00f3n y configuraci\u00f3n de cookies en su navegador, visite los siguientes enlaces:<br>para Chrome\u2122:&nbsp;<a href=\"http:\/\/support.google.com\/chrome\/bin\/answer.py?hl=fr&amp;hlrm=en&amp;answer=95647\">http:\/\/support.google.com\/chrome\/bin\/answer.py?hl=fr&amp;hlrm=en&amp;answer=95647<\/a>&nbsp;;<br>para Safari\u2122 :&nbsp;<a href=\"http:\/\/www.apple.com\/fr\/privacy\/use-of-cookies\">http:\/\/www.apple.com\/fr\/privacy\/use-of-cookies<\/a>&nbsp;;<br>para Microsoft Edge\u2122 :&nbsp;<a href=\"https:\/\/privacy.microsoft.com\/fr-fr\/windows-10-microsoft-edge-and-privacy\">https:\/\/privacy.microsoft.com\/fr-fr\/windows-10-microsoft-edge-and-privacy<\/a>&nbsp;;<br>para Firefox\u2122 :&nbsp;<a href=\"http:\/\/support.mozilla.org\/fr\/kb\/Activer%20et%20d%C3%A9sactiver%20les%20cookies\">http:\/\/support.mozilla.org\/fr\/kb\/Activer%20et%20d%C3%A9sactiver%20les%20cookies<\/a>&nbsp;;<br>para Opera\u2122 :&nbsp;<a href=\"http:\/\/help.opera.com\/Windows\/10.20\/fr\/cookies.html\">http:\/\/help.opera.com\/Windows\/10.20\/fr\/cookies.html<\/a>.<\/p>\n\n\n\n<p>Para el resto de navegadores, utilice el motor de b\u00fasqueda de Internet de su elecci\u00f3n o p\u00f3ngase en contacto con su gestor o proveedor de soluciones inform\u00e1ticas.<\/p>\n<\/div>\n\n\n\n<div class=\"wp-block-column is-layout-flow wp-block-column-is-layout-flow\" style=\"flex-basis:10%\"><\/div>\n<\/div>\n","protected":false},"excerpt":{"rendered":"<p>Pol\u00edtica de cookies 1. \u00bfQu\u00e9 es una cookie? Una cookie &nbsp;se define por el protocolo de comunicaci\u00f3n HTTP como una serie de informaci\u00f3n enviada por un servidor HTTP a un cliente HTTP, que este \u00faltimo devuelve en cada solicitud al mismo servidor HTTP bajo ciertas condiciones. La cookie es equivalente a un archivo de texto [&hellip;]<\/p>\n","protected":false},"author":5,"featured_media":0,"parent":0,"menu_order":0,"comment_status":"open","ping_status":"open","template":"","meta":{"_acf_changed":false,"footnotes":""},"class_list":["post-79506","page","type-page","status-publish","hentry"],"acf":[],"yoast_head":"<!-- This site is optimized with the Yoast SEO plugin v26.7 - https:\/\/yoast.com\/wordpress\/plugins\/seo\/ -->\n<title>Pol\u00edtica de cookies - Les Pr\u00e9s d&#039;Eug\u00e9nie - Maison Gu\u00e9rard<\/title>\n<meta name=\"description\" content=\"Pol\u00edtica de cookies 1. \u00bfQu\u00e9 es una cookie? Una cookie &nbsp;se define por el protocolo de comunicaci\u00f3n HTTP como una serie de informaci\u00f3n enviada por un\" \/>\n<meta name=\"robots\" content=\"index, follow, max-snippet:-1, max-image-preview:large, max-video-preview:-1\" \/>\n<link rel=\"canonical\" href=\"https:\/\/lespresdeugenie.com\/es\/politica-de-cookies\/\" \/>\n<meta property=\"og:locale\" content=\"es_ES\" \/>\n<meta property=\"og:type\" content=\"article\" \/>\n<meta property=\"og:title\" content=\"Pol\u00edtica de cookies - Les Pr\u00e9s d&#039;Eug\u00e9nie - Maison Gu\u00e9rard\" \/>\n<meta property=\"og:description\" content=\"Pol\u00edtica de cookies 1. \u00bfQu\u00e9 es una cookie? Una cookie &nbsp;se define por el protocolo de comunicaci\u00f3n HTTP como una serie de informaci\u00f3n enviada por un\" \/>\n<meta property=\"og:url\" content=\"https:\/\/lespresdeugenie.com\/es\/politica-de-cookies\/\" \/>\n<meta property=\"og:site_name\" content=\"Les Pr\u00e9s d&#039;Eug\u00e9nie\" \/>\n<meta property=\"article:publisher\" content=\"https:\/\/www.facebook.com\/LesPresdEugenie\/\" \/>\n<meta property=\"article:modified_time\" content=\"2024-05-03T08:13:00+00:00\" \/>\n<meta name=\"twitter:card\" content=\"summary_large_image\" \/>\n<meta name=\"twitter:label1\" content=\"Tiempo de lectura\" \/>\n\t<meta name=\"twitter:data1\" content=\"5 minutos\" \/>\n<script type=\"application\/ld+json\" class=\"yoast-schema-graph\">{\"@context\":\"https:\/\/schema.org\",\"@graph\":[{\"@type\":\"WebPage\",\"@id\":\"https:\/\/lespresdeugenie.com\/es\/politica-de-cookies\/\",\"url\":\"https:\/\/lespresdeugenie.com\/es\/politica-de-cookies\/\",\"name\":\"Pol\u00edtica de cookies - Les Pr\u00e9s d&#039;Eug\u00e9nie - Maison Gu\u00e9rard\",\"isPartOf\":{\"@id\":\"https:\/\/lespresdeugenie.com\/#website\"},\"datePublished\":\"2024-05-03T08:12:59+00:00\",\"dateModified\":\"2024-05-03T08:13:00+00:00\",\"description\":\"Pol\u00edtica de cookies 1. \u00bfQu\u00e9 es una cookie? Una cookie &nbsp;se define por el protocolo de comunicaci\u00f3n HTTP como una serie de informaci\u00f3n enviada por un\",\"breadcrumb\":{\"@id\":\"https:\/\/lespresdeugenie.com\/es\/politica-de-cookies\/#breadcrumb\"},\"inLanguage\":\"es\",\"potentialAction\":[{\"@type\":\"ReadAction\",\"target\":[\"https:\/\/lespresdeugenie.com\/es\/politica-de-cookies\/\"]}]},{\"@type\":\"BreadcrumbList\",\"@id\":\"https:\/\/lespresdeugenie.com\/es\/politica-de-cookies\/#breadcrumb\",\"itemListElement\":[{\"@type\":\"ListItem\",\"position\":1,\"name\":\"Inicio\",\"item\":\"https:\/\/lespresdeugenie.com\/es\/\"},{\"@type\":\"ListItem\",\"position\":2,\"name\":\"Pol\u00edtica de cookies\"}]},{\"@type\":\"WebSite\",\"@id\":\"https:\/\/lespresdeugenie.com\/#website\",\"url\":\"https:\/\/lespresdeugenie.com\/\",\"name\":\"Les Pr\u00e9s d'Eugenie - Maison Gu\u00e9rard\",\"description\":\"Maison Gu\u00e9rard\",\"publisher\":{\"@id\":\"https:\/\/lespresdeugenie.com\/#organization\"},\"alternateName\":\"LPDE\",\"potentialAction\":[{\"@type\":\"SearchAction\",\"target\":{\"@type\":\"EntryPoint\",\"urlTemplate\":\"https:\/\/lespresdeugenie.com\/?s={search_term_string}\"},\"query-input\":{\"@type\":\"PropertyValueSpecification\",\"valueRequired\":true,\"valueName\":\"search_term_string\"}}],\"inLanguage\":\"es\"},{\"@type\":\"Organization\",\"@id\":\"https:\/\/lespresdeugenie.com\/#organization\",\"name\":\"Les Pr\u00e9s d'Eugenie - Maison Gu\u00e9rard\",\"url\":\"https:\/\/lespresdeugenie.com\/\",\"logo\":{\"@type\":\"ImageObject\",\"inLanguage\":\"es\",\"@id\":\"https:\/\/lespresdeugenie.com\/#\/schema\/logo\/image\/\",\"url\":\"https:\/\/lespresdeugenie.com\/wp-content\/uploads\/2022\/12\/les-pres-eugenie-logo-1.png\",\"contentUrl\":\"https:\/\/lespresdeugenie.com\/wp-content\/uploads\/2022\/12\/les-pres-eugenie-logo-1.png\",\"width\":269,\"height\":60,\"caption\":\"Les Pr\u00e9s d'Eugenie - Maison Gu\u00e9rard\"},\"image\":{\"@id\":\"https:\/\/lespresdeugenie.com\/#\/schema\/logo\/image\/\"},\"sameAs\":[\"https:\/\/www.facebook.com\/LesPresdEugenie\/\",\"https:\/\/www.instagram.com\/maisons_guerard\/?hl=fr\",\"https:\/\/fr.linkedin.com\/company\/les-pres-d'eugenie\"]}]}<\/script>\n<!-- \/ Yoast SEO plugin. -->","yoast_head_json":{"title":"Pol\u00edtica de cookies - Les Pr\u00e9s d&#039;Eug\u00e9nie - Maison Gu\u00e9rard","description":"Pol\u00edtica de cookies 1. \u00bfQu\u00e9 es una cookie? Una cookie &nbsp;se define por el protocolo de comunicaci\u00f3n HTTP como una serie de informaci\u00f3n enviada por un","robots":{"index":"index","follow":"follow","max-snippet":"max-snippet:-1","max-image-preview":"max-image-preview:large","max-video-preview":"max-video-preview:-1"},"canonical":"https:\/\/lespresdeugenie.com\/es\/politica-de-cookies\/","og_locale":"es_ES","og_type":"article","og_title":"Pol\u00edtica de cookies - Les Pr\u00e9s d&#039;Eug\u00e9nie - Maison Gu\u00e9rard","og_description":"Pol\u00edtica de cookies 1. \u00bfQu\u00e9 es una cookie? Una cookie &nbsp;se define por el protocolo de comunicaci\u00f3n HTTP como una serie de informaci\u00f3n enviada por un","og_url":"https:\/\/lespresdeugenie.com\/es\/politica-de-cookies\/","og_site_name":"Les Pr\u00e9s d&#039;Eug\u00e9nie","article_publisher":"https:\/\/www.facebook.com\/LesPresdEugenie\/","article_modified_time":"2024-05-03T08:13:00+00:00","twitter_card":"summary_large_image","twitter_misc":{"Tiempo de lectura":"5 minutos"},"schema":{"@context":"https:\/\/schema.org","@graph":[{"@type":"WebPage","@id":"https:\/\/lespresdeugenie.com\/es\/politica-de-cookies\/","url":"https:\/\/lespresdeugenie.com\/es\/politica-de-cookies\/","name":"Pol\u00edtica de cookies - Les Pr\u00e9s d&#039;Eug\u00e9nie - Maison Gu\u00e9rard","isPartOf":{"@id":"https:\/\/lespresdeugenie.com\/#website"},"datePublished":"2024-05-03T08:12:59+00:00","dateModified":"2024-05-03T08:13:00+00:00","description":"Pol\u00edtica de cookies 1. \u00bfQu\u00e9 es una cookie? Una cookie &nbsp;se define por el protocolo de comunicaci\u00f3n HTTP como una serie de informaci\u00f3n enviada por un","breadcrumb":{"@id":"https:\/\/lespresdeugenie.com\/es\/politica-de-cookies\/#breadcrumb"},"inLanguage":"es","potentialAction":[{"@type":"ReadAction","target":["https:\/\/lespresdeugenie.com\/es\/politica-de-cookies\/"]}]},{"@type":"BreadcrumbList","@id":"https:\/\/lespresdeugenie.com\/es\/politica-de-cookies\/#breadcrumb","itemListElement":[{"@type":"ListItem","position":1,"name":"Inicio","item":"https:\/\/lespresdeugenie.com\/es\/"},{"@type":"ListItem","position":2,"name":"Pol\u00edtica de cookies"}]},{"@type":"WebSite","@id":"https:\/\/lespresdeugenie.com\/#website","url":"https:\/\/lespresdeugenie.com\/","name":"Les Pr\u00e9s d'Eugenie - Maison Gu\u00e9rard","description":"Maison Gu\u00e9rard","publisher":{"@id":"https:\/\/lespresdeugenie.com\/#organization"},"alternateName":"LPDE","potentialAction":[{"@type":"SearchAction","target":{"@type":"EntryPoint","urlTemplate":"https:\/\/lespresdeugenie.com\/?s={search_term_string}"},"query-input":{"@type":"PropertyValueSpecification","valueRequired":true,"valueName":"search_term_string"}}],"inLanguage":"es"},{"@type":"Organization","@id":"https:\/\/lespresdeugenie.com\/#organization","name":"Les Pr\u00e9s d'Eugenie - Maison Gu\u00e9rard","url":"https:\/\/lespresdeugenie.com\/","logo":{"@type":"ImageObject","inLanguage":"es","@id":"https:\/\/lespresdeugenie.com\/#\/schema\/logo\/image\/","url":"https:\/\/lespresdeugenie.com\/wp-content\/uploads\/2022\/12\/les-pres-eugenie-logo-1.png","contentUrl":"https:\/\/lespresdeugenie.com\/wp-content\/uploads\/2022\/12\/les-pres-eugenie-logo-1.png","width":269,"height":60,"caption":"Les Pr\u00e9s d'Eugenie - Maison Gu\u00e9rard"},"image":{"@id":"https:\/\/lespresdeugenie.com\/#\/schema\/logo\/image\/"},"sameAs":["https:\/\/www.facebook.com\/LesPresdEugenie\/","https:\/\/www.instagram.com\/maisons_guerard\/?hl=fr","https:\/\/fr.linkedin.com\/company\/les-pres-d'eugenie"]}]}},"_links":{"self":[{"href":"https:\/\/lespresdeugenie.com\/es\/wp-json\/wp\/v2\/pages\/79506","targetHints":{"allow":["GET"]}}],"collection":[{"href":"https:\/\/lespresdeugenie.com\/es\/wp-json\/wp\/v2\/pages"}],"about":[{"href":"https:\/\/lespresdeugenie.com\/es\/wp-json\/wp\/v2\/types\/page"}],"author":[{"embeddable":true,"href":"https:\/\/lespresdeugenie.com\/es\/wp-json\/wp\/v2\/users\/5"}],"replies":[{"embeddable":true,"href":"https:\/\/lespresdeugenie.com\/es\/wp-json\/wp\/v2\/comments?post=79506"}],"version-history":[{"count":1,"href":"https:\/\/lespresdeugenie.com\/es\/wp-json\/wp\/v2\/pages\/79506\/revisions"}],"predecessor-version":[{"id":79507,"href":"https:\/\/lespresdeugenie.com\/es\/wp-json\/wp\/v2\/pages\/79506\/revisions\/79507"}],"wp:attachment":[{"href":"https:\/\/lespresdeugenie.com\/es\/wp-json\/wp\/v2\/media?parent=79506"}],"curies":[{"name":"wp","href":"https:\/\/api.w.org\/{rel}","templated":true}]}}