{"id":103571,"date":"2024-10-31T18:13:15","date_gmt":"2024-10-31T17:13:15","guid":{"rendered":"https:\/\/lespresdeugenie.com\/produit\/fugue-gourmande-1-night-getaway\/"},"modified":"2025-11-13T10:19:03","modified_gmt":"2025-11-13T09:19:03","slug":"fugue-gourmande-1-night-getaway","status":"publish","type":"product","link":"https:\/\/lespresdeugenie.com\/es\/producto\/fugue-gourmande-1-night-getaway\/","title":{"rendered":"Fuga Gourmande 1 Noche"},"content":{"rendered":"<p>El Bono &#8220;Fuga Gourmande&#8221; valido para 2 huspuedes, incluye :<\/p>\n<ul>\n<li>\u00a0Alojamiento<\/li>\n<li>Un suculento desayuno (buf\u00e9 o en la cama)<\/li>\n<li>Una copa de Champagne como aperitivo<\/li>\n<li>La cena \u201cTerroir Sublime\u201d en L\u2019Orangerie\u2731 (men\u00fa de 3 tiempos*)<\/li>\n<li>Acceso a las instalaciones de nuestro Domaine: Bains du Jardin (ba\u00f1o n\u00f3rdico y sauna), piscina exterior climatizada (25 \u00b0C), Studio Fitness y bicicletas<\/li>\n<li>Wi-Fi, servicio de aparcacoches y aparcamiento gratuito<\/li>\n<li>Las bebidas no est\u00e1n incluidas.<\/li>\n<\/ul>\n<h3>C\u00f3mo utilizar este bono y otra informaci\u00f3n \u00fatil<\/h3>\n<p>Nuestros Bonos Regalo son v\u00e1lidos durante 12 meses a partir de la fecha de emisi\u00f3n, salvo los d\u00edas 24\/12 y 31\/12, y seg\u00fan disponibilidad.<\/p>\n<p>Los impuestos locales no est\u00e1n incluidos y deber\u00e1n abonarse en Recepci\u00f3n al momento de la salida.<\/p>\n<p><strong>Reserva previa obligatoria:<\/strong> p\u00f3ngase en contacto con nuestro Equipo de Reservas por tel\u00e9fono (+33 (0)5 58 05 06 07) o por <a href=\"mailto:reservation@lespresdeugenie.com\">email<\/a>.<\/p>\n<p>Debido al \u00e9xito de nuestra Casa, le recomendamos realizar su reserva con varias semanas de antelaci\u00f3n a la fecha deseada.<\/p>\n<p>Este Bono Regalo contiene un c\u00f3digo de referencia \u00fanico, es de uso \u00fanico, no puede canjearse por dinero en efectivo, ni reemplazarse en caso de p\u00e9rdida, y no es transferible ni reembolsable.<\/p>\n<p>El bono deber\u00e1 presentarse a la llegada para disfrutar de la experiencia. Los bonos no son prorrogables.<br \/>\nLa cancelaci\u00f3n de una reserva con menos de dos semanas de antelaci\u00f3n anular\u00e1 el bono autom\u00e1ticamente.<\/p>\n","protected":false},"excerpt":{"rendered":"<ul>\n<li>1 noche en Eug\u00e9nie<\/li>\n<li>Desayuno<\/li>\n<li>Una copa de Champagne<\/li>\n<li>La cena \u201cTerroir Sublime\u201d en L\u2019Orangerie\u2731<\/li>\n<li>para 2 hu\u00e9spedes<\/li>\n<\/ul>\n","protected":false},"featured_media":85849,"template":"","meta":{"_acf_changed":false},"product_brand":[],"product_cat":[434,443,435],"product_tag":[],"class_list":{"0":"post-103571","1":"product","2":"type-product","3":"status-publish","4":"has-post-thumbnail","6":"product_cat-bons-cadeaux-es","7":"product_cat-el-restaurante-lorangerie-","8":"product_cat-les-sejours-a-eugenie-es","10":"first","11":"instock","12":"shipping-taxable","13":"purchasable","14":"product-type-variable","15":"add-to-wishlist-before_image"},"acf":[],"yoast_head":"<!-- This site is optimized with the Yoast SEO plugin v26.7 - https:\/\/yoast.com\/wordpress\/plugins\/seo\/ -->\n<title>Fuga Gourmande 1 Noche - Les Pr\u00e9s d&#039;Eug\u00e9nie - Maison Gu\u00e9rard<\/title>\n<meta name=\"description\" content=\"1 noche en Eug\u00e9nie  Desayuno  Una copa de Champagne  La cena \u201cTerroir Sublime\u201d en L\u2019Orangerie\u2731  para 2 hu\u00e9spedes\" \/>\n<meta name=\"robots\" content=\"index, follow, max-snippet:-1, max-image-preview:large, max-video-preview:-1\" \/>\n<link rel=\"canonical\" href=\"https:\/\/lespresdeugenie.com\/es\/producto\/fugue-gourmande-1-night-getaway\/\" \/>\n<meta property=\"og:locale\" content=\"es_ES\" \/>\n<meta property=\"og:type\" content=\"article\" \/>\n<meta property=\"og:title\" content=\"Fuga Gourmande 1 Noche - Les Pr\u00e9s d&#039;Eug\u00e9nie - Maison Gu\u00e9rard\" \/>\n<meta property=\"og:description\" content=\"1 noche en Eug\u00e9nie  Desayuno  Una copa de Champagne  La cena \u201cTerroir Sublime\u201d en L\u2019Orangerie\u2731  para 2 hu\u00e9spedes\" \/>\n<meta property=\"og:url\" content=\"https:\/\/lespresdeugenie.com\/es\/producto\/fugue-gourmande-1-night-getaway\/\" \/>\n<meta property=\"og:site_name\" content=\"Les Pr\u00e9s d&#039;Eug\u00e9nie\" \/>\n<meta property=\"article:publisher\" content=\"https:\/\/www.facebook.com\/LesPresdEugenie\/\" \/>\n<meta property=\"article:modified_time\" content=\"2025-11-13T09:19:03+00:00\" \/>\n<meta property=\"og:image\" content=\"https:\/\/lespresdeugenie.com\/wp-content\/uploads\/2024\/10\/LPDE_vignette_chambre_couvent.jpg\" \/>\n\t<meta property=\"og:image:width\" content=\"600\" \/>\n\t<meta property=\"og:image:height\" content=\"600\" \/>\n\t<meta property=\"og:image:type\" content=\"image\/jpeg\" \/>\n<meta name=\"twitter:card\" content=\"summary_large_image\" \/>\n<meta name=\"twitter:label1\" content=\"Tiempo de lectura\" \/>\n\t<meta name=\"twitter:data1\" content=\"2 minutos\" \/>\n<script type=\"application\/ld+json\" class=\"yoast-schema-graph\">{\"@context\":\"https:\/\/schema.org\",\"@graph\":[{\"@type\":\"WebPage\",\"@id\":\"https:\/\/lespresdeugenie.com\/es\/producto\/fugue-gourmande-1-night-getaway\/\",\"url\":\"https:\/\/lespresdeugenie.com\/es\/producto\/fugue-gourmande-1-night-getaway\/\",\"name\":\"Fuga Gourmande 1 Noche - Les Pr\u00e9s d&#039;Eug\u00e9nie - Maison Gu\u00e9rard\",\"isPartOf\":{\"@id\":\"https:\/\/lespresdeugenie.com\/#website\"},\"primaryImageOfPage\":{\"@id\":\"https:\/\/lespresdeugenie.com\/es\/producto\/fugue-gourmande-1-night-getaway\/#primaryimage\"},\"image\":{\"@id\":\"https:\/\/lespresdeugenie.com\/es\/producto\/fugue-gourmande-1-night-getaway\/#primaryimage\"},\"thumbnailUrl\":\"https:\/\/lespresdeugenie.com\/wp-content\/uploads\/2024\/10\/LPDE_vignette_chambre_couvent.jpg\",\"datePublished\":\"2024-10-31T17:13:15+00:00\",\"dateModified\":\"2025-11-13T09:19:03+00:00\",\"description\":\"1 noche en Eug\u00e9nie Desayuno Una copa de Champagne La cena \u201cTerroir Sublime\u201d en L\u2019Orangerie\u2731 para 2 hu\u00e9spedes\",\"breadcrumb\":{\"@id\":\"https:\/\/lespresdeugenie.com\/es\/producto\/fugue-gourmande-1-night-getaway\/#breadcrumb\"},\"inLanguage\":\"es\",\"potentialAction\":[{\"@type\":\"ReadAction\",\"target\":[\"https:\/\/lespresdeugenie.com\/es\/producto\/fugue-gourmande-1-night-getaway\/\"]}]},{\"@type\":\"ImageObject\",\"inLanguage\":\"es\",\"@id\":\"https:\/\/lespresdeugenie.com\/es\/producto\/fugue-gourmande-1-night-getaway\/#primaryimage\",\"url\":\"https:\/\/lespresdeugenie.com\/wp-content\/uploads\/2024\/10\/LPDE_vignette_chambre_couvent.jpg\",\"contentUrl\":\"https:\/\/lespresdeugenie.com\/wp-content\/uploads\/2024\/10\/LPDE_vignette_chambre_couvent.jpg\",\"width\":600,\"height\":600},{\"@type\":\"BreadcrumbList\",\"@id\":\"https:\/\/lespresdeugenie.com\/es\/producto\/fugue-gourmande-1-night-getaway\/#breadcrumb\",\"itemListElement\":[{\"@type\":\"ListItem\",\"position\":1,\"name\":\"Inicio\",\"item\":\"https:\/\/lespresdeugenie.com\/es\/\"},{\"@type\":\"ListItem\",\"position\":2,\"name\":\"Bons cadeaux\",\"item\":\"https:\/\/lespresdeugenie.com\/bons-cadeaux\/\"},{\"@type\":\"ListItem\",\"position\":3,\"name\":\"Fuga Gourmande 1 Noche\"}]},{\"@type\":\"WebSite\",\"@id\":\"https:\/\/lespresdeugenie.com\/#website\",\"url\":\"https:\/\/lespresdeugenie.com\/\",\"name\":\"Les Pr\u00e9s d'Eugenie - Maison Gu\u00e9rard\",\"description\":\"Maison Gu\u00e9rard\",\"publisher\":{\"@id\":\"https:\/\/lespresdeugenie.com\/#organization\"},\"alternateName\":\"LPDE\",\"potentialAction\":[{\"@type\":\"SearchAction\",\"target\":{\"@type\":\"EntryPoint\",\"urlTemplate\":\"https:\/\/lespresdeugenie.com\/?s={search_term_string}\"},\"query-input\":{\"@type\":\"PropertyValueSpecification\",\"valueRequired\":true,\"valueName\":\"search_term_string\"}}],\"inLanguage\":\"es\"},{\"@type\":\"Organization\",\"@id\":\"https:\/\/lespresdeugenie.com\/#organization\",\"name\":\"Les Pr\u00e9s d'Eugenie - Maison Gu\u00e9rard\",\"url\":\"https:\/\/lespresdeugenie.com\/\",\"logo\":{\"@type\":\"ImageObject\",\"inLanguage\":\"es\",\"@id\":\"https:\/\/lespresdeugenie.com\/#\/schema\/logo\/image\/\",\"url\":\"https:\/\/lespresdeugenie.com\/wp-content\/uploads\/2022\/12\/les-pres-eugenie-logo-1.png\",\"contentUrl\":\"https:\/\/lespresdeugenie.com\/wp-content\/uploads\/2022\/12\/les-pres-eugenie-logo-1.png\",\"width\":269,\"height\":60,\"caption\":\"Les Pr\u00e9s d'Eugenie - Maison Gu\u00e9rard\"},\"image\":{\"@id\":\"https:\/\/lespresdeugenie.com\/#\/schema\/logo\/image\/\"},\"sameAs\":[\"https:\/\/www.facebook.com\/LesPresdEugenie\/\",\"https:\/\/www.instagram.com\/maisons_guerard\/?hl=fr\",\"https:\/\/fr.linkedin.com\/company\/les-pres-d'eugenie\"]}]}<\/script>\n<!-- \/ Yoast SEO plugin. -->","yoast_head_json":{"title":"Fuga Gourmande 1 Noche - Les Pr\u00e9s d&#039;Eug\u00e9nie - Maison Gu\u00e9rard","description":"1 noche en Eug\u00e9nie  Desayuno  Una copa de Champagne  La cena \u201cTerroir Sublime\u201d en L\u2019Orangerie\u2731  para 2 hu\u00e9spedes","robots":{"index":"index","follow":"follow","max-snippet":"max-snippet:-1","max-image-preview":"max-image-preview:large","max-video-preview":"max-video-preview:-1"},"canonical":"https:\/\/lespresdeugenie.com\/es\/producto\/fugue-gourmande-1-night-getaway\/","og_locale":"es_ES","og_type":"article","og_title":"Fuga Gourmande 1 Noche - Les Pr\u00e9s d&#039;Eug\u00e9nie - Maison Gu\u00e9rard","og_description":"1 noche en Eug\u00e9nie  Desayuno  Una copa de Champagne  La cena \u201cTerroir Sublime\u201d en L\u2019Orangerie\u2731  para 2 hu\u00e9spedes","og_url":"https:\/\/lespresdeugenie.com\/es\/producto\/fugue-gourmande-1-night-getaway\/","og_site_name":"Les Pr\u00e9s d&#039;Eug\u00e9nie","article_publisher":"https:\/\/www.facebook.com\/LesPresdEugenie\/","article_modified_time":"2025-11-13T09:19:03+00:00","og_image":[{"width":600,"height":600,"url":"https:\/\/lespresdeugenie.com\/wp-content\/uploads\/2024\/10\/LPDE_vignette_chambre_couvent.jpg","type":"image\/jpeg"}],"twitter_card":"summary_large_image","twitter_misc":{"Tiempo de lectura":"2 minutos"},"schema":{"@context":"https:\/\/schema.org","@graph":[{"@type":"WebPage","@id":"https:\/\/lespresdeugenie.com\/es\/producto\/fugue-gourmande-1-night-getaway\/","url":"https:\/\/lespresdeugenie.com\/es\/producto\/fugue-gourmande-1-night-getaway\/","name":"Fuga Gourmande 1 Noche - Les Pr\u00e9s d&#039;Eug\u00e9nie - Maison Gu\u00e9rard","isPartOf":{"@id":"https:\/\/lespresdeugenie.com\/#website"},"primaryImageOfPage":{"@id":"https:\/\/lespresdeugenie.com\/es\/producto\/fugue-gourmande-1-night-getaway\/#primaryimage"},"image":{"@id":"https:\/\/lespresdeugenie.com\/es\/producto\/fugue-gourmande-1-night-getaway\/#primaryimage"},"thumbnailUrl":"https:\/\/lespresdeugenie.com\/wp-content\/uploads\/2024\/10\/LPDE_vignette_chambre_couvent.jpg","datePublished":"2024-10-31T17:13:15+00:00","dateModified":"2025-11-13T09:19:03+00:00","description":"1 noche en Eug\u00e9nie Desayuno Una copa de Champagne La cena \u201cTerroir Sublime\u201d en L\u2019Orangerie\u2731 para 2 hu\u00e9spedes","breadcrumb":{"@id":"https:\/\/lespresdeugenie.com\/es\/producto\/fugue-gourmande-1-night-getaway\/#breadcrumb"},"inLanguage":"es","potentialAction":[{"@type":"ReadAction","target":["https:\/\/lespresdeugenie.com\/es\/producto\/fugue-gourmande-1-night-getaway\/"]}]},{"@type":"ImageObject","inLanguage":"es","@id":"https:\/\/lespresdeugenie.com\/es\/producto\/fugue-gourmande-1-night-getaway\/#primaryimage","url":"https:\/\/lespresdeugenie.com\/wp-content\/uploads\/2024\/10\/LPDE_vignette_chambre_couvent.jpg","contentUrl":"https:\/\/lespresdeugenie.com\/wp-content\/uploads\/2024\/10\/LPDE_vignette_chambre_couvent.jpg","width":600,"height":600},{"@type":"BreadcrumbList","@id":"https:\/\/lespresdeugenie.com\/es\/producto\/fugue-gourmande-1-night-getaway\/#breadcrumb","itemListElement":[{"@type":"ListItem","position":1,"name":"Inicio","item":"https:\/\/lespresdeugenie.com\/es\/"},{"@type":"ListItem","position":2,"name":"Bons cadeaux","item":"https:\/\/lespresdeugenie.com\/bons-cadeaux\/"},{"@type":"ListItem","position":3,"name":"Fuga Gourmande 1 Noche"}]},{"@type":"WebSite","@id":"https:\/\/lespresdeugenie.com\/#website","url":"https:\/\/lespresdeugenie.com\/","name":"Les Pr\u00e9s d'Eugenie - Maison Gu\u00e9rard","description":"Maison Gu\u00e9rard","publisher":{"@id":"https:\/\/lespresdeugenie.com\/#organization"},"alternateName":"LPDE","potentialAction":[{"@type":"SearchAction","target":{"@type":"EntryPoint","urlTemplate":"https:\/\/lespresdeugenie.com\/?s={search_term_string}"},"query-input":{"@type":"PropertyValueSpecification","valueRequired":true,"valueName":"search_term_string"}}],"inLanguage":"es"},{"@type":"Organization","@id":"https:\/\/lespresdeugenie.com\/#organization","name":"Les Pr\u00e9s d'Eugenie - Maison Gu\u00e9rard","url":"https:\/\/lespresdeugenie.com\/","logo":{"@type":"ImageObject","inLanguage":"es","@id":"https:\/\/lespresdeugenie.com\/#\/schema\/logo\/image\/","url":"https:\/\/lespresdeugenie.com\/wp-content\/uploads\/2022\/12\/les-pres-eugenie-logo-1.png","contentUrl":"https:\/\/lespresdeugenie.com\/wp-content\/uploads\/2022\/12\/les-pres-eugenie-logo-1.png","width":269,"height":60,"caption":"Les Pr\u00e9s d'Eugenie - Maison Gu\u00e9rard"},"image":{"@id":"https:\/\/lespresdeugenie.com\/#\/schema\/logo\/image\/"},"sameAs":["https:\/\/www.facebook.com\/LesPresdEugenie\/","https:\/\/www.instagram.com\/maisons_guerard\/?hl=fr","https:\/\/fr.linkedin.com\/company\/les-pres-d'eugenie"]}]}},"_links":{"self":[{"href":"https:\/\/lespresdeugenie.com\/es\/wp-json\/wp\/v2\/product\/103571","targetHints":{"allow":["GET"]}}],"collection":[{"href":"https:\/\/lespresdeugenie.com\/es\/wp-json\/wp\/v2\/product"}],"about":[{"href":"https:\/\/lespresdeugenie.com\/es\/wp-json\/wp\/v2\/types\/product"}],"wp:featuredmedia":[{"embeddable":true,"href":"https:\/\/lespresdeugenie.com\/es\/wp-json\/wp\/v2\/media\/85849"}],"wp:attachment":[{"href":"https:\/\/lespresdeugenie.com\/es\/wp-json\/wp\/v2\/media?parent=103571"}],"wp:term":[{"taxonomy":"product_brand","embeddable":true,"href":"https:\/\/lespresdeugenie.com\/es\/wp-json\/wp\/v2\/product_brand?post=103571"},{"taxonomy":"product_cat","embeddable":true,"href":"https:\/\/lespresdeugenie.com\/es\/wp-json\/wp\/v2\/product_cat?post=103571"},{"taxonomy":"product_tag","embeddable":true,"href":"https:\/\/lespresdeugenie.com\/es\/wp-json\/wp\/v2\/product_tag?post=103571"}],"curies":[{"name":"wp","href":"https:\/\/api.w.org\/{rel}","templated":true}]}}