{"id":103575,"date":"2024-12-04T12:07:25","date_gmt":"2024-12-04T11:07:25","guid":{"rendered":"https:\/\/lespresdeugenie.com\/produit\/fugue-etoilee-1-nuit\/"},"modified":"2026-02-05T14:50:56","modified_gmt":"2026-02-05T13:50:56","slug":"fugue-etoilee-1-nuit","status":"publish","type":"product","link":"https:\/\/lespresdeugenie.com\/es\/producto\/fugue-etoilee-1-nuit\/","title":{"rendered":"Fuga Estrellada \u2731\u2731\u2731 \u2014 1 Noche"},"content":{"rendered":"<p><strong>La Fuga Estrellada, v\u00e1lida para 2 personas, incluye :<\/strong><\/p>\n<ul>\n<li><strong>1 noche en la categor\u00eda de habitaci\u00f3n elegida.<br \/>\n<\/strong>Si sus invitados reservan su estancia durante nuestras temporadas baja o media, tendr\u00e1n el placer de disfrutar de un upgrade gratuito, seg\u00fan nuestra mejor disponibilidad.<\/li>\n<li><strong>Desayuno<\/strong> servido en la habitaci\u00f3n o en el restaurante.<\/li>\n<li><strong>1 copa de champ\u00e1n<\/strong> en el aperitivo.<\/li>\n<li><strong>1 Cena al Restaurante Michel Gu\u00e9rard \u2731\u2731\u2731<\/strong>,<br \/>\nMen\u00fa \u201cJour de F\u00eate\u201d en 7 tiempos, que incluye : una mise en bouche, 5 platos de temporada, 2 postres de temporada y el \u201c\u00c1rbol de los Delicios\u201d.<br \/>\n(Las bebidas no est\u00e1n incluidas.)<\/li>\n<\/ul>\n<h3><b>Opci\u00f3n Bebidas<\/b><\/h3>\n<hr \/>\n<p>\u00a1Sorprenda a sus invitados incluyendo las bebidas en su Bono Regalo !<br \/>\n<strong>Esta Opci\u00f3n Bebidas incluye :<\/strong><\/p>\n<ul>\n<li>Una selecci\u00f3n de vinos para acompa\u00f1ar cada plato, elegida por nuestros sumilleres<br \/>\n(5 copas de vino por persona)<\/li>\n<li>Aguas minerales<\/li>\n<li>Caf\u00e9, t\u00e9 o infusi\u00f3n para cerrar el banquete<strong>Tarifa : 300 \u20ac para 2 personas<\/strong><\/li>\n<\/ul>\n<p>&nbsp;<\/p>\n<h3>C\u00f3mo Utilizar el Bono Regalo y otra Informaci\u00f3n<\/h3>\n<hr \/>\n<p>Los impuestos tur\u00edsticos no est\u00e1n incluidos en el Bono Regalo y deber\u00e1n abonarse en la Recepci\u00f3n al momento de la salida.<\/p>\n<p>Los men\u00fas son propuestos por nuestro equipo de cocina, seg\u00fan el mercado y la temporada.<br \/>\nSu invitado podr\u00e1 descubrir el Men\u00fa Elegido, que en algunos tiempos ofrece una opci\u00f3n alternativa.<\/p>\n<p>Nuestros Bonos Regalo son v\u00e1lidos durante 1 a\u00f1o a partir de la fecha de emisi\u00f3n, en cualquier momento del a\u00f1o, salvo los d\u00edas 24\/12 y 31\/12, y siempre seg\u00fan disponibilidad.<\/p>\n<p>Para disfrutar de su Bono Regalo, le rogamos contactar con nuestro Servicio de Reservas por tel\u00e9fono al +33 (0)5 58 05 06 07 o por <a href=\"mailto:reservation@lespresdeugenie.com\">email<\/a>.<\/p>\n<p>Dado el \u00e9xito de nuestra Casa, le recomendamos reservar con varias semanas de antelaci\u00f3n, especialmente en temporada alta y fines de semana.<\/p>\n<p>Este Bono Regalo solo puede utilizarse una vez.<br \/>\nPuede combinarse con una reserva cl\u00e1sica para prolongar la estancia.<br \/>\nLos gastos no incluidos en el Bono se abonar\u00e1n directamente en el momento del check-out.<\/p>\n<p>Una vez confirmada la reserva, no ser\u00e1 posible anular o modificar las fechas, salvo casos excepcionales y seg\u00fan disponibilidad.<br \/>\nCualquier modificaci\u00f3n deber\u00e1 solicitarse al menos 2 semanas antes de la fecha inicialmente prevista.<br \/>\nEn caso de no presentarse, el Bono Regalo se considerar\u00e1 consumido.<\/p>\n","protected":false},"excerpt":{"rendered":"<ul>\n<li>1 Noche en Eug\u00e9nie<\/li>\n<li>Los Desayunos<\/li>\n<li>1 Copa de Champ\u00e1n en el Aperitivo<\/li>\n<li>1 Cena al Restaurante Michel Gu\u00e9rard \u2731\u2731\u2731<br \/>\nMen\u00fa \u201cJour de F\u00eate\u201d<\/li>\n<li><strong>Para 2 personas<\/strong><\/li>\n<\/ul>\n","protected":false},"featured_media":100604,"template":"","meta":{"_acf_changed":false},"product_brand":[],"product_cat":[434,442,435],"product_tag":[],"class_list":{"0":"post-103575","1":"product","2":"type-product","3":"status-publish","4":"has-post-thumbnail","6":"product_cat-bons-cadeaux-es","7":"product_cat-el-restaurante-michel-guerard-","8":"product_cat-les-sejours-a-eugenie-es","10":"first","11":"instock","12":"featured","13":"shipping-taxable","14":"purchasable","15":"product-type-variable","16":"has-default-attributes","17":"add-to-wishlist-before_image"},"acf":[],"yoast_head":"<!-- This site is optimized with the Yoast SEO plugin v26.7 - https:\/\/yoast.com\/wordpress\/plugins\/seo\/ -->\n<title>Fuga Estrellada \u2731\u2731\u2731 \u2014 1 Noche - Les Pr\u00e9s d&#039;Eug\u00e9nie - Maison Gu\u00e9rard<\/title>\n<meta name=\"description\" content=\"1 Noche en Eug\u00e9nie  Los Desayunos  1 Copa de Champ\u00e1n en el Aperitivo  1 Cena al Restaurante Michel Gu\u00e9rard \u2731\u2731\u2731 Men\u00fa \u201cJour de F\u00eate\u201d  Para 2 personas\" \/>\n<meta name=\"robots\" content=\"index, follow, max-snippet:-1, max-image-preview:large, max-video-preview:-1\" \/>\n<link rel=\"canonical\" href=\"https:\/\/lespresdeugenie.com\/es\/producto\/fugue-etoilee-1-nuit\/\" \/>\n<meta property=\"og:locale\" content=\"es_ES\" \/>\n<meta property=\"og:type\" content=\"article\" \/>\n<meta property=\"og:title\" content=\"Fuga Estrellada \u2731\u2731\u2731 \u2014 1 Noche - Les Pr\u00e9s d&#039;Eug\u00e9nie - Maison Gu\u00e9rard\" \/>\n<meta property=\"og:description\" content=\"1 Noche en Eug\u00e9nie  Los Desayunos  1 Copa de Champ\u00e1n en el Aperitivo  1 Cena al Restaurante Michel Gu\u00e9rard \u2731\u2731\u2731 Men\u00fa \u201cJour de F\u00eate\u201d  Para 2 personas\" \/>\n<meta property=\"og:url\" content=\"https:\/\/lespresdeugenie.com\/es\/producto\/fugue-etoilee-1-nuit\/\" \/>\n<meta property=\"og:site_name\" content=\"Les Pr\u00e9s d&#039;Eug\u00e9nie\" \/>\n<meta property=\"article:publisher\" content=\"https:\/\/www.facebook.com\/LesPresdEugenie\/\" \/>\n<meta property=\"article:modified_time\" content=\"2026-02-05T13:50:56+00:00\" \/>\n<meta property=\"og:image\" content=\"https:\/\/lespresdeugenie.com\/wp-content\/uploads\/2025\/08\/Les-Pres-dEugenie-2025-@JoannPai-06798-768x1024.jpg\" \/>\n\t<meta property=\"og:image:width\" content=\"768\" \/>\n\t<meta property=\"og:image:height\" content=\"1024\" \/>\n\t<meta property=\"og:image:type\" content=\"image\/jpeg\" \/>\n<meta name=\"twitter:card\" content=\"summary_large_image\" \/>\n<meta name=\"twitter:label1\" content=\"Tiempo de lectura\" \/>\n\t<meta name=\"twitter:data1\" content=\"3 minutos\" \/>\n<script type=\"application\/ld+json\" class=\"yoast-schema-graph\">{\"@context\":\"https:\/\/schema.org\",\"@graph\":[{\"@type\":\"WebPage\",\"@id\":\"https:\/\/lespresdeugenie.com\/es\/producto\/fugue-etoilee-1-nuit\/\",\"url\":\"https:\/\/lespresdeugenie.com\/es\/producto\/fugue-etoilee-1-nuit\/\",\"name\":\"Fuga Estrellada \u2731\u2731\u2731 \u2014 1 Noche - Les Pr\u00e9s d&#039;Eug\u00e9nie - Maison Gu\u00e9rard\",\"isPartOf\":{\"@id\":\"https:\/\/lespresdeugenie.com\/#website\"},\"primaryImageOfPage\":{\"@id\":\"https:\/\/lespresdeugenie.com\/es\/producto\/fugue-etoilee-1-nuit\/#primaryimage\"},\"image\":{\"@id\":\"https:\/\/lespresdeugenie.com\/es\/producto\/fugue-etoilee-1-nuit\/#primaryimage\"},\"thumbnailUrl\":\"https:\/\/lespresdeugenie.com\/wp-content\/uploads\/2025\/08\/Les-Pres-dEugenie-2025-@JoannPai-06798.jpg\",\"datePublished\":\"2024-12-04T11:07:25+00:00\",\"dateModified\":\"2026-02-05T13:50:56+00:00\",\"description\":\"1 Noche en Eug\u00e9nie Los Desayunos 1 Copa de Champ\u00e1n en el Aperitivo 1 Cena al Restaurante Michel Gu\u00e9rard \u2731\u2731\u2731 Men\u00fa \u201cJour de F\u00eate\u201d Para 2 personas\",\"breadcrumb\":{\"@id\":\"https:\/\/lespresdeugenie.com\/es\/producto\/fugue-etoilee-1-nuit\/#breadcrumb\"},\"inLanguage\":\"es\",\"potentialAction\":[{\"@type\":\"ReadAction\",\"target\":[\"https:\/\/lespresdeugenie.com\/es\/producto\/fugue-etoilee-1-nuit\/\"]}]},{\"@type\":\"ImageObject\",\"inLanguage\":\"es\",\"@id\":\"https:\/\/lespresdeugenie.com\/es\/producto\/fugue-etoilee-1-nuit\/#primaryimage\",\"url\":\"https:\/\/lespresdeugenie.com\/wp-content\/uploads\/2025\/08\/Les-Pres-dEugenie-2025-@JoannPai-06798.jpg\",\"contentUrl\":\"https:\/\/lespresdeugenie.com\/wp-content\/uploads\/2025\/08\/Les-Pres-dEugenie-2025-@JoannPai-06798.jpg\",\"width\":6336,\"height\":8448},{\"@type\":\"BreadcrumbList\",\"@id\":\"https:\/\/lespresdeugenie.com\/es\/producto\/fugue-etoilee-1-nuit\/#breadcrumb\",\"itemListElement\":[{\"@type\":\"ListItem\",\"position\":1,\"name\":\"Inicio\",\"item\":\"https:\/\/lespresdeugenie.com\/es\/\"},{\"@type\":\"ListItem\",\"position\":2,\"name\":\"Bons cadeaux\",\"item\":\"https:\/\/lespresdeugenie.com\/bons-cadeaux\/\"},{\"@type\":\"ListItem\",\"position\":3,\"name\":\"Fuga Estrellada \u2731\u2731\u2731 \u2014 1 Noche\"}]},{\"@type\":\"WebSite\",\"@id\":\"https:\/\/lespresdeugenie.com\/#website\",\"url\":\"https:\/\/lespresdeugenie.com\/\",\"name\":\"Les Pr\u00e9s d'Eugenie - Maison Gu\u00e9rard\",\"description\":\"Maison Gu\u00e9rard\",\"publisher\":{\"@id\":\"https:\/\/lespresdeugenie.com\/#organization\"},\"alternateName\":\"LPDE\",\"potentialAction\":[{\"@type\":\"SearchAction\",\"target\":{\"@type\":\"EntryPoint\",\"urlTemplate\":\"https:\/\/lespresdeugenie.com\/?s={search_term_string}\"},\"query-input\":{\"@type\":\"PropertyValueSpecification\",\"valueRequired\":true,\"valueName\":\"search_term_string\"}}],\"inLanguage\":\"es\"},{\"@type\":\"Organization\",\"@id\":\"https:\/\/lespresdeugenie.com\/#organization\",\"name\":\"Les Pr\u00e9s d'Eugenie - Maison Gu\u00e9rard\",\"url\":\"https:\/\/lespresdeugenie.com\/\",\"logo\":{\"@type\":\"ImageObject\",\"inLanguage\":\"es\",\"@id\":\"https:\/\/lespresdeugenie.com\/#\/schema\/logo\/image\/\",\"url\":\"https:\/\/lespresdeugenie.com\/wp-content\/uploads\/2022\/12\/les-pres-eugenie-logo-1.png\",\"contentUrl\":\"https:\/\/lespresdeugenie.com\/wp-content\/uploads\/2022\/12\/les-pres-eugenie-logo-1.png\",\"width\":269,\"height\":60,\"caption\":\"Les Pr\u00e9s d'Eugenie - Maison Gu\u00e9rard\"},\"image\":{\"@id\":\"https:\/\/lespresdeugenie.com\/#\/schema\/logo\/image\/\"},\"sameAs\":[\"https:\/\/www.facebook.com\/LesPresdEugenie\/\",\"https:\/\/www.instagram.com\/maisons_guerard\/?hl=fr\",\"https:\/\/fr.linkedin.com\/company\/les-pres-d'eugenie\"]}]}<\/script>\n<!-- \/ Yoast SEO plugin. -->","yoast_head_json":{"title":"Fuga Estrellada \u2731\u2731\u2731 \u2014 1 Noche - Les Pr\u00e9s d&#039;Eug\u00e9nie - Maison Gu\u00e9rard","description":"1 Noche en Eug\u00e9nie  Los Desayunos  1 Copa de Champ\u00e1n en el Aperitivo  1 Cena al Restaurante Michel Gu\u00e9rard \u2731\u2731\u2731 Men\u00fa \u201cJour de F\u00eate\u201d  Para 2 personas","robots":{"index":"index","follow":"follow","max-snippet":"max-snippet:-1","max-image-preview":"max-image-preview:large","max-video-preview":"max-video-preview:-1"},"canonical":"https:\/\/lespresdeugenie.com\/es\/producto\/fugue-etoilee-1-nuit\/","og_locale":"es_ES","og_type":"article","og_title":"Fuga Estrellada \u2731\u2731\u2731 \u2014 1 Noche - Les Pr\u00e9s d&#039;Eug\u00e9nie - Maison Gu\u00e9rard","og_description":"1 Noche en Eug\u00e9nie  Los Desayunos  1 Copa de Champ\u00e1n en el Aperitivo  1 Cena al Restaurante Michel Gu\u00e9rard \u2731\u2731\u2731 Men\u00fa \u201cJour de F\u00eate\u201d  Para 2 personas","og_url":"https:\/\/lespresdeugenie.com\/es\/producto\/fugue-etoilee-1-nuit\/","og_site_name":"Les Pr\u00e9s d&#039;Eug\u00e9nie","article_publisher":"https:\/\/www.facebook.com\/LesPresdEugenie\/","article_modified_time":"2026-02-05T13:50:56+00:00","og_image":[{"width":768,"height":1024,"url":"https:\/\/lespresdeugenie.com\/wp-content\/uploads\/2025\/08\/Les-Pres-dEugenie-2025-@JoannPai-06798-768x1024.jpg","type":"image\/jpeg"}],"twitter_card":"summary_large_image","twitter_misc":{"Tiempo de lectura":"3 minutos"},"schema":{"@context":"https:\/\/schema.org","@graph":[{"@type":"WebPage","@id":"https:\/\/lespresdeugenie.com\/es\/producto\/fugue-etoilee-1-nuit\/","url":"https:\/\/lespresdeugenie.com\/es\/producto\/fugue-etoilee-1-nuit\/","name":"Fuga Estrellada \u2731\u2731\u2731 \u2014 1 Noche - Les Pr\u00e9s d&#039;Eug\u00e9nie - Maison Gu\u00e9rard","isPartOf":{"@id":"https:\/\/lespresdeugenie.com\/#website"},"primaryImageOfPage":{"@id":"https:\/\/lespresdeugenie.com\/es\/producto\/fugue-etoilee-1-nuit\/#primaryimage"},"image":{"@id":"https:\/\/lespresdeugenie.com\/es\/producto\/fugue-etoilee-1-nuit\/#primaryimage"},"thumbnailUrl":"https:\/\/lespresdeugenie.com\/wp-content\/uploads\/2025\/08\/Les-Pres-dEugenie-2025-@JoannPai-06798.jpg","datePublished":"2024-12-04T11:07:25+00:00","dateModified":"2026-02-05T13:50:56+00:00","description":"1 Noche en Eug\u00e9nie Los Desayunos 1 Copa de Champ\u00e1n en el Aperitivo 1 Cena al Restaurante Michel Gu\u00e9rard \u2731\u2731\u2731 Men\u00fa \u201cJour de F\u00eate\u201d Para 2 personas","breadcrumb":{"@id":"https:\/\/lespresdeugenie.com\/es\/producto\/fugue-etoilee-1-nuit\/#breadcrumb"},"inLanguage":"es","potentialAction":[{"@type":"ReadAction","target":["https:\/\/lespresdeugenie.com\/es\/producto\/fugue-etoilee-1-nuit\/"]}]},{"@type":"ImageObject","inLanguage":"es","@id":"https:\/\/lespresdeugenie.com\/es\/producto\/fugue-etoilee-1-nuit\/#primaryimage","url":"https:\/\/lespresdeugenie.com\/wp-content\/uploads\/2025\/08\/Les-Pres-dEugenie-2025-@JoannPai-06798.jpg","contentUrl":"https:\/\/lespresdeugenie.com\/wp-content\/uploads\/2025\/08\/Les-Pres-dEugenie-2025-@JoannPai-06798.jpg","width":6336,"height":8448},{"@type":"BreadcrumbList","@id":"https:\/\/lespresdeugenie.com\/es\/producto\/fugue-etoilee-1-nuit\/#breadcrumb","itemListElement":[{"@type":"ListItem","position":1,"name":"Inicio","item":"https:\/\/lespresdeugenie.com\/es\/"},{"@type":"ListItem","position":2,"name":"Bons cadeaux","item":"https:\/\/lespresdeugenie.com\/bons-cadeaux\/"},{"@type":"ListItem","position":3,"name":"Fuga Estrellada \u2731\u2731\u2731 \u2014 1 Noche"}]},{"@type":"WebSite","@id":"https:\/\/lespresdeugenie.com\/#website","url":"https:\/\/lespresdeugenie.com\/","name":"Les Pr\u00e9s d'Eugenie - Maison Gu\u00e9rard","description":"Maison Gu\u00e9rard","publisher":{"@id":"https:\/\/lespresdeugenie.com\/#organization"},"alternateName":"LPDE","potentialAction":[{"@type":"SearchAction","target":{"@type":"EntryPoint","urlTemplate":"https:\/\/lespresdeugenie.com\/?s={search_term_string}"},"query-input":{"@type":"PropertyValueSpecification","valueRequired":true,"valueName":"search_term_string"}}],"inLanguage":"es"},{"@type":"Organization","@id":"https:\/\/lespresdeugenie.com\/#organization","name":"Les Pr\u00e9s d'Eugenie - Maison Gu\u00e9rard","url":"https:\/\/lespresdeugenie.com\/","logo":{"@type":"ImageObject","inLanguage":"es","@id":"https:\/\/lespresdeugenie.com\/#\/schema\/logo\/image\/","url":"https:\/\/lespresdeugenie.com\/wp-content\/uploads\/2022\/12\/les-pres-eugenie-logo-1.png","contentUrl":"https:\/\/lespresdeugenie.com\/wp-content\/uploads\/2022\/12\/les-pres-eugenie-logo-1.png","width":269,"height":60,"caption":"Les Pr\u00e9s d'Eugenie - Maison Gu\u00e9rard"},"image":{"@id":"https:\/\/lespresdeugenie.com\/#\/schema\/logo\/image\/"},"sameAs":["https:\/\/www.facebook.com\/LesPresdEugenie\/","https:\/\/www.instagram.com\/maisons_guerard\/?hl=fr","https:\/\/fr.linkedin.com\/company\/les-pres-d'eugenie"]}]}},"_links":{"self":[{"href":"https:\/\/lespresdeugenie.com\/es\/wp-json\/wp\/v2\/product\/103575","targetHints":{"allow":["GET"]}}],"collection":[{"href":"https:\/\/lespresdeugenie.com\/es\/wp-json\/wp\/v2\/product"}],"about":[{"href":"https:\/\/lespresdeugenie.com\/es\/wp-json\/wp\/v2\/types\/product"}],"wp:featuredmedia":[{"embeddable":true,"href":"https:\/\/lespresdeugenie.com\/es\/wp-json\/wp\/v2\/media\/100604"}],"wp:attachment":[{"href":"https:\/\/lespresdeugenie.com\/es\/wp-json\/wp\/v2\/media?parent=103575"}],"wp:term":[{"taxonomy":"product_brand","embeddable":true,"href":"https:\/\/lespresdeugenie.com\/es\/wp-json\/wp\/v2\/product_brand?post=103575"},{"taxonomy":"product_cat","embeddable":true,"href":"https:\/\/lespresdeugenie.com\/es\/wp-json\/wp\/v2\/product_cat?post=103575"},{"taxonomy":"product_tag","embeddable":true,"href":"https:\/\/lespresdeugenie.com\/es\/wp-json\/wp\/v2\/product_tag?post=103575"}],"curies":[{"name":"wp","href":"https:\/\/api.w.org\/{rel}","templated":true}]}}