{"id":103986,"date":"2021-12-25T17:07:24","date_gmt":"2021-12-25T16:07:24","guid":{"rendered":"https:\/\/lespresdeugenie.com\/produit\/cheque-cadeau-love-from-eugenie\/"},"modified":"2026-02-05T14:49:17","modified_gmt":"2026-02-05T13:49:17","slug":"cheque-cadeau-love-from-eugenie","status":"publish","type":"product","link":"https:\/\/lespresdeugenie.com\/es\/producto\/cheque-cadeau-love-from-eugenie\/","title":{"rendered":"Tarjeta Regalo \u201cLove from Eug\u00e9nie\u201d"},"content":{"rendered":"<div class=\"rc-GiftViewTab-box-title\">\n<h3 class=\"mainTitle3\">\u00a1Una f\u00f3rmula a su medida!<\/h3>\n<\/div>\n<div id=\"js-rc-GiftViewTab-box-text\" class=\"rc-GiftViewTab-box-text\">\n<div class=\"rc-GiftViewTab-shortDesc\">\n<p><strong>V\u00e1lidas para todas las experiencias de nuestra Casa, a partir de 100 \u20ac<\/strong>, las Tarjetas Regalo permiten ofrecer a sus amigos el universo de Eug\u00e9nie, seg\u00fan sus gustos y deseos.<\/p>\n<p><strong>Importes disponibles:<\/strong><br \/>\n100 \u20ac<br \/>\n200 \u20ac<br \/>\n500 \u20ac<br \/>\n1000 \u20ac<\/p>\n<p>Nuestras Tarjetas Regalo est\u00e1n disponibles <strong>en versi\u00f3n PDF descargable<\/strong>.<br \/>\nAs\u00ed, sus Tarjetas estar\u00e1n inmediatamente disponibles tras la compra.<\/p>\n<\/div>\n<\/div>\n<h3>C\u00f3mo utilizar las Tarjetas Regalo y otra informaci\u00f3n<\/h3>\n<h4>INFORMACI\u00d3N GENERAL<\/h4>\n<p>Nuestras Tarjetas Regalo son v\u00e1lidas para todas las experiencias ofrecidas por nuestra Casa: <strong>Alojamiento, Restaurantes y Spa<\/strong>.<\/p>\n<p>Tienen una validez de <strong>un a\u00f1o a partir de su fecha de emisi\u00f3n<\/strong>, independientemente de la fecha de compra, dentro de los l\u00edmites de disponibilidad, y salvo ofertas especiales o menciones contrarias.<\/p>\n<p><strong>No son reembolsables, canjeables ni prorrogables.<\/strong><br \/>\nNo pueden devolverse y no poseen ning\u00fan valor monetario.<\/p>\n<p>Cada Tarjeta puede utilizarse <strong>una sola vez<\/strong>, para abonar total o parcialmente las prestaciones consumidas.<br \/>\nSi el importe de la experiencia elegida es inferior al valor de la Tarjeta, no se reembolsar\u00e1 la diferencia en efectivo.<\/p>\n<p>El beneficiario podr\u00e1, a su elecci\u00f3n:<\/p>\n<ul>\n<li>completar el importe de su compra hasta alcanzar el valor de la Tarjeta, o<\/li>\n<li>renunciar al saldo restante de la misma.<\/li>\n<\/ul>\n<h4>RESERVA<\/h4>\n<p>Para disfrutar de su Tarjeta Regalo, le rogamos que se ponga en contacto con nuestro <strong>Servicio de Reservas por tel\u00e9fono al +33 (0)5 58 05 06 07, o por correo electr\u00f3nico<\/strong>, indicando al efectuar la reserva que dispone de una Tarjeta Regalo.<br \/>\nSe le solicitar\u00e1 el n\u00famero de la Tarjeta para exonerarle del pago de dep\u00f3sito o se\u00f1al.<br \/>\nEl importe correspondiente ser\u00e1 deducido autom\u00e1ticamente de su factura.<\/p>\n<p>Dado el \u00e9xito de nuestra Casa, le recomendamos realizar su reserva con <strong>varias semanas de antelaci\u00f3n<\/strong>, especialmente en temporada alta y durante los fines de semana.<\/p>\n<h4>MODIFICACI\u00d3N Y CANCELACI\u00d3N<\/h4>\n<p>Una vez confirmada la reserva, <strong>se aplican las condiciones generales de venta habituales<\/strong> de nuestra Casa.<\/p>\n<p>En caso de imposibilidad de disfrutar de su estancia en la fecha prevista, le rogamos avisar por escrito al Servicio de Reservas.<br \/>\nSolo se considerar\u00e1n las cancelaciones recibidas por correo o correo electr\u00f3nico a :<br \/>\n\ud83d\udce7 reservation@lespreseugenie.com<\/p>\n<p><strong>Las modalidades de reembolso o aplazamiento del dep\u00f3sito siguen los siguientes plazos :<\/strong><\/p>\n<ul>\n<li>M\u00e1s de 15 d\u00edas antes de la fecha de llegada : la Tarjeta Regalo queda \u201cliberada\u201d de la reserva y podr\u00e1 utilizarse para una nueva fecha, siempre dentro de su periodo de validez.<\/li>\n<li>Entre 15 d\u00edas y 48 horas antes de la llegada : ofrecemos la posibilidad de posponer la estancia hasta el 31 de diciembre del a\u00f1o en curso. En caso de cancelaci\u00f3n definitiva, y conforme al art\u00edculo 1590 del C\u00f3digo Civil Franc\u00e9s, \u201ctoda se\u00f1al entregada en garant\u00eda se considerar\u00e1 adquirida de forma definitiva.\u201d<\/li>\n<li>Menos de 48 horas antes de la llegada o en caso de no presentaci\u00f3n : la o las Tarjetas Regalo utilizadas como garant\u00eda de la reserva se considerar\u00e1n consumidas y definitivamente adquiridas.<\/li>\n<\/ul>\n","protected":false},"excerpt":{"rendered":"<ul>\n<li><strong>Regale Eug\u00e9nie con total libertad para sus invitados<\/strong><\/li>\n<li><strong>V\u00e1lida para todas las experiencias de nuestra Casa: hotel, restaurantes y spa<\/strong><\/li>\n<li><strong>V\u00e1lida durante 1 a\u00f1o, sin ninguna restricci\u00f3n<\/strong><\/li>\n<\/ul>\n","protected":false},"featured_media":78501,"template":"","meta":{"_acf_changed":false},"product_brand":[],"product_cat":[434,451],"product_tag":[],"class_list":{"0":"post-103986","1":"product","2":"type-product","3":"status-publish","4":"has-post-thumbnail","6":"product_cat-bons-cadeaux-es","7":"product_cat-cheques-cadeaux-es","9":"first","10":"instock","11":"shipping-taxable","12":"purchasable","13":"product-type-variable","14":"add-to-wishlist-before_image"},"acf":[],"yoast_head":"<!-- This site is optimized with the Yoast SEO plugin v26.7 - https:\/\/yoast.com\/wordpress\/plugins\/seo\/ -->\n<title>Tarjeta Regalo \u201cLove from Eug\u00e9nie\u201d - Les Pr\u00e9s d&#039;Eug\u00e9nie - Maison Gu\u00e9rard<\/title>\n<meta name=\"description\" content=\"Regale Eug\u00e9nie con total libertad para sus invitados  V\u00e1lida para todas las experiencias de nuestra Casa: hotel, restaurantes y spa  V\u00e1lida durante 1 a\u00f1o, sin ninguna restricci\u00f3n\" \/>\n<meta name=\"robots\" content=\"index, follow, max-snippet:-1, max-image-preview:large, max-video-preview:-1\" \/>\n<link rel=\"canonical\" href=\"https:\/\/lespresdeugenie.com\/es\/producto\/cheque-cadeau-love-from-eugenie\/\" \/>\n<meta property=\"og:locale\" content=\"es_ES\" \/>\n<meta property=\"og:type\" content=\"article\" \/>\n<meta property=\"og:title\" content=\"Tarjeta Regalo \u201cLove from Eug\u00e9nie\u201d - Les Pr\u00e9s d&#039;Eug\u00e9nie - Maison Gu\u00e9rard\" \/>\n<meta property=\"og:description\" content=\"Regale Eug\u00e9nie con total libertad para sus invitados  V\u00e1lida para todas las experiencias de nuestra Casa: hotel, restaurantes y spa  V\u00e1lida durante 1 a\u00f1o, sin ninguna restricci\u00f3n\" \/>\n<meta property=\"og:url\" content=\"https:\/\/lespresdeugenie.com\/es\/producto\/cheque-cadeau-love-from-eugenie\/\" \/>\n<meta property=\"og:site_name\" content=\"Les Pr\u00e9s d&#039;Eug\u00e9nie\" \/>\n<meta property=\"article:publisher\" content=\"https:\/\/www.facebook.com\/LesPresdEugenie\/\" \/>\n<meta property=\"article:modified_time\" content=\"2026-02-05T13:49:17+00:00\" \/>\n<meta property=\"og:image\" content=\"https:\/\/lespresdeugenie.com\/wp-content\/uploads\/2021\/12\/cheque-cadeau_450x450.jpg\" \/>\n\t<meta property=\"og:image:width\" content=\"450\" \/>\n\t<meta property=\"og:image:height\" content=\"450\" \/>\n\t<meta property=\"og:image:type\" content=\"image\/jpeg\" \/>\n<meta name=\"twitter:card\" content=\"summary_large_image\" \/>\n<meta name=\"twitter:label1\" content=\"Tiempo de lectura\" \/>\n\t<meta name=\"twitter:data1\" content=\"3 minutos\" \/>\n<script type=\"application\/ld+json\" class=\"yoast-schema-graph\">{\"@context\":\"https:\/\/schema.org\",\"@graph\":[{\"@type\":\"WebPage\",\"@id\":\"https:\/\/lespresdeugenie.com\/es\/producto\/cheque-cadeau-love-from-eugenie\/\",\"url\":\"https:\/\/lespresdeugenie.com\/es\/producto\/cheque-cadeau-love-from-eugenie\/\",\"name\":\"Tarjeta Regalo \u201cLove from Eug\u00e9nie\u201d - Les Pr\u00e9s d&#039;Eug\u00e9nie - Maison Gu\u00e9rard\",\"isPartOf\":{\"@id\":\"https:\/\/lespresdeugenie.com\/#website\"},\"primaryImageOfPage\":{\"@id\":\"https:\/\/lespresdeugenie.com\/es\/producto\/cheque-cadeau-love-from-eugenie\/#primaryimage\"},\"image\":{\"@id\":\"https:\/\/lespresdeugenie.com\/es\/producto\/cheque-cadeau-love-from-eugenie\/#primaryimage\"},\"thumbnailUrl\":\"https:\/\/lespresdeugenie.com\/wp-content\/uploads\/2021\/12\/cheque-cadeau_450x450.jpg\",\"datePublished\":\"2021-12-25T16:07:24+00:00\",\"dateModified\":\"2026-02-05T13:49:17+00:00\",\"description\":\"Regale Eug\u00e9nie con total libertad para sus invitados V\u00e1lida para todas las experiencias de nuestra Casa: hotel, restaurantes y spa V\u00e1lida durante 1 a\u00f1o, sin ninguna restricci\u00f3n\",\"breadcrumb\":{\"@id\":\"https:\/\/lespresdeugenie.com\/es\/producto\/cheque-cadeau-love-from-eugenie\/#breadcrumb\"},\"inLanguage\":\"es\",\"potentialAction\":[{\"@type\":\"ReadAction\",\"target\":[\"https:\/\/lespresdeugenie.com\/es\/producto\/cheque-cadeau-love-from-eugenie\/\"]}]},{\"@type\":\"ImageObject\",\"inLanguage\":\"es\",\"@id\":\"https:\/\/lespresdeugenie.com\/es\/producto\/cheque-cadeau-love-from-eugenie\/#primaryimage\",\"url\":\"https:\/\/lespresdeugenie.com\/wp-content\/uploads\/2021\/12\/cheque-cadeau_450x450.jpg\",\"contentUrl\":\"https:\/\/lespresdeugenie.com\/wp-content\/uploads\/2021\/12\/cheque-cadeau_450x450.jpg\",\"width\":450,\"height\":450},{\"@type\":\"BreadcrumbList\",\"@id\":\"https:\/\/lespresdeugenie.com\/es\/producto\/cheque-cadeau-love-from-eugenie\/#breadcrumb\",\"itemListElement\":[{\"@type\":\"ListItem\",\"position\":1,\"name\":\"Inicio\",\"item\":\"https:\/\/lespresdeugenie.com\/es\/\"},{\"@type\":\"ListItem\",\"position\":2,\"name\":\"Bons cadeaux\",\"item\":\"https:\/\/lespresdeugenie.com\/bons-cadeaux\/\"},{\"@type\":\"ListItem\",\"position\":3,\"name\":\"Tarjeta Regalo \u201cLove from Eug\u00e9nie\u201d\"}]},{\"@type\":\"WebSite\",\"@id\":\"https:\/\/lespresdeugenie.com\/#website\",\"url\":\"https:\/\/lespresdeugenie.com\/\",\"name\":\"Les Pr\u00e9s d'Eugenie - Maison Gu\u00e9rard\",\"description\":\"Maison Gu\u00e9rard\",\"publisher\":{\"@id\":\"https:\/\/lespresdeugenie.com\/#organization\"},\"alternateName\":\"LPDE\",\"potentialAction\":[{\"@type\":\"SearchAction\",\"target\":{\"@type\":\"EntryPoint\",\"urlTemplate\":\"https:\/\/lespresdeugenie.com\/?s={search_term_string}\"},\"query-input\":{\"@type\":\"PropertyValueSpecification\",\"valueRequired\":true,\"valueName\":\"search_term_string\"}}],\"inLanguage\":\"es\"},{\"@type\":\"Organization\",\"@id\":\"https:\/\/lespresdeugenie.com\/#organization\",\"name\":\"Les Pr\u00e9s d'Eugenie - Maison Gu\u00e9rard\",\"url\":\"https:\/\/lespresdeugenie.com\/\",\"logo\":{\"@type\":\"ImageObject\",\"inLanguage\":\"es\",\"@id\":\"https:\/\/lespresdeugenie.com\/#\/schema\/logo\/image\/\",\"url\":\"https:\/\/lespresdeugenie.com\/wp-content\/uploads\/2022\/12\/les-pres-eugenie-logo-1.png\",\"contentUrl\":\"https:\/\/lespresdeugenie.com\/wp-content\/uploads\/2022\/12\/les-pres-eugenie-logo-1.png\",\"width\":269,\"height\":60,\"caption\":\"Les Pr\u00e9s d'Eugenie - Maison Gu\u00e9rard\"},\"image\":{\"@id\":\"https:\/\/lespresdeugenie.com\/#\/schema\/logo\/image\/\"},\"sameAs\":[\"https:\/\/www.facebook.com\/LesPresdEugenie\/\",\"https:\/\/www.instagram.com\/maisons_guerard\/?hl=fr\",\"https:\/\/fr.linkedin.com\/company\/les-pres-d'eugenie\"]}]}<\/script>\n<!-- \/ Yoast SEO plugin. -->","yoast_head_json":{"title":"Tarjeta Regalo \u201cLove from Eug\u00e9nie\u201d - Les Pr\u00e9s d&#039;Eug\u00e9nie - Maison Gu\u00e9rard","description":"Regale Eug\u00e9nie con total libertad para sus invitados  V\u00e1lida para todas las experiencias de nuestra Casa: hotel, restaurantes y spa  V\u00e1lida durante 1 a\u00f1o, sin ninguna restricci\u00f3n","robots":{"index":"index","follow":"follow","max-snippet":"max-snippet:-1","max-image-preview":"max-image-preview:large","max-video-preview":"max-video-preview:-1"},"canonical":"https:\/\/lespresdeugenie.com\/es\/producto\/cheque-cadeau-love-from-eugenie\/","og_locale":"es_ES","og_type":"article","og_title":"Tarjeta Regalo \u201cLove from Eug\u00e9nie\u201d - Les Pr\u00e9s d&#039;Eug\u00e9nie - Maison Gu\u00e9rard","og_description":"Regale Eug\u00e9nie con total libertad para sus invitados  V\u00e1lida para todas las experiencias de nuestra Casa: hotel, restaurantes y spa  V\u00e1lida durante 1 a\u00f1o, sin ninguna restricci\u00f3n","og_url":"https:\/\/lespresdeugenie.com\/es\/producto\/cheque-cadeau-love-from-eugenie\/","og_site_name":"Les Pr\u00e9s d&#039;Eug\u00e9nie","article_publisher":"https:\/\/www.facebook.com\/LesPresdEugenie\/","article_modified_time":"2026-02-05T13:49:17+00:00","og_image":[{"width":450,"height":450,"url":"https:\/\/lespresdeugenie.com\/wp-content\/uploads\/2021\/12\/cheque-cadeau_450x450.jpg","type":"image\/jpeg"}],"twitter_card":"summary_large_image","twitter_misc":{"Tiempo de lectura":"3 minutos"},"schema":{"@context":"https:\/\/schema.org","@graph":[{"@type":"WebPage","@id":"https:\/\/lespresdeugenie.com\/es\/producto\/cheque-cadeau-love-from-eugenie\/","url":"https:\/\/lespresdeugenie.com\/es\/producto\/cheque-cadeau-love-from-eugenie\/","name":"Tarjeta Regalo \u201cLove from Eug\u00e9nie\u201d - Les Pr\u00e9s d&#039;Eug\u00e9nie - Maison Gu\u00e9rard","isPartOf":{"@id":"https:\/\/lespresdeugenie.com\/#website"},"primaryImageOfPage":{"@id":"https:\/\/lespresdeugenie.com\/es\/producto\/cheque-cadeau-love-from-eugenie\/#primaryimage"},"image":{"@id":"https:\/\/lespresdeugenie.com\/es\/producto\/cheque-cadeau-love-from-eugenie\/#primaryimage"},"thumbnailUrl":"https:\/\/lespresdeugenie.com\/wp-content\/uploads\/2021\/12\/cheque-cadeau_450x450.jpg","datePublished":"2021-12-25T16:07:24+00:00","dateModified":"2026-02-05T13:49:17+00:00","description":"Regale Eug\u00e9nie con total libertad para sus invitados V\u00e1lida para todas las experiencias de nuestra Casa: hotel, restaurantes y spa V\u00e1lida durante 1 a\u00f1o, sin ninguna restricci\u00f3n","breadcrumb":{"@id":"https:\/\/lespresdeugenie.com\/es\/producto\/cheque-cadeau-love-from-eugenie\/#breadcrumb"},"inLanguage":"es","potentialAction":[{"@type":"ReadAction","target":["https:\/\/lespresdeugenie.com\/es\/producto\/cheque-cadeau-love-from-eugenie\/"]}]},{"@type":"ImageObject","inLanguage":"es","@id":"https:\/\/lespresdeugenie.com\/es\/producto\/cheque-cadeau-love-from-eugenie\/#primaryimage","url":"https:\/\/lespresdeugenie.com\/wp-content\/uploads\/2021\/12\/cheque-cadeau_450x450.jpg","contentUrl":"https:\/\/lespresdeugenie.com\/wp-content\/uploads\/2021\/12\/cheque-cadeau_450x450.jpg","width":450,"height":450},{"@type":"BreadcrumbList","@id":"https:\/\/lespresdeugenie.com\/es\/producto\/cheque-cadeau-love-from-eugenie\/#breadcrumb","itemListElement":[{"@type":"ListItem","position":1,"name":"Inicio","item":"https:\/\/lespresdeugenie.com\/es\/"},{"@type":"ListItem","position":2,"name":"Bons cadeaux","item":"https:\/\/lespresdeugenie.com\/bons-cadeaux\/"},{"@type":"ListItem","position":3,"name":"Tarjeta Regalo \u201cLove from Eug\u00e9nie\u201d"}]},{"@type":"WebSite","@id":"https:\/\/lespresdeugenie.com\/#website","url":"https:\/\/lespresdeugenie.com\/","name":"Les Pr\u00e9s d'Eugenie - Maison Gu\u00e9rard","description":"Maison Gu\u00e9rard","publisher":{"@id":"https:\/\/lespresdeugenie.com\/#organization"},"alternateName":"LPDE","potentialAction":[{"@type":"SearchAction","target":{"@type":"EntryPoint","urlTemplate":"https:\/\/lespresdeugenie.com\/?s={search_term_string}"},"query-input":{"@type":"PropertyValueSpecification","valueRequired":true,"valueName":"search_term_string"}}],"inLanguage":"es"},{"@type":"Organization","@id":"https:\/\/lespresdeugenie.com\/#organization","name":"Les Pr\u00e9s d'Eugenie - Maison Gu\u00e9rard","url":"https:\/\/lespresdeugenie.com\/","logo":{"@type":"ImageObject","inLanguage":"es","@id":"https:\/\/lespresdeugenie.com\/#\/schema\/logo\/image\/","url":"https:\/\/lespresdeugenie.com\/wp-content\/uploads\/2022\/12\/les-pres-eugenie-logo-1.png","contentUrl":"https:\/\/lespresdeugenie.com\/wp-content\/uploads\/2022\/12\/les-pres-eugenie-logo-1.png","width":269,"height":60,"caption":"Les Pr\u00e9s d'Eugenie - Maison Gu\u00e9rard"},"image":{"@id":"https:\/\/lespresdeugenie.com\/#\/schema\/logo\/image\/"},"sameAs":["https:\/\/www.facebook.com\/LesPresdEugenie\/","https:\/\/www.instagram.com\/maisons_guerard\/?hl=fr","https:\/\/fr.linkedin.com\/company\/les-pres-d'eugenie"]}]}},"_links":{"self":[{"href":"https:\/\/lespresdeugenie.com\/es\/wp-json\/wp\/v2\/product\/103986","targetHints":{"allow":["GET"]}}],"collection":[{"href":"https:\/\/lespresdeugenie.com\/es\/wp-json\/wp\/v2\/product"}],"about":[{"href":"https:\/\/lespresdeugenie.com\/es\/wp-json\/wp\/v2\/types\/product"}],"wp:featuredmedia":[{"embeddable":true,"href":"https:\/\/lespresdeugenie.com\/es\/wp-json\/wp\/v2\/media\/78501"}],"wp:attachment":[{"href":"https:\/\/lespresdeugenie.com\/es\/wp-json\/wp\/v2\/media?parent=103986"}],"wp:term":[{"taxonomy":"product_brand","embeddable":true,"href":"https:\/\/lespresdeugenie.com\/es\/wp-json\/wp\/v2\/product_brand?post=103986"},{"taxonomy":"product_cat","embeddable":true,"href":"https:\/\/lespresdeugenie.com\/es\/wp-json\/wp\/v2\/product_cat?post=103986"},{"taxonomy":"product_tag","embeddable":true,"href":"https:\/\/lespresdeugenie.com\/es\/wp-json\/wp\/v2\/product_tag?post=103986"}],"curies":[{"name":"wp","href":"https:\/\/api.w.org\/{rel}","templated":true}]}}