{"id":104031,"date":"2018-10-02T11:27:24","date_gmt":"2018-10-02T09:27:24","guid":{"rendered":"https:\/\/lespresdeugenie.com\/produit\/palais-enchante-au-restaurant-etoile-1-personne\/"},"modified":"2025-11-13T16:28:58","modified_gmt":"2025-11-13T15:28:58","slug":"palais-enchante-au-restaurant-etoile-1-personne","status":"publish","type":"product","link":"https:\/\/lespresdeugenie.com\/es\/producto\/palais-enchante-au-restaurant-etoile-1-personne\/","title":{"rendered":"Palais Enchant\u00e9  \u2013 1 Persona"},"content":{"rendered":"<p>El Men\u00fa elegido, v\u00e1lido para 1 persona, se compone de:<\/p>\n<ul>\n<li>Una Paciencia,<\/li>\n<li>7 Platos de Temporada (porciones degustaci\u00f3n),<\/li>\n<li>2 Postres de Temporada (porciones degustaci\u00f3n),<\/li>\n<li>y unas golosinas que afinan este hermoso instante.<\/li>\n<\/ul>\n<p>En los Salones Hist\u00f3ricos de la Emperatriz, verdadero Museo Vivo de nuestra Maison, podr\u00e1 saborear el Gran Men\u00fa, creado a lo largo de las estaciones por Hugo Souchet y la brigada de Eug\u00e9nie, en el esp\u00edritu intemporal y elegante de Michel Gu\u00e9rard.<\/p>\n<p><strong>Una partitura encantada de peque\u00f1os platos, pensados, dibujados y pulidos como joyas\u2026<\/strong><br \/>\n<strong>todo ello orquestado como un viaje gustativo: c\u00e1lido, sorprendente, travieso\u2026 inolvidable.<\/strong><\/p>\n<h3>\u00bfLAS BEBIDAS EST\u00c1N INCLUIDAS?<\/h3>\n<p>No.<br \/>\nLos aperitivos, vinos, aguas minerales y caf\u00e9s no est\u00e1n incluidos, salvo menci\u00f3n contraria.<\/p>\n<p>Si desea ofrecer las bebidas a sus invitados, proponemos un maridaje Mets &amp; Vins, seleccionado por nuestra Cheffe Sommeli\u00e8re L\u00e6titia Andrews, junto con las bebidas que lo acompa\u00f1an.<\/p>\n<h3>Opci\u00f3n Bebidas \u201cMaridaje Mets &amp; Beaux Vins\u201d<\/h3>\n<p>Realce la experiencia eligiendo la opci\u00f3n \u201cBeaux Vins\u201d.<\/p>\n<h4>Esta opci\u00f3n incluye:<\/h4>\n<ul>\n<li>El c\u00e9lebre Badinguet, como aperitivo<\/li>\n<li>7 copas de vino para acompa\u00f1ar los 7 platos salados y los 2 postres<\/li>\n<li>Vinos de gran factura, procedentes de vignerons apasionados y elegidos seg\u00fan los coup de c\u0153ur de nuestros sommeliers<\/li>\n<\/ul>\n<h4>Ejemplos orientativos (no contractuales):<\/h4>\n<ul>\n<li>Paciencia: Pacherenc du Vic-Bilh sec Domaine Labranche Lafont 2015<\/li>\n<li>Entradas: Juran\u00e7on sec Domaine de Souch 2017<br \/>\no C\u00f4te du Jura Chardonnay Fr\u00e9d\u00e9ric Lambert 2021<\/li>\n<li>Pescados: Muscadet Ga\u00efa Domaine de Bellevue 2020<br \/>\no Pouilly-Fuiss\u00e9 Dominique Cornin 2021<\/li>\n<li>Carnes &amp; Aves: Bourgogne Rouge Maranges 1er Cru \u201cLa Fussi\u00e8re\u201d Bachelet-Monnot 2014<br \/>\no Pessac-L\u00e9ognan P.02 Ch\u00e2teau Haut-Bergey 2019<\/li>\n<li>Postres: Juran\u00e7on Phoenix Clos Larrouyat 2022<\/li>\n<\/ul>\n<h4>Incluye adem\u00e1s:<\/h4>\n<ul>\n<li>Aguas minerales<\/li>\n<li>Caf\u00e9, t\u00e9 o infusi\u00f3n para concluir las agapes<\/li>\n<\/ul>\n<p>Este maridaje puede variar seg\u00fan los descubrimientos y preferencias de nuestros sommeliers.<\/p>\n<h3>C\u00f3mo Utilizar el Bono Regalo y Otra Informaci\u00f3n<\/h3>\n<ul>\n<li>Los Men\u00fas Regalo se elaboran seg\u00fan el mercado y la temporada.<br \/>\nA su invitado se le presentar\u00e1 el <strong>Men\u00fa Elegido<\/strong> el d\u00eda de su visita.<br \/>\nLos ejemplos mencionados en esta descripci\u00f3n no son contractuales; le rogamos informar a su invitado si este punto es importante para \u00e9l\/ella.<\/li>\n<li>Nuestros men\u00fas y vinos pueden modificarse seg\u00fan las creaciones estacionales y los hallazgos de bodega del Sommelier.<\/li>\n<li><strong>Los Bonos Regalo son v\u00e1lidos durante 1 a\u00f1o desde su emisi\u00f3n<\/strong>, excepto los d\u00edas 24\/12 y 31\/12, y siempre seg\u00fan disponibilidad.<\/li>\n<li><strong>Para utilizar su Bono Regalo, contacte con nuestro Servicio de Reservas:<\/strong><br \/>\n+33 (0)5 58 05 06 07 o por email.<\/li>\n<li>Dado el \u00e9xito de nuestra Maison, <strong>se recomienda reservar con varias semanas de antelaci\u00f3n<\/strong>, especialmente en fin de semana y temporada alta.<\/li>\n<li>El Bono Regalo se utiliza una sola vez.<br \/>\nPuede combinarse con una reserva cl\u00e1sica para prolongar la estancia.<br \/>\nLos gastos no incluidos en el Bono deber\u00e1n abonarse en el check-out.<\/li>\n<li>Una vez confirmada la reserva, no ser\u00e1 posible anular o modificar la fecha, salvo casos especiales y seg\u00fan disponibilidad.<br \/>\nLas modificaciones deber\u00e1n solicitarse como m\u00e1ximo 2 semanas antes de la fecha prevista.<br \/>\nEn caso de no presentaci\u00f3n, el Bono se considerar\u00e1 consumido.<\/li>\n<\/ul>\n","protected":false},"excerpt":{"rendered":"<ul>\n<li><strong>Men\u00fa de 9 Actos:<\/strong> una paciencia, 7 platos salados, 2 postres y peque\u00f1as golosinas<\/li>\n<li>Bebidas no incluidas<\/li>\n<li>1 opci\u00f3n de \u201cBebidas\u201d con maridaje Mets &amp; Vins<\/li>\n<li><strong>V\u00e1lido para 1 persona<\/strong><\/li>\n<\/ul>\n","protected":false},"featured_media":78432,"template":"","meta":{"_acf_changed":false},"product_brand":[],"product_cat":[434,442],"product_tag":[],"class_list":{"0":"post-104031","1":"product","2":"type-product","3":"status-publish","4":"has-post-thumbnail","6":"product_cat-bons-cadeaux-es","7":"product_cat-el-restaurante-michel-guerard-","9":"first","10":"instock","11":"shipping-taxable","12":"purchasable","13":"product-type-variable","14":"add-to-wishlist-before_image"},"acf":[],"yoast_head":"<!-- This site is optimized with the Yoast SEO plugin v26.7 - https:\/\/yoast.com\/wordpress\/plugins\/seo\/ -->\n<title>Palais Enchant\u00e9 \u2013 1 Persona - Les Pr\u00e9s d&#039;Eug\u00e9nie - Maison Gu\u00e9rard<\/title>\n<meta name=\"description\" content=\"Men\u00fa de 9 Actos: una paciencia, 7 platos salados, 2 postres y peque\u00f1as golosinas  Bebidas no incluidas  1 opci\u00f3n de \u201cBebidas\u201d con maridaje Mets &amp; Vins  V\u00e1lido para 1 persona\" \/>\n<meta name=\"robots\" content=\"index, follow, max-snippet:-1, max-image-preview:large, max-video-preview:-1\" \/>\n<link rel=\"canonical\" href=\"https:\/\/lespresdeugenie.com\/es\/producto\/palais-enchante-au-restaurant-etoile-1-personne\/\" \/>\n<meta property=\"og:locale\" content=\"es_ES\" \/>\n<meta property=\"og:type\" content=\"article\" \/>\n<meta property=\"og:title\" content=\"Palais Enchant\u00e9 \u2013 1 Persona - Les Pr\u00e9s d&#039;Eug\u00e9nie - Maison Gu\u00e9rard\" \/>\n<meta property=\"og:description\" content=\"Men\u00fa de 9 Actos: una paciencia, 7 platos salados, 2 postres y peque\u00f1as golosinas  Bebidas no incluidas  1 opci\u00f3n de \u201cBebidas\u201d con maridaje Mets &amp; Vins  V\u00e1lido para 1 persona\" \/>\n<meta property=\"og:url\" content=\"https:\/\/lespresdeugenie.com\/es\/producto\/palais-enchante-au-restaurant-etoile-1-personne\/\" \/>\n<meta property=\"og:site_name\" content=\"Les Pr\u00e9s d&#039;Eug\u00e9nie\" \/>\n<meta property=\"article:publisher\" content=\"https:\/\/www.facebook.com\/LesPresdEugenie\/\" \/>\n<meta property=\"article:modified_time\" content=\"2025-11-13T15:28:58+00:00\" \/>\n<meta property=\"og:image\" content=\"https:\/\/lespresdeugenie.com\/wp-content\/uploads\/2021\/05\/les-pres-d-eugenie_cuisine-etoilee_03.jpg\" \/>\n\t<meta property=\"og:image:width\" content=\"1715\" \/>\n\t<meta property=\"og:image:height\" content=\"1029\" \/>\n\t<meta property=\"og:image:type\" content=\"image\/jpeg\" \/>\n<meta name=\"twitter:card\" content=\"summary_large_image\" \/>\n<meta name=\"twitter:label1\" content=\"Tiempo de lectura\" \/>\n\t<meta name=\"twitter:data1\" content=\"3 minutos\" \/>\n<script type=\"application\/ld+json\" class=\"yoast-schema-graph\">{\"@context\":\"https:\/\/schema.org\",\"@graph\":[{\"@type\":\"WebPage\",\"@id\":\"https:\/\/lespresdeugenie.com\/es\/producto\/palais-enchante-au-restaurant-etoile-1-personne\/\",\"url\":\"https:\/\/lespresdeugenie.com\/es\/producto\/palais-enchante-au-restaurant-etoile-1-personne\/\",\"name\":\"Palais Enchant\u00e9 \u2013 1 Persona - Les Pr\u00e9s d&#039;Eug\u00e9nie - Maison Gu\u00e9rard\",\"isPartOf\":{\"@id\":\"https:\/\/lespresdeugenie.com\/#website\"},\"primaryImageOfPage\":{\"@id\":\"https:\/\/lespresdeugenie.com\/es\/producto\/palais-enchante-au-restaurant-etoile-1-personne\/#primaryimage\"},\"image\":{\"@id\":\"https:\/\/lespresdeugenie.com\/es\/producto\/palais-enchante-au-restaurant-etoile-1-personne\/#primaryimage\"},\"thumbnailUrl\":\"https:\/\/lespresdeugenie.com\/wp-content\/uploads\/2021\/05\/les-pres-d-eugenie_cuisine-etoilee_03.jpg\",\"datePublished\":\"2018-10-02T09:27:24+00:00\",\"dateModified\":\"2025-11-13T15:28:58+00:00\",\"description\":\"Men\u00fa de 9 Actos: una paciencia, 7 platos salados, 2 postres y peque\u00f1as golosinas Bebidas no incluidas 1 opci\u00f3n de \u201cBebidas\u201d con maridaje Mets &amp; Vins V\u00e1lido para 1 persona\",\"breadcrumb\":{\"@id\":\"https:\/\/lespresdeugenie.com\/es\/producto\/palais-enchante-au-restaurant-etoile-1-personne\/#breadcrumb\"},\"inLanguage\":\"es\",\"potentialAction\":[{\"@type\":\"ReadAction\",\"target\":[\"https:\/\/lespresdeugenie.com\/es\/producto\/palais-enchante-au-restaurant-etoile-1-personne\/\"]}]},{\"@type\":\"ImageObject\",\"inLanguage\":\"es\",\"@id\":\"https:\/\/lespresdeugenie.com\/es\/producto\/palais-enchante-au-restaurant-etoile-1-personne\/#primaryimage\",\"url\":\"https:\/\/lespresdeugenie.com\/wp-content\/uploads\/2021\/05\/les-pres-d-eugenie_cuisine-etoilee_03.jpg\",\"contentUrl\":\"https:\/\/lespresdeugenie.com\/wp-content\/uploads\/2021\/05\/les-pres-d-eugenie_cuisine-etoilee_03.jpg\",\"width\":1715,\"height\":1029},{\"@type\":\"BreadcrumbList\",\"@id\":\"https:\/\/lespresdeugenie.com\/es\/producto\/palais-enchante-au-restaurant-etoile-1-personne\/#breadcrumb\",\"itemListElement\":[{\"@type\":\"ListItem\",\"position\":1,\"name\":\"Inicio\",\"item\":\"https:\/\/lespresdeugenie.com\/es\/\"},{\"@type\":\"ListItem\",\"position\":2,\"name\":\"Bons cadeaux\",\"item\":\"https:\/\/lespresdeugenie.com\/bons-cadeaux\/\"},{\"@type\":\"ListItem\",\"position\":3,\"name\":\"Palais Enchant\u00e9 \u2013 1 Persona\"}]},{\"@type\":\"WebSite\",\"@id\":\"https:\/\/lespresdeugenie.com\/#website\",\"url\":\"https:\/\/lespresdeugenie.com\/\",\"name\":\"Les Pr\u00e9s d'Eugenie - Maison Gu\u00e9rard\",\"description\":\"Maison Gu\u00e9rard\",\"publisher\":{\"@id\":\"https:\/\/lespresdeugenie.com\/#organization\"},\"alternateName\":\"LPDE\",\"potentialAction\":[{\"@type\":\"SearchAction\",\"target\":{\"@type\":\"EntryPoint\",\"urlTemplate\":\"https:\/\/lespresdeugenie.com\/?s={search_term_string}\"},\"query-input\":{\"@type\":\"PropertyValueSpecification\",\"valueRequired\":true,\"valueName\":\"search_term_string\"}}],\"inLanguage\":\"es\"},{\"@type\":\"Organization\",\"@id\":\"https:\/\/lespresdeugenie.com\/#organization\",\"name\":\"Les Pr\u00e9s d'Eugenie - Maison Gu\u00e9rard\",\"url\":\"https:\/\/lespresdeugenie.com\/\",\"logo\":{\"@type\":\"ImageObject\",\"inLanguage\":\"es\",\"@id\":\"https:\/\/lespresdeugenie.com\/#\/schema\/logo\/image\/\",\"url\":\"https:\/\/lespresdeugenie.com\/wp-content\/uploads\/2022\/12\/les-pres-eugenie-logo-1.png\",\"contentUrl\":\"https:\/\/lespresdeugenie.com\/wp-content\/uploads\/2022\/12\/les-pres-eugenie-logo-1.png\",\"width\":269,\"height\":60,\"caption\":\"Les Pr\u00e9s d'Eugenie - Maison Gu\u00e9rard\"},\"image\":{\"@id\":\"https:\/\/lespresdeugenie.com\/#\/schema\/logo\/image\/\"},\"sameAs\":[\"https:\/\/www.facebook.com\/LesPresdEugenie\/\",\"https:\/\/www.instagram.com\/maisons_guerard\/?hl=fr\",\"https:\/\/fr.linkedin.com\/company\/les-pres-d'eugenie\"]}]}<\/script>\n<!-- \/ Yoast SEO plugin. -->","yoast_head_json":{"title":"Palais Enchant\u00e9 \u2013 1 Persona - Les Pr\u00e9s d&#039;Eug\u00e9nie - Maison Gu\u00e9rard","description":"Men\u00fa de 9 Actos: una paciencia, 7 platos salados, 2 postres y peque\u00f1as golosinas  Bebidas no incluidas  1 opci\u00f3n de \u201cBebidas\u201d con maridaje Mets &amp; Vins  V\u00e1lido para 1 persona","robots":{"index":"index","follow":"follow","max-snippet":"max-snippet:-1","max-image-preview":"max-image-preview:large","max-video-preview":"max-video-preview:-1"},"canonical":"https:\/\/lespresdeugenie.com\/es\/producto\/palais-enchante-au-restaurant-etoile-1-personne\/","og_locale":"es_ES","og_type":"article","og_title":"Palais Enchant\u00e9 \u2013 1 Persona - Les Pr\u00e9s d&#039;Eug\u00e9nie - Maison Gu\u00e9rard","og_description":"Men\u00fa de 9 Actos: una paciencia, 7 platos salados, 2 postres y peque\u00f1as golosinas  Bebidas no incluidas  1 opci\u00f3n de \u201cBebidas\u201d con maridaje Mets &amp; Vins  V\u00e1lido para 1 persona","og_url":"https:\/\/lespresdeugenie.com\/es\/producto\/palais-enchante-au-restaurant-etoile-1-personne\/","og_site_name":"Les Pr\u00e9s d&#039;Eug\u00e9nie","article_publisher":"https:\/\/www.facebook.com\/LesPresdEugenie\/","article_modified_time":"2025-11-13T15:28:58+00:00","og_image":[{"width":1715,"height":1029,"url":"https:\/\/lespresdeugenie.com\/wp-content\/uploads\/2021\/05\/les-pres-d-eugenie_cuisine-etoilee_03.jpg","type":"image\/jpeg"}],"twitter_card":"summary_large_image","twitter_misc":{"Tiempo de lectura":"3 minutos"},"schema":{"@context":"https:\/\/schema.org","@graph":[{"@type":"WebPage","@id":"https:\/\/lespresdeugenie.com\/es\/producto\/palais-enchante-au-restaurant-etoile-1-personne\/","url":"https:\/\/lespresdeugenie.com\/es\/producto\/palais-enchante-au-restaurant-etoile-1-personne\/","name":"Palais Enchant\u00e9 \u2013 1 Persona - Les Pr\u00e9s d&#039;Eug\u00e9nie - Maison Gu\u00e9rard","isPartOf":{"@id":"https:\/\/lespresdeugenie.com\/#website"},"primaryImageOfPage":{"@id":"https:\/\/lespresdeugenie.com\/es\/producto\/palais-enchante-au-restaurant-etoile-1-personne\/#primaryimage"},"image":{"@id":"https:\/\/lespresdeugenie.com\/es\/producto\/palais-enchante-au-restaurant-etoile-1-personne\/#primaryimage"},"thumbnailUrl":"https:\/\/lespresdeugenie.com\/wp-content\/uploads\/2021\/05\/les-pres-d-eugenie_cuisine-etoilee_03.jpg","datePublished":"2018-10-02T09:27:24+00:00","dateModified":"2025-11-13T15:28:58+00:00","description":"Men\u00fa de 9 Actos: una paciencia, 7 platos salados, 2 postres y peque\u00f1as golosinas Bebidas no incluidas 1 opci\u00f3n de \u201cBebidas\u201d con maridaje Mets &amp; Vins V\u00e1lido para 1 persona","breadcrumb":{"@id":"https:\/\/lespresdeugenie.com\/es\/producto\/palais-enchante-au-restaurant-etoile-1-personne\/#breadcrumb"},"inLanguage":"es","potentialAction":[{"@type":"ReadAction","target":["https:\/\/lespresdeugenie.com\/es\/producto\/palais-enchante-au-restaurant-etoile-1-personne\/"]}]},{"@type":"ImageObject","inLanguage":"es","@id":"https:\/\/lespresdeugenie.com\/es\/producto\/palais-enchante-au-restaurant-etoile-1-personne\/#primaryimage","url":"https:\/\/lespresdeugenie.com\/wp-content\/uploads\/2021\/05\/les-pres-d-eugenie_cuisine-etoilee_03.jpg","contentUrl":"https:\/\/lespresdeugenie.com\/wp-content\/uploads\/2021\/05\/les-pres-d-eugenie_cuisine-etoilee_03.jpg","width":1715,"height":1029},{"@type":"BreadcrumbList","@id":"https:\/\/lespresdeugenie.com\/es\/producto\/palais-enchante-au-restaurant-etoile-1-personne\/#breadcrumb","itemListElement":[{"@type":"ListItem","position":1,"name":"Inicio","item":"https:\/\/lespresdeugenie.com\/es\/"},{"@type":"ListItem","position":2,"name":"Bons cadeaux","item":"https:\/\/lespresdeugenie.com\/bons-cadeaux\/"},{"@type":"ListItem","position":3,"name":"Palais Enchant\u00e9 \u2013 1 Persona"}]},{"@type":"WebSite","@id":"https:\/\/lespresdeugenie.com\/#website","url":"https:\/\/lespresdeugenie.com\/","name":"Les Pr\u00e9s d'Eugenie - Maison Gu\u00e9rard","description":"Maison Gu\u00e9rard","publisher":{"@id":"https:\/\/lespresdeugenie.com\/#organization"},"alternateName":"LPDE","potentialAction":[{"@type":"SearchAction","target":{"@type":"EntryPoint","urlTemplate":"https:\/\/lespresdeugenie.com\/?s={search_term_string}"},"query-input":{"@type":"PropertyValueSpecification","valueRequired":true,"valueName":"search_term_string"}}],"inLanguage":"es"},{"@type":"Organization","@id":"https:\/\/lespresdeugenie.com\/#organization","name":"Les Pr\u00e9s d'Eugenie - Maison Gu\u00e9rard","url":"https:\/\/lespresdeugenie.com\/","logo":{"@type":"ImageObject","inLanguage":"es","@id":"https:\/\/lespresdeugenie.com\/#\/schema\/logo\/image\/","url":"https:\/\/lespresdeugenie.com\/wp-content\/uploads\/2022\/12\/les-pres-eugenie-logo-1.png","contentUrl":"https:\/\/lespresdeugenie.com\/wp-content\/uploads\/2022\/12\/les-pres-eugenie-logo-1.png","width":269,"height":60,"caption":"Les Pr\u00e9s d'Eugenie - Maison Gu\u00e9rard"},"image":{"@id":"https:\/\/lespresdeugenie.com\/#\/schema\/logo\/image\/"},"sameAs":["https:\/\/www.facebook.com\/LesPresdEugenie\/","https:\/\/www.instagram.com\/maisons_guerard\/?hl=fr","https:\/\/fr.linkedin.com\/company\/les-pres-d'eugenie"]}]}},"_links":{"self":[{"href":"https:\/\/lespresdeugenie.com\/es\/wp-json\/wp\/v2\/product\/104031","targetHints":{"allow":["GET"]}}],"collection":[{"href":"https:\/\/lespresdeugenie.com\/es\/wp-json\/wp\/v2\/product"}],"about":[{"href":"https:\/\/lespresdeugenie.com\/es\/wp-json\/wp\/v2\/types\/product"}],"wp:featuredmedia":[{"embeddable":true,"href":"https:\/\/lespresdeugenie.com\/es\/wp-json\/wp\/v2\/media\/78432"}],"wp:attachment":[{"href":"https:\/\/lespresdeugenie.com\/es\/wp-json\/wp\/v2\/media?parent=104031"}],"wp:term":[{"taxonomy":"product_brand","embeddable":true,"href":"https:\/\/lespresdeugenie.com\/es\/wp-json\/wp\/v2\/product_brand?post=104031"},{"taxonomy":"product_cat","embeddable":true,"href":"https:\/\/lespresdeugenie.com\/es\/wp-json\/wp\/v2\/product_cat?post=104031"},{"taxonomy":"product_tag","embeddable":true,"href":"https:\/\/lespresdeugenie.com\/es\/wp-json\/wp\/v2\/product_tag?post=104031"}],"curies":[{"name":"wp","href":"https:\/\/api.w.org\/{rel}","templated":true}]}}