{"id":104037,"date":"2018-10-02T11:05:05","date_gmt":"2018-10-02T09:05:05","guid":{"rendered":"https:\/\/lespresdeugenie.com\/produit\/terroir-sublime-a-lorangerie-1-personne\/"},"modified":"2025-11-13T16:29:37","modified_gmt":"2025-11-13T15:29:37","slug":"terroir-sublime-a-lorangerie-1-personne","status":"publish","type":"product","link":"https:\/\/lespresdeugenie.com\/es\/producto\/terroir-sublime-a-lorangerie-1-personne\/","title":{"rendered":"Terroir Sublime en L&#8217;Orangerie \u2013 1 Persona"},"content":{"rendered":"<p>Este seductor Men\u00fa ofrece doble elecci\u00f3n en el entrante y el plato, y rinde homenaje a los <strong>Grandes Cl\u00e1sicos intemporales de la Maison<\/strong>.<br \/>\nServido en el jard\u00edn de invierno o en la terraza de L\u2019Orangerie, este men\u00fa \u2014v\u00e1lido para 1 persona\u2014 incluye:<\/p>\n<p>Una paciencia, 1 entrante, 1 plato y, como postre, una selecci\u00f3n de <strong>suntuosas pasteler\u00edas del Gran Carro de Postres<\/strong> de Anta\u00f1o, o uno de los grandes postres hist\u00f3ricos de Eug\u00e9nie.<\/p>\n<h3>\u00bfLAS BEBIDAS EST\u00c1N INCLUIDAS?<\/h3>\n<p>S\u00ed y no.<br \/>\nLos vinos de nuestro Domaine de Bachen s\u00ed est\u00e1n incluidos, sobre la base de <strong>3 copas por persona<\/strong>, en maridaje con los platos.<br \/>\n<strong>Las dem\u00e1s bebidas \u2014aperitivos, aguas minerales, caf\u00e9s\u2014 no est\u00e1n incluidas.<\/strong><\/p>\n<p>Si desea obsequiar a sus invitados con la experiencia completa, proponemos una opci\u00f3n adicional que incorpora, al men\u00fa de base:<\/p>\n<ul>\n<li>El c\u00e9lebre <strong>Badinguet<\/strong> como aperitivo<\/li>\n<li>Las aguas minerales<\/li>\n<li>El t\u00e9, caf\u00e9 o infusi\u00f3n para cerrar el fest\u00edn<\/li>\n<\/ul>\n<h3>Opci\u00f3n Bebidas<\/h3>\n<p>M\u00edmelos incluyendo las bebidas en su Bono Regalo.<br \/>\nEsta \u00abOpci\u00f3n Bebidas &amp; Vinos\u00bb incluye:<\/p>\n<ul>\n<li>El famoso Badinguet de aperitivo<\/li>\n<li>Los vinos de nuestro Domaine (3 copas por persona), seg\u00fan la f\u00f3rmula \u201cde base\u201d<\/li>\n<li>Las aguas minerales<\/li>\n<li>El caf\u00e9, t\u00e9 o infusi\u00f3n<\/li>\n<\/ul>\n<p><strong>Suplemento: 30 \u20ac por persona<\/strong><\/p>\n<h3>C\u00f3mo Utilizar el Bono Regalo y Otra Informaci\u00f3n<\/h3>\n<ul>\n<li>Los Men\u00fas Regalo se basan en las propuestas de nuestra brigada, elaboradas seg\u00fan el mercado y la temporada.<br \/>\nA su invitado se le presentar\u00e1 el <strong>Men\u00fa Elegido<\/strong>, que puede incluir alguna alternativa en ciertos actos.<\/li>\n<li>Los Bonos Regalo son v\u00e1lidos <strong>durante 1 a\u00f1o<\/strong> desde su fecha de emisi\u00f3n, sea cual sea la fecha, excepto el 24\/12 y el 31\/12, y siempre seg\u00fan disponibilidad.<\/li>\n<li>Para disfrutar de su Bono Regalo, le rogamos ponerse en contacto con nuestro Servicio de Reservas, por tel\u00e9fono: +33 (0)5 58 05 06 07, o por email.<\/li>\n<li>Dado el \u00e9xito de nuestra Maison, <strong>recomendamos reservar con varias semanas de antelaci\u00f3n<\/strong>, especialmente en temporada alta y fines de semana.<\/li>\n<li>Este Bono Regalo solo puede utilizarse una vez. Puede combinarse con una reserva cl\u00e1sica para prolongar la estancia. Los gastos no incluidos en el Bono deber\u00e1n abonarse al hacer el check-out.<\/li>\n<li>Una vez registrada la reserva, no ser\u00e1 posible anular o modificar la fecha, salvo casos especiales y seg\u00fan disponibilidad.<br \/>\nCualquier modificaci\u00f3n deber\u00e1 solicitarse como m\u00e1ximo 2 semanas antes de la fecha prevista.<br \/>\nEn caso de no presentaci\u00f3n, el Bono Regalo se considerar\u00e1 utilizado.<\/li>\n<\/ul>\n","protected":false},"excerpt":{"rendered":"<ul>\n<li><strong>Men\u00fa de 3 Actos<\/strong>: 1 entrante, 1 plato y 1 postre<\/li>\n<li>Maridaje con los vinos del Ch\u00e2teau de Bachen<\/li>\n<li>Otras bebidas opcionales<\/li>\n<li>Comida servida en L\u2019Orangerie *<\/li>\n<li><strong>V\u00e1lido para 1 persona<\/strong><\/li>\n<\/ul>\n","protected":false},"featured_media":78453,"template":"","meta":{"_acf_changed":false},"product_brand":[],"product_cat":[434,443],"product_tag":[],"class_list":{"0":"post-104037","1":"product","2":"type-product","3":"status-publish","4":"has-post-thumbnail","6":"product_cat-bons-cadeaux-es","7":"product_cat-el-restaurante-lorangerie-","9":"first","10":"instock","11":"shipping-taxable","12":"purchasable","13":"product-type-variable","14":"add-to-wishlist-before_image"},"acf":[],"yoast_head":"<!-- This site is optimized with the Yoast SEO plugin v26.7 - https:\/\/yoast.com\/wordpress\/plugins\/seo\/ -->\n<title>Terroir Sublime en L&#039;Orangerie \u2013 1 Persona - Les Pr\u00e9s d&#039;Eug\u00e9nie - Maison Gu\u00e9rard<\/title>\n<meta name=\"description\" content=\"Men\u00fa de 3 Actos: 1 entrante, 1 plato y 1 postre  Maridaje con los vinos del Ch\u00e2teau de Bachen  Otras bebidas opcionales  Comida servida en L\u2019Orangerie *  V\u00e1lido para 1 persona\" \/>\n<meta name=\"robots\" content=\"index, follow, max-snippet:-1, max-image-preview:large, max-video-preview:-1\" \/>\n<link rel=\"canonical\" href=\"https:\/\/lespresdeugenie.com\/es\/producto\/terroir-sublime-a-lorangerie-1-personne\/\" \/>\n<meta property=\"og:locale\" content=\"es_ES\" \/>\n<meta property=\"og:type\" content=\"article\" \/>\n<meta property=\"og:title\" content=\"Terroir Sublime en L&#039;Orangerie \u2013 1 Persona - Les Pr\u00e9s d&#039;Eug\u00e9nie - Maison Gu\u00e9rard\" \/>\n<meta property=\"og:description\" content=\"Men\u00fa de 3 Actos: 1 entrante, 1 plato y 1 postre  Maridaje con los vinos del Ch\u00e2teau de Bachen  Otras bebidas opcionales  Comida servida en L\u2019Orangerie *  V\u00e1lido para 1 persona\" \/>\n<meta property=\"og:url\" content=\"https:\/\/lespresdeugenie.com\/es\/producto\/terroir-sublime-a-lorangerie-1-personne\/\" \/>\n<meta property=\"og:site_name\" content=\"Les Pr\u00e9s d&#039;Eug\u00e9nie\" \/>\n<meta property=\"article:publisher\" content=\"https:\/\/www.facebook.com\/LesPresdEugenie\/\" \/>\n<meta property=\"article:modified_time\" content=\"2025-11-13T15:29:37+00:00\" \/>\n<meta property=\"og:image\" content=\"https:\/\/lespresdeugenie.com\/wp-content\/uploads\/2021\/05\/les-pres-d-eugenie_orangerie_03-1.jpg\" \/>\n\t<meta property=\"og:image:width\" content=\"1715\" \/>\n\t<meta property=\"og:image:height\" content=\"1029\" \/>\n\t<meta property=\"og:image:type\" content=\"image\/jpeg\" \/>\n<meta name=\"twitter:card\" content=\"summary_large_image\" \/>\n<meta name=\"twitter:label1\" content=\"Tiempo de lectura\" \/>\n\t<meta name=\"twitter:data1\" content=\"3 minutos\" \/>\n<script type=\"application\/ld+json\" class=\"yoast-schema-graph\">{\"@context\":\"https:\/\/schema.org\",\"@graph\":[{\"@type\":\"WebPage\",\"@id\":\"https:\/\/lespresdeugenie.com\/es\/producto\/terroir-sublime-a-lorangerie-1-personne\/\",\"url\":\"https:\/\/lespresdeugenie.com\/es\/producto\/terroir-sublime-a-lorangerie-1-personne\/\",\"name\":\"Terroir Sublime en L'Orangerie \u2013 1 Persona - Les Pr\u00e9s d&#039;Eug\u00e9nie - Maison Gu\u00e9rard\",\"isPartOf\":{\"@id\":\"https:\/\/lespresdeugenie.com\/#website\"},\"primaryImageOfPage\":{\"@id\":\"https:\/\/lespresdeugenie.com\/es\/producto\/terroir-sublime-a-lorangerie-1-personne\/#primaryimage\"},\"image\":{\"@id\":\"https:\/\/lespresdeugenie.com\/es\/producto\/terroir-sublime-a-lorangerie-1-personne\/#primaryimage\"},\"thumbnailUrl\":\"https:\/\/lespresdeugenie.com\/wp-content\/uploads\/2021\/05\/les-pres-d-eugenie_orangerie_03-1.jpg\",\"datePublished\":\"2018-10-02T09:05:05+00:00\",\"dateModified\":\"2025-11-13T15:29:37+00:00\",\"description\":\"Men\u00fa de 3 Actos: 1 entrante, 1 plato y 1 postre Maridaje con los vinos del Ch\u00e2teau de Bachen Otras bebidas opcionales Comida servida en L\u2019Orangerie * V\u00e1lido para 1 persona\",\"breadcrumb\":{\"@id\":\"https:\/\/lespresdeugenie.com\/es\/producto\/terroir-sublime-a-lorangerie-1-personne\/#breadcrumb\"},\"inLanguage\":\"es\",\"potentialAction\":[{\"@type\":\"ReadAction\",\"target\":[\"https:\/\/lespresdeugenie.com\/es\/producto\/terroir-sublime-a-lorangerie-1-personne\/\"]}]},{\"@type\":\"ImageObject\",\"inLanguage\":\"es\",\"@id\":\"https:\/\/lespresdeugenie.com\/es\/producto\/terroir-sublime-a-lorangerie-1-personne\/#primaryimage\",\"url\":\"https:\/\/lespresdeugenie.com\/wp-content\/uploads\/2021\/05\/les-pres-d-eugenie_orangerie_03-1.jpg\",\"contentUrl\":\"https:\/\/lespresdeugenie.com\/wp-content\/uploads\/2021\/05\/les-pres-d-eugenie_orangerie_03-1.jpg\",\"width\":1715,\"height\":1029,\"caption\":\"Les Pr\u00e9s d'Eug\u00e9nie - L'Orangerie\"},{\"@type\":\"BreadcrumbList\",\"@id\":\"https:\/\/lespresdeugenie.com\/es\/producto\/terroir-sublime-a-lorangerie-1-personne\/#breadcrumb\",\"itemListElement\":[{\"@type\":\"ListItem\",\"position\":1,\"name\":\"Inicio\",\"item\":\"https:\/\/lespresdeugenie.com\/es\/\"},{\"@type\":\"ListItem\",\"position\":2,\"name\":\"Bons cadeaux\",\"item\":\"https:\/\/lespresdeugenie.com\/bons-cadeaux\/\"},{\"@type\":\"ListItem\",\"position\":3,\"name\":\"Terroir Sublime en L&#8217;Orangerie \u2013 1 Persona\"}]},{\"@type\":\"WebSite\",\"@id\":\"https:\/\/lespresdeugenie.com\/#website\",\"url\":\"https:\/\/lespresdeugenie.com\/\",\"name\":\"Les Pr\u00e9s d'Eugenie - Maison Gu\u00e9rard\",\"description\":\"Maison Gu\u00e9rard\",\"publisher\":{\"@id\":\"https:\/\/lespresdeugenie.com\/#organization\"},\"alternateName\":\"LPDE\",\"potentialAction\":[{\"@type\":\"SearchAction\",\"target\":{\"@type\":\"EntryPoint\",\"urlTemplate\":\"https:\/\/lespresdeugenie.com\/?s={search_term_string}\"},\"query-input\":{\"@type\":\"PropertyValueSpecification\",\"valueRequired\":true,\"valueName\":\"search_term_string\"}}],\"inLanguage\":\"es\"},{\"@type\":\"Organization\",\"@id\":\"https:\/\/lespresdeugenie.com\/#organization\",\"name\":\"Les Pr\u00e9s d'Eugenie - Maison Gu\u00e9rard\",\"url\":\"https:\/\/lespresdeugenie.com\/\",\"logo\":{\"@type\":\"ImageObject\",\"inLanguage\":\"es\",\"@id\":\"https:\/\/lespresdeugenie.com\/#\/schema\/logo\/image\/\",\"url\":\"https:\/\/lespresdeugenie.com\/wp-content\/uploads\/2022\/12\/les-pres-eugenie-logo-1.png\",\"contentUrl\":\"https:\/\/lespresdeugenie.com\/wp-content\/uploads\/2022\/12\/les-pres-eugenie-logo-1.png\",\"width\":269,\"height\":60,\"caption\":\"Les Pr\u00e9s d'Eugenie - Maison Gu\u00e9rard\"},\"image\":{\"@id\":\"https:\/\/lespresdeugenie.com\/#\/schema\/logo\/image\/\"},\"sameAs\":[\"https:\/\/www.facebook.com\/LesPresdEugenie\/\",\"https:\/\/www.instagram.com\/maisons_guerard\/?hl=fr\",\"https:\/\/fr.linkedin.com\/company\/les-pres-d'eugenie\"]}]}<\/script>\n<!-- \/ Yoast SEO plugin. -->","yoast_head_json":{"title":"Terroir Sublime en L'Orangerie \u2013 1 Persona - Les Pr\u00e9s d&#039;Eug\u00e9nie - Maison Gu\u00e9rard","description":"Men\u00fa de 3 Actos: 1 entrante, 1 plato y 1 postre  Maridaje con los vinos del Ch\u00e2teau de Bachen  Otras bebidas opcionales  Comida servida en L\u2019Orangerie *  V\u00e1lido para 1 persona","robots":{"index":"index","follow":"follow","max-snippet":"max-snippet:-1","max-image-preview":"max-image-preview:large","max-video-preview":"max-video-preview:-1"},"canonical":"https:\/\/lespresdeugenie.com\/es\/producto\/terroir-sublime-a-lorangerie-1-personne\/","og_locale":"es_ES","og_type":"article","og_title":"Terroir Sublime en L'Orangerie \u2013 1 Persona - Les Pr\u00e9s d&#039;Eug\u00e9nie - Maison Gu\u00e9rard","og_description":"Men\u00fa de 3 Actos: 1 entrante, 1 plato y 1 postre  Maridaje con los vinos del Ch\u00e2teau de Bachen  Otras bebidas opcionales  Comida servida en L\u2019Orangerie *  V\u00e1lido para 1 persona","og_url":"https:\/\/lespresdeugenie.com\/es\/producto\/terroir-sublime-a-lorangerie-1-personne\/","og_site_name":"Les Pr\u00e9s d&#039;Eug\u00e9nie","article_publisher":"https:\/\/www.facebook.com\/LesPresdEugenie\/","article_modified_time":"2025-11-13T15:29:37+00:00","og_image":[{"width":1715,"height":1029,"url":"https:\/\/lespresdeugenie.com\/wp-content\/uploads\/2021\/05\/les-pres-d-eugenie_orangerie_03-1.jpg","type":"image\/jpeg"}],"twitter_card":"summary_large_image","twitter_misc":{"Tiempo de lectura":"3 minutos"},"schema":{"@context":"https:\/\/schema.org","@graph":[{"@type":"WebPage","@id":"https:\/\/lespresdeugenie.com\/es\/producto\/terroir-sublime-a-lorangerie-1-personne\/","url":"https:\/\/lespresdeugenie.com\/es\/producto\/terroir-sublime-a-lorangerie-1-personne\/","name":"Terroir Sublime en L'Orangerie \u2013 1 Persona - Les Pr\u00e9s d&#039;Eug\u00e9nie - Maison Gu\u00e9rard","isPartOf":{"@id":"https:\/\/lespresdeugenie.com\/#website"},"primaryImageOfPage":{"@id":"https:\/\/lespresdeugenie.com\/es\/producto\/terroir-sublime-a-lorangerie-1-personne\/#primaryimage"},"image":{"@id":"https:\/\/lespresdeugenie.com\/es\/producto\/terroir-sublime-a-lorangerie-1-personne\/#primaryimage"},"thumbnailUrl":"https:\/\/lespresdeugenie.com\/wp-content\/uploads\/2021\/05\/les-pres-d-eugenie_orangerie_03-1.jpg","datePublished":"2018-10-02T09:05:05+00:00","dateModified":"2025-11-13T15:29:37+00:00","description":"Men\u00fa de 3 Actos: 1 entrante, 1 plato y 1 postre Maridaje con los vinos del Ch\u00e2teau de Bachen Otras bebidas opcionales Comida servida en L\u2019Orangerie * V\u00e1lido para 1 persona","breadcrumb":{"@id":"https:\/\/lespresdeugenie.com\/es\/producto\/terroir-sublime-a-lorangerie-1-personne\/#breadcrumb"},"inLanguage":"es","potentialAction":[{"@type":"ReadAction","target":["https:\/\/lespresdeugenie.com\/es\/producto\/terroir-sublime-a-lorangerie-1-personne\/"]}]},{"@type":"ImageObject","inLanguage":"es","@id":"https:\/\/lespresdeugenie.com\/es\/producto\/terroir-sublime-a-lorangerie-1-personne\/#primaryimage","url":"https:\/\/lespresdeugenie.com\/wp-content\/uploads\/2021\/05\/les-pres-d-eugenie_orangerie_03-1.jpg","contentUrl":"https:\/\/lespresdeugenie.com\/wp-content\/uploads\/2021\/05\/les-pres-d-eugenie_orangerie_03-1.jpg","width":1715,"height":1029,"caption":"Les Pr\u00e9s d'Eug\u00e9nie - L'Orangerie"},{"@type":"BreadcrumbList","@id":"https:\/\/lespresdeugenie.com\/es\/producto\/terroir-sublime-a-lorangerie-1-personne\/#breadcrumb","itemListElement":[{"@type":"ListItem","position":1,"name":"Inicio","item":"https:\/\/lespresdeugenie.com\/es\/"},{"@type":"ListItem","position":2,"name":"Bons cadeaux","item":"https:\/\/lespresdeugenie.com\/bons-cadeaux\/"},{"@type":"ListItem","position":3,"name":"Terroir Sublime en L&#8217;Orangerie \u2013 1 Persona"}]},{"@type":"WebSite","@id":"https:\/\/lespresdeugenie.com\/#website","url":"https:\/\/lespresdeugenie.com\/","name":"Les Pr\u00e9s d'Eugenie - Maison Gu\u00e9rard","description":"Maison Gu\u00e9rard","publisher":{"@id":"https:\/\/lespresdeugenie.com\/#organization"},"alternateName":"LPDE","potentialAction":[{"@type":"SearchAction","target":{"@type":"EntryPoint","urlTemplate":"https:\/\/lespresdeugenie.com\/?s={search_term_string}"},"query-input":{"@type":"PropertyValueSpecification","valueRequired":true,"valueName":"search_term_string"}}],"inLanguage":"es"},{"@type":"Organization","@id":"https:\/\/lespresdeugenie.com\/#organization","name":"Les Pr\u00e9s d'Eugenie - Maison Gu\u00e9rard","url":"https:\/\/lespresdeugenie.com\/","logo":{"@type":"ImageObject","inLanguage":"es","@id":"https:\/\/lespresdeugenie.com\/#\/schema\/logo\/image\/","url":"https:\/\/lespresdeugenie.com\/wp-content\/uploads\/2022\/12\/les-pres-eugenie-logo-1.png","contentUrl":"https:\/\/lespresdeugenie.com\/wp-content\/uploads\/2022\/12\/les-pres-eugenie-logo-1.png","width":269,"height":60,"caption":"Les Pr\u00e9s d'Eugenie - Maison Gu\u00e9rard"},"image":{"@id":"https:\/\/lespresdeugenie.com\/#\/schema\/logo\/image\/"},"sameAs":["https:\/\/www.facebook.com\/LesPresdEugenie\/","https:\/\/www.instagram.com\/maisons_guerard\/?hl=fr","https:\/\/fr.linkedin.com\/company\/les-pres-d'eugenie"]}]}},"_links":{"self":[{"href":"https:\/\/lespresdeugenie.com\/es\/wp-json\/wp\/v2\/product\/104037","targetHints":{"allow":["GET"]}}],"collection":[{"href":"https:\/\/lespresdeugenie.com\/es\/wp-json\/wp\/v2\/product"}],"about":[{"href":"https:\/\/lespresdeugenie.com\/es\/wp-json\/wp\/v2\/types\/product"}],"wp:featuredmedia":[{"embeddable":true,"href":"https:\/\/lespresdeugenie.com\/es\/wp-json\/wp\/v2\/media\/78453"}],"wp:attachment":[{"href":"https:\/\/lespresdeugenie.com\/es\/wp-json\/wp\/v2\/media?parent=104037"}],"wp:term":[{"taxonomy":"product_brand","embeddable":true,"href":"https:\/\/lespresdeugenie.com\/es\/wp-json\/wp\/v2\/product_brand?post=104037"},{"taxonomy":"product_cat","embeddable":true,"href":"https:\/\/lespresdeugenie.com\/es\/wp-json\/wp\/v2\/product_cat?post=104037"},{"taxonomy":"product_tag","embeddable":true,"href":"https:\/\/lespresdeugenie.com\/es\/wp-json\/wp\/v2\/product_tag?post=104037"}],"curies":[{"name":"wp","href":"https:\/\/api.w.org\/{rel}","templated":true}]}}