{"id":112573,"date":"2026-02-05T13:42:30","date_gmt":"2026-02-05T12:42:30","guid":{"rendered":"https:\/\/lespresdeugenie.com\/?post_type=product&#038;p=112573"},"modified":"2026-03-18T11:40:51","modified_gmt":"2026-03-18T10:40:51","slug":"escapada-calida-maison-rose-1-noche","status":"publish","type":"product","link":"https:\/\/lespresdeugenie.com\/es\/producto\/escapada-calida-maison-rose-1-noche\/","title":{"rendered":"Escapada C\u00e1lida en la Maison Rose \u2013 1 Noche"},"content":{"rendered":"<p>Nuestra \u201cEscapada C\u00e1lida\u201d, v\u00e1lida para dos personas, incluye:<\/p>\n<ul>\n<li>Una noche en la categor\u00eda de habitaci\u00f3n elegida en La Maison Rose*<br \/>\nSi la estancia se reserva en temporada baja o media, tendremos el placer de ofrecer un ascenso de categor\u00eda, sujeto a disponibilidad.<\/li>\n<li>Un c\u00f3ctel por persona en el Bar de los Pr\u00e9s d\u2019Eug\u00e9nie<\/li>\n<li>Desayuno campestre tipo buf\u00e9 en La Maison Rose<\/li>\n<li>Acceso a la piscina climatizada de La Maison Rose<\/li>\n<\/ul>\n<p><strong>Experiencia opcional<\/strong><\/p>\n<p>Cena \u201cTerroir Sublime\u201d en nuestro restaurante L\u2019Orangerie*<\/p>\n<p>Men\u00fa en tres actos<br \/>\n(un entrante, un plato principal y un postre)<br \/>\nAcompa\u00f1ado por los vinos del Ch\u00e2teau de Bachen, agua mineral y cafe<\/p>\n<h3>C\u00f3mo utilizar este bono y otra informaci\u00f3n \u00fatil<\/h3>\n<hr \/>\n<p>Nuestros Bonos Regalo son v\u00e1lidos durante 12 meses a partir de la fecha de emisi\u00f3n, salvo los d\u00edas 24\/12 y 31\/12, y seg\u00fan disponibilidad.<\/p>\n<p>Los impuestos locales no est\u00e1n incluidos y deber\u00e1n abonarse en Recepci\u00f3n al momento de la salida.<\/p>\n<p>Reserva previa obligatoria: p\u00f3ngase en contacto con nuestro Equipo de Reservas por tel\u00e9fono (+33 (0)5 58 05 06 07) o por <a href=\"mailto:reservation@lespresdeugenie.com\">email<\/a>.<\/p>\n<p>Debido al \u00e9xito de nuestra Casa, le recomendamos realizar su reserva con varias semanas de antelaci\u00f3n a la fecha deseada.<\/p>\n<p>Este Bono Regalo contiene un c\u00f3digo de referencia \u00fanico, es de uso \u00fanico, no puede canjearse por dinero en efectivo, ni reemplazarse en caso de p\u00e9rdida, y no es transferible ni reembolsable.<\/p>\n<p>El bono deber\u00e1 presentarse a la llegada para disfrutar de la experiencia. Los bonos no son prorrogables.<br \/>\nLa cancelaci\u00f3n de una reserva con menos de dos semanas de antelaci\u00f3n anular\u00e1 el bono autom\u00e1ticamente.<\/p>\n","protected":false},"excerpt":{"rendered":"<ul>\n<li><strong>Una noche en La Maison Rose***<\/strong><\/li>\n<li>Desayunos<\/li>\n<li>Un c\u00f3ctel en el Bar de los Pr\u00e9s d\u2019Eug\u00e9nie<\/li>\n<li><strong>para 2 hu\u00e9spedes<\/strong><\/li>\n<li>Opcional: cena en L\u2019Orangerie, vinos, agua mineral y cafe<\/li>\n<\/ul>\n","protected":false},"featured_media":112612,"template":"","meta":{"_acf_changed":false},"product_brand":[],"product_cat":[434,435],"product_tag":[],"class_list":{"0":"post-112573","1":"product","2":"type-product","3":"status-publish","4":"has-post-thumbnail","6":"product_cat-bons-cadeaux-es","7":"product_cat-les-sejours-a-eugenie-es","9":"first","10":"instock","11":"shipping-taxable","12":"purchasable","13":"product-type-variable","14":"has-default-attributes","15":"add-to-wishlist-before_image"},"acf":[],"yoast_head":"<!-- This site is optimized with the Yoast SEO plugin v26.7 - https:\/\/yoast.com\/wordpress\/plugins\/seo\/ -->\n<title>Escapada C\u00e1lida en la Maison Rose \u2013 1 Noche - Les Pr\u00e9s d&#039;Eug\u00e9nie - Maison Gu\u00e9rard<\/title>\n<meta name=\"description\" content=\"Una noche en La Maison Rose***  Desayunos  Un c\u00f3ctel en el Bar de los Pr\u00e9s d\u2019Eug\u00e9nie  para 2 hu\u00e9spedes  Opcional: cena en L\u2019Orangerie, vinos, agua mineral y cafe\" \/>\n<meta name=\"robots\" content=\"index, follow, max-snippet:-1, max-image-preview:large, max-video-preview:-1\" \/>\n<link rel=\"canonical\" href=\"https:\/\/lespresdeugenie.com\/es\/producto\/escapada-calida-maison-rose-1-noche\/\" \/>\n<meta property=\"og:locale\" content=\"es_ES\" \/>\n<meta property=\"og:type\" content=\"article\" \/>\n<meta property=\"og:title\" content=\"Escapada C\u00e1lida en la Maison Rose \u2013 1 Noche - Les Pr\u00e9s d&#039;Eug\u00e9nie - Maison Gu\u00e9rard\" \/>\n<meta property=\"og:description\" content=\"Una noche en La Maison Rose***  Desayunos  Un c\u00f3ctel en el Bar de los Pr\u00e9s d\u2019Eug\u00e9nie  para 2 hu\u00e9spedes  Opcional: cena en L\u2019Orangerie, vinos, agua mineral y cafe\" \/>\n<meta property=\"og:url\" content=\"https:\/\/lespresdeugenie.com\/es\/producto\/escapada-calida-maison-rose-1-noche\/\" \/>\n<meta property=\"og:site_name\" content=\"Les Pr\u00e9s d&#039;Eug\u00e9nie\" \/>\n<meta property=\"article:publisher\" content=\"https:\/\/www.facebook.com\/LesPresdEugenie\/\" \/>\n<meta property=\"article:modified_time\" content=\"2026-03-18T10:40:51+00:00\" \/>\n<meta property=\"og:image\" content=\"https:\/\/lespresdeugenie.com\/wp-content\/uploads\/2026\/02\/Vignette_Fugue-Cosy_MRO.jpg\" \/>\n\t<meta property=\"og:image:width\" content=\"600\" \/>\n\t<meta property=\"og:image:height\" content=\"600\" \/>\n\t<meta property=\"og:image:type\" content=\"image\/jpeg\" \/>\n<meta name=\"twitter:card\" content=\"summary_large_image\" \/>\n<meta name=\"twitter:label1\" content=\"Tiempo de lectura\" \/>\n\t<meta name=\"twitter:data1\" content=\"2 minutos\" \/>\n<script type=\"application\/ld+json\" class=\"yoast-schema-graph\">{\"@context\":\"https:\/\/schema.org\",\"@graph\":[{\"@type\":\"WebPage\",\"@id\":\"https:\/\/lespresdeugenie.com\/es\/producto\/escapada-calida-maison-rose-1-noche\/\",\"url\":\"https:\/\/lespresdeugenie.com\/es\/producto\/escapada-calida-maison-rose-1-noche\/\",\"name\":\"Escapada C\u00e1lida en la Maison Rose \u2013 1 Noche - Les Pr\u00e9s d&#039;Eug\u00e9nie - Maison Gu\u00e9rard\",\"isPartOf\":{\"@id\":\"https:\/\/lespresdeugenie.com\/#website\"},\"primaryImageOfPage\":{\"@id\":\"https:\/\/lespresdeugenie.com\/es\/producto\/escapada-calida-maison-rose-1-noche\/#primaryimage\"},\"image\":{\"@id\":\"https:\/\/lespresdeugenie.com\/es\/producto\/escapada-calida-maison-rose-1-noche\/#primaryimage\"},\"thumbnailUrl\":\"https:\/\/lespresdeugenie.com\/wp-content\/uploads\/2026\/02\/Vignette_Fugue-Cosy_MRO.jpg\",\"datePublished\":\"2026-02-05T12:42:30+00:00\",\"dateModified\":\"2026-03-18T10:40:51+00:00\",\"description\":\"Una noche en La Maison Rose*** Desayunos Un c\u00f3ctel en el Bar de los Pr\u00e9s d\u2019Eug\u00e9nie para 2 hu\u00e9spedes Opcional: cena en L\u2019Orangerie, vinos, agua mineral y cafe\",\"breadcrumb\":{\"@id\":\"https:\/\/lespresdeugenie.com\/es\/producto\/escapada-calida-maison-rose-1-noche\/#breadcrumb\"},\"inLanguage\":\"es\",\"potentialAction\":[{\"@type\":\"ReadAction\",\"target\":[\"https:\/\/lespresdeugenie.com\/es\/producto\/escapada-calida-maison-rose-1-noche\/\"]}]},{\"@type\":\"ImageObject\",\"inLanguage\":\"es\",\"@id\":\"https:\/\/lespresdeugenie.com\/es\/producto\/escapada-calida-maison-rose-1-noche\/#primaryimage\",\"url\":\"https:\/\/lespresdeugenie.com\/wp-content\/uploads\/2026\/02\/Vignette_Fugue-Cosy_MRO.jpg\",\"contentUrl\":\"https:\/\/lespresdeugenie.com\/wp-content\/uploads\/2026\/02\/Vignette_Fugue-Cosy_MRO.jpg\",\"width\":600,\"height\":600},{\"@type\":\"BreadcrumbList\",\"@id\":\"https:\/\/lespresdeugenie.com\/es\/producto\/escapada-calida-maison-rose-1-noche\/#breadcrumb\",\"itemListElement\":[{\"@type\":\"ListItem\",\"position\":1,\"name\":\"Inicio\",\"item\":\"https:\/\/lespresdeugenie.com\/es\/\"},{\"@type\":\"ListItem\",\"position\":2,\"name\":\"Bons cadeaux\",\"item\":\"https:\/\/lespresdeugenie.com\/bons-cadeaux\/\"},{\"@type\":\"ListItem\",\"position\":3,\"name\":\"Escapada C\u00e1lida en la Maison Rose \u2013 1 Noche\"}]},{\"@type\":\"WebSite\",\"@id\":\"https:\/\/lespresdeugenie.com\/#website\",\"url\":\"https:\/\/lespresdeugenie.com\/\",\"name\":\"Les Pr\u00e9s d'Eugenie - Maison Gu\u00e9rard\",\"description\":\"Maison Gu\u00e9rard\",\"publisher\":{\"@id\":\"https:\/\/lespresdeugenie.com\/#organization\"},\"alternateName\":\"LPDE\",\"potentialAction\":[{\"@type\":\"SearchAction\",\"target\":{\"@type\":\"EntryPoint\",\"urlTemplate\":\"https:\/\/lespresdeugenie.com\/?s={search_term_string}\"},\"query-input\":{\"@type\":\"PropertyValueSpecification\",\"valueRequired\":true,\"valueName\":\"search_term_string\"}}],\"inLanguage\":\"es\"},{\"@type\":\"Organization\",\"@id\":\"https:\/\/lespresdeugenie.com\/#organization\",\"name\":\"Les Pr\u00e9s d'Eugenie - Maison Gu\u00e9rard\",\"url\":\"https:\/\/lespresdeugenie.com\/\",\"logo\":{\"@type\":\"ImageObject\",\"inLanguage\":\"es\",\"@id\":\"https:\/\/lespresdeugenie.com\/#\/schema\/logo\/image\/\",\"url\":\"https:\/\/lespresdeugenie.com\/wp-content\/uploads\/2022\/12\/les-pres-eugenie-logo-1.png\",\"contentUrl\":\"https:\/\/lespresdeugenie.com\/wp-content\/uploads\/2022\/12\/les-pres-eugenie-logo-1.png\",\"width\":269,\"height\":60,\"caption\":\"Les Pr\u00e9s d'Eugenie - Maison Gu\u00e9rard\"},\"image\":{\"@id\":\"https:\/\/lespresdeugenie.com\/#\/schema\/logo\/image\/\"},\"sameAs\":[\"https:\/\/www.facebook.com\/LesPresdEugenie\/\",\"https:\/\/www.instagram.com\/maisons_guerard\/?hl=fr\",\"https:\/\/fr.linkedin.com\/company\/les-pres-d'eugenie\"]}]}<\/script>\n<!-- \/ Yoast SEO plugin. -->","yoast_head_json":{"title":"Escapada C\u00e1lida en la Maison Rose \u2013 1 Noche - Les Pr\u00e9s d&#039;Eug\u00e9nie - Maison Gu\u00e9rard","description":"Una noche en La Maison Rose***  Desayunos  Un c\u00f3ctel en el Bar de los Pr\u00e9s d\u2019Eug\u00e9nie  para 2 hu\u00e9spedes  Opcional: cena en L\u2019Orangerie, vinos, agua mineral y cafe","robots":{"index":"index","follow":"follow","max-snippet":"max-snippet:-1","max-image-preview":"max-image-preview:large","max-video-preview":"max-video-preview:-1"},"canonical":"https:\/\/lespresdeugenie.com\/es\/producto\/escapada-calida-maison-rose-1-noche\/","og_locale":"es_ES","og_type":"article","og_title":"Escapada C\u00e1lida en la Maison Rose \u2013 1 Noche - Les Pr\u00e9s d&#039;Eug\u00e9nie - Maison Gu\u00e9rard","og_description":"Una noche en La Maison Rose***  Desayunos  Un c\u00f3ctel en el Bar de los Pr\u00e9s d\u2019Eug\u00e9nie  para 2 hu\u00e9spedes  Opcional: cena en L\u2019Orangerie, vinos, agua mineral y cafe","og_url":"https:\/\/lespresdeugenie.com\/es\/producto\/escapada-calida-maison-rose-1-noche\/","og_site_name":"Les Pr\u00e9s d&#039;Eug\u00e9nie","article_publisher":"https:\/\/www.facebook.com\/LesPresdEugenie\/","article_modified_time":"2026-03-18T10:40:51+00:00","og_image":[{"width":600,"height":600,"url":"https:\/\/lespresdeugenie.com\/wp-content\/uploads\/2026\/02\/Vignette_Fugue-Cosy_MRO.jpg","type":"image\/jpeg"}],"twitter_card":"summary_large_image","twitter_misc":{"Tiempo de lectura":"2 minutos"},"schema":{"@context":"https:\/\/schema.org","@graph":[{"@type":"WebPage","@id":"https:\/\/lespresdeugenie.com\/es\/producto\/escapada-calida-maison-rose-1-noche\/","url":"https:\/\/lespresdeugenie.com\/es\/producto\/escapada-calida-maison-rose-1-noche\/","name":"Escapada C\u00e1lida en la Maison Rose \u2013 1 Noche - Les Pr\u00e9s d&#039;Eug\u00e9nie - Maison Gu\u00e9rard","isPartOf":{"@id":"https:\/\/lespresdeugenie.com\/#website"},"primaryImageOfPage":{"@id":"https:\/\/lespresdeugenie.com\/es\/producto\/escapada-calida-maison-rose-1-noche\/#primaryimage"},"image":{"@id":"https:\/\/lespresdeugenie.com\/es\/producto\/escapada-calida-maison-rose-1-noche\/#primaryimage"},"thumbnailUrl":"https:\/\/lespresdeugenie.com\/wp-content\/uploads\/2026\/02\/Vignette_Fugue-Cosy_MRO.jpg","datePublished":"2026-02-05T12:42:30+00:00","dateModified":"2026-03-18T10:40:51+00:00","description":"Una noche en La Maison Rose*** Desayunos Un c\u00f3ctel en el Bar de los Pr\u00e9s d\u2019Eug\u00e9nie para 2 hu\u00e9spedes Opcional: cena en L\u2019Orangerie, vinos, agua mineral y cafe","breadcrumb":{"@id":"https:\/\/lespresdeugenie.com\/es\/producto\/escapada-calida-maison-rose-1-noche\/#breadcrumb"},"inLanguage":"es","potentialAction":[{"@type":"ReadAction","target":["https:\/\/lespresdeugenie.com\/es\/producto\/escapada-calida-maison-rose-1-noche\/"]}]},{"@type":"ImageObject","inLanguage":"es","@id":"https:\/\/lespresdeugenie.com\/es\/producto\/escapada-calida-maison-rose-1-noche\/#primaryimage","url":"https:\/\/lespresdeugenie.com\/wp-content\/uploads\/2026\/02\/Vignette_Fugue-Cosy_MRO.jpg","contentUrl":"https:\/\/lespresdeugenie.com\/wp-content\/uploads\/2026\/02\/Vignette_Fugue-Cosy_MRO.jpg","width":600,"height":600},{"@type":"BreadcrumbList","@id":"https:\/\/lespresdeugenie.com\/es\/producto\/escapada-calida-maison-rose-1-noche\/#breadcrumb","itemListElement":[{"@type":"ListItem","position":1,"name":"Inicio","item":"https:\/\/lespresdeugenie.com\/es\/"},{"@type":"ListItem","position":2,"name":"Bons cadeaux","item":"https:\/\/lespresdeugenie.com\/bons-cadeaux\/"},{"@type":"ListItem","position":3,"name":"Escapada C\u00e1lida en la Maison Rose \u2013 1 Noche"}]},{"@type":"WebSite","@id":"https:\/\/lespresdeugenie.com\/#website","url":"https:\/\/lespresdeugenie.com\/","name":"Les Pr\u00e9s d'Eugenie - Maison Gu\u00e9rard","description":"Maison Gu\u00e9rard","publisher":{"@id":"https:\/\/lespresdeugenie.com\/#organization"},"alternateName":"LPDE","potentialAction":[{"@type":"SearchAction","target":{"@type":"EntryPoint","urlTemplate":"https:\/\/lespresdeugenie.com\/?s={search_term_string}"},"query-input":{"@type":"PropertyValueSpecification","valueRequired":true,"valueName":"search_term_string"}}],"inLanguage":"es"},{"@type":"Organization","@id":"https:\/\/lespresdeugenie.com\/#organization","name":"Les Pr\u00e9s d'Eugenie - Maison Gu\u00e9rard","url":"https:\/\/lespresdeugenie.com\/","logo":{"@type":"ImageObject","inLanguage":"es","@id":"https:\/\/lespresdeugenie.com\/#\/schema\/logo\/image\/","url":"https:\/\/lespresdeugenie.com\/wp-content\/uploads\/2022\/12\/les-pres-eugenie-logo-1.png","contentUrl":"https:\/\/lespresdeugenie.com\/wp-content\/uploads\/2022\/12\/les-pres-eugenie-logo-1.png","width":269,"height":60,"caption":"Les Pr\u00e9s d'Eugenie - Maison Gu\u00e9rard"},"image":{"@id":"https:\/\/lespresdeugenie.com\/#\/schema\/logo\/image\/"},"sameAs":["https:\/\/www.facebook.com\/LesPresdEugenie\/","https:\/\/www.instagram.com\/maisons_guerard\/?hl=fr","https:\/\/fr.linkedin.com\/company\/les-pres-d'eugenie"]}]}},"_links":{"self":[{"href":"https:\/\/lespresdeugenie.com\/es\/wp-json\/wp\/v2\/product\/112573","targetHints":{"allow":["GET"]}}],"collection":[{"href":"https:\/\/lespresdeugenie.com\/es\/wp-json\/wp\/v2\/product"}],"about":[{"href":"https:\/\/lespresdeugenie.com\/es\/wp-json\/wp\/v2\/types\/product"}],"wp:featuredmedia":[{"embeddable":true,"href":"https:\/\/lespresdeugenie.com\/es\/wp-json\/wp\/v2\/media\/112612"}],"wp:attachment":[{"href":"https:\/\/lespresdeugenie.com\/es\/wp-json\/wp\/v2\/media?parent=112573"}],"wp:term":[{"taxonomy":"product_brand","embeddable":true,"href":"https:\/\/lespresdeugenie.com\/es\/wp-json\/wp\/v2\/product_brand?post=112573"},{"taxonomy":"product_cat","embeddable":true,"href":"https:\/\/lespresdeugenie.com\/es\/wp-json\/wp\/v2\/product_cat?post=112573"},{"taxonomy":"product_tag","embeddable":true,"href":"https:\/\/lespresdeugenie.com\/es\/wp-json\/wp\/v2\/product_tag?post=112573"}],"curies":[{"name":"wp","href":"https:\/\/api.w.org\/{rel}","templated":true}]}}